{"id":68939,"date":"2023-04-21T16:02:19","date_gmt":"2023-04-21T16:02:19","guid":{"rendered":"https:\/\/www.accuratereviews.com\/?page_id=68939"},"modified":"2023-05-03T09:46:12","modified_gmt":"2023-05-03T09:46:12","slug":"tops-one-recensione","status":"publish","type":"page","link":"https:\/\/www.accuratereviews.com\/it\/gestionale-per-associazioni\/tops-one-recensione\/","title":{"rendered":"TOPS [ONE]"},"content":{"rendered":"<p><strong>TOPS [ONE]<\/strong> \u00e8 una <strong>piattaforma di gestione di associazioni<\/strong>\u00a0completamente basata sul web per societ\u00e0 di gestione e comunit\u00e0 autogestite, che aiuta a unificare i team di contabilit\u00e0 e gestione, supportandoli in ogni aspetto dell&#8217;organizzazione dei suoi utenti. \u00a0La piattaforma consente agli utenti di gestire e monitorare l&#8217;intero portafoglio in una sola volta, con informazioni dettagliate su tutti i dati finanziari, i biglietti, i proprietari e le propriet\u00e0. Gli utenti possono accedere a tutti i contatti relativi a una propriet\u00e0 (come proprietari, affittuari e sviluppatori) e visualizzare dettagli, cronologia e attivit\u00e0 su ciascun lotto\/unit\u00e0. La funzione &#8220;Master Bank&#8221; fornisce una panoramica globale di tutti i conti all&#8217;interno di un portafoglio su un&#8217;unica schermata e pu\u00f2 essere automatizzato per inviare rapporti programmati agli amministratori.<\/p>\n<h2>TOP [ONE] &#8211; TUTORIAL<\/h2>\n<div id=\"fluid-wrapper-counter-1\" class=\"g1-fluid-wrapper \" style=\"width:686px;\">\n<div style=\"padding-bottom:56.268221574344%;\"><iframe loading=\"lazy\" title=\"Tops One Property Manager Part 1: Basic Overview\" width=\"686\" height=\"386\" src=\"https:\/\/www.youtube.com\/embed\/KqRDaAh6TGs?feature=oembed&amp;wmode=transparent&amp;autohide=1&amp;autoplay=0&amp;disablekb=0&amp;fs=1&amp;loop=0&amp;enablejsapi=1&amp;rel=0&amp;controls=2&amp;showinfo=0&amp;wmode=transparent&amp;autohide=2&amp;autoplay=0&amp;disablekb=0&amp;fs=1&amp;loop=0&amp;enablejsapi=1&amp;rel=0&amp;controls=2&amp;showinfo=1\" frameborder=\"0\" allow=\"accelerometer; autoplay; clipboard-write; encrypted-media; gyroscope; picture-in-picture; web-share\" allowfullscreen><\/iframe><\/div>\n<\/div>\n<h3>TOP [ONE] &#8211; CARATTERISTICHE<\/h3>\n<ul>\n<li>Definisci flussi di lavoro specifici della comunit\u00e0 per elaborare in modo efficiente i crediti<\/li>\n<li>Addebito diretto ACH ricorrente completamente gratis<\/li>\n<li>Contabilit\u00e0 generale personalizzabile al 100%.<\/li>\n<li>Riduci notevolmente le telefonate con il portale self-service di Our Owner Access<\/li>\n<li>Esegui ispezioni da qualsiasi luogo, su qualsiasi dispositivo<\/li>\n<li>Archiviazione file online illimitata<\/li>\n<li>Consenti ai proprietari di gestire le proprie preferenze ed effettuare pagamenti online<\/li>\n<li>Condividi importanti documenti della comunit\u00e0 con i tuoi proprietari di casa<\/li>\n<li>Il portale pu\u00f2 essere tematizzato per riflettere il marchio della tua organizzazione<\/li>\n<li>Pacchetti di report personalizzabili<\/li>\n<li>Email tracciabili (aperte, lette, bounce)<\/li>\n<li>Gestione dei modelli di comunicazione<\/li>\n<li>Dashboard dei membri del consiglio di amministrazione<\/li>\n<\/ul>\n<h4>LE RECENSIONI DEGLI UTENTI<\/h4>\n<p><strong>Jessica &#8220;Vale i soldi&#8221;<\/strong><br \/>\n<strong>Pro<\/strong>: Molte opzioni per i suoi utenti in modo da avere versatilit\u00e0<br \/>\n<strong>Contro<\/strong>: All&#8217;inizio pu\u00f2 creare un po&#8217; di confusione, quindi usa l&#8217;help desk<\/p>\n<p><strong>Wendy &#8220;TOPS [UNO] Panoramica&#8221;<\/strong><br \/>\n<strong>Commenti<\/strong>: Mi sto godendo la facilit\u00e0 e l&#8217;accessibilit\u00e0 offerte dal programma TOPS [ONE]. Rende il mio flusso di lavoro pi\u00f9 rapido.<br \/>\n<strong>Pro<\/strong>: Mi piace poter proteggere le informazioni di cui ho bisogno per elaborare i nostri file in diversi formati. Poich\u00e9 lavoriamo con un gestore di propriet\u00e0 per diverse comunit\u00e0 HOA, ho la possibilit\u00e0 di accedere a informazioni cruciali per il nostro trattamento legale per tutte le comunit\u00e0 in un unico programma. Sono stato in grado di navigare facilmente attraverso il sistema e le informazioni aggiornate sono disponibili quotidianamente per <strong>tutte<\/strong> le comunit\u00e0.<br \/>\nContro: Finora non ci sono stati aspetti negativi. Tendo a inserire troppe informazioni e sto imparando che il sistema \u00e8 in grado di fornire le informazioni che sto cercando con un solo criterio di ricerca. Mi stupisce quanto velocemente le informazioni ricercate siano a portata di mano.<\/p>\n<p><strong>marsha &#8220;Recensione di Tops&#8221;<\/strong><br \/>\n<strong>Pro<\/strong>: Il software \u00e8 facile da capire e da usare.<br \/>\n<strong>Contro<\/strong>: Non c&#8217;\u00e8 niente che non mi piace di Tops.<\/p>\n","protected":false},"excerpt":{"rendered":"<p>TOPS [ONE] \u00e8 una piattaforma di gestione di associazioni\u00a0completamente basata sul web per societ\u00e0 di gestione e comunit\u00e0 autogestite, che aiuta a unificare i team di contabilit\u00e0 e gestione, supportandoli in ogni aspetto dell&#8217;organizzazione dei suoi utenti. \u00a0La piattaforma consente agli utenti di gestire e monitorare l&#8217;intero portafoglio in una sola volta, con informazioni dettagliate su tutti i dati finanziari, i biglietti, i proprietari e le propriet\u00e0.<\/p>\n","protected":false},"author":19,"featured_media":68941,"parent":35837,"menu_order":0,"comment_status":"open","ping_status":"closed","template":"g1_template_page_review_new.php","meta":{"_acf_changed":false,"cwp_meta_box_check":"Yes","cwp_rev_product_name":"","cwp_rev_product_image":"","wppr_links":[],"cwp_rev_price":"0.00","wppr_options":[{"name":"Usability","value":"0"},{"name":"Speed","value":"0"},{"name":"Features","value":"0"},{"name":"Support","value":"0"},{"name":"Pricing","value":"0"}],"wppr_pros":["","","","",""],"wppr_cons":["","","","",""],"_monsterinsights_skip_tracking":false,"_monsterinsights_sitenote_active":false,"_monsterinsights_sitenote_note":"","_monsterinsights_sitenote_category":0,"footnotes":""},"categories":[1943],"tags":[4940,2008,1949,1947,1948,14258],"features":[],"class_list":{"0":"post-68939","1":"page","2":"type-page","3":"status-publish","4":"has-post-thumbnail","6":"category-gestionale-per-associazioni-categoria","7":"tag-gestionale-associazioni","8":"tag-piattaforma-gestionale-associazioni","9":"tag-programma-gestionale-associazioni","10":"tag-software-gestionale-associazioni","11":"tag-soluzione-gestionale-associazioni","12":"tag-tops-one"},"wppr_data":{"cwp_meta_box_check":"Yes","_wppr_review_template":"default","cwp_rev_product_image":"","cwp_image_link":"image","wppr_links":[],"cwp_rev_price":"0.00","wppr_pros":["","","","",""],"wppr_cons":["","","","",""],"wppr_rating":"0.00","wppr_options":{"1":{"name":"Usability","value":"0"},"2":{"name":"Speed","value":"0"},"3":{"name":"Features","value":"0"},"4":{"name":"Support","value":"0"},"5":{"name":"Pricing","value":"0"}},"wppr_review_type":"Product","wppr_review_custom_fields":{"additionalProperty":"","additionalType":"","aggregateRating":"","alternateName":"","audience":"","award":"","awards":"","brand":"","color":"","depth":"","description":"","disambiguatingDescription":"","gtin12":"","gtin13":"","gtin14":"","gtin8":"","height":"","identifier":"","image":"","isAccessoryOrSparePartFor":"","isConsumableFor":"","isRelatedTo":"","isSimilarTo":"","itemCondition":"","logo":"","mainEntityOfPage":"","manufacturer":"","material":"","model":"","mpn":"","name":"","offers":"","potentialAction":"","productID":"","productionDate":"","purchaseDate":"","releaseDate":"","review":"","reviews":"","sameAs":"","sku":"","slogan":"","subjectOf":"","url":"","weight":"","width":""}},"acf":[],"yoast_head":"<!-- This site is optimized with the Yoast SEO plugin v27.4 - https:\/\/yoast.com\/product\/yoast-seo-wordpress\/ -->\n<title>TOPS [ONE]: recensione gestionale associazioni Accurate Reviews<\/title>\n<meta name=\"description\" content=\"TOPS [ONE]: recensione piattaforma di gestione di associazioni\u00a0completamente basata sul web per societ\u00e0 di gestione e comunit\u00e0 autogestite.\" \/>\n<meta name=\"robots\" content=\"index, follow, max-snippet:-1, max-image-preview:large, max-video-preview:-1\" \/>\n<link rel=\"canonical\" href=\"https:\/\/www.accuratereviews.com\/it\/gestionale-per-associazioni\/tops-one-recensione\/\" \/>\n<meta property=\"og:locale\" content=\"it_IT\" \/>\n<meta property=\"og:type\" content=\"article\" \/>\n<meta property=\"og:title\" content=\"TOPS [ONE]: recensione gestionale associazioni Accurate Reviews\" \/>\n<meta property=\"og:description\" content=\"TOPS [ONE]: recensione piattaforma di gestione di associazioni\u00a0completamente basata sul web per societ\u00e0 di gestione e comunit\u00e0 autogestite.\" \/>\n<meta property=\"og:url\" content=\"https:\/\/www.accuratereviews.com\/it\/gestionale-per-associazioni\/tops-one-recensione\/\" \/>\n<meta property=\"og:site_name\" content=\"Accurate Reviews\" \/>\n<meta property=\"article:modified_time\" content=\"2023-05-03T09:46:12+00:00\" \/>\n<meta property=\"og:image\" content=\"https:\/\/www.accuratereviews.com\/wp-content\/uploads\/2023\/04\/tops-one.jpg\" \/>\n\t<meta property=\"og:image:width\" content=\"600\" \/>\n\t<meta property=\"og:image:height\" content=\"315\" \/>\n\t<meta property=\"og:image:type\" content=\"image\/jpeg\" \/>\n<meta name=\"twitter:card\" content=\"summary_large_image\" \/>\n<meta name=\"twitter:label1\" content=\"Tempo di lettura stimato\" \/>\n\t<meta name=\"twitter:data1\" content=\"3 minuti\" \/>\n<script type=\"application\/ld+json\" class=\"yoast-schema-graph\">{\"@context\":\"https:\\\/\\\/schema.org\",\"@graph\":[{\"@type\":\"WebPage\",\"@id\":\"https:\\\/\\\/www.accuratereviews.com\\\/it\\\/gestionale-per-associazioni\\\/tops-one-recensione\\\/\",\"url\":\"https:\\\/\\\/www.accuratereviews.com\\\/it\\\/gestionale-per-associazioni\\\/tops-one-recensione\\\/\",\"name\":\"TOPS [ONE]: recensione gestionale associazioni Accurate Reviews\",\"isPartOf\":{\"@id\":\"https:\\\/\\\/www.accuratereviews.com\\\/it\\\/#website\"},\"primaryImageOfPage\":{\"@id\":\"https:\\\/\\\/www.accuratereviews.com\\\/it\\\/gestionale-per-associazioni\\\/tops-one-recensione\\\/#primaryimage\"},\"image\":{\"@id\":\"https:\\\/\\\/www.accuratereviews.com\\\/it\\\/gestionale-per-associazioni\\\/tops-one-recensione\\\/#primaryimage\"},\"thumbnailUrl\":\"https:\\\/\\\/www.accuratereviews.com\\\/wp-content\\\/uploads\\\/2023\\\/04\\\/tops-one.jpg\",\"datePublished\":\"2023-04-21T16:02:19+00:00\",\"dateModified\":\"2023-05-03T09:46:12+00:00\",\"description\":\"TOPS [ONE]: recensione piattaforma di gestione di associazioni\u00a0completamente basata sul web per societ\u00e0 di gestione e comunit\u00e0 autogestite.\",\"breadcrumb\":{\"@id\":\"https:\\\/\\\/www.accuratereviews.com\\\/it\\\/gestionale-per-associazioni\\\/tops-one-recensione\\\/#breadcrumb\"},\"inLanguage\":\"it-IT\",\"potentialAction\":[{\"@type\":\"ReadAction\",\"target\":[\"https:\\\/\\\/www.accuratereviews.com\\\/it\\\/gestionale-per-associazioni\\\/tops-one-recensione\\\/\"]}]},{\"@type\":\"ImageObject\",\"inLanguage\":\"it-IT\",\"@id\":\"https:\\\/\\\/www.accuratereviews.com\\\/it\\\/gestionale-per-associazioni\\\/tops-one-recensione\\\/#primaryimage\",\"url\":\"https:\\\/\\\/www.accuratereviews.com\\\/wp-content\\\/uploads\\\/2023\\\/04\\\/tops-one.jpg\",\"contentUrl\":\"https:\\\/\\\/www.accuratereviews.com\\\/wp-content\\\/uploads\\\/2023\\\/04\\\/tops-one.jpg\",\"width\":600,\"height\":315},{\"@type\":\"BreadcrumbList\",\"@id\":\"https:\\\/\\\/www.accuratereviews.com\\\/it\\\/gestionale-per-associazioni\\\/tops-one-recensione\\\/#breadcrumb\",\"itemListElement\":[{\"@type\":\"ListItem\",\"position\":1,\"name\":\"Home\",\"item\":\"https:\\\/\\\/www.accuratereviews.com\\\/it\\\/\"},{\"@type\":\"ListItem\",\"position\":2,\"name\":\"Gestionale per associazioni\",\"item\":\"https:\\\/\\\/www.accuratereviews.com\\\/it\\\/gestionale-per-associazioni\\\/\"},{\"@type\":\"ListItem\",\"position\":3,\"name\":\"TOPS [ONE]\"}]},{\"@type\":\"WebSite\",\"@id\":\"https:\\\/\\\/www.accuratereviews.com\\\/it\\\/#website\",\"url\":\"https:\\\/\\\/www.accuratereviews.com\\\/it\\\/\",\"name\":\"Accurate Reviews\",\"description\":\"\",\"potentialAction\":[{\"@type\":\"SearchAction\",\"target\":{\"@type\":\"EntryPoint\",\"urlTemplate\":\"https:\\\/\\\/www.accuratereviews.com\\\/it\\\/?s={search_term_string}\"},\"query-input\":{\"@type\":\"PropertyValueSpecification\",\"valueRequired\":true,\"valueName\":\"search_term_string\"}}],\"inLanguage\":\"it-IT\"}]}<\/script>\n<!-- \/ Yoast SEO plugin. -->","yoast_head_json":{"title":"TOPS [ONE]: recensione gestionale associazioni Accurate Reviews","description":"TOPS [ONE]: recensione piattaforma di gestione di associazioni\u00a0completamente basata sul web per societ\u00e0 di gestione e comunit\u00e0 autogestite.","robots":{"index":"index","follow":"follow","max-snippet":"max-snippet:-1","max-image-preview":"max-image-preview:large","max-video-preview":"max-video-preview:-1"},"canonical":"https:\/\/www.accuratereviews.com\/it\/gestionale-per-associazioni\/tops-one-recensione\/","og_locale":"it_IT","og_type":"article","og_title":"TOPS [ONE]: recensione gestionale associazioni Accurate Reviews","og_description":"TOPS [ONE]: recensione piattaforma di gestione di associazioni\u00a0completamente basata sul web per societ\u00e0 di gestione e comunit\u00e0 autogestite.","og_url":"https:\/\/www.accuratereviews.com\/it\/gestionale-per-associazioni\/tops-one-recensione\/","og_site_name":"Accurate Reviews","article_modified_time":"2023-05-03T09:46:12+00:00","og_image":[{"width":600,"height":315,"url":"https:\/\/www.accuratereviews.com\/wp-content\/uploads\/2023\/04\/tops-one.jpg","type":"image\/jpeg"}],"twitter_card":"summary_large_image","twitter_misc":{"Tempo di lettura stimato":"3 minuti"},"schema":{"@context":"https:\/\/schema.org","@graph":[{"@type":"WebPage","@id":"https:\/\/www.accuratereviews.com\/it\/gestionale-per-associazioni\/tops-one-recensione\/","url":"https:\/\/www.accuratereviews.com\/it\/gestionale-per-associazioni\/tops-one-recensione\/","name":"TOPS [ONE]: recensione gestionale associazioni Accurate Reviews","isPartOf":{"@id":"https:\/\/www.accuratereviews.com\/it\/#website"},"primaryImageOfPage":{"@id":"https:\/\/www.accuratereviews.com\/it\/gestionale-per-associazioni\/tops-one-recensione\/#primaryimage"},"image":{"@id":"https:\/\/www.accuratereviews.com\/it\/gestionale-per-associazioni\/tops-one-recensione\/#primaryimage"},"thumbnailUrl":"https:\/\/www.accuratereviews.com\/wp-content\/uploads\/2023\/04\/tops-one.jpg","datePublished":"2023-04-21T16:02:19+00:00","dateModified":"2023-05-03T09:46:12+00:00","description":"TOPS [ONE]: recensione piattaforma di gestione di associazioni\u00a0completamente basata sul web per societ\u00e0 di gestione e comunit\u00e0 autogestite.","breadcrumb":{"@id":"https:\/\/www.accuratereviews.com\/it\/gestionale-per-associazioni\/tops-one-recensione\/#breadcrumb"},"inLanguage":"it-IT","potentialAction":[{"@type":"ReadAction","target":["https:\/\/www.accuratereviews.com\/it\/gestionale-per-associazioni\/tops-one-recensione\/"]}]},{"@type":"ImageObject","inLanguage":"it-IT","@id":"https:\/\/www.accuratereviews.com\/it\/gestionale-per-associazioni\/tops-one-recensione\/#primaryimage","url":"https:\/\/www.accuratereviews.com\/wp-content\/uploads\/2023\/04\/tops-one.jpg","contentUrl":"https:\/\/www.accuratereviews.com\/wp-content\/uploads\/2023\/04\/tops-one.jpg","width":600,"height":315},{"@type":"BreadcrumbList","@id":"https:\/\/www.accuratereviews.com\/it\/gestionale-per-associazioni\/tops-one-recensione\/#breadcrumb","itemListElement":[{"@type":"ListItem","position":1,"name":"Home","item":"https:\/\/www.accuratereviews.com\/it\/"},{"@type":"ListItem","position":2,"name":"Gestionale per associazioni","item":"https:\/\/www.accuratereviews.com\/it\/gestionale-per-associazioni\/"},{"@type":"ListItem","position":3,"name":"TOPS [ONE]"}]},{"@type":"WebSite","@id":"https:\/\/www.accuratereviews.com\/it\/#website","url":"https:\/\/www.accuratereviews.com\/it\/","name":"Accurate Reviews","description":"","potentialAction":[{"@type":"SearchAction","target":{"@type":"EntryPoint","urlTemplate":"https:\/\/www.accuratereviews.com\/it\/?s={search_term_string}"},"query-input":{"@type":"PropertyValueSpecification","valueRequired":true,"valueName":"search_term_string"}}],"inLanguage":"it-IT"}]}},"_links":{"self":[{"href":"https:\/\/www.accuratereviews.com\/it\/wp-json\/wp\/v2\/pages\/68939","targetHints":{"allow":["GET"]}}],"collection":[{"href":"https:\/\/www.accuratereviews.com\/it\/wp-json\/wp\/v2\/pages"}],"about":[{"href":"https:\/\/www.accuratereviews.com\/it\/wp-json\/wp\/v2\/types\/page"}],"author":[{"embeddable":true,"href":"https:\/\/www.accuratereviews.com\/it\/wp-json\/wp\/v2\/users\/19"}],"replies":[{"embeddable":true,"href":"https:\/\/www.accuratereviews.com\/it\/wp-json\/wp\/v2\/comments?post=68939"}],"version-history":[{"count":10,"href":"https:\/\/www.accuratereviews.com\/it\/wp-json\/wp\/v2\/pages\/68939\/revisions"}],"predecessor-version":[{"id":69136,"href":"https:\/\/www.accuratereviews.com\/it\/wp-json\/wp\/v2\/pages\/68939\/revisions\/69136"}],"up":[{"embeddable":true,"href":"https:\/\/www.accuratereviews.com\/it\/wp-json\/wp\/v2\/pages\/35837"}],"wp:featuredmedia":[{"embeddable":true,"href":"https:\/\/www.accuratereviews.com\/it\/wp-json\/wp\/v2\/media\/68941"}],"wp:attachment":[{"href":"https:\/\/www.accuratereviews.com\/it\/wp-json\/wp\/v2\/media?parent=68939"}],"wp:term":[{"taxonomy":"category","embeddable":true,"href":"https:\/\/www.accuratereviews.com\/it\/wp-json\/wp\/v2\/categories?post=68939"},{"taxonomy":"post_tag","embeddable":true,"href":"https:\/\/www.accuratereviews.com\/it\/wp-json\/wp\/v2\/tags?post=68939"},{"taxonomy":"features","embeddable":true,"href":"https:\/\/www.accuratereviews.com\/it\/wp-json\/wp\/v2\/features?post=68939"}],"curies":[{"name":"wp","href":"https:\/\/api.w.org\/{rel}","templated":true}]}}