{"id":68961,"date":"2023-04-26T14:40:22","date_gmt":"2023-04-26T14:40:22","guid":{"rendered":"https:\/\/www.accuratereviews.com\/?page_id=68961"},"modified":"2023-04-26T14:40:22","modified_gmt":"2023-04-26T14:40:22","slug":"higher-logic-thrive-recensione","status":"publish","type":"page","link":"https:\/\/www.accuratereviews.com\/it\/gestionale-per-associazioni\/higher-logic-thrive-recensione\/","title":{"rendered":"Higher Logic Thrive"},"content":{"rendered":"<p><strong>Higher Logic Thrive Platform<\/strong> \u00e8 una <strong>soluzione gestionale per le associazioni<\/strong> che possiedono una comunit\u00e0 dinamica, potenti processi di marketing e capacit\u00e0 di gestione dei membri, tutti fusi insieme. Semplifica i flussi di lavoro del personale con un&#8217;unica soluzione integrata per trovare, coinvolgere, rinnovare e comunicare con i membri. Fornisci un&#8217;esperienza personalizzata, aumenta il loro investimento con te e rafforza la fidelizzazione dei membri, il tutto apprendendo dalla loro attivit\u00e0 nella community.<br \/>\n<strong>Higher Logic Thrive Marketing<\/strong> alimenta email una tantum e campagne email completamente automatizzate con il software di marketing di facile utilizzo, creato per aiutarti a raggiungere i tuoi obiettivi. Invia comunicazioni personalizzate, scalabili e mirate che raggiungano il tuo pubblico con il messaggio giusto al momento giusto.<\/p>\n<h2>HIGHER LOGIC THRIVE PLATFORM &#8211; TUTORIAL<\/h2>\n<div id=\"fluid-wrapper-counter-1\" class=\"g1-fluid-wrapper \" style=\"width:686px;\">\n<div style=\"padding-bottom:56.268221574344%;\"><iframe loading=\"lazy\" title=\"Higher Logic Thrive Platform Product Overview\" width=\"686\" height=\"386\" src=\"https:\/\/www.youtube.com\/embed\/J3cGmuxFQLE?feature=oembed&amp;wmode=transparent&amp;autohide=1&amp;autoplay=0&amp;disablekb=0&amp;fs=1&amp;loop=0&amp;enablejsapi=1&amp;rel=0&amp;controls=2&amp;showinfo=0&amp;wmode=transparent&amp;autohide=2&amp;autoplay=0&amp;disablekb=0&amp;fs=1&amp;loop=0&amp;enablejsapi=1&amp;rel=0&amp;controls=2&amp;showinfo=1\" frameborder=\"0\" allow=\"accelerometer; autoplay; clipboard-write; encrypted-media; gyroscope; picture-in-picture; web-share\" allowfullscreen><\/iframe><\/div>\n<\/div>\n<h3>HIGHER LOGIC THRIVE PLATFORM &#8211; CARATTERISTICHE<\/h3>\n<ul>\n<li><strong>Progettato pensando a te<\/strong>: \u00e8 stata creata per le associazioni, costruita su anni di esperienza, ricerca e feedback con soluzioni alle tue sfide integrate.<\/li>\n<li><strong>Dati dei membri semplificati<\/strong>: unisci l&#8217;esperienza completa dei membri, sia che tu stia cercando potenziali clienti, gestendo rinnovi o aumentando le entrate non dovute.<\/li>\n<li><strong>Nessun complicato lavoro di avviamento<\/strong>: comunit\u00e0 predefinite e campagne email, create tenendo conto delle tue esigenze, ti consentono di essere operativo in un batter d&#8217;occhio.<\/li>\n<li><strong>Risposte a portata di mano<\/strong>: metti in contatto i membri con colleghi fidati che hanno le risposte giuste.<\/li>\n<li><strong>Falli tornare<\/strong>: discussioni, domande e risposte, eventi e strumenti di coinvolgimento come l&#8217;automazione e un&#8217;app mobile: questo \u00e8 tutto ci\u00f2 di cui hai bisogno per riportare i membri ovunque si trovino.<\/li>\n<li><strong>Capirli meglio<\/strong>: tieni traccia delle tendenze delle attivit\u00e0, degli argomenti di discussione e delle ricerche nella community per ottenere informazioni pi\u00f9 approfondite su ci\u00f2 di cui hanno bisogno i tuoi membri.<\/li>\n<li><strong>Scala man mano che cresci<\/strong>: fai crescere le offerte della tua community con funzionalit\u00e0 aggiuntive come l&#8217;apprendimento e il mentoring utilizzando i pacchetti di espansione e integrazioni di terze parti.<\/li>\n<li><strong>Comprendi i loro interessi<\/strong>: le pagine di destinazione raccolgono lead, mostrano i tuoi contenuti o ti aiutano a raccogliere informazioni su persone interessate a qualsiasi evento, programma o servizio offerto dalla tua associazione.<\/li>\n<li><strong>Perfeziona i tuoi programmi con i dati<\/strong>: ottieni informazioni dettagliate dal punteggio di coinvolgimento, dai rapporti e dal monitoraggio web in modo da poter perfezionare le tue offerte e dimostrare il ROI.<\/li>\n<\/ul>\n<h4>LE RECENSIONI DEGLI UTENTI<\/h4>\n<p><strong>Joshua &#8220;Higher Logic ci ha tenuti connessi&#8221;<\/strong><br \/>\n<strong>Pro<\/strong>: Higher Logic ha fornito la piattaforma perfetta per il nostro team di ricerca per rimanere in contatto. Lavorando su un progetto di antichi manoscritti che coinvolge studiosi di tutto il mondo che raramente si trovano nello stesso posto nello stesso momento, Higher Logic ha collegato la nostra base di membri tra loro in un modo che ha fatto avanzare la nostra ricerca e le nostre relazioni reciproche forte in tutto il nostro progetto. Ci\u00f2 era particolarmente vero con gli strumenti di supporto peer-to-peer che ci hanno permesso di rispettare le nostre scadenze di ricerca mentre utilizzavamo la tecnologia per mantenere il nostro team produttivo e responsabile.<br \/>\n<strong>Contro<\/strong>: L&#8217;utilizzo di qualsiasi piattaforma che unisca una comunit\u00e0 di ricerca richiede una leggera curva di apprendimento e Higher Logic non era diverso. Tuttavia, il software era molto facile da usare e intuitivo per la nostra comunit\u00e0 di ricerca.<\/p>\n<p><strong>Sarah &#8220;Grandi community, CMS cos\u00ec cos\u00ec&#8221;<\/strong><br \/>\n<strong>Commenti<\/strong>: Tutte le nostre community e directory sono ospitate su Higher Logic. Funziona senza problemi con il nostro sito web wordpress, cos\u00ec come la nostra integrazione con MemberClicks.<br \/>\n<strong>Pro<\/strong>: Higher Logic \u00e8 ottimo per comunit\u00e0 e directory. C&#8217;\u00e8 molta automazione che rende molto facile contattare i membri e tenere tutti aggiornati sulle cose. Le comunit\u00e0 rendono facile per i membri di tutto il mondo comunicare quotidianamente, condividendo le ultime informazioni, suggerimenti e trucchi.<br \/>\n<strong>Contro<\/strong>: La parte del sistema di gestione dei contenuti\/sito web non \u00e8 cos\u00ec potente o personalizzabile (senza una seria esperienza di HTML\/codifica) come altre piattaforme web l\u00e0 fuori.<\/p>\n<p><strong>Leslie &#8220;La community di Higher Logic \u00e8 ottima per le associazioni professionali&#8221;<\/strong><br \/>\n<strong>Commenti<\/strong>: \u00c8 stato fantastico. Nessuna lamentela importante: solo la nota sugli aggiornamenti non \u00e8 ovvia.<br \/>\n<strong>Pro<\/strong>: \u00c8 un social media per professionisti! Luogo ideale in cui i membri possono condividere la loro esperienza e porre domande in privato, in esclusiva per un pubblico di colleghi che comprendono i loro problemi e le loro preoccupazioni.<br \/>\n<strong>Contro<\/strong>: Gli aggiornamenti e come trarne vantaggio non sono sempre ovvi.<\/p>\n","protected":false},"excerpt":{"rendered":"<p>Higher Logic Thrive Platform \u00e8 una soluzione gestionale per le associazioni che possiedono una comunit\u00e0 dinamica, potenti processi di marketing e capacit\u00e0 di gestione dei membri, tutti fusi insieme. Semplifica i flussi di lavoro del personale con un&#8217;unica soluzione integrata per trovare, coinvolgere, rinnovare e comunicare con i membri.<\/p>\n","protected":false},"author":19,"featured_media":68962,"parent":35837,"menu_order":0,"comment_status":"open","ping_status":"closed","template":"g1_template_page_review_new.php","meta":{"_acf_changed":false,"cwp_meta_box_check":"Yes","cwp_rev_product_name":"","cwp_rev_product_image":"","wppr_links":[],"cwp_rev_price":"0.00","wppr_options":[{"name":"Usability","value":"0"},{"name":"Speed","value":"0"},{"name":"Features","value":"0"},{"name":"Support","value":"0"},{"name":"Pricing","value":"0"}],"wppr_pros":["","","","",""],"wppr_cons":["","","","",""],"_monsterinsights_skip_tracking":false,"_monsterinsights_sitenote_active":false,"_monsterinsights_sitenote_note":"","_monsterinsights_sitenote_category":0,"footnotes":""},"categories":[1943],"tags":[14260,14259,2008,1949,1947,1948],"features":[],"class_list":{"0":"post-68961","1":"page","2":"type-page","3":"status-publish","4":"has-post-thumbnail","6":"category-gestionale-per-associazioni-categoria","7":"tag-gestionale-per-associazioni","8":"tag-higher-logic-thrive","9":"tag-piattaforma-gestionale-associazioni","10":"tag-programma-gestionale-associazioni","11":"tag-software-gestionale-associazioni","12":"tag-soluzione-gestionale-associazioni"},"wppr_data":{"cwp_meta_box_check":"Yes","_wppr_review_template":"default","cwp_rev_product_image":"","cwp_image_link":"image","wppr_links":[],"cwp_rev_price":"0.00","wppr_pros":["","","","",""],"wppr_cons":["","","","",""],"wppr_rating":"0.00","wppr_options":{"1":{"name":"Usability","value":"0"},"2":{"name":"Speed","value":"0"},"3":{"name":"Features","value":"0"},"4":{"name":"Support","value":"0"},"5":{"name":"Pricing","value":"0"}},"wppr_review_type":"Product","wppr_review_custom_fields":{"additionalProperty":"","additionalType":"","aggregateRating":"","alternateName":"","audience":"","award":"","awards":"","brand":"","color":"","depth":"","description":"","disambiguatingDescription":"","gtin12":"","gtin13":"","gtin14":"","gtin8":"","height":"","identifier":"","image":"","isAccessoryOrSparePartFor":"","isConsumableFor":"","isRelatedTo":"","isSimilarTo":"","itemCondition":"","logo":"","mainEntityOfPage":"","manufacturer":"","material":"","model":"","mpn":"","name":"","offers":"","potentialAction":"","productID":"","productionDate":"","purchaseDate":"","releaseDate":"","review":"","reviews":"","sameAs":"","sku":"","slogan":"","subjectOf":"","url":"","weight":"","width":""}},"acf":[],"yoast_head":"<!-- This site is optimized with the Yoast SEO plugin v27.4 - https:\/\/yoast.com\/product\/yoast-seo-wordpress\/ -->\n<title>Higher Logic Thrive: recensione gestionale associazioni - AR<\/title>\n<meta name=\"description\" content=\"Higher Logic Thrive: recensione soluzione gestionale per le associazioni che hanno una comunit\u00e0 dinamica e potenti processi di marketing.\" \/>\n<meta name=\"robots\" content=\"index, follow, max-snippet:-1, max-image-preview:large, max-video-preview:-1\" \/>\n<link rel=\"canonical\" href=\"https:\/\/www.accuratereviews.com\/it\/gestionale-per-associazioni\/higher-logic-thrive-recensione\/\" \/>\n<meta property=\"og:locale\" content=\"it_IT\" \/>\n<meta property=\"og:type\" content=\"article\" \/>\n<meta property=\"og:title\" content=\"Higher Logic Thrive: recensione gestionale associazioni - AR\" \/>\n<meta property=\"og:description\" content=\"Higher Logic Thrive: recensione soluzione gestionale per le associazioni che hanno una comunit\u00e0 dinamica e potenti processi di marketing.\" \/>\n<meta property=\"og:url\" content=\"https:\/\/www.accuratereviews.com\/it\/gestionale-per-associazioni\/higher-logic-thrive-recensione\/\" \/>\n<meta property=\"og:site_name\" content=\"Accurate Reviews\" \/>\n<meta property=\"og:image\" content=\"https:\/\/www.accuratereviews.com\/wp-content\/uploads\/2023\/04\/higher-logic-thrive.png\" \/>\n\t<meta property=\"og:image:width\" content=\"600\" \/>\n\t<meta property=\"og:image:height\" content=\"315\" \/>\n\t<meta property=\"og:image:type\" content=\"image\/png\" \/>\n<meta name=\"twitter:card\" content=\"summary_large_image\" \/>\n<meta name=\"twitter:label1\" content=\"Tempo di lettura stimato\" \/>\n\t<meta name=\"twitter:data1\" content=\"4 minuti\" \/>\n<script type=\"application\/ld+json\" class=\"yoast-schema-graph\">{\"@context\":\"https:\\\/\\\/schema.org\",\"@graph\":[{\"@type\":\"WebPage\",\"@id\":\"https:\\\/\\\/www.accuratereviews.com\\\/it\\\/gestionale-per-associazioni\\\/higher-logic-thrive-recensione\\\/\",\"url\":\"https:\\\/\\\/www.accuratereviews.com\\\/it\\\/gestionale-per-associazioni\\\/higher-logic-thrive-recensione\\\/\",\"name\":\"Higher Logic Thrive: recensione gestionale associazioni - AR\",\"isPartOf\":{\"@id\":\"https:\\\/\\\/www.accuratereviews.com\\\/it\\\/#website\"},\"primaryImageOfPage\":{\"@id\":\"https:\\\/\\\/www.accuratereviews.com\\\/it\\\/gestionale-per-associazioni\\\/higher-logic-thrive-recensione\\\/#primaryimage\"},\"image\":{\"@id\":\"https:\\\/\\\/www.accuratereviews.com\\\/it\\\/gestionale-per-associazioni\\\/higher-logic-thrive-recensione\\\/#primaryimage\"},\"thumbnailUrl\":\"https:\\\/\\\/www.accuratereviews.com\\\/wp-content\\\/uploads\\\/2023\\\/04\\\/higher-logic-thrive.png\",\"datePublished\":\"2023-04-26T14:40:22+00:00\",\"description\":\"Higher Logic Thrive: recensione soluzione gestionale per le associazioni che hanno una comunit\u00e0 dinamica e potenti processi di marketing.\",\"breadcrumb\":{\"@id\":\"https:\\\/\\\/www.accuratereviews.com\\\/it\\\/gestionale-per-associazioni\\\/higher-logic-thrive-recensione\\\/#breadcrumb\"},\"inLanguage\":\"it-IT\",\"potentialAction\":[{\"@type\":\"ReadAction\",\"target\":[\"https:\\\/\\\/www.accuratereviews.com\\\/it\\\/gestionale-per-associazioni\\\/higher-logic-thrive-recensione\\\/\"]}]},{\"@type\":\"ImageObject\",\"inLanguage\":\"it-IT\",\"@id\":\"https:\\\/\\\/www.accuratereviews.com\\\/it\\\/gestionale-per-associazioni\\\/higher-logic-thrive-recensione\\\/#primaryimage\",\"url\":\"https:\\\/\\\/www.accuratereviews.com\\\/wp-content\\\/uploads\\\/2023\\\/04\\\/higher-logic-thrive.png\",\"contentUrl\":\"https:\\\/\\\/www.accuratereviews.com\\\/wp-content\\\/uploads\\\/2023\\\/04\\\/higher-logic-thrive.png\",\"width\":600,\"height\":315},{\"@type\":\"BreadcrumbList\",\"@id\":\"https:\\\/\\\/www.accuratereviews.com\\\/it\\\/gestionale-per-associazioni\\\/higher-logic-thrive-recensione\\\/#breadcrumb\",\"itemListElement\":[{\"@type\":\"ListItem\",\"position\":1,\"name\":\"Home\",\"item\":\"https:\\\/\\\/www.accuratereviews.com\\\/it\\\/\"},{\"@type\":\"ListItem\",\"position\":2,\"name\":\"Gestionale per associazioni\",\"item\":\"https:\\\/\\\/www.accuratereviews.com\\\/it\\\/gestionale-per-associazioni\\\/\"},{\"@type\":\"ListItem\",\"position\":3,\"name\":\"Higher Logic Thrive\"}]},{\"@type\":\"WebSite\",\"@id\":\"https:\\\/\\\/www.accuratereviews.com\\\/it\\\/#website\",\"url\":\"https:\\\/\\\/www.accuratereviews.com\\\/it\\\/\",\"name\":\"Accurate Reviews\",\"description\":\"\",\"potentialAction\":[{\"@type\":\"SearchAction\",\"target\":{\"@type\":\"EntryPoint\",\"urlTemplate\":\"https:\\\/\\\/www.accuratereviews.com\\\/it\\\/?s={search_term_string}\"},\"query-input\":{\"@type\":\"PropertyValueSpecification\",\"valueRequired\":true,\"valueName\":\"search_term_string\"}}],\"inLanguage\":\"it-IT\"}]}<\/script>\n<!-- \/ Yoast SEO plugin. -->","yoast_head_json":{"title":"Higher Logic Thrive: recensione gestionale associazioni - AR","description":"Higher Logic Thrive: recensione soluzione gestionale per le associazioni che hanno una comunit\u00e0 dinamica e potenti processi di marketing.","robots":{"index":"index","follow":"follow","max-snippet":"max-snippet:-1","max-image-preview":"max-image-preview:large","max-video-preview":"max-video-preview:-1"},"canonical":"https:\/\/www.accuratereviews.com\/it\/gestionale-per-associazioni\/higher-logic-thrive-recensione\/","og_locale":"it_IT","og_type":"article","og_title":"Higher Logic Thrive: recensione gestionale associazioni - AR","og_description":"Higher Logic Thrive: recensione soluzione gestionale per le associazioni che hanno una comunit\u00e0 dinamica e potenti processi di marketing.","og_url":"https:\/\/www.accuratereviews.com\/it\/gestionale-per-associazioni\/higher-logic-thrive-recensione\/","og_site_name":"Accurate Reviews","og_image":[{"width":600,"height":315,"url":"https:\/\/www.accuratereviews.com\/wp-content\/uploads\/2023\/04\/higher-logic-thrive.png","type":"image\/png"}],"twitter_card":"summary_large_image","twitter_misc":{"Tempo di lettura stimato":"4 minuti"},"schema":{"@context":"https:\/\/schema.org","@graph":[{"@type":"WebPage","@id":"https:\/\/www.accuratereviews.com\/it\/gestionale-per-associazioni\/higher-logic-thrive-recensione\/","url":"https:\/\/www.accuratereviews.com\/it\/gestionale-per-associazioni\/higher-logic-thrive-recensione\/","name":"Higher Logic Thrive: recensione gestionale associazioni - AR","isPartOf":{"@id":"https:\/\/www.accuratereviews.com\/it\/#website"},"primaryImageOfPage":{"@id":"https:\/\/www.accuratereviews.com\/it\/gestionale-per-associazioni\/higher-logic-thrive-recensione\/#primaryimage"},"image":{"@id":"https:\/\/www.accuratereviews.com\/it\/gestionale-per-associazioni\/higher-logic-thrive-recensione\/#primaryimage"},"thumbnailUrl":"https:\/\/www.accuratereviews.com\/wp-content\/uploads\/2023\/04\/higher-logic-thrive.png","datePublished":"2023-04-26T14:40:22+00:00","description":"Higher Logic Thrive: recensione soluzione gestionale per le associazioni che hanno una comunit\u00e0 dinamica e potenti processi di marketing.","breadcrumb":{"@id":"https:\/\/www.accuratereviews.com\/it\/gestionale-per-associazioni\/higher-logic-thrive-recensione\/#breadcrumb"},"inLanguage":"it-IT","potentialAction":[{"@type":"ReadAction","target":["https:\/\/www.accuratereviews.com\/it\/gestionale-per-associazioni\/higher-logic-thrive-recensione\/"]}]},{"@type":"ImageObject","inLanguage":"it-IT","@id":"https:\/\/www.accuratereviews.com\/it\/gestionale-per-associazioni\/higher-logic-thrive-recensione\/#primaryimage","url":"https:\/\/www.accuratereviews.com\/wp-content\/uploads\/2023\/04\/higher-logic-thrive.png","contentUrl":"https:\/\/www.accuratereviews.com\/wp-content\/uploads\/2023\/04\/higher-logic-thrive.png","width":600,"height":315},{"@type":"BreadcrumbList","@id":"https:\/\/www.accuratereviews.com\/it\/gestionale-per-associazioni\/higher-logic-thrive-recensione\/#breadcrumb","itemListElement":[{"@type":"ListItem","position":1,"name":"Home","item":"https:\/\/www.accuratereviews.com\/it\/"},{"@type":"ListItem","position":2,"name":"Gestionale per associazioni","item":"https:\/\/www.accuratereviews.com\/it\/gestionale-per-associazioni\/"},{"@type":"ListItem","position":3,"name":"Higher Logic Thrive"}]},{"@type":"WebSite","@id":"https:\/\/www.accuratereviews.com\/it\/#website","url":"https:\/\/www.accuratereviews.com\/it\/","name":"Accurate Reviews","description":"","potentialAction":[{"@type":"SearchAction","target":{"@type":"EntryPoint","urlTemplate":"https:\/\/www.accuratereviews.com\/it\/?s={search_term_string}"},"query-input":{"@type":"PropertyValueSpecification","valueRequired":true,"valueName":"search_term_string"}}],"inLanguage":"it-IT"}]}},"_links":{"self":[{"href":"https:\/\/www.accuratereviews.com\/it\/wp-json\/wp\/v2\/pages\/68961","targetHints":{"allow":["GET"]}}],"collection":[{"href":"https:\/\/www.accuratereviews.com\/it\/wp-json\/wp\/v2\/pages"}],"about":[{"href":"https:\/\/www.accuratereviews.com\/it\/wp-json\/wp\/v2\/types\/page"}],"author":[{"embeddable":true,"href":"https:\/\/www.accuratereviews.com\/it\/wp-json\/wp\/v2\/users\/19"}],"replies":[{"embeddable":true,"href":"https:\/\/www.accuratereviews.com\/it\/wp-json\/wp\/v2\/comments?post=68961"}],"version-history":[{"count":17,"href":"https:\/\/www.accuratereviews.com\/it\/wp-json\/wp\/v2\/pages\/68961\/revisions"}],"predecessor-version":[{"id":68987,"href":"https:\/\/www.accuratereviews.com\/it\/wp-json\/wp\/v2\/pages\/68961\/revisions\/68987"}],"up":[{"embeddable":true,"href":"https:\/\/www.accuratereviews.com\/it\/wp-json\/wp\/v2\/pages\/35837"}],"wp:featuredmedia":[{"embeddable":true,"href":"https:\/\/www.accuratereviews.com\/it\/wp-json\/wp\/v2\/media\/68962"}],"wp:attachment":[{"href":"https:\/\/www.accuratereviews.com\/it\/wp-json\/wp\/v2\/media?parent=68961"}],"wp:term":[{"taxonomy":"category","embeddable":true,"href":"https:\/\/www.accuratereviews.com\/it\/wp-json\/wp\/v2\/categories?post=68961"},{"taxonomy":"post_tag","embeddable":true,"href":"https:\/\/www.accuratereviews.com\/it\/wp-json\/wp\/v2\/tags?post=68961"},{"taxonomy":"features","embeddable":true,"href":"https:\/\/www.accuratereviews.com\/it\/wp-json\/wp\/v2\/features?post=68961"}],"curies":[{"name":"wp","href":"https:\/\/api.w.org\/{rel}","templated":true}]}}