{"id":68989,"date":"2023-04-27T10:34:30","date_gmt":"2023-04-27T10:34:30","guid":{"rendered":"https:\/\/www.accuratereviews.com\/?page_id=68989"},"modified":"2023-04-27T10:34:30","modified_gmt":"2023-04-27T10:34:30","slug":"almabase-recensione","status":"publish","type":"page","link":"https:\/\/www.accuratereviews.com\/it\/gestionale-per-associazioni\/almabase-recensione\/","title":{"rendered":"Almabase"},"content":{"rendered":"<p>Conosci meglio la tua comunit\u00e0 con i dati, eleva la loro esperienza dalla connessione alla donazione e promuovi un senso di comunit\u00e0 con la piattaforma <strong>Almabase<\/strong> all-in-one per il <strong>coinvolgimento e la raccolta fondi di associazioni. <\/strong>Semplifica gli eventi, le donazioni online, il coinvolgimento della comunit\u00e0 e la comunicazione sincronizzando ogni informazione con il tuo CRM con un&#8217;automazione affidabile e un&#8217;integrazione leader del settore per i negozi Blackbaud, Salesforce ed Ellucian.<\/p>\n<h2>ALMABASE &#8211; TUTORIAL<\/h2>\n<div id=\"fluid-wrapper-counter-1\" class=\"g1-fluid-wrapper \" style=\"width:686px;\">\n<div style=\"padding-bottom:56.268221574344%;\"><iframe loading=\"lazy\" title=\"Almabase - Influencer workflow for Peer to Peer campaign pages\" width=\"515\" height=\"386\" src=\"https:\/\/www.youtube.com\/embed\/1-egD0bHyds?feature=oembed&amp;wmode=transparent&amp;autohide=1&amp;autoplay=0&amp;disablekb=0&amp;fs=1&amp;loop=0&amp;enablejsapi=1&amp;rel=0&amp;controls=2&amp;showinfo=0&amp;wmode=transparent&amp;autohide=2&amp;autoplay=0&amp;disablekb=0&amp;fs=1&amp;loop=0&amp;enablejsapi=1&amp;rel=0&amp;controls=2&amp;showinfo=1\" frameborder=\"0\" allow=\"accelerometer; autoplay; clipboard-write; encrypted-media; gyroscope; picture-in-picture; web-share\" allowfullscreen><\/iframe><\/div>\n<\/div>\n<h3>ALMABASE &#8211; CARATTERISTICHE<\/h3>\n<ul>\n<li><strong>Eventi<\/strong>: uno strumento completo per la gestione di eventi e biglietti per ospitare eventi privati. Organizza riunioni del fine settimana o ritrovi informali in pochi minuti.<\/li>\n<li><strong>Donazioni<\/strong>: Dai fondi annuali alle giornate di donazioni gamificate, tutto ci\u00f2 di cui hai bisogno per raccogliere fondi per la tua missione in un unico pacchetto che si integra con il tuo database.<\/li>\n<li><strong>Elenco degli ex studenti<\/strong>: aiuta gli alunni a scoprire i compagni di classe con cui hanno perso i contatti o trova mentori che possano aiutarli nel cambiamento di carriera<\/li>\n<li><strong>Librerie di contenuti:<\/strong> librerie sicure e on-demand per la tua comunit\u00e0. Crea annuari, newsletter, appunti di classe o un elenco di aziende di propriet\u00e0.<\/li>\n<li><strong>Moduli e sondaggi<\/strong>: raccogli ulteriori informazioni insieme alla registrazione di un evento, conduci il tuo sondaggio annuale o elabora le domande.<\/li>\n<li><strong>Comunit\u00e0 online<\/strong>: crea una comunit\u00e0 di tutoraggio, uno spazio privato per i tuoi volontari o un gruppo di interesse per i membri. Costruisci il tuo sito web con il tuo marchio con pagine web personalizzabili.<br \/>\nPagine web: personalizza le pagine Web utilizzando un page builder drag-and-drop per i programmi senza disturbare il tuo team IT.<\/li>\n<\/ul>\n<h4>LE RECENSIONI DEGLI UTENTI<\/h4>\n<p><strong>Susan&#8221;Almabase \u00e8 un punto di svolta&#8221;<\/strong><br \/>\n<strong>Commenti<\/strong>: Siamo oltremodo soddisfatti della nostra esperienza con Almabase.<br \/>\n<strong>Pro<\/strong>: A parte la facilit\u00e0 d&#8217;uso e la funzionalit\u00e0 &#8220;fuori dagli schemi&#8221;, il team di supporto \u00e8 ci\u00f2 che distingue Almabase dai suoi concorrenti.<br \/>\n<strong>Contro<\/strong>: Non ho riscontrato nulla che non mi piace della piattaforma. Il fatto che la piattaforma si stia evolvendo a volte richiede un check-in per assicurarsi che una caratteristica o funzionalit\u00e0 sia ancora disponibile quando prevedi di utilizzarla. Finora, il team ha supportato molto ogni utilizzo adattivo della piattaforma.<\/p>\n<p><strong>Gc&#8221;Piattaforma Alumni Almabase&#8221;<\/strong><br \/>\n<strong>Commenti<\/strong>: Molto soddisfatto della piattaforma e del team che ci ha aiutato a implementarla.<br \/>\nSuper disponibile, sempre pronto a rispondere alle domande e dare suggerimenti.<br \/>\nNon avrei potuto chiedere un gruppo migliore per aiutarmi a far funzionare la nostra nuova rete di ex studenti.<br \/>\n<strong>Pro<\/strong>: La maggior parte delle funzionalit\u00e0 era facile da usare e offriva tutto ci\u00f2 di cui avevo bisogno per restare in contatto e comunicare con la nostra vasta base di ex studenti internazionali. La piattaforma ci ha permesso di creare una rete di alumni online a cui gli alumni di tutte le et\u00e0 potevano accedere e utilizzare in base alle necessit\u00e0.<br \/>\n<strong>Contro<\/strong>: Le funzionalit\u00e0 di amministrazione del back-end, sebbene relativamente facile rispetto ad altre piattaforme, richiedono ancora un po&#8217; di pratica prima di prendere confidenza con tutto!<\/p>\n<p><strong>Kathryn&#8221;Almabase \u00e8 meraviglioso!&#8221;<\/strong><br \/>\n<strong>Commenti<\/strong>: Sono incredibilmente colpito dalla conoscenza e dalla pazienza dei dipendenti di Almabase. Devo ancora lanciare (entro il mese, per\u00f2), ma so che Almabase rivoluzioner\u00e0 il modo in cui i miei ex studenti comunicano, fanno rete, si riconnettono, ecc.<br \/>\n<strong>Pro<\/strong>: Apprezzo la natura schietta di Almabase e apprezzo soprattutto la disponibilit\u00e0 dei suoi dipendenti a renderlo un successo per la mia scuola.<br \/>\n<strong>Contro<\/strong>: C&#8217;erano alcune funzionalit\u00e0 che non potevano essere modificate e mi sarebbe piaciuto apportare alcune modifiche, ma non era niente di particolarmente importante.<\/p>\n","protected":false},"excerpt":{"rendered":"<p>Conosci meglio la tua comunit\u00e0 con i dati, eleva la loro esperienza dalla connessione alla donazione e promuovi un senso di comunit\u00e0 con la piattaforma Almabase all-in-one per il coinvolgimento e la raccolta fondi di associazioni. Semplifica gli eventi, le donazioni online, il coinvolgimento della comunit\u00e0 e la comunicazione sincronizzando ogni informazione con il tuo CRM.<\/p>\n","protected":false},"author":19,"featured_media":68992,"parent":35837,"menu_order":0,"comment_status":"open","ping_status":"closed","template":"g1_template_page_review_new.php","meta":{"_acf_changed":false,"cwp_meta_box_check":"Yes","cwp_rev_product_name":"","cwp_rev_product_image":"","wppr_links":[],"cwp_rev_price":"0.00","wppr_options":[{"name":"Usability","value":"0"},{"name":"Speed","value":"0"},{"name":"Features","value":"0"},{"name":"Support","value":"0"},{"name":"Pricing","value":"0"}],"wppr_pros":["","","","",""],"wppr_cons":["","","","",""],"_monsterinsights_skip_tracking":false,"_monsterinsights_sitenote_active":false,"_monsterinsights_sitenote_note":"","_monsterinsights_sitenote_category":0,"footnotes":""},"categories":[1943],"tags":[14261,4940,2098,2253,1947,2148],"features":[],"class_list":{"0":"post-68989","1":"page","2":"type-page","3":"status-publish","4":"has-post-thumbnail","6":"category-gestionale-per-associazioni-categoria","7":"tag-almabase","8":"tag-gestionale-associazioni","9":"tag-piattaforma-gestionale-per-associazioni","10":"tag-programma-gestionale-per-associazioni","11":"tag-software-gestionale-associazioni","12":"tag-soluzione-gestionale-per-associazioni"},"wppr_data":{"cwp_meta_box_check":"Yes","_wppr_review_template":"default","cwp_rev_product_image":"","cwp_image_link":"image","wppr_links":[],"cwp_rev_price":"0.00","wppr_pros":["","","","",""],"wppr_cons":["","","","",""],"wppr_rating":"0.00","wppr_options":{"1":{"name":"Usability","value":"0"},"2":{"name":"Speed","value":"0"},"3":{"name":"Features","value":"0"},"4":{"name":"Support","value":"0"},"5":{"name":"Pricing","value":"0"}},"wppr_review_type":"Product","wppr_review_custom_fields":{"additionalProperty":"","additionalType":"","aggregateRating":"","alternateName":"","audience":"","award":"","awards":"","brand":"","color":"","depth":"","description":"","disambiguatingDescription":"","gtin12":"","gtin13":"","gtin14":"","gtin8":"","height":"","identifier":"","image":"","isAccessoryOrSparePartFor":"","isConsumableFor":"","isRelatedTo":"","isSimilarTo":"","itemCondition":"","logo":"","mainEntityOfPage":"","manufacturer":"","material":"","model":"","mpn":"","name":"","offers":"","potentialAction":"","productID":"","productionDate":"","purchaseDate":"","releaseDate":"","review":"","reviews":"","sameAs":"","sku":"","slogan":"","subjectOf":"","url":"","weight":"","width":""}},"acf":[],"yoast_head":"<!-- This site is optimized with the Yoast SEO plugin v27.4 - https:\/\/yoast.com\/product\/yoast-seo-wordpress\/ -->\n<title>Almabase: recensione gestionale associazione - Accurate Reviews<\/title>\n<meta name=\"description\" content=\"Almabase: recensione soluzione gestionale per associazioni che aiuta ad aumentare il coinvolgimento dei membri con programmi semplificati.\" \/>\n<meta name=\"robots\" content=\"index, follow, max-snippet:-1, max-image-preview:large, max-video-preview:-1\" \/>\n<link rel=\"canonical\" href=\"https:\/\/www.accuratereviews.com\/it\/gestionale-per-associazioni\/almabase-recensione\/\" \/>\n<meta property=\"og:locale\" content=\"it_IT\" \/>\n<meta property=\"og:type\" content=\"article\" \/>\n<meta property=\"og:title\" content=\"Almabase: recensione gestionale associazione - Accurate Reviews\" \/>\n<meta property=\"og:description\" content=\"Almabase: recensione soluzione gestionale per associazioni che aiuta ad aumentare il coinvolgimento dei membri con programmi semplificati.\" \/>\n<meta property=\"og:url\" content=\"https:\/\/www.accuratereviews.com\/it\/gestionale-per-associazioni\/almabase-recensione\/\" \/>\n<meta property=\"og:site_name\" content=\"Accurate Reviews\" \/>\n<meta property=\"og:image\" content=\"https:\/\/www.accuratereviews.com\/wp-content\/uploads\/2023\/04\/almabase-logo-square-600x600-1.png\" \/>\n\t<meta property=\"og:image:width\" content=\"600\" \/>\n\t<meta property=\"og:image:height\" content=\"600\" \/>\n\t<meta property=\"og:image:type\" content=\"image\/png\" \/>\n<meta name=\"twitter:card\" content=\"summary_large_image\" \/>\n<meta name=\"twitter:label1\" content=\"Tempo di lettura stimato\" \/>\n\t<meta name=\"twitter:data1\" content=\"4 minuti\" \/>\n<script type=\"application\/ld+json\" class=\"yoast-schema-graph\">{\"@context\":\"https:\\\/\\\/schema.org\",\"@graph\":[{\"@type\":\"WebPage\",\"@id\":\"https:\\\/\\\/www.accuratereviews.com\\\/it\\\/gestionale-per-associazioni\\\/almabase-recensione\\\/\",\"url\":\"https:\\\/\\\/www.accuratereviews.com\\\/it\\\/gestionale-per-associazioni\\\/almabase-recensione\\\/\",\"name\":\"Almabase: recensione gestionale associazione - Accurate Reviews\",\"isPartOf\":{\"@id\":\"https:\\\/\\\/www.accuratereviews.com\\\/it\\\/#website\"},\"primaryImageOfPage\":{\"@id\":\"https:\\\/\\\/www.accuratereviews.com\\\/it\\\/gestionale-per-associazioni\\\/almabase-recensione\\\/#primaryimage\"},\"image\":{\"@id\":\"https:\\\/\\\/www.accuratereviews.com\\\/it\\\/gestionale-per-associazioni\\\/almabase-recensione\\\/#primaryimage\"},\"thumbnailUrl\":\"https:\\\/\\\/www.accuratereviews.com\\\/wp-content\\\/uploads\\\/2023\\\/04\\\/almabase-logo-square-600x600-1.png\",\"datePublished\":\"2023-04-27T10:34:30+00:00\",\"description\":\"Almabase: recensione soluzione gestionale per associazioni che aiuta ad aumentare il coinvolgimento dei membri con programmi semplificati.\",\"breadcrumb\":{\"@id\":\"https:\\\/\\\/www.accuratereviews.com\\\/it\\\/gestionale-per-associazioni\\\/almabase-recensione\\\/#breadcrumb\"},\"inLanguage\":\"it-IT\",\"potentialAction\":[{\"@type\":\"ReadAction\",\"target\":[\"https:\\\/\\\/www.accuratereviews.com\\\/it\\\/gestionale-per-associazioni\\\/almabase-recensione\\\/\"]}]},{\"@type\":\"ImageObject\",\"inLanguage\":\"it-IT\",\"@id\":\"https:\\\/\\\/www.accuratereviews.com\\\/it\\\/gestionale-per-associazioni\\\/almabase-recensione\\\/#primaryimage\",\"url\":\"https:\\\/\\\/www.accuratereviews.com\\\/wp-content\\\/uploads\\\/2023\\\/04\\\/almabase-logo-square-600x600-1.png\",\"contentUrl\":\"https:\\\/\\\/www.accuratereviews.com\\\/wp-content\\\/uploads\\\/2023\\\/04\\\/almabase-logo-square-600x600-1.png\",\"width\":600,\"height\":600},{\"@type\":\"BreadcrumbList\",\"@id\":\"https:\\\/\\\/www.accuratereviews.com\\\/it\\\/gestionale-per-associazioni\\\/almabase-recensione\\\/#breadcrumb\",\"itemListElement\":[{\"@type\":\"ListItem\",\"position\":1,\"name\":\"Home\",\"item\":\"https:\\\/\\\/www.accuratereviews.com\\\/it\\\/\"},{\"@type\":\"ListItem\",\"position\":2,\"name\":\"Gestionale per associazioni\",\"item\":\"https:\\\/\\\/www.accuratereviews.com\\\/it\\\/gestionale-per-associazioni\\\/\"},{\"@type\":\"ListItem\",\"position\":3,\"name\":\"Almabase\"}]},{\"@type\":\"WebSite\",\"@id\":\"https:\\\/\\\/www.accuratereviews.com\\\/it\\\/#website\",\"url\":\"https:\\\/\\\/www.accuratereviews.com\\\/it\\\/\",\"name\":\"Accurate Reviews\",\"description\":\"\",\"potentialAction\":[{\"@type\":\"SearchAction\",\"target\":{\"@type\":\"EntryPoint\",\"urlTemplate\":\"https:\\\/\\\/www.accuratereviews.com\\\/it\\\/?s={search_term_string}\"},\"query-input\":{\"@type\":\"PropertyValueSpecification\",\"valueRequired\":true,\"valueName\":\"search_term_string\"}}],\"inLanguage\":\"it-IT\"}]}<\/script>\n<!-- \/ Yoast SEO plugin. -->","yoast_head_json":{"title":"Almabase: recensione gestionale associazione - Accurate Reviews","description":"Almabase: recensione soluzione gestionale per associazioni che aiuta ad aumentare il coinvolgimento dei membri con programmi semplificati.","robots":{"index":"index","follow":"follow","max-snippet":"max-snippet:-1","max-image-preview":"max-image-preview:large","max-video-preview":"max-video-preview:-1"},"canonical":"https:\/\/www.accuratereviews.com\/it\/gestionale-per-associazioni\/almabase-recensione\/","og_locale":"it_IT","og_type":"article","og_title":"Almabase: recensione gestionale associazione - Accurate Reviews","og_description":"Almabase: recensione soluzione gestionale per associazioni che aiuta ad aumentare il coinvolgimento dei membri con programmi semplificati.","og_url":"https:\/\/www.accuratereviews.com\/it\/gestionale-per-associazioni\/almabase-recensione\/","og_site_name":"Accurate Reviews","og_image":[{"width":600,"height":600,"url":"https:\/\/www.accuratereviews.com\/wp-content\/uploads\/2023\/04\/almabase-logo-square-600x600-1.png","type":"image\/png"}],"twitter_card":"summary_large_image","twitter_misc":{"Tempo di lettura stimato":"4 minuti"},"schema":{"@context":"https:\/\/schema.org","@graph":[{"@type":"WebPage","@id":"https:\/\/www.accuratereviews.com\/it\/gestionale-per-associazioni\/almabase-recensione\/","url":"https:\/\/www.accuratereviews.com\/it\/gestionale-per-associazioni\/almabase-recensione\/","name":"Almabase: recensione gestionale associazione - Accurate Reviews","isPartOf":{"@id":"https:\/\/www.accuratereviews.com\/it\/#website"},"primaryImageOfPage":{"@id":"https:\/\/www.accuratereviews.com\/it\/gestionale-per-associazioni\/almabase-recensione\/#primaryimage"},"image":{"@id":"https:\/\/www.accuratereviews.com\/it\/gestionale-per-associazioni\/almabase-recensione\/#primaryimage"},"thumbnailUrl":"https:\/\/www.accuratereviews.com\/wp-content\/uploads\/2023\/04\/almabase-logo-square-600x600-1.png","datePublished":"2023-04-27T10:34:30+00:00","description":"Almabase: recensione soluzione gestionale per associazioni che aiuta ad aumentare il coinvolgimento dei membri con programmi semplificati.","breadcrumb":{"@id":"https:\/\/www.accuratereviews.com\/it\/gestionale-per-associazioni\/almabase-recensione\/#breadcrumb"},"inLanguage":"it-IT","potentialAction":[{"@type":"ReadAction","target":["https:\/\/www.accuratereviews.com\/it\/gestionale-per-associazioni\/almabase-recensione\/"]}]},{"@type":"ImageObject","inLanguage":"it-IT","@id":"https:\/\/www.accuratereviews.com\/it\/gestionale-per-associazioni\/almabase-recensione\/#primaryimage","url":"https:\/\/www.accuratereviews.com\/wp-content\/uploads\/2023\/04\/almabase-logo-square-600x600-1.png","contentUrl":"https:\/\/www.accuratereviews.com\/wp-content\/uploads\/2023\/04\/almabase-logo-square-600x600-1.png","width":600,"height":600},{"@type":"BreadcrumbList","@id":"https:\/\/www.accuratereviews.com\/it\/gestionale-per-associazioni\/almabase-recensione\/#breadcrumb","itemListElement":[{"@type":"ListItem","position":1,"name":"Home","item":"https:\/\/www.accuratereviews.com\/it\/"},{"@type":"ListItem","position":2,"name":"Gestionale per associazioni","item":"https:\/\/www.accuratereviews.com\/it\/gestionale-per-associazioni\/"},{"@type":"ListItem","position":3,"name":"Almabase"}]},{"@type":"WebSite","@id":"https:\/\/www.accuratereviews.com\/it\/#website","url":"https:\/\/www.accuratereviews.com\/it\/","name":"Accurate Reviews","description":"","potentialAction":[{"@type":"SearchAction","target":{"@type":"EntryPoint","urlTemplate":"https:\/\/www.accuratereviews.com\/it\/?s={search_term_string}"},"query-input":{"@type":"PropertyValueSpecification","valueRequired":true,"valueName":"search_term_string"}}],"inLanguage":"it-IT"}]}},"_links":{"self":[{"href":"https:\/\/www.accuratereviews.com\/it\/wp-json\/wp\/v2\/pages\/68989","targetHints":{"allow":["GET"]}}],"collection":[{"href":"https:\/\/www.accuratereviews.com\/it\/wp-json\/wp\/v2\/pages"}],"about":[{"href":"https:\/\/www.accuratereviews.com\/it\/wp-json\/wp\/v2\/types\/page"}],"author":[{"embeddable":true,"href":"https:\/\/www.accuratereviews.com\/it\/wp-json\/wp\/v2\/users\/19"}],"replies":[{"embeddable":true,"href":"https:\/\/www.accuratereviews.com\/it\/wp-json\/wp\/v2\/comments?post=68989"}],"version-history":[{"count":8,"href":"https:\/\/www.accuratereviews.com\/it\/wp-json\/wp\/v2\/pages\/68989\/revisions"}],"predecessor-version":[{"id":69002,"href":"https:\/\/www.accuratereviews.com\/it\/wp-json\/wp\/v2\/pages\/68989\/revisions\/69002"}],"up":[{"embeddable":true,"href":"https:\/\/www.accuratereviews.com\/it\/wp-json\/wp\/v2\/pages\/35837"}],"wp:featuredmedia":[{"embeddable":true,"href":"https:\/\/www.accuratereviews.com\/it\/wp-json\/wp\/v2\/media\/68992"}],"wp:attachment":[{"href":"https:\/\/www.accuratereviews.com\/it\/wp-json\/wp\/v2\/media?parent=68989"}],"wp:term":[{"taxonomy":"category","embeddable":true,"href":"https:\/\/www.accuratereviews.com\/it\/wp-json\/wp\/v2\/categories?post=68989"},{"taxonomy":"post_tag","embeddable":true,"href":"https:\/\/www.accuratereviews.com\/it\/wp-json\/wp\/v2\/tags?post=68989"},{"taxonomy":"features","embeddable":true,"href":"https:\/\/www.accuratereviews.com\/it\/wp-json\/wp\/v2\/features?post=68989"}],"curies":[{"name":"wp","href":"https:\/\/api.w.org\/{rel}","templated":true}]}}