{"id":69036,"date":"2023-05-02T12:43:50","date_gmt":"2023-05-02T12:43:50","guid":{"rendered":"https:\/\/www.accuratereviews.com\/?page_id=69036"},"modified":"2023-05-02T12:43:50","modified_gmt":"2023-05-02T12:43:50","slug":"glue-up-recensione","status":"publish","type":"page","link":"https:\/\/www.accuratereviews.com\/it\/gestionale-per-associazioni\/glue-up-recensione\/","title":{"rendered":"Glue Up"},"content":{"rendered":"<p><strong>Glue Up<\/strong> \u00e8 una <strong>piattaforma CRM all-in-one per associazioni<\/strong> che ti aiuta a costruire e far crescere la tua community attraverso eventi, abbonamenti e altri strumenti digitali. La soluzione possiede strumenti potenti e flessibili per far crescere la tua organizzazione e la tua comunit\u00e0. Offre funzionalit\u00e0 di gestione della comunit\u00e0 per interagire con i diversi tipi di pubblico tramite sale eventi, biglietti da visita digitali, chat individuali e altro ancora.<br \/>\nInoltre \u00e8 dotato di strumenti finanziari e di pagamento che aiutano a creare e gestire le fatture, tenere traccia dei pagamenti e consegnare le ricevute di registrazione. Le organizzazioni possono facilitare transazioni di pagamento sicure in pi\u00f9 valute tramite carte di credito, bonifici bancari, PayPal o altri gateway di pagamento. Altre funzionalit\u00e0 includono strumenti per la creazione e la progettazione di siti Web di eventi con marchio, webinar, campagne email e strumenti di analisi.<\/p>\n<h2>GLUE UP &#8211; TUTORIAL<\/h2>\n<div id=\"fluid-wrapper-counter-1\" class=\"g1-fluid-wrapper \" style=\"width:686px;\">\n<div style=\"padding-bottom:56.268221574344%;\"><iframe loading=\"lazy\" title=\"All-in-one Community Management Software from Glue Up\" width=\"686\" height=\"386\" src=\"https:\/\/www.youtube.com\/embed\/8dPANR9zrTk?feature=oembed&amp;wmode=transparent&amp;autohide=1&amp;autoplay=0&amp;disablekb=0&amp;fs=1&amp;loop=0&amp;enablejsapi=1&amp;rel=0&amp;controls=2&amp;showinfo=0&amp;wmode=transparent&amp;autohide=2&amp;autoplay=0&amp;disablekb=0&amp;fs=1&amp;loop=0&amp;enablejsapi=1&amp;rel=0&amp;controls=2&amp;showinfo=1\" frameborder=\"0\" allow=\"accelerometer; autoplay; clipboard-write; encrypted-media; gyroscope; picture-in-picture; web-share\" allowfullscreen><\/iframe><\/div>\n<\/div>\n<h3>GLUE UP &#8211; CARATTERISTICHE<\/h3>\n<ul>\n<li><strong>Eventi<\/strong>: pianifica, promuovi, esegui e valuta tutti i tuoi eventi.<\/li>\n<li><strong>Iscrizioni<\/strong>: mantieni, coinvolgi e fai crescere la tua community di membri.<\/li>\n<li><strong>Community<\/strong>: consenti alla tua comunit\u00e0 di prosperare e amplificare il coinvolgimento.<\/li>\n<li><strong>Webinar<\/strong>: monetizza e migliora i tuoi eventi e webinar online.<\/li>\n<li><strong>Gestione dei capitoli<\/strong>: semplici soluzioni di gestione dei capitoli multilivello per abbonamenti ed eventi<\/li>\n<li><strong>Aumenta le entrate con abbonamenti e sponsorizzazioni<\/strong>: procurati canali solidi per incrementare le entrate per le richieste di iscrizione, i rinnovi e le sponsorizzazioni.<\/li>\n<li><strong>Trova i tuoi migliori sostenitori<\/strong>: scopri quali sono i sostenitori pi\u00f9 coinvolti e crea opportunit\u00e0 di successo.<\/li>\n<li><strong>Raccogli le donazioni senza sforzo<\/strong>: risparmia ancora pi\u00f9 tempo automatizzando le attivit\u00e0 cruciali per mantenere felici i tuoi membri e raccogliere denaro facilmente.<\/li>\n<\/ul>\n<h4>LE RECENSIONI DEGLI UTENTI<\/h4>\n<p><strong>Genesis &#8220;Glue Up recensione&#8221;<\/strong><br \/>\n<strong>Pro<\/strong>: Il software di facile utilizzo \u00e8 uno strumento molto conveniente per mantenere membri e comitati di contatto. Inoltre, il supporto \u00e8 stato vantaggioso per tutto il tempo.<br \/>\n<strong>Contro<\/strong>: I costi delle email sono alti e il logo dell&#8217;organizzazione \u00e8 minuscolo.<\/p>\n<p><strong>Cristian &#8220;Software ideale per organizzazioni no profit e altre organizzazioni basate sui membri&#8221;<\/strong><br \/>\nPro: Consiglio vivamente Glue Up a tutte le organizzazioni di appartenenza in tutto il mondo. Siamo stati in grado di gestire i nostri membri, analizzare le prestazioni ed elaborare le iscrizioni attraverso la loro Membership Management Suite in meno tempo e con maggiore flessibilit\u00e0. Inoltre, siamo stati molto contenti della reattivit\u00e0 e dell&#8217;impegno per i risultati che abbiamo ricevuto con Glue Up.<br \/>\n<strong>Contro<\/strong>: Alcuni problemi tecnici si verificano occasionalmente, impedendoci di accedere alla piattaforma. Inoltre, alcune funzionalit\u00e0 potrebbero utilizzare pi\u00f9 opzioni di personalizzazione.<\/p>\n<p><strong>Eliane &#8220;Strumento fantastico per la gestione degli abbonamenti&#8221;<\/strong><br \/>\n<strong>Commenti<\/strong>: Grande<br \/>\n<strong>Pro<\/strong>: The Community Hub: ottimo modo per connettere i miei membri da tutto il mondo<br \/>\n<strong>Contro<\/strong>: Non c&#8217;\u00e8 niente che non mi piaccia dello strumento; tuttavia, ad esempio, non ho ancora utilizzato la creazione di campagne ed eventi. Spero che sar\u00e0 facile da usare!<\/p>\n","protected":false},"excerpt":{"rendered":"<p>Glue Up \u00e8 una piattaforma CRM all-in-one \u00a0per associazioni che ti aiuta a costruire e far crescere la tua community attraverso eventi, abbonamenti e altri strumenti digitali. La soluzione possiede strumenti potenti e flessibili per far crescere la tua organizzazione e la tua comunit\u00e0. Offre funzionalit\u00e0 di gestione della comunit\u00e0 per interagire con i diversi tipi di pubblico tramite sale eventi, biglietti da visita digitali, chat individuali e altro ancora.<\/p>\n","protected":false},"author":19,"featured_media":69041,"parent":35837,"menu_order":0,"comment_status":"open","ping_status":"closed","template":"g1_template_page_review_new.php","meta":{"_acf_changed":false,"cwp_meta_box_check":"Yes","cwp_rev_product_name":"","cwp_rev_product_image":"","wppr_links":[],"cwp_rev_price":"0.00","wppr_options":[{"name":"Usability","value":"0"},{"name":"Speed","value":"0"},{"name":"Features","value":"0"},{"name":"Support","value":"0"},{"name":"Pricing","value":"0"}],"wppr_pros":["","","","",""],"wppr_cons":["","","","",""],"_monsterinsights_skip_tracking":false,"_monsterinsights_sitenote_active":false,"_monsterinsights_sitenote_note":"","_monsterinsights_sitenote_category":0,"footnotes":""},"categories":[1943],"tags":[4940,14267,2008,1949,14268,1948],"features":[],"class_list":{"0":"post-69036","1":"page","2":"type-page","3":"status-publish","4":"has-post-thumbnail","6":"category-gestionale-per-associazioni-categoria","7":"tag-gestionale-associazioni","8":"tag-glue-up","9":"tag-piattaforma-gestionale-associazioni","10":"tag-programma-gestionale-associazioni","11":"tag-software-gestionale-associazione","12":"tag-soluzione-gestionale-associazioni"},"wppr_data":{"cwp_meta_box_check":"Yes","_wppr_review_template":"default","cwp_rev_product_image":"","cwp_image_link":"image","wppr_links":[],"cwp_rev_price":"0.00","wppr_pros":["","","","",""],"wppr_cons":["","","","",""],"wppr_rating":"0.00","wppr_options":{"1":{"name":"Usability","value":"0"},"2":{"name":"Speed","value":"0"},"3":{"name":"Features","value":"0"},"4":{"name":"Support","value":"0"},"5":{"name":"Pricing","value":"0"}},"wppr_review_type":"Product","wppr_review_custom_fields":{"additionalProperty":"","additionalType":"","aggregateRating":"","alternateName":"","audience":"","award":"","awards":"","brand":"","color":"","depth":"","description":"","disambiguatingDescription":"","gtin12":"","gtin13":"","gtin14":"","gtin8":"","height":"","identifier":"","image":"","isAccessoryOrSparePartFor":"","isConsumableFor":"","isRelatedTo":"","isSimilarTo":"","itemCondition":"","logo":"","mainEntityOfPage":"","manufacturer":"","material":"","model":"","mpn":"","name":"","offers":"","potentialAction":"","productID":"","productionDate":"","purchaseDate":"","releaseDate":"","review":"","reviews":"","sameAs":"","sku":"","slogan":"","subjectOf":"","url":"","weight":"","width":""}},"acf":[],"yoast_head":"<!-- This site is optimized with the Yoast SEO plugin v27.4 - https:\/\/yoast.com\/product\/yoast-seo-wordpress\/ -->\n<title>Glue Up: recensione gestionale associazioni - Accurate Reviews<\/title>\n<meta name=\"description\" content=\"Glue Up: recensione piattaforma all-in-one per associazioni che aiuta a far crescere la tua community attraverso eventi, abbonamenti e strumenti digitali.\" \/>\n<meta name=\"robots\" content=\"index, follow, max-snippet:-1, max-image-preview:large, max-video-preview:-1\" \/>\n<link rel=\"canonical\" href=\"https:\/\/www.accuratereviews.com\/it\/gestionale-per-associazioni\/glue-up-recensione\/\" \/>\n<meta property=\"og:locale\" content=\"it_IT\" \/>\n<meta property=\"og:type\" content=\"article\" \/>\n<meta property=\"og:title\" content=\"Glue Up: recensione gestionale associazioni - Accurate Reviews\" \/>\n<meta property=\"og:description\" content=\"Glue Up: recensione piattaforma all-in-one per associazioni che aiuta a far crescere la tua community attraverso eventi, abbonamenti e strumenti digitali.\" \/>\n<meta property=\"og:url\" content=\"https:\/\/www.accuratereviews.com\/it\/gestionale-per-associazioni\/glue-up-recensione\/\" \/>\n<meta property=\"og:site_name\" content=\"Accurate Reviews\" \/>\n<meta property=\"og:image\" content=\"https:\/\/www.accuratereviews.com\/wp-content\/uploads\/2023\/05\/Glue-Up.png\" \/>\n\t<meta property=\"og:image:width\" content=\"225\" \/>\n\t<meta property=\"og:image:height\" content=\"225\" \/>\n\t<meta property=\"og:image:type\" content=\"image\/png\" \/>\n<meta name=\"twitter:card\" content=\"summary_large_image\" \/>\n<meta name=\"twitter:label1\" content=\"Tempo di lettura stimato\" \/>\n\t<meta name=\"twitter:data1\" content=\"3 minuti\" \/>\n<script type=\"application\/ld+json\" class=\"yoast-schema-graph\">{\"@context\":\"https:\\\/\\\/schema.org\",\"@graph\":[{\"@type\":\"WebPage\",\"@id\":\"https:\\\/\\\/www.accuratereviews.com\\\/it\\\/gestionale-per-associazioni\\\/glue-up-recensione\\\/\",\"url\":\"https:\\\/\\\/www.accuratereviews.com\\\/it\\\/gestionale-per-associazioni\\\/glue-up-recensione\\\/\",\"name\":\"Glue Up: recensione gestionale associazioni - Accurate Reviews\",\"isPartOf\":{\"@id\":\"https:\\\/\\\/www.accuratereviews.com\\\/it\\\/#website\"},\"primaryImageOfPage\":{\"@id\":\"https:\\\/\\\/www.accuratereviews.com\\\/it\\\/gestionale-per-associazioni\\\/glue-up-recensione\\\/#primaryimage\"},\"image\":{\"@id\":\"https:\\\/\\\/www.accuratereviews.com\\\/it\\\/gestionale-per-associazioni\\\/glue-up-recensione\\\/#primaryimage\"},\"thumbnailUrl\":\"https:\\\/\\\/www.accuratereviews.com\\\/wp-content\\\/uploads\\\/2023\\\/05\\\/Glue-Up.png\",\"datePublished\":\"2023-05-02T12:43:50+00:00\",\"description\":\"Glue Up: recensione piattaforma all-in-one per associazioni che aiuta a far crescere la tua community attraverso eventi, abbonamenti e strumenti digitali.\",\"breadcrumb\":{\"@id\":\"https:\\\/\\\/www.accuratereviews.com\\\/it\\\/gestionale-per-associazioni\\\/glue-up-recensione\\\/#breadcrumb\"},\"inLanguage\":\"it-IT\",\"potentialAction\":[{\"@type\":\"ReadAction\",\"target\":[\"https:\\\/\\\/www.accuratereviews.com\\\/it\\\/gestionale-per-associazioni\\\/glue-up-recensione\\\/\"]}]},{\"@type\":\"ImageObject\",\"inLanguage\":\"it-IT\",\"@id\":\"https:\\\/\\\/www.accuratereviews.com\\\/it\\\/gestionale-per-associazioni\\\/glue-up-recensione\\\/#primaryimage\",\"url\":\"https:\\\/\\\/www.accuratereviews.com\\\/wp-content\\\/uploads\\\/2023\\\/05\\\/Glue-Up.png\",\"contentUrl\":\"https:\\\/\\\/www.accuratereviews.com\\\/wp-content\\\/uploads\\\/2023\\\/05\\\/Glue-Up.png\",\"width\":225,\"height\":225},{\"@type\":\"BreadcrumbList\",\"@id\":\"https:\\\/\\\/www.accuratereviews.com\\\/it\\\/gestionale-per-associazioni\\\/glue-up-recensione\\\/#breadcrumb\",\"itemListElement\":[{\"@type\":\"ListItem\",\"position\":1,\"name\":\"Home\",\"item\":\"https:\\\/\\\/www.accuratereviews.com\\\/it\\\/\"},{\"@type\":\"ListItem\",\"position\":2,\"name\":\"Gestionale per associazioni\",\"item\":\"https:\\\/\\\/www.accuratereviews.com\\\/it\\\/gestionale-per-associazioni\\\/\"},{\"@type\":\"ListItem\",\"position\":3,\"name\":\"Glue Up\"}]},{\"@type\":\"WebSite\",\"@id\":\"https:\\\/\\\/www.accuratereviews.com\\\/it\\\/#website\",\"url\":\"https:\\\/\\\/www.accuratereviews.com\\\/it\\\/\",\"name\":\"Accurate Reviews\",\"description\":\"\",\"potentialAction\":[{\"@type\":\"SearchAction\",\"target\":{\"@type\":\"EntryPoint\",\"urlTemplate\":\"https:\\\/\\\/www.accuratereviews.com\\\/it\\\/?s={search_term_string}\"},\"query-input\":{\"@type\":\"PropertyValueSpecification\",\"valueRequired\":true,\"valueName\":\"search_term_string\"}}],\"inLanguage\":\"it-IT\"}]}<\/script>\n<!-- \/ Yoast SEO plugin. -->","yoast_head_json":{"title":"Glue Up: recensione gestionale associazioni - Accurate Reviews","description":"Glue Up: recensione piattaforma all-in-one per associazioni che aiuta a far crescere la tua community attraverso eventi, abbonamenti e strumenti digitali.","robots":{"index":"index","follow":"follow","max-snippet":"max-snippet:-1","max-image-preview":"max-image-preview:large","max-video-preview":"max-video-preview:-1"},"canonical":"https:\/\/www.accuratereviews.com\/it\/gestionale-per-associazioni\/glue-up-recensione\/","og_locale":"it_IT","og_type":"article","og_title":"Glue Up: recensione gestionale associazioni - Accurate Reviews","og_description":"Glue Up: recensione piattaforma all-in-one per associazioni che aiuta a far crescere la tua community attraverso eventi, abbonamenti e strumenti digitali.","og_url":"https:\/\/www.accuratereviews.com\/it\/gestionale-per-associazioni\/glue-up-recensione\/","og_site_name":"Accurate Reviews","og_image":[{"width":225,"height":225,"url":"https:\/\/www.accuratereviews.com\/wp-content\/uploads\/2023\/05\/Glue-Up.png","type":"image\/png"}],"twitter_card":"summary_large_image","twitter_misc":{"Tempo di lettura stimato":"3 minuti"},"schema":{"@context":"https:\/\/schema.org","@graph":[{"@type":"WebPage","@id":"https:\/\/www.accuratereviews.com\/it\/gestionale-per-associazioni\/glue-up-recensione\/","url":"https:\/\/www.accuratereviews.com\/it\/gestionale-per-associazioni\/glue-up-recensione\/","name":"Glue Up: recensione gestionale associazioni - Accurate Reviews","isPartOf":{"@id":"https:\/\/www.accuratereviews.com\/it\/#website"},"primaryImageOfPage":{"@id":"https:\/\/www.accuratereviews.com\/it\/gestionale-per-associazioni\/glue-up-recensione\/#primaryimage"},"image":{"@id":"https:\/\/www.accuratereviews.com\/it\/gestionale-per-associazioni\/glue-up-recensione\/#primaryimage"},"thumbnailUrl":"https:\/\/www.accuratereviews.com\/wp-content\/uploads\/2023\/05\/Glue-Up.png","datePublished":"2023-05-02T12:43:50+00:00","description":"Glue Up: recensione piattaforma all-in-one per associazioni che aiuta a far crescere la tua community attraverso eventi, abbonamenti e strumenti digitali.","breadcrumb":{"@id":"https:\/\/www.accuratereviews.com\/it\/gestionale-per-associazioni\/glue-up-recensione\/#breadcrumb"},"inLanguage":"it-IT","potentialAction":[{"@type":"ReadAction","target":["https:\/\/www.accuratereviews.com\/it\/gestionale-per-associazioni\/glue-up-recensione\/"]}]},{"@type":"ImageObject","inLanguage":"it-IT","@id":"https:\/\/www.accuratereviews.com\/it\/gestionale-per-associazioni\/glue-up-recensione\/#primaryimage","url":"https:\/\/www.accuratereviews.com\/wp-content\/uploads\/2023\/05\/Glue-Up.png","contentUrl":"https:\/\/www.accuratereviews.com\/wp-content\/uploads\/2023\/05\/Glue-Up.png","width":225,"height":225},{"@type":"BreadcrumbList","@id":"https:\/\/www.accuratereviews.com\/it\/gestionale-per-associazioni\/glue-up-recensione\/#breadcrumb","itemListElement":[{"@type":"ListItem","position":1,"name":"Home","item":"https:\/\/www.accuratereviews.com\/it\/"},{"@type":"ListItem","position":2,"name":"Gestionale per associazioni","item":"https:\/\/www.accuratereviews.com\/it\/gestionale-per-associazioni\/"},{"@type":"ListItem","position":3,"name":"Glue Up"}]},{"@type":"WebSite","@id":"https:\/\/www.accuratereviews.com\/it\/#website","url":"https:\/\/www.accuratereviews.com\/it\/","name":"Accurate Reviews","description":"","potentialAction":[{"@type":"SearchAction","target":{"@type":"EntryPoint","urlTemplate":"https:\/\/www.accuratereviews.com\/it\/?s={search_term_string}"},"query-input":{"@type":"PropertyValueSpecification","valueRequired":true,"valueName":"search_term_string"}}],"inLanguage":"it-IT"}]}},"_links":{"self":[{"href":"https:\/\/www.accuratereviews.com\/it\/wp-json\/wp\/v2\/pages\/69036","targetHints":{"allow":["GET"]}}],"collection":[{"href":"https:\/\/www.accuratereviews.com\/it\/wp-json\/wp\/v2\/pages"}],"about":[{"href":"https:\/\/www.accuratereviews.com\/it\/wp-json\/wp\/v2\/types\/page"}],"author":[{"embeddable":true,"href":"https:\/\/www.accuratereviews.com\/it\/wp-json\/wp\/v2\/users\/19"}],"replies":[{"embeddable":true,"href":"https:\/\/www.accuratereviews.com\/it\/wp-json\/wp\/v2\/comments?post=69036"}],"version-history":[{"count":9,"href":"https:\/\/www.accuratereviews.com\/it\/wp-json\/wp\/v2\/pages\/69036\/revisions"}],"predecessor-version":[{"id":69100,"href":"https:\/\/www.accuratereviews.com\/it\/wp-json\/wp\/v2\/pages\/69036\/revisions\/69100"}],"up":[{"embeddable":true,"href":"https:\/\/www.accuratereviews.com\/it\/wp-json\/wp\/v2\/pages\/35837"}],"wp:featuredmedia":[{"embeddable":true,"href":"https:\/\/www.accuratereviews.com\/it\/wp-json\/wp\/v2\/media\/69041"}],"wp:attachment":[{"href":"https:\/\/www.accuratereviews.com\/it\/wp-json\/wp\/v2\/media?parent=69036"}],"wp:term":[{"taxonomy":"category","embeddable":true,"href":"https:\/\/www.accuratereviews.com\/it\/wp-json\/wp\/v2\/categories?post=69036"},{"taxonomy":"post_tag","embeddable":true,"href":"https:\/\/www.accuratereviews.com\/it\/wp-json\/wp\/v2\/tags?post=69036"},{"taxonomy":"features","embeddable":true,"href":"https:\/\/www.accuratereviews.com\/it\/wp-json\/wp\/v2\/features?post=69036"}],"curies":[{"name":"wp","href":"https:\/\/api.w.org\/{rel}","templated":true}]}}