{"id":69102,"date":"2023-05-03T12:23:56","date_gmt":"2023-05-03T12:23:56","guid":{"rendered":"https:\/\/www.accuratereviews.com\/?page_id=69102"},"modified":"2023-05-03T12:23:56","modified_gmt":"2023-05-03T12:23:56","slug":"toucantech-recensione","status":"publish","type":"page","link":"https:\/\/www.accuratereviews.com\/it\/gestionale-per-associazioni\/toucantech-recensione\/","title":{"rendered":"ToucanTech"},"content":{"rendered":"<p><strong>ToucanTech<\/strong> \u00e8 un software intelligente, basato su cloud, per potenziare il <strong>coinvolgimento della tua comunit\u00e0<\/strong>. Sincronizzato con i social media e combinando un database, CRM, caselle di posta elettronica, gestione della raccolta fondi, pubblicazione di notizie e contenuti e altro ancora, \u00e8 una soluzione all-in-one completa. Con protocolli e server protetti, garantisce la sicurezza dei tuoi dati.<br \/>\nIl database<strong> ToucanTech<\/strong> consente agli utenti di importare, cercare, aggiornare, filtrare e raggruppare facilmente i record in pochi passaggi. Gli utenti possono misurare il coinvolgimento, tenere traccia delle attivit\u00e0 e creare report personalizzati. Consente agli utenti di redigere e tenere traccia delle conversazioni email, comprese le email di massa. La gestione degli elenchi di posta elettronica, l&#8217;elaborazione delle donazioni e il monitoraggio dei donatori diventano un gioco da ragazzi con questa soluzione. Collega gli ex studenti, il che li aiuta a condividere i loro momenti preziosi e a pianificare le riunioni.<\/p>\n<h2>TOUCANTECH &#8211; TUTORIAL<\/h2>\n<div id=\"fluid-wrapper-counter-1\" class=\"g1-fluid-wrapper \" style=\"width:686px;\">\n<div style=\"padding-bottom:56.268221574344%;\"><iframe loading=\"lazy\" title=\"ToucanTech - Tonbridge School Testimonial\" src=\"https:\/\/player.vimeo.com\/video\/564605250?h=8988d29390&amp;dnt=1&amp;app_id=122963?title=0&amp;byline=0&amp;portrait=0\" width=\"686\" height=\"386\" frameborder=\"0\" allow=\"autoplay; fullscreen; picture-in-picture\" allowfullscreen><\/iframe><\/div>\n<\/div>\n<h3>TOUCANTECH &#8211; CARATTERISTICHE<\/h3>\n<ul>\n<li><strong>Prendi il controllo dei tuoi dati<\/strong>: l&#8217;archiviazione dei record del database in un sistema sicuro e di facile utilizzo ti far\u00e0 risparmiare tempo prezioso per l&#8217;amministrazione. Puoi personalizzare i tuoi campi, elenchi di selezione, domande di registrazione e livelli di autorizzazione. La potente funzionalit\u00e0 consente di importare, collegare, unire e pulire record ed eseguire sofisticate query di ricerca, aggiornamenti di massa e report.<\/li>\n<li><strong>Tieni traccia di tutta la tua attivit\u00e0<\/strong>: la registrazione di tutte le interazioni con la tua community in un unico posto rende facile capire cosa funziona e su cosa concentrarsi. Monitora automaticamente l&#8217;apertura delle email, le cancellazioni, le iscrizioni agli eventi, le connessioni, i download e altro ancora. Inoltre, puoi registrare le telefonate e le riunioni e sincronizzare le discussioni email esterne nel tuo database.<\/li>\n<li><strong>Fai crescere la tua comunit\u00e0<\/strong>: utilizza gli strumenti email, notizie, sondaggi, eventi e ecommerce per attirare nuovi membri e lanciare un portale di networking privato, integrato con i social media, in cui le persone possono condividere storie, partecipare a discussioni, gestire gruppi e invitare amici.<\/li>\n<li><strong>Potenzia le tue comunicazioni<\/strong>: l&#8217;invio di email, lettere e aggiornamenti pertinenti e regolari \u00e8 la chiave per mantenere le persone coinvolte. Amministra le preferenze di consenso, pianifica le notizie e inserisci i contenuti nelle tue e-mail in pochi clic.<\/li>\n<li><strong>Gestisci tutti i tipi di eventi<\/strong>: promuovere e pianificare i tuoi eventi \u00e8 un processo efficiente con pagine web di eventi eleganti, biglietteria online, prenotazioni degli ospiti, liste di attesa e pianificazione dei posti. Coordina le tue riunioni virtuali, conferenze o cene inclusi gli inviti, il modulo di registrazione, le opzioni di pagamento, i relatori, gli elenchi dei partecipanti, i badge nominativi e i ringraziamenti successivi.<\/li>\n<li><strong>Organizza campagne di raccolta fondi<\/strong>: raccontare le tue storie di raccolta fondi, coinvolgere i sostenitori ed elaborare donazioni (regolari e importanti) pu\u00f2 essere gestito abilmente attraverso la soluzione. Puoi impostare campagne, allocare fondi, registrare impegni, creare report finanziari dettagliati, riconciliare pagamenti, gestire sgravi fiscali e tenere traccia di tutte le comunicazioni dei donatori in modo sicuro in un unico sistema.<\/li>\n<li><strong>Un&#8217;app mobile per riunire la tua comunit\u00e0, ovunque vada:<\/strong> con l&#8217;app puoi rimanere in contatto con la tua community ovunque ti trovi. Con un marchio distinto e collegamenti per il download per dispositivi iOS\/Android, la tua app della community ti consentir\u00e0 di inviare notifiche direttamente ai membri della community e fornire un hub interattivo per visualizzare notizie, foto, aggiornamenti ed eventi.<\/li>\n<\/ul>\n<h4>LE RECENSIONI DEGLI UTENTI<\/h4>\n<p><strong>Jen &#8220;Recensione di un utente straniero&#8221;<\/strong><br \/>\n<strong>Commenti<\/strong>: Nel complesso, ToucanTech \u00e8 un prodotto brillante e il loro team \u00e8 efficiente e amichevole.<br \/>\n<strong>Pro<\/strong>: Il prodotto \u00e8 facile da usare e mi piace la logica della funzione di ricerca. Il team di supporto \u00e8 fantastico ed \u00e8 molto utile avere le pagine dei tutorial.<br \/>\n<strong>Contro<\/strong>: Hosting dei dati. Questo \u00e8 un problema per gli utenti stranieri poich\u00e9 paesi diversi hanno standard di privacy dei dati diversi.<\/p>\n<p><strong>Paul &#8220;Il miglior CRM per raccolta fondi sul mercato di gran lunga&#8221;<\/strong><br \/>\n<strong>Commenti<\/strong>: Molte aziende affermano di essere incentrate sul cliente, ma in realt\u00e0 pochissime lo sono davvero: Toucan Tech fa parte di un gruppo elitario di aziende che si concentrano sulla fornitura di ottimi prodotti attraverso l&#8217;innovazione guidata dal cliente.<br \/>\n<strong>Pro<\/strong>: Tutte le funzionalit\u00e0 sono progettate per essere user friendly e iterative, senza scendere a compromessi in termini di sofisticatezza, che \u00e8 il segno distintivo di un ottimo software CRM. L&#8217;invio di email di massa e la creazione di eventi sono caratteristiche particolarmente impressionanti e superano qualsiasi altra cosa sul mercato.<br \/>\n<strong>Contro<\/strong>: L&#8217;integrazione tra fornitori di servizi di pagamento di terze parti e record dei clienti \u00e8 stata un po&#8217; problematica, ma il team dei dati ha risolto un problema complesso grazie a una combinazione di perseveranza e conoscenza approfondita.<\/p>\n<p><strong>Michelle &#8220;Migliore piattaforma per la gestione del database degli ex studenti&#8221;<\/strong><br \/>\n<strong>Commenti<\/strong>: Il team di supporto \u00e8 fenomenale ed \u00e8 fantastico avere accesso a una rete di altre scuole internazionali che utilizzano la stessa piattaforma.<br \/>\n<strong>Pro<\/strong>: I nostri alumni adorano conoscere gli hub universitari\/industriali\/geografici a cui possono unirsi per metterli in contatto con altri alumni. Sono sempre desiderosi di imparare come utilizzare la piattaforma per fare rete. Molto apprezzata anche la sezione Risorse, con annuari digitalizzati, e le Gallerie Fotografiche. All&#8217;inizio \u00e8 stato molto facile migrare i nostri dati.<br \/>\n<strong>Contro<\/strong>: Ci sono molte funzionalit\u00e0 che dimentico di usare, ma ToucanTech invia newsletter con esempi di altre scuole che sono sempre cos\u00ec utili.<\/p>\n","protected":false},"excerpt":{"rendered":"<p>ToucanTech \u00e8 un software intelligente, basato su cloud, per potenziare il coinvolgimento della tua comunit\u00e0. Sincronizzato con i social media e combinando un database, CRM, caselle di posta elettronica, gestione della raccolta fondi, pubblicazione di notizie e contenuti e altro ancora, \u00e8 una soluzione all-in-one completa. Con protocolli e server protetti, garantisce la sicurezza dei tuoi dati.<\/p>\n","protected":false},"author":19,"featured_media":69105,"parent":35837,"menu_order":0,"comment_status":"open","ping_status":"closed","template":"g1_template_page_review_new.php","meta":{"_acf_changed":false,"cwp_meta_box_check":"Yes","cwp_rev_product_name":"","cwp_rev_product_image":"","wppr_links":[],"cwp_rev_price":"0.00","wppr_options":[{"name":"Usability","value":"0"},{"name":"Speed","value":"0"},{"name":"Features","value":"0"},{"name":"Support","value":"0"},{"name":"Pricing","value":"0"}],"wppr_pros":["","","","",""],"wppr_cons":["","","","",""],"_monsterinsights_skip_tracking":false,"_monsterinsights_sitenote_active":false,"_monsterinsights_sitenote_note":"","_monsterinsights_sitenote_category":0,"footnotes":""},"categories":[1943],"tags":[4940,2008,1949,1947,1948,14282],"features":[],"class_list":{"0":"post-69102","1":"page","2":"type-page","3":"status-publish","4":"has-post-thumbnail","6":"category-gestionale-per-associazioni-categoria","7":"tag-gestionale-associazioni","8":"tag-piattaforma-gestionale-associazioni","9":"tag-programma-gestionale-associazioni","10":"tag-software-gestionale-associazioni","11":"tag-soluzione-gestionale-associazioni","12":"tag-toucantech"},"wppr_data":{"cwp_meta_box_check":"Yes","_wppr_review_template":"default","cwp_rev_product_image":"","cwp_image_link":"image","wppr_links":[],"cwp_rev_price":"0.00","wppr_pros":["","","","",""],"wppr_cons":["","","","",""],"wppr_rating":"0.00","wppr_options":{"1":{"name":"Usability","value":"0"},"2":{"name":"Speed","value":"0"},"3":{"name":"Features","value":"0"},"4":{"name":"Support","value":"0"},"5":{"name":"Pricing","value":"0"}},"wppr_review_type":"Product","wppr_review_custom_fields":{"additionalProperty":"","additionalType":"","aggregateRating":"","alternateName":"","audience":"","award":"","awards":"","brand":"","color":"","depth":"","description":"","disambiguatingDescription":"","gtin12":"","gtin13":"","gtin14":"","gtin8":"","height":"","identifier":"","image":"","isAccessoryOrSparePartFor":"","isConsumableFor":"","isRelatedTo":"","isSimilarTo":"","itemCondition":"","logo":"","mainEntityOfPage":"","manufacturer":"","material":"","model":"","mpn":"","name":"","offers":"","potentialAction":"","productID":"","productionDate":"","purchaseDate":"","releaseDate":"","review":"","reviews":"","sameAs":"","sku":"","slogan":"","subjectOf":"","url":"","weight":"","width":""}},"acf":[],"yoast_head":"<!-- This site is optimized with the Yoast SEO plugin v27.4 - https:\/\/yoast.com\/product\/yoast-seo-wordpress\/ -->\n<title>ToucanTech: recensione gestionale associazioni Accurate Reviews<\/title>\n<meta name=\"description\" content=\"ToucanTech: recensione software intelligente, basato su cloud, per potenziare il coinvolgimento della tua comunit\u00e0.\" \/>\n<meta name=\"robots\" content=\"index, follow, max-snippet:-1, max-image-preview:large, max-video-preview:-1\" \/>\n<link rel=\"canonical\" href=\"https:\/\/www.accuratereviews.com\/it\/gestionale-per-associazioni\/toucantech-recensione\/\" \/>\n<meta property=\"og:locale\" content=\"it_IT\" \/>\n<meta property=\"og:type\" content=\"article\" \/>\n<meta property=\"og:title\" content=\"ToucanTech: recensione gestionale associazioni Accurate Reviews\" \/>\n<meta property=\"og:description\" content=\"ToucanTech: recensione software intelligente, basato su cloud, per potenziare il coinvolgimento della tua comunit\u00e0.\" \/>\n<meta property=\"og:url\" content=\"https:\/\/www.accuratereviews.com\/it\/gestionale-per-associazioni\/toucantech-recensione\/\" \/>\n<meta property=\"og:site_name\" content=\"Accurate Reviews\" \/>\n<meta property=\"og:image\" content=\"https:\/\/www.accuratereviews.com\/wp-content\/uploads\/2023\/05\/ToucanTech.webp\" \/>\n\t<meta property=\"og:image:width\" content=\"384\" \/>\n\t<meta property=\"og:image:height\" content=\"384\" \/>\n\t<meta property=\"og:image:type\" content=\"image\/webp\" \/>\n<meta name=\"twitter:card\" content=\"summary_large_image\" \/>\n<meta name=\"twitter:label1\" content=\"Tempo di lettura stimato\" \/>\n\t<meta name=\"twitter:data1\" content=\"5 minuti\" \/>\n<script type=\"application\/ld+json\" class=\"yoast-schema-graph\">{\"@context\":\"https:\\\/\\\/schema.org\",\"@graph\":[{\"@type\":\"WebPage\",\"@id\":\"https:\\\/\\\/www.accuratereviews.com\\\/it\\\/gestionale-per-associazioni\\\/toucantech-recensione\\\/\",\"url\":\"https:\\\/\\\/www.accuratereviews.com\\\/it\\\/gestionale-per-associazioni\\\/toucantech-recensione\\\/\",\"name\":\"ToucanTech: recensione gestionale associazioni Accurate Reviews\",\"isPartOf\":{\"@id\":\"https:\\\/\\\/www.accuratereviews.com\\\/it\\\/#website\"},\"primaryImageOfPage\":{\"@id\":\"https:\\\/\\\/www.accuratereviews.com\\\/it\\\/gestionale-per-associazioni\\\/toucantech-recensione\\\/#primaryimage\"},\"image\":{\"@id\":\"https:\\\/\\\/www.accuratereviews.com\\\/it\\\/gestionale-per-associazioni\\\/toucantech-recensione\\\/#primaryimage\"},\"thumbnailUrl\":\"https:\\\/\\\/www.accuratereviews.com\\\/wp-content\\\/uploads\\\/2023\\\/05\\\/ToucanTech.webp\",\"datePublished\":\"2023-05-03T12:23:56+00:00\",\"description\":\"ToucanTech: recensione software intelligente, basato su cloud, per potenziare il coinvolgimento della tua comunit\u00e0.\",\"breadcrumb\":{\"@id\":\"https:\\\/\\\/www.accuratereviews.com\\\/it\\\/gestionale-per-associazioni\\\/toucantech-recensione\\\/#breadcrumb\"},\"inLanguage\":\"it-IT\",\"potentialAction\":[{\"@type\":\"ReadAction\",\"target\":[\"https:\\\/\\\/www.accuratereviews.com\\\/it\\\/gestionale-per-associazioni\\\/toucantech-recensione\\\/\"]}]},{\"@type\":\"ImageObject\",\"inLanguage\":\"it-IT\",\"@id\":\"https:\\\/\\\/www.accuratereviews.com\\\/it\\\/gestionale-per-associazioni\\\/toucantech-recensione\\\/#primaryimage\",\"url\":\"https:\\\/\\\/www.accuratereviews.com\\\/wp-content\\\/uploads\\\/2023\\\/05\\\/ToucanTech.webp\",\"contentUrl\":\"https:\\\/\\\/www.accuratereviews.com\\\/wp-content\\\/uploads\\\/2023\\\/05\\\/ToucanTech.webp\",\"width\":384,\"height\":384},{\"@type\":\"BreadcrumbList\",\"@id\":\"https:\\\/\\\/www.accuratereviews.com\\\/it\\\/gestionale-per-associazioni\\\/toucantech-recensione\\\/#breadcrumb\",\"itemListElement\":[{\"@type\":\"ListItem\",\"position\":1,\"name\":\"Home\",\"item\":\"https:\\\/\\\/www.accuratereviews.com\\\/it\\\/\"},{\"@type\":\"ListItem\",\"position\":2,\"name\":\"Gestionale per associazioni\",\"item\":\"https:\\\/\\\/www.accuratereviews.com\\\/it\\\/gestionale-per-associazioni\\\/\"},{\"@type\":\"ListItem\",\"position\":3,\"name\":\"ToucanTech\"}]},{\"@type\":\"WebSite\",\"@id\":\"https:\\\/\\\/www.accuratereviews.com\\\/it\\\/#website\",\"url\":\"https:\\\/\\\/www.accuratereviews.com\\\/it\\\/\",\"name\":\"Accurate Reviews\",\"description\":\"\",\"potentialAction\":[{\"@type\":\"SearchAction\",\"target\":{\"@type\":\"EntryPoint\",\"urlTemplate\":\"https:\\\/\\\/www.accuratereviews.com\\\/it\\\/?s={search_term_string}\"},\"query-input\":{\"@type\":\"PropertyValueSpecification\",\"valueRequired\":true,\"valueName\":\"search_term_string\"}}],\"inLanguage\":\"it-IT\"}]}<\/script>\n<!-- \/ Yoast SEO plugin. -->","yoast_head_json":{"title":"ToucanTech: recensione gestionale associazioni Accurate Reviews","description":"ToucanTech: recensione software intelligente, basato su cloud, per potenziare il coinvolgimento della tua comunit\u00e0.","robots":{"index":"index","follow":"follow","max-snippet":"max-snippet:-1","max-image-preview":"max-image-preview:large","max-video-preview":"max-video-preview:-1"},"canonical":"https:\/\/www.accuratereviews.com\/it\/gestionale-per-associazioni\/toucantech-recensione\/","og_locale":"it_IT","og_type":"article","og_title":"ToucanTech: recensione gestionale associazioni Accurate Reviews","og_description":"ToucanTech: recensione software intelligente, basato su cloud, per potenziare il coinvolgimento della tua comunit\u00e0.","og_url":"https:\/\/www.accuratereviews.com\/it\/gestionale-per-associazioni\/toucantech-recensione\/","og_site_name":"Accurate Reviews","og_image":[{"width":384,"height":384,"url":"https:\/\/www.accuratereviews.com\/wp-content\/uploads\/2023\/05\/ToucanTech.webp","type":"image\/webp"}],"twitter_card":"summary_large_image","twitter_misc":{"Tempo di lettura stimato":"5 minuti"},"schema":{"@context":"https:\/\/schema.org","@graph":[{"@type":"WebPage","@id":"https:\/\/www.accuratereviews.com\/it\/gestionale-per-associazioni\/toucantech-recensione\/","url":"https:\/\/www.accuratereviews.com\/it\/gestionale-per-associazioni\/toucantech-recensione\/","name":"ToucanTech: recensione gestionale associazioni Accurate Reviews","isPartOf":{"@id":"https:\/\/www.accuratereviews.com\/it\/#website"},"primaryImageOfPage":{"@id":"https:\/\/www.accuratereviews.com\/it\/gestionale-per-associazioni\/toucantech-recensione\/#primaryimage"},"image":{"@id":"https:\/\/www.accuratereviews.com\/it\/gestionale-per-associazioni\/toucantech-recensione\/#primaryimage"},"thumbnailUrl":"https:\/\/www.accuratereviews.com\/wp-content\/uploads\/2023\/05\/ToucanTech.webp","datePublished":"2023-05-03T12:23:56+00:00","description":"ToucanTech: recensione software intelligente, basato su cloud, per potenziare il coinvolgimento della tua comunit\u00e0.","breadcrumb":{"@id":"https:\/\/www.accuratereviews.com\/it\/gestionale-per-associazioni\/toucantech-recensione\/#breadcrumb"},"inLanguage":"it-IT","potentialAction":[{"@type":"ReadAction","target":["https:\/\/www.accuratereviews.com\/it\/gestionale-per-associazioni\/toucantech-recensione\/"]}]},{"@type":"ImageObject","inLanguage":"it-IT","@id":"https:\/\/www.accuratereviews.com\/it\/gestionale-per-associazioni\/toucantech-recensione\/#primaryimage","url":"https:\/\/www.accuratereviews.com\/wp-content\/uploads\/2023\/05\/ToucanTech.webp","contentUrl":"https:\/\/www.accuratereviews.com\/wp-content\/uploads\/2023\/05\/ToucanTech.webp","width":384,"height":384},{"@type":"BreadcrumbList","@id":"https:\/\/www.accuratereviews.com\/it\/gestionale-per-associazioni\/toucantech-recensione\/#breadcrumb","itemListElement":[{"@type":"ListItem","position":1,"name":"Home","item":"https:\/\/www.accuratereviews.com\/it\/"},{"@type":"ListItem","position":2,"name":"Gestionale per associazioni","item":"https:\/\/www.accuratereviews.com\/it\/gestionale-per-associazioni\/"},{"@type":"ListItem","position":3,"name":"ToucanTech"}]},{"@type":"WebSite","@id":"https:\/\/www.accuratereviews.com\/it\/#website","url":"https:\/\/www.accuratereviews.com\/it\/","name":"Accurate Reviews","description":"","potentialAction":[{"@type":"SearchAction","target":{"@type":"EntryPoint","urlTemplate":"https:\/\/www.accuratereviews.com\/it\/?s={search_term_string}"},"query-input":{"@type":"PropertyValueSpecification","valueRequired":true,"valueName":"search_term_string"}}],"inLanguage":"it-IT"}]}},"_links":{"self":[{"href":"https:\/\/www.accuratereviews.com\/it\/wp-json\/wp\/v2\/pages\/69102","targetHints":{"allow":["GET"]}}],"collection":[{"href":"https:\/\/www.accuratereviews.com\/it\/wp-json\/wp\/v2\/pages"}],"about":[{"href":"https:\/\/www.accuratereviews.com\/it\/wp-json\/wp\/v2\/types\/page"}],"author":[{"embeddable":true,"href":"https:\/\/www.accuratereviews.com\/it\/wp-json\/wp\/v2\/users\/19"}],"replies":[{"embeddable":true,"href":"https:\/\/www.accuratereviews.com\/it\/wp-json\/wp\/v2\/comments?post=69102"}],"version-history":[{"count":10,"href":"https:\/\/www.accuratereviews.com\/it\/wp-json\/wp\/v2\/pages\/69102\/revisions"}],"predecessor-version":[{"id":69156,"href":"https:\/\/www.accuratereviews.com\/it\/wp-json\/wp\/v2\/pages\/69102\/revisions\/69156"}],"up":[{"embeddable":true,"href":"https:\/\/www.accuratereviews.com\/it\/wp-json\/wp\/v2\/pages\/35837"}],"wp:featuredmedia":[{"embeddable":true,"href":"https:\/\/www.accuratereviews.com\/it\/wp-json\/wp\/v2\/media\/69105"}],"wp:attachment":[{"href":"https:\/\/www.accuratereviews.com\/it\/wp-json\/wp\/v2\/media?parent=69102"}],"wp:term":[{"taxonomy":"category","embeddable":true,"href":"https:\/\/www.accuratereviews.com\/it\/wp-json\/wp\/v2\/categories?post=69102"},{"taxonomy":"post_tag","embeddable":true,"href":"https:\/\/www.accuratereviews.com\/it\/wp-json\/wp\/v2\/tags?post=69102"},{"taxonomy":"features","embeddable":true,"href":"https:\/\/www.accuratereviews.com\/it\/wp-json\/wp\/v2\/features?post=69102"}],"curies":[{"name":"wp","href":"https:\/\/api.w.org\/{rel}","templated":true}]}}