{"id":69165,"date":"2023-05-04T11:09:59","date_gmt":"2023-05-04T11:09:59","guid":{"rendered":"https:\/\/www.accuratereviews.com\/?page_id=69165"},"modified":"2023-05-04T11:09:59","modified_gmt":"2023-05-04T11:09:59","slug":"assoconnect-recensione","status":"publish","type":"page","link":"https:\/\/www.accuratereviews.com\/it\/gestionale-per-associazioni\/assoconnect-recensione\/","title":{"rendered":"AssoConnect"},"content":{"rendered":"<p><strong>AssoConnect<\/strong> \u00e8 un <strong>software di gestione delle associazioni<\/strong> basato su <strong>cloud<\/strong>, progettato per aiutare le organizzazioni senza scopo di lucro a gestire donazioni, pagamenti online, volontari ed eventi di raccolta fondi. Include un modulo CRM (Customer Relationship Management), che consente agli amministratori di archiviare informazioni su beneficiari, volontari e donatori come i dettagli di contatto, la cronologia dei volontari, lo stato dell&#8217;iscrizione, la partecipazione agli eventi e altro ancora.<br \/>\nL&#8217;applicazione consente ai dipendenti di creare ed eseguire campagne di donazione, caricare immagini o video e accettare donazioni una tantum o ricorrenti tramite l&#8217;elaborazione di carte di debito o di credito e bonifici di assegni. Le parti interessate possono utilizzare il costruttore di siti web di <strong>AssoConnect<\/strong> per aggiungere contenuti, logo, immagini, video e collegamenti ai social media su un&#8217;interfaccia drag-and-drop.<\/p>\n<h2>ASSOCONNECT &#8211; TUTORIAL<\/h2>\n<div id=\"fluid-wrapper-counter-1\" class=\"g1-fluid-wrapper \" style=\"width:686px;\">\n<div style=\"padding-bottom:56.268221574344%;\"><iframe loading=\"lazy\" title=\"G\u00e9rez efficacement vos \u00e9v\u00e9nements d&#039;associations avec la billetterie d&#039;AssoConnect\" width=\"686\" height=\"386\" src=\"https:\/\/www.youtube.com\/embed\/OQpLPVMjuDc?feature=oembed&amp;wmode=transparent&amp;autohide=1&amp;autoplay=0&amp;disablekb=0&amp;fs=1&amp;loop=0&amp;enablejsapi=1&amp;rel=0&amp;controls=2&amp;showinfo=0&amp;wmode=transparent&amp;autohide=2&amp;autoplay=0&amp;disablekb=0&amp;fs=1&amp;loop=0&amp;enablejsapi=1&amp;rel=0&amp;controls=2&amp;showinfo=1\" frameborder=\"0\" allow=\"accelerometer; autoplay; clipboard-write; encrypted-media; gyroscope; picture-in-picture; web-share\" allowfullscreen><\/iframe><\/div>\n<\/div>\n<h3>ASSOCONNECT &#8211; CARATTERISTICHE<\/h3>\n<ul>\n<li><strong>Registrazione contabile guidata<\/strong>: il software ti guida nell&#8217;inserimento delle tue spese e entrate. Indica le tue attivit\u00e0 e le traduce direttamente nei conti contabili corretti.<\/li>\n<li><strong>Collegato ad altri moduli software<\/strong>: il modulo contabilit\u00e0 associativa \u00e8 collegato alle altre funzionalit\u00e0 del software gestionale: trova direttamente in Contabilit\u00e0 le tue donazioni, le tue adesioni e gli acquisti di biglietti.<\/li>\n<li><strong>Documenti contabili<\/strong>: stato patrimoniale, conto economico, contabilit\u00e0 generale, giornali contabili e bilancio di verifica vengono generati automaticamente in formato Excel o PDF.<\/li>\n<li><strong>Pannelli di controllo e grafici riassuntivi:<\/strong> semplici indicatori ti aiutano a capire rapidamente e in tempo reale la situazione finanziaria della tua associazione per prendere le decisioni giuste.<\/li>\n<li><strong>Segui il tuo flusso di cassa in tempo reale<\/strong>: verifica che il tuo conto bancario e quello dell&#8217;associazione corrispondano. Per risparmiare ancora pi\u00f9 tempo, sincronizza il programma con la tua banca.<\/li>\n<li><strong>Monitora il denaro disponibile nel tuo conto online<\/strong>: se raccogli denaro tramite pagamento online, vedi sempre il saldo delle somme raccolte nel tuo conto online. In qualsiasi momento, trasferisci questo denaro sul tuo conto bancario.<\/li>\n<li><strong>Gestione del formato FEC:<\/strong> con un clic, genera un file in formato FEC (Accounting Entries File), supportato dalle autorit\u00e0 fiscali.<\/li>\n<li><strong>Comunicare efficacemente<\/strong>: scegli il canale di comunicazione che meglio si adatta ai gruppi o alle persone nel tuo database, tramite email o posta diretta.<\/li>\n<li><strong>Gestire meglio i suoi membri per risparmiare tempo e autonomia<\/strong>: visualizza il riepilogo di tutte le tue interazioni con un membro nel CRM della tua associazione. Consulta lo storico delle loro adesioni, donazioni, email inviate loro, ecc.<\/li>\n<li><strong>Organizza i diritti di accesso<\/strong>: definire propriet\u00e0 modificabili dai membri stessi, quelle modificabili solo dagli amministratori, propriet\u00e0 specifiche di determinati gruppi, ecc.<\/li>\n<\/ul>\n<h4>LE RECENSIONI DEGLI UTENTI<\/h4>\n<p><strong>Djibril &#8220;Semplice ed efficace!&#8221;<\/strong><br \/>\n<strong>Pro<\/strong>: software all-in-one Gestione semplice Elevata disponibilit\u00e0 del servizio di supporto per le poche rare volte che lo abbiamo richiesto.<br \/>\n<strong>Contro<\/strong>: I punti deboli sono:1 il design che rimane molto austero2 la mancanza di scelta in termini di colori e tema del sito web<\/p>\n<p><strong>Cyril &#8220;Indispensabile tutto in uno&#8221;<\/strong><br \/>\n<strong>Commento<\/strong>: Gestione end-to-end dei membri dall&#8217;abbonamento agli eventi dell&#8217;anno<br \/>\n<strong>Pro<\/strong>: gestione dei pagamenti degli abbonamenti online<br \/>\n<strong>Contro<\/strong>: modulo Contabilit\u00e0 da migliorare (chiusura complicata)<\/p>\n<p><strong>Emanuele &#8220;ottimo software&#8221;<\/strong><br \/>\n<strong>Pro<\/strong>: funzionalit\u00e0 semplice e gestione rapida. Possiamo gestire la nostra associazione con pi\u00f9 persone e condividere i compiti<br \/>\n<strong>Contro<\/strong>: pu\u00f2 un secondo indirizzo email per i soci. I figli di genitori divorziati sono penalizzati per alcuni eventi del club<\/p>\n","protected":false},"excerpt":{"rendered":"<p>AssoConnect \u00e8 un software di gestione delle associazioni basato su cloud, progettato per aiutare le organizzazioni senza scopo di lucro a gestire donazioni, pagamenti online, volontari ed eventi di raccolta fondi. Include un modulo CRM (Customer Relationship Management), che consente agli amministratori di archiviare informazioni su beneficiari, volontari e donatori come i dettagli di contatto, la cronologia dei volontari, lo stato dell&#8217;iscrizione, la partecipazione agli eventi e altro ancora.<\/p>\n","protected":false},"author":19,"featured_media":69168,"parent":35837,"menu_order":0,"comment_status":"open","ping_status":"closed","template":"g1_template_page_review_new.php","meta":{"_acf_changed":false,"cwp_meta_box_check":"Yes","cwp_rev_product_name":"","cwp_rev_product_image":"","wppr_links":[],"cwp_rev_price":"0.00","wppr_options":[{"name":"Usability","value":"0"},{"name":"Speed","value":"0"},{"name":"Features","value":"0"},{"name":"Support","value":"0"},{"name":"Pricing","value":"0"}],"wppr_pros":["","","","",""],"wppr_cons":["","","","",""],"_monsterinsights_skip_tracking":false,"_monsterinsights_sitenote_active":false,"_monsterinsights_sitenote_note":"","_monsterinsights_sitenote_category":0,"footnotes":""},"categories":[1943],"tags":[14287,4940,2008,1949,1947,1948],"features":[],"class_list":{"0":"post-69165","1":"page","2":"type-page","3":"status-publish","4":"has-post-thumbnail","6":"category-gestionale-per-associazioni-categoria","7":"tag-assoconnect","8":"tag-gestionale-associazioni","9":"tag-piattaforma-gestionale-associazioni","10":"tag-programma-gestionale-associazioni","11":"tag-software-gestionale-associazioni","12":"tag-soluzione-gestionale-associazioni"},"wppr_data":{"cwp_meta_box_check":"Yes","_wppr_review_template":"default","cwp_rev_product_image":"","cwp_image_link":"image","wppr_links":[],"cwp_rev_price":"0.00","wppr_pros":["","","","",""],"wppr_cons":["","","","",""],"wppr_rating":"0.00","wppr_options":{"1":{"name":"Usability","value":"0"},"2":{"name":"Speed","value":"0"},"3":{"name":"Features","value":"0"},"4":{"name":"Support","value":"0"},"5":{"name":"Pricing","value":"0"}},"wppr_review_type":"Product","wppr_review_custom_fields":{"additionalProperty":"","additionalType":"","aggregateRating":"","alternateName":"","audience":"","award":"","awards":"","brand":"","color":"","depth":"","description":"","disambiguatingDescription":"","gtin12":"","gtin13":"","gtin14":"","gtin8":"","height":"","identifier":"","image":"","isAccessoryOrSparePartFor":"","isConsumableFor":"","isRelatedTo":"","isSimilarTo":"","itemCondition":"","logo":"","mainEntityOfPage":"","manufacturer":"","material":"","model":"","mpn":"","name":"","offers":"","potentialAction":"","productID":"","productionDate":"","purchaseDate":"","releaseDate":"","review":"","reviews":"","sameAs":"","sku":"","slogan":"","subjectOf":"","url":"","weight":"","width":""}},"acf":[],"yoast_head":"<!-- This site is optimized with the Yoast SEO plugin v27.4 - https:\/\/yoast.com\/product\/yoast-seo-wordpress\/ -->\n<title>AssoConnect: recensione gestionale associazioni - AR<\/title>\n<meta name=\"description\" content=\"AssoConnect: recensione software gestionale per associazioni basato su cloud, progettato per aiutare le organizzazioni senza scopo di lucro.\" \/>\n<meta name=\"robots\" content=\"index, follow, max-snippet:-1, max-image-preview:large, max-video-preview:-1\" \/>\n<link rel=\"canonical\" href=\"https:\/\/www.accuratereviews.com\/it\/gestionale-per-associazioni\/assoconnect-recensione\/\" \/>\n<meta property=\"og:locale\" content=\"it_IT\" \/>\n<meta property=\"og:type\" content=\"article\" \/>\n<meta property=\"og:title\" content=\"AssoConnect: recensione gestionale associazioni - AR\" \/>\n<meta property=\"og:description\" content=\"AssoConnect: recensione software gestionale per associazioni basato su cloud, progettato per aiutare le organizzazioni senza scopo di lucro.\" \/>\n<meta property=\"og:url\" content=\"https:\/\/www.accuratereviews.com\/it\/gestionale-per-associazioni\/assoconnect-recensione\/\" \/>\n<meta property=\"og:site_name\" content=\"Accurate Reviews\" \/>\n<meta property=\"og:image\" content=\"https:\/\/www.accuratereviews.com\/wp-content\/uploads\/2023\/05\/AssoConnect2.png\" \/>\n\t<meta property=\"og:image:width\" content=\"858\" \/>\n\t<meta property=\"og:image:height\" content=\"858\" \/>\n\t<meta property=\"og:image:type\" content=\"image\/png\" \/>\n<meta name=\"twitter:card\" content=\"summary_large_image\" \/>\n<meta name=\"twitter:label1\" content=\"Tempo di lettura stimato\" \/>\n\t<meta name=\"twitter:data1\" content=\"3 minuti\" \/>\n<script type=\"application\/ld+json\" class=\"yoast-schema-graph\">{\"@context\":\"https:\\\/\\\/schema.org\",\"@graph\":[{\"@type\":\"WebPage\",\"@id\":\"https:\\\/\\\/www.accuratereviews.com\\\/it\\\/gestionale-per-associazioni\\\/assoconnect-recensione\\\/\",\"url\":\"https:\\\/\\\/www.accuratereviews.com\\\/it\\\/gestionale-per-associazioni\\\/assoconnect-recensione\\\/\",\"name\":\"AssoConnect: recensione gestionale associazioni - AR\",\"isPartOf\":{\"@id\":\"https:\\\/\\\/www.accuratereviews.com\\\/it\\\/#website\"},\"primaryImageOfPage\":{\"@id\":\"https:\\\/\\\/www.accuratereviews.com\\\/it\\\/gestionale-per-associazioni\\\/assoconnect-recensione\\\/#primaryimage\"},\"image\":{\"@id\":\"https:\\\/\\\/www.accuratereviews.com\\\/it\\\/gestionale-per-associazioni\\\/assoconnect-recensione\\\/#primaryimage\"},\"thumbnailUrl\":\"https:\\\/\\\/www.accuratereviews.com\\\/wp-content\\\/uploads\\\/2023\\\/05\\\/AssoConnect2.png\",\"datePublished\":\"2023-05-04T11:09:59+00:00\",\"description\":\"AssoConnect: recensione software gestionale per associazioni basato su cloud, progettato per aiutare le organizzazioni senza scopo di lucro.\",\"breadcrumb\":{\"@id\":\"https:\\\/\\\/www.accuratereviews.com\\\/it\\\/gestionale-per-associazioni\\\/assoconnect-recensione\\\/#breadcrumb\"},\"inLanguage\":\"it-IT\",\"potentialAction\":[{\"@type\":\"ReadAction\",\"target\":[\"https:\\\/\\\/www.accuratereviews.com\\\/it\\\/gestionale-per-associazioni\\\/assoconnect-recensione\\\/\"]}]},{\"@type\":\"ImageObject\",\"inLanguage\":\"it-IT\",\"@id\":\"https:\\\/\\\/www.accuratereviews.com\\\/it\\\/gestionale-per-associazioni\\\/assoconnect-recensione\\\/#primaryimage\",\"url\":\"https:\\\/\\\/www.accuratereviews.com\\\/wp-content\\\/uploads\\\/2023\\\/05\\\/AssoConnect2.png\",\"contentUrl\":\"https:\\\/\\\/www.accuratereviews.com\\\/wp-content\\\/uploads\\\/2023\\\/05\\\/AssoConnect2.png\",\"width\":858,\"height\":858},{\"@type\":\"BreadcrumbList\",\"@id\":\"https:\\\/\\\/www.accuratereviews.com\\\/it\\\/gestionale-per-associazioni\\\/assoconnect-recensione\\\/#breadcrumb\",\"itemListElement\":[{\"@type\":\"ListItem\",\"position\":1,\"name\":\"Home\",\"item\":\"https:\\\/\\\/www.accuratereviews.com\\\/it\\\/\"},{\"@type\":\"ListItem\",\"position\":2,\"name\":\"Gestionale per associazioni\",\"item\":\"https:\\\/\\\/www.accuratereviews.com\\\/it\\\/gestionale-per-associazioni\\\/\"},{\"@type\":\"ListItem\",\"position\":3,\"name\":\"AssoConnect\"}]},{\"@type\":\"WebSite\",\"@id\":\"https:\\\/\\\/www.accuratereviews.com\\\/it\\\/#website\",\"url\":\"https:\\\/\\\/www.accuratereviews.com\\\/it\\\/\",\"name\":\"Accurate Reviews\",\"description\":\"\",\"potentialAction\":[{\"@type\":\"SearchAction\",\"target\":{\"@type\":\"EntryPoint\",\"urlTemplate\":\"https:\\\/\\\/www.accuratereviews.com\\\/it\\\/?s={search_term_string}\"},\"query-input\":{\"@type\":\"PropertyValueSpecification\",\"valueRequired\":true,\"valueName\":\"search_term_string\"}}],\"inLanguage\":\"it-IT\"}]}<\/script>\n<!-- \/ Yoast SEO plugin. -->","yoast_head_json":{"title":"AssoConnect: recensione gestionale associazioni - AR","description":"AssoConnect: recensione software gestionale per associazioni basato su cloud, progettato per aiutare le organizzazioni senza scopo di lucro.","robots":{"index":"index","follow":"follow","max-snippet":"max-snippet:-1","max-image-preview":"max-image-preview:large","max-video-preview":"max-video-preview:-1"},"canonical":"https:\/\/www.accuratereviews.com\/it\/gestionale-per-associazioni\/assoconnect-recensione\/","og_locale":"it_IT","og_type":"article","og_title":"AssoConnect: recensione gestionale associazioni - AR","og_description":"AssoConnect: recensione software gestionale per associazioni basato su cloud, progettato per aiutare le organizzazioni senza scopo di lucro.","og_url":"https:\/\/www.accuratereviews.com\/it\/gestionale-per-associazioni\/assoconnect-recensione\/","og_site_name":"Accurate Reviews","og_image":[{"width":858,"height":858,"url":"https:\/\/www.accuratereviews.com\/wp-content\/uploads\/2023\/05\/AssoConnect2.png","type":"image\/png"}],"twitter_card":"summary_large_image","twitter_misc":{"Tempo di lettura stimato":"3 minuti"},"schema":{"@context":"https:\/\/schema.org","@graph":[{"@type":"WebPage","@id":"https:\/\/www.accuratereviews.com\/it\/gestionale-per-associazioni\/assoconnect-recensione\/","url":"https:\/\/www.accuratereviews.com\/it\/gestionale-per-associazioni\/assoconnect-recensione\/","name":"AssoConnect: recensione gestionale associazioni - AR","isPartOf":{"@id":"https:\/\/www.accuratereviews.com\/it\/#website"},"primaryImageOfPage":{"@id":"https:\/\/www.accuratereviews.com\/it\/gestionale-per-associazioni\/assoconnect-recensione\/#primaryimage"},"image":{"@id":"https:\/\/www.accuratereviews.com\/it\/gestionale-per-associazioni\/assoconnect-recensione\/#primaryimage"},"thumbnailUrl":"https:\/\/www.accuratereviews.com\/wp-content\/uploads\/2023\/05\/AssoConnect2.png","datePublished":"2023-05-04T11:09:59+00:00","description":"AssoConnect: recensione software gestionale per associazioni basato su cloud, progettato per aiutare le organizzazioni senza scopo di lucro.","breadcrumb":{"@id":"https:\/\/www.accuratereviews.com\/it\/gestionale-per-associazioni\/assoconnect-recensione\/#breadcrumb"},"inLanguage":"it-IT","potentialAction":[{"@type":"ReadAction","target":["https:\/\/www.accuratereviews.com\/it\/gestionale-per-associazioni\/assoconnect-recensione\/"]}]},{"@type":"ImageObject","inLanguage":"it-IT","@id":"https:\/\/www.accuratereviews.com\/it\/gestionale-per-associazioni\/assoconnect-recensione\/#primaryimage","url":"https:\/\/www.accuratereviews.com\/wp-content\/uploads\/2023\/05\/AssoConnect2.png","contentUrl":"https:\/\/www.accuratereviews.com\/wp-content\/uploads\/2023\/05\/AssoConnect2.png","width":858,"height":858},{"@type":"BreadcrumbList","@id":"https:\/\/www.accuratereviews.com\/it\/gestionale-per-associazioni\/assoconnect-recensione\/#breadcrumb","itemListElement":[{"@type":"ListItem","position":1,"name":"Home","item":"https:\/\/www.accuratereviews.com\/it\/"},{"@type":"ListItem","position":2,"name":"Gestionale per associazioni","item":"https:\/\/www.accuratereviews.com\/it\/gestionale-per-associazioni\/"},{"@type":"ListItem","position":3,"name":"AssoConnect"}]},{"@type":"WebSite","@id":"https:\/\/www.accuratereviews.com\/it\/#website","url":"https:\/\/www.accuratereviews.com\/it\/","name":"Accurate Reviews","description":"","potentialAction":[{"@type":"SearchAction","target":{"@type":"EntryPoint","urlTemplate":"https:\/\/www.accuratereviews.com\/it\/?s={search_term_string}"},"query-input":{"@type":"PropertyValueSpecification","valueRequired":true,"valueName":"search_term_string"}}],"inLanguage":"it-IT"}]}},"_links":{"self":[{"href":"https:\/\/www.accuratereviews.com\/it\/wp-json\/wp\/v2\/pages\/69165","targetHints":{"allow":["GET"]}}],"collection":[{"href":"https:\/\/www.accuratereviews.com\/it\/wp-json\/wp\/v2\/pages"}],"about":[{"href":"https:\/\/www.accuratereviews.com\/it\/wp-json\/wp\/v2\/types\/page"}],"author":[{"embeddable":true,"href":"https:\/\/www.accuratereviews.com\/it\/wp-json\/wp\/v2\/users\/19"}],"replies":[{"embeddable":true,"href":"https:\/\/www.accuratereviews.com\/it\/wp-json\/wp\/v2\/comments?post=69165"}],"version-history":[{"count":8,"href":"https:\/\/www.accuratereviews.com\/it\/wp-json\/wp\/v2\/pages\/69165\/revisions"}],"predecessor-version":[{"id":69186,"href":"https:\/\/www.accuratereviews.com\/it\/wp-json\/wp\/v2\/pages\/69165\/revisions\/69186"}],"up":[{"embeddable":true,"href":"https:\/\/www.accuratereviews.com\/it\/wp-json\/wp\/v2\/pages\/35837"}],"wp:featuredmedia":[{"embeddable":true,"href":"https:\/\/www.accuratereviews.com\/it\/wp-json\/wp\/v2\/media\/69168"}],"wp:attachment":[{"href":"https:\/\/www.accuratereviews.com\/it\/wp-json\/wp\/v2\/media?parent=69165"}],"wp:term":[{"taxonomy":"category","embeddable":true,"href":"https:\/\/www.accuratereviews.com\/it\/wp-json\/wp\/v2\/categories?post=69165"},{"taxonomy":"post_tag","embeddable":true,"href":"https:\/\/www.accuratereviews.com\/it\/wp-json\/wp\/v2\/tags?post=69165"},{"taxonomy":"features","embeddable":true,"href":"https:\/\/www.accuratereviews.com\/it\/wp-json\/wp\/v2\/features?post=69165"}],"curies":[{"name":"wp","href":"https:\/\/api.w.org\/{rel}","templated":true}]}}