{"id":69177,"date":"2023-05-04T11:25:31","date_gmt":"2023-05-04T11:25:31","guid":{"rendered":"https:\/\/www.accuratereviews.com\/?page_id=69177"},"modified":"2023-05-05T08:26:31","modified_gmt":"2023-05-05T08:26:31","slug":"webpunch-recensione","status":"publish","type":"page","link":"https:\/\/www.accuratereviews.com\/it\/software-gestione-recensioni\/webpunch-recensione\/","title":{"rendered":"WebPunch"},"content":{"rendered":"<p><strong>WebPunch<\/strong> \u00e8 un software che ti consente di ricevere <strong>feedback in tempo reale<\/strong> per misurare ci\u00f2 che sta andando bene e ci\u00f2 che potrebbe essere migliorato. Questo <strong>programma per gestire recensioni<\/strong> permette di identificare facilmente i punti di forza e di debolezza percepiti dai tuoi clienti e, di conseguenza, di apportare i cambiamenti che sono utili a migliorare la loro esperienza.<br \/>\nL&#8217;obiettivo di <strong>WebPunch<\/strong> \u00e8 quello di gestire al meglio tua reputazione online, inviandoti avvisi ogni volta che un utente rilascia un commento e offrendoti strumenti e filtri intuitivi in grado di identificare le tendenze e\u00a0creare campagne di marketing e di assistenza clienti mirate che rispondano alle esigenze e ai desideri del tuo pubblico.<\/p>\n<h2>WEBPUNCH &#8211; TUTORIAL<\/h2>\n<div id=\"fluid-wrapper-counter-1\" class=\"g1-fluid-wrapper \" style=\"width:686px;\">\n<div style=\"padding-bottom:56.268221574344%;\"><iframe loading=\"lazy\" title=\"Online Review Management\" width=\"686\" height=\"386\" src=\"https:\/\/www.youtube.com\/embed\/8BwzwWbDdFY?feature=oembed&amp;wmode=transparent&amp;autohide=1&amp;autoplay=0&amp;disablekb=0&amp;fs=1&amp;loop=0&amp;enablejsapi=1&amp;rel=0&amp;controls=2&amp;showinfo=0&amp;wmode=transparent&amp;autohide=2&amp;autoplay=0&amp;disablekb=0&amp;fs=1&amp;loop=0&amp;enablejsapi=1&amp;rel=0&amp;controls=2&amp;showinfo=1\" frameborder=\"0\" allow=\"accelerometer; autoplay; clipboard-write; encrypted-media; gyroscope; picture-in-picture; web-share\" allowfullscreen><\/iframe><\/div>\n<\/div>\n<h3>WEBPUNCH &#8211; CARATTERISTICHE<\/h3>\n<ul>\n<li><strong>Feedback<\/strong>: senti cosa pensano i tuoi clienti di te prima che lo facciano gli altri. Sai cosa funziona, cosa pu\u00f2 essere migliorato e intervieni su un problema prima che un cliente decida di condividerlo online.<\/li>\n<li><strong>Recensioni online<\/strong>: trasforma i tuoi feedback positivi in recensioni online positive, diventa pi\u00f9 facilmente ricercabile su Google e guarda la tua reputazione salire alle stelle.<\/li>\n<li><strong>Monitoraggio online<\/strong>: tieni d&#8217;occhio ogni luogo in cui la tua azienda compare online e sarai il primo a sapere quando ci sono nuove attivit\u00e0 o nuove recensioni sulla tua pagina.<\/li>\n<li><strong>Risposta alle recensioni<\/strong>: scrittori professionisti risponderanno a ogni singola recensione, positiva o negativa, assicurando che la voce del tuo marchio venga trasmessa in ogni risposta.<\/li>\n<li><strong>Inserzioni aziendali<\/strong>: da Google a Facebook, fino a HomeAdvisor o Thumbtack, sarai visibile sulle piattaforme che desideri e avrai un posizionamento elevato nei risultati di ricerca.<\/li>\n<\/ul>\n<h4>LE RECENSIONI DEGLI UTENTI<\/h4>\n<p><strong>Tiffiny &#8220;WebPunch ha reso la gestione delle mie recensioni un gioco da ragazzi! Li consiglio vivamente!&#8221;.<\/strong><br \/>\nPro: La facilit\u00e0 di utilizzo del sito web e l&#8217;accesso ai report. I report sono facili da leggere e da capire. Il formato \u00e8 accattivante e chiaro. Il team che si occupa del software \u00e8 eccellente.<br \/>\nContro: Suggerirei solo la possibilit\u00e0 di stampare le recensioni &#8211; creare una vista stampabile delle recensioni in modo da poterle condividere con il mio team senza dover produrre un noioso foglio di calcolo Xcel.<\/p>\n<p><strong>Nolan &#8220;Web Punch \u00e8 stato fondamentale per la gestione della nostra reputazione online!&#8221;.<\/strong><br \/>\nCommenti: Facilit\u00e0 nel mantenere la nostra reputazione online al top! Facile monitoraggio della nostra presenza online senza doverla monitorare costantemente.<br \/>\nPro: Web Punch ci permette di concentrarci sul nostro business invece di preoccuparci della nostra presenza online. Sappiamo che Web Punch ci informa quando abbiamo una recensione positiva o negativa e ci aiuta sempre a rispondere. La nostra account manager \u00e8 la migliore! \u00c8 veloce nel rispondere e sempre puntuale!<br \/>\nContro: Non abbiamo davvero nessun aspetto negativo del software! Web Punch \u00e8 stato fondamentale per mantenere la nostra reputazione online al top!<\/p>\n<p><strong>Bryan &#8220;Uso il servizio, non il software&#8221;.<\/strong><br \/>\nCommenti: Non \u00e8 un software quello che ricevo da loro, \u00e8 un servizio che risponde alle recensioni che ricevo su internet.<br \/>\nPro: Mi piace che i recensori con cui ho avuto a che fare siano stati fantastici e reattivi. Le risposte che scrivono sono puntuali.<br \/>\nContro: Non coprono o esaminano tutte le potenziali recensioni che ci sono in giro. Che altro c&#8217;\u00e8 da dire?<\/p>\n","protected":false},"excerpt":{"rendered":"<p>WebPunch \u00e8 un software che ti consente di ricevere feedback in tempo reale per misurare ci\u00f2 che sta andando bene e ci\u00f2 che potrebbe essere migliorato. Questo programma per gestire recensioni permette di identificare facilmente i punti di forza e di debolezza percepiti dai tuoi clienti e, di conseguenza, di apportare i cambiamenti che sono utili a migliorare la loro esperienza.<\/p>\n","protected":false},"author":17,"featured_media":69179,"parent":60645,"menu_order":0,"comment_status":"open","ping_status":"closed","template":"g1_template_page_review_new.php","meta":{"_acf_changed":false,"cwp_meta_box_check":"No","cwp_rev_product_name":"","cwp_rev_product_image":"","wppr_links":[],"cwp_rev_price":"","wppr_options":[],"wppr_pros":[],"wppr_cons":[],"_monsterinsights_skip_tracking":false,"_monsterinsights_sitenote_active":false,"_monsterinsights_sitenote_note":"","_monsterinsights_sitenote_category":0,"footnotes":""},"categories":[13158],"tags":[13178,13248,13249,13246],"features":[],"class_list":{"0":"post-69177","1":"page","2":"type-page","3":"status-publish","4":"has-post-thumbnail","6":"category-software-per-la-gestione-delle-recensioni","7":"tag-app-gestione-recensioni","8":"tag-piattaforma-di-gestione-recensioni","9":"tag-programma-di-gestione-recensioni","10":"tag-software-di-gestione-recensioni"},"wppr_data":{"cwp_meta_box_check":"No"},"acf":[],"yoast_head":"<!-- This site is optimized with the Yoast SEO plugin v27.4 - https:\/\/yoast.com\/product\/yoast-seo-wordpress\/ -->\n<title>WebPunch: software gestione recensioni - Accurate Reviews<\/title>\n<meta name=\"description\" content=\"WebPunch: software che ti consente di ricevere feedback in tempo reale per monitorare la tua reputazione online.\" \/>\n<meta name=\"robots\" content=\"index, follow, max-snippet:-1, max-image-preview:large, max-video-preview:-1\" \/>\n<link rel=\"canonical\" href=\"https:\/\/www.accuratereviews.com\/it\/software-gestione-recensioni\/webpunch-recensione\/\" \/>\n<meta property=\"og:locale\" content=\"it_IT\" \/>\n<meta property=\"og:type\" content=\"article\" \/>\n<meta property=\"og:title\" content=\"WebPunch: software gestione recensioni - Accurate Reviews\" \/>\n<meta property=\"og:description\" content=\"WebPunch: software che ti consente di ricevere feedback in tempo reale per monitorare la tua reputazione online.\" \/>\n<meta property=\"og:url\" content=\"https:\/\/www.accuratereviews.com\/it\/software-gestione-recensioni\/webpunch-recensione\/\" \/>\n<meta property=\"og:site_name\" content=\"Accurate Reviews\" \/>\n<meta property=\"article:modified_time\" content=\"2023-05-05T08:26:31+00:00\" \/>\n<meta property=\"og:image\" content=\"https:\/\/www.accuratereviews.com\/wp-content\/uploads\/2023\/05\/WebPunch_Logo_Horizontal.png\" \/>\n\t<meta property=\"og:image:width\" content=\"1500\" \/>\n\t<meta property=\"og:image:height\" content=\"332\" \/>\n\t<meta property=\"og:image:type\" content=\"image\/png\" \/>\n<meta name=\"twitter:card\" content=\"summary_large_image\" \/>\n<meta name=\"twitter:label1\" content=\"Tempo di lettura stimato\" \/>\n\t<meta name=\"twitter:data1\" content=\"3 minuti\" \/>\n<script type=\"application\/ld+json\" class=\"yoast-schema-graph\">{\"@context\":\"https:\\\/\\\/schema.org\",\"@graph\":[{\"@type\":\"WebPage\",\"@id\":\"https:\\\/\\\/www.accuratereviews.com\\\/it\\\/software-gestione-recensioni\\\/webpunch-recensione\\\/\",\"url\":\"https:\\\/\\\/www.accuratereviews.com\\\/it\\\/software-gestione-recensioni\\\/webpunch-recensione\\\/\",\"name\":\"WebPunch: software gestione recensioni - Accurate Reviews\",\"isPartOf\":{\"@id\":\"https:\\\/\\\/www.accuratereviews.com\\\/it\\\/#website\"},\"primaryImageOfPage\":{\"@id\":\"https:\\\/\\\/www.accuratereviews.com\\\/it\\\/software-gestione-recensioni\\\/webpunch-recensione\\\/#primaryimage\"},\"image\":{\"@id\":\"https:\\\/\\\/www.accuratereviews.com\\\/it\\\/software-gestione-recensioni\\\/webpunch-recensione\\\/#primaryimage\"},\"thumbnailUrl\":\"https:\\\/\\\/www.accuratereviews.com\\\/wp-content\\\/uploads\\\/2023\\\/05\\\/WebPunch_Logo_Horizontal.png\",\"datePublished\":\"2023-05-04T11:25:31+00:00\",\"dateModified\":\"2023-05-05T08:26:31+00:00\",\"description\":\"WebPunch: software che ti consente di ricevere feedback in tempo reale per monitorare la tua reputazione online.\",\"breadcrumb\":{\"@id\":\"https:\\\/\\\/www.accuratereviews.com\\\/it\\\/software-gestione-recensioni\\\/webpunch-recensione\\\/#breadcrumb\"},\"inLanguage\":\"it-IT\",\"potentialAction\":[{\"@type\":\"ReadAction\",\"target\":[\"https:\\\/\\\/www.accuratereviews.com\\\/it\\\/software-gestione-recensioni\\\/webpunch-recensione\\\/\"]}]},{\"@type\":\"ImageObject\",\"inLanguage\":\"it-IT\",\"@id\":\"https:\\\/\\\/www.accuratereviews.com\\\/it\\\/software-gestione-recensioni\\\/webpunch-recensione\\\/#primaryimage\",\"url\":\"https:\\\/\\\/www.accuratereviews.com\\\/wp-content\\\/uploads\\\/2023\\\/05\\\/WebPunch_Logo_Horizontal.png\",\"contentUrl\":\"https:\\\/\\\/www.accuratereviews.com\\\/wp-content\\\/uploads\\\/2023\\\/05\\\/WebPunch_Logo_Horizontal.png\",\"width\":1500,\"height\":332},{\"@type\":\"BreadcrumbList\",\"@id\":\"https:\\\/\\\/www.accuratereviews.com\\\/it\\\/software-gestione-recensioni\\\/webpunch-recensione\\\/#breadcrumb\",\"itemListElement\":[{\"@type\":\"ListItem\",\"position\":1,\"name\":\"Home\",\"item\":\"https:\\\/\\\/www.accuratereviews.com\\\/it\\\/\"},{\"@type\":\"ListItem\",\"position\":2,\"name\":\"Software per la gestione delle recensioni\",\"item\":\"https:\\\/\\\/www.accuratereviews.com\\\/it\\\/software-gestione-recensioni\\\/\"},{\"@type\":\"ListItem\",\"position\":3,\"name\":\"WebPunch\"}]},{\"@type\":\"WebSite\",\"@id\":\"https:\\\/\\\/www.accuratereviews.com\\\/it\\\/#website\",\"url\":\"https:\\\/\\\/www.accuratereviews.com\\\/it\\\/\",\"name\":\"Accurate Reviews\",\"description\":\"\",\"potentialAction\":[{\"@type\":\"SearchAction\",\"target\":{\"@type\":\"EntryPoint\",\"urlTemplate\":\"https:\\\/\\\/www.accuratereviews.com\\\/it\\\/?s={search_term_string}\"},\"query-input\":{\"@type\":\"PropertyValueSpecification\",\"valueRequired\":true,\"valueName\":\"search_term_string\"}}],\"inLanguage\":\"it-IT\"}]}<\/script>\n<!-- \/ Yoast SEO plugin. -->","yoast_head_json":{"title":"WebPunch: software gestione recensioni - Accurate Reviews","description":"WebPunch: software che ti consente di ricevere feedback in tempo reale per monitorare la tua reputazione online.","robots":{"index":"index","follow":"follow","max-snippet":"max-snippet:-1","max-image-preview":"max-image-preview:large","max-video-preview":"max-video-preview:-1"},"canonical":"https:\/\/www.accuratereviews.com\/it\/software-gestione-recensioni\/webpunch-recensione\/","og_locale":"it_IT","og_type":"article","og_title":"WebPunch: software gestione recensioni - Accurate Reviews","og_description":"WebPunch: software che ti consente di ricevere feedback in tempo reale per monitorare la tua reputazione online.","og_url":"https:\/\/www.accuratereviews.com\/it\/software-gestione-recensioni\/webpunch-recensione\/","og_site_name":"Accurate Reviews","article_modified_time":"2023-05-05T08:26:31+00:00","og_image":[{"width":1500,"height":332,"url":"https:\/\/www.accuratereviews.com\/wp-content\/uploads\/2023\/05\/WebPunch_Logo_Horizontal.png","type":"image\/png"}],"twitter_card":"summary_large_image","twitter_misc":{"Tempo di lettura stimato":"3 minuti"},"schema":{"@context":"https:\/\/schema.org","@graph":[{"@type":"WebPage","@id":"https:\/\/www.accuratereviews.com\/it\/software-gestione-recensioni\/webpunch-recensione\/","url":"https:\/\/www.accuratereviews.com\/it\/software-gestione-recensioni\/webpunch-recensione\/","name":"WebPunch: software gestione recensioni - Accurate Reviews","isPartOf":{"@id":"https:\/\/www.accuratereviews.com\/it\/#website"},"primaryImageOfPage":{"@id":"https:\/\/www.accuratereviews.com\/it\/software-gestione-recensioni\/webpunch-recensione\/#primaryimage"},"image":{"@id":"https:\/\/www.accuratereviews.com\/it\/software-gestione-recensioni\/webpunch-recensione\/#primaryimage"},"thumbnailUrl":"https:\/\/www.accuratereviews.com\/wp-content\/uploads\/2023\/05\/WebPunch_Logo_Horizontal.png","datePublished":"2023-05-04T11:25:31+00:00","dateModified":"2023-05-05T08:26:31+00:00","description":"WebPunch: software che ti consente di ricevere feedback in tempo reale per monitorare la tua reputazione online.","breadcrumb":{"@id":"https:\/\/www.accuratereviews.com\/it\/software-gestione-recensioni\/webpunch-recensione\/#breadcrumb"},"inLanguage":"it-IT","potentialAction":[{"@type":"ReadAction","target":["https:\/\/www.accuratereviews.com\/it\/software-gestione-recensioni\/webpunch-recensione\/"]}]},{"@type":"ImageObject","inLanguage":"it-IT","@id":"https:\/\/www.accuratereviews.com\/it\/software-gestione-recensioni\/webpunch-recensione\/#primaryimage","url":"https:\/\/www.accuratereviews.com\/wp-content\/uploads\/2023\/05\/WebPunch_Logo_Horizontal.png","contentUrl":"https:\/\/www.accuratereviews.com\/wp-content\/uploads\/2023\/05\/WebPunch_Logo_Horizontal.png","width":1500,"height":332},{"@type":"BreadcrumbList","@id":"https:\/\/www.accuratereviews.com\/it\/software-gestione-recensioni\/webpunch-recensione\/#breadcrumb","itemListElement":[{"@type":"ListItem","position":1,"name":"Home","item":"https:\/\/www.accuratereviews.com\/it\/"},{"@type":"ListItem","position":2,"name":"Software per la gestione delle recensioni","item":"https:\/\/www.accuratereviews.com\/it\/software-gestione-recensioni\/"},{"@type":"ListItem","position":3,"name":"WebPunch"}]},{"@type":"WebSite","@id":"https:\/\/www.accuratereviews.com\/it\/#website","url":"https:\/\/www.accuratereviews.com\/it\/","name":"Accurate Reviews","description":"","potentialAction":[{"@type":"SearchAction","target":{"@type":"EntryPoint","urlTemplate":"https:\/\/www.accuratereviews.com\/it\/?s={search_term_string}"},"query-input":{"@type":"PropertyValueSpecification","valueRequired":true,"valueName":"search_term_string"}}],"inLanguage":"it-IT"}]}},"_links":{"self":[{"href":"https:\/\/www.accuratereviews.com\/it\/wp-json\/wp\/v2\/pages\/69177","targetHints":{"allow":["GET"]}}],"collection":[{"href":"https:\/\/www.accuratereviews.com\/it\/wp-json\/wp\/v2\/pages"}],"about":[{"href":"https:\/\/www.accuratereviews.com\/it\/wp-json\/wp\/v2\/types\/page"}],"author":[{"embeddable":true,"href":"https:\/\/www.accuratereviews.com\/it\/wp-json\/wp\/v2\/users\/17"}],"replies":[{"embeddable":true,"href":"https:\/\/www.accuratereviews.com\/it\/wp-json\/wp\/v2\/comments?post=69177"}],"version-history":[{"count":5,"href":"https:\/\/www.accuratereviews.com\/it\/wp-json\/wp\/v2\/pages\/69177\/revisions"}],"predecessor-version":[{"id":69214,"href":"https:\/\/www.accuratereviews.com\/it\/wp-json\/wp\/v2\/pages\/69177\/revisions\/69214"}],"up":[{"embeddable":true,"href":"https:\/\/www.accuratereviews.com\/it\/wp-json\/wp\/v2\/pages\/60645"}],"wp:featuredmedia":[{"embeddable":true,"href":"https:\/\/www.accuratereviews.com\/it\/wp-json\/wp\/v2\/media\/69179"}],"wp:attachment":[{"href":"https:\/\/www.accuratereviews.com\/it\/wp-json\/wp\/v2\/media?parent=69177"}],"wp:term":[{"taxonomy":"category","embeddable":true,"href":"https:\/\/www.accuratereviews.com\/it\/wp-json\/wp\/v2\/categories?post=69177"},{"taxonomy":"post_tag","embeddable":true,"href":"https:\/\/www.accuratereviews.com\/it\/wp-json\/wp\/v2\/tags?post=69177"},{"taxonomy":"features","embeddable":true,"href":"https:\/\/www.accuratereviews.com\/it\/wp-json\/wp\/v2\/features?post=69177"}],"curies":[{"name":"wp","href":"https:\/\/api.w.org\/{rel}","templated":true}]}}