{"id":69195,"date":"2023-05-06T11:08:52","date_gmt":"2023-05-06T11:08:52","guid":{"rendered":"https:\/\/www.accuratereviews.com\/?page_id=69195"},"modified":"2023-05-06T11:08:52","modified_gmt":"2023-05-06T11:08:52","slug":"vaave-recensione","status":"publish","type":"page","link":"https:\/\/www.accuratereviews.com\/it\/gestionale-per-associazioni\/vaave-recensione\/","title":{"rendered":"Vaave"},"content":{"rendered":"<p><strong>Vaave<\/strong>\u00a0\u00e8 una\u00a0<strong>soluzione per la gestione e il coinvolgimento degli alunni<\/strong>\u00a0basata su\u00a0<strong>cloud<\/strong>, che consente agli utenti dI connettersi con ex membri e mantenere un database di rete tramite dashboard unificato. Le funzionalit\u00e0 principali della piattaforma includono la gestione del database e degli eventi, la raccolta fondi, la bacheca dei lavori, la mailing list, gli account utente, le comunit\u00e0, il portale dei membri, l&#8217;analisi e i report in tempo reale, le app mobili integrate e la gestione del sito web. Permette alle istituzioni educative di creare, mantenere, ordinare e modificare il database degli ex membri. Gli utenti possono pianificare e organizzare riunioni, raccogliere fondi, gestire pagamenti online e inviare comunicazioni mirate. Inoltre, la piattaforma aumenta le opportunit\u00e0 di carriera e facilita l&#8217;avanzamento dell&#8217;istruzione superiore. La piattaforma possiede ulteriori funzionalit\u00e0 tra cui help desk, gestione delle uscite, database dei dipendenti, analisi dei sondaggi e gestione dei feedback.<\/p>\n<h2>VAAVE &#8211; TUTORIAL<\/h2>\n<div id=\"fluid-wrapper-counter-1\" class=\"g1-fluid-wrapper \" style=\"width:686px;\">\n<div style=\"padding-bottom:56.268221574344%;\"><iframe loading=\"lazy\" title=\"Vaave&#039;s Alumni Leadership Program - Its time to payback!!\" width=\"515\" height=\"386\" src=\"https:\/\/www.youtube.com\/embed\/KbSWdBg5lH0?feature=oembed&amp;wmode=transparent&amp;autohide=1&amp;autoplay=0&amp;disablekb=0&amp;fs=1&amp;loop=0&amp;enablejsapi=1&amp;rel=0&amp;controls=2&amp;showinfo=0&amp;wmode=transparent&amp;autohide=2&amp;autoplay=0&amp;disablekb=0&amp;fs=1&amp;loop=0&amp;enablejsapi=1&amp;rel=0&amp;controls=2&amp;showinfo=1\" frameborder=\"0\" allow=\"accelerometer; autoplay; clipboard-write; encrypted-media; gyroscope; picture-in-picture; web-share\" allowfullscreen><\/iframe><\/div>\n<\/div>\n<h3>VAAVE &#8211; CARATTERISTICHE<\/h3>\n<ul>\n<li><strong>Servizi professionali<\/strong>: aumenta il coinvolgimento degli ex studenti con servizi che soddisfano le esigenze di personalit\u00e0 distinte degli ex studenti.<\/li>\n<li><strong>Boomerang Talent Assistance<\/strong>: aiuta nell&#8217;onboarding e nello scouting dei candidati Alumni<\/li>\n<li><strong>Assunzione di diversit\u00e0<\/strong>: pianificazione e progettazione delle iniziative di assunzione DEI<\/li>\n<li><strong>Servizi di consulenza<\/strong>: competenza e gestione migliorate per i tuoi programmi<\/li>\n<li><strong>Programmi di mentoring<\/strong>: progetta ed esegui i tuoi programmi di mentoring per ex studenti<\/li>\n<li><strong>Servizi di gestione del portale<\/strong>: gestione complessiva e mantenimento dei membri<\/li>\n<li><strong>Rapporti per le classifiche<\/strong>: genera report automatizzati per classifiche e accreditamenti<\/li>\n<li><strong>Lavoro e stage:<\/strong> assistenza al collocamento per ex studenti<\/li>\n<li><strong>Kit di marketing<\/strong>: toolkit per tutte le attivit\u00e0 promozionali<\/li>\n<\/ul>\n<p><strong>LE RECENSIONI DEGLI UTENTI<\/strong><\/p>\n<p><strong>Jothi &#8220;Eccellente per il coinvolgimento degli ex studenti&#8221;<\/strong><br \/>\n<strong>Pro<\/strong>: La gestione del database \u00e8 molto eccellente e pu\u00f2 cercare facilmente i membri nella gestione dei membri. Facile da usare. Fantastico prodotto. collegare gli ex studenti a livello globale<br \/>\n<strong>Contro<\/strong>: Il prodotto non \u00e8 stato molto difficile, \u00e8 facile da usare<\/p>\n<p><strong>Jineshwar &#8220;Usha Pravin Gandhi College Alumni Association&#8221;<\/strong><br \/>\n<strong>Commenti<\/strong>: Vaave ha contribuito a creare una comunit\u00e0 in cui i nostri alunni possono connettersi e collaborare, fare da mentore, tenere conferenze per gli ospiti, ecc. All&#8217;interno della comunit\u00e0 e del college.<br \/>\n<strong>Pro<\/strong>: Il prodotto \u00e8 facile da usare e intuitivo da usare. Il team di Vaave \u00e8 stato molto utile nella configurazione della piattaforma per noi. Il Technical Account Manager, \u00e8 stato molto utile, disponibile e paziente con noi nella configurazione del portale La piattaforma \u00e8 dotata di molte funzionalit\u00e0 che aiutano a gestire le iscrizioni, gli abbonamenti, gli eventi degli ex studenti, ecc.<br \/>\n<strong>Contro<\/strong>: Ci sono solo due caratteristiche mancanti nel prodotto,1. Caricamenti video diretti nella scheda Galleria.2. Promemoria di pagamento automatici per i membri che si sono iscritti ma devono ancora completare il pagamento.<\/p>\n<p><strong>Alok &#8220;Recensione di GIET&#8221;<\/strong><br \/>\n<strong>Commenti<\/strong>: Eccezionale<br \/>\n<strong>Pro<\/strong>: Le caratteristiche che piacciono di pi\u00f9 sono: assistenza clienti, eventi, bacheca di lavoro e ricerca di membri in base alla posizione.<br \/>\n<strong>Contro<\/strong>: Le app mobili possono essere migliorate come un&#8217;interfaccia migliore come sito web<\/p>\n","protected":false},"excerpt":{"rendered":"<p>Vaave\u00a0\u00e8 una\u00a0soluzione per la gestione e il coinvolgimento degli alunni\u00a0basata su\u00a0cloud, che consente agli utenti dI connettersi con ex membri e mantenere un database di rete tramite dashboard unificato. Le funzionalit\u00e0 principali della piattaforma includono la gestione del database e degli eventi, la raccolta fondi, la bacheca dei lavori, la mailing list, gli account utente, le comunit\u00e0, il portale dei membri, l&#8217;analisi e i report in tempo reale, le app mobili integrate e la gestione del sito web.<\/p>\n","protected":false},"author":19,"featured_media":69196,"parent":35837,"menu_order":0,"comment_status":"open","ping_status":"closed","template":"g1_template_page_review_new.php","meta":{"_acf_changed":false,"cwp_meta_box_check":"Yes","cwp_rev_product_name":"","cwp_rev_product_image":"","wppr_links":[],"cwp_rev_price":"0.00","wppr_options":[{"name":"Usability","value":"0"},{"name":"Speed","value":"0"},{"name":"Features","value":"0"},{"name":"Support","value":"0"},{"name":"Pricing","value":"0"}],"wppr_pros":["","","","",""],"wppr_cons":["","","","",""],"_monsterinsights_skip_tracking":false,"_monsterinsights_sitenote_active":false,"_monsterinsights_sitenote_note":"","_monsterinsights_sitenote_category":0,"footnotes":""},"categories":[1943],"tags":[4940,2253,2149,2148,14288],"features":[],"class_list":{"0":"post-69195","1":"page","2":"type-page","3":"status-publish","4":"has-post-thumbnail","6":"category-gestionale-per-associazioni-categoria","7":"tag-gestionale-associazioni","8":"tag-programma-gestionale-per-associazioni","9":"tag-software-gestionale-per-associazioni","10":"tag-soluzione-gestionale-per-associazioni","11":"tag-vaave"},"wppr_data":{"cwp_meta_box_check":"Yes","_wppr_review_template":"default","cwp_rev_product_image":"","cwp_image_link":"image","wppr_links":[],"cwp_rev_price":"0.00","wppr_pros":["","","","",""],"wppr_cons":["","","","",""],"wppr_rating":"0.00","wppr_options":{"1":{"name":"Usability","value":"0"},"2":{"name":"Speed","value":"0"},"3":{"name":"Features","value":"0"},"4":{"name":"Support","value":"0"},"5":{"name":"Pricing","value":"0"}},"wppr_review_type":"Product","wppr_review_custom_fields":{"additionalProperty":"","additionalType":"","aggregateRating":"","alternateName":"","audience":"","award":"","awards":"","brand":"","color":"","depth":"","description":"","disambiguatingDescription":"","gtin12":"","gtin13":"","gtin14":"","gtin8":"","height":"","identifier":"","image":"","isAccessoryOrSparePartFor":"","isConsumableFor":"","isRelatedTo":"","isSimilarTo":"","itemCondition":"","logo":"","mainEntityOfPage":"","manufacturer":"","material":"","model":"","mpn":"","name":"","offers":"","potentialAction":"","productID":"","productionDate":"","purchaseDate":"","releaseDate":"","review":"","reviews":"","sameAs":"","sku":"","slogan":"","subjectOf":"","url":"","weight":"","width":""}},"acf":[],"yoast_head":"<!-- This site is optimized with the Yoast SEO plugin v27.4 - https:\/\/yoast.com\/product\/yoast-seo-wordpress\/ -->\n<title>Vaave: recensione gestionale associazioni - Accurate Reviews<\/title>\n<meta name=\"description\" content=\"Vaave: recensione\u00a0soluzione per la gestione e il coinvolgimento degli alunni per connettersi con ex membri e rimanere sempre in contatto.\" \/>\n<meta name=\"robots\" content=\"index, follow, max-snippet:-1, max-image-preview:large, max-video-preview:-1\" \/>\n<link rel=\"canonical\" href=\"https:\/\/www.accuratereviews.com\/it\/gestionale-per-associazioni\/vaave-recensione\/\" \/>\n<meta property=\"og:locale\" content=\"it_IT\" \/>\n<meta property=\"og:type\" content=\"article\" \/>\n<meta property=\"og:title\" content=\"Vaave: recensione gestionale associazioni - Accurate Reviews\" \/>\n<meta property=\"og:description\" content=\"Vaave: recensione\u00a0soluzione per la gestione e il coinvolgimento degli alunni per connettersi con ex membri e rimanere sempre in contatto.\" \/>\n<meta property=\"og:url\" content=\"https:\/\/www.accuratereviews.com\/it\/gestionale-per-associazioni\/vaave-recensione\/\" \/>\n<meta property=\"og:site_name\" content=\"Accurate Reviews\" \/>\n<meta property=\"og:image\" content=\"https:\/\/www.accuratereviews.com\/wp-content\/uploads\/2023\/05\/Vaave.png\" \/>\n\t<meta property=\"og:image:width\" content=\"800\" \/>\n\t<meta property=\"og:image:height\" content=\"800\" \/>\n\t<meta property=\"og:image:type\" content=\"image\/png\" \/>\n<meta name=\"twitter:card\" content=\"summary_large_image\" \/>\n<meta name=\"twitter:label1\" content=\"Tempo di lettura stimato\" \/>\n\t<meta name=\"twitter:data1\" content=\"3 minuti\" \/>\n<script type=\"application\/ld+json\" class=\"yoast-schema-graph\">{\"@context\":\"https:\\\/\\\/schema.org\",\"@graph\":[{\"@type\":\"WebPage\",\"@id\":\"https:\\\/\\\/www.accuratereviews.com\\\/it\\\/gestionale-per-associazioni\\\/vaave-recensione\\\/\",\"url\":\"https:\\\/\\\/www.accuratereviews.com\\\/it\\\/gestionale-per-associazioni\\\/vaave-recensione\\\/\",\"name\":\"Vaave: recensione gestionale associazioni - Accurate Reviews\",\"isPartOf\":{\"@id\":\"https:\\\/\\\/www.accuratereviews.com\\\/it\\\/#website\"},\"primaryImageOfPage\":{\"@id\":\"https:\\\/\\\/www.accuratereviews.com\\\/it\\\/gestionale-per-associazioni\\\/vaave-recensione\\\/#primaryimage\"},\"image\":{\"@id\":\"https:\\\/\\\/www.accuratereviews.com\\\/it\\\/gestionale-per-associazioni\\\/vaave-recensione\\\/#primaryimage\"},\"thumbnailUrl\":\"https:\\\/\\\/www.accuratereviews.com\\\/wp-content\\\/uploads\\\/2023\\\/05\\\/Vaave.png\",\"datePublished\":\"2023-05-06T11:08:52+00:00\",\"description\":\"Vaave: recensione\u00a0soluzione per la gestione e il coinvolgimento degli alunni per connettersi con ex membri e rimanere sempre in contatto.\",\"breadcrumb\":{\"@id\":\"https:\\\/\\\/www.accuratereviews.com\\\/it\\\/gestionale-per-associazioni\\\/vaave-recensione\\\/#breadcrumb\"},\"inLanguage\":\"it-IT\",\"potentialAction\":[{\"@type\":\"ReadAction\",\"target\":[\"https:\\\/\\\/www.accuratereviews.com\\\/it\\\/gestionale-per-associazioni\\\/vaave-recensione\\\/\"]}]},{\"@type\":\"ImageObject\",\"inLanguage\":\"it-IT\",\"@id\":\"https:\\\/\\\/www.accuratereviews.com\\\/it\\\/gestionale-per-associazioni\\\/vaave-recensione\\\/#primaryimage\",\"url\":\"https:\\\/\\\/www.accuratereviews.com\\\/wp-content\\\/uploads\\\/2023\\\/05\\\/Vaave.png\",\"contentUrl\":\"https:\\\/\\\/www.accuratereviews.com\\\/wp-content\\\/uploads\\\/2023\\\/05\\\/Vaave.png\",\"width\":800,\"height\":800},{\"@type\":\"BreadcrumbList\",\"@id\":\"https:\\\/\\\/www.accuratereviews.com\\\/it\\\/gestionale-per-associazioni\\\/vaave-recensione\\\/#breadcrumb\",\"itemListElement\":[{\"@type\":\"ListItem\",\"position\":1,\"name\":\"Home\",\"item\":\"https:\\\/\\\/www.accuratereviews.com\\\/it\\\/\"},{\"@type\":\"ListItem\",\"position\":2,\"name\":\"Gestionale per associazioni\",\"item\":\"https:\\\/\\\/www.accuratereviews.com\\\/it\\\/gestionale-per-associazioni\\\/\"},{\"@type\":\"ListItem\",\"position\":3,\"name\":\"Vaave\"}]},{\"@type\":\"WebSite\",\"@id\":\"https:\\\/\\\/www.accuratereviews.com\\\/it\\\/#website\",\"url\":\"https:\\\/\\\/www.accuratereviews.com\\\/it\\\/\",\"name\":\"Accurate Reviews\",\"description\":\"\",\"potentialAction\":[{\"@type\":\"SearchAction\",\"target\":{\"@type\":\"EntryPoint\",\"urlTemplate\":\"https:\\\/\\\/www.accuratereviews.com\\\/it\\\/?s={search_term_string}\"},\"query-input\":{\"@type\":\"PropertyValueSpecification\",\"valueRequired\":true,\"valueName\":\"search_term_string\"}}],\"inLanguage\":\"it-IT\"}]}<\/script>\n<!-- \/ Yoast SEO plugin. -->","yoast_head_json":{"title":"Vaave: recensione gestionale associazioni - Accurate Reviews","description":"Vaave: recensione\u00a0soluzione per la gestione e il coinvolgimento degli alunni per connettersi con ex membri e rimanere sempre in contatto.","robots":{"index":"index","follow":"follow","max-snippet":"max-snippet:-1","max-image-preview":"max-image-preview:large","max-video-preview":"max-video-preview:-1"},"canonical":"https:\/\/www.accuratereviews.com\/it\/gestionale-per-associazioni\/vaave-recensione\/","og_locale":"it_IT","og_type":"article","og_title":"Vaave: recensione gestionale associazioni - Accurate Reviews","og_description":"Vaave: recensione\u00a0soluzione per la gestione e il coinvolgimento degli alunni per connettersi con ex membri e rimanere sempre in contatto.","og_url":"https:\/\/www.accuratereviews.com\/it\/gestionale-per-associazioni\/vaave-recensione\/","og_site_name":"Accurate Reviews","og_image":[{"width":800,"height":800,"url":"https:\/\/www.accuratereviews.com\/wp-content\/uploads\/2023\/05\/Vaave.png","type":"image\/png"}],"twitter_card":"summary_large_image","twitter_misc":{"Tempo di lettura stimato":"3 minuti"},"schema":{"@context":"https:\/\/schema.org","@graph":[{"@type":"WebPage","@id":"https:\/\/www.accuratereviews.com\/it\/gestionale-per-associazioni\/vaave-recensione\/","url":"https:\/\/www.accuratereviews.com\/it\/gestionale-per-associazioni\/vaave-recensione\/","name":"Vaave: recensione gestionale associazioni - Accurate Reviews","isPartOf":{"@id":"https:\/\/www.accuratereviews.com\/it\/#website"},"primaryImageOfPage":{"@id":"https:\/\/www.accuratereviews.com\/it\/gestionale-per-associazioni\/vaave-recensione\/#primaryimage"},"image":{"@id":"https:\/\/www.accuratereviews.com\/it\/gestionale-per-associazioni\/vaave-recensione\/#primaryimage"},"thumbnailUrl":"https:\/\/www.accuratereviews.com\/wp-content\/uploads\/2023\/05\/Vaave.png","datePublished":"2023-05-06T11:08:52+00:00","description":"Vaave: recensione\u00a0soluzione per la gestione e il coinvolgimento degli alunni per connettersi con ex membri e rimanere sempre in contatto.","breadcrumb":{"@id":"https:\/\/www.accuratereviews.com\/it\/gestionale-per-associazioni\/vaave-recensione\/#breadcrumb"},"inLanguage":"it-IT","potentialAction":[{"@type":"ReadAction","target":["https:\/\/www.accuratereviews.com\/it\/gestionale-per-associazioni\/vaave-recensione\/"]}]},{"@type":"ImageObject","inLanguage":"it-IT","@id":"https:\/\/www.accuratereviews.com\/it\/gestionale-per-associazioni\/vaave-recensione\/#primaryimage","url":"https:\/\/www.accuratereviews.com\/wp-content\/uploads\/2023\/05\/Vaave.png","contentUrl":"https:\/\/www.accuratereviews.com\/wp-content\/uploads\/2023\/05\/Vaave.png","width":800,"height":800},{"@type":"BreadcrumbList","@id":"https:\/\/www.accuratereviews.com\/it\/gestionale-per-associazioni\/vaave-recensione\/#breadcrumb","itemListElement":[{"@type":"ListItem","position":1,"name":"Home","item":"https:\/\/www.accuratereviews.com\/it\/"},{"@type":"ListItem","position":2,"name":"Gestionale per associazioni","item":"https:\/\/www.accuratereviews.com\/it\/gestionale-per-associazioni\/"},{"@type":"ListItem","position":3,"name":"Vaave"}]},{"@type":"WebSite","@id":"https:\/\/www.accuratereviews.com\/it\/#website","url":"https:\/\/www.accuratereviews.com\/it\/","name":"Accurate Reviews","description":"","potentialAction":[{"@type":"SearchAction","target":{"@type":"EntryPoint","urlTemplate":"https:\/\/www.accuratereviews.com\/it\/?s={search_term_string}"},"query-input":{"@type":"PropertyValueSpecification","valueRequired":true,"valueName":"search_term_string"}}],"inLanguage":"it-IT"}]}},"_links":{"self":[{"href":"https:\/\/www.accuratereviews.com\/it\/wp-json\/wp\/v2\/pages\/69195","targetHints":{"allow":["GET"]}}],"collection":[{"href":"https:\/\/www.accuratereviews.com\/it\/wp-json\/wp\/v2\/pages"}],"about":[{"href":"https:\/\/www.accuratereviews.com\/it\/wp-json\/wp\/v2\/types\/page"}],"author":[{"embeddable":true,"href":"https:\/\/www.accuratereviews.com\/it\/wp-json\/wp\/v2\/users\/19"}],"replies":[{"embeddable":true,"href":"https:\/\/www.accuratereviews.com\/it\/wp-json\/wp\/v2\/comments?post=69195"}],"version-history":[{"count":6,"href":"https:\/\/www.accuratereviews.com\/it\/wp-json\/wp\/v2\/pages\/69195\/revisions"}],"predecessor-version":[{"id":69220,"href":"https:\/\/www.accuratereviews.com\/it\/wp-json\/wp\/v2\/pages\/69195\/revisions\/69220"}],"up":[{"embeddable":true,"href":"https:\/\/www.accuratereviews.com\/it\/wp-json\/wp\/v2\/pages\/35837"}],"wp:featuredmedia":[{"embeddable":true,"href":"https:\/\/www.accuratereviews.com\/it\/wp-json\/wp\/v2\/media\/69196"}],"wp:attachment":[{"href":"https:\/\/www.accuratereviews.com\/it\/wp-json\/wp\/v2\/media?parent=69195"}],"wp:term":[{"taxonomy":"category","embeddable":true,"href":"https:\/\/www.accuratereviews.com\/it\/wp-json\/wp\/v2\/categories?post=69195"},{"taxonomy":"post_tag","embeddable":true,"href":"https:\/\/www.accuratereviews.com\/it\/wp-json\/wp\/v2\/tags?post=69195"},{"taxonomy":"features","embeddable":true,"href":"https:\/\/www.accuratereviews.com\/it\/wp-json\/wp\/v2\/features?post=69195"}],"curies":[{"name":"wp","href":"https:\/\/api.w.org\/{rel}","templated":true}]}}