{"id":69301,"date":"2023-05-10T15:13:42","date_gmt":"2023-05-10T15:13:42","guid":{"rendered":"https:\/\/www.accuratereviews.com\/?page_id=69301"},"modified":"2023-05-10T15:13:42","modified_gmt":"2023-05-10T15:13:42","slug":"sportrick-recensione","status":"publish","type":"page","link":"https:\/\/www.accuratereviews.com\/it\/software-fitness-lista\/sportrick-recensione\/","title":{"rendered":"Sportrick"},"content":{"rendered":"<p><strong>Sportrick<\/strong> \u00e8 un <strong>software per fitness<\/strong>\u00a0basato su <strong>cloud<\/strong>, progettato per aiutare i centri sportivi e club a gestire varie operazioni amministrative, come prenotazioni di lezioni, abbonamenti, elaborazione dei pagamenti, analisi dei dati e altro ancora. I clienti possono utilizzare vari strumenti di verifica dell&#8217;identit\u00e0, come RFID, dati biometrici, bande magnetiche o codici QR, per ottenere l&#8217;accesso a palestre e strutture in pi\u00f9 sedi.<br \/>\nUtilizzando il <strong>modulo di gestione delle relazioni con i clienti<\/strong> (CRM), i professionisti delle vendite possono accedere alle informazioni dei clienti dal database e informarli sulle offerte promozionali tramite email e sms. Gli istruttori possono visualizzare i programmi su un calendario e utilizzare l&#8217;interfaccia drag-and-drop per iscrivere i partecipanti a diversi corsi. Consente inoltre agli utenti di tenere traccia della partecipazione dei clienti a classi specifiche e di visualizzare lo stato dell&#8217;abbonamento come &#8220;attivo&#8221;, &#8220;attivo e non pagato&#8221;, &#8220;scaduto&#8221;, &#8220;scaduto e non pagato&#8221; e &#8220;rimborsato&#8221;.<\/p>\n<h2>SPORTRICK &#8211; TUTORIAL<\/h2>\n<div id=\"fluid-wrapper-counter-1\" class=\"g1-fluid-wrapper \" style=\"width:686px;\">\n<div style=\"padding-bottom:56.268221574344%;\"><iframe loading=\"lazy\" title=\"PIANIFICAZIONE RISORSE PER SERVIZI\" width=\"686\" height=\"386\" src=\"https:\/\/www.youtube.com\/embed\/oEKVxgXtiYU?list=PLCZ2a9YGlvg80ekTDrP1jPHQbOUk4W9HM\" frameborder=\"0\" allow=\"accelerometer; autoplay; clipboard-write; encrypted-media; gyroscope; picture-in-picture; web-share\" allowfullscreen><\/iframe><\/div>\n<\/div>\n<h3>SPORTRICK &#8211; CARATTERISTICHE<\/h3>\n<ul>\n<li><strong>Vendita:<\/strong> l&#8217;approccio della soluzione \u00e8 studiato per permettere allo staff del club di rimanere focalizzato sui propri obiettivi. Operazioni semplici da apprendere e veloci da eseguire. Pu\u00f2 mappare listini complessi fino alla personalizzazione della singola vendita. Si automatizzano i piani rateali, \u00a0le scadenze e i rinnovi.<\/li>\n<li><strong>Pianificazione<\/strong>: con una buona pianificazione le procedure di vendita diventano percorsi rapidi e guidati utilizzando questo programma. Gli operatori potranno infatti vendere abbonamenti, corsi e scuole di nuoto in un modo facile e automatizzato, sfruttando al massimo i benefici della pianificazione. Potrai inoltre digitalizzare la fruibilit\u00e0 dei servizi offerti dal tuo impianto tramite proposte online perfettamente integrate alla pianificazione.<\/li>\n<li><strong>Controllo accessi<\/strong>: il software controlla la validit\u00e0 di abbonamenti a scalare, abbonamenti a tempo, lezioni a prenotazione e corsi. Il centro pu\u00f2 adottare una soluzione manuale o automatica scegliendo la soluzione che si adatta alle proprie necessit\u00e0. Saranno a tua disposizione tutti gli strumenti hardware come tessere identificative, lettori e varchi d&#8217;accesso.<\/li>\n<li><strong>Strumenti per i soci<\/strong>: grazie ad un portale utenti integrato al gestionale 100% personalizzabile con il tuo logo ed i toui colori, i tuoi soci potranno acquistare, rinnovare e prenotare servizi e lezioni 24 ore su 24 e 7 giorni su 7 oltre a visualizzare i documenti di vendita ed effettuare pagamenti sia per nuovi acquisti che per il saldo di rate e pendenze. i.<\/li>\n<li><strong>Analisi:<\/strong> il programma affianca i manager e i responsabili dei club nella misurazione dei risultati aziendali sia nelle operazioni quotidiane che nelle analisi strategiche in qualunque luogo e con qualunque dispositivo connesso a Internet. Un potente sistema di report automatici esportabili, permette agli utenti di ottenere in click i dati circa l&#8217;andamento quotidiano del business, come i resoconti cassa, i frequentatori dei corsi e le scadenze.<\/li>\n<\/ul>\n<h4><strong>LE RECENSIONI DEGLI UTENTI<\/strong><\/h4>\n<p><strong>Nikhil &#8220;Strumento pi\u00f9 sorprendente e facile&#8221;<\/strong><br \/>\n<strong>Pro<\/strong>: Mi ha aiutato molto in molti modi. La pianificazione e la gestione delle lezioni non sono mai state cos\u00ec facili finch\u00e9 non ho ottenuto questo strumento, che lo ha reso molto semplice per me e il mio team. Il punto chiave \u00e8 che \u00e8 facilmente accessibile da mobile.<br \/>\n<strong>Contro<\/strong>: Non posso commentare di pi\u00f9 su questo, ma il portale self-service e il check-in automatico avrebbero dovuto essere pi\u00f9 semplici e ovviamente pi\u00f9 assistenza.<\/p>\n<p><strong>Johon D.: &#8220;Bene, potrebbe essere organizzato meglio&#8221;<\/strong><br \/>\n<strong>Commenti<\/strong>: La mia palestra ha adottato Sporttrick per riservarti un posto nelle lezioni di fitness e lo uso ormai da un paio d&#8217;anni.<br \/>\n<strong>Pro<\/strong>: Ottima la possibilit\u00e0 di riservare il mio posto alle lezioni di fitness senza bisogno di chiamare in palestra o scrivere un sms (non c&#8217;\u00e8 bisogno di aspettare l&#8217;orario di lavoro per chiamare o aspettare che la linea sia libera) soprattutto dopo il Covid.<br \/>\n<strong>Contro<\/strong>: Non mi piace il fatto che non visualizzi l&#8217;intera settimana (o un solo giorno) con tutte le lezioni disponibili tra cui scegliere, ma l&#8217;elenco di tutte le lezioni di fitness, il che significa che devi sapere quale classe stai cercando . Sarebbe pi\u00f9 logico fare clic su un solo giorno e vedere cosa puoi fare.<\/p>\n<p><strong>Giuseppe &#8220;Sportrick &#8211; fantastico&#8221;<\/strong><br \/>\n<strong>Commenti<\/strong>: Io sono molto (molto) soddisfatto del prodotto. A mio avviso, oggi sul mercato, la migliore scelta soprattutto in rapporto al prezzo<br \/>\n<strong>Pro<\/strong>: Il fatto che sia cloud, le licenze operatore illimitate, gli strumenti preinstallati, le implementazioni possibili, la business intelligence abbinabile, il team dei ragazzi che ci lavorano, il fondatore.<br \/>\n<strong>Contro<\/strong>: poco intuitivo, interfaccia utente un p\u00f2 datata.<\/p>\n","protected":false},"excerpt":{"rendered":"<p>Sportrick \u00e8 un software per fitness\u00a0basato su cloud, progettato per aiutare i centri sportivi e club a gestire varie operazioni amministrative, come prenotazioni di lezioni, abbonamenti, elaborazione dei pagamenti, analisi dei dati e altro ancora. I clienti possono utilizzare vari strumenti di verifica dell&#8217;identit\u00e0, come RFID, dati biometrici, bande magnetiche o codici QR, per ottenere l&#8217;accesso a palestre e strutture in pi\u00f9 sedi.<\/p>\n","protected":false},"author":19,"featured_media":69306,"parent":25524,"menu_order":0,"comment_status":"open","ping_status":"closed","template":"g1_template_page_review_new.php","meta":{"_acf_changed":false,"cwp_meta_box_check":"No","cwp_rev_product_name":"","cwp_rev_product_image":"","wppr_links":[],"cwp_rev_price":"","wppr_options":[],"wppr_pros":[],"wppr_cons":[],"_monsterinsights_skip_tracking":false,"_monsterinsights_sitenote_active":false,"_monsterinsights_sitenote_note":"","_monsterinsights_sitenote_category":0,"footnotes":""},"categories":[2629],"tags":[14313,14307,14305,14306,14314],"features":[],"class_list":{"0":"post-69301","1":"page","2":"type-page","3":"status-publish","4":"has-post-thumbnail","6":"category-fitness-software","7":"tag-piattaforma-per-fitness","8":"tag-programma-per-fitness","9":"tag-software-per-fitness","10":"tag-soluzione-per-fitness","11":"tag-sportrick"},"wppr_data":{"cwp_meta_box_check":"No"},"acf":[],"yoast_head":"<!-- This site is optimized with the Yoast SEO plugin v27.4 - https:\/\/yoast.com\/product\/yoast-seo-wordpress\/ -->\n<title>Sportrick: recensione software fitness - Accurate Reviews<\/title>\n<meta name=\"description\" content=\"Sportrick: recensione software per fitness\u00a0basato su cloud progettato per aiutare centri sportivi e club a gestire operazioni amministrative.\" \/>\n<meta name=\"robots\" content=\"index, follow, max-snippet:-1, max-image-preview:large, max-video-preview:-1\" \/>\n<link rel=\"canonical\" href=\"https:\/\/www.accuratereviews.com\/it\/software-fitness-lista\/sportrick-recensione\/\" \/>\n<meta property=\"og:locale\" content=\"it_IT\" \/>\n<meta property=\"og:type\" content=\"article\" \/>\n<meta property=\"og:title\" content=\"Sportrick: recensione software fitness - Accurate Reviews\" \/>\n<meta property=\"og:description\" content=\"Sportrick: recensione software per fitness\u00a0basato su cloud progettato per aiutare centri sportivi e club a gestire operazioni amministrative.\" \/>\n<meta property=\"og:url\" content=\"https:\/\/www.accuratereviews.com\/it\/software-fitness-lista\/sportrick-recensione\/\" \/>\n<meta property=\"og:site_name\" content=\"Accurate Reviews\" \/>\n<meta property=\"og:image\" content=\"https:\/\/www.accuratereviews.com\/wp-content\/uploads\/2023\/05\/Sportrick.jpeg\" \/>\n\t<meta property=\"og:image:width\" content=\"200\" \/>\n\t<meta property=\"og:image:height\" content=\"200\" \/>\n\t<meta property=\"og:image:type\" content=\"image\/jpeg\" \/>\n<meta name=\"twitter:card\" content=\"summary_large_image\" \/>\n<meta name=\"twitter:label1\" content=\"Tempo di lettura stimato\" \/>\n\t<meta name=\"twitter:data1\" content=\"4 minuti\" \/>\n<script type=\"application\/ld+json\" class=\"yoast-schema-graph\">{\"@context\":\"https:\\\/\\\/schema.org\",\"@graph\":[{\"@type\":\"WebPage\",\"@id\":\"https:\\\/\\\/www.accuratereviews.com\\\/it\\\/software-fitness-lista\\\/sportrick-recensione\\\/\",\"url\":\"https:\\\/\\\/www.accuratereviews.com\\\/it\\\/software-fitness-lista\\\/sportrick-recensione\\\/\",\"name\":\"Sportrick: recensione software fitness - Accurate Reviews\",\"isPartOf\":{\"@id\":\"https:\\\/\\\/www.accuratereviews.com\\\/it\\\/#website\"},\"primaryImageOfPage\":{\"@id\":\"https:\\\/\\\/www.accuratereviews.com\\\/it\\\/software-fitness-lista\\\/sportrick-recensione\\\/#primaryimage\"},\"image\":{\"@id\":\"https:\\\/\\\/www.accuratereviews.com\\\/it\\\/software-fitness-lista\\\/sportrick-recensione\\\/#primaryimage\"},\"thumbnailUrl\":\"https:\\\/\\\/www.accuratereviews.com\\\/wp-content\\\/uploads\\\/2023\\\/05\\\/Sportrick.jpeg\",\"datePublished\":\"2023-05-10T15:13:42+00:00\",\"description\":\"Sportrick: recensione software per fitness\u00a0basato su cloud progettato per aiutare centri sportivi e club a gestire operazioni amministrative.\",\"breadcrumb\":{\"@id\":\"https:\\\/\\\/www.accuratereviews.com\\\/it\\\/software-fitness-lista\\\/sportrick-recensione\\\/#breadcrumb\"},\"inLanguage\":\"it-IT\",\"potentialAction\":[{\"@type\":\"ReadAction\",\"target\":[\"https:\\\/\\\/www.accuratereviews.com\\\/it\\\/software-fitness-lista\\\/sportrick-recensione\\\/\"]}]},{\"@type\":\"ImageObject\",\"inLanguage\":\"it-IT\",\"@id\":\"https:\\\/\\\/www.accuratereviews.com\\\/it\\\/software-fitness-lista\\\/sportrick-recensione\\\/#primaryimage\",\"url\":\"https:\\\/\\\/www.accuratereviews.com\\\/wp-content\\\/uploads\\\/2023\\\/05\\\/Sportrick.jpeg\",\"contentUrl\":\"https:\\\/\\\/www.accuratereviews.com\\\/wp-content\\\/uploads\\\/2023\\\/05\\\/Sportrick.jpeg\",\"width\":200,\"height\":200},{\"@type\":\"BreadcrumbList\",\"@id\":\"https:\\\/\\\/www.accuratereviews.com\\\/it\\\/software-fitness-lista\\\/sportrick-recensione\\\/#breadcrumb\",\"itemListElement\":[{\"@type\":\"ListItem\",\"position\":1,\"name\":\"Home\",\"item\":\"https:\\\/\\\/www.accuratereviews.com\\\/it\\\/\"},{\"@type\":\"ListItem\",\"position\":2,\"name\":\"Software per fitness\",\"item\":\"https:\\\/\\\/www.accuratereviews.com\\\/it\\\/software-fitness-lista\\\/\"},{\"@type\":\"ListItem\",\"position\":3,\"name\":\"Sportrick\"}]},{\"@type\":\"WebSite\",\"@id\":\"https:\\\/\\\/www.accuratereviews.com\\\/it\\\/#website\",\"url\":\"https:\\\/\\\/www.accuratereviews.com\\\/it\\\/\",\"name\":\"Accurate Reviews\",\"description\":\"\",\"potentialAction\":[{\"@type\":\"SearchAction\",\"target\":{\"@type\":\"EntryPoint\",\"urlTemplate\":\"https:\\\/\\\/www.accuratereviews.com\\\/it\\\/?s={search_term_string}\"},\"query-input\":{\"@type\":\"PropertyValueSpecification\",\"valueRequired\":true,\"valueName\":\"search_term_string\"}}],\"inLanguage\":\"it-IT\"}]}<\/script>\n<!-- \/ Yoast SEO plugin. -->","yoast_head_json":{"title":"Sportrick: recensione software fitness - Accurate Reviews","description":"Sportrick: recensione software per fitness\u00a0basato su cloud progettato per aiutare centri sportivi e club a gestire operazioni amministrative.","robots":{"index":"index","follow":"follow","max-snippet":"max-snippet:-1","max-image-preview":"max-image-preview:large","max-video-preview":"max-video-preview:-1"},"canonical":"https:\/\/www.accuratereviews.com\/it\/software-fitness-lista\/sportrick-recensione\/","og_locale":"it_IT","og_type":"article","og_title":"Sportrick: recensione software fitness - Accurate Reviews","og_description":"Sportrick: recensione software per fitness\u00a0basato su cloud progettato per aiutare centri sportivi e club a gestire operazioni amministrative.","og_url":"https:\/\/www.accuratereviews.com\/it\/software-fitness-lista\/sportrick-recensione\/","og_site_name":"Accurate Reviews","og_image":[{"width":200,"height":200,"url":"https:\/\/www.accuratereviews.com\/wp-content\/uploads\/2023\/05\/Sportrick.jpeg","type":"image\/jpeg"}],"twitter_card":"summary_large_image","twitter_misc":{"Tempo di lettura stimato":"4 minuti"},"schema":{"@context":"https:\/\/schema.org","@graph":[{"@type":"WebPage","@id":"https:\/\/www.accuratereviews.com\/it\/software-fitness-lista\/sportrick-recensione\/","url":"https:\/\/www.accuratereviews.com\/it\/software-fitness-lista\/sportrick-recensione\/","name":"Sportrick: recensione software fitness - Accurate Reviews","isPartOf":{"@id":"https:\/\/www.accuratereviews.com\/it\/#website"},"primaryImageOfPage":{"@id":"https:\/\/www.accuratereviews.com\/it\/software-fitness-lista\/sportrick-recensione\/#primaryimage"},"image":{"@id":"https:\/\/www.accuratereviews.com\/it\/software-fitness-lista\/sportrick-recensione\/#primaryimage"},"thumbnailUrl":"https:\/\/www.accuratereviews.com\/wp-content\/uploads\/2023\/05\/Sportrick.jpeg","datePublished":"2023-05-10T15:13:42+00:00","description":"Sportrick: recensione software per fitness\u00a0basato su cloud progettato per aiutare centri sportivi e club a gestire operazioni amministrative.","breadcrumb":{"@id":"https:\/\/www.accuratereviews.com\/it\/software-fitness-lista\/sportrick-recensione\/#breadcrumb"},"inLanguage":"it-IT","potentialAction":[{"@type":"ReadAction","target":["https:\/\/www.accuratereviews.com\/it\/software-fitness-lista\/sportrick-recensione\/"]}]},{"@type":"ImageObject","inLanguage":"it-IT","@id":"https:\/\/www.accuratereviews.com\/it\/software-fitness-lista\/sportrick-recensione\/#primaryimage","url":"https:\/\/www.accuratereviews.com\/wp-content\/uploads\/2023\/05\/Sportrick.jpeg","contentUrl":"https:\/\/www.accuratereviews.com\/wp-content\/uploads\/2023\/05\/Sportrick.jpeg","width":200,"height":200},{"@type":"BreadcrumbList","@id":"https:\/\/www.accuratereviews.com\/it\/software-fitness-lista\/sportrick-recensione\/#breadcrumb","itemListElement":[{"@type":"ListItem","position":1,"name":"Home","item":"https:\/\/www.accuratereviews.com\/it\/"},{"@type":"ListItem","position":2,"name":"Software per fitness","item":"https:\/\/www.accuratereviews.com\/it\/software-fitness-lista\/"},{"@type":"ListItem","position":3,"name":"Sportrick"}]},{"@type":"WebSite","@id":"https:\/\/www.accuratereviews.com\/it\/#website","url":"https:\/\/www.accuratereviews.com\/it\/","name":"Accurate Reviews","description":"","potentialAction":[{"@type":"SearchAction","target":{"@type":"EntryPoint","urlTemplate":"https:\/\/www.accuratereviews.com\/it\/?s={search_term_string}"},"query-input":{"@type":"PropertyValueSpecification","valueRequired":true,"valueName":"search_term_string"}}],"inLanguage":"it-IT"}]}},"_links":{"self":[{"href":"https:\/\/www.accuratereviews.com\/it\/wp-json\/wp\/v2\/pages\/69301","targetHints":{"allow":["GET"]}}],"collection":[{"href":"https:\/\/www.accuratereviews.com\/it\/wp-json\/wp\/v2\/pages"}],"about":[{"href":"https:\/\/www.accuratereviews.com\/it\/wp-json\/wp\/v2\/types\/page"}],"author":[{"embeddable":true,"href":"https:\/\/www.accuratereviews.com\/it\/wp-json\/wp\/v2\/users\/19"}],"replies":[{"embeddable":true,"href":"https:\/\/www.accuratereviews.com\/it\/wp-json\/wp\/v2\/comments?post=69301"}],"version-history":[{"count":10,"href":"https:\/\/www.accuratereviews.com\/it\/wp-json\/wp\/v2\/pages\/69301\/revisions"}],"predecessor-version":[{"id":69317,"href":"https:\/\/www.accuratereviews.com\/it\/wp-json\/wp\/v2\/pages\/69301\/revisions\/69317"}],"up":[{"embeddable":true,"href":"https:\/\/www.accuratereviews.com\/it\/wp-json\/wp\/v2\/pages\/25524"}],"wp:featuredmedia":[{"embeddable":true,"href":"https:\/\/www.accuratereviews.com\/it\/wp-json\/wp\/v2\/media\/69306"}],"wp:attachment":[{"href":"https:\/\/www.accuratereviews.com\/it\/wp-json\/wp\/v2\/media?parent=69301"}],"wp:term":[{"taxonomy":"category","embeddable":true,"href":"https:\/\/www.accuratereviews.com\/it\/wp-json\/wp\/v2\/categories?post=69301"},{"taxonomy":"post_tag","embeddable":true,"href":"https:\/\/www.accuratereviews.com\/it\/wp-json\/wp\/v2\/tags?post=69301"},{"taxonomy":"features","embeddable":true,"href":"https:\/\/www.accuratereviews.com\/it\/wp-json\/wp\/v2\/features?post=69301"}],"curies":[{"name":"wp","href":"https:\/\/api.w.org\/{rel}","templated":true}]}}