{"id":69342,"date":"2023-05-11T13:43:35","date_gmt":"2023-05-11T13:43:35","guid":{"rendered":"https:\/\/www.accuratereviews.com\/?page_id=69342"},"modified":"2023-05-11T13:43:35","modified_gmt":"2023-05-11T13:43:35","slug":"canny-recensione","status":"publish","type":"page","link":"https:\/\/www.accuratereviews.com\/it\/software-gestione-recensioni\/canny-recensione\/","title":{"rendered":"Canny"},"content":{"rendered":"<p><strong>Canny<\/strong> \u00e8 un software che permette di catturare, organizzare e analizzare i feedback dei prodotti in un unico posto e di classificare le funzionalit\u00e0 in base alla priorit\u00e0 e di costruire una roadmap del prodotto. Si tratta di uno strumento dedicato alle<strong> recensioni dei clienti<\/strong> che automatizza la gestione del lavoro dimezzando i tempi. Si integra perfettamente con strumenti di progettazione e di comunicazione come Jira, GitHub, Zendesk, Salesforce, Slack, Zapier e altri ancora.<br \/>\nCon <strong>Canny<\/strong> potrai raccogliere i feedback pubblicamente o privatamente in una bacheca dedicata, appuntare gli aggiornamenti importanti in cima a qualsiasi post e includere informazioni aggiuntive come la spesa mensile, il tipo di azienda o i tuoi campi personalizzati.<\/p>\n<h2>CANNY &#8211; TUTORIAL<\/h2>\n<div id=\"fluid-wrapper-counter-1\" class=\"g1-fluid-wrapper \" style=\"width:686px;\">\n<div style=\"padding-bottom:56.268221574344%;\"><iframe loading=\"lazy\" title=\"Welcome to Canny! \ud83d\ude03\" width=\"686\" height=\"386\" src=\"https:\/\/www.youtube.com\/embed\/hae1vEUoMxU?feature=oembed&amp;wmode=transparent&amp;autohide=1&amp;autoplay=0&amp;disablekb=0&amp;fs=1&amp;loop=0&amp;enablejsapi=1&amp;rel=0&amp;controls=2&amp;showinfo=0&amp;wmode=transparent&amp;autohide=2&amp;autoplay=0&amp;disablekb=0&amp;fs=1&amp;loop=0&amp;enablejsapi=1&amp;rel=0&amp;controls=2&amp;showinfo=1\" frameborder=\"0\" allow=\"accelerometer; autoplay; clipboard-write; encrypted-media; gyroscope; picture-in-picture; web-share\" allowfullscreen><\/iframe><\/div>\n<\/div>\n<h3>CANNY &#8211; CARATTERISTICHE<\/h3>\n<ul>\n<li><strong>Identifica gli utenti<\/strong>: collega automaticamente il feedback agli account utente esistenti.<\/li>\n<li><strong>Privacy delle bacheche<\/strong>: scegliete diverse opzioni di privacy per limitare l&#8217;accesso alle vostre bacheche.<\/li>\n<li><strong>Votare per conto terzi<\/strong>: tracciate i feedback manualmente aggiungendo un cliente a un post.<\/li>\n<li><strong>Commenti interni<\/strong>: discutete le idee in privato con il vostro team, mantenendo tutto nel contesto.<\/li>\n<li><strong>Commenti appuntati<\/strong>: per assicurarsi che le risposte importanti siano visibili in alto<\/li>\n<li><strong>Personalizzazioni<\/strong>: sentitevi a vostro agio con il vostro logo, i colori del vostro marchio e le vostre richieste.<\/li>\n<li><strong>Markdown<\/strong>: formatta facilmente i post e i commenti con un testo ricco di informazioni per la leggibilit\u00e0<\/li>\n<li><strong>Segmentazione degli utenti<\/strong>: filtrare i feedback ai gruppi di utenti a cui tenete, ad esempio i clienti paganti.<\/li>\n<li><strong>Tag e categorie<\/strong>: aggiungere livelli di organizzazione pi\u00f9 profondi ai vostri post<\/li>\n<li><strong>Segmentazione dei votanti<\/strong>: per capire quali segmenti di utenti votano i post<\/li>\n<li><strong>Ordinamento per impatto MRR<\/strong>: per tenere traccia dell&#8217;impatto sulle entrate di una funzionalit\u00e0.<\/li>\n<li><strong>Prioritizzazione<\/strong>: assegnare un punteggio e classificare le funzionalit\u00e0 in modo da costruire le cose pi\u00f9 impattanti.<\/li>\n<li><strong>Roadmapping<\/strong>: creare roadmap pubbliche o private e tenere tutti sulla stessa pagina<\/li>\n<li><strong>Aggiornamenti sullo stato<\/strong>: chiudete il ciclo di feedback con gli aggiornamenti sullo stato inviati via email.<\/li>\n<li><strong>Stime della data<\/strong>: migliorate le aspettative con una stima di quando la funzionalit\u00e0 sar\u00e0 disponibile.<\/li>\n<li><strong>Widget<\/strong>: incorporate gli aggiornamenti direttamente nel vostro prodotto per aumentare la consapevolezza e il coinvolgimento<\/li>\n<li><strong>Programmare i rilasci<\/strong>: coordinare gli aggiornamenti con le altre attivit\u00e0 di marketing.<\/li>\n<li><strong>Markdown<\/strong>: formatta facilmente le voci con testo ricco e immagini in linea per una maggiore leggibilit\u00e0<\/li>\n<li><strong>Etichette<\/strong>: consentono di filtrare fino a specifiche aree del prodotto.<\/li>\n<\/ul>\n<h4>LE RECENSIONI DEGLI UTENTI<\/h4>\n<p><strong>Owen &#8220;Eccellenza&#8221;<\/strong><br \/>\nPro: L&#8217;integrazione con il nostro processo esistente \u00e8 stata molto semplice. Canny fornisce un&#8217;infinit\u00e0 di integrazioni nella piattaforma. Questo ci ha permesso di dare un senso a migliaia di &#8216;Issues&#8217; di GitHub in modo cos\u00ec semplice.<br \/>\nContro: Il prezzo direi che \u00e8 giusto visto l&#8217;impatto che pu\u00f2 avere sulla vostra azienda, anche se per le startup in fase iniziale \u00e8 difficile da giustificare. Detto questo, l&#8217;integrazione \u00e8 estremamente semplice, per cui quando si passa a questo sistema si pu\u00f2 essere operativi in un batter d&#8217;occhio!<\/p>\n<p><strong>Irena &#8220;Grande fan di Canny&#8221;<\/strong><br \/>\nPro: Adoro quanto sia facile da usare, \u00e8 intuitivo fin da subito. Commenti pubblici o privati, votazione, integrazioni con slack\/jira, tutte le cose di cui ho bisogno per integrarlo nei nostri sistemi olistici sono presenti.<br \/>\nContro: Mi piacerebbe vedere pi\u00f9 personalizzazioni\/controlli e un&#8217;estensione della piattaforma esistente in uno strumento di gestione dei progetti. Mi piace la leggerezza e l&#8217;intuitivit\u00e0 della piattaforma, di cui abbiamo bisogno per la gestione dei progetti incentrata sullo sviluppo del software.<\/p>\n<p><strong>Stefan &#8220;Il miglior tracker di feedback&#8221;.<\/strong><br \/>\nPro: Nel complesso Canny ha incrementato il coinvolgimento dei nostri clienti, ora abbiamo un numero migliore di feedback da tracciare e manipolare, dandoci un&#8217;ottima visione di dove dobbiamo migliorare e soddisfare le aspettative dei clienti.<br \/>\nContro: Canny \u00e8 uno strumento potente, l&#8217;unica mancanza che mi viene in mente sono i ruoli degli utenti, ce ne servono di pi\u00f9 per poter configurare l&#8217;ambiente secondo le nostre esigenze.<\/p>\n","protected":false},"excerpt":{"rendered":"<p>Canny \u00e8 un software che permette di catturare, organizzare e analizzare i feedback dei prodotti in un unico posto e di classificare le funzionalit\u00e0 in base alla priorit\u00e0 e di costruire una roadmap del prodotto. Si tratta di uno strumento dedicato alle recensioni dei clienti che automatizza la gestione del lavoro dimezzando i tempi.<\/p>\n","protected":false},"author":17,"featured_media":69347,"parent":60645,"menu_order":0,"comment_status":"open","ping_status":"closed","template":"g1_template_page_review_new.php","meta":{"_acf_changed":false,"cwp_meta_box_check":"No","cwp_rev_product_name":"","cwp_rev_product_image":"","wppr_links":[],"cwp_rev_price":"","wppr_options":[],"wppr_pros":[],"wppr_cons":[],"_monsterinsights_skip_tracking":false,"_monsterinsights_sitenote_active":false,"_monsterinsights_sitenote_note":"","_monsterinsights_sitenote_category":0,"footnotes":""},"categories":[13158],"tags":[13226,13186,13162,13246],"features":[],"class_list":{"0":"post-69342","1":"page","2":"type-page","3":"status-publish","4":"has-post-thumbnail","6":"category-software-per-la-gestione-delle-recensioni","7":"tag-gestionale-recensioni","8":"tag-piattaforma-per-gestione-delle-recensioni","9":"tag-programma-per-la-gestione-delle-recensioni","10":"tag-software-di-gestione-recensioni"},"wppr_data":{"cwp_meta_box_check":"No"},"acf":[],"yoast_head":"<!-- This site is optimized with the Yoast SEO plugin v27.4 - https:\/\/yoast.com\/product\/yoast-seo-wordpress\/ -->\n<title>Canny: software gestione recensioni - Accurate Reviews<\/title>\n<meta name=\"description\" content=\"Canny: recensione del software che permette di catturare, organizzare e analizzare i feedback dei prodotti in un unico posto.\" \/>\n<meta name=\"robots\" content=\"index, follow, max-snippet:-1, max-image-preview:large, max-video-preview:-1\" \/>\n<link rel=\"canonical\" href=\"https:\/\/www.accuratereviews.com\/it\/software-gestione-recensioni\/canny-recensione\/\" \/>\n<meta property=\"og:locale\" content=\"it_IT\" \/>\n<meta property=\"og:type\" content=\"article\" \/>\n<meta property=\"og:title\" content=\"Canny: software gestione recensioni - Accurate Reviews\" \/>\n<meta property=\"og:description\" content=\"Canny: recensione del software che permette di catturare, organizzare e analizzare i feedback dei prodotti in un unico posto.\" \/>\n<meta property=\"og:url\" content=\"https:\/\/www.accuratereviews.com\/it\/software-gestione-recensioni\/canny-recensione\/\" \/>\n<meta property=\"og:site_name\" content=\"Accurate Reviews\" \/>\n<meta property=\"og:image\" content=\"https:\/\/www.accuratereviews.com\/wp-content\/uploads\/2023\/05\/images.png\" \/>\n\t<meta property=\"og:image:width\" content=\"400\" \/>\n\t<meta property=\"og:image:height\" content=\"126\" \/>\n\t<meta property=\"og:image:type\" content=\"image\/png\" \/>\n<meta name=\"twitter:card\" content=\"summary_large_image\" \/>\n<meta name=\"twitter:label1\" content=\"Tempo di lettura stimato\" \/>\n\t<meta name=\"twitter:data1\" content=\"4 minuti\" \/>\n<script type=\"application\/ld+json\" class=\"yoast-schema-graph\">{\"@context\":\"https:\\\/\\\/schema.org\",\"@graph\":[{\"@type\":\"WebPage\",\"@id\":\"https:\\\/\\\/www.accuratereviews.com\\\/it\\\/software-gestione-recensioni\\\/canny-recensione\\\/\",\"url\":\"https:\\\/\\\/www.accuratereviews.com\\\/it\\\/software-gestione-recensioni\\\/canny-recensione\\\/\",\"name\":\"Canny: software gestione recensioni - Accurate Reviews\",\"isPartOf\":{\"@id\":\"https:\\\/\\\/www.accuratereviews.com\\\/it\\\/#website\"},\"primaryImageOfPage\":{\"@id\":\"https:\\\/\\\/www.accuratereviews.com\\\/it\\\/software-gestione-recensioni\\\/canny-recensione\\\/#primaryimage\"},\"image\":{\"@id\":\"https:\\\/\\\/www.accuratereviews.com\\\/it\\\/software-gestione-recensioni\\\/canny-recensione\\\/#primaryimage\"},\"thumbnailUrl\":\"https:\\\/\\\/www.accuratereviews.com\\\/wp-content\\\/uploads\\\/2023\\\/05\\\/images.png\",\"datePublished\":\"2023-05-11T13:43:35+00:00\",\"description\":\"Canny: recensione del software che permette di catturare, organizzare e analizzare i feedback dei prodotti in un unico posto.\",\"breadcrumb\":{\"@id\":\"https:\\\/\\\/www.accuratereviews.com\\\/it\\\/software-gestione-recensioni\\\/canny-recensione\\\/#breadcrumb\"},\"inLanguage\":\"it-IT\",\"potentialAction\":[{\"@type\":\"ReadAction\",\"target\":[\"https:\\\/\\\/www.accuratereviews.com\\\/it\\\/software-gestione-recensioni\\\/canny-recensione\\\/\"]}]},{\"@type\":\"ImageObject\",\"inLanguage\":\"it-IT\",\"@id\":\"https:\\\/\\\/www.accuratereviews.com\\\/it\\\/software-gestione-recensioni\\\/canny-recensione\\\/#primaryimage\",\"url\":\"https:\\\/\\\/www.accuratereviews.com\\\/wp-content\\\/uploads\\\/2023\\\/05\\\/images.png\",\"contentUrl\":\"https:\\\/\\\/www.accuratereviews.com\\\/wp-content\\\/uploads\\\/2023\\\/05\\\/images.png\",\"width\":400,\"height\":126},{\"@type\":\"BreadcrumbList\",\"@id\":\"https:\\\/\\\/www.accuratereviews.com\\\/it\\\/software-gestione-recensioni\\\/canny-recensione\\\/#breadcrumb\",\"itemListElement\":[{\"@type\":\"ListItem\",\"position\":1,\"name\":\"Home\",\"item\":\"https:\\\/\\\/www.accuratereviews.com\\\/it\\\/\"},{\"@type\":\"ListItem\",\"position\":2,\"name\":\"Software per la gestione delle recensioni\",\"item\":\"https:\\\/\\\/www.accuratereviews.com\\\/it\\\/software-gestione-recensioni\\\/\"},{\"@type\":\"ListItem\",\"position\":3,\"name\":\"Canny\"}]},{\"@type\":\"WebSite\",\"@id\":\"https:\\\/\\\/www.accuratereviews.com\\\/it\\\/#website\",\"url\":\"https:\\\/\\\/www.accuratereviews.com\\\/it\\\/\",\"name\":\"Accurate Reviews\",\"description\":\"\",\"potentialAction\":[{\"@type\":\"SearchAction\",\"target\":{\"@type\":\"EntryPoint\",\"urlTemplate\":\"https:\\\/\\\/www.accuratereviews.com\\\/it\\\/?s={search_term_string}\"},\"query-input\":{\"@type\":\"PropertyValueSpecification\",\"valueRequired\":true,\"valueName\":\"search_term_string\"}}],\"inLanguage\":\"it-IT\"}]}<\/script>\n<!-- \/ Yoast SEO plugin. -->","yoast_head_json":{"title":"Canny: software gestione recensioni - Accurate Reviews","description":"Canny: recensione del software che permette di catturare, organizzare e analizzare i feedback dei prodotti in un unico posto.","robots":{"index":"index","follow":"follow","max-snippet":"max-snippet:-1","max-image-preview":"max-image-preview:large","max-video-preview":"max-video-preview:-1"},"canonical":"https:\/\/www.accuratereviews.com\/it\/software-gestione-recensioni\/canny-recensione\/","og_locale":"it_IT","og_type":"article","og_title":"Canny: software gestione recensioni - Accurate Reviews","og_description":"Canny: recensione del software che permette di catturare, organizzare e analizzare i feedback dei prodotti in un unico posto.","og_url":"https:\/\/www.accuratereviews.com\/it\/software-gestione-recensioni\/canny-recensione\/","og_site_name":"Accurate Reviews","og_image":[{"width":400,"height":126,"url":"https:\/\/www.accuratereviews.com\/wp-content\/uploads\/2023\/05\/images.png","type":"image\/png"}],"twitter_card":"summary_large_image","twitter_misc":{"Tempo di lettura stimato":"4 minuti"},"schema":{"@context":"https:\/\/schema.org","@graph":[{"@type":"WebPage","@id":"https:\/\/www.accuratereviews.com\/it\/software-gestione-recensioni\/canny-recensione\/","url":"https:\/\/www.accuratereviews.com\/it\/software-gestione-recensioni\/canny-recensione\/","name":"Canny: software gestione recensioni - Accurate Reviews","isPartOf":{"@id":"https:\/\/www.accuratereviews.com\/it\/#website"},"primaryImageOfPage":{"@id":"https:\/\/www.accuratereviews.com\/it\/software-gestione-recensioni\/canny-recensione\/#primaryimage"},"image":{"@id":"https:\/\/www.accuratereviews.com\/it\/software-gestione-recensioni\/canny-recensione\/#primaryimage"},"thumbnailUrl":"https:\/\/www.accuratereviews.com\/wp-content\/uploads\/2023\/05\/images.png","datePublished":"2023-05-11T13:43:35+00:00","description":"Canny: recensione del software che permette di catturare, organizzare e analizzare i feedback dei prodotti in un unico posto.","breadcrumb":{"@id":"https:\/\/www.accuratereviews.com\/it\/software-gestione-recensioni\/canny-recensione\/#breadcrumb"},"inLanguage":"it-IT","potentialAction":[{"@type":"ReadAction","target":["https:\/\/www.accuratereviews.com\/it\/software-gestione-recensioni\/canny-recensione\/"]}]},{"@type":"ImageObject","inLanguage":"it-IT","@id":"https:\/\/www.accuratereviews.com\/it\/software-gestione-recensioni\/canny-recensione\/#primaryimage","url":"https:\/\/www.accuratereviews.com\/wp-content\/uploads\/2023\/05\/images.png","contentUrl":"https:\/\/www.accuratereviews.com\/wp-content\/uploads\/2023\/05\/images.png","width":400,"height":126},{"@type":"BreadcrumbList","@id":"https:\/\/www.accuratereviews.com\/it\/software-gestione-recensioni\/canny-recensione\/#breadcrumb","itemListElement":[{"@type":"ListItem","position":1,"name":"Home","item":"https:\/\/www.accuratereviews.com\/it\/"},{"@type":"ListItem","position":2,"name":"Software per la gestione delle recensioni","item":"https:\/\/www.accuratereviews.com\/it\/software-gestione-recensioni\/"},{"@type":"ListItem","position":3,"name":"Canny"}]},{"@type":"WebSite","@id":"https:\/\/www.accuratereviews.com\/it\/#website","url":"https:\/\/www.accuratereviews.com\/it\/","name":"Accurate Reviews","description":"","potentialAction":[{"@type":"SearchAction","target":{"@type":"EntryPoint","urlTemplate":"https:\/\/www.accuratereviews.com\/it\/?s={search_term_string}"},"query-input":{"@type":"PropertyValueSpecification","valueRequired":true,"valueName":"search_term_string"}}],"inLanguage":"it-IT"}]}},"_links":{"self":[{"href":"https:\/\/www.accuratereviews.com\/it\/wp-json\/wp\/v2\/pages\/69342","targetHints":{"allow":["GET"]}}],"collection":[{"href":"https:\/\/www.accuratereviews.com\/it\/wp-json\/wp\/v2\/pages"}],"about":[{"href":"https:\/\/www.accuratereviews.com\/it\/wp-json\/wp\/v2\/types\/page"}],"author":[{"embeddable":true,"href":"https:\/\/www.accuratereviews.com\/it\/wp-json\/wp\/v2\/users\/17"}],"replies":[{"embeddable":true,"href":"https:\/\/www.accuratereviews.com\/it\/wp-json\/wp\/v2\/comments?post=69342"}],"version-history":[{"count":4,"href":"https:\/\/www.accuratereviews.com\/it\/wp-json\/wp\/v2\/pages\/69342\/revisions"}],"predecessor-version":[{"id":69353,"href":"https:\/\/www.accuratereviews.com\/it\/wp-json\/wp\/v2\/pages\/69342\/revisions\/69353"}],"up":[{"embeddable":true,"href":"https:\/\/www.accuratereviews.com\/it\/wp-json\/wp\/v2\/pages\/60645"}],"wp:featuredmedia":[{"embeddable":true,"href":"https:\/\/www.accuratereviews.com\/it\/wp-json\/wp\/v2\/media\/69347"}],"wp:attachment":[{"href":"https:\/\/www.accuratereviews.com\/it\/wp-json\/wp\/v2\/media?parent=69342"}],"wp:term":[{"taxonomy":"category","embeddable":true,"href":"https:\/\/www.accuratereviews.com\/it\/wp-json\/wp\/v2\/categories?post=69342"},{"taxonomy":"post_tag","embeddable":true,"href":"https:\/\/www.accuratereviews.com\/it\/wp-json\/wp\/v2\/tags?post=69342"},{"taxonomy":"features","embeddable":true,"href":"https:\/\/www.accuratereviews.com\/it\/wp-json\/wp\/v2\/features?post=69342"}],"curies":[{"name":"wp","href":"https:\/\/api.w.org\/{rel}","templated":true}]}}