{"id":69513,"date":"2023-05-19T07:10:07","date_gmt":"2023-05-19T07:10:07","guid":{"rendered":"https:\/\/www.accuratereviews.com\/?page_id=69513"},"modified":"2023-05-19T10:24:20","modified_gmt":"2023-05-19T10:24:20","slug":"punchpass-recensione","status":"publish","type":"page","link":"https:\/\/www.accuratereviews.com\/it\/software-fitness-lista\/punchpass-recensione\/","title":{"rendered":"Punchpass"},"content":{"rendered":"<p><strong>Punchpass<\/strong> ti consente di <strong>gestire la tua palestra<\/strong> e le tue lezioni di gruppo in modo semplice e divertente. Offre un software per la vendita e il monitoraggio di pass e schede, possiede funzionalit\u00e0 di vendita e pagamenti online, monitoraggio delle presenze, programmazione, prenotazione, reporting e check-in automatico.<br \/>\nI clienti possono acquistare i pass online e la soluzione invia automaticamente email di conferma dell&#8217;acquisto che possono essere personalizzate dagli utenti. Le presenze possono essere rilevate alle lezioni, sia tramite self check-in da parte dei clienti, sia tramite inserimento da parte degli insegnanti all&#8217;interno di una classe tramite computer, tablet o smartphone.<br \/>\n<strong>Punchpass<\/strong> presenta agli utenti riepiloghi mensili delle loro prestazioni aziendali, incluse informazioni sul numero di pass venduti, entrate totali e entrate per classe. Gli utenti possono anche visualizzare report pi\u00f9 dettagliati e scaricare i dati in formato CSV.<\/p>\n<h2>PUNCHPASS &#8211; TUTORIAL<\/h2>\n<div id=\"fluid-wrapper-counter-1\" class=\"g1-fluid-wrapper \" style=\"width:686px;\">\n<div style=\"padding-bottom:56.268221574344%;\"><iframe loading=\"lazy\" title=\"How to Price Your Fitness Classes\" width=\"686\" height=\"386\" src=\"https:\/\/www.youtube.com\/embed\/FAYjj9IW7Hw?feature=oembed&amp;wmode=transparent&amp;autohide=1&amp;autoplay=0&amp;disablekb=0&amp;fs=1&amp;loop=0&amp;enablejsapi=1&amp;rel=0&amp;controls=2&amp;showinfo=0&amp;wmode=transparent&amp;autohide=2&amp;autoplay=0&amp;disablekb=0&amp;fs=1&amp;loop=0&amp;enablejsapi=1&amp;rel=0&amp;controls=2&amp;showinfo=1\" frameborder=\"0\" allow=\"accelerometer; autoplay; clipboard-write; encrypted-media; gyroscope; picture-in-picture; web-share\" allowfullscreen><\/iframe><\/div>\n<\/div>\n<h3>PUNCHPASS &#8211; CARATTERISTICHE<\/h3>\n<ul>\n<li><strong>Facile<\/strong>: il programma di gestione dello studio semplice e facile da usare ti offre gli strumenti necessari per eseguire le tue operazioni in modo fluido ed efficiente.<\/li>\n<li><strong>Supporto<\/strong>: lo straordinario team di assistenza clienti risolveranno i problemi e ti aiuteranno a ottenere il massimo dal software.<\/li>\n<li><strong>Flessibile<\/strong>: offre la libert\u00e0 e la flessibilit\u00e0 di cui hai bisogno per far crescere la tua comunit\u00e0 il tutto in un&#8217;unica potente soluzione di gestione.<\/li>\n<li><strong>Lezioni online con Zoom:<\/strong> ha una perfetta integrazione con Zoom in modo da poter offrire le tue lezioni dal vivo online mentre usi la soluzione per mostrare il tuo programma online, accettare prenotazioni, vendere pass e tenere traccia delle presenze.<\/li>\n<li><strong>Libreria di contenuti per i video registrati<\/strong>: una libreria di contenuti integrata ti offre una vetrina unica per le lezioni che hai registrato.<\/li>\n<li><strong>Vendi pass online<\/strong>: offri ai tuoi clienti la comodit\u00e0 di acquistare schede perforate e abbonamenti online. Dedica meno tempo a gestire i pagamenti in studio e preoccupati meno dei tuoi istruttori che gestiscono i contanti. Integrato con Stripe, uno dei principali fornitori di pagamenti online al mondo.<\/li>\n<li><strong>Invia email ai tuoi clienti direttamente dalla piattaforma<\/strong>: invia rapidamente email ai tuoi clienti, tutti in una volta o seleziona gruppi di clienti. Inoltra\u00a0un&#8217;offerta speciale agli utenti che non hanno frequentato il corso nell&#8217;ultimo mese. O a tutti coloro la cui carta scade prima della fine dell&#8217;anno.<\/li>\n<li><strong>Guarda come sta andando la tua attivit\u00e0<\/strong>: visualizza un riepilogo dei tuoi totali mensili, nonch\u00e9 analisi dettagliate. La tua contabilit\u00e0 diventa molto pi\u00f9 semplice alla fine del mese saprai esattamente quanto hai venduto.<\/li>\n<\/ul>\n<h4>LE RECENSIONI DEGLI UTENTI<\/h4>\n<p><strong>Monica &#8220;Eccezionale servizio di assistenza clienti&#8221;<\/strong><br \/>\n<strong>Commenti<\/strong>: Gestisce abbonamenti, prenotazioni online, vendita di pacchetti e abbonamenti ricorrenti, l&#8217;interfaccia utente \u00e8 facile da usare per la nostra clientela pi\u00f9 anziana e il servizio clienti \u00e8 straordinario.<br \/>\n<strong>Pro<\/strong>: Questo software \u00e8 cos\u00ec intuitivo e facile da configurare. Ha tutte le funzionalit\u00e0 di cui ho bisogno per gestire il mio studio di yoga ed \u00e8 incredibilmente affidabile (non si interrompe mai o presenta bug). Il team di supporto \u00e8 fantastico, cos\u00ec disponibile e reattivo con l&#8217;installazione e il supporto continuo. Avevo oltre 7000 utenti da migrare e il processo \u00e8 stato fluido.<br \/>\n<strong>Contro<\/strong>: Lo adoro, \u00e8 cos\u00ec intuitivo e facile da usare.<\/p>\n<p><strong>Bernhard &#8220;Ottimo software: non troppo complesso ma con tutte le caratteristiche importanti per uno studio di yoga di medie dimensioni&#8221;<\/strong><br \/>\n<strong>Commenti<\/strong>: Ottimo prodotto e servizio eccellente. Dall&#8217;integrazione ad alcune domande qua e l\u00e0, il team aiuta sempre rapidamente.<br \/>\n<strong>Pro<\/strong>: Il backend \u00e8 facile da usare, affidabile e viene fornito con una buona reportistica per tenere d&#8217;occhio le attivit\u00e0 di vendita e dei clienti. Da parte del cliente nessuna lamentela, facile da usare. Design moderno che si adatta perfettamente al nostro sito web.<br \/>\n<strong>Contro<\/strong>: Non c&#8217;\u00e8 molto di cui lamentarsi&#8230; un po&#8217; pi\u00f9 di flessibilit\u00e0 quando si tratta di regolare manualmente i pagamenti sarebbe utile (soprattutto per gli abbonamenti)<\/p>\n<p><strong>Sara &#8220;Un software da studio semplice e facile da usare&#8221;<\/strong><br \/>\n<strong>Commenti<\/strong>: Eccellente servizio clienti, ottime integrazioni per insegnare online e avere una biblioteca online. Uno dei migliori software per il prezzo.<br \/>\n<strong>Pro<\/strong>: L&#8217;integrazione di Punchpass \u00e8 stata molto semplice, i clienti l&#8217;hanno trovato molto facile da usare e navigare da soli.<br \/>\n<strong>Contro<\/strong>: L&#8217;interfaccia \u00e8 carente secondo me &#8211; potrebbe essere migliore e non c&#8217;\u00e8 nemmeno la possibilit\u00e0 di personalizzare l&#8217;aspetto grafico &#8211; uno dei motivi principali per cui ho lasciato. Anche se sono d&#8217;accordo con la funzione piuttosto che con la forma, dopo 4 anni speravo in qualche miglioramento qui.<\/p>\n","protected":false},"excerpt":{"rendered":"<p>Punchpass ti consente di gestire la tua palestra e le tue lezioni di gruppo in modo semplice e divertente. Offre un software per la vendita e il monitoraggio di pass e schede, possiede funzionalit\u00e0 di vendita e pagamenti online, monitoraggio delle presenze, programmazione, prenotazione, reporting e check-in automatico.<\/p>\n","protected":false},"author":19,"featured_media":69514,"parent":25524,"menu_order":0,"comment_status":"open","ping_status":"closed","template":"g1_template_page_review_new.php","meta":{"_acf_changed":false,"cwp_meta_box_check":"Yes","cwp_rev_product_name":"","cwp_rev_product_image":"","wppr_links":[],"cwp_rev_price":"0.00","wppr_options":[{"name":"Usability","value":"0"},{"name":"Speed","value":"0"},{"name":"Features","value":"0"},{"name":"Support","value":"0"},{"name":"Pricing","value":"0"}],"wppr_pros":["","","","",""],"wppr_cons":["","","","",""],"_monsterinsights_skip_tracking":false,"_monsterinsights_sitenote_active":false,"_monsterinsights_sitenote_note":"","_monsterinsights_sitenote_category":0,"footnotes":""},"categories":[2629],"tags":[2630,14330,14344,14327,14346,14331,14326],"features":[],"class_list":{"0":"post-69513","1":"page","2":"type-page","3":"status-publish","4":"has-post-thumbnail","6":"category-fitness-software","7":"tag-fitness-software","8":"tag-gestionale-palestre","9":"tag-piattaforma-gestionale-palestre","10":"tag-programma-gestionale-palestre","11":"tag-punchpass","12":"tag-software-gestionale-palestre","13":"tag-soluzione-gestionale-palestre"},"wppr_data":{"cwp_meta_box_check":"Yes","_wppr_review_template":"default","cwp_rev_product_image":"","cwp_image_link":"image","wppr_links":[],"cwp_rev_price":"0.00","wppr_pros":["","","","",""],"wppr_cons":["","","","",""],"wppr_rating":"0.00","wppr_options":{"1":{"name":"Usability","value":"0"},"2":{"name":"Speed","value":"0"},"3":{"name":"Features","value":"0"},"4":{"name":"Support","value":"0"},"5":{"name":"Pricing","value":"0"}},"wppr_review_type":"Product","wppr_review_custom_fields":{"additionalProperty":"","additionalType":"","aggregateRating":"","alternateName":"","audience":"","award":"","awards":"","brand":"","color":"","depth":"","description":"","disambiguatingDescription":"","gtin12":"","gtin13":"","gtin14":"","gtin8":"","height":"","identifier":"","image":"","isAccessoryOrSparePartFor":"","isConsumableFor":"","isRelatedTo":"","isSimilarTo":"","itemCondition":"","logo":"","mainEntityOfPage":"","manufacturer":"","material":"","model":"","mpn":"","name":"","offers":"","potentialAction":"","productID":"","productionDate":"","purchaseDate":"","releaseDate":"","review":"","reviews":"","sameAs":"","sku":"","slogan":"","subjectOf":"","url":"","weight":"","width":""}},"acf":[],"yoast_head":"<!-- This site is optimized with the Yoast SEO plugin v27.4 - https:\/\/yoast.com\/product\/yoast-seo-wordpress\/ -->\n<title>Punchpass: recensione software gestione palestre - AR<\/title>\n<meta name=\"description\" content=\"Punchpass: recensione soluzione per gestire la tua palestra e le tue lezioni di gruppo in modo semplice e divertente.\" \/>\n<meta name=\"robots\" content=\"index, follow, max-snippet:-1, max-image-preview:large, max-video-preview:-1\" \/>\n<link rel=\"canonical\" href=\"https:\/\/www.accuratereviews.com\/it\/software-fitness-lista\/punchpass-recensione\/\" \/>\n<meta property=\"og:locale\" content=\"it_IT\" \/>\n<meta property=\"og:type\" content=\"article\" \/>\n<meta property=\"og:title\" content=\"Punchpass: recensione software gestione palestre - AR\" \/>\n<meta property=\"og:description\" content=\"Punchpass: recensione soluzione per gestire la tua palestra e le tue lezioni di gruppo in modo semplice e divertente.\" \/>\n<meta property=\"og:url\" content=\"https:\/\/www.accuratereviews.com\/it\/software-fitness-lista\/punchpass-recensione\/\" \/>\n<meta property=\"og:site_name\" content=\"Accurate Reviews\" \/>\n<meta property=\"article:modified_time\" content=\"2023-05-19T10:24:20+00:00\" \/>\n<meta property=\"og:image\" content=\"https:\/\/www.accuratereviews.com\/wp-content\/uploads\/2023\/05\/Punchpass.jpeg\" \/>\n\t<meta property=\"og:image:width\" content=\"280\" \/>\n\t<meta property=\"og:image:height\" content=\"280\" \/>\n\t<meta property=\"og:image:type\" content=\"image\/jpeg\" \/>\n<meta name=\"twitter:card\" content=\"summary_large_image\" \/>\n<meta name=\"twitter:label1\" content=\"Tempo di lettura stimato\" \/>\n\t<meta name=\"twitter:data1\" content=\"4 minuti\" \/>\n<script type=\"application\/ld+json\" class=\"yoast-schema-graph\">{\"@context\":\"https:\\\/\\\/schema.org\",\"@graph\":[{\"@type\":\"WebPage\",\"@id\":\"https:\\\/\\\/www.accuratereviews.com\\\/it\\\/software-fitness-lista\\\/punchpass-recensione\\\/\",\"url\":\"https:\\\/\\\/www.accuratereviews.com\\\/it\\\/software-fitness-lista\\\/punchpass-recensione\\\/\",\"name\":\"Punchpass: recensione software gestione palestre - AR\",\"isPartOf\":{\"@id\":\"https:\\\/\\\/www.accuratereviews.com\\\/it\\\/#website\"},\"primaryImageOfPage\":{\"@id\":\"https:\\\/\\\/www.accuratereviews.com\\\/it\\\/software-fitness-lista\\\/punchpass-recensione\\\/#primaryimage\"},\"image\":{\"@id\":\"https:\\\/\\\/www.accuratereviews.com\\\/it\\\/software-fitness-lista\\\/punchpass-recensione\\\/#primaryimage\"},\"thumbnailUrl\":\"https:\\\/\\\/www.accuratereviews.com\\\/wp-content\\\/uploads\\\/2023\\\/05\\\/Punchpass.jpeg\",\"datePublished\":\"2023-05-19T07:10:07+00:00\",\"dateModified\":\"2023-05-19T10:24:20+00:00\",\"description\":\"Punchpass: recensione soluzione per gestire la tua palestra e le tue lezioni di gruppo in modo semplice e divertente.\",\"breadcrumb\":{\"@id\":\"https:\\\/\\\/www.accuratereviews.com\\\/it\\\/software-fitness-lista\\\/punchpass-recensione\\\/#breadcrumb\"},\"inLanguage\":\"it-IT\",\"potentialAction\":[{\"@type\":\"ReadAction\",\"target\":[\"https:\\\/\\\/www.accuratereviews.com\\\/it\\\/software-fitness-lista\\\/punchpass-recensione\\\/\"]}]},{\"@type\":\"ImageObject\",\"inLanguage\":\"it-IT\",\"@id\":\"https:\\\/\\\/www.accuratereviews.com\\\/it\\\/software-fitness-lista\\\/punchpass-recensione\\\/#primaryimage\",\"url\":\"https:\\\/\\\/www.accuratereviews.com\\\/wp-content\\\/uploads\\\/2023\\\/05\\\/Punchpass.jpeg\",\"contentUrl\":\"https:\\\/\\\/www.accuratereviews.com\\\/wp-content\\\/uploads\\\/2023\\\/05\\\/Punchpass.jpeg\",\"width\":280,\"height\":280},{\"@type\":\"BreadcrumbList\",\"@id\":\"https:\\\/\\\/www.accuratereviews.com\\\/it\\\/software-fitness-lista\\\/punchpass-recensione\\\/#breadcrumb\",\"itemListElement\":[{\"@type\":\"ListItem\",\"position\":1,\"name\":\"Home\",\"item\":\"https:\\\/\\\/www.accuratereviews.com\\\/it\\\/\"},{\"@type\":\"ListItem\",\"position\":2,\"name\":\"Software per fitness\",\"item\":\"https:\\\/\\\/www.accuratereviews.com\\\/it\\\/software-fitness-lista\\\/\"},{\"@type\":\"ListItem\",\"position\":3,\"name\":\"Punchpass\"}]},{\"@type\":\"WebSite\",\"@id\":\"https:\\\/\\\/www.accuratereviews.com\\\/it\\\/#website\",\"url\":\"https:\\\/\\\/www.accuratereviews.com\\\/it\\\/\",\"name\":\"Accurate Reviews\",\"description\":\"\",\"potentialAction\":[{\"@type\":\"SearchAction\",\"target\":{\"@type\":\"EntryPoint\",\"urlTemplate\":\"https:\\\/\\\/www.accuratereviews.com\\\/it\\\/?s={search_term_string}\"},\"query-input\":{\"@type\":\"PropertyValueSpecification\",\"valueRequired\":true,\"valueName\":\"search_term_string\"}}],\"inLanguage\":\"it-IT\"}]}<\/script>\n<!-- \/ Yoast SEO plugin. -->","yoast_head_json":{"title":"Punchpass: recensione software gestione palestre - AR","description":"Punchpass: recensione soluzione per gestire la tua palestra e le tue lezioni di gruppo in modo semplice e divertente.","robots":{"index":"index","follow":"follow","max-snippet":"max-snippet:-1","max-image-preview":"max-image-preview:large","max-video-preview":"max-video-preview:-1"},"canonical":"https:\/\/www.accuratereviews.com\/it\/software-fitness-lista\/punchpass-recensione\/","og_locale":"it_IT","og_type":"article","og_title":"Punchpass: recensione software gestione palestre - AR","og_description":"Punchpass: recensione soluzione per gestire la tua palestra e le tue lezioni di gruppo in modo semplice e divertente.","og_url":"https:\/\/www.accuratereviews.com\/it\/software-fitness-lista\/punchpass-recensione\/","og_site_name":"Accurate Reviews","article_modified_time":"2023-05-19T10:24:20+00:00","og_image":[{"width":280,"height":280,"url":"https:\/\/www.accuratereviews.com\/wp-content\/uploads\/2023\/05\/Punchpass.jpeg","type":"image\/jpeg"}],"twitter_card":"summary_large_image","twitter_misc":{"Tempo di lettura stimato":"4 minuti"},"schema":{"@context":"https:\/\/schema.org","@graph":[{"@type":"WebPage","@id":"https:\/\/www.accuratereviews.com\/it\/software-fitness-lista\/punchpass-recensione\/","url":"https:\/\/www.accuratereviews.com\/it\/software-fitness-lista\/punchpass-recensione\/","name":"Punchpass: recensione software gestione palestre - AR","isPartOf":{"@id":"https:\/\/www.accuratereviews.com\/it\/#website"},"primaryImageOfPage":{"@id":"https:\/\/www.accuratereviews.com\/it\/software-fitness-lista\/punchpass-recensione\/#primaryimage"},"image":{"@id":"https:\/\/www.accuratereviews.com\/it\/software-fitness-lista\/punchpass-recensione\/#primaryimage"},"thumbnailUrl":"https:\/\/www.accuratereviews.com\/wp-content\/uploads\/2023\/05\/Punchpass.jpeg","datePublished":"2023-05-19T07:10:07+00:00","dateModified":"2023-05-19T10:24:20+00:00","description":"Punchpass: recensione soluzione per gestire la tua palestra e le tue lezioni di gruppo in modo semplice e divertente.","breadcrumb":{"@id":"https:\/\/www.accuratereviews.com\/it\/software-fitness-lista\/punchpass-recensione\/#breadcrumb"},"inLanguage":"it-IT","potentialAction":[{"@type":"ReadAction","target":["https:\/\/www.accuratereviews.com\/it\/software-fitness-lista\/punchpass-recensione\/"]}]},{"@type":"ImageObject","inLanguage":"it-IT","@id":"https:\/\/www.accuratereviews.com\/it\/software-fitness-lista\/punchpass-recensione\/#primaryimage","url":"https:\/\/www.accuratereviews.com\/wp-content\/uploads\/2023\/05\/Punchpass.jpeg","contentUrl":"https:\/\/www.accuratereviews.com\/wp-content\/uploads\/2023\/05\/Punchpass.jpeg","width":280,"height":280},{"@type":"BreadcrumbList","@id":"https:\/\/www.accuratereviews.com\/it\/software-fitness-lista\/punchpass-recensione\/#breadcrumb","itemListElement":[{"@type":"ListItem","position":1,"name":"Home","item":"https:\/\/www.accuratereviews.com\/it\/"},{"@type":"ListItem","position":2,"name":"Software per fitness","item":"https:\/\/www.accuratereviews.com\/it\/software-fitness-lista\/"},{"@type":"ListItem","position":3,"name":"Punchpass"}]},{"@type":"WebSite","@id":"https:\/\/www.accuratereviews.com\/it\/#website","url":"https:\/\/www.accuratereviews.com\/it\/","name":"Accurate Reviews","description":"","potentialAction":[{"@type":"SearchAction","target":{"@type":"EntryPoint","urlTemplate":"https:\/\/www.accuratereviews.com\/it\/?s={search_term_string}"},"query-input":{"@type":"PropertyValueSpecification","valueRequired":true,"valueName":"search_term_string"}}],"inLanguage":"it-IT"}]}},"_links":{"self":[{"href":"https:\/\/www.accuratereviews.com\/it\/wp-json\/wp\/v2\/pages\/69513","targetHints":{"allow":["GET"]}}],"collection":[{"href":"https:\/\/www.accuratereviews.com\/it\/wp-json\/wp\/v2\/pages"}],"about":[{"href":"https:\/\/www.accuratereviews.com\/it\/wp-json\/wp\/v2\/types\/page"}],"author":[{"embeddable":true,"href":"https:\/\/www.accuratereviews.com\/it\/wp-json\/wp\/v2\/users\/19"}],"replies":[{"embeddable":true,"href":"https:\/\/www.accuratereviews.com\/it\/wp-json\/wp\/v2\/comments?post=69513"}],"version-history":[{"count":12,"href":"https:\/\/www.accuratereviews.com\/it\/wp-json\/wp\/v2\/pages\/69513\/revisions"}],"predecessor-version":[{"id":69559,"href":"https:\/\/www.accuratereviews.com\/it\/wp-json\/wp\/v2\/pages\/69513\/revisions\/69559"}],"up":[{"embeddable":true,"href":"https:\/\/www.accuratereviews.com\/it\/wp-json\/wp\/v2\/pages\/25524"}],"wp:featuredmedia":[{"embeddable":true,"href":"https:\/\/www.accuratereviews.com\/it\/wp-json\/wp\/v2\/media\/69514"}],"wp:attachment":[{"href":"https:\/\/www.accuratereviews.com\/it\/wp-json\/wp\/v2\/media?parent=69513"}],"wp:term":[{"taxonomy":"category","embeddable":true,"href":"https:\/\/www.accuratereviews.com\/it\/wp-json\/wp\/v2\/categories?post=69513"},{"taxonomy":"post_tag","embeddable":true,"href":"https:\/\/www.accuratereviews.com\/it\/wp-json\/wp\/v2\/tags?post=69513"},{"taxonomy":"features","embeddable":true,"href":"https:\/\/www.accuratereviews.com\/it\/wp-json\/wp\/v2\/features?post=69513"}],"curies":[{"name":"wp","href":"https:\/\/api.w.org\/{rel}","templated":true}]}}