{"id":69560,"date":"2023-05-19T14:50:40","date_gmt":"2023-05-19T14:50:40","guid":{"rendered":"https:\/\/www.accuratereviews.com\/?page_id=69560"},"modified":"2023-05-19T14:50:40","modified_gmt":"2023-05-19T14:50:40","slug":"partoo-recensione","status":"publish","type":"page","link":"https:\/\/www.accuratereviews.com\/it\/software-gestione-recensioni\/partoo-recensione\/","title":{"rendered":"Partoo"},"content":{"rendered":"<p><strong>Partoo<\/strong> \u00e8 un <strong>software che gestisce le tue recensioni<\/strong> su Google, TripAdvisor e Facebook migliorando la tua reputazione online. Offre report dettagliati tramite i quali puoi rimanere aggiornato su tutto e avere sempre una visione completa delle recensioni, del tasso di risposta, della valutazione media e della suddivisione di clienti soddisfatti, insoddisfatti e neutri.<br \/>\nGrazie alla soluzione Review Booster di <strong>Partoo<\/strong> potrai anche mandare inviti via SMS ai tuoi clienti o codici QR che li incoraggino a lasciarti dei commenti positivi.<\/p>\n<h2>PARTOO &#8211; TUTORIAL<\/h2>\n<div id=\"fluid-wrapper-counter-1\" class=\"g1-fluid-wrapper \" style=\"width:686px;\">\n<div style=\"padding-bottom:56.268221574344%;\"><iframe loading=\"lazy\" title=\"Caso di successo: Tecnocasa\" width=\"686\" height=\"386\" src=\"https:\/\/www.youtube.com\/embed\/mNYk2ZmJJPQ?feature=oembed&amp;wmode=transparent&amp;autohide=1&amp;autoplay=0&amp;disablekb=0&amp;fs=1&amp;loop=0&amp;enablejsapi=1&amp;rel=0&amp;controls=2&amp;showinfo=0&amp;wmode=transparent&amp;autohide=2&amp;autoplay=0&amp;disablekb=0&amp;fs=1&amp;loop=0&amp;enablejsapi=1&amp;rel=0&amp;controls=2&amp;showinfo=1\" frameborder=\"0\" allow=\"accelerometer; autoplay; clipboard-write; encrypted-media; gyroscope; picture-in-picture; web-share\" allowfullscreen><\/iframe><\/div>\n<\/div>\n<h3>PARTOO &#8211; CARATTERISTICHE<\/h3>\n<ul>\n<li><strong>Centralizza<\/strong>: centralizza le tue recensioni Google, Facebook e TripAdvisor<\/li>\n<li><strong>Review Booster<\/strong>: raccogli pi\u00f9 recensioni dei clienti con inviti via SMS o codici QR<\/li>\n<li><strong>Risposte rapide<\/strong>: rispondi direttamente dalla piattaforma<\/li>\n<li><strong>Follow-up delle recensioni<\/strong>: visualizza le recensioni modificate o eliminate dai tuoi clienti<\/li>\n<li><strong>Statistiche<\/strong>: analizza la tua e-reputation (numero di recensioni, progresso, valutazione media&#8230;)<\/li>\n<li><strong>Filtra<\/strong>: filtra le recensioni (fonte, data, valutazione, punto vendita&#8230;)<\/li>\n<li><strong>Scarica<\/strong>: scarica ed esporta le tue recensioni (in formato excel)<\/li>\n<li><strong>Modelli di rispost<\/strong>a: rispondi pi\u00f9 velocemente grazie ai modelli di risposta predefiniti e personalizzati<\/li>\n<li><strong>Report delle performance<\/strong>: ricevi un report dettagliato delle tue performance via mail (quotidiano, settimanale, mensile)<\/li>\n<li><strong>Supporto clienti<\/strong>: accedi all&#8217;assistenza clienti in 1 clic dalla piattaforma.<\/li>\n<\/ul>\n<h4>LE RECENSIONI DEGLI UTENTI<\/h4>\n<p><strong>Andrea &#8220;Aiutare i Clienti&#8221;<\/strong><br \/>\nPro: Mi permette ogni giorno di aiutare i Clienti che lo chiedono e soprattutto complimentarmi con chi \u00e8 meritevole di ricevere valutazioni positive dai Clienti stessi.<br \/>\nContro: Nulla in particolare se non in alcuni momenti che le risposte alle recensioni non sono state prese in carico. Problema risolto in ogni momento con velocit\u00e0 ed efficacia da chi si occupa del software<\/p>\n<p><strong>Luigi &#8220;Fidelizzazione 5 stelle&#8221;<\/strong><br \/>\nCommenti: Super esperienza di facile utilizzo<br \/>\nPro: La semplicit\u00e0 di raccolta e gestione delle recensioni. Utilissima ed immediata app e suo utilizzo da mobile<br \/>\nContro: A volte trovo delle risposte partite in automatico senza averle messe io . Esempio grazie per la sua recensione..<\/p>\n<p><strong>Ruggero &#8220;Ottimo gestionale Recensioni clienti e web reputation&#8221;<\/strong><br \/>\nCommenti: Ottimo il prodotto e le varie funzionalit\u00e0 implementate nel tempo<br \/>\nPro: La velocit\u00e0 \u00e8 la facilit\u00e0 nell&#8217;uso che \u00e9 molto intuitivo<br \/>\nContro: Non saprei, per l uso che ne faccio va bene cos\u00ec.<\/p>\n","protected":false},"excerpt":{"rendered":"<p>Partoo \u00e8 un software che gestisce le tue recensioni su Google, TripAdvisor e Facebook migliorando la tua reputazione online. Offre report dettagliati tramite i quali puoi rimanere aggiornato su tutto e avere sempre una visione completa delle recensioni, del tasso di risposta, della valutazione media e della suddivisione di clienti soddisfatti, insoddisfatti e neutri.<\/p>\n","protected":false},"author":17,"featured_media":69562,"parent":60645,"menu_order":0,"comment_status":"open","ping_status":"closed","template":"g1_template_page_review_new.php","meta":{"_acf_changed":false,"cwp_meta_box_check":"No","cwp_rev_product_name":"","cwp_rev_product_image":"","wppr_links":[],"cwp_rev_price":"","wppr_options":[],"wppr_pros":[],"wppr_cons":[],"_monsterinsights_skip_tracking":false,"_monsterinsights_sitenote_active":false,"_monsterinsights_sitenote_note":"","_monsterinsights_sitenote_category":0,"footnotes":""},"categories":[13158],"tags":[13226,14351,13248,13249,13246],"features":[],"class_list":{"0":"post-69560","1":"page","2":"type-page","3":"status-publish","4":"has-post-thumbnail","6":"category-software-per-la-gestione-delle-recensioni","7":"tag-gestionale-recensioni","8":"tag-partoo","9":"tag-piattaforma-di-gestione-recensioni","10":"tag-programma-di-gestione-recensioni","11":"tag-software-di-gestione-recensioni"},"wppr_data":{"cwp_meta_box_check":"No"},"acf":[],"yoast_head":"<!-- This site is optimized with the Yoast SEO plugin v27.4 - https:\/\/yoast.com\/product\/yoast-seo-wordpress\/ -->\n<title>Partoo: software gestione recensioni - Accurate Reviews<\/title>\n<meta name=\"description\" content=\"Partoo: software che gestisce le tue recensioni su Google, TripAdvisor e Facebook migliorando la tua reputazione online.\" \/>\n<meta name=\"robots\" content=\"index, follow, max-snippet:-1, max-image-preview:large, max-video-preview:-1\" \/>\n<link rel=\"canonical\" href=\"https:\/\/www.accuratereviews.com\/it\/software-gestione-recensioni\/partoo-recensione\/\" \/>\n<meta property=\"og:locale\" content=\"it_IT\" \/>\n<meta property=\"og:type\" content=\"article\" \/>\n<meta property=\"og:title\" content=\"Partoo: software gestione recensioni - Accurate Reviews\" \/>\n<meta property=\"og:description\" content=\"Partoo: software che gestisce le tue recensioni su Google, TripAdvisor e Facebook migliorando la tua reputazione online.\" \/>\n<meta property=\"og:url\" content=\"https:\/\/www.accuratereviews.com\/it\/software-gestione-recensioni\/partoo-recensione\/\" \/>\n<meta property=\"og:site_name\" content=\"Accurate Reviews\" \/>\n<meta property=\"og:image\" content=\"https:\/\/www.accuratereviews.com\/wp-content\/uploads\/2023\/05\/partoo.jpg\" \/>\n\t<meta property=\"og:image:width\" content=\"600\" \/>\n\t<meta property=\"og:image:height\" content=\"268\" \/>\n\t<meta property=\"og:image:type\" content=\"image\/jpeg\" \/>\n<meta name=\"twitter:card\" content=\"summary_large_image\" \/>\n<meta name=\"twitter:label1\" content=\"Tempo di lettura stimato\" \/>\n\t<meta name=\"twitter:data1\" content=\"2 minuti\" \/>\n<script type=\"application\/ld+json\" class=\"yoast-schema-graph\">{\"@context\":\"https:\\\/\\\/schema.org\",\"@graph\":[{\"@type\":\"WebPage\",\"@id\":\"https:\\\/\\\/www.accuratereviews.com\\\/it\\\/software-gestione-recensioni\\\/partoo-recensione\\\/\",\"url\":\"https:\\\/\\\/www.accuratereviews.com\\\/it\\\/software-gestione-recensioni\\\/partoo-recensione\\\/\",\"name\":\"Partoo: software gestione recensioni - Accurate Reviews\",\"isPartOf\":{\"@id\":\"https:\\\/\\\/www.accuratereviews.com\\\/it\\\/#website\"},\"primaryImageOfPage\":{\"@id\":\"https:\\\/\\\/www.accuratereviews.com\\\/it\\\/software-gestione-recensioni\\\/partoo-recensione\\\/#primaryimage\"},\"image\":{\"@id\":\"https:\\\/\\\/www.accuratereviews.com\\\/it\\\/software-gestione-recensioni\\\/partoo-recensione\\\/#primaryimage\"},\"thumbnailUrl\":\"https:\\\/\\\/www.accuratereviews.com\\\/wp-content\\\/uploads\\\/2023\\\/05\\\/partoo.jpg\",\"datePublished\":\"2023-05-19T14:50:40+00:00\",\"description\":\"Partoo: software che gestisce le tue recensioni su Google, TripAdvisor e Facebook migliorando la tua reputazione online.\",\"breadcrumb\":{\"@id\":\"https:\\\/\\\/www.accuratereviews.com\\\/it\\\/software-gestione-recensioni\\\/partoo-recensione\\\/#breadcrumb\"},\"inLanguage\":\"it-IT\",\"potentialAction\":[{\"@type\":\"ReadAction\",\"target\":[\"https:\\\/\\\/www.accuratereviews.com\\\/it\\\/software-gestione-recensioni\\\/partoo-recensione\\\/\"]}]},{\"@type\":\"ImageObject\",\"inLanguage\":\"it-IT\",\"@id\":\"https:\\\/\\\/www.accuratereviews.com\\\/it\\\/software-gestione-recensioni\\\/partoo-recensione\\\/#primaryimage\",\"url\":\"https:\\\/\\\/www.accuratereviews.com\\\/wp-content\\\/uploads\\\/2023\\\/05\\\/partoo.jpg\",\"contentUrl\":\"https:\\\/\\\/www.accuratereviews.com\\\/wp-content\\\/uploads\\\/2023\\\/05\\\/partoo.jpg\",\"width\":600,\"height\":268},{\"@type\":\"BreadcrumbList\",\"@id\":\"https:\\\/\\\/www.accuratereviews.com\\\/it\\\/software-gestione-recensioni\\\/partoo-recensione\\\/#breadcrumb\",\"itemListElement\":[{\"@type\":\"ListItem\",\"position\":1,\"name\":\"Home\",\"item\":\"https:\\\/\\\/www.accuratereviews.com\\\/it\\\/\"},{\"@type\":\"ListItem\",\"position\":2,\"name\":\"Software per la gestione delle recensioni\",\"item\":\"https:\\\/\\\/www.accuratereviews.com\\\/it\\\/software-gestione-recensioni\\\/\"},{\"@type\":\"ListItem\",\"position\":3,\"name\":\"Partoo\"}]},{\"@type\":\"WebSite\",\"@id\":\"https:\\\/\\\/www.accuratereviews.com\\\/it\\\/#website\",\"url\":\"https:\\\/\\\/www.accuratereviews.com\\\/it\\\/\",\"name\":\"Accurate Reviews\",\"description\":\"\",\"potentialAction\":[{\"@type\":\"SearchAction\",\"target\":{\"@type\":\"EntryPoint\",\"urlTemplate\":\"https:\\\/\\\/www.accuratereviews.com\\\/it\\\/?s={search_term_string}\"},\"query-input\":{\"@type\":\"PropertyValueSpecification\",\"valueRequired\":true,\"valueName\":\"search_term_string\"}}],\"inLanguage\":\"it-IT\"}]}<\/script>\n<!-- \/ Yoast SEO plugin. -->","yoast_head_json":{"title":"Partoo: software gestione recensioni - Accurate Reviews","description":"Partoo: software che gestisce le tue recensioni su Google, TripAdvisor e Facebook migliorando la tua reputazione online.","robots":{"index":"index","follow":"follow","max-snippet":"max-snippet:-1","max-image-preview":"max-image-preview:large","max-video-preview":"max-video-preview:-1"},"canonical":"https:\/\/www.accuratereviews.com\/it\/software-gestione-recensioni\/partoo-recensione\/","og_locale":"it_IT","og_type":"article","og_title":"Partoo: software gestione recensioni - Accurate Reviews","og_description":"Partoo: software che gestisce le tue recensioni su Google, TripAdvisor e Facebook migliorando la tua reputazione online.","og_url":"https:\/\/www.accuratereviews.com\/it\/software-gestione-recensioni\/partoo-recensione\/","og_site_name":"Accurate Reviews","og_image":[{"width":600,"height":268,"url":"https:\/\/www.accuratereviews.com\/wp-content\/uploads\/2023\/05\/partoo.jpg","type":"image\/jpeg"}],"twitter_card":"summary_large_image","twitter_misc":{"Tempo di lettura stimato":"2 minuti"},"schema":{"@context":"https:\/\/schema.org","@graph":[{"@type":"WebPage","@id":"https:\/\/www.accuratereviews.com\/it\/software-gestione-recensioni\/partoo-recensione\/","url":"https:\/\/www.accuratereviews.com\/it\/software-gestione-recensioni\/partoo-recensione\/","name":"Partoo: software gestione recensioni - Accurate Reviews","isPartOf":{"@id":"https:\/\/www.accuratereviews.com\/it\/#website"},"primaryImageOfPage":{"@id":"https:\/\/www.accuratereviews.com\/it\/software-gestione-recensioni\/partoo-recensione\/#primaryimage"},"image":{"@id":"https:\/\/www.accuratereviews.com\/it\/software-gestione-recensioni\/partoo-recensione\/#primaryimage"},"thumbnailUrl":"https:\/\/www.accuratereviews.com\/wp-content\/uploads\/2023\/05\/partoo.jpg","datePublished":"2023-05-19T14:50:40+00:00","description":"Partoo: software che gestisce le tue recensioni su Google, TripAdvisor e Facebook migliorando la tua reputazione online.","breadcrumb":{"@id":"https:\/\/www.accuratereviews.com\/it\/software-gestione-recensioni\/partoo-recensione\/#breadcrumb"},"inLanguage":"it-IT","potentialAction":[{"@type":"ReadAction","target":["https:\/\/www.accuratereviews.com\/it\/software-gestione-recensioni\/partoo-recensione\/"]}]},{"@type":"ImageObject","inLanguage":"it-IT","@id":"https:\/\/www.accuratereviews.com\/it\/software-gestione-recensioni\/partoo-recensione\/#primaryimage","url":"https:\/\/www.accuratereviews.com\/wp-content\/uploads\/2023\/05\/partoo.jpg","contentUrl":"https:\/\/www.accuratereviews.com\/wp-content\/uploads\/2023\/05\/partoo.jpg","width":600,"height":268},{"@type":"BreadcrumbList","@id":"https:\/\/www.accuratereviews.com\/it\/software-gestione-recensioni\/partoo-recensione\/#breadcrumb","itemListElement":[{"@type":"ListItem","position":1,"name":"Home","item":"https:\/\/www.accuratereviews.com\/it\/"},{"@type":"ListItem","position":2,"name":"Software per la gestione delle recensioni","item":"https:\/\/www.accuratereviews.com\/it\/software-gestione-recensioni\/"},{"@type":"ListItem","position":3,"name":"Partoo"}]},{"@type":"WebSite","@id":"https:\/\/www.accuratereviews.com\/it\/#website","url":"https:\/\/www.accuratereviews.com\/it\/","name":"Accurate Reviews","description":"","potentialAction":[{"@type":"SearchAction","target":{"@type":"EntryPoint","urlTemplate":"https:\/\/www.accuratereviews.com\/it\/?s={search_term_string}"},"query-input":{"@type":"PropertyValueSpecification","valueRequired":true,"valueName":"search_term_string"}}],"inLanguage":"it-IT"}]}},"_links":{"self":[{"href":"https:\/\/www.accuratereviews.com\/it\/wp-json\/wp\/v2\/pages\/69560","targetHints":{"allow":["GET"]}}],"collection":[{"href":"https:\/\/www.accuratereviews.com\/it\/wp-json\/wp\/v2\/pages"}],"about":[{"href":"https:\/\/www.accuratereviews.com\/it\/wp-json\/wp\/v2\/types\/page"}],"author":[{"embeddable":true,"href":"https:\/\/www.accuratereviews.com\/it\/wp-json\/wp\/v2\/users\/17"}],"replies":[{"embeddable":true,"href":"https:\/\/www.accuratereviews.com\/it\/wp-json\/wp\/v2\/comments?post=69560"}],"version-history":[{"count":6,"href":"https:\/\/www.accuratereviews.com\/it\/wp-json\/wp\/v2\/pages\/69560\/revisions"}],"predecessor-version":[{"id":69574,"href":"https:\/\/www.accuratereviews.com\/it\/wp-json\/wp\/v2\/pages\/69560\/revisions\/69574"}],"up":[{"embeddable":true,"href":"https:\/\/www.accuratereviews.com\/it\/wp-json\/wp\/v2\/pages\/60645"}],"wp:featuredmedia":[{"embeddable":true,"href":"https:\/\/www.accuratereviews.com\/it\/wp-json\/wp\/v2\/media\/69562"}],"wp:attachment":[{"href":"https:\/\/www.accuratereviews.com\/it\/wp-json\/wp\/v2\/media?parent=69560"}],"wp:term":[{"taxonomy":"category","embeddable":true,"href":"https:\/\/www.accuratereviews.com\/it\/wp-json\/wp\/v2\/categories?post=69560"},{"taxonomy":"post_tag","embeddable":true,"href":"https:\/\/www.accuratereviews.com\/it\/wp-json\/wp\/v2\/tags?post=69560"},{"taxonomy":"features","embeddable":true,"href":"https:\/\/www.accuratereviews.com\/it\/wp-json\/wp\/v2\/features?post=69560"}],"curies":[{"name":"wp","href":"https:\/\/api.w.org\/{rel}","templated":true}]}}