{"id":69621,"date":"2023-05-23T13:03:36","date_gmt":"2023-05-23T13:03:36","guid":{"rendered":"https:\/\/www.accuratereviews.com\/?page_id=69621"},"modified":"2023-05-23T16:18:36","modified_gmt":"2023-05-23T16:18:36","slug":"momence-recensione","status":"publish","type":"page","link":"https:\/\/www.accuratereviews.com\/it\/software-fitness-lista\/momence-recensione\/","title":{"rendered":"Momence"},"content":{"rendered":"<p><strong>Momence<\/strong> \u00e8 una <strong>piattaforma di ticketing<\/strong> per eventi e contenuti. Gli utenti possono vendere biglietti o diritti di accesso a eventi live, video on demand, corsi e contenuti digitali. Il software si integra con app di terze parti e fornisce controlli di accesso appropriati. Sono inoltre forniti strumenti per monetizzare i diritti di accesso per eventi dal vivo, come corsi di formazione e conferenze.<br \/>\nPer creare esperienze ibride, gli utenti possono combinare eventi dal vivo e di persona. Una funzione di libreria video \u00e8 inclusa nei contenuti on-demand e la piattaforma si integra con altri software incluso Zoom. Per le prenotazioni, gli utenti possono scegliere tra diverse opzioni di acquisto prima di registrarsi. Le registrazioni sono automatizzate al momento dei primi acquisti e sono disponibili opzioni di upselling per facilitare maggiori entrate o abbonamenti. L&#8217;aspetto delle pagine di registrazione \u00e8 completamente configurabile e, se necessario, \u00e8 possibile aggiungere campi personalizzati.<\/p>\n<h2>MOMENCE &#8211; TUTORIAL<\/h2>\n<div id=\"fluid-wrapper-counter-1\" class=\"g1-fluid-wrapper \" style=\"width:686px;\">\n<div style=\"padding-bottom:56.268221574344%;\"><iframe loading=\"lazy\" title=\"New Momence App for Scheduling Classes, Booking Appointments and managing Child Accounts\" width=\"686\" height=\"386\" src=\"https:\/\/www.youtube.com\/embed\/IPz8bEQUdrU?feature=oembed&amp;wmode=transparent&amp;autohide=1&amp;autoplay=0&amp;disablekb=0&amp;fs=1&amp;loop=0&amp;enablejsapi=1&amp;rel=0&amp;controls=2&amp;showinfo=0&amp;wmode=transparent&amp;autohide=2&amp;autoplay=0&amp;disablekb=0&amp;fs=1&amp;loop=0&amp;enablejsapi=1&amp;rel=0&amp;controls=2&amp;showinfo=1\" frameborder=\"0\" allow=\"accelerometer; autoplay; clipboard-write; encrypted-media; gyroscope; picture-in-picture; web-share\" allowfullscreen><\/iframe><\/div>\n<\/div>\n<h3>MOMENCE &#8211; CARATTERISTICHE<\/h3>\n<ul>\n<li><strong>Programmazione<\/strong>: pianifica facilmente lezioni, eventi, appuntamenti ed esperienze online e di persona.<\/li>\n<li><strong>Marketing<\/strong>: fai crescere la tua attivit\u00e0 tramite automazioni di email e sms, riconquista e retargeting.<\/li>\n<li><strong>Su richiesta<\/strong>: crea la tua videoteca on-demand e i video corsi.<\/li>\n<li><strong>Corsi<\/strong>: genera e pianifica corsi, semestri, sfide, ritiri e viaggi.<\/li>\n<li><strong>Newsletter<\/strong>: crea e invia splendide newsletter ai tuoi potenziali clienti e utenti gi\u00e0 iscritti.<\/li>\n<li><strong>Applicazione mobile<\/strong>: usa l&#8217;app mobile gratuita con la tua pagina dedicata o personalizzala con il logo della tua attivit\u00e0.<\/li>\n<li><strong>Saldi<\/strong>: accetta i pagamenti di persona con i prodotti per la reception, il punto vendita e il check-in automatico.<\/li>\n<li><strong>Automazioni:<\/strong> pianifica automaticamente le attivit\u00e0 del personale in base all&#8217;interazione di un cliente con la tua azienda.<\/li>\n<li><strong>Segnalazione<\/strong>: rapporti solidi e approfondimenti visualizzati in ogni parte della tua attivit\u00e0.<\/li>\n<li><strong>Conti del personale<\/strong>: gestisci gli account del personale con diversi livelli di autorizzazione ed esegui rapporti sulle buste paga.<\/li>\n<\/ul>\n<h4>LE RECENSIONI DEGLI UTENTI<\/h4>\n<p><strong>Tammara &#8220;Eccezionale servizio clienti attraverso l&#8217;onboarding e Beyone&#8221;<\/strong><br \/>\n<strong>Commenti<\/strong>: Ogni contatto \u00e8 stato positivo, solidale e informativo. Ogni persona con cui ho parlato sa il fatto suo e se non ha la risposta me la rintraccia.<br \/>\n<strong>Pro<\/strong>: Ha le caratteristiche di base che stavamo cercando con molto di pi\u00f9 lungo il tubo. Il prezzo tutto compreso era enorme per noi perch\u00e9 mi sentivo come se fossi stato nichelato e oscurato sul nostro sistema precedente. Il supporto \u00e8 stato fantastico.<br \/>\n<strong>Contro<\/strong>: Ho fornito feedback su alcuni elementi che mi piacerebbe vedere nel software, tra cui l&#8217;elaborazione ACH, la possibilit\u00e0 di stampare fatture, ecc. Nulla su cui non possiamo aggirare poich\u00e9 il sistema viene sviluppato rapidamente.<\/p>\n<p><strong>Zefea &#8220;Sistema solido, abbastanza felice finora&#8221;<\/strong><br \/>\n<strong>Commenti<\/strong>: Nel complesso sono abbastanza soddisfatto. Ci sono state alcune occasioni in cui ci \u00e8 voluto molto tempo per ottenere una risposta e sono state necessarie ripetute email da parte nostra per trovare risposte. La chat dell&#8217;helpdesk di solito risponde rapidamente ed \u00e8 utile, ma per parlare con qualcuno al telefono \u00e8 necessario fissare un appuntamento con largo anticipo. Stiamo ancora cercando di capire alcune cose, non tutto \u00e8 semplice. Non riesco sempre a trovare le informazioni\/i video della guida, a meno che una persona dell&#8217;Hepldesk non mi invii un collegamento. Ci sono ancora funzionalit\u00e0 che devo esplorare. Siamo un po&#8217; sorpresi di quanto tempo ci vuole prima che i fondi vengano visualizzati nel nostro conto dopo averlo eseguito nel sistema. Questo \u00e8 pi\u00f9 lungo di quello a cui siamo abituati con processori diversi. Speriamo anche che la componente internazionale della nostra attivit\u00e0 possa essere compresa.<br \/>\n<strong>Pro<\/strong>: Siamo molto soddisfatti delle opzioni della libreria video online. Anche lo streaming live aveva alcune opzioni in pi\u00f9 che stavamo cercando e che altri non avevano. In generale sono soddisfatto anche della maggior parte delle altre funzionalit\u00e0 del software.<br \/>\n<strong>Contro<\/strong>: Ci sono alcuni componenti che richiedono passaggi aggiuntivi per collegarsi insieme, quando \u00e8 stato commesso un errore o quando stavamo cercando di capire il modo migliore per impostare le cose per il nostro utilizzo, non \u00e8 stato facile eliminare solo le parti.<\/p>\n<p><strong>Hakim &#8220;Momence ha un grande potenziale&#8221;<\/strong><br \/>\n<strong>Pro<\/strong>: La quantit\u00e0 di funzionalit\u00e0 e la semplicit\u00e0 d&#8217;uso \u00e8 la parte migliore di Momence.<br \/>\n<strong>Contro<\/strong>: Al momento dell&#8217;onboarding, mancava una caratteristica specifica di cui avevamo bisogno. La schermata di pagamento si apre in una finestra separata, cosa che non ci \u00e8 piaciuta, ma a questo punto potrebbero cambiarlo.<\/p>\n","protected":false},"excerpt":{"rendered":"<p>Momence \u00e8 una piattaforma di ticketing per eventi e contenuti. Gli utenti possono vendere biglietti o diritti di accesso a eventi live, video on demand, corsi e contenuti digitali. Il software si integra con app di terze parti e fornisce controlli di accesso appropriati. Sono inoltre forniti strumenti per monetizzare i diritti di accesso per eventi dal vivo, come corsi di formazione e conferenze.<\/p>\n","protected":false},"author":19,"featured_media":69624,"parent":25524,"menu_order":0,"comment_status":"open","ping_status":"closed","template":"g1_template_page_review_new.php","meta":{"_acf_changed":false,"cwp_meta_box_check":"No","cwp_rev_product_name":"","cwp_rev_product_image":"","wppr_links":[],"cwp_rev_price":"","wppr_options":[],"wppr_pros":[],"wppr_cons":[],"_monsterinsights_skip_tracking":false,"_monsterinsights_sitenote_active":false,"_monsterinsights_sitenote_note":"","_monsterinsights_sitenote_category":0,"footnotes":""},"categories":[2629],"tags":[14330,14356,14344,14327,14331,14326],"features":[],"class_list":{"0":"post-69621","1":"page","2":"type-page","3":"status-publish","4":"has-post-thumbnail","6":"category-fitness-software","7":"tag-gestionale-palestre","8":"tag-momence","9":"tag-piattaforma-gestionale-palestre","10":"tag-programma-gestionale-palestre","11":"tag-software-gestionale-palestre","12":"tag-soluzione-gestionale-palestre"},"wppr_data":{"cwp_meta_box_check":"No"},"acf":[],"yoast_head":"<!-- This site is optimized with the Yoast SEO plugin v27.4 - https:\/\/yoast.com\/product\/yoast-seo-wordpress\/ -->\n<title>Momence: recensione software gestionale palestre - AR<\/title>\n<meta name=\"description\" content=\"Momence: recensione piattaforma di ticketing per eventi e contenuti per vendita biglietti o diritti di accesso a eventi live, video on demand e corsi.\" \/>\n<meta name=\"robots\" content=\"index, follow, max-snippet:-1, max-image-preview:large, max-video-preview:-1\" \/>\n<link rel=\"canonical\" href=\"https:\/\/www.accuratereviews.com\/it\/software-fitness-lista\/momence-recensione\/\" \/>\n<meta property=\"og:locale\" content=\"it_IT\" \/>\n<meta property=\"og:type\" content=\"article\" \/>\n<meta property=\"og:title\" content=\"Momence: recensione software gestionale palestre - AR\" \/>\n<meta property=\"og:description\" content=\"Momence: recensione piattaforma di ticketing per eventi e contenuti per vendita biglietti o diritti di accesso a eventi live, video on demand e corsi.\" \/>\n<meta property=\"og:url\" content=\"https:\/\/www.accuratereviews.com\/it\/software-fitness-lista\/momence-recensione\/\" \/>\n<meta property=\"og:site_name\" content=\"Accurate Reviews\" \/>\n<meta property=\"article:modified_time\" content=\"2023-05-23T16:18:36+00:00\" \/>\n<meta property=\"og:image\" content=\"https:\/\/www.accuratereviews.com\/wp-content\/uploads\/2023\/05\/Momence.jpeg\" \/>\n\t<meta property=\"og:image:width\" content=\"200\" \/>\n\t<meta property=\"og:image:height\" content=\"200\" \/>\n\t<meta property=\"og:image:type\" content=\"image\/jpeg\" \/>\n<meta name=\"twitter:card\" content=\"summary_large_image\" \/>\n<meta name=\"twitter:label1\" content=\"Tempo di lettura stimato\" \/>\n\t<meta name=\"twitter:data1\" content=\"4 minuti\" \/>\n<script type=\"application\/ld+json\" class=\"yoast-schema-graph\">{\"@context\":\"https:\\\/\\\/schema.org\",\"@graph\":[{\"@type\":\"WebPage\",\"@id\":\"https:\\\/\\\/www.accuratereviews.com\\\/it\\\/software-fitness-lista\\\/momence-recensione\\\/\",\"url\":\"https:\\\/\\\/www.accuratereviews.com\\\/it\\\/software-fitness-lista\\\/momence-recensione\\\/\",\"name\":\"Momence: recensione software gestionale palestre - AR\",\"isPartOf\":{\"@id\":\"https:\\\/\\\/www.accuratereviews.com\\\/it\\\/#website\"},\"primaryImageOfPage\":{\"@id\":\"https:\\\/\\\/www.accuratereviews.com\\\/it\\\/software-fitness-lista\\\/momence-recensione\\\/#primaryimage\"},\"image\":{\"@id\":\"https:\\\/\\\/www.accuratereviews.com\\\/it\\\/software-fitness-lista\\\/momence-recensione\\\/#primaryimage\"},\"thumbnailUrl\":\"https:\\\/\\\/www.accuratereviews.com\\\/wp-content\\\/uploads\\\/2023\\\/05\\\/Momence.jpeg\",\"datePublished\":\"2023-05-23T13:03:36+00:00\",\"dateModified\":\"2023-05-23T16:18:36+00:00\",\"description\":\"Momence: recensione piattaforma di ticketing per eventi e contenuti per vendita biglietti o diritti di accesso a eventi live, video on demand e corsi.\",\"breadcrumb\":{\"@id\":\"https:\\\/\\\/www.accuratereviews.com\\\/it\\\/software-fitness-lista\\\/momence-recensione\\\/#breadcrumb\"},\"inLanguage\":\"it-IT\",\"potentialAction\":[{\"@type\":\"ReadAction\",\"target\":[\"https:\\\/\\\/www.accuratereviews.com\\\/it\\\/software-fitness-lista\\\/momence-recensione\\\/\"]}]},{\"@type\":\"ImageObject\",\"inLanguage\":\"it-IT\",\"@id\":\"https:\\\/\\\/www.accuratereviews.com\\\/it\\\/software-fitness-lista\\\/momence-recensione\\\/#primaryimage\",\"url\":\"https:\\\/\\\/www.accuratereviews.com\\\/wp-content\\\/uploads\\\/2023\\\/05\\\/Momence.jpeg\",\"contentUrl\":\"https:\\\/\\\/www.accuratereviews.com\\\/wp-content\\\/uploads\\\/2023\\\/05\\\/Momence.jpeg\",\"width\":200,\"height\":200},{\"@type\":\"BreadcrumbList\",\"@id\":\"https:\\\/\\\/www.accuratereviews.com\\\/it\\\/software-fitness-lista\\\/momence-recensione\\\/#breadcrumb\",\"itemListElement\":[{\"@type\":\"ListItem\",\"position\":1,\"name\":\"Home\",\"item\":\"https:\\\/\\\/www.accuratereviews.com\\\/it\\\/\"},{\"@type\":\"ListItem\",\"position\":2,\"name\":\"Software per fitness\",\"item\":\"https:\\\/\\\/www.accuratereviews.com\\\/it\\\/software-fitness-lista\\\/\"},{\"@type\":\"ListItem\",\"position\":3,\"name\":\"Momence\"}]},{\"@type\":\"WebSite\",\"@id\":\"https:\\\/\\\/www.accuratereviews.com\\\/it\\\/#website\",\"url\":\"https:\\\/\\\/www.accuratereviews.com\\\/it\\\/\",\"name\":\"Accurate Reviews\",\"description\":\"\",\"potentialAction\":[{\"@type\":\"SearchAction\",\"target\":{\"@type\":\"EntryPoint\",\"urlTemplate\":\"https:\\\/\\\/www.accuratereviews.com\\\/it\\\/?s={search_term_string}\"},\"query-input\":{\"@type\":\"PropertyValueSpecification\",\"valueRequired\":true,\"valueName\":\"search_term_string\"}}],\"inLanguage\":\"it-IT\"}]}<\/script>\n<!-- \/ Yoast SEO plugin. -->","yoast_head_json":{"title":"Momence: recensione software gestionale palestre - AR","description":"Momence: recensione piattaforma di ticketing per eventi e contenuti per vendita biglietti o diritti di accesso a eventi live, video on demand e corsi.","robots":{"index":"index","follow":"follow","max-snippet":"max-snippet:-1","max-image-preview":"max-image-preview:large","max-video-preview":"max-video-preview:-1"},"canonical":"https:\/\/www.accuratereviews.com\/it\/software-fitness-lista\/momence-recensione\/","og_locale":"it_IT","og_type":"article","og_title":"Momence: recensione software gestionale palestre - AR","og_description":"Momence: recensione piattaforma di ticketing per eventi e contenuti per vendita biglietti o diritti di accesso a eventi live, video on demand e corsi.","og_url":"https:\/\/www.accuratereviews.com\/it\/software-fitness-lista\/momence-recensione\/","og_site_name":"Accurate Reviews","article_modified_time":"2023-05-23T16:18:36+00:00","og_image":[{"width":200,"height":200,"url":"https:\/\/www.accuratereviews.com\/wp-content\/uploads\/2023\/05\/Momence.jpeg","type":"image\/jpeg"}],"twitter_card":"summary_large_image","twitter_misc":{"Tempo di lettura stimato":"4 minuti"},"schema":{"@context":"https:\/\/schema.org","@graph":[{"@type":"WebPage","@id":"https:\/\/www.accuratereviews.com\/it\/software-fitness-lista\/momence-recensione\/","url":"https:\/\/www.accuratereviews.com\/it\/software-fitness-lista\/momence-recensione\/","name":"Momence: recensione software gestionale palestre - AR","isPartOf":{"@id":"https:\/\/www.accuratereviews.com\/it\/#website"},"primaryImageOfPage":{"@id":"https:\/\/www.accuratereviews.com\/it\/software-fitness-lista\/momence-recensione\/#primaryimage"},"image":{"@id":"https:\/\/www.accuratereviews.com\/it\/software-fitness-lista\/momence-recensione\/#primaryimage"},"thumbnailUrl":"https:\/\/www.accuratereviews.com\/wp-content\/uploads\/2023\/05\/Momence.jpeg","datePublished":"2023-05-23T13:03:36+00:00","dateModified":"2023-05-23T16:18:36+00:00","description":"Momence: recensione piattaforma di ticketing per eventi e contenuti per vendita biglietti o diritti di accesso a eventi live, video on demand e corsi.","breadcrumb":{"@id":"https:\/\/www.accuratereviews.com\/it\/software-fitness-lista\/momence-recensione\/#breadcrumb"},"inLanguage":"it-IT","potentialAction":[{"@type":"ReadAction","target":["https:\/\/www.accuratereviews.com\/it\/software-fitness-lista\/momence-recensione\/"]}]},{"@type":"ImageObject","inLanguage":"it-IT","@id":"https:\/\/www.accuratereviews.com\/it\/software-fitness-lista\/momence-recensione\/#primaryimage","url":"https:\/\/www.accuratereviews.com\/wp-content\/uploads\/2023\/05\/Momence.jpeg","contentUrl":"https:\/\/www.accuratereviews.com\/wp-content\/uploads\/2023\/05\/Momence.jpeg","width":200,"height":200},{"@type":"BreadcrumbList","@id":"https:\/\/www.accuratereviews.com\/it\/software-fitness-lista\/momence-recensione\/#breadcrumb","itemListElement":[{"@type":"ListItem","position":1,"name":"Home","item":"https:\/\/www.accuratereviews.com\/it\/"},{"@type":"ListItem","position":2,"name":"Software per fitness","item":"https:\/\/www.accuratereviews.com\/it\/software-fitness-lista\/"},{"@type":"ListItem","position":3,"name":"Momence"}]},{"@type":"WebSite","@id":"https:\/\/www.accuratereviews.com\/it\/#website","url":"https:\/\/www.accuratereviews.com\/it\/","name":"Accurate Reviews","description":"","potentialAction":[{"@type":"SearchAction","target":{"@type":"EntryPoint","urlTemplate":"https:\/\/www.accuratereviews.com\/it\/?s={search_term_string}"},"query-input":{"@type":"PropertyValueSpecification","valueRequired":true,"valueName":"search_term_string"}}],"inLanguage":"it-IT"}]}},"_links":{"self":[{"href":"https:\/\/www.accuratereviews.com\/it\/wp-json\/wp\/v2\/pages\/69621","targetHints":{"allow":["GET"]}}],"collection":[{"href":"https:\/\/www.accuratereviews.com\/it\/wp-json\/wp\/v2\/pages"}],"about":[{"href":"https:\/\/www.accuratereviews.com\/it\/wp-json\/wp\/v2\/types\/page"}],"author":[{"embeddable":true,"href":"https:\/\/www.accuratereviews.com\/it\/wp-json\/wp\/v2\/users\/19"}],"replies":[{"embeddable":true,"href":"https:\/\/www.accuratereviews.com\/it\/wp-json\/wp\/v2\/comments?post=69621"}],"version-history":[{"count":10,"href":"https:\/\/www.accuratereviews.com\/it\/wp-json\/wp\/v2\/pages\/69621\/revisions"}],"predecessor-version":[{"id":69638,"href":"https:\/\/www.accuratereviews.com\/it\/wp-json\/wp\/v2\/pages\/69621\/revisions\/69638"}],"up":[{"embeddable":true,"href":"https:\/\/www.accuratereviews.com\/it\/wp-json\/wp\/v2\/pages\/25524"}],"wp:featuredmedia":[{"embeddable":true,"href":"https:\/\/www.accuratereviews.com\/it\/wp-json\/wp\/v2\/media\/69624"}],"wp:attachment":[{"href":"https:\/\/www.accuratereviews.com\/it\/wp-json\/wp\/v2\/media?parent=69621"}],"wp:term":[{"taxonomy":"category","embeddable":true,"href":"https:\/\/www.accuratereviews.com\/it\/wp-json\/wp\/v2\/categories?post=69621"},{"taxonomy":"post_tag","embeddable":true,"href":"https:\/\/www.accuratereviews.com\/it\/wp-json\/wp\/v2\/tags?post=69621"},{"taxonomy":"features","embeddable":true,"href":"https:\/\/www.accuratereviews.com\/it\/wp-json\/wp\/v2\/features?post=69621"}],"curies":[{"name":"wp","href":"https:\/\/api.w.org\/{rel}","templated":true}]}}