{"id":69643,"date":"2023-05-25T06:53:10","date_gmt":"2023-05-25T06:53:10","guid":{"rendered":"https:\/\/www.accuratereviews.com\/?page_id=69643"},"modified":"2023-05-25T06:53:10","modified_gmt":"2023-05-25T06:53:10","slug":"shapenet-recensione","status":"publish","type":"page","link":"https:\/\/www.accuratereviews.com\/it\/software-fitness-lista\/shapenet-recensione\/","title":{"rendered":"ShapeNet"},"content":{"rendered":"<p><strong>ShapeNet<\/strong> \u00e8 un <strong>software di gestione dei club<\/strong> basato su <strong>cloud<\/strong> progettato per centri benessere e fitness di tutte le dimensioni, comprese sedi multi-sito e centri benessere complessi. Il software offre strumenti di coinvolgimento dei membri, fatturazione automatica, una libreria di video di allenamento, un generatore di programmi virtuale, un&#8217;app mobile, registrazione online e altro ancora. Consente agli utenti di aggiungere contenuti video personalizzati, vendere diversi set di video ed estendere i servizi per i membri che non possono frequentare fisicamente una sede del club. La soluzione fornisce anche rapporti per tenere traccia dei livelli di coinvolgimento con i video.<br \/>\nQuesta soluzione offre la gestione del club, la fatturazione dei membri, la registrazione online, la firma elettronica, un&#8217;app mobile e molto altro.<\/p>\n<h2>SHAPENET &#8211; TUTORIAL<\/h2>\n<div id=\"fluid-wrapper-counter-1\" class=\"g1-fluid-wrapper \" style=\"width:686px;\">\n<div style=\"padding-bottom:56.268221574344%;\"><iframe loading=\"lazy\" title=\"ShapeNet Door Access\" width=\"686\" height=\"386\" src=\"https:\/\/www.youtube.com\/embed\/-sgWgu7GqR0?feature=oembed&amp;wmode=transparent&amp;autohide=1&amp;autoplay=0&amp;disablekb=0&amp;fs=1&amp;loop=0&amp;enablejsapi=1&amp;rel=0&amp;controls=2&amp;showinfo=0&amp;wmode=transparent&amp;autohide=2&amp;autoplay=0&amp;disablekb=0&amp;fs=1&amp;loop=0&amp;enablejsapi=1&amp;rel=0&amp;controls=2&amp;showinfo=1\" frameborder=\"0\" allow=\"accelerometer; autoplay; clipboard-write; encrypted-media; gyroscope; picture-in-picture; web-share\" allowfullscreen><\/iframe><\/div>\n<\/div>\n<h3>SHAPENET &#8211; CARATTERISTICHE<\/h3>\n<ul>\n<li>Informa i tuoi membri di eventuali nuovi aggiornamenti.<\/li>\n<li>Comunica meglio e condividi informazioni approfondite con i membri del tuo club.<\/li>\n<li>Gestisci un programma fedelt\u00e0 per migliorare la fidelizzazione dei membri.<\/li>\n<li>Mantieni un database dei membri aggiornato con informazioni dettagliate sui membri che i tuoi utenti possono aggiornare da soli.<\/li>\n<li>Invia automaticamente importanti aggiornamenti sullo stato dell&#8217;account relativi a saldi in sospeso, rinnovi dell&#8217;iscrizione, ecc.<\/li>\n<li>Facile integrazione con i sistemi di email marketing, fatturazione e CRM.<\/li>\n<li>Risparmia tempo amministrativo<\/li>\n<li>Consente l&#8217;accesso automatico alla palestra 24 ore su 24<\/li>\n<li>Maggiore sicurezza utilizzando un passcode, una chiave magnetica, un codice biometrico o QR<\/li>\n<li>Genera automaticamente report su quando e quante volte i tuoi membri accedono alle tue strutture<\/li>\n<li>Tiene traccia di quanti membri sono presenti nella struttura in un determinato momento in caso di emergenza<\/li>\n<li>Personalizzabile in base ai tuoi obiettivi aziendali specifici<\/li>\n<li>Pu\u00f2 essere controllato da qualsiasi luogo tramite controlli di accesso remoto sicuri<\/li>\n<li>Facile da integrare con le altre tecnologie della tua palestra<\/li>\n<li>Programmazione della sessione di allenamento che consente sia agli allenatori che ai clienti di scegliere tra gli slot disponibili e gli esercizi.<\/li>\n<li>Chatbot per la comunicazione diretta sulla piattaforma.<\/li>\n<li>Programmi di formazione continua e monitoraggio dei progressi per mantenere i clienti motivati e dare ai formatori il tempo di pianificare in anticipo le lezioni.<\/li>\n<li>Acquisti in-app e fatturazione automatica degli abbonamenti correnti.<\/li>\n<li>Allenamenti personalizzabili e piani dietetici con considerazioni vegane, diabetiche e di altro tipo.<\/li>\n<li>Controllo utente su programmazione, modifica e aggiunta di allenamenti, classi aggiuntive, ecc.<\/li>\n<\/ul>\n<h4>LE RECENSIONI DEGLI UTENTI<\/h4>\n<p><strong>Ben&#8221;Centro fitness Florida&#8221;<\/strong><br \/>\n<strong>Pro<\/strong>: Facilit\u00e0 d&#8217;uso e prezzo. Ottimo supporto e squadra<br \/>\n<strong>Contro<\/strong>: Grafica sulle pagine e un po &#8216;goffa con la pianificazione: il trascinamento della selezione non \u00e8 eccezionale.<\/p>\n<p><strong>Tony&#8221;Guarda i video di allenamento personalizzati sulla nostra app&#8221;<\/strong><br \/>\n<strong>Pro<\/strong>: Tutti i nostri precedenti membri fuori citt\u00e0 ora possono allenarsi con i nostri video sulla nostra app! Questo aiuta a fornire un altro livello di servizio.<br \/>\n<strong>Contro<\/strong>: Il layout non \u00e8 elegante come la nostra app precedente, ma trasmette il messaggio.<\/p>\n<p><strong>Trisha&#8221;Utente Shapenet&#8221;<\/strong><br \/>\n<strong>Commenti<\/strong>: Ottimo servizio clienti, molto tempestivo nei tempi di risposta. Una volta completata la conversione iniziale e completata la mia formazione, \u00e8 stato molto pi\u00f9 agevole.<br \/>\n<strong>Pro<\/strong>: Come precedente utente del software Anytime Fitness, devo dire che la transizione \u00e8 stata un po&#8217; pi\u00f9 complicata di quanto pensassi inizialmente. Lo staff di Shapenet \u00e8 stato paziente e si \u00e8 preso il tempo necessario per risolvere qualsiasi problema si presentasse.<br \/>\n<strong>Contro<\/strong>: Essendo una piccola palestra con 1 struttura, ci sono alcune funzionalit\u00e0 che non utilizziamo. All&#8217;inizio c&#8217;erano troppe opzioni per me come utente, ma poich\u00e9 c&#8217;\u00e8 un modo per personalizzare le funzioni, ha reso pi\u00f9 facile la navigazione.<\/p>\n","protected":false},"excerpt":{"rendered":"<p>ShapeNet \u00e8 un software di gestione dei club basato su cloud progettato per centri benessere e fitness di tutte le dimensioni, comprese sedi multi-sito e centri benessere complessi. Il software offre strumenti di coinvolgimento dei membri, fatturazione automatica, una libreria di video di allenamento, un generatore di programmi virtuale, un&#8217;app mobile, registrazione online e altro ancora.<\/p>\n","protected":false},"author":19,"featured_media":69644,"parent":25524,"menu_order":0,"comment_status":"open","ping_status":"closed","template":"g1_template_page_review_new.php","meta":{"_acf_changed":false,"cwp_meta_box_check":"Yes","cwp_rev_product_name":"","cwp_rev_product_image":"","wppr_links":[],"cwp_rev_price":"0.00","wppr_options":[{"name":"Usability","value":"0"},{"name":"Speed","value":"0"},{"name":"Features","value":"0"},{"name":"Support","value":"0"},{"name":"Pricing","value":"0"}],"wppr_pros":["","","","",""],"wppr_cons":["","","","",""],"_monsterinsights_skip_tracking":false,"_monsterinsights_sitenote_active":false,"_monsterinsights_sitenote_note":"","_monsterinsights_sitenote_category":0,"footnotes":""},"categories":[2629],"tags":[14330,14344,14327,14359,14331,14326],"features":[],"class_list":{"0":"post-69643","1":"page","2":"type-page","3":"status-publish","4":"has-post-thumbnail","6":"category-fitness-software","7":"tag-gestionale-palestre","8":"tag-piattaforma-gestionale-palestre","9":"tag-programma-gestionale-palestre","10":"tag-shapenet","11":"tag-software-gestionale-palestre","12":"tag-soluzione-gestionale-palestre"},"wppr_data":{"cwp_meta_box_check":"Yes","_wppr_review_template":"default","cwp_rev_product_image":"","cwp_image_link":"image","wppr_links":[],"cwp_rev_price":"0.00","wppr_pros":["","","","",""],"wppr_cons":["","","","",""],"wppr_rating":"0.00","wppr_options":{"1":{"name":"Usability","value":"0"},"2":{"name":"Speed","value":"0"},"3":{"name":"Features","value":"0"},"4":{"name":"Support","value":"0"},"5":{"name":"Pricing","value":"0"}},"wppr_review_type":"Product","wppr_review_custom_fields":{"additionalProperty":"","additionalType":"","aggregateRating":"","alternateName":"","audience":"","award":"","awards":"","brand":"","color":"","depth":"","description":"","disambiguatingDescription":"","gtin12":"","gtin13":"","gtin14":"","gtin8":"","height":"","identifier":"","image":"","isAccessoryOrSparePartFor":"","isConsumableFor":"","isRelatedTo":"","isSimilarTo":"","itemCondition":"","logo":"","mainEntityOfPage":"","manufacturer":"","material":"","model":"","mpn":"","name":"","offers":"","potentialAction":"","productID":"","productionDate":"","purchaseDate":"","releaseDate":"","review":"","reviews":"","sameAs":"","sku":"","slogan":"","subjectOf":"","url":"","weight":"","width":""}},"acf":[],"yoast_head":"<!-- This site is optimized with the Yoast SEO plugin v27.4 - https:\/\/yoast.com\/product\/yoast-seo-wordpress\/ -->\n<title>ShapeNet: recensione gestionale palestre - Accurate Reviews<\/title>\n<meta name=\"description\" content=\"ShapeNet: recensione software di gestione dei club basato su cloud progettato per centri benessere e fitness di tutte le dimensioni.\" \/>\n<meta name=\"robots\" content=\"index, follow, max-snippet:-1, max-image-preview:large, max-video-preview:-1\" \/>\n<link rel=\"canonical\" href=\"https:\/\/www.accuratereviews.com\/it\/software-fitness-lista\/shapenet-recensione\/\" \/>\n<meta property=\"og:locale\" content=\"it_IT\" \/>\n<meta property=\"og:type\" content=\"article\" \/>\n<meta property=\"og:title\" content=\"ShapeNet: recensione gestionale palestre - Accurate Reviews\" \/>\n<meta property=\"og:description\" content=\"ShapeNet: recensione software di gestione dei club basato su cloud progettato per centri benessere e fitness di tutte le dimensioni.\" \/>\n<meta property=\"og:url\" content=\"https:\/\/www.accuratereviews.com\/it\/software-fitness-lista\/shapenet-recensione\/\" \/>\n<meta property=\"og:site_name\" content=\"Accurate Reviews\" \/>\n<meta property=\"og:image\" content=\"https:\/\/www.accuratereviews.com\/wp-content\/uploads\/2023\/05\/Shapenet.jpeg\" \/>\n\t<meta property=\"og:image:width\" content=\"225\" \/>\n\t<meta property=\"og:image:height\" content=\"225\" \/>\n\t<meta property=\"og:image:type\" content=\"image\/jpeg\" \/>\n<meta name=\"twitter:card\" content=\"summary_large_image\" \/>\n<meta name=\"twitter:label1\" content=\"Tempo di lettura stimato\" \/>\n\t<meta name=\"twitter:data1\" content=\"4 minuti\" \/>\n<script type=\"application\/ld+json\" class=\"yoast-schema-graph\">{\"@context\":\"https:\\\/\\\/schema.org\",\"@graph\":[{\"@type\":\"WebPage\",\"@id\":\"https:\\\/\\\/www.accuratereviews.com\\\/it\\\/software-fitness-lista\\\/shapenet-recensione\\\/\",\"url\":\"https:\\\/\\\/www.accuratereviews.com\\\/it\\\/software-fitness-lista\\\/shapenet-recensione\\\/\",\"name\":\"ShapeNet: recensione gestionale palestre - Accurate Reviews\",\"isPartOf\":{\"@id\":\"https:\\\/\\\/www.accuratereviews.com\\\/it\\\/#website\"},\"primaryImageOfPage\":{\"@id\":\"https:\\\/\\\/www.accuratereviews.com\\\/it\\\/software-fitness-lista\\\/shapenet-recensione\\\/#primaryimage\"},\"image\":{\"@id\":\"https:\\\/\\\/www.accuratereviews.com\\\/it\\\/software-fitness-lista\\\/shapenet-recensione\\\/#primaryimage\"},\"thumbnailUrl\":\"https:\\\/\\\/www.accuratereviews.com\\\/wp-content\\\/uploads\\\/2023\\\/05\\\/Shapenet.jpeg\",\"datePublished\":\"2023-05-25T06:53:10+00:00\",\"description\":\"ShapeNet: recensione software di gestione dei club basato su cloud progettato per centri benessere e fitness di tutte le dimensioni.\",\"breadcrumb\":{\"@id\":\"https:\\\/\\\/www.accuratereviews.com\\\/it\\\/software-fitness-lista\\\/shapenet-recensione\\\/#breadcrumb\"},\"inLanguage\":\"it-IT\",\"potentialAction\":[{\"@type\":\"ReadAction\",\"target\":[\"https:\\\/\\\/www.accuratereviews.com\\\/it\\\/software-fitness-lista\\\/shapenet-recensione\\\/\"]}]},{\"@type\":\"ImageObject\",\"inLanguage\":\"it-IT\",\"@id\":\"https:\\\/\\\/www.accuratereviews.com\\\/it\\\/software-fitness-lista\\\/shapenet-recensione\\\/#primaryimage\",\"url\":\"https:\\\/\\\/www.accuratereviews.com\\\/wp-content\\\/uploads\\\/2023\\\/05\\\/Shapenet.jpeg\",\"contentUrl\":\"https:\\\/\\\/www.accuratereviews.com\\\/wp-content\\\/uploads\\\/2023\\\/05\\\/Shapenet.jpeg\",\"width\":225,\"height\":225},{\"@type\":\"BreadcrumbList\",\"@id\":\"https:\\\/\\\/www.accuratereviews.com\\\/it\\\/software-fitness-lista\\\/shapenet-recensione\\\/#breadcrumb\",\"itemListElement\":[{\"@type\":\"ListItem\",\"position\":1,\"name\":\"Home\",\"item\":\"https:\\\/\\\/www.accuratereviews.com\\\/it\\\/\"},{\"@type\":\"ListItem\",\"position\":2,\"name\":\"Software per fitness\",\"item\":\"https:\\\/\\\/www.accuratereviews.com\\\/it\\\/software-fitness-lista\\\/\"},{\"@type\":\"ListItem\",\"position\":3,\"name\":\"ShapeNet\"}]},{\"@type\":\"WebSite\",\"@id\":\"https:\\\/\\\/www.accuratereviews.com\\\/it\\\/#website\",\"url\":\"https:\\\/\\\/www.accuratereviews.com\\\/it\\\/\",\"name\":\"Accurate Reviews\",\"description\":\"\",\"potentialAction\":[{\"@type\":\"SearchAction\",\"target\":{\"@type\":\"EntryPoint\",\"urlTemplate\":\"https:\\\/\\\/www.accuratereviews.com\\\/it\\\/?s={search_term_string}\"},\"query-input\":{\"@type\":\"PropertyValueSpecification\",\"valueRequired\":true,\"valueName\":\"search_term_string\"}}],\"inLanguage\":\"it-IT\"}]}<\/script>\n<!-- \/ Yoast SEO plugin. -->","yoast_head_json":{"title":"ShapeNet: recensione gestionale palestre - Accurate Reviews","description":"ShapeNet: recensione software di gestione dei club basato su cloud progettato per centri benessere e fitness di tutte le dimensioni.","robots":{"index":"index","follow":"follow","max-snippet":"max-snippet:-1","max-image-preview":"max-image-preview:large","max-video-preview":"max-video-preview:-1"},"canonical":"https:\/\/www.accuratereviews.com\/it\/software-fitness-lista\/shapenet-recensione\/","og_locale":"it_IT","og_type":"article","og_title":"ShapeNet: recensione gestionale palestre - Accurate Reviews","og_description":"ShapeNet: recensione software di gestione dei club basato su cloud progettato per centri benessere e fitness di tutte le dimensioni.","og_url":"https:\/\/www.accuratereviews.com\/it\/software-fitness-lista\/shapenet-recensione\/","og_site_name":"Accurate Reviews","og_image":[{"width":225,"height":225,"url":"https:\/\/www.accuratereviews.com\/wp-content\/uploads\/2023\/05\/Shapenet.jpeg","type":"image\/jpeg"}],"twitter_card":"summary_large_image","twitter_misc":{"Tempo di lettura stimato":"4 minuti"},"schema":{"@context":"https:\/\/schema.org","@graph":[{"@type":"WebPage","@id":"https:\/\/www.accuratereviews.com\/it\/software-fitness-lista\/shapenet-recensione\/","url":"https:\/\/www.accuratereviews.com\/it\/software-fitness-lista\/shapenet-recensione\/","name":"ShapeNet: recensione gestionale palestre - Accurate Reviews","isPartOf":{"@id":"https:\/\/www.accuratereviews.com\/it\/#website"},"primaryImageOfPage":{"@id":"https:\/\/www.accuratereviews.com\/it\/software-fitness-lista\/shapenet-recensione\/#primaryimage"},"image":{"@id":"https:\/\/www.accuratereviews.com\/it\/software-fitness-lista\/shapenet-recensione\/#primaryimage"},"thumbnailUrl":"https:\/\/www.accuratereviews.com\/wp-content\/uploads\/2023\/05\/Shapenet.jpeg","datePublished":"2023-05-25T06:53:10+00:00","description":"ShapeNet: recensione software di gestione dei club basato su cloud progettato per centri benessere e fitness di tutte le dimensioni.","breadcrumb":{"@id":"https:\/\/www.accuratereviews.com\/it\/software-fitness-lista\/shapenet-recensione\/#breadcrumb"},"inLanguage":"it-IT","potentialAction":[{"@type":"ReadAction","target":["https:\/\/www.accuratereviews.com\/it\/software-fitness-lista\/shapenet-recensione\/"]}]},{"@type":"ImageObject","inLanguage":"it-IT","@id":"https:\/\/www.accuratereviews.com\/it\/software-fitness-lista\/shapenet-recensione\/#primaryimage","url":"https:\/\/www.accuratereviews.com\/wp-content\/uploads\/2023\/05\/Shapenet.jpeg","contentUrl":"https:\/\/www.accuratereviews.com\/wp-content\/uploads\/2023\/05\/Shapenet.jpeg","width":225,"height":225},{"@type":"BreadcrumbList","@id":"https:\/\/www.accuratereviews.com\/it\/software-fitness-lista\/shapenet-recensione\/#breadcrumb","itemListElement":[{"@type":"ListItem","position":1,"name":"Home","item":"https:\/\/www.accuratereviews.com\/it\/"},{"@type":"ListItem","position":2,"name":"Software per fitness","item":"https:\/\/www.accuratereviews.com\/it\/software-fitness-lista\/"},{"@type":"ListItem","position":3,"name":"ShapeNet"}]},{"@type":"WebSite","@id":"https:\/\/www.accuratereviews.com\/it\/#website","url":"https:\/\/www.accuratereviews.com\/it\/","name":"Accurate Reviews","description":"","potentialAction":[{"@type":"SearchAction","target":{"@type":"EntryPoint","urlTemplate":"https:\/\/www.accuratereviews.com\/it\/?s={search_term_string}"},"query-input":{"@type":"PropertyValueSpecification","valueRequired":true,"valueName":"search_term_string"}}],"inLanguage":"it-IT"}]}},"_links":{"self":[{"href":"https:\/\/www.accuratereviews.com\/it\/wp-json\/wp\/v2\/pages\/69643","targetHints":{"allow":["GET"]}}],"collection":[{"href":"https:\/\/www.accuratereviews.com\/it\/wp-json\/wp\/v2\/pages"}],"about":[{"href":"https:\/\/www.accuratereviews.com\/it\/wp-json\/wp\/v2\/types\/page"}],"author":[{"embeddable":true,"href":"https:\/\/www.accuratereviews.com\/it\/wp-json\/wp\/v2\/users\/19"}],"replies":[{"embeddable":true,"href":"https:\/\/www.accuratereviews.com\/it\/wp-json\/wp\/v2\/comments?post=69643"}],"version-history":[{"count":8,"href":"https:\/\/www.accuratereviews.com\/it\/wp-json\/wp\/v2\/pages\/69643\/revisions"}],"predecessor-version":[{"id":69657,"href":"https:\/\/www.accuratereviews.com\/it\/wp-json\/wp\/v2\/pages\/69643\/revisions\/69657"}],"up":[{"embeddable":true,"href":"https:\/\/www.accuratereviews.com\/it\/wp-json\/wp\/v2\/pages\/25524"}],"wp:featuredmedia":[{"embeddable":true,"href":"https:\/\/www.accuratereviews.com\/it\/wp-json\/wp\/v2\/media\/69644"}],"wp:attachment":[{"href":"https:\/\/www.accuratereviews.com\/it\/wp-json\/wp\/v2\/media?parent=69643"}],"wp:term":[{"taxonomy":"category","embeddable":true,"href":"https:\/\/www.accuratereviews.com\/it\/wp-json\/wp\/v2\/categories?post=69643"},{"taxonomy":"post_tag","embeddable":true,"href":"https:\/\/www.accuratereviews.com\/it\/wp-json\/wp\/v2\/tags?post=69643"},{"taxonomy":"features","embeddable":true,"href":"https:\/\/www.accuratereviews.com\/it\/wp-json\/wp\/v2\/features?post=69643"}],"curies":[{"name":"wp","href":"https:\/\/api.w.org\/{rel}","templated":true}]}}