{"id":69658,"date":"2023-05-25T11:12:53","date_gmt":"2023-05-25T11:12:53","guid":{"rendered":"https:\/\/www.accuratereviews.com\/?page_id=69658"},"modified":"2023-05-26T09:08:20","modified_gmt":"2023-05-26T09:08:20","slug":"westrive-recensione","status":"publish","type":"page","link":"https:\/\/www.accuratereviews.com\/it\/software-fitness-lista\/westrive-recensione\/","title":{"rendered":"WeStrive"},"content":{"rendered":"<p><strong>WeStrive<\/strong> \u00e8 un <strong>software per palestre<\/strong> che aiuter\u00e0 personal trainer a raggiungere pi\u00f9 utenti da trasformare in clienti, guadagnare di pi\u00f9 e risparmiare tempo. Offre numerose funzionalit\u00e0 come la creazione di programmi di fitness e dei calendari dei clienti, il monitoraggio dei progressi, l&#8217;app per dispositivi mobili, il branding personalizzato e molto altro. Inoltre puoi personalizzare il tuo calendario nutrizionale, le sincronizzazioni di monitoraggio macro e gli esercizi. Puoi classificare anche i tuoi esercizi, salvare i circuiti che hai costruito per un uso futuro e sfruttrea i modelli del tuo programma.<br \/>\nLa soluzione \u00e8 ricca di funzionalit\u00e0 semplici ma potenti che ti danno la possibilit\u00e0 di semplificare, personalizzare e ottimizzare la tua esperienza di allenamento.<\/p>\n<h2>WESTRIVE &#8211; TUTORIAL<\/h2>\n<div id=\"fluid-wrapper-counter-1\" class=\"g1-fluid-wrapper \" style=\"width:686px;\">\n<div style=\"padding-bottom:56.268221574344%;\"><iframe loading=\"lazy\" title=\"How to grow your personal training or gym business with WeStrive\" width=\"686\" height=\"386\" src=\"https:\/\/www.youtube.com\/embed\/isBuwSxudhg?feature=oembed&amp;wmode=transparent&amp;autohide=1&amp;autoplay=0&amp;disablekb=0&amp;fs=1&amp;loop=0&amp;enablejsapi=1&amp;rel=0&amp;controls=2&amp;showinfo=0&amp;wmode=transparent&amp;autohide=2&amp;autoplay=0&amp;disablekb=0&amp;fs=1&amp;loop=0&amp;enablejsapi=1&amp;rel=0&amp;controls=2&amp;showinfo=1\" frameborder=\"0\" allow=\"accelerometer; autoplay; clipboard-write; encrypted-media; gyroscope; picture-in-picture; web-share\" allowfullscreen><\/iframe><\/div>\n<\/div>\n<h3>WESTRIVE &#8211; CARATTERISTICHE<\/h3>\n<ul>\n<li><strong>Messaggi di gruppo<\/strong>: puoi inviare facilmente messaggi di gruppo a tutti i tuoi clienti. Allega file, emoji e GIF. i tuoi clienti possono rispondere con facilit\u00e0 dalla loro app mobile.<\/li>\n<li><strong>Funzioni di fatturazione e finanze<\/strong>: i pagamenti possono essere sincronizzati tramite Stripe. La fatturazione \u00e8 disponibile in pi\u00f9 di 30 paesi in tutto il mondo. Puoi inviare facilmente fatture mensili o una tantum dal menu di accesso rapido.<\/li>\n<li><strong>Monitoraggio e funzioni nutrizionali<\/strong>: puoi programmare l&#8217;intero viaggio di micro-tracciamento per il tuo cliente attraverso la partnership tra Lose It! e App mobile. Ogni volta che i tuoi clienti inseriscono il loro cibo in Lose It!, puoi ricevere subito i loro attuali macronutrienti per la giornata.<\/li>\n<li><strong>Funzionalit\u00e0 del mercato e della pagina di destinazione<\/strong>: otterrai il massimo da una pagina di destinazione professionale che viene fornita con una sezione bio approfondita per inserire il tuo background, domande di onboarding e una sezione di testimonianze. Puoi anche aggiungerti al Marketplace WeStrive in modo che le persone possano scegliere di allenarsi con te.<\/li>\n<li><strong>Pannello di controllo<\/strong>: puoi gestire l&#8217;intero viaggio del tuo cliente tramite una sola scheda. Ci\u00f2 significa che puoi visualizzare le fotografie dei loro progressi, prendere le loro misure, aggiornare il calendario, assegnare lezioni da monitorare ai clienti e molto altro.<\/li>\n<li><strong>Funzionalit\u00e0 di pianificazione e calendario<\/strong>: puoi programmare in anticipo una serie di programmi, ricevere una notifica quando un programma cliente sta per terminare, assegnare messaggi di avanzamento\/peso\/foto su un calendario e puoi fare tutto con pochi clic.<\/li>\n<li><strong>Panoramica del calendario<\/strong>: puoi organizzare facilmente il viaggio dell&#8217;intero cliente dalla pagina del calendario. Puoi spostare giorni, duplicare settimane e sfruttare al massimo altre utili funzionalit\u00e0 per creare programmi velocemente.<\/li>\n<\/ul>\n<h4>LE RECENSIONI DEGLI UTENTI<\/h4>\n<p><strong>Jacob &#8220;Nessun problema, nessun reclamo importante &#8220;<\/strong><br \/>\n<strong>Pro<\/strong>: WeStrive ci aiuta a facilitare pi\u00f9 formatori con clienti in tutto il paese. Una volta acquisita familiarit\u00e0 con l&#8217;app, i nostri clienti non hanno feedback importanti a parte suggerimenti su nuove funzionalit\u00e0. Il team WeStrive \u00e8 molto ricettivo al nostro feedback e si impegna a rendere la nostra esperienza positiva. I modelli, le funzioni del calendario e la capacit\u00e0 di assegnare abitudini piuttosto che semplici programmi di fitness sono enormi per i nostri clienti e forniscono molto pi\u00f9 valore all&#8217;esercizio.<br \/>\n<strong>Contro<\/strong>: Vorrei che ci fosse un processo pi\u00f9 snello per l&#8217;onboarding dei clienti che scaricano in modo casuale cercando di lavorare con noi, ma abbiamo altri processi in atto per gestire queste situazioni in modo che non causino grossi problemi. Altrimenti, vorrei che il video potesse essere riprodotto nell&#8217;app senza interrompere la musica, ma capisco che ci sono difficolt\u00e0 tecniche.<\/p>\n<p><strong>Jason &#8220;WeStrive&#8221;<\/strong><br \/>\n<strong>Commenti<\/strong>: Ottimo<br \/>\n<strong>Pro<\/strong>: \u00e8 facile da usare per me e per i miei clienti. Con i video di allenamento gi\u00e0 installati, aiuta i miei clienti a eseguire meglio ogni movimento anche quando non sono presente di persona per la loro sessione. Ma sicuramente adoro quanto sia facile impostare la programmazione per ogni cliente individualmente.<br \/>\n<strong>Contro<\/strong>: Nessuno Non ho alcuna lamentela con questo software<\/p>\n<p><strong>Hollie &#8220;Un ottimo prodotto&#8221;<\/strong><br \/>\n<strong>Commenti<\/strong>: Cory \u00e8 stato brillante nel rispondere a tutte le mie domande, sta organizzando per me il marchio completo sull&#8217;app. Adoro il modo in cui ha effettuato una chiamata con zoom completo quando inizialmente ho mostrato solo interesse.<br \/>\n<strong>Pro<\/strong>: Mi piace come cerca un cliente. La funzionalit\u00e0 per visualizzare la registrazione degli alimenti con calorie e macro obiettivo. Mi piace anche la registrazione degli esercizi, visivamente \u00e8 semplice ed efficace.<br \/>\n<strong>Contro<\/strong>: Sarebbe bello se i clienti potessero filmarsi per un modulo di verifica degli esercizi mentre si fanno strada<\/p>\n","protected":false},"excerpt":{"rendered":"<p>WeStrive \u00e8 un software per palestre che aiuter\u00e0 personal trainer a raggiungere pi\u00f9 utenti da trasformare in clienti, guadagnare di pi\u00f9 e risparmiare tempo. Offre numerose funzionalit\u00e0 come la creazione di programmi di fitness e dei calendari dei clienti, il monitoraggio dei progressi, l&#8217;app per dispositivi mobili, il branding personalizzato e molto altro.<\/p>\n","protected":false},"author":19,"featured_media":69662,"parent":25524,"menu_order":0,"comment_status":"open","ping_status":"closed","template":"g1_template_page_review_new.php","meta":{"_acf_changed":false,"cwp_meta_box_check":"Yes","cwp_rev_product_name":"","cwp_rev_product_image":"","wppr_links":[],"cwp_rev_price":"0.00","wppr_options":[{"name":"Usability","value":"0"},{"name":"Speed","value":"0"},{"name":"Features","value":"0"},{"name":"Support","value":"0"},{"name":"Pricing","value":"0"}],"wppr_pros":["","","","",""],"wppr_cons":["","","","",""],"_monsterinsights_skip_tracking":false,"_monsterinsights_sitenote_active":false,"_monsterinsights_sitenote_note":"","_monsterinsights_sitenote_category":0,"footnotes":""},"categories":[2629],"tags":[14330,14344,14327,14331,14326,14360],"features":[],"class_list":{"0":"post-69658","1":"page","2":"type-page","3":"status-publish","4":"has-post-thumbnail","6":"category-fitness-software","7":"tag-gestionale-palestre","8":"tag-piattaforma-gestionale-palestre","9":"tag-programma-gestionale-palestre","10":"tag-software-gestionale-palestre","11":"tag-soluzione-gestionale-palestre","12":"tag-westrive"},"wppr_data":{"cwp_meta_box_check":"Yes","_wppr_review_template":"default","cwp_rev_product_image":"","cwp_image_link":"image","wppr_links":[],"cwp_rev_price":"0.00","wppr_pros":["","","","",""],"wppr_cons":["","","","",""],"wppr_rating":"0.00","wppr_options":{"1":{"name":"Usability","value":"0"},"2":{"name":"Speed","value":"0"},"3":{"name":"Features","value":"0"},"4":{"name":"Support","value":"0"},"5":{"name":"Pricing","value":"0"}},"wppr_review_type":"Product","wppr_review_custom_fields":{"additionalProperty":"","additionalType":"","aggregateRating":"","alternateName":"","audience":"","award":"","awards":"","brand":"","color":"","depth":"","description":"","disambiguatingDescription":"","gtin12":"","gtin13":"","gtin14":"","gtin8":"","height":"","identifier":"","image":"","isAccessoryOrSparePartFor":"","isConsumableFor":"","isRelatedTo":"","isSimilarTo":"","itemCondition":"","logo":"","mainEntityOfPage":"","manufacturer":"","material":"","model":"","mpn":"","name":"","offers":"","potentialAction":"","productID":"","productionDate":"","purchaseDate":"","releaseDate":"","review":"","reviews":"","sameAs":"","sku":"","slogan":"","subjectOf":"","url":"","weight":"","width":""}},"acf":[],"yoast_head":"<!-- This site is optimized with the Yoast SEO plugin v27.4 - https:\/\/yoast.com\/product\/yoast-seo-wordpress\/ -->\n<title>WeStrive: recensione software gestionale palestre - AR<\/title>\n<meta name=\"description\" content=\"WeStrive: recensione software per palestre che aiuter\u00e0 personal trainer a incrementare le iscrizioni, guadagnare di pi\u00f9 e risparmiare tempo.\" \/>\n<meta name=\"robots\" content=\"index, follow, max-snippet:-1, max-image-preview:large, max-video-preview:-1\" \/>\n<link rel=\"canonical\" href=\"https:\/\/www.accuratereviews.com\/it\/software-fitness-lista\/westrive-recensione\/\" \/>\n<meta property=\"og:locale\" content=\"it_IT\" \/>\n<meta property=\"og:type\" content=\"article\" \/>\n<meta property=\"og:title\" content=\"WeStrive: recensione software gestionale palestre - AR\" \/>\n<meta property=\"og:description\" content=\"WeStrive: recensione software per palestre che aiuter\u00e0 personal trainer a incrementare le iscrizioni, guadagnare di pi\u00f9 e risparmiare tempo.\" \/>\n<meta property=\"og:url\" content=\"https:\/\/www.accuratereviews.com\/it\/software-fitness-lista\/westrive-recensione\/\" \/>\n<meta property=\"og:site_name\" content=\"Accurate Reviews\" \/>\n<meta property=\"article:modified_time\" content=\"2023-05-26T09:08:20+00:00\" \/>\n<meta property=\"og:image\" content=\"https:\/\/www.accuratereviews.com\/wp-content\/uploads\/2023\/05\/westrive.png\" \/>\n\t<meta property=\"og:image:width\" content=\"256\" \/>\n\t<meta property=\"og:image:height\" content=\"256\" \/>\n\t<meta property=\"og:image:type\" content=\"image\/png\" \/>\n<meta name=\"twitter:card\" content=\"summary_large_image\" \/>\n<meta name=\"twitter:label1\" content=\"Tempo di lettura stimato\" \/>\n\t<meta name=\"twitter:data1\" content=\"4 minuti\" \/>\n<script type=\"application\/ld+json\" class=\"yoast-schema-graph\">{\"@context\":\"https:\\\/\\\/schema.org\",\"@graph\":[{\"@type\":\"WebPage\",\"@id\":\"https:\\\/\\\/www.accuratereviews.com\\\/it\\\/software-fitness-lista\\\/westrive-recensione\\\/\",\"url\":\"https:\\\/\\\/www.accuratereviews.com\\\/it\\\/software-fitness-lista\\\/westrive-recensione\\\/\",\"name\":\"WeStrive: recensione software gestionale palestre - AR\",\"isPartOf\":{\"@id\":\"https:\\\/\\\/www.accuratereviews.com\\\/it\\\/#website\"},\"primaryImageOfPage\":{\"@id\":\"https:\\\/\\\/www.accuratereviews.com\\\/it\\\/software-fitness-lista\\\/westrive-recensione\\\/#primaryimage\"},\"image\":{\"@id\":\"https:\\\/\\\/www.accuratereviews.com\\\/it\\\/software-fitness-lista\\\/westrive-recensione\\\/#primaryimage\"},\"thumbnailUrl\":\"https:\\\/\\\/www.accuratereviews.com\\\/wp-content\\\/uploads\\\/2023\\\/05\\\/westrive.png\",\"datePublished\":\"2023-05-25T11:12:53+00:00\",\"dateModified\":\"2023-05-26T09:08:20+00:00\",\"description\":\"WeStrive: recensione software per palestre che aiuter\u00e0 personal trainer a incrementare le iscrizioni, guadagnare di pi\u00f9 e risparmiare tempo.\",\"breadcrumb\":{\"@id\":\"https:\\\/\\\/www.accuratereviews.com\\\/it\\\/software-fitness-lista\\\/westrive-recensione\\\/#breadcrumb\"},\"inLanguage\":\"it-IT\",\"potentialAction\":[{\"@type\":\"ReadAction\",\"target\":[\"https:\\\/\\\/www.accuratereviews.com\\\/it\\\/software-fitness-lista\\\/westrive-recensione\\\/\"]}]},{\"@type\":\"ImageObject\",\"inLanguage\":\"it-IT\",\"@id\":\"https:\\\/\\\/www.accuratereviews.com\\\/it\\\/software-fitness-lista\\\/westrive-recensione\\\/#primaryimage\",\"url\":\"https:\\\/\\\/www.accuratereviews.com\\\/wp-content\\\/uploads\\\/2023\\\/05\\\/westrive.png\",\"contentUrl\":\"https:\\\/\\\/www.accuratereviews.com\\\/wp-content\\\/uploads\\\/2023\\\/05\\\/westrive.png\",\"width\":256,\"height\":256},{\"@type\":\"BreadcrumbList\",\"@id\":\"https:\\\/\\\/www.accuratereviews.com\\\/it\\\/software-fitness-lista\\\/westrive-recensione\\\/#breadcrumb\",\"itemListElement\":[{\"@type\":\"ListItem\",\"position\":1,\"name\":\"Home\",\"item\":\"https:\\\/\\\/www.accuratereviews.com\\\/it\\\/\"},{\"@type\":\"ListItem\",\"position\":2,\"name\":\"Software per fitness\",\"item\":\"https:\\\/\\\/www.accuratereviews.com\\\/it\\\/software-fitness-lista\\\/\"},{\"@type\":\"ListItem\",\"position\":3,\"name\":\"WeStrive\"}]},{\"@type\":\"WebSite\",\"@id\":\"https:\\\/\\\/www.accuratereviews.com\\\/it\\\/#website\",\"url\":\"https:\\\/\\\/www.accuratereviews.com\\\/it\\\/\",\"name\":\"Accurate Reviews\",\"description\":\"\",\"potentialAction\":[{\"@type\":\"SearchAction\",\"target\":{\"@type\":\"EntryPoint\",\"urlTemplate\":\"https:\\\/\\\/www.accuratereviews.com\\\/it\\\/?s={search_term_string}\"},\"query-input\":{\"@type\":\"PropertyValueSpecification\",\"valueRequired\":true,\"valueName\":\"search_term_string\"}}],\"inLanguage\":\"it-IT\"}]}<\/script>\n<!-- \/ Yoast SEO plugin. -->","yoast_head_json":{"title":"WeStrive: recensione software gestionale palestre - AR","description":"WeStrive: recensione software per palestre che aiuter\u00e0 personal trainer a incrementare le iscrizioni, guadagnare di pi\u00f9 e risparmiare tempo.","robots":{"index":"index","follow":"follow","max-snippet":"max-snippet:-1","max-image-preview":"max-image-preview:large","max-video-preview":"max-video-preview:-1"},"canonical":"https:\/\/www.accuratereviews.com\/it\/software-fitness-lista\/westrive-recensione\/","og_locale":"it_IT","og_type":"article","og_title":"WeStrive: recensione software gestionale palestre - AR","og_description":"WeStrive: recensione software per palestre che aiuter\u00e0 personal trainer a incrementare le iscrizioni, guadagnare di pi\u00f9 e risparmiare tempo.","og_url":"https:\/\/www.accuratereviews.com\/it\/software-fitness-lista\/westrive-recensione\/","og_site_name":"Accurate Reviews","article_modified_time":"2023-05-26T09:08:20+00:00","og_image":[{"width":256,"height":256,"url":"https:\/\/www.accuratereviews.com\/wp-content\/uploads\/2023\/05\/westrive.png","type":"image\/png"}],"twitter_card":"summary_large_image","twitter_misc":{"Tempo di lettura stimato":"4 minuti"},"schema":{"@context":"https:\/\/schema.org","@graph":[{"@type":"WebPage","@id":"https:\/\/www.accuratereviews.com\/it\/software-fitness-lista\/westrive-recensione\/","url":"https:\/\/www.accuratereviews.com\/it\/software-fitness-lista\/westrive-recensione\/","name":"WeStrive: recensione software gestionale palestre - AR","isPartOf":{"@id":"https:\/\/www.accuratereviews.com\/it\/#website"},"primaryImageOfPage":{"@id":"https:\/\/www.accuratereviews.com\/it\/software-fitness-lista\/westrive-recensione\/#primaryimage"},"image":{"@id":"https:\/\/www.accuratereviews.com\/it\/software-fitness-lista\/westrive-recensione\/#primaryimage"},"thumbnailUrl":"https:\/\/www.accuratereviews.com\/wp-content\/uploads\/2023\/05\/westrive.png","datePublished":"2023-05-25T11:12:53+00:00","dateModified":"2023-05-26T09:08:20+00:00","description":"WeStrive: recensione software per palestre che aiuter\u00e0 personal trainer a incrementare le iscrizioni, guadagnare di pi\u00f9 e risparmiare tempo.","breadcrumb":{"@id":"https:\/\/www.accuratereviews.com\/it\/software-fitness-lista\/westrive-recensione\/#breadcrumb"},"inLanguage":"it-IT","potentialAction":[{"@type":"ReadAction","target":["https:\/\/www.accuratereviews.com\/it\/software-fitness-lista\/westrive-recensione\/"]}]},{"@type":"ImageObject","inLanguage":"it-IT","@id":"https:\/\/www.accuratereviews.com\/it\/software-fitness-lista\/westrive-recensione\/#primaryimage","url":"https:\/\/www.accuratereviews.com\/wp-content\/uploads\/2023\/05\/westrive.png","contentUrl":"https:\/\/www.accuratereviews.com\/wp-content\/uploads\/2023\/05\/westrive.png","width":256,"height":256},{"@type":"BreadcrumbList","@id":"https:\/\/www.accuratereviews.com\/it\/software-fitness-lista\/westrive-recensione\/#breadcrumb","itemListElement":[{"@type":"ListItem","position":1,"name":"Home","item":"https:\/\/www.accuratereviews.com\/it\/"},{"@type":"ListItem","position":2,"name":"Software per fitness","item":"https:\/\/www.accuratereviews.com\/it\/software-fitness-lista\/"},{"@type":"ListItem","position":3,"name":"WeStrive"}]},{"@type":"WebSite","@id":"https:\/\/www.accuratereviews.com\/it\/#website","url":"https:\/\/www.accuratereviews.com\/it\/","name":"Accurate Reviews","description":"","potentialAction":[{"@type":"SearchAction","target":{"@type":"EntryPoint","urlTemplate":"https:\/\/www.accuratereviews.com\/it\/?s={search_term_string}"},"query-input":{"@type":"PropertyValueSpecification","valueRequired":true,"valueName":"search_term_string"}}],"inLanguage":"it-IT"}]}},"_links":{"self":[{"href":"https:\/\/www.accuratereviews.com\/it\/wp-json\/wp\/v2\/pages\/69658","targetHints":{"allow":["GET"]}}],"collection":[{"href":"https:\/\/www.accuratereviews.com\/it\/wp-json\/wp\/v2\/pages"}],"about":[{"href":"https:\/\/www.accuratereviews.com\/it\/wp-json\/wp\/v2\/types\/page"}],"author":[{"embeddable":true,"href":"https:\/\/www.accuratereviews.com\/it\/wp-json\/wp\/v2\/users\/19"}],"replies":[{"embeddable":true,"href":"https:\/\/www.accuratereviews.com\/it\/wp-json\/wp\/v2\/comments?post=69658"}],"version-history":[{"count":13,"href":"https:\/\/www.accuratereviews.com\/it\/wp-json\/wp\/v2\/pages\/69658\/revisions"}],"predecessor-version":[{"id":69704,"href":"https:\/\/www.accuratereviews.com\/it\/wp-json\/wp\/v2\/pages\/69658\/revisions\/69704"}],"up":[{"embeddable":true,"href":"https:\/\/www.accuratereviews.com\/it\/wp-json\/wp\/v2\/pages\/25524"}],"wp:featuredmedia":[{"embeddable":true,"href":"https:\/\/www.accuratereviews.com\/it\/wp-json\/wp\/v2\/media\/69662"}],"wp:attachment":[{"href":"https:\/\/www.accuratereviews.com\/it\/wp-json\/wp\/v2\/media?parent=69658"}],"wp:term":[{"taxonomy":"category","embeddable":true,"href":"https:\/\/www.accuratereviews.com\/it\/wp-json\/wp\/v2\/categories?post=69658"},{"taxonomy":"post_tag","embeddable":true,"href":"https:\/\/www.accuratereviews.com\/it\/wp-json\/wp\/v2\/tags?post=69658"},{"taxonomy":"features","embeddable":true,"href":"https:\/\/www.accuratereviews.com\/it\/wp-json\/wp\/v2\/features?post=69658"}],"curies":[{"name":"wp","href":"https:\/\/api.w.org\/{rel}","templated":true}]}}