{"id":69660,"date":"2023-05-25T09:41:55","date_gmt":"2023-05-25T09:41:55","guid":{"rendered":"https:\/\/www.accuratereviews.com\/?page_id=69660"},"modified":"2023-05-25T09:43:03","modified_gmt":"2023-05-25T09:43:03","slug":"little-hotelier-recensione","status":"publish","type":"page","link":"https:\/\/www.accuratereviews.com\/it\/gestionali-hotel-lista\/little-hotelier-recensione\/","title":{"rendered":"Little Hotelier"},"content":{"rendered":"<p><strong>Little Hotelier<\/strong> \u00e8 un <strong>software gestionale<\/strong> per hotel, bed &amp; breakfast, pensioni e motel, che ti consente di gestire al meglio tutte le attivit\u00e0 che riguardano la tua struttura. Il suo obiettivo \u00e8 quello di farti raggiungere pi\u00f9 ospiti, ricevere prenotazioni dirette e gestire i pagamenti online, rendendo tutto pi\u00f9 semplice e veloce. Il tutto da un&#8217;unica piattaforma.<br \/>\n<strong>Little Hotelier<\/strong> \u00e8 disponibile sia in versione desktop che mobile, per <strong>dispositivi iOS e Android<\/strong> quindi potrai gestire soggiorni, prenotazioni, check-in e check-out direttamente dal tuo telefono.<\/p>\n<h2>LITTLE HOTELIER &#8211; TUTORIAL<\/h2>\n<div id=\"fluid-wrapper-counter-1\" class=\"g1-fluid-wrapper \" style=\"width:686px;\">\n<div style=\"padding-bottom:56.268221574344%;\"><iframe loading=\"lazy\" title=\"Little Hotelier Demo\" width=\"686\" height=\"386\" src=\"https:\/\/www.youtube.com\/embed\/qnl-AKfkn6k?feature=oembed&amp;wmode=transparent&amp;autohide=1&amp;autoplay=0&amp;disablekb=0&amp;fs=1&amp;loop=0&amp;enablejsapi=1&amp;rel=0&amp;controls=2&amp;showinfo=0&amp;wmode=transparent&amp;autohide=2&amp;autoplay=0&amp;disablekb=0&amp;fs=1&amp;loop=0&amp;enablejsapi=1&amp;rel=0&amp;controls=2&amp;showinfo=1\" frameborder=\"0\" allow=\"accelerometer; autoplay; clipboard-write; encrypted-media; gyroscope; picture-in-picture; web-share\" allowfullscreen><\/iframe><\/div>\n<\/div>\n<h3>LITTLE HOTELIER &#8211; CARATTERISTICHE<\/h3>\n<ul>\n<li><strong>Reception<\/strong>: gestisce le prenotazioni da un solo calendario; aggiorna tariffe, disponibilit\u00e0 e blocchi vendite in tempo reale; rende automatiche le comunicazioni con gli ospiti; organizza i servizi di pulizia.<\/li>\n<li><strong>Motore di prenotazione per hotel<\/strong>: riceve prenotazioni dirette dal tuo sito web; riduci i costi delle commissioni alle OTA; aumenta la visibilit\u00e0 su Google Hotel Ads e altri canali di metaricerca; offre pacchetti e servizi extra per generare pi\u00f9 ricavi da ogni prenotazione.<\/li>\n<li><strong>Gestore dei canali<\/strong>: rende la tua struttura visibile agli ospiti sui maggiori canali di prenotazione; aggiorna tariffe e disponibilit\u00e0 delle camere in tempo reale su tutti i siti; collegati a pi\u00f9 di 400 canali di prenotazione (OTA), tra cui Booking.com, Airbnb, Hostelworld e Agoda.<\/li>\n<li><strong>Sistema reportistico<\/strong>: consulta pi\u00f9 di dieci tipi diversi di report per vedere quali strategie funzionano meglio; monitora tassi di occupazione, promozioni, siti pi\u00f9 redditizi e molto altro; tieni d&#8217;occhio le tariffe delle strutture concorrenti.<\/li>\n<li><strong>Pagamenti<\/strong>: esegui pagamenti rapidi e senza contatto in massima tranquillit\u00e0 grazie a procedure conformi con gli standard PCI e SCA.<\/li>\n<li><strong>Strumento per siti web<\/strong>: accedi a una vetrina online perfetta per la tua struttura, con la massima semplicit\u00e0. Offre agli ospiti una procedura di prenotazione semplice e veloce e risparmia sugli ingenti costi di sviluppo e aggiornamento del sito.<\/li>\n<li><strong>App mobile<\/strong>: gestisci la struttura dove vuoi con l&#8217;app per dispositivi mobili, iOS e Android.<\/li>\n<\/ul>\n<h4>LE RECENSIONI DEGLI UTENTI<\/h4>\n<p><strong>Humberto &#8220;la soluzione di cui aveva bisogno la mia struttura&#8221;<\/strong><br \/>\nCommenti: Aiuta quotidianamente ad aggiornare e tenere traccia delle camere che ho prenotato nella mia struttura senza la necessit\u00e0 di investire in un software costoso che diventa obsoleto facilmente.<br \/>\nPro: Facile da usare, non richiede quasi nessuna formazione. Assistenza clienti perfetta. Sempre aggiornato con nuove impostazioni per gli utenti.<br \/>\nContro: Non c&#8217;\u00e8 nulla di negativo. \u00c8 stata la soluzione perfetta per la propriet\u00e0 che gestisco, mi ha aiutato nei processi quotidiani.<\/p>\n<p><strong>Melanie &#8220;Prodotto e servizio fantastici&#8221;.<\/strong><br \/>\nCommenti: Sono estremamente soddisfatto di Little Hotelier. Il loro servizio clienti \u00e8 eccellente e sono molto disponibili ad aiutarmi quando ho un problema e sono estremamente pazienti e gentili.<br \/>\nPro: Ha tutto quello che mi serve, report, email personalizzabili, moduli di registrazione degli ospiti e fatture. Un&#8217;app che con una rapida occhiata mi permette di vedere facilmente ci\u00f2 di cui ho bisogno e di effettuare prenotazioni. Integrazione con il mio sito web e le OTA.<br \/>\nContro: Ho trovato la configurazione un po&#8217; confusa, ma non sono bravo con la tecnologia e sono nuovo nel settore, quindi potrei essere io e non il sistema.<\/p>\n<p><strong>Olga &#8220;6 anni e molti altri a venire di clienti felici&#8221;.<\/strong><br \/>\nCommenti: Il servizio clienti in diretta \u00e8 prezioso<br \/>\nPro: Affidabile e semplice da usare ma versatile<br \/>\nContro: Piccolo business alla portata di tutti. Buon valore per quello che offre.<\/p>\n","protected":false},"excerpt":{"rendered":"<p>Little Hotelier \u00e8 un software gestionale per hotel, bed &#038; breakfast, pensioni e motel, che ti consente di gestire al meglio tutte le attivit\u00e0 che riguardano la tua struttura. Il suo obiettivo \u00e8 quello di farti raggiungere pi\u00f9 ospiti, ricevere prenotazioni dirette e gestire i pagamenti online, rendendo tutto pi\u00f9 semplice e veloce. Il tutto da un&#8217;unica piattaforma.<\/p>\n","protected":false},"author":17,"featured_media":69668,"parent":29585,"menu_order":0,"comment_status":"open","ping_status":"closed","template":"g1_template_page_review_new.php","meta":{"_acf_changed":false,"cwp_meta_box_check":"No","cwp_rev_product_name":"","cwp_rev_product_image":"","wppr_links":[],"cwp_rev_price":"","wppr_options":[],"wppr_pros":[],"wppr_cons":[],"_monsterinsights_skip_tracking":false,"_monsterinsights_sitenote_active":false,"_monsterinsights_sitenote_note":"","_monsterinsights_sitenote_category":0,"footnotes":""},"categories":[1720],"tags":[1721,1745,1743,1747,1744],"features":[],"class_list":{"0":"post-69660","1":"page","2":"type-page","3":"status-publish","4":"has-post-thumbnail","6":"category-gestionali-hotel-categoria","7":"tag-gestionale-hotel","8":"tag-little-hotelier","9":"tag-piattaforma-gestionale-hotel","10":"tag-programma-gestionale-hotel","11":"tag-software-gestionale-hotel"},"wppr_data":{"cwp_meta_box_check":"No"},"acf":[],"yoast_head":"<!-- This site is optimized with the Yoast SEO plugin v27.4 - https:\/\/yoast.com\/product\/yoast-seo-wordpress\/ -->\n<title>Little Hotelier: recensione gestionale hotel - Accurate Reviews<\/title>\n<meta name=\"description\" content=\"Little Hotelier: recensioni software gestionale per hotel, bed &amp; breakfast, pensioni e motel, per gestire al meglio la tua struttura.\" \/>\n<meta name=\"robots\" content=\"index, follow, max-snippet:-1, max-image-preview:large, max-video-preview:-1\" \/>\n<link rel=\"canonical\" href=\"https:\/\/www.accuratereviews.com\/it\/gestionali-hotel-lista\/little-hotelier-recensione\/\" \/>\n<meta property=\"og:locale\" content=\"it_IT\" \/>\n<meta property=\"og:type\" content=\"article\" \/>\n<meta property=\"og:title\" content=\"Little Hotelier: recensione gestionale hotel - Accurate Reviews\" \/>\n<meta property=\"og:description\" content=\"Little Hotelier: recensioni software gestionale per hotel, bed &amp; breakfast, pensioni e motel, per gestire al meglio la tua struttura.\" \/>\n<meta property=\"og:url\" content=\"https:\/\/www.accuratereviews.com\/it\/gestionali-hotel-lista\/little-hotelier-recensione\/\" \/>\n<meta property=\"og:site_name\" content=\"Accurate Reviews\" \/>\n<meta property=\"article:modified_time\" content=\"2023-05-25T09:43:03+00:00\" \/>\n<meta property=\"og:image\" content=\"https:\/\/www.accuratereviews.com\/wp-content\/uploads\/2023\/05\/LHDG006_logo_on_orange.png\" \/>\n\t<meta property=\"og:image:width\" content=\"1116\" \/>\n\t<meta property=\"og:image:height\" content=\"580\" \/>\n\t<meta property=\"og:image:type\" content=\"image\/png\" \/>\n<meta name=\"twitter:card\" content=\"summary_large_image\" \/>\n<meta name=\"twitter:label1\" content=\"Tempo di lettura stimato\" \/>\n\t<meta name=\"twitter:data1\" content=\"3 minuti\" \/>\n<script type=\"application\/ld+json\" class=\"yoast-schema-graph\">{\"@context\":\"https:\\\/\\\/schema.org\",\"@graph\":[{\"@type\":\"WebPage\",\"@id\":\"https:\\\/\\\/www.accuratereviews.com\\\/it\\\/gestionali-hotel-lista\\\/little-hotelier-recensione\\\/\",\"url\":\"https:\\\/\\\/www.accuratereviews.com\\\/it\\\/gestionali-hotel-lista\\\/little-hotelier-recensione\\\/\",\"name\":\"Little Hotelier: recensione gestionale hotel - Accurate Reviews\",\"isPartOf\":{\"@id\":\"https:\\\/\\\/www.accuratereviews.com\\\/it\\\/#website\"},\"primaryImageOfPage\":{\"@id\":\"https:\\\/\\\/www.accuratereviews.com\\\/it\\\/gestionali-hotel-lista\\\/little-hotelier-recensione\\\/#primaryimage\"},\"image\":{\"@id\":\"https:\\\/\\\/www.accuratereviews.com\\\/it\\\/gestionali-hotel-lista\\\/little-hotelier-recensione\\\/#primaryimage\"},\"thumbnailUrl\":\"https:\\\/\\\/www.accuratereviews.com\\\/wp-content\\\/uploads\\\/2023\\\/05\\\/LHDG006_logo_on_orange.png\",\"datePublished\":\"2023-05-25T09:41:55+00:00\",\"dateModified\":\"2023-05-25T09:43:03+00:00\",\"description\":\"Little Hotelier: recensioni software gestionale per hotel, bed & breakfast, pensioni e motel, per gestire al meglio la tua struttura.\",\"breadcrumb\":{\"@id\":\"https:\\\/\\\/www.accuratereviews.com\\\/it\\\/gestionali-hotel-lista\\\/little-hotelier-recensione\\\/#breadcrumb\"},\"inLanguage\":\"it-IT\",\"potentialAction\":[{\"@type\":\"ReadAction\",\"target\":[\"https:\\\/\\\/www.accuratereviews.com\\\/it\\\/gestionali-hotel-lista\\\/little-hotelier-recensione\\\/\"]}]},{\"@type\":\"ImageObject\",\"inLanguage\":\"it-IT\",\"@id\":\"https:\\\/\\\/www.accuratereviews.com\\\/it\\\/gestionali-hotel-lista\\\/little-hotelier-recensione\\\/#primaryimage\",\"url\":\"https:\\\/\\\/www.accuratereviews.com\\\/wp-content\\\/uploads\\\/2023\\\/05\\\/LHDG006_logo_on_orange.png\",\"contentUrl\":\"https:\\\/\\\/www.accuratereviews.com\\\/wp-content\\\/uploads\\\/2023\\\/05\\\/LHDG006_logo_on_orange.png\",\"width\":1116,\"height\":580},{\"@type\":\"BreadcrumbList\",\"@id\":\"https:\\\/\\\/www.accuratereviews.com\\\/it\\\/gestionali-hotel-lista\\\/little-hotelier-recensione\\\/#breadcrumb\",\"itemListElement\":[{\"@type\":\"ListItem\",\"position\":1,\"name\":\"Home\",\"item\":\"https:\\\/\\\/www.accuratereviews.com\\\/it\\\/\"},{\"@type\":\"ListItem\",\"position\":2,\"name\":\"Gestionali per hotel\",\"item\":\"https:\\\/\\\/www.accuratereviews.com\\\/it\\\/gestionali-hotel-lista\\\/\"},{\"@type\":\"ListItem\",\"position\":3,\"name\":\"Little Hotelier\"}]},{\"@type\":\"WebSite\",\"@id\":\"https:\\\/\\\/www.accuratereviews.com\\\/it\\\/#website\",\"url\":\"https:\\\/\\\/www.accuratereviews.com\\\/it\\\/\",\"name\":\"Accurate Reviews\",\"description\":\"\",\"potentialAction\":[{\"@type\":\"SearchAction\",\"target\":{\"@type\":\"EntryPoint\",\"urlTemplate\":\"https:\\\/\\\/www.accuratereviews.com\\\/it\\\/?s={search_term_string}\"},\"query-input\":{\"@type\":\"PropertyValueSpecification\",\"valueRequired\":true,\"valueName\":\"search_term_string\"}}],\"inLanguage\":\"it-IT\"}]}<\/script>\n<!-- \/ Yoast SEO plugin. -->","yoast_head_json":{"title":"Little Hotelier: recensione gestionale hotel - Accurate Reviews","description":"Little Hotelier: recensioni software gestionale per hotel, bed & breakfast, pensioni e motel, per gestire al meglio la tua struttura.","robots":{"index":"index","follow":"follow","max-snippet":"max-snippet:-1","max-image-preview":"max-image-preview:large","max-video-preview":"max-video-preview:-1"},"canonical":"https:\/\/www.accuratereviews.com\/it\/gestionali-hotel-lista\/little-hotelier-recensione\/","og_locale":"it_IT","og_type":"article","og_title":"Little Hotelier: recensione gestionale hotel - Accurate Reviews","og_description":"Little Hotelier: recensioni software gestionale per hotel, bed & breakfast, pensioni e motel, per gestire al meglio la tua struttura.","og_url":"https:\/\/www.accuratereviews.com\/it\/gestionali-hotel-lista\/little-hotelier-recensione\/","og_site_name":"Accurate Reviews","article_modified_time":"2023-05-25T09:43:03+00:00","og_image":[{"width":1116,"height":580,"url":"https:\/\/www.accuratereviews.com\/wp-content\/uploads\/2023\/05\/LHDG006_logo_on_orange.png","type":"image\/png"}],"twitter_card":"summary_large_image","twitter_misc":{"Tempo di lettura stimato":"3 minuti"},"schema":{"@context":"https:\/\/schema.org","@graph":[{"@type":"WebPage","@id":"https:\/\/www.accuratereviews.com\/it\/gestionali-hotel-lista\/little-hotelier-recensione\/","url":"https:\/\/www.accuratereviews.com\/it\/gestionali-hotel-lista\/little-hotelier-recensione\/","name":"Little Hotelier: recensione gestionale hotel - Accurate Reviews","isPartOf":{"@id":"https:\/\/www.accuratereviews.com\/it\/#website"},"primaryImageOfPage":{"@id":"https:\/\/www.accuratereviews.com\/it\/gestionali-hotel-lista\/little-hotelier-recensione\/#primaryimage"},"image":{"@id":"https:\/\/www.accuratereviews.com\/it\/gestionali-hotel-lista\/little-hotelier-recensione\/#primaryimage"},"thumbnailUrl":"https:\/\/www.accuratereviews.com\/wp-content\/uploads\/2023\/05\/LHDG006_logo_on_orange.png","datePublished":"2023-05-25T09:41:55+00:00","dateModified":"2023-05-25T09:43:03+00:00","description":"Little Hotelier: recensioni software gestionale per hotel, bed & breakfast, pensioni e motel, per gestire al meglio la tua struttura.","breadcrumb":{"@id":"https:\/\/www.accuratereviews.com\/it\/gestionali-hotel-lista\/little-hotelier-recensione\/#breadcrumb"},"inLanguage":"it-IT","potentialAction":[{"@type":"ReadAction","target":["https:\/\/www.accuratereviews.com\/it\/gestionali-hotel-lista\/little-hotelier-recensione\/"]}]},{"@type":"ImageObject","inLanguage":"it-IT","@id":"https:\/\/www.accuratereviews.com\/it\/gestionali-hotel-lista\/little-hotelier-recensione\/#primaryimage","url":"https:\/\/www.accuratereviews.com\/wp-content\/uploads\/2023\/05\/LHDG006_logo_on_orange.png","contentUrl":"https:\/\/www.accuratereviews.com\/wp-content\/uploads\/2023\/05\/LHDG006_logo_on_orange.png","width":1116,"height":580},{"@type":"BreadcrumbList","@id":"https:\/\/www.accuratereviews.com\/it\/gestionali-hotel-lista\/little-hotelier-recensione\/#breadcrumb","itemListElement":[{"@type":"ListItem","position":1,"name":"Home","item":"https:\/\/www.accuratereviews.com\/it\/"},{"@type":"ListItem","position":2,"name":"Gestionali per hotel","item":"https:\/\/www.accuratereviews.com\/it\/gestionali-hotel-lista\/"},{"@type":"ListItem","position":3,"name":"Little Hotelier"}]},{"@type":"WebSite","@id":"https:\/\/www.accuratereviews.com\/it\/#website","url":"https:\/\/www.accuratereviews.com\/it\/","name":"Accurate Reviews","description":"","potentialAction":[{"@type":"SearchAction","target":{"@type":"EntryPoint","urlTemplate":"https:\/\/www.accuratereviews.com\/it\/?s={search_term_string}"},"query-input":{"@type":"PropertyValueSpecification","valueRequired":true,"valueName":"search_term_string"}}],"inLanguage":"it-IT"}]}},"_links":{"self":[{"href":"https:\/\/www.accuratereviews.com\/it\/wp-json\/wp\/v2\/pages\/69660","targetHints":{"allow":["GET"]}}],"collection":[{"href":"https:\/\/www.accuratereviews.com\/it\/wp-json\/wp\/v2\/pages"}],"about":[{"href":"https:\/\/www.accuratereviews.com\/it\/wp-json\/wp\/v2\/types\/page"}],"author":[{"embeddable":true,"href":"https:\/\/www.accuratereviews.com\/it\/wp-json\/wp\/v2\/users\/17"}],"replies":[{"embeddable":true,"href":"https:\/\/www.accuratereviews.com\/it\/wp-json\/wp\/v2\/comments?post=69660"}],"version-history":[{"count":7,"href":"https:\/\/www.accuratereviews.com\/it\/wp-json\/wp\/v2\/pages\/69660\/revisions"}],"predecessor-version":[{"id":69865,"href":"https:\/\/www.accuratereviews.com\/it\/wp-json\/wp\/v2\/pages\/69660\/revisions\/69865"}],"up":[{"embeddable":true,"href":"https:\/\/www.accuratereviews.com\/it\/wp-json\/wp\/v2\/pages\/29585"}],"wp:featuredmedia":[{"embeddable":true,"href":"https:\/\/www.accuratereviews.com\/it\/wp-json\/wp\/v2\/media\/69668"}],"wp:attachment":[{"href":"https:\/\/www.accuratereviews.com\/it\/wp-json\/wp\/v2\/media?parent=69660"}],"wp:term":[{"taxonomy":"category","embeddable":true,"href":"https:\/\/www.accuratereviews.com\/it\/wp-json\/wp\/v2\/categories?post=69660"},{"taxonomy":"post_tag","embeddable":true,"href":"https:\/\/www.accuratereviews.com\/it\/wp-json\/wp\/v2\/tags?post=69660"},{"taxonomy":"features","embeddable":true,"href":"https:\/\/www.accuratereviews.com\/it\/wp-json\/wp\/v2\/features?post=69660"}],"curies":[{"name":"wp","href":"https:\/\/api.w.org\/{rel}","templated":true}]}}