{"id":69687,"date":"2023-05-29T07:09:07","date_gmt":"2023-05-29T07:09:07","guid":{"rendered":"https:\/\/www.accuratereviews.com\/?page_id=69687"},"modified":"2023-05-29T07:09:07","modified_gmt":"2023-05-29T07:09:07","slug":"training-tilt-recensione","status":"publish","type":"page","link":"https:\/\/www.accuratereviews.com\/it\/software-fitness-lista\/training-tilt-recensione\/","title":{"rendered":"Training Tilt"},"content":{"rendered":"<p><strong>Training Tilt<\/strong> \u00e8 un <strong>software gestionale per palestre<\/strong> che possiede tutto ci\u00f2 di cui hai bisogno in un&#8217;unica piattaforma. Coaching e analisi, onboarding dei clienti, sito Web, pagamenti, messaggistica, community e altro ancora. Ottieni la registrazione e l&#8217;onboarding dei tuoi nuovi clienti utilizzando la funzione di registrazione. Crea moduli personalizzati e collegali al processo di registrazione in modo che tutte le informazioni di cui hai bisogno vengano raccolte e collegate al loro profilo. Puoi utilizzare i gateway di pagamento o attivare manualmente il processo di registrazione dopo aver utilizzato il tuo sistema di pagamenti offline.<\/p>\n<h2>TRAINIG TILT &#8211; TUTORIAL<\/h2>\n<div id=\"fluid-wrapper-counter-1\" class=\"g1-fluid-wrapper \" style=\"width:686px;\">\n<div style=\"padding-bottom:56.268221574344%;\"><iframe loading=\"lazy\" title=\"Help Build Training Tilt\" width=\"686\" height=\"386\" src=\"https:\/\/www.youtube.com\/embed\/-e3-43zpYgU?feature=oembed&amp;wmode=transparent&amp;autohide=1&amp;autoplay=0&amp;disablekb=0&amp;fs=1&amp;loop=0&amp;enablejsapi=1&amp;rel=0&amp;controls=2&amp;showinfo=0&amp;wmode=transparent&amp;autohide=2&amp;autoplay=0&amp;disablekb=0&amp;fs=1&amp;loop=0&amp;enablejsapi=1&amp;rel=0&amp;controls=2&amp;showinfo=1\" frameborder=\"0\" allow=\"accelerometer; autoplay; clipboard-write; encrypted-media; gyroscope; picture-in-picture; web-share\" allowfullscreen><\/iframe><\/div>\n<\/div>\n<h3>TRAINIG TILT &#8211; CARATTERISTICHE<\/h3>\n<ul>\n<li><strong>Gestisci pi\u00f9 clienti in meno tempo<\/strong>: fai in modo che i clienti si iscrivano in modo rapido e semplice utilizzando le funzioni di pagamento e registrazione. Automatizza la raccolta delle informazioni di cui hai bisogno da loro e fornisci ci\u00f2 di cui hanno bisogno da te.<\/li>\n<li><strong>Prescrivi l&#8217;allenamento con facilit\u00e0:<\/strong> pianifica ed eroga in modo facile e veloce la formazione con strumenti di pianificazione interattivi. Fornisci un&#8217;esperienza unica ai tuoi atleti con app web e mobili in modo che possano avere sempre il loro piano a portata di mano.<\/li>\n<li><strong>Tieni facilmente traccia di obiettivi ed eventi<\/strong>: dovendo gestire pi\u00f9 clienti, pu\u00f2 essere una seccatura tenersi al passo con i loro obiettivi, programmi, formazione e altro ancora. Con gli obiettivi e gli eventi del cliente puoi rimanere organizzato e assicurarti che i tuoi clienti rimangano coinvolti.<\/li>\n<li><strong>Comunicare e collaborare:<\/strong> comunica con i tuoi clienti all&#8217;interno di allenamenti individuali e conversazioni individuali. Invia email di gruppo o non senza bisogno di rubriche esterne o account email.<\/li>\n<li><strong>Condividi e coinvolgi<\/strong>: condividi le tue conoscenze e coinvolgi i tuoi clienti attuali e potenziali con contenuti ricchi come articoli, video, download e ricette. I contenuti possono essere limitati ai tuoi clienti o condivisi pubblicamente sul tuo sito brandizzato.<\/li>\n<li><strong>Sito web di coaching<\/strong>: un sito web di coaching \u00e8 una parte essenziale della tua attivit\u00e0. Puoi raccontare ai tuoi clienti la tua storia, promuovere i tuoi servizi e attirare nuovi clienti online. Con un sito web creato dalla soluzione puoi ottenere pi\u00f9 clienti, vendere prodotti e guadagnare di pi\u00f9 con la tua attivit\u00e0 di coaching.<\/li>\n<\/ul>\n<h4>LE RECENSIONI DEGLI UTENTI<\/h4>\n<p><strong>Steven&#8221;Semplice ma efficiente&#8221;<\/strong><br \/>\n<strong>Commenti<\/strong>: Il team altamente reattivo che risponde sempre a qualsiasi domanda, \u00e8 stata l&#8217;opzione ideale per me per avviare la mia attivit\u00e0 di coaching e credo che crescer\u00e0 con me man mano che la mia attivit\u00e0 cresce.<br \/>\n<strong>Pro<\/strong>: Ho un modo semplice per offrire un piano mirato ai miei clienti permettendomi di dedicare tempo alla pianificazione della loro formazione e non sprecarlo a capire come utilizzare il pacchetto software.<br \/>\n<strong>Contro<\/strong>: Mi piacerebbe vedere pi\u00f9 metriche visualizzate come il fitness e il carico di allenamento di 7 giorni, nonch\u00e9 la possibilit\u00e0 per i clienti di fare clic su un&#8217;immagine per indicare eventuali problemi e valutare il livello di disagio.<\/p>\n<p><strong>Peteni&#8221;Feedback sull&#8217;inclinazione dell&#8217;allenamento&#8221;<\/strong><br \/>\n<strong>Commenti<\/strong>: \u00c8 stato bello. A volte, il cellulare (soprattutto Android) presenta problemi<br \/>\n<strong>Pro<\/strong>: facilit\u00e0 d&#8217;uso sia per l&#8217;allenatore che per gli utenti<br \/>\n<strong>Contro<\/strong>: il costo molto alto quando vuoi andare senza limiti con i clienti. Ci dovrebbe essere un tetto al costo<\/p>\n<p><strong>Chris&#8221;Ottimo software di allenamento per il ciclismo&#8221;<\/strong><br \/>\n<strong>Commenti<\/strong>: Ottima assistenza clienti! Essere in grado di integrare il sito web, il pagamento, l&#8217;onboarding del cliente, la pianificazione, la creazione di programmi ecc&#8230; \u00e8 stato il pi\u00f9 grande risparmio di tempo per me. Sono stato in grado di concentrarmi maggiormente sulla relazione cliente-allenatore pi\u00f9 che con un software precedente.<br \/>\n<strong>Pro<\/strong>: completa integrazione di sito web, pagamento, abbonamento, piani di allenamento, ecommerce&#8230; la gestione del cliente \u00e8 ben congegnata con commenti sugli allenamenti, note, calendari, drag &amp; drop\/libreria di allenamenti ricercabili.<br \/>\n<strong>Contro<\/strong>: Un costruttore di allenamento per allenamenti di forza sarebbe fantastico.<\/p>\n","protected":false},"excerpt":{"rendered":"<p>Training Tilt \u00e8 un software gestionale per palestre che possiede tutto ci\u00f2 di cui hai bisogno in un&#8217;unica piattaforma. Coaching e analisi, onboarding dei clienti, sito Web, pagamenti, messaggistica, community e altro ancora. Ottieni la registrazione e l&#8217;onboarding dei tuoi nuovi clienti utilizzando la funzione di registrazione.<\/p>\n","protected":false},"author":19,"featured_media":69692,"parent":25524,"menu_order":0,"comment_status":"open","ping_status":"closed","template":"g1_template_page_review_new.php","meta":{"_acf_changed":false,"cwp_meta_box_check":"Yes","cwp_rev_product_name":"","cwp_rev_product_image":"","wppr_links":[],"cwp_rev_price":"0.00","wppr_options":[{"name":"Usability","value":"0"},{"name":"Speed","value":"0"},{"name":"Features","value":"0"},{"name":"Support","value":"0"},{"name":"Pricing","value":"0"}],"wppr_pros":["","","","",""],"wppr_cons":["","","","",""],"_monsterinsights_skip_tracking":false,"_monsterinsights_sitenote_active":false,"_monsterinsights_sitenote_note":"","_monsterinsights_sitenote_category":0,"footnotes":""},"categories":[2629],"tags":[2630,14330,14344,14327,14331,14326,14361],"features":[],"class_list":{"0":"post-69687","1":"page","2":"type-page","3":"status-publish","4":"has-post-thumbnail","6":"category-fitness-software","7":"tag-fitness-software","8":"tag-gestionale-palestre","9":"tag-piattaforma-gestionale-palestre","10":"tag-programma-gestionale-palestre","11":"tag-software-gestionale-palestre","12":"tag-soluzione-gestionale-palestre","13":"tag-training-tilt"},"wppr_data":{"cwp_meta_box_check":"Yes","_wppr_review_template":"default","cwp_rev_product_image":"","cwp_image_link":"image","wppr_links":[],"cwp_rev_price":"0.00","wppr_pros":["","","","",""],"wppr_cons":["","","","",""],"wppr_rating":"0.00","wppr_options":{"1":{"name":"Usability","value":"0"},"2":{"name":"Speed","value":"0"},"3":{"name":"Features","value":"0"},"4":{"name":"Support","value":"0"},"5":{"name":"Pricing","value":"0"}},"wppr_review_type":"Product","wppr_review_custom_fields":{"additionalProperty":"","additionalType":"","aggregateRating":"","alternateName":"","audience":"","award":"","awards":"","brand":"","color":"","depth":"","description":"","disambiguatingDescription":"","gtin12":"","gtin13":"","gtin14":"","gtin8":"","height":"","identifier":"","image":"","isAccessoryOrSparePartFor":"","isConsumableFor":"","isRelatedTo":"","isSimilarTo":"","itemCondition":"","logo":"","mainEntityOfPage":"","manufacturer":"","material":"","model":"","mpn":"","name":"","offers":"","potentialAction":"","productID":"","productionDate":"","purchaseDate":"","releaseDate":"","review":"","reviews":"","sameAs":"","sku":"","slogan":"","subjectOf":"","url":"","weight":"","width":""}},"acf":[],"yoast_head":"<!-- This site is optimized with the Yoast SEO plugin v27.4 - https:\/\/yoast.com\/product\/yoast-seo-wordpress\/ -->\n<title>Training Tilt: recensione gestionale palestre - Accurate Reviews<\/title>\n<meta name=\"description\" content=\"Training Tilt: recensione software gestionale per palestre che possiede tutto ci\u00f2 di cui hai bisogno per organizzare la tua attivit\u00e0.\" \/>\n<meta name=\"robots\" content=\"index, follow, max-snippet:-1, max-image-preview:large, max-video-preview:-1\" \/>\n<link rel=\"canonical\" href=\"https:\/\/www.accuratereviews.com\/it\/software-fitness-lista\/training-tilt-recensione\/\" \/>\n<meta property=\"og:locale\" content=\"it_IT\" \/>\n<meta property=\"og:type\" content=\"article\" \/>\n<meta property=\"og:title\" content=\"Training Tilt: recensione gestionale palestre - Accurate Reviews\" \/>\n<meta property=\"og:description\" content=\"Training Tilt: recensione software gestionale per palestre che possiede tutto ci\u00f2 di cui hai bisogno per organizzare la tua attivit\u00e0.\" \/>\n<meta property=\"og:url\" content=\"https:\/\/www.accuratereviews.com\/it\/software-fitness-lista\/training-tilt-recensione\/\" \/>\n<meta property=\"og:site_name\" content=\"Accurate Reviews\" \/>\n<meta property=\"og:image\" content=\"https:\/\/www.accuratereviews.com\/wp-content\/uploads\/2023\/05\/training-tilt.png\" \/>\n\t<meta property=\"og:image:width\" content=\"225\" \/>\n\t<meta property=\"og:image:height\" content=\"224\" \/>\n\t<meta property=\"og:image:type\" content=\"image\/png\" \/>\n<meta name=\"twitter:card\" content=\"summary_large_image\" \/>\n<meta name=\"twitter:label1\" content=\"Tempo di lettura stimato\" \/>\n\t<meta name=\"twitter:data1\" content=\"4 minuti\" \/>\n<script type=\"application\/ld+json\" class=\"yoast-schema-graph\">{\"@context\":\"https:\\\/\\\/schema.org\",\"@graph\":[{\"@type\":\"WebPage\",\"@id\":\"https:\\\/\\\/www.accuratereviews.com\\\/it\\\/software-fitness-lista\\\/training-tilt-recensione\\\/\",\"url\":\"https:\\\/\\\/www.accuratereviews.com\\\/it\\\/software-fitness-lista\\\/training-tilt-recensione\\\/\",\"name\":\"Training Tilt: recensione gestionale palestre - Accurate Reviews\",\"isPartOf\":{\"@id\":\"https:\\\/\\\/www.accuratereviews.com\\\/it\\\/#website\"},\"primaryImageOfPage\":{\"@id\":\"https:\\\/\\\/www.accuratereviews.com\\\/it\\\/software-fitness-lista\\\/training-tilt-recensione\\\/#primaryimage\"},\"image\":{\"@id\":\"https:\\\/\\\/www.accuratereviews.com\\\/it\\\/software-fitness-lista\\\/training-tilt-recensione\\\/#primaryimage\"},\"thumbnailUrl\":\"https:\\\/\\\/www.accuratereviews.com\\\/wp-content\\\/uploads\\\/2023\\\/05\\\/training-tilt.png\",\"datePublished\":\"2023-05-29T07:09:07+00:00\",\"description\":\"Training Tilt: recensione software gestionale per palestre che possiede tutto ci\u00f2 di cui hai bisogno per organizzare la tua attivit\u00e0.\",\"breadcrumb\":{\"@id\":\"https:\\\/\\\/www.accuratereviews.com\\\/it\\\/software-fitness-lista\\\/training-tilt-recensione\\\/#breadcrumb\"},\"inLanguage\":\"it-IT\",\"potentialAction\":[{\"@type\":\"ReadAction\",\"target\":[\"https:\\\/\\\/www.accuratereviews.com\\\/it\\\/software-fitness-lista\\\/training-tilt-recensione\\\/\"]}]},{\"@type\":\"ImageObject\",\"inLanguage\":\"it-IT\",\"@id\":\"https:\\\/\\\/www.accuratereviews.com\\\/it\\\/software-fitness-lista\\\/training-tilt-recensione\\\/#primaryimage\",\"url\":\"https:\\\/\\\/www.accuratereviews.com\\\/wp-content\\\/uploads\\\/2023\\\/05\\\/training-tilt.png\",\"contentUrl\":\"https:\\\/\\\/www.accuratereviews.com\\\/wp-content\\\/uploads\\\/2023\\\/05\\\/training-tilt.png\",\"width\":225,\"height\":224},{\"@type\":\"BreadcrumbList\",\"@id\":\"https:\\\/\\\/www.accuratereviews.com\\\/it\\\/software-fitness-lista\\\/training-tilt-recensione\\\/#breadcrumb\",\"itemListElement\":[{\"@type\":\"ListItem\",\"position\":1,\"name\":\"Home\",\"item\":\"https:\\\/\\\/www.accuratereviews.com\\\/it\\\/\"},{\"@type\":\"ListItem\",\"position\":2,\"name\":\"Software per fitness\",\"item\":\"https:\\\/\\\/www.accuratereviews.com\\\/it\\\/software-fitness-lista\\\/\"},{\"@type\":\"ListItem\",\"position\":3,\"name\":\"Training Tilt\"}]},{\"@type\":\"WebSite\",\"@id\":\"https:\\\/\\\/www.accuratereviews.com\\\/it\\\/#website\",\"url\":\"https:\\\/\\\/www.accuratereviews.com\\\/it\\\/\",\"name\":\"Accurate Reviews\",\"description\":\"\",\"potentialAction\":[{\"@type\":\"SearchAction\",\"target\":{\"@type\":\"EntryPoint\",\"urlTemplate\":\"https:\\\/\\\/www.accuratereviews.com\\\/it\\\/?s={search_term_string}\"},\"query-input\":{\"@type\":\"PropertyValueSpecification\",\"valueRequired\":true,\"valueName\":\"search_term_string\"}}],\"inLanguage\":\"it-IT\"}]}<\/script>\n<!-- \/ Yoast SEO plugin. -->","yoast_head_json":{"title":"Training Tilt: recensione gestionale palestre - Accurate Reviews","description":"Training Tilt: recensione software gestionale per palestre che possiede tutto ci\u00f2 di cui hai bisogno per organizzare la tua attivit\u00e0.","robots":{"index":"index","follow":"follow","max-snippet":"max-snippet:-1","max-image-preview":"max-image-preview:large","max-video-preview":"max-video-preview:-1"},"canonical":"https:\/\/www.accuratereviews.com\/it\/software-fitness-lista\/training-tilt-recensione\/","og_locale":"it_IT","og_type":"article","og_title":"Training Tilt: recensione gestionale palestre - Accurate Reviews","og_description":"Training Tilt: recensione software gestionale per palestre che possiede tutto ci\u00f2 di cui hai bisogno per organizzare la tua attivit\u00e0.","og_url":"https:\/\/www.accuratereviews.com\/it\/software-fitness-lista\/training-tilt-recensione\/","og_site_name":"Accurate Reviews","og_image":[{"width":225,"height":224,"url":"https:\/\/www.accuratereviews.com\/wp-content\/uploads\/2023\/05\/training-tilt.png","type":"image\/png"}],"twitter_card":"summary_large_image","twitter_misc":{"Tempo di lettura stimato":"4 minuti"},"schema":{"@context":"https:\/\/schema.org","@graph":[{"@type":"WebPage","@id":"https:\/\/www.accuratereviews.com\/it\/software-fitness-lista\/training-tilt-recensione\/","url":"https:\/\/www.accuratereviews.com\/it\/software-fitness-lista\/training-tilt-recensione\/","name":"Training Tilt: recensione gestionale palestre - Accurate Reviews","isPartOf":{"@id":"https:\/\/www.accuratereviews.com\/it\/#website"},"primaryImageOfPage":{"@id":"https:\/\/www.accuratereviews.com\/it\/software-fitness-lista\/training-tilt-recensione\/#primaryimage"},"image":{"@id":"https:\/\/www.accuratereviews.com\/it\/software-fitness-lista\/training-tilt-recensione\/#primaryimage"},"thumbnailUrl":"https:\/\/www.accuratereviews.com\/wp-content\/uploads\/2023\/05\/training-tilt.png","datePublished":"2023-05-29T07:09:07+00:00","description":"Training Tilt: recensione software gestionale per palestre che possiede tutto ci\u00f2 di cui hai bisogno per organizzare la tua attivit\u00e0.","breadcrumb":{"@id":"https:\/\/www.accuratereviews.com\/it\/software-fitness-lista\/training-tilt-recensione\/#breadcrumb"},"inLanguage":"it-IT","potentialAction":[{"@type":"ReadAction","target":["https:\/\/www.accuratereviews.com\/it\/software-fitness-lista\/training-tilt-recensione\/"]}]},{"@type":"ImageObject","inLanguage":"it-IT","@id":"https:\/\/www.accuratereviews.com\/it\/software-fitness-lista\/training-tilt-recensione\/#primaryimage","url":"https:\/\/www.accuratereviews.com\/wp-content\/uploads\/2023\/05\/training-tilt.png","contentUrl":"https:\/\/www.accuratereviews.com\/wp-content\/uploads\/2023\/05\/training-tilt.png","width":225,"height":224},{"@type":"BreadcrumbList","@id":"https:\/\/www.accuratereviews.com\/it\/software-fitness-lista\/training-tilt-recensione\/#breadcrumb","itemListElement":[{"@type":"ListItem","position":1,"name":"Home","item":"https:\/\/www.accuratereviews.com\/it\/"},{"@type":"ListItem","position":2,"name":"Software per fitness","item":"https:\/\/www.accuratereviews.com\/it\/software-fitness-lista\/"},{"@type":"ListItem","position":3,"name":"Training Tilt"}]},{"@type":"WebSite","@id":"https:\/\/www.accuratereviews.com\/it\/#website","url":"https:\/\/www.accuratereviews.com\/it\/","name":"Accurate Reviews","description":"","potentialAction":[{"@type":"SearchAction","target":{"@type":"EntryPoint","urlTemplate":"https:\/\/www.accuratereviews.com\/it\/?s={search_term_string}"},"query-input":{"@type":"PropertyValueSpecification","valueRequired":true,"valueName":"search_term_string"}}],"inLanguage":"it-IT"}]}},"_links":{"self":[{"href":"https:\/\/www.accuratereviews.com\/it\/wp-json\/wp\/v2\/pages\/69687","targetHints":{"allow":["GET"]}}],"collection":[{"href":"https:\/\/www.accuratereviews.com\/it\/wp-json\/wp\/v2\/pages"}],"about":[{"href":"https:\/\/www.accuratereviews.com\/it\/wp-json\/wp\/v2\/types\/page"}],"author":[{"embeddable":true,"href":"https:\/\/www.accuratereviews.com\/it\/wp-json\/wp\/v2\/users\/19"}],"replies":[{"embeddable":true,"href":"https:\/\/www.accuratereviews.com\/it\/wp-json\/wp\/v2\/comments?post=69687"}],"version-history":[{"count":14,"href":"https:\/\/www.accuratereviews.com\/it\/wp-json\/wp\/v2\/pages\/69687\/revisions"}],"predecessor-version":[{"id":69709,"href":"https:\/\/www.accuratereviews.com\/it\/wp-json\/wp\/v2\/pages\/69687\/revisions\/69709"}],"up":[{"embeddable":true,"href":"https:\/\/www.accuratereviews.com\/it\/wp-json\/wp\/v2\/pages\/25524"}],"wp:featuredmedia":[{"embeddable":true,"href":"https:\/\/www.accuratereviews.com\/it\/wp-json\/wp\/v2\/media\/69692"}],"wp:attachment":[{"href":"https:\/\/www.accuratereviews.com\/it\/wp-json\/wp\/v2\/media?parent=69687"}],"wp:term":[{"taxonomy":"category","embeddable":true,"href":"https:\/\/www.accuratereviews.com\/it\/wp-json\/wp\/v2\/categories?post=69687"},{"taxonomy":"post_tag","embeddable":true,"href":"https:\/\/www.accuratereviews.com\/it\/wp-json\/wp\/v2\/tags?post=69687"},{"taxonomy":"features","embeddable":true,"href":"https:\/\/www.accuratereviews.com\/it\/wp-json\/wp\/v2\/features?post=69687"}],"curies":[{"name":"wp","href":"https:\/\/api.w.org\/{rel}","templated":true}]}}