{"id":69725,"date":"2023-05-30T14:03:42","date_gmt":"2023-05-30T14:03:42","guid":{"rendered":"https:\/\/www.accuratereviews.com\/?page_id=69725"},"modified":"2023-05-30T14:03:42","modified_gmt":"2023-05-30T14:03:42","slug":"coachaccountable-recensione","status":"publish","type":"page","link":"https:\/\/www.accuratereviews.com\/it\/software-fitness-lista\/coachaccountable-recensione\/","title":{"rendered":"CoachAccountable"},"content":{"rendered":"<p><strong>CoachAccountable<\/strong> \u00e8 una soluzione di <strong>gestione dei clienti online<\/strong> per rendere la fornitura di programmi di coaching accessibile ed efficace. Il software, basato su <strong>cloud<\/strong>, automatizza in modo cruciale la consegna di programmi e contenuti, consentendo ai potenziali clienti di prenotare appuntamenti con la pianificazione del calendario che si sincronizza su <strong>Google Calendar, iCal e Outlook.<\/strong><br \/>\nLe notifiche automatiche tengono aggiornati i clienti, con promemoria degli appuntamenti inviati a tutte le parti interessate, mentre la funzione &#8220;Stream&#8221; visualizza e ordina una cronologia completa dell&#8217;impegno di coaching. Coach e clienti possono commentare azioni, metriche, note, fogli di lavoro, appuntamenti e altro ancora per mantenere il coinvolgimento e il follow-through tra le sessioni. Questo hub tiene traccia e presenta i progressi, con metriche che offrono visualizzazioni a colpo d&#8217;occhio dei dati sulle prestazioni di coaching.<\/p>\n<h2>COACHACCOUNTABLE &#8211; TUTORIAL<\/h2>\n<div id=\"fluid-wrapper-counter-1\" class=\"g1-fluid-wrapper \" style=\"width:686px;\">\n<div style=\"padding-bottom:56.268221574344%;\"><iframe loading=\"lazy\" title=\"Welcoming New Clients Tour of CoachAccountable\" width=\"515\" height=\"386\" src=\"https:\/\/www.youtube.com\/embed\/GTuDAjqd5pE?feature=oembed&amp;wmode=transparent&amp;autohide=1&amp;autoplay=0&amp;disablekb=0&amp;fs=1&amp;loop=0&amp;enablejsapi=1&amp;rel=0&amp;controls=2&amp;showinfo=0&amp;wmode=transparent&amp;autohide=2&amp;autoplay=0&amp;disablekb=0&amp;fs=1&amp;loop=0&amp;enablejsapi=1&amp;rel=0&amp;controls=2&amp;showinfo=1\" frameborder=\"0\" allow=\"accelerometer; autoplay; clipboard-write; encrypted-media; gyroscope; picture-in-picture; web-share\" allowfullscreen><\/iframe><\/div>\n<\/div>\n<h3>COACHACCOUNTABLE &#8211; CARATTERISTICHE<\/h3>\n<ul>\n<li>Strumenti per monitorare i progressi e gestire i piani di coaching<\/li>\n<li>Promemoria tempestivi per raggiungere gli obiettivi<\/li>\n<li>Un record continuo di risultati, materiali e approfondimenti<\/li>\n<li>I clienti rimangono coinvolti pi\u00f9 a lungo<\/li>\n<li>Un&#8217;app mobile per stare al passo con gli spostamenti<\/li>\n<li>Supervisione amministrativa con chiara responsabilit\u00e0<\/li>\n<li>Un coaching efficace per risparmiare tempo e denaro<\/li>\n<li>I risultati sono facilmente dimostrabili<\/li>\n<li>Team coaching coordinato iper-efficiente<\/li>\n<li>Registrazioni trasparenti dell&#8217;efficacia del coaching<\/li>\n<li>Risorse condivise per una qualit\u00e0 costante del programma<\/li>\n<li>Pianifica e sincronizza gli appuntamenti con i tuoi clienti<\/li>\n<li>Genera fatture una tantum e ricorrenti per i tuoi clienti<\/li>\n<li>Ricevi pagamenti online tramite il tuo account Stripe, Square o PayPal, senza costi di elaborazione aggiuntivi<\/li>\n<\/ul>\n<h4>LE RECENSIONE DEGLI UTENTI<\/h4>\n<p><strong>Caroline &#8220;Adoro questa piattaforma&#8221;<\/strong><br \/>\n<strong>Pro<\/strong>: Coach Accountable mi consente di fornire un coinvolgimento personalizzato con i miei clienti tra le loro sessioni di coaching per aiutarli a raggiungere i loro obiettivi. I miei clienti hanno adorato la facilit\u00e0 di comunicare con me, fissare appuntamenti e avere un posto dove completare e archiviare tutti i documenti del loro programma di coaching.<br \/>\n<strong>Contro<\/strong>: La curva di apprendimento \u00e8 ripida, ma c&#8217;\u00e8 molto supporto per mettersi in moto velocemente.<\/p>\n<p><strong>Alex &#8220;CoachAccountable \u00e8 incredibile!&#8221;<\/strong><br \/>\n<strong>Commenti<\/strong>: Prima di trovare CoachAccountable, stavo mettendo insieme diverse soluzioni per supportare i miei clienti. \u00c8 stato frustrante perch\u00e9 passavo molto tempo a cercare di fornire ai miei clienti un servizio di alto livello. Dopo aver testato CoachAcountable, ho scoperto che l&#8217;applicazione mi consente di prendermi pi\u00f9 cura dei miei clienti portando la mia pratica al livello successivo. In realt\u00e0 sono in grado di offrire pi\u00f9 coaching ai miei clienti mentre faccio meno lavoro. CoachAccountable mi ha fatto guadagnare di pi\u00f9. Non posso dire abbastanza cose positive sull&#8217;applicazione, sullo staff e su come mi rende un allenatore migliore.<br \/>\n<strong>Pro<\/strong>: Servizio clienti, pianificazione, fatturazione, metriche di monitoraggio, consegna di fogli di lavoro<br \/>\n<strong>Contro<\/strong>: Non c&#8217;\u00e8 niente che non mi piace del software.<\/p>\n<p><strong>Ze &#8220;Il miglior servizio clienti di sempre!&#8221;<\/strong><br \/>\n<strong>Commenti<\/strong>: Sorprendente! Ho utilizzato CA in passato con grande successo, tuttavia in quel momento non ero pronto per la scalabilit\u00e0. Ora lo sono e dall&#8217;ottimo servizio costante che ricevo, \u00e8 stata la prima piattaforma a cui ho pensato quando ci sono tornato.<br \/>\n<strong>Pro<\/strong>: Avere supporto per la tecnologia \u00e8 un GRANDE affare per me. Sono un esperto in quello che faccio (che \u00e8 il coaching) ma so che la tecnologia non \u00e8 il mio forte. Ho chiesto aiuto al team CA e non solo hanno risolto il mio problema, ma \u00e8 stato fatto immediatamente. Sono rimasto cos\u00ec colpito, ho dovuto condividere! Questo \u00e8 estremamente importante per me perch\u00e9 mi aiuta a sentirmi supportato e rende facile e semplice fare ci\u00f2 che amo! Grazie mille al team CA!<br \/>\n<strong>Contro<\/strong>: Vorrei che fosse anche una piattaforma CRM completa, quindi non ho dovuto utilizzare due piattaforme diverse per la generazione di lead. Tuttavia, poich\u00e9 la piattaforma di coaching \u00e8 cos\u00ec semplice ed efficace, \u00e8 eccezionale in quello che fa.<\/p>\n","protected":false},"excerpt":{"rendered":"<p>CoachAccountable \u00e8 una soluzione di gestione dei clienti online per rendere la fornitura di programmi di coaching accessibile ed efficace. Il software basato su cloud automatizza in modo cruciale la consegna di programmi e contenuti, consentendo ai potenziali clienti di prenotare appuntamenti con la pianificazione del calendario che si sincronizza su Google Calendar, iCal e Outlook.<\/p>\n","protected":false},"author":19,"featured_media":69728,"parent":25524,"menu_order":0,"comment_status":"open","ping_status":"closed","template":"g1_template_page_review_new.php","meta":{"_acf_changed":false,"cwp_meta_box_check":"Yes","cwp_rev_product_name":"","cwp_rev_product_image":"","wppr_links":[],"cwp_rev_price":"0.00","wppr_options":[{"name":"Usability","value":"0"},{"name":"Speed","value":"0"},{"name":"Features","value":"0"},{"name":"Support","value":"0"},{"name":"Pricing","value":"0"}],"wppr_pros":["","","","",""],"wppr_cons":["","","","",""],"_monsterinsights_skip_tracking":false,"_monsterinsights_sitenote_active":false,"_monsterinsights_sitenote_note":"","_monsterinsights_sitenote_category":0,"footnotes":""},"categories":[2629],"tags":[14362,2630,14330,14344,14327,14331,14326],"features":[],"class_list":{"0":"post-69725","1":"page","2":"type-page","3":"status-publish","4":"has-post-thumbnail","6":"category-fitness-software","7":"tag-coachaccountable","8":"tag-fitness-software","9":"tag-gestionale-palestre","10":"tag-piattaforma-gestionale-palestre","11":"tag-programma-gestionale-palestre","12":"tag-software-gestionale-palestre","13":"tag-soluzione-gestionale-palestre"},"wppr_data":{"cwp_meta_box_check":"Yes","_wppr_review_template":"default","cwp_rev_product_image":"","cwp_image_link":"image","wppr_links":[],"cwp_rev_price":"0.00","wppr_pros":["","","","",""],"wppr_cons":["","","","",""],"wppr_rating":"0.00","wppr_options":{"1":{"name":"Usability","value":"0"},"2":{"name":"Speed","value":"0"},"3":{"name":"Features","value":"0"},"4":{"name":"Support","value":"0"},"5":{"name":"Pricing","value":"0"}},"wppr_review_type":"Product","wppr_review_custom_fields":{"additionalProperty":"","additionalType":"","aggregateRating":"","alternateName":"","audience":"","award":"","awards":"","brand":"","color":"","depth":"","description":"","disambiguatingDescription":"","gtin12":"","gtin13":"","gtin14":"","gtin8":"","height":"","identifier":"","image":"","isAccessoryOrSparePartFor":"","isConsumableFor":"","isRelatedTo":"","isSimilarTo":"","itemCondition":"","logo":"","mainEntityOfPage":"","manufacturer":"","material":"","model":"","mpn":"","name":"","offers":"","potentialAction":"","productID":"","productionDate":"","purchaseDate":"","releaseDate":"","review":"","reviews":"","sameAs":"","sku":"","slogan":"","subjectOf":"","url":"","weight":"","width":""}},"acf":[],"yoast_head":"<!-- This site is optimized with the Yoast SEO plugin v27.4 - https:\/\/yoast.com\/product\/yoast-seo-wordpress\/ -->\n<title>CoachAccountable: recensione gestionale palestre - AR<\/title>\n<meta name=\"description\" content=\"CoachAccountable: recensione soluzione di gestione clienti online per rendere la fornitura di programmi di coaching accessibile ed efficace.\" \/>\n<meta name=\"robots\" content=\"index, follow, max-snippet:-1, max-image-preview:large, max-video-preview:-1\" \/>\n<link rel=\"canonical\" href=\"https:\/\/www.accuratereviews.com\/it\/software-fitness-lista\/coachaccountable-recensione\/\" \/>\n<meta property=\"og:locale\" content=\"it_IT\" \/>\n<meta property=\"og:type\" content=\"article\" \/>\n<meta property=\"og:title\" content=\"CoachAccountable: recensione gestionale palestre - AR\" \/>\n<meta property=\"og:description\" content=\"CoachAccountable: recensione soluzione di gestione clienti online per rendere la fornitura di programmi di coaching accessibile ed efficace.\" \/>\n<meta property=\"og:url\" content=\"https:\/\/www.accuratereviews.com\/it\/software-fitness-lista\/coachaccountable-recensione\/\" \/>\n<meta property=\"og:site_name\" content=\"Accurate Reviews\" \/>\n<meta property=\"og:image\" content=\"https:\/\/www.accuratereviews.com\/wp-content\/uploads\/2023\/05\/CoachAccountable.jpeg\" \/>\n\t<meta property=\"og:image:width\" content=\"200\" \/>\n\t<meta property=\"og:image:height\" content=\"200\" \/>\n\t<meta property=\"og:image:type\" content=\"image\/jpeg\" \/>\n<meta name=\"twitter:card\" content=\"summary_large_image\" \/>\n<meta name=\"twitter:label1\" content=\"Tempo di lettura stimato\" \/>\n\t<meta name=\"twitter:data1\" content=\"4 minuti\" \/>\n<script type=\"application\/ld+json\" class=\"yoast-schema-graph\">{\"@context\":\"https:\\\/\\\/schema.org\",\"@graph\":[{\"@type\":\"WebPage\",\"@id\":\"https:\\\/\\\/www.accuratereviews.com\\\/it\\\/software-fitness-lista\\\/coachaccountable-recensione\\\/\",\"url\":\"https:\\\/\\\/www.accuratereviews.com\\\/it\\\/software-fitness-lista\\\/coachaccountable-recensione\\\/\",\"name\":\"CoachAccountable: recensione gestionale palestre - AR\",\"isPartOf\":{\"@id\":\"https:\\\/\\\/www.accuratereviews.com\\\/it\\\/#website\"},\"primaryImageOfPage\":{\"@id\":\"https:\\\/\\\/www.accuratereviews.com\\\/it\\\/software-fitness-lista\\\/coachaccountable-recensione\\\/#primaryimage\"},\"image\":{\"@id\":\"https:\\\/\\\/www.accuratereviews.com\\\/it\\\/software-fitness-lista\\\/coachaccountable-recensione\\\/#primaryimage\"},\"thumbnailUrl\":\"https:\\\/\\\/www.accuratereviews.com\\\/wp-content\\\/uploads\\\/2023\\\/05\\\/CoachAccountable.jpeg\",\"datePublished\":\"2023-05-30T14:03:42+00:00\",\"description\":\"CoachAccountable: recensione soluzione di gestione clienti online per rendere la fornitura di programmi di coaching accessibile ed efficace.\",\"breadcrumb\":{\"@id\":\"https:\\\/\\\/www.accuratereviews.com\\\/it\\\/software-fitness-lista\\\/coachaccountable-recensione\\\/#breadcrumb\"},\"inLanguage\":\"it-IT\",\"potentialAction\":[{\"@type\":\"ReadAction\",\"target\":[\"https:\\\/\\\/www.accuratereviews.com\\\/it\\\/software-fitness-lista\\\/coachaccountable-recensione\\\/\"]}]},{\"@type\":\"ImageObject\",\"inLanguage\":\"it-IT\",\"@id\":\"https:\\\/\\\/www.accuratereviews.com\\\/it\\\/software-fitness-lista\\\/coachaccountable-recensione\\\/#primaryimage\",\"url\":\"https:\\\/\\\/www.accuratereviews.com\\\/wp-content\\\/uploads\\\/2023\\\/05\\\/CoachAccountable.jpeg\",\"contentUrl\":\"https:\\\/\\\/www.accuratereviews.com\\\/wp-content\\\/uploads\\\/2023\\\/05\\\/CoachAccountable.jpeg\",\"width\":200,\"height\":200},{\"@type\":\"BreadcrumbList\",\"@id\":\"https:\\\/\\\/www.accuratereviews.com\\\/it\\\/software-fitness-lista\\\/coachaccountable-recensione\\\/#breadcrumb\",\"itemListElement\":[{\"@type\":\"ListItem\",\"position\":1,\"name\":\"Home\",\"item\":\"https:\\\/\\\/www.accuratereviews.com\\\/it\\\/\"},{\"@type\":\"ListItem\",\"position\":2,\"name\":\"Software per fitness\",\"item\":\"https:\\\/\\\/www.accuratereviews.com\\\/it\\\/software-fitness-lista\\\/\"},{\"@type\":\"ListItem\",\"position\":3,\"name\":\"CoachAccountable\"}]},{\"@type\":\"WebSite\",\"@id\":\"https:\\\/\\\/www.accuratereviews.com\\\/it\\\/#website\",\"url\":\"https:\\\/\\\/www.accuratereviews.com\\\/it\\\/\",\"name\":\"Accurate Reviews\",\"description\":\"\",\"potentialAction\":[{\"@type\":\"SearchAction\",\"target\":{\"@type\":\"EntryPoint\",\"urlTemplate\":\"https:\\\/\\\/www.accuratereviews.com\\\/it\\\/?s={search_term_string}\"},\"query-input\":{\"@type\":\"PropertyValueSpecification\",\"valueRequired\":true,\"valueName\":\"search_term_string\"}}],\"inLanguage\":\"it-IT\"}]}<\/script>\n<!-- \/ Yoast SEO plugin. -->","yoast_head_json":{"title":"CoachAccountable: recensione gestionale palestre - AR","description":"CoachAccountable: recensione soluzione di gestione clienti online per rendere la fornitura di programmi di coaching accessibile ed efficace.","robots":{"index":"index","follow":"follow","max-snippet":"max-snippet:-1","max-image-preview":"max-image-preview:large","max-video-preview":"max-video-preview:-1"},"canonical":"https:\/\/www.accuratereviews.com\/it\/software-fitness-lista\/coachaccountable-recensione\/","og_locale":"it_IT","og_type":"article","og_title":"CoachAccountable: recensione gestionale palestre - AR","og_description":"CoachAccountable: recensione soluzione di gestione clienti online per rendere la fornitura di programmi di coaching accessibile ed efficace.","og_url":"https:\/\/www.accuratereviews.com\/it\/software-fitness-lista\/coachaccountable-recensione\/","og_site_name":"Accurate Reviews","og_image":[{"width":200,"height":200,"url":"https:\/\/www.accuratereviews.com\/wp-content\/uploads\/2023\/05\/CoachAccountable.jpeg","type":"image\/jpeg"}],"twitter_card":"summary_large_image","twitter_misc":{"Tempo di lettura stimato":"4 minuti"},"schema":{"@context":"https:\/\/schema.org","@graph":[{"@type":"WebPage","@id":"https:\/\/www.accuratereviews.com\/it\/software-fitness-lista\/coachaccountable-recensione\/","url":"https:\/\/www.accuratereviews.com\/it\/software-fitness-lista\/coachaccountable-recensione\/","name":"CoachAccountable: recensione gestionale palestre - AR","isPartOf":{"@id":"https:\/\/www.accuratereviews.com\/it\/#website"},"primaryImageOfPage":{"@id":"https:\/\/www.accuratereviews.com\/it\/software-fitness-lista\/coachaccountable-recensione\/#primaryimage"},"image":{"@id":"https:\/\/www.accuratereviews.com\/it\/software-fitness-lista\/coachaccountable-recensione\/#primaryimage"},"thumbnailUrl":"https:\/\/www.accuratereviews.com\/wp-content\/uploads\/2023\/05\/CoachAccountable.jpeg","datePublished":"2023-05-30T14:03:42+00:00","description":"CoachAccountable: recensione soluzione di gestione clienti online per rendere la fornitura di programmi di coaching accessibile ed efficace.","breadcrumb":{"@id":"https:\/\/www.accuratereviews.com\/it\/software-fitness-lista\/coachaccountable-recensione\/#breadcrumb"},"inLanguage":"it-IT","potentialAction":[{"@type":"ReadAction","target":["https:\/\/www.accuratereviews.com\/it\/software-fitness-lista\/coachaccountable-recensione\/"]}]},{"@type":"ImageObject","inLanguage":"it-IT","@id":"https:\/\/www.accuratereviews.com\/it\/software-fitness-lista\/coachaccountable-recensione\/#primaryimage","url":"https:\/\/www.accuratereviews.com\/wp-content\/uploads\/2023\/05\/CoachAccountable.jpeg","contentUrl":"https:\/\/www.accuratereviews.com\/wp-content\/uploads\/2023\/05\/CoachAccountable.jpeg","width":200,"height":200},{"@type":"BreadcrumbList","@id":"https:\/\/www.accuratereviews.com\/it\/software-fitness-lista\/coachaccountable-recensione\/#breadcrumb","itemListElement":[{"@type":"ListItem","position":1,"name":"Home","item":"https:\/\/www.accuratereviews.com\/it\/"},{"@type":"ListItem","position":2,"name":"Software per fitness","item":"https:\/\/www.accuratereviews.com\/it\/software-fitness-lista\/"},{"@type":"ListItem","position":3,"name":"CoachAccountable"}]},{"@type":"WebSite","@id":"https:\/\/www.accuratereviews.com\/it\/#website","url":"https:\/\/www.accuratereviews.com\/it\/","name":"Accurate Reviews","description":"","potentialAction":[{"@type":"SearchAction","target":{"@type":"EntryPoint","urlTemplate":"https:\/\/www.accuratereviews.com\/it\/?s={search_term_string}"},"query-input":{"@type":"PropertyValueSpecification","valueRequired":true,"valueName":"search_term_string"}}],"inLanguage":"it-IT"}]}},"_links":{"self":[{"href":"https:\/\/www.accuratereviews.com\/it\/wp-json\/wp\/v2\/pages\/69725","targetHints":{"allow":["GET"]}}],"collection":[{"href":"https:\/\/www.accuratereviews.com\/it\/wp-json\/wp\/v2\/pages"}],"about":[{"href":"https:\/\/www.accuratereviews.com\/it\/wp-json\/wp\/v2\/types\/page"}],"author":[{"embeddable":true,"href":"https:\/\/www.accuratereviews.com\/it\/wp-json\/wp\/v2\/users\/19"}],"replies":[{"embeddable":true,"href":"https:\/\/www.accuratereviews.com\/it\/wp-json\/wp\/v2\/comments?post=69725"}],"version-history":[{"count":17,"href":"https:\/\/www.accuratereviews.com\/it\/wp-json\/wp\/v2\/pages\/69725\/revisions"}],"predecessor-version":[{"id":69802,"href":"https:\/\/www.accuratereviews.com\/it\/wp-json\/wp\/v2\/pages\/69725\/revisions\/69802"}],"up":[{"embeddable":true,"href":"https:\/\/www.accuratereviews.com\/it\/wp-json\/wp\/v2\/pages\/25524"}],"wp:featuredmedia":[{"embeddable":true,"href":"https:\/\/www.accuratereviews.com\/it\/wp-json\/wp\/v2\/media\/69728"}],"wp:attachment":[{"href":"https:\/\/www.accuratereviews.com\/it\/wp-json\/wp\/v2\/media?parent=69725"}],"wp:term":[{"taxonomy":"category","embeddable":true,"href":"https:\/\/www.accuratereviews.com\/it\/wp-json\/wp\/v2\/categories?post=69725"},{"taxonomy":"post_tag","embeddable":true,"href":"https:\/\/www.accuratereviews.com\/it\/wp-json\/wp\/v2\/tags?post=69725"},{"taxonomy":"features","embeddable":true,"href":"https:\/\/www.accuratereviews.com\/it\/wp-json\/wp\/v2\/features?post=69725"}],"curies":[{"name":"wp","href":"https:\/\/api.w.org\/{rel}","templated":true}]}}