{"id":69775,"date":"2023-05-30T13:54:20","date_gmt":"2023-05-30T13:54:20","guid":{"rendered":"https:\/\/www.accuratereviews.com\/?page_id=69775"},"modified":"2023-05-30T13:55:58","modified_gmt":"2023-05-30T13:55:58","slug":"wodify-recensione","status":"publish","type":"page","link":"https:\/\/www.accuratereviews.com\/it\/software-fitness-lista\/wodify-recensione\/","title":{"rendered":"Wodify"},"content":{"rendered":"<p><strong>Wodify<\/strong> \u00e8 il software che aiuta i proprietari di<strong> palestre<\/strong> a tenere sotto controllo la propria attivit\u00e0. Pi\u00f9 di 5.000 delle migliori palestre del mondo si affidano a questa soluzione per amministrare il proprio business in maniera ottimale. Monitora facilmente entrate, fidelizzazione e buste paga. Tieniti aggiornato sui pagamenti e gestisci le tue entrate come meglio ti aggrada.<br \/>\nCon questo programma potrai archiviare i documenti digitalmente che ti permetter\u00e0 di non perdere pi\u00f9 documenti aziendali. Monitora i livelli, l&#8217;esperienza o il posizionamento dei tuoi clienti con le loro progressioni.<\/p>\n<h2>WODIFY &#8211; TUTORIAL<\/h2>\n<div id=\"fluid-wrapper-counter-1\" class=\"g1-fluid-wrapper \" style=\"width:686px;\">\n<div style=\"padding-bottom:56.268221574344%;\"><iframe loading=\"lazy\" title=\"Using the Wodify Mobile App\" width=\"686\" height=\"386\" src=\"https:\/\/www.youtube.com\/embed\/nJU65fsMXtw?feature=oembed&amp;wmode=transparent&amp;autohide=1&amp;autoplay=0&amp;disablekb=0&amp;fs=1&amp;loop=0&amp;enablejsapi=1&amp;rel=0&amp;controls=2&amp;showinfo=0&amp;wmode=transparent&amp;autohide=2&amp;autoplay=0&amp;disablekb=0&amp;fs=1&amp;loop=0&amp;enablejsapi=1&amp;rel=0&amp;controls=2&amp;showinfo=1\" frameborder=\"0\" allow=\"accelerometer; autoplay; clipboard-write; encrypted-media; gyroscope; picture-in-picture; web-share\" allowfullscreen><\/iframe><\/div>\n<\/div>\n<h3>WODIFY &#8211; CARATTERISTICHE<\/h3>\n<ul>\n<li><strong>Programmazione delle lezioni<\/strong>: visualizza, prenota, sincronizza il tuo calendario e accedi ai corsi. Regola pi\u00f9 classi contemporaneamente per rimanere aggiornato.<\/li>\n<li><strong>Pianifica in anticipo e prepara ogni allenamento<\/strong>: gestione end-to-end di sessioni di personal training e lezioni introduttive gratuite con programmazione degli appuntamenti.<\/li>\n<li><strong>Monitoraggio delle prestazioni<\/strong>: tieni traccia dei progressi e osserva i miglioramenti nel tempo dei propri allievi.<\/li>\n<li><strong>Approfondimenti e report<\/strong>: accedi ai tuoi report predefiniti o personalizzali per monitorare facilmente entrate, fidelizzazione e buste paga.<\/li>\n<li><strong>Controllo delle presenze<\/strong>: visualizza la cronologia della classe e fai in modo che i membri tornino per saperne di pi\u00f9.<\/li>\n<li><strong>Classifica e social<\/strong>: connettiti con i nuovi membri attraverso i loro canali di social media e organizza delle classiche.<\/li>\n<li><strong>Fatture automatizzate<\/strong>: rimani aggiornato sui pagamenti e renditi conto delle entrate e uscite della tua palestra.<\/li>\n<li><strong>Monitoraggio del livello<\/strong>: tieni traccia e condividi i livelli, l&#8217;esperienza o il ranking dei clienti con progressioni personalizzate<\/li>\n<\/ul>\n<h4>LE RECENSIONI DEGLI UTENTI<\/h4>\n<p><strong>Kate &#8220;Cliente felice&#8221;<\/strong><br \/>\n<strong>Pro<\/strong>: Wodify \u00e8 una piattaforma facile da usare, che offre un ottimo servizio. Pi\u00f9 che un semplice sistema di prenotazione, consente agli allenatori di creare allenamenti, salvare allenamenti e tenere traccia dei progressi dei clienti. 10 su 10 &#8211; lo consiglierei!<br \/>\n<strong>Contro<\/strong>: Non ho incontrato nulla finora.<\/p>\n<p><strong>Steven &#8220;Wodify \u00e8 una soluzione completa&#8221;<\/strong><br \/>\n<strong>Commenti<\/strong>: Coaching per 9 mesi ha organizzato 4 gare.<br \/>\n<strong>Pro<\/strong>: Mi piace che il modulo della competizione si integri cos\u00ec bene con wodify.<br \/>\n<strong>Contro<\/strong>: I drop-in sono noiosi quando stai allenando.<\/p>\n<p><strong>Katy &#8220;Molto da imparare, ma alcune fantastiche funzionalit\u00e0.&#8221;<\/strong><br \/>\n<strong>Commenti<\/strong>: Nel complesso, il servizio clienti che ho ricevuto ha reso utile wodify. \u00c8 stata un&#8217;enorme curva di apprendimento e un po&#8217; pi\u00f9 difficile di quanto mi aspettassi, ma c&#8217;\u00e8 sempre qualcuno pronto ad aiutare!<br \/>\n<strong>Pro<\/strong>: La versione Mobile \u00e8 un vero toccasana. Essere in grado di avviare, interrompere abbonamenti e pagamenti, inviare deroghe e addebitare articoli al dettaglio \u00e8 stata una grande vendita per noi! Anche la vendita al dettaglio\/inventario\/POS \u00e8 fantastica e molto facile da usare.<br \/>\n<strong>Contro<\/strong>: Le progressioni potrebbero richiedere molto lavoro. Siamo corsi di arti marziali al 90%, quindi questo \u00e8 un grosso problema per noi. I membri che vengono automaticamente inseriti in un elenco del loro tipo di classe sarebbero anche qualcosa che ci aiuterebbe molto. Non credo che questo dovrebbe essere qualcosa che dovremmo fare da soli sul back-end. Dovremmo essere in grado di prendere le presenze direttamente da quelle liste di classe.<\/p>\n","protected":false},"excerpt":{"rendered":"<p>Wodify \u00e8 il software che aiuta i proprietari di palestre a tenere sotto controllo la propria attivit\u00e0. Pi\u00f9 di 5.000 delle migliori palestre del mondo si affidano a questa soluzione per amministrare il proprio business in maniera ottimale. Monitora facilmente entrate, fidelizzazione e buste paga. Tieniti aggiornato sui pagamenti e gestisci le tue entrate come meglio ti aggrada.<\/p>\n","protected":false},"author":19,"featured_media":69779,"parent":25524,"menu_order":0,"comment_status":"open","ping_status":"closed","template":"g1_template_page_review_new.php","meta":{"_acf_changed":false,"cwp_meta_box_check":"No","cwp_rev_product_name":"","cwp_rev_product_image":"","wppr_links":[],"cwp_rev_price":"","wppr_options":[],"wppr_pros":[],"wppr_cons":[],"_monsterinsights_skip_tracking":false,"_monsterinsights_sitenote_active":false,"_monsterinsights_sitenote_note":"","_monsterinsights_sitenote_category":0,"footnotes":""},"categories":[2629],"tags":[2630,14316,14344,14327,14331,14326,14377],"features":[],"class_list":{"0":"post-69775","1":"page","2":"type-page","3":"status-publish","4":"has-post-thumbnail","6":"category-fitness-software","7":"tag-fitness-software","8":"tag-gestione-palestre","9":"tag-piattaforma-gestionale-palestre","10":"tag-programma-gestionale-palestre","11":"tag-software-gestionale-palestre","12":"tag-soluzione-gestionale-palestre","13":"tag-wodify"},"wppr_data":{"cwp_meta_box_check":"No"},"acf":[],"yoast_head":"<!-- This site is optimized with the Yoast SEO plugin v27.4 - https:\/\/yoast.com\/product\/yoast-seo-wordpress\/ -->\n<title>Wodify: recensione software gestionale palestra Accurate Reviews<\/title>\n<meta name=\"description\" content=\"Wodify: recensione del software che aiuta i proprietari di palestre a tenere sotto controllo la propria attivit\u00e0.\" \/>\n<meta name=\"robots\" content=\"index, follow, max-snippet:-1, max-image-preview:large, max-video-preview:-1\" \/>\n<link rel=\"canonical\" href=\"https:\/\/www.accuratereviews.com\/it\/software-fitness-lista\/wodify-recensione\/\" \/>\n<meta property=\"og:locale\" content=\"it_IT\" \/>\n<meta property=\"og:type\" content=\"article\" \/>\n<meta property=\"og:title\" content=\"Wodify: recensione software gestionale palestra Accurate Reviews\" \/>\n<meta property=\"og:description\" content=\"Wodify: recensione del software che aiuta i proprietari di palestre a tenere sotto controllo la propria attivit\u00e0.\" \/>\n<meta property=\"og:url\" content=\"https:\/\/www.accuratereviews.com\/it\/software-fitness-lista\/wodify-recensione\/\" \/>\n<meta property=\"og:site_name\" content=\"Accurate Reviews\" \/>\n<meta property=\"article:modified_time\" content=\"2023-05-30T13:55:58+00:00\" \/>\n<meta property=\"og:image\" content=\"https:\/\/www.accuratereviews.com\/wp-content\/uploads\/2023\/05\/Wodify.png\" \/>\n\t<meta property=\"og:image:width\" content=\"2356\" \/>\n\t<meta property=\"og:image:height\" content=\"819\" \/>\n\t<meta property=\"og:image:type\" content=\"image\/png\" \/>\n<meta name=\"twitter:card\" content=\"summary_large_image\" \/>\n<meta name=\"twitter:label1\" content=\"Tempo di lettura stimato\" \/>\n\t<meta name=\"twitter:data1\" content=\"3 minuti\" \/>\n<script type=\"application\/ld+json\" class=\"yoast-schema-graph\">{\"@context\":\"https:\\\/\\\/schema.org\",\"@graph\":[{\"@type\":\"WebPage\",\"@id\":\"https:\\\/\\\/www.accuratereviews.com\\\/it\\\/software-fitness-lista\\\/wodify-recensione\\\/\",\"url\":\"https:\\\/\\\/www.accuratereviews.com\\\/it\\\/software-fitness-lista\\\/wodify-recensione\\\/\",\"name\":\"Wodify: recensione software gestionale palestra Accurate Reviews\",\"isPartOf\":{\"@id\":\"https:\\\/\\\/www.accuratereviews.com\\\/it\\\/#website\"},\"primaryImageOfPage\":{\"@id\":\"https:\\\/\\\/www.accuratereviews.com\\\/it\\\/software-fitness-lista\\\/wodify-recensione\\\/#primaryimage\"},\"image\":{\"@id\":\"https:\\\/\\\/www.accuratereviews.com\\\/it\\\/software-fitness-lista\\\/wodify-recensione\\\/#primaryimage\"},\"thumbnailUrl\":\"https:\\\/\\\/www.accuratereviews.com\\\/wp-content\\\/uploads\\\/2023\\\/05\\\/Wodify.png\",\"datePublished\":\"2023-05-30T13:54:20+00:00\",\"dateModified\":\"2023-05-30T13:55:58+00:00\",\"description\":\"Wodify: recensione del software che aiuta i proprietari di palestre a tenere sotto controllo la propria attivit\u00e0.\",\"breadcrumb\":{\"@id\":\"https:\\\/\\\/www.accuratereviews.com\\\/it\\\/software-fitness-lista\\\/wodify-recensione\\\/#breadcrumb\"},\"inLanguage\":\"it-IT\",\"potentialAction\":[{\"@type\":\"ReadAction\",\"target\":[\"https:\\\/\\\/www.accuratereviews.com\\\/it\\\/software-fitness-lista\\\/wodify-recensione\\\/\"]}]},{\"@type\":\"ImageObject\",\"inLanguage\":\"it-IT\",\"@id\":\"https:\\\/\\\/www.accuratereviews.com\\\/it\\\/software-fitness-lista\\\/wodify-recensione\\\/#primaryimage\",\"url\":\"https:\\\/\\\/www.accuratereviews.com\\\/wp-content\\\/uploads\\\/2023\\\/05\\\/Wodify.png\",\"contentUrl\":\"https:\\\/\\\/www.accuratereviews.com\\\/wp-content\\\/uploads\\\/2023\\\/05\\\/Wodify.png\",\"width\":2356,\"height\":819},{\"@type\":\"BreadcrumbList\",\"@id\":\"https:\\\/\\\/www.accuratereviews.com\\\/it\\\/software-fitness-lista\\\/wodify-recensione\\\/#breadcrumb\",\"itemListElement\":[{\"@type\":\"ListItem\",\"position\":1,\"name\":\"Home\",\"item\":\"https:\\\/\\\/www.accuratereviews.com\\\/it\\\/\"},{\"@type\":\"ListItem\",\"position\":2,\"name\":\"Software per fitness\",\"item\":\"https:\\\/\\\/www.accuratereviews.com\\\/it\\\/software-fitness-lista\\\/\"},{\"@type\":\"ListItem\",\"position\":3,\"name\":\"Wodify\"}]},{\"@type\":\"WebSite\",\"@id\":\"https:\\\/\\\/www.accuratereviews.com\\\/it\\\/#website\",\"url\":\"https:\\\/\\\/www.accuratereviews.com\\\/it\\\/\",\"name\":\"Accurate Reviews\",\"description\":\"\",\"potentialAction\":[{\"@type\":\"SearchAction\",\"target\":{\"@type\":\"EntryPoint\",\"urlTemplate\":\"https:\\\/\\\/www.accuratereviews.com\\\/it\\\/?s={search_term_string}\"},\"query-input\":{\"@type\":\"PropertyValueSpecification\",\"valueRequired\":true,\"valueName\":\"search_term_string\"}}],\"inLanguage\":\"it-IT\"}]}<\/script>\n<!-- \/ Yoast SEO plugin. -->","yoast_head_json":{"title":"Wodify: recensione software gestionale palestra Accurate Reviews","description":"Wodify: recensione del software che aiuta i proprietari di palestre a tenere sotto controllo la propria attivit\u00e0.","robots":{"index":"index","follow":"follow","max-snippet":"max-snippet:-1","max-image-preview":"max-image-preview:large","max-video-preview":"max-video-preview:-1"},"canonical":"https:\/\/www.accuratereviews.com\/it\/software-fitness-lista\/wodify-recensione\/","og_locale":"it_IT","og_type":"article","og_title":"Wodify: recensione software gestionale palestra Accurate Reviews","og_description":"Wodify: recensione del software che aiuta i proprietari di palestre a tenere sotto controllo la propria attivit\u00e0.","og_url":"https:\/\/www.accuratereviews.com\/it\/software-fitness-lista\/wodify-recensione\/","og_site_name":"Accurate Reviews","article_modified_time":"2023-05-30T13:55:58+00:00","og_image":[{"width":2356,"height":819,"url":"https:\/\/www.accuratereviews.com\/wp-content\/uploads\/2023\/05\/Wodify.png","type":"image\/png"}],"twitter_card":"summary_large_image","twitter_misc":{"Tempo di lettura stimato":"3 minuti"},"schema":{"@context":"https:\/\/schema.org","@graph":[{"@type":"WebPage","@id":"https:\/\/www.accuratereviews.com\/it\/software-fitness-lista\/wodify-recensione\/","url":"https:\/\/www.accuratereviews.com\/it\/software-fitness-lista\/wodify-recensione\/","name":"Wodify: recensione software gestionale palestra Accurate Reviews","isPartOf":{"@id":"https:\/\/www.accuratereviews.com\/it\/#website"},"primaryImageOfPage":{"@id":"https:\/\/www.accuratereviews.com\/it\/software-fitness-lista\/wodify-recensione\/#primaryimage"},"image":{"@id":"https:\/\/www.accuratereviews.com\/it\/software-fitness-lista\/wodify-recensione\/#primaryimage"},"thumbnailUrl":"https:\/\/www.accuratereviews.com\/wp-content\/uploads\/2023\/05\/Wodify.png","datePublished":"2023-05-30T13:54:20+00:00","dateModified":"2023-05-30T13:55:58+00:00","description":"Wodify: recensione del software che aiuta i proprietari di palestre a tenere sotto controllo la propria attivit\u00e0.","breadcrumb":{"@id":"https:\/\/www.accuratereviews.com\/it\/software-fitness-lista\/wodify-recensione\/#breadcrumb"},"inLanguage":"it-IT","potentialAction":[{"@type":"ReadAction","target":["https:\/\/www.accuratereviews.com\/it\/software-fitness-lista\/wodify-recensione\/"]}]},{"@type":"ImageObject","inLanguage":"it-IT","@id":"https:\/\/www.accuratereviews.com\/it\/software-fitness-lista\/wodify-recensione\/#primaryimage","url":"https:\/\/www.accuratereviews.com\/wp-content\/uploads\/2023\/05\/Wodify.png","contentUrl":"https:\/\/www.accuratereviews.com\/wp-content\/uploads\/2023\/05\/Wodify.png","width":2356,"height":819},{"@type":"BreadcrumbList","@id":"https:\/\/www.accuratereviews.com\/it\/software-fitness-lista\/wodify-recensione\/#breadcrumb","itemListElement":[{"@type":"ListItem","position":1,"name":"Home","item":"https:\/\/www.accuratereviews.com\/it\/"},{"@type":"ListItem","position":2,"name":"Software per fitness","item":"https:\/\/www.accuratereviews.com\/it\/software-fitness-lista\/"},{"@type":"ListItem","position":3,"name":"Wodify"}]},{"@type":"WebSite","@id":"https:\/\/www.accuratereviews.com\/it\/#website","url":"https:\/\/www.accuratereviews.com\/it\/","name":"Accurate Reviews","description":"","potentialAction":[{"@type":"SearchAction","target":{"@type":"EntryPoint","urlTemplate":"https:\/\/www.accuratereviews.com\/it\/?s={search_term_string}"},"query-input":{"@type":"PropertyValueSpecification","valueRequired":true,"valueName":"search_term_string"}}],"inLanguage":"it-IT"}]}},"_links":{"self":[{"href":"https:\/\/www.accuratereviews.com\/it\/wp-json\/wp\/v2\/pages\/69775","targetHints":{"allow":["GET"]}}],"collection":[{"href":"https:\/\/www.accuratereviews.com\/it\/wp-json\/wp\/v2\/pages"}],"about":[{"href":"https:\/\/www.accuratereviews.com\/it\/wp-json\/wp\/v2\/types\/page"}],"author":[{"embeddable":true,"href":"https:\/\/www.accuratereviews.com\/it\/wp-json\/wp\/v2\/users\/19"}],"replies":[{"embeddable":true,"href":"https:\/\/www.accuratereviews.com\/it\/wp-json\/wp\/v2\/comments?post=69775"}],"version-history":[{"count":11,"href":"https:\/\/www.accuratereviews.com\/it\/wp-json\/wp\/v2\/pages\/69775\/revisions"}],"predecessor-version":[{"id":69800,"href":"https:\/\/www.accuratereviews.com\/it\/wp-json\/wp\/v2\/pages\/69775\/revisions\/69800"}],"up":[{"embeddable":true,"href":"https:\/\/www.accuratereviews.com\/it\/wp-json\/wp\/v2\/pages\/25524"}],"wp:featuredmedia":[{"embeddable":true,"href":"https:\/\/www.accuratereviews.com\/it\/wp-json\/wp\/v2\/media\/69779"}],"wp:attachment":[{"href":"https:\/\/www.accuratereviews.com\/it\/wp-json\/wp\/v2\/media?parent=69775"}],"wp:term":[{"taxonomy":"category","embeddable":true,"href":"https:\/\/www.accuratereviews.com\/it\/wp-json\/wp\/v2\/categories?post=69775"},{"taxonomy":"post_tag","embeddable":true,"href":"https:\/\/www.accuratereviews.com\/it\/wp-json\/wp\/v2\/tags?post=69775"},{"taxonomy":"features","embeddable":true,"href":"https:\/\/www.accuratereviews.com\/it\/wp-json\/wp\/v2\/features?post=69775"}],"curies":[{"name":"wp","href":"https:\/\/api.w.org\/{rel}","templated":true}]}}