{"id":69962,"date":"2023-06-07T10:05:00","date_gmt":"2023-06-07T10:05:00","guid":{"rendered":"https:\/\/www.accuratereviews.com\/?page_id=69962"},"modified":"2023-06-08T08:12:42","modified_gmt":"2023-06-08T08:12:42","slug":"bewe-recensione","status":"publish","type":"page","link":"https:\/\/www.accuratereviews.com\/it\/software-fitness-lista\/bewe-recensione\/","title":{"rendered":"Bewe"},"content":{"rendered":"<p><strong>Bewe<\/strong> \u00e8 un <strong>software di gestione aziendale<\/strong> completo per imprenditori nei settori del benessere, della bellezza e della salute. Fornisce una serie di strumenti che aiutano le aziende a gestire e analizzare i dati. Con la soluzione, gli utenti hanno una visione chiara di ci\u00f2 che accade in studio per la gestione quotidiana. I clienti possono ricevere notifiche sugli aggiornamenti nelle notizie o sugli sconti per la tua azienda utilizzando strumenti di fidelizzazione e marketing integrati. Tutte le informazioni rilevanti su ciascun cliente sono centralizzate all&#8217;interno dei profili dei clienti.<br \/>\nIl programma registra anche tutte le informazioni sull&#8217;inventario, memorizzando informazioni sulle scorte, prezzi e costi. I manager possono anche automatizzare il calcolo degli stipendi e delle commissioni per ciascun dipendente utilizzando strumenti integrati per il libro paga. L&#8217;elaborazione dei pagamenti della soluzione si integra con pi\u00f9 piattaforme di pagamento come Stripe, BlueSnap e molte altre.<\/p>\n<h2>BEWE &#8211; TUTORIAL<\/h2>\n<div id=\"fluid-wrapper-counter-1\" class=\"g1-fluid-wrapper \" style=\"width:686px;\">\n<div style=\"padding-bottom:56.268221574344%;\"><iframe loading=\"lazy\" title=\"BEWE beauty and wellness software (Espa\u00f1a)\" width=\"686\" height=\"386\" src=\"https:\/\/www.youtube.com\/embed\/DnB5OpLGPpQ?feature=oembed&amp;wmode=transparent&amp;autohide=1&amp;autoplay=0&amp;disablekb=0&amp;fs=1&amp;loop=0&amp;enablejsapi=1&amp;rel=0&amp;controls=2&amp;showinfo=0&amp;wmode=transparent&amp;autohide=2&amp;autoplay=0&amp;disablekb=0&amp;fs=1&amp;loop=0&amp;enablejsapi=1&amp;rel=0&amp;controls=2&amp;showinfo=1\" frameborder=\"0\" allow=\"accelerometer; autoplay; clipboard-write; encrypted-media; gyroscope; picture-in-picture; web-share\" allowfullscreen><\/iframe><\/div>\n<\/div>\n<h3>BEWE &#8211; CARATTERISTICHE<\/h3>\n<ul>\n<li>Offri un nuovo canale di prenotazione esclusivo e promuovi i tuoi servizi.<\/li>\n<li>Segnala le ultime notizie dalla tua palestra ai tuoi studenti.<\/li>\n<li>Rafforza l&#8217;identit\u00e0 del tuo marchio e offri ai tuoi studenti un&#8217;esperienza professionale.<\/li>\n<li>Disponibile per dispositivi iOS o Android.<\/li>\n<li>Carica automaticamente la tua formazione e le tue lezioni.<\/li>\n<li>Offri una maggiore flessibilit\u00e0 di pagamento.<\/li>\n<li>Controlla e fai sapere ai tuoi clienti quante sessioni sono disponibili.<\/li>\n<li>Crea fiducia con i tuoi clienti perch\u00e9 i loro dati saranno sempre al sicuro.<\/li>\n<li>Genera report personalizzati in pochi minuti per confrontare e comprendere le prestazioni della tua palestra.<\/li>\n<li>Organizza, controlla e visualizza facilmente il carico operativo della tua attrezzatura e l&#8217;agenda della tua palestra. Identifica gli spazi liberi e ottimizza i tempi per aumentare le entrate.<\/li>\n<\/ul>\n<h4>LE RECENSIONI DEGLI UTENTI<\/h4>\n<p><strong>Alessio &#8220;Fantastico!&#8221;<\/strong><br \/>\n<strong>Commento<\/strong>: Va bene! Penso di poter ascoltare di pi\u00f9 i clienti per implementare tutte le opzioni in maniera automatica indicato per paesi esteri<br \/>\n<strong>Pro<\/strong>: programma semplice per il controllo dell&#8217;inventario del supporto finanziario virtuale riepilogo degli indicatori di marketing digitale<br \/>\n<strong>Contro<\/strong>: \u00c8 uno strumento multifunzionale ma il costo non \u00e8 cos\u00ec economico e penso che potrebbero sviluppare pi\u00f9 strumenti legati all&#8217;ecommerce<\/p>\n<p><strong>Jose &#8220;Impeccabile il miglior software che abbia mai avuto!&#8221;<\/strong><br \/>\n<strong>Commento<\/strong>: Molto soddisfatto del sistema, il mio piacere \u00e8 molto felice, non vedo l&#8217;ora di personalizzarlo il pi\u00f9 possibile<br \/>\n<strong>Pro<\/strong>: La facilit\u00e0 d&#8217;uso, l&#8217;intuitivit\u00e0 dell&#8217;app, la possibilit\u00e0 di registrazione online<br \/>\n<strong>Controllo<\/strong>: la differenza di ore per la consultazione e che la memoria non pu\u00f2 essere inviata da WhatsApp e non \u00e8 presente in iOS per questo costo<\/p>\n<p><strong>Natalia &#8220;La mia migliore arma di lavoro&#8221;<\/strong><br \/>\n<strong>Commento<\/strong>: Bene, la mia gestisce le obbligazioni \u00e8 ottima, ho molti problemi con i debiti. E che avvisi il cliente e poi tutto appaia nella cronologia \u00e8 fantastico<br \/>\n<strong>Pro<\/strong>: Quello che mi piace di pi\u00f9 \u00e8 la sua semplicit\u00e0 e il modo in cui si adatta alle esigenze del momento. Ottima anche la guida online, sono sempre disponibile ad aiutarti<br \/>\n<strong>Contro<\/strong>: Che quando ho iniziato quale anno non era velocissimo e negli aggiornamenti<\/p>\n","protected":false},"excerpt":{"rendered":"<p>Bewe \u00e8 un software di gestione aziendale completo per imprenditori nei settori del benessere, della bellezza e della salute. Fornisce una serie di strumenti che aiutano le aziende a gestire e analizzare i dati. Con la soluzione, gli utenti hanno una visione chiara di ci\u00f2 che accade in studio per la gestione quotidiana.<\/p>\n","protected":false},"author":19,"featured_media":69965,"parent":25524,"menu_order":0,"comment_status":"open","ping_status":"closed","template":"g1_template_page_review_new.php","meta":{"_acf_changed":false,"cwp_meta_box_check":"Yes","cwp_rev_product_name":"","cwp_rev_product_image":"","wppr_links":[],"cwp_rev_price":"0.00","wppr_options":[{"name":"Usability","value":"0"},{"name":"Speed","value":"0"},{"name":"Features","value":"0"},{"name":"Support","value":"0"},{"name":"Pricing","value":"0"}],"wppr_pros":["","","","",""],"wppr_cons":["","","","",""],"_monsterinsights_skip_tracking":false,"_monsterinsights_sitenote_active":false,"_monsterinsights_sitenote_note":"","_monsterinsights_sitenote_category":0,"footnotes":""},"categories":[2629],"tags":[14406,2630,14330,14344,14327,14331,14326],"features":[],"class_list":{"0":"post-69962","1":"page","2":"type-page","3":"status-publish","4":"has-post-thumbnail","6":"category-fitness-software","7":"tag-bewe","8":"tag-fitness-software","9":"tag-gestionale-palestre","10":"tag-piattaforma-gestionale-palestre","11":"tag-programma-gestionale-palestre","12":"tag-software-gestionale-palestre","13":"tag-soluzione-gestionale-palestre"},"wppr_data":{"cwp_meta_box_check":"Yes","_wppr_review_template":"default","cwp_rev_product_image":"","cwp_image_link":"image","wppr_links":[],"cwp_rev_price":"0.00","wppr_pros":["","","","",""],"wppr_cons":["","","","",""],"wppr_rating":"0.00","wppr_options":{"1":{"name":"Usability","value":"0"},"2":{"name":"Speed","value":"0"},"3":{"name":"Features","value":"0"},"4":{"name":"Support","value":"0"},"5":{"name":"Pricing","value":"0"}},"wppr_review_type":"Product","wppr_review_custom_fields":{"additionalProperty":"","additionalType":"","aggregateRating":"","alternateName":"","audience":"","award":"","awards":"","brand":"","color":"","depth":"","description":"","disambiguatingDescription":"","gtin12":"","gtin13":"","gtin14":"","gtin8":"","height":"","identifier":"","image":"","isAccessoryOrSparePartFor":"","isConsumableFor":"","isRelatedTo":"","isSimilarTo":"","itemCondition":"","logo":"","mainEntityOfPage":"","manufacturer":"","material":"","model":"","mpn":"","name":"","offers":"","potentialAction":"","productID":"","productionDate":"","purchaseDate":"","releaseDate":"","review":"","reviews":"","sameAs":"","sku":"","slogan":"","subjectOf":"","url":"","weight":"","width":""}},"acf":[],"yoast_head":"<!-- This site is optimized with the Yoast SEO plugin v27.4 - https:\/\/yoast.com\/product\/yoast-seo-wordpress\/ -->\n<title>Bewe: recensione software gestionale palestre - Accurate Reviews<\/title>\n<meta name=\"description\" content=\"Bewe: recensione software di gestione aziendale completo per imprenditori nei settori del benessere, della bellezza e della salute\" \/>\n<meta name=\"robots\" content=\"index, follow, max-snippet:-1, max-image-preview:large, max-video-preview:-1\" \/>\n<link rel=\"canonical\" href=\"https:\/\/www.accuratereviews.com\/it\/software-fitness-lista\/bewe-recensione\/\" \/>\n<meta property=\"og:locale\" content=\"it_IT\" \/>\n<meta property=\"og:type\" content=\"article\" \/>\n<meta property=\"og:title\" content=\"Bewe: recensione software gestionale palestre - Accurate Reviews\" \/>\n<meta property=\"og:description\" content=\"Bewe: recensione software di gestione aziendale completo per imprenditori nei settori del benessere, della bellezza e della salute\" \/>\n<meta property=\"og:url\" content=\"https:\/\/www.accuratereviews.com\/it\/software-fitness-lista\/bewe-recensione\/\" \/>\n<meta property=\"og:site_name\" content=\"Accurate Reviews\" \/>\n<meta property=\"article:modified_time\" content=\"2023-06-08T08:12:42+00:00\" \/>\n<meta property=\"og:image\" content=\"https:\/\/www.accuratereviews.com\/wp-content\/uploads\/2023\/06\/bewe.png\" \/>\n\t<meta property=\"og:image:width\" content=\"400\" \/>\n\t<meta property=\"og:image:height\" content=\"400\" \/>\n\t<meta property=\"og:image:type\" content=\"image\/png\" \/>\n<meta name=\"twitter:card\" content=\"summary_large_image\" \/>\n<meta name=\"twitter:label1\" content=\"Tempo di lettura stimato\" \/>\n\t<meta name=\"twitter:data1\" content=\"3 minuti\" \/>\n<script type=\"application\/ld+json\" class=\"yoast-schema-graph\">{\"@context\":\"https:\\\/\\\/schema.org\",\"@graph\":[{\"@type\":\"WebPage\",\"@id\":\"https:\\\/\\\/www.accuratereviews.com\\\/it\\\/software-fitness-lista\\\/bewe-recensione\\\/\",\"url\":\"https:\\\/\\\/www.accuratereviews.com\\\/it\\\/software-fitness-lista\\\/bewe-recensione\\\/\",\"name\":\"Bewe: recensione software gestionale palestre - Accurate Reviews\",\"isPartOf\":{\"@id\":\"https:\\\/\\\/www.accuratereviews.com\\\/it\\\/#website\"},\"primaryImageOfPage\":{\"@id\":\"https:\\\/\\\/www.accuratereviews.com\\\/it\\\/software-fitness-lista\\\/bewe-recensione\\\/#primaryimage\"},\"image\":{\"@id\":\"https:\\\/\\\/www.accuratereviews.com\\\/it\\\/software-fitness-lista\\\/bewe-recensione\\\/#primaryimage\"},\"thumbnailUrl\":\"https:\\\/\\\/www.accuratereviews.com\\\/wp-content\\\/uploads\\\/2023\\\/06\\\/bewe.png\",\"datePublished\":\"2023-06-07T10:05:00+00:00\",\"dateModified\":\"2023-06-08T08:12:42+00:00\",\"description\":\"Bewe: recensione software di gestione aziendale completo per imprenditori nei settori del benessere, della bellezza e della salute\",\"breadcrumb\":{\"@id\":\"https:\\\/\\\/www.accuratereviews.com\\\/it\\\/software-fitness-lista\\\/bewe-recensione\\\/#breadcrumb\"},\"inLanguage\":\"it-IT\",\"potentialAction\":[{\"@type\":\"ReadAction\",\"target\":[\"https:\\\/\\\/www.accuratereviews.com\\\/it\\\/software-fitness-lista\\\/bewe-recensione\\\/\"]}]},{\"@type\":\"ImageObject\",\"inLanguage\":\"it-IT\",\"@id\":\"https:\\\/\\\/www.accuratereviews.com\\\/it\\\/software-fitness-lista\\\/bewe-recensione\\\/#primaryimage\",\"url\":\"https:\\\/\\\/www.accuratereviews.com\\\/wp-content\\\/uploads\\\/2023\\\/06\\\/bewe.png\",\"contentUrl\":\"https:\\\/\\\/www.accuratereviews.com\\\/wp-content\\\/uploads\\\/2023\\\/06\\\/bewe.png\",\"width\":400,\"height\":400},{\"@type\":\"BreadcrumbList\",\"@id\":\"https:\\\/\\\/www.accuratereviews.com\\\/it\\\/software-fitness-lista\\\/bewe-recensione\\\/#breadcrumb\",\"itemListElement\":[{\"@type\":\"ListItem\",\"position\":1,\"name\":\"Home\",\"item\":\"https:\\\/\\\/www.accuratereviews.com\\\/it\\\/\"},{\"@type\":\"ListItem\",\"position\":2,\"name\":\"Software per fitness\",\"item\":\"https:\\\/\\\/www.accuratereviews.com\\\/it\\\/software-fitness-lista\\\/\"},{\"@type\":\"ListItem\",\"position\":3,\"name\":\"Bewe\"}]},{\"@type\":\"WebSite\",\"@id\":\"https:\\\/\\\/www.accuratereviews.com\\\/it\\\/#website\",\"url\":\"https:\\\/\\\/www.accuratereviews.com\\\/it\\\/\",\"name\":\"Accurate Reviews\",\"description\":\"\",\"potentialAction\":[{\"@type\":\"SearchAction\",\"target\":{\"@type\":\"EntryPoint\",\"urlTemplate\":\"https:\\\/\\\/www.accuratereviews.com\\\/it\\\/?s={search_term_string}\"},\"query-input\":{\"@type\":\"PropertyValueSpecification\",\"valueRequired\":true,\"valueName\":\"search_term_string\"}}],\"inLanguage\":\"it-IT\"}]}<\/script>\n<!-- \/ Yoast SEO plugin. -->","yoast_head_json":{"title":"Bewe: recensione software gestionale palestre - Accurate Reviews","description":"Bewe: recensione software di gestione aziendale completo per imprenditori nei settori del benessere, della bellezza e della salute","robots":{"index":"index","follow":"follow","max-snippet":"max-snippet:-1","max-image-preview":"max-image-preview:large","max-video-preview":"max-video-preview:-1"},"canonical":"https:\/\/www.accuratereviews.com\/it\/software-fitness-lista\/bewe-recensione\/","og_locale":"it_IT","og_type":"article","og_title":"Bewe: recensione software gestionale palestre - Accurate Reviews","og_description":"Bewe: recensione software di gestione aziendale completo per imprenditori nei settori del benessere, della bellezza e della salute","og_url":"https:\/\/www.accuratereviews.com\/it\/software-fitness-lista\/bewe-recensione\/","og_site_name":"Accurate Reviews","article_modified_time":"2023-06-08T08:12:42+00:00","og_image":[{"width":400,"height":400,"url":"https:\/\/www.accuratereviews.com\/wp-content\/uploads\/2023\/06\/bewe.png","type":"image\/png"}],"twitter_card":"summary_large_image","twitter_misc":{"Tempo di lettura stimato":"3 minuti"},"schema":{"@context":"https:\/\/schema.org","@graph":[{"@type":"WebPage","@id":"https:\/\/www.accuratereviews.com\/it\/software-fitness-lista\/bewe-recensione\/","url":"https:\/\/www.accuratereviews.com\/it\/software-fitness-lista\/bewe-recensione\/","name":"Bewe: recensione software gestionale palestre - Accurate Reviews","isPartOf":{"@id":"https:\/\/www.accuratereviews.com\/it\/#website"},"primaryImageOfPage":{"@id":"https:\/\/www.accuratereviews.com\/it\/software-fitness-lista\/bewe-recensione\/#primaryimage"},"image":{"@id":"https:\/\/www.accuratereviews.com\/it\/software-fitness-lista\/bewe-recensione\/#primaryimage"},"thumbnailUrl":"https:\/\/www.accuratereviews.com\/wp-content\/uploads\/2023\/06\/bewe.png","datePublished":"2023-06-07T10:05:00+00:00","dateModified":"2023-06-08T08:12:42+00:00","description":"Bewe: recensione software di gestione aziendale completo per imprenditori nei settori del benessere, della bellezza e della salute","breadcrumb":{"@id":"https:\/\/www.accuratereviews.com\/it\/software-fitness-lista\/bewe-recensione\/#breadcrumb"},"inLanguage":"it-IT","potentialAction":[{"@type":"ReadAction","target":["https:\/\/www.accuratereviews.com\/it\/software-fitness-lista\/bewe-recensione\/"]}]},{"@type":"ImageObject","inLanguage":"it-IT","@id":"https:\/\/www.accuratereviews.com\/it\/software-fitness-lista\/bewe-recensione\/#primaryimage","url":"https:\/\/www.accuratereviews.com\/wp-content\/uploads\/2023\/06\/bewe.png","contentUrl":"https:\/\/www.accuratereviews.com\/wp-content\/uploads\/2023\/06\/bewe.png","width":400,"height":400},{"@type":"BreadcrumbList","@id":"https:\/\/www.accuratereviews.com\/it\/software-fitness-lista\/bewe-recensione\/#breadcrumb","itemListElement":[{"@type":"ListItem","position":1,"name":"Home","item":"https:\/\/www.accuratereviews.com\/it\/"},{"@type":"ListItem","position":2,"name":"Software per fitness","item":"https:\/\/www.accuratereviews.com\/it\/software-fitness-lista\/"},{"@type":"ListItem","position":3,"name":"Bewe"}]},{"@type":"WebSite","@id":"https:\/\/www.accuratereviews.com\/it\/#website","url":"https:\/\/www.accuratereviews.com\/it\/","name":"Accurate Reviews","description":"","potentialAction":[{"@type":"SearchAction","target":{"@type":"EntryPoint","urlTemplate":"https:\/\/www.accuratereviews.com\/it\/?s={search_term_string}"},"query-input":{"@type":"PropertyValueSpecification","valueRequired":true,"valueName":"search_term_string"}}],"inLanguage":"it-IT"}]}},"_links":{"self":[{"href":"https:\/\/www.accuratereviews.com\/it\/wp-json\/wp\/v2\/pages\/69962","targetHints":{"allow":["GET"]}}],"collection":[{"href":"https:\/\/www.accuratereviews.com\/it\/wp-json\/wp\/v2\/pages"}],"about":[{"href":"https:\/\/www.accuratereviews.com\/it\/wp-json\/wp\/v2\/types\/page"}],"author":[{"embeddable":true,"href":"https:\/\/www.accuratereviews.com\/it\/wp-json\/wp\/v2\/users\/19"}],"replies":[{"embeddable":true,"href":"https:\/\/www.accuratereviews.com\/it\/wp-json\/wp\/v2\/comments?post=69962"}],"version-history":[{"count":10,"href":"https:\/\/www.accuratereviews.com\/it\/wp-json\/wp\/v2\/pages\/69962\/revisions"}],"predecessor-version":[{"id":69998,"href":"https:\/\/www.accuratereviews.com\/it\/wp-json\/wp\/v2\/pages\/69962\/revisions\/69998"}],"up":[{"embeddable":true,"href":"https:\/\/www.accuratereviews.com\/it\/wp-json\/wp\/v2\/pages\/25524"}],"wp:featuredmedia":[{"embeddable":true,"href":"https:\/\/www.accuratereviews.com\/it\/wp-json\/wp\/v2\/media\/69965"}],"wp:attachment":[{"href":"https:\/\/www.accuratereviews.com\/it\/wp-json\/wp\/v2\/media?parent=69962"}],"wp:term":[{"taxonomy":"category","embeddable":true,"href":"https:\/\/www.accuratereviews.com\/it\/wp-json\/wp\/v2\/categories?post=69962"},{"taxonomy":"post_tag","embeddable":true,"href":"https:\/\/www.accuratereviews.com\/it\/wp-json\/wp\/v2\/tags?post=69962"},{"taxonomy":"features","embeddable":true,"href":"https:\/\/www.accuratereviews.com\/it\/wp-json\/wp\/v2\/features?post=69962"}],"curies":[{"name":"wp","href":"https:\/\/api.w.org\/{rel}","templated":true}]}}