{"id":69987,"date":"2023-06-08T10:21:05","date_gmt":"2023-06-08T10:21:05","guid":{"rendered":"https:\/\/www.accuratereviews.com\/?page_id=69987"},"modified":"2023-06-08T10:21:05","modified_gmt":"2023-06-08T10:21:05","slug":"clubright-recensione","status":"publish","type":"page","link":"https:\/\/www.accuratereviews.com\/it\/software-fitness-lista\/clubright-recensione\/","title":{"rendered":"ClubRight"},"content":{"rendered":"<p><strong>ClubRight<\/strong> \u00e8 un <strong>software di abbonamenti a palestre<\/strong> basato su <strong>cloud<\/strong> progettato per palestre, club, studi di danza e fitness e centri di arti marziali. La piattaforma offre gestione dei membri, fatturazione e pagamenti, portali self-service, monitoraggio dei progressi, pianificazione delle lezioni e reportistica. Il portale di marketing online consente agli utenti di gestire le campagne di marketing. Istruttori e membri possono utilizzare la funzione di calendario online per programmare i corsi. Le dashboard mostrano programmi giornalieri, nonch\u00e9 notifiche e promemoria. I membri possono accedere a un portale self-service per tenere traccia dei progressi della formazione, visualizzare e programmare i corsi, comunicare con gli istruttori, effettuare pagamenti e generare report. Con <strong>ClubRight<\/strong>, gli istruttori possono prenotare stanze e slot. Gli strumenti di progettazione permettono agli utenti di aggiungere il marchio a schermate di benvenuto, moduli di iscrizione, ricevute di pagamento e fatture.<\/p>\n<h2>CLUBRIGHT &#8211; TUTORIAL<\/h2>\n<div id=\"fluid-wrapper-counter-1\" class=\"g1-fluid-wrapper \" style=\"width:686px;\">\n<div style=\"padding-bottom:56.268221574344%;\"><iframe loading=\"lazy\" title=\"Who Are We? | ClubRight Gym Management Software\" width=\"686\" height=\"386\" src=\"https:\/\/www.youtube.com\/embed\/Zz03rk5C38c?feature=oembed&amp;wmode=transparent&amp;autohide=1&amp;autoplay=0&amp;disablekb=0&amp;fs=1&amp;loop=0&amp;enablejsapi=1&amp;rel=0&amp;controls=2&amp;showinfo=0&amp;wmode=transparent&amp;autohide=2&amp;autoplay=0&amp;disablekb=0&amp;fs=1&amp;loop=0&amp;enablejsapi=1&amp;rel=0&amp;controls=2&amp;showinfo=1\" frameborder=\"0\" allow=\"accelerometer; autoplay; clipboard-write; encrypted-media; gyroscope; picture-in-picture; web-share\" allowfullscreen><\/iframe><\/div>\n<\/div>\n<h3>CLUBRIGHT &#8211; CARATTERISTICHE<\/h3>\n<ul>\n<li><strong>Facilit\u00e0 d&#8217;uso<\/strong>: con l&#8217;aiuto del servizio clienti e la guida per trasferire i dati attuali, utilizzare il software per l&#8217;iscrizione al club non \u00e8 mai stato cos\u00ec facile. La configurazione \u00e8 semplice e veloce e la piattaforma stessa \u00e8 semplice da usare ed efficiente.<\/li>\n<li><strong>Gestione degli abbonamenti semplificata<\/strong>: con il software per club, puoi godere dei vantaggi di una maggiore automazione in quanto gestisce le tue iscrizioni per te. Risparmia tempo, denaro e concentrati su ci\u00f2 che \u00e8 veramente importante: far crescere la tua attivit\u00e0.<\/li>\n<li><strong>Coinvolgimento e conservazione<\/strong>: con l&#8217;aiuto degli strumenti di comunicazione e monitoraggio, scoprirai che fornire un servizio clienti di prima classe \u00e8 pi\u00f9 facile che mai, portando in ultima analisi a un migliore coinvolgimento e a un aumento della fidelizzazione dei clienti.<\/li>\n<li><strong>Fatturazione<\/strong>: con la fatturazione, il monitoraggio delle vendite e il reporting tutto all&#8217;interno del software, puoi essere certo che gli abbonamenti vengono pagati e il tuo conto bancario rimane sano come dovrebbe essere.<\/li>\n<li><strong>Mantieni le relazioni con i clienti<\/strong>: fornisci un servizio eccezionale con gli strumenti di comunicazione e monitoraggio dei progressi<\/li>\n<li><strong>Libert\u00e0<\/strong>: la soluzione basata su cloud ti offre la flessibilit\u00e0 di fare affari ovunque ti trovi<\/li>\n<li><strong>Non perdere mai un pagamento<\/strong>: le funzionalit\u00e0 di pagamento integrate semplificano le cose per te e per i tuoi membri<\/li>\n<\/ul>\n<h4>LE RECENSIONI DEGLI UTENTI<\/h4>\n<p><strong>Sunita&#8221;Strumento di appartenenza&#8221;<\/strong><br \/>\n<strong>Commenti<\/strong>: Molto bene, il team \u00e8 molto utile<br \/>\n<strong>Pro<\/strong>: Ottimo team di onboarding e supporto dell&#8217;help desk. Molto reattivo<br \/>\n<strong>Contro<\/strong>: Pu\u00f2 essere fonte di confusione la creazione di piani di abbonamento \/ pagamento a consumo se attivit\u00e0 di fitness non standard<\/p>\n<p><strong>Andrew&#8221;Ottimo software da un&#8217;azienda brillante&#8221;<\/strong><br \/>\n<strong>Commenti<\/strong>: Ottimo servizio affidabile. Da persone a cui importa!<br \/>\n<strong>Pro<\/strong>: Facilit\u00e0 d&#8217;uso e l&#8217;assistenza clienti \u00e8 sempre disponibile quando ne abbiamo bisogno.<br \/>\n<strong>Contro<\/strong>: Nuove funzionalit\u00e0 vengono costantemente implementate.<\/p>\n<p><strong>Darren&#8221;Mi ha aiutato molto ad aprire e avviare la mia attivit\u00e0&#8221;<\/strong><br \/>\n<strong>Commenti<\/strong>: Ottimo dall&#8217;inizio alla fine.<br \/>\n<strong>Pro<\/strong>: Facilit\u00e0 d&#8217;uso. E aiuto rapido e risposta se necessario<br \/>\n<strong>Contro<\/strong>: Nessun problema! Completa facilit\u00e0 d&#8217;uso<\/p>\n","protected":false},"excerpt":{"rendered":"<p>ClubRight \u00e8 un software di abbonamenti a palestre basato su cloud progettato per palestre, club, studi di danza e fitness e centri di arti marziali. La piattaforma offre gestione dei membri, fatturazione e pagamenti, portali self-service, monitoraggio dei progressi, pianificazione delle lezioni e reportistica.<\/p>\n","protected":false},"author":19,"featured_media":69988,"parent":25524,"menu_order":0,"comment_status":"open","ping_status":"closed","template":"g1_template_page_review_new.php","meta":{"_acf_changed":false,"cwp_meta_box_check":"Yes","cwp_rev_product_name":"","cwp_rev_product_image":"","wppr_links":[],"cwp_rev_price":"0.00","wppr_options":[{"name":"Usability","value":"0"},{"name":"Speed","value":"0"},{"name":"Features","value":"0"},{"name":"Support","value":"0"},{"name":"Pricing","value":"0"}],"wppr_pros":["","","","",""],"wppr_cons":["","","","",""],"_monsterinsights_skip_tracking":false,"_monsterinsights_sitenote_active":false,"_monsterinsights_sitenote_note":"","_monsterinsights_sitenote_category":0,"footnotes":""},"categories":[2629],"tags":[14412,2630,14330,14344,14327,14331,14326],"features":[],"class_list":{"0":"post-69987","1":"page","2":"type-page","3":"status-publish","4":"has-post-thumbnail","6":"category-fitness-software","7":"tag-clubright","8":"tag-fitness-software","9":"tag-gestionale-palestre","10":"tag-piattaforma-gestionale-palestre","11":"tag-programma-gestionale-palestre","12":"tag-software-gestionale-palestre","13":"tag-soluzione-gestionale-palestre"},"wppr_data":{"cwp_meta_box_check":"Yes","_wppr_review_template":"default","cwp_rev_product_image":"","cwp_image_link":"image","wppr_links":[],"cwp_rev_price":"0.00","wppr_pros":["","","","",""],"wppr_cons":["","","","",""],"wppr_rating":"0.00","wppr_options":{"1":{"name":"Usability","value":"0"},"2":{"name":"Speed","value":"0"},"3":{"name":"Features","value":"0"},"4":{"name":"Support","value":"0"},"5":{"name":"Pricing","value":"0"}},"wppr_review_type":"Product","wppr_review_custom_fields":{"additionalProperty":"","additionalType":"","aggregateRating":"","alternateName":"","audience":"","award":"","awards":"","brand":"","color":"","depth":"","description":"","disambiguatingDescription":"","gtin12":"","gtin13":"","gtin14":"","gtin8":"","height":"","identifier":"","image":"","isAccessoryOrSparePartFor":"","isConsumableFor":"","isRelatedTo":"","isSimilarTo":"","itemCondition":"","logo":"","mainEntityOfPage":"","manufacturer":"","material":"","model":"","mpn":"","name":"","offers":"","potentialAction":"","productID":"","productionDate":"","purchaseDate":"","releaseDate":"","review":"","reviews":"","sameAs":"","sku":"","slogan":"","subjectOf":"","url":"","weight":"","width":""}},"acf":[],"yoast_head":"<!-- This site is optimized with the Yoast SEO plugin v27.4 - https:\/\/yoast.com\/product\/yoast-seo-wordpress\/ -->\n<title>ClubRight: recensione gestionale palestre - Accurate Reviews<\/title>\n<meta name=\"description\" content=\"ClubRight: recensione software di abbonamenti a palestre basato su cloud progettato per palestre, studi di danza e centri di arti marziali\" \/>\n<meta name=\"robots\" content=\"index, follow, max-snippet:-1, max-image-preview:large, max-video-preview:-1\" \/>\n<link rel=\"canonical\" href=\"https:\/\/www.accuratereviews.com\/it\/software-fitness-lista\/clubright-recensione\/\" \/>\n<meta property=\"og:locale\" content=\"it_IT\" \/>\n<meta property=\"og:type\" content=\"article\" \/>\n<meta property=\"og:title\" content=\"ClubRight: recensione gestionale palestre - Accurate Reviews\" \/>\n<meta property=\"og:description\" content=\"ClubRight: recensione software di abbonamenti a palestre basato su cloud progettato per palestre, studi di danza e centri di arti marziali\" \/>\n<meta property=\"og:url\" content=\"https:\/\/www.accuratereviews.com\/it\/software-fitness-lista\/clubright-recensione\/\" \/>\n<meta property=\"og:site_name\" content=\"Accurate Reviews\" \/>\n<meta property=\"og:image\" content=\"https:\/\/www.accuratereviews.com\/wp-content\/uploads\/2023\/06\/clubright.jpg\" \/>\n\t<meta property=\"og:image:width\" content=\"600\" \/>\n\t<meta property=\"og:image:height\" content=\"315\" \/>\n\t<meta property=\"og:image:type\" content=\"image\/jpeg\" \/>\n<meta name=\"twitter:card\" content=\"summary_large_image\" \/>\n<meta name=\"twitter:label1\" content=\"Tempo di lettura stimato\" \/>\n\t<meta name=\"twitter:data1\" content=\"3 minuti\" \/>\n<script type=\"application\/ld+json\" class=\"yoast-schema-graph\">{\"@context\":\"https:\\\/\\\/schema.org\",\"@graph\":[{\"@type\":\"WebPage\",\"@id\":\"https:\\\/\\\/www.accuratereviews.com\\\/it\\\/software-fitness-lista\\\/clubright-recensione\\\/\",\"url\":\"https:\\\/\\\/www.accuratereviews.com\\\/it\\\/software-fitness-lista\\\/clubright-recensione\\\/\",\"name\":\"ClubRight: recensione gestionale palestre - Accurate Reviews\",\"isPartOf\":{\"@id\":\"https:\\\/\\\/www.accuratereviews.com\\\/it\\\/#website\"},\"primaryImageOfPage\":{\"@id\":\"https:\\\/\\\/www.accuratereviews.com\\\/it\\\/software-fitness-lista\\\/clubright-recensione\\\/#primaryimage\"},\"image\":{\"@id\":\"https:\\\/\\\/www.accuratereviews.com\\\/it\\\/software-fitness-lista\\\/clubright-recensione\\\/#primaryimage\"},\"thumbnailUrl\":\"https:\\\/\\\/www.accuratereviews.com\\\/wp-content\\\/uploads\\\/2023\\\/06\\\/clubright.jpg\",\"datePublished\":\"2023-06-08T10:21:05+00:00\",\"description\":\"ClubRight: recensione software di abbonamenti a palestre basato su cloud progettato per palestre, studi di danza e centri di arti marziali\",\"breadcrumb\":{\"@id\":\"https:\\\/\\\/www.accuratereviews.com\\\/it\\\/software-fitness-lista\\\/clubright-recensione\\\/#breadcrumb\"},\"inLanguage\":\"it-IT\",\"potentialAction\":[{\"@type\":\"ReadAction\",\"target\":[\"https:\\\/\\\/www.accuratereviews.com\\\/it\\\/software-fitness-lista\\\/clubright-recensione\\\/\"]}]},{\"@type\":\"ImageObject\",\"inLanguage\":\"it-IT\",\"@id\":\"https:\\\/\\\/www.accuratereviews.com\\\/it\\\/software-fitness-lista\\\/clubright-recensione\\\/#primaryimage\",\"url\":\"https:\\\/\\\/www.accuratereviews.com\\\/wp-content\\\/uploads\\\/2023\\\/06\\\/clubright.jpg\",\"contentUrl\":\"https:\\\/\\\/www.accuratereviews.com\\\/wp-content\\\/uploads\\\/2023\\\/06\\\/clubright.jpg\",\"width\":600,\"height\":315},{\"@type\":\"BreadcrumbList\",\"@id\":\"https:\\\/\\\/www.accuratereviews.com\\\/it\\\/software-fitness-lista\\\/clubright-recensione\\\/#breadcrumb\",\"itemListElement\":[{\"@type\":\"ListItem\",\"position\":1,\"name\":\"Home\",\"item\":\"https:\\\/\\\/www.accuratereviews.com\\\/it\\\/\"},{\"@type\":\"ListItem\",\"position\":2,\"name\":\"Software per fitness\",\"item\":\"https:\\\/\\\/www.accuratereviews.com\\\/it\\\/software-fitness-lista\\\/\"},{\"@type\":\"ListItem\",\"position\":3,\"name\":\"ClubRight\"}]},{\"@type\":\"WebSite\",\"@id\":\"https:\\\/\\\/www.accuratereviews.com\\\/it\\\/#website\",\"url\":\"https:\\\/\\\/www.accuratereviews.com\\\/it\\\/\",\"name\":\"Accurate Reviews\",\"description\":\"\",\"potentialAction\":[{\"@type\":\"SearchAction\",\"target\":{\"@type\":\"EntryPoint\",\"urlTemplate\":\"https:\\\/\\\/www.accuratereviews.com\\\/it\\\/?s={search_term_string}\"},\"query-input\":{\"@type\":\"PropertyValueSpecification\",\"valueRequired\":true,\"valueName\":\"search_term_string\"}}],\"inLanguage\":\"it-IT\"}]}<\/script>\n<!-- \/ Yoast SEO plugin. -->","yoast_head_json":{"title":"ClubRight: recensione gestionale palestre - Accurate Reviews","description":"ClubRight: recensione software di abbonamenti a palestre basato su cloud progettato per palestre, studi di danza e centri di arti marziali","robots":{"index":"index","follow":"follow","max-snippet":"max-snippet:-1","max-image-preview":"max-image-preview:large","max-video-preview":"max-video-preview:-1"},"canonical":"https:\/\/www.accuratereviews.com\/it\/software-fitness-lista\/clubright-recensione\/","og_locale":"it_IT","og_type":"article","og_title":"ClubRight: recensione gestionale palestre - Accurate Reviews","og_description":"ClubRight: recensione software di abbonamenti a palestre basato su cloud progettato per palestre, studi di danza e centri di arti marziali","og_url":"https:\/\/www.accuratereviews.com\/it\/software-fitness-lista\/clubright-recensione\/","og_site_name":"Accurate Reviews","og_image":[{"width":600,"height":315,"url":"https:\/\/www.accuratereviews.com\/wp-content\/uploads\/2023\/06\/clubright.jpg","type":"image\/jpeg"}],"twitter_card":"summary_large_image","twitter_misc":{"Tempo di lettura stimato":"3 minuti"},"schema":{"@context":"https:\/\/schema.org","@graph":[{"@type":"WebPage","@id":"https:\/\/www.accuratereviews.com\/it\/software-fitness-lista\/clubright-recensione\/","url":"https:\/\/www.accuratereviews.com\/it\/software-fitness-lista\/clubright-recensione\/","name":"ClubRight: recensione gestionale palestre - Accurate Reviews","isPartOf":{"@id":"https:\/\/www.accuratereviews.com\/it\/#website"},"primaryImageOfPage":{"@id":"https:\/\/www.accuratereviews.com\/it\/software-fitness-lista\/clubright-recensione\/#primaryimage"},"image":{"@id":"https:\/\/www.accuratereviews.com\/it\/software-fitness-lista\/clubright-recensione\/#primaryimage"},"thumbnailUrl":"https:\/\/www.accuratereviews.com\/wp-content\/uploads\/2023\/06\/clubright.jpg","datePublished":"2023-06-08T10:21:05+00:00","description":"ClubRight: recensione software di abbonamenti a palestre basato su cloud progettato per palestre, studi di danza e centri di arti marziali","breadcrumb":{"@id":"https:\/\/www.accuratereviews.com\/it\/software-fitness-lista\/clubright-recensione\/#breadcrumb"},"inLanguage":"it-IT","potentialAction":[{"@type":"ReadAction","target":["https:\/\/www.accuratereviews.com\/it\/software-fitness-lista\/clubright-recensione\/"]}]},{"@type":"ImageObject","inLanguage":"it-IT","@id":"https:\/\/www.accuratereviews.com\/it\/software-fitness-lista\/clubright-recensione\/#primaryimage","url":"https:\/\/www.accuratereviews.com\/wp-content\/uploads\/2023\/06\/clubright.jpg","contentUrl":"https:\/\/www.accuratereviews.com\/wp-content\/uploads\/2023\/06\/clubright.jpg","width":600,"height":315},{"@type":"BreadcrumbList","@id":"https:\/\/www.accuratereviews.com\/it\/software-fitness-lista\/clubright-recensione\/#breadcrumb","itemListElement":[{"@type":"ListItem","position":1,"name":"Home","item":"https:\/\/www.accuratereviews.com\/it\/"},{"@type":"ListItem","position":2,"name":"Software per fitness","item":"https:\/\/www.accuratereviews.com\/it\/software-fitness-lista\/"},{"@type":"ListItem","position":3,"name":"ClubRight"}]},{"@type":"WebSite","@id":"https:\/\/www.accuratereviews.com\/it\/#website","url":"https:\/\/www.accuratereviews.com\/it\/","name":"Accurate Reviews","description":"","potentialAction":[{"@type":"SearchAction","target":{"@type":"EntryPoint","urlTemplate":"https:\/\/www.accuratereviews.com\/it\/?s={search_term_string}"},"query-input":{"@type":"PropertyValueSpecification","valueRequired":true,"valueName":"search_term_string"}}],"inLanguage":"it-IT"}]}},"_links":{"self":[{"href":"https:\/\/www.accuratereviews.com\/it\/wp-json\/wp\/v2\/pages\/69987","targetHints":{"allow":["GET"]}}],"collection":[{"href":"https:\/\/www.accuratereviews.com\/it\/wp-json\/wp\/v2\/pages"}],"about":[{"href":"https:\/\/www.accuratereviews.com\/it\/wp-json\/wp\/v2\/types\/page"}],"author":[{"embeddable":true,"href":"https:\/\/www.accuratereviews.com\/it\/wp-json\/wp\/v2\/users\/19"}],"replies":[{"embeddable":true,"href":"https:\/\/www.accuratereviews.com\/it\/wp-json\/wp\/v2\/comments?post=69987"}],"version-history":[{"count":11,"href":"https:\/\/www.accuratereviews.com\/it\/wp-json\/wp\/v2\/pages\/69987\/revisions"}],"predecessor-version":[{"id":70004,"href":"https:\/\/www.accuratereviews.com\/it\/wp-json\/wp\/v2\/pages\/69987\/revisions\/70004"}],"up":[{"embeddable":true,"href":"https:\/\/www.accuratereviews.com\/it\/wp-json\/wp\/v2\/pages\/25524"}],"wp:featuredmedia":[{"embeddable":true,"href":"https:\/\/www.accuratereviews.com\/it\/wp-json\/wp\/v2\/media\/69988"}],"wp:attachment":[{"href":"https:\/\/www.accuratereviews.com\/it\/wp-json\/wp\/v2\/media?parent=69987"}],"wp:term":[{"taxonomy":"category","embeddable":true,"href":"https:\/\/www.accuratereviews.com\/it\/wp-json\/wp\/v2\/categories?post=69987"},{"taxonomy":"post_tag","embeddable":true,"href":"https:\/\/www.accuratereviews.com\/it\/wp-json\/wp\/v2\/tags?post=69987"},{"taxonomy":"features","embeddable":true,"href":"https:\/\/www.accuratereviews.com\/it\/wp-json\/wp\/v2\/features?post=69987"}],"curies":[{"name":"wp","href":"https:\/\/api.w.org\/{rel}","templated":true}]}}