{"id":70022,"date":"2023-06-12T10:55:51","date_gmt":"2023-06-12T10:55:51","guid":{"rendered":"https:\/\/www.accuratereviews.com\/?page_id=70022"},"modified":"2023-06-13T10:27:09","modified_gmt":"2023-06-13T10:27:09","slug":"kicksite-recensione","status":"publish","type":"page","link":"https:\/\/www.accuratereviews.com\/it\/software-fitness-lista\/kicksite-recensione\/","title":{"rendered":"Kicksite"},"content":{"rendered":"<p><strong>Kicksite<\/strong> \u00e8 un <strong>software gestionale<\/strong> progettato per aiutare i proprietari di aziende a semplificare i flussi di lavoro di gestione e coinvolgere i propri membri e studenti. Gli utenti possono gestire la propria attivit\u00e0 con il monitoraggio delle presenze, la raccolta delle lezioni, una libreria multimediale, la gestione delle comunicazion e dei lead, la promozione del grado.<br \/>\n<strong>Kicksite<\/strong> inoltre, offre anche un portale per i membri e un&#8217;app web mobile in cui studenti e membri possono visualizzare le loro presenze e risultati, visualizzare la libreria multimediale, gestire i metodi di pagamento e registrarsi e pagare per gli eventi. Con gli strumenti di marketing, gli utenti possono creare campagne di lead con moduli di invio personalizzati, pagine di conferma ed email di follow-up per acquisire e coltivare nuovi lead direttamente dal sito web della loro scuola. Con la funzionalit\u00e0 di raccolta delle tasse scolastiche gli utenti possono registrare pagamenti interni, impostare fatture ricorrenti e tenere traccia degli articoli di inventario.<\/p>\n<h2>KICKSITE &#8211; TUTORIAL<\/h2>\n<div id=\"fluid-wrapper-counter-1\" class=\"g1-fluid-wrapper \" style=\"width:686px;\">\n<div style=\"padding-bottom:56.268221574344%;\"><iframe loading=\"lazy\" title=\"Do mass check-ins for your class in less than 30 seconds!\" width=\"686\" height=\"386\" src=\"https:\/\/www.youtube.com\/embed\/PaLg-fb6B-I?feature=oembed&amp;wmode=transparent&amp;autohide=1&amp;autoplay=0&amp;disablekb=0&amp;fs=1&amp;loop=0&amp;enablejsapi=1&amp;rel=0&amp;controls=2&amp;showinfo=0&amp;wmode=transparent&amp;autohide=2&amp;autoplay=0&amp;disablekb=0&amp;fs=1&amp;loop=0&amp;enablejsapi=1&amp;rel=0&amp;controls=2&amp;showinfo=1\" frameborder=\"0\" allow=\"accelerometer; autoplay; clipboard-write; encrypted-media; gyroscope; picture-in-picture; web-share\" allowfullscreen><\/iframe><\/div>\n<\/div>\n<h3>KICKSITE &#8211; CARATTERISTICHE<\/h3>\n<ul>\n<li><strong>Esperienza dei membri<\/strong>: offri ai tuoi studenti la migliore esperienza con il portale per i membri e l&#8217;app web mobile. Aumenta il coinvolgimento degli studenti con una libreria multimediale, risultati e premi, la possibilit\u00e0 di registrarsi e pagare per eventi e altro ancora.<\/li>\n<li><strong>Pagamenti<\/strong>: l&#8217;elaborazione integrata dei pagamenti ti assicurer\u00e0 di essere pagato ogni volta depositando automaticamente i tuoi fondi entro 24 ore. Imposta abbonamenti ricorrenti a colpo d&#8217;occhio e ricevi un avviso quando un pagamento viene rifiutato.<\/li>\n<li><strong>Comunicare\/Connettersi<\/strong>: rimani in contatto con i tuoi membri con le comunicazioni automatizzate e avvisa facilmente i lead e i membri di eventuali modifiche all&#8217;orario dell&#8217;ultimo minuto. SMS unidirezionali illimitati gratuiti.<\/li>\n<li><strong>Organizza e gestisci<\/strong>: tutto ci\u00f2 di cui hai bisogno per gestire con successo la tua attivit\u00e0 senza il mal di testa del lavoro amministrativo manuale. Non lasciare mai che qualcuno o qualcosa cada nel dimenticatoio con il software di gestione dei membri.<\/li>\n<li><strong>Crescita<\/strong>: aumenta il traffico verso il tuo sito web, converti pi\u00f9 drop-in e fai crescere la tua attivit\u00e0 con i collaudati strumenti di lead generation. Semplifica la promozione della tua attivit\u00e0 con pagine di destinazione personalizzate e moduli per l&#8217;acquisizione di lead che possono essere incorporati nel tuo sito web, essere condivisi tramite codice QR e altro ancora.<\/li>\n<li><strong>Strumenti per arti marziali personalizzati<\/strong>: strumenti realizzati appositamente per la disciplina delle artisti marziali per tracciare e promuovere in modo efficace i progressi e le promozioni del grado di cintura. Visualizza rapidamente tutti gli studenti idonei per il test e invitali a un prossimo evento.<\/li>\n<\/ul>\n<h4>LE RECENSIONI DEGLI UTENTI<\/h4>\n<p><strong>juliana &#8220;Grande supporto&#8221;<\/strong><br \/>\n<strong>Commenti<\/strong>: Il team di supporto \u00e8 fantastico, molto paziente e molto disponibile<br \/>\n<strong>Pro<\/strong>: Team di installazione e supporto. Incredibili, tutti loro<br \/>\n<strong>Contro<\/strong>: Che le famiglie non si mostrino come famiglie quando si tratta di risparmiare sui pagamenti e simili.<\/p>\n<p><strong>Joey &#8220;Kicksite per la tua accademia&#8221;<\/strong><br \/>\n<strong>Commenti<\/strong>: Kicksite \u00e8 stato molto utile per creare la scuola. Gli studenti adorano avere un numero di accesso. Ha reso l&#8217;adesione alla nostra scuola un&#8217;esperienza piacevole per tutti.<br \/>\n<strong>Pro<\/strong>: Kicksite ha un&#8217;interfaccia utente molto intuitiva.<br \/>\n<strong>Contro<\/strong>: Alcuni flussi di lavoro sono collegati ma non va bene. Ad esempio, dover cambiare la posizione degli schermi in Kicksite tra caveau e fatturazione ricorrente. Non essere in grado di aggiungere un caveau a un potenziale cliente pu\u00f2 rovinare le tue statistiche perch\u00e9 a volte le persone di prova acquistano una lezione ma non rimangono. Sono stati convertiti in uno studente per inserire la loro carta. Ma se non restano, sembra che tu abbia perso uno studente.<\/p>\n<p><strong>Luke &#8220;Kicksite in Australia&#8221;<\/strong><br \/>\n<strong>Commenti<\/strong>: Nel complesso \u00e8 stato un prodotto fantastico<br \/>\n<strong>Pro<\/strong>: Tutto \u00e8 stato fantastico tranne per i problemi di pagamento che abbiamo avuto, apparentemente perch\u00e9 vivevamo in Australia<br \/>\n<strong>Contro<\/strong>: Problemi di pagamento, ai clienti vengono addebitate commissioni mentre l&#8217;iscrizione \u00e8 congelata ecc. E l&#8217;unica ragione che mi \u00e8 stata data. Era perch\u00e9 vivevamo in Australia.<\/p>\n","protected":false},"excerpt":{"rendered":"<p>Kicksite \u00e8 un software gestionale progettato per aiutare i proprietari di aziende a semplificare i flussi di lavoro di gestione e coinvolgere i propri membri e studenti. Gli utenti possono gestire la propria attivit\u00e0 con il monitoraggio delle presenze, la raccolta delle lezioni, una libreria multimediale, la gestione delle comunicazion e dei lead, la promozione del grado.<\/p>\n","protected":false},"author":19,"featured_media":70024,"parent":25524,"menu_order":0,"comment_status":"open","ping_status":"closed","template":"g1_template_page_review_new.php","meta":{"_acf_changed":false,"cwp_meta_box_check":"Yes","cwp_rev_product_name":"","cwp_rev_product_image":"","wppr_links":[],"cwp_rev_price":"0.00","wppr_options":[{"name":"Usability","value":"0"},{"name":"Speed","value":"0"},{"name":"Features","value":"0"},{"name":"Support","value":"0"},{"name":"Pricing","value":"0"}],"wppr_pros":["","","","",""],"wppr_cons":["","","","",""],"_monsterinsights_skip_tracking":false,"_monsterinsights_sitenote_active":false,"_monsterinsights_sitenote_note":"","_monsterinsights_sitenote_category":0,"footnotes":""},"categories":[2629],"tags":[2630,14330,14417,14418,14327,14331,14326],"features":[],"class_list":{"0":"post-70022","1":"page","2":"type-page","3":"status-publish","4":"has-post-thumbnail","6":"category-fitness-software","7":"tag-fitness-software","8":"tag-gestionale-palestre","9":"tag-kicksite","10":"tag-piattaforma-gestionali-palestre","11":"tag-programma-gestionale-palestre","12":"tag-software-gestionale-palestre","13":"tag-soluzione-gestionale-palestre"},"wppr_data":{"cwp_meta_box_check":"Yes","_wppr_review_template":"default","cwp_rev_product_image":"","cwp_image_link":"image","wppr_links":[],"cwp_rev_price":"0.00","wppr_pros":["","","","",""],"wppr_cons":["","","","",""],"wppr_rating":"0.00","wppr_options":{"1":{"name":"Usability","value":"0"},"2":{"name":"Speed","value":"0"},"3":{"name":"Features","value":"0"},"4":{"name":"Support","value":"0"},"5":{"name":"Pricing","value":"0"}},"wppr_review_type":"Product","wppr_review_custom_fields":{"additionalProperty":"","additionalType":"","aggregateRating":"","alternateName":"","audience":"","award":"","awards":"","brand":"","color":"","depth":"","description":"","disambiguatingDescription":"","gtin12":"","gtin13":"","gtin14":"","gtin8":"","height":"","identifier":"","image":"","isAccessoryOrSparePartFor":"","isConsumableFor":"","isRelatedTo":"","isSimilarTo":"","itemCondition":"","logo":"","mainEntityOfPage":"","manufacturer":"","material":"","model":"","mpn":"","name":"","offers":"","potentialAction":"","productID":"","productionDate":"","purchaseDate":"","releaseDate":"","review":"","reviews":"","sameAs":"","sku":"","slogan":"","subjectOf":"","url":"","weight":"","width":""}},"acf":[],"yoast_head":"<!-- This site is optimized with the Yoast SEO plugin v27.4 - https:\/\/yoast.com\/product\/yoast-seo-wordpress\/ -->\n<title>Kicksite: recensione software gestione palestre - Accurate Reviews<\/title>\n<meta name=\"description\" content=\"Kicksite: recensione software gestionale progettato per aiutare a semplificare i flussi di lavoro e coinvolgere i propri membri e studenti.\" \/>\n<meta name=\"robots\" content=\"index, follow, max-snippet:-1, max-image-preview:large, max-video-preview:-1\" \/>\n<link rel=\"canonical\" href=\"https:\/\/www.accuratereviews.com\/it\/software-fitness-lista\/kicksite-recensione\/\" \/>\n<meta property=\"og:locale\" content=\"it_IT\" \/>\n<meta property=\"og:type\" content=\"article\" \/>\n<meta property=\"og:title\" content=\"Kicksite: recensione software gestione palestre - Accurate Reviews\" \/>\n<meta property=\"og:description\" content=\"Kicksite: recensione software gestionale progettato per aiutare a semplificare i flussi di lavoro e coinvolgere i propri membri e studenti.\" \/>\n<meta property=\"og:url\" content=\"https:\/\/www.accuratereviews.com\/it\/software-fitness-lista\/kicksite-recensione\/\" \/>\n<meta property=\"og:site_name\" content=\"Accurate Reviews\" \/>\n<meta property=\"article:modified_time\" content=\"2023-06-13T10:27:09+00:00\" \/>\n<meta property=\"og:image\" content=\"https:\/\/www.accuratereviews.com\/wp-content\/uploads\/2023\/06\/Kicksite.png\" \/>\n\t<meta property=\"og:image:width\" content=\"225\" \/>\n\t<meta property=\"og:image:height\" content=\"225\" \/>\n\t<meta property=\"og:image:type\" content=\"image\/png\" \/>\n<meta name=\"twitter:card\" content=\"summary_large_image\" \/>\n<meta name=\"twitter:label1\" content=\"Tempo di lettura stimato\" \/>\n\t<meta name=\"twitter:data1\" content=\"4 minuti\" \/>\n<script type=\"application\/ld+json\" class=\"yoast-schema-graph\">{\"@context\":\"https:\\\/\\\/schema.org\",\"@graph\":[{\"@type\":\"WebPage\",\"@id\":\"https:\\\/\\\/www.accuratereviews.com\\\/it\\\/software-fitness-lista\\\/kicksite-recensione\\\/\",\"url\":\"https:\\\/\\\/www.accuratereviews.com\\\/it\\\/software-fitness-lista\\\/kicksite-recensione\\\/\",\"name\":\"Kicksite: recensione software gestione palestre - Accurate Reviews\",\"isPartOf\":{\"@id\":\"https:\\\/\\\/www.accuratereviews.com\\\/it\\\/#website\"},\"primaryImageOfPage\":{\"@id\":\"https:\\\/\\\/www.accuratereviews.com\\\/it\\\/software-fitness-lista\\\/kicksite-recensione\\\/#primaryimage\"},\"image\":{\"@id\":\"https:\\\/\\\/www.accuratereviews.com\\\/it\\\/software-fitness-lista\\\/kicksite-recensione\\\/#primaryimage\"},\"thumbnailUrl\":\"https:\\\/\\\/www.accuratereviews.com\\\/wp-content\\\/uploads\\\/2023\\\/06\\\/Kicksite.png\",\"datePublished\":\"2023-06-12T10:55:51+00:00\",\"dateModified\":\"2023-06-13T10:27:09+00:00\",\"description\":\"Kicksite: recensione software gestionale progettato per aiutare a semplificare i flussi di lavoro e coinvolgere i propri membri e studenti.\",\"breadcrumb\":{\"@id\":\"https:\\\/\\\/www.accuratereviews.com\\\/it\\\/software-fitness-lista\\\/kicksite-recensione\\\/#breadcrumb\"},\"inLanguage\":\"it-IT\",\"potentialAction\":[{\"@type\":\"ReadAction\",\"target\":[\"https:\\\/\\\/www.accuratereviews.com\\\/it\\\/software-fitness-lista\\\/kicksite-recensione\\\/\"]}]},{\"@type\":\"ImageObject\",\"inLanguage\":\"it-IT\",\"@id\":\"https:\\\/\\\/www.accuratereviews.com\\\/it\\\/software-fitness-lista\\\/kicksite-recensione\\\/#primaryimage\",\"url\":\"https:\\\/\\\/www.accuratereviews.com\\\/wp-content\\\/uploads\\\/2023\\\/06\\\/Kicksite.png\",\"contentUrl\":\"https:\\\/\\\/www.accuratereviews.com\\\/wp-content\\\/uploads\\\/2023\\\/06\\\/Kicksite.png\",\"width\":225,\"height\":225},{\"@type\":\"BreadcrumbList\",\"@id\":\"https:\\\/\\\/www.accuratereviews.com\\\/it\\\/software-fitness-lista\\\/kicksite-recensione\\\/#breadcrumb\",\"itemListElement\":[{\"@type\":\"ListItem\",\"position\":1,\"name\":\"Home\",\"item\":\"https:\\\/\\\/www.accuratereviews.com\\\/it\\\/\"},{\"@type\":\"ListItem\",\"position\":2,\"name\":\"Software per fitness\",\"item\":\"https:\\\/\\\/www.accuratereviews.com\\\/it\\\/software-fitness-lista\\\/\"},{\"@type\":\"ListItem\",\"position\":3,\"name\":\"Kicksite\"}]},{\"@type\":\"WebSite\",\"@id\":\"https:\\\/\\\/www.accuratereviews.com\\\/it\\\/#website\",\"url\":\"https:\\\/\\\/www.accuratereviews.com\\\/it\\\/\",\"name\":\"Accurate Reviews\",\"description\":\"\",\"potentialAction\":[{\"@type\":\"SearchAction\",\"target\":{\"@type\":\"EntryPoint\",\"urlTemplate\":\"https:\\\/\\\/www.accuratereviews.com\\\/it\\\/?s={search_term_string}\"},\"query-input\":{\"@type\":\"PropertyValueSpecification\",\"valueRequired\":true,\"valueName\":\"search_term_string\"}}],\"inLanguage\":\"it-IT\"}]}<\/script>\n<!-- \/ Yoast SEO plugin. -->","yoast_head_json":{"title":"Kicksite: recensione software gestione palestre - Accurate Reviews","description":"Kicksite: recensione software gestionale progettato per aiutare a semplificare i flussi di lavoro e coinvolgere i propri membri e studenti.","robots":{"index":"index","follow":"follow","max-snippet":"max-snippet:-1","max-image-preview":"max-image-preview:large","max-video-preview":"max-video-preview:-1"},"canonical":"https:\/\/www.accuratereviews.com\/it\/software-fitness-lista\/kicksite-recensione\/","og_locale":"it_IT","og_type":"article","og_title":"Kicksite: recensione software gestione palestre - Accurate Reviews","og_description":"Kicksite: recensione software gestionale progettato per aiutare a semplificare i flussi di lavoro e coinvolgere i propri membri e studenti.","og_url":"https:\/\/www.accuratereviews.com\/it\/software-fitness-lista\/kicksite-recensione\/","og_site_name":"Accurate Reviews","article_modified_time":"2023-06-13T10:27:09+00:00","og_image":[{"width":225,"height":225,"url":"https:\/\/www.accuratereviews.com\/wp-content\/uploads\/2023\/06\/Kicksite.png","type":"image\/png"}],"twitter_card":"summary_large_image","twitter_misc":{"Tempo di lettura stimato":"4 minuti"},"schema":{"@context":"https:\/\/schema.org","@graph":[{"@type":"WebPage","@id":"https:\/\/www.accuratereviews.com\/it\/software-fitness-lista\/kicksite-recensione\/","url":"https:\/\/www.accuratereviews.com\/it\/software-fitness-lista\/kicksite-recensione\/","name":"Kicksite: recensione software gestione palestre - Accurate Reviews","isPartOf":{"@id":"https:\/\/www.accuratereviews.com\/it\/#website"},"primaryImageOfPage":{"@id":"https:\/\/www.accuratereviews.com\/it\/software-fitness-lista\/kicksite-recensione\/#primaryimage"},"image":{"@id":"https:\/\/www.accuratereviews.com\/it\/software-fitness-lista\/kicksite-recensione\/#primaryimage"},"thumbnailUrl":"https:\/\/www.accuratereviews.com\/wp-content\/uploads\/2023\/06\/Kicksite.png","datePublished":"2023-06-12T10:55:51+00:00","dateModified":"2023-06-13T10:27:09+00:00","description":"Kicksite: recensione software gestionale progettato per aiutare a semplificare i flussi di lavoro e coinvolgere i propri membri e studenti.","breadcrumb":{"@id":"https:\/\/www.accuratereviews.com\/it\/software-fitness-lista\/kicksite-recensione\/#breadcrumb"},"inLanguage":"it-IT","potentialAction":[{"@type":"ReadAction","target":["https:\/\/www.accuratereviews.com\/it\/software-fitness-lista\/kicksite-recensione\/"]}]},{"@type":"ImageObject","inLanguage":"it-IT","@id":"https:\/\/www.accuratereviews.com\/it\/software-fitness-lista\/kicksite-recensione\/#primaryimage","url":"https:\/\/www.accuratereviews.com\/wp-content\/uploads\/2023\/06\/Kicksite.png","contentUrl":"https:\/\/www.accuratereviews.com\/wp-content\/uploads\/2023\/06\/Kicksite.png","width":225,"height":225},{"@type":"BreadcrumbList","@id":"https:\/\/www.accuratereviews.com\/it\/software-fitness-lista\/kicksite-recensione\/#breadcrumb","itemListElement":[{"@type":"ListItem","position":1,"name":"Home","item":"https:\/\/www.accuratereviews.com\/it\/"},{"@type":"ListItem","position":2,"name":"Software per fitness","item":"https:\/\/www.accuratereviews.com\/it\/software-fitness-lista\/"},{"@type":"ListItem","position":3,"name":"Kicksite"}]},{"@type":"WebSite","@id":"https:\/\/www.accuratereviews.com\/it\/#website","url":"https:\/\/www.accuratereviews.com\/it\/","name":"Accurate Reviews","description":"","potentialAction":[{"@type":"SearchAction","target":{"@type":"EntryPoint","urlTemplate":"https:\/\/www.accuratereviews.com\/it\/?s={search_term_string}"},"query-input":{"@type":"PropertyValueSpecification","valueRequired":true,"valueName":"search_term_string"}}],"inLanguage":"it-IT"}]}},"_links":{"self":[{"href":"https:\/\/www.accuratereviews.com\/it\/wp-json\/wp\/v2\/pages\/70022","targetHints":{"allow":["GET"]}}],"collection":[{"href":"https:\/\/www.accuratereviews.com\/it\/wp-json\/wp\/v2\/pages"}],"about":[{"href":"https:\/\/www.accuratereviews.com\/it\/wp-json\/wp\/v2\/types\/page"}],"author":[{"embeddable":true,"href":"https:\/\/www.accuratereviews.com\/it\/wp-json\/wp\/v2\/users\/19"}],"replies":[{"embeddable":true,"href":"https:\/\/www.accuratereviews.com\/it\/wp-json\/wp\/v2\/comments?post=70022"}],"version-history":[{"count":15,"href":"https:\/\/www.accuratereviews.com\/it\/wp-json\/wp\/v2\/pages\/70022\/revisions"}],"predecessor-version":[{"id":70070,"href":"https:\/\/www.accuratereviews.com\/it\/wp-json\/wp\/v2\/pages\/70022\/revisions\/70070"}],"up":[{"embeddable":true,"href":"https:\/\/www.accuratereviews.com\/it\/wp-json\/wp\/v2\/pages\/25524"}],"wp:featuredmedia":[{"embeddable":true,"href":"https:\/\/www.accuratereviews.com\/it\/wp-json\/wp\/v2\/media\/70024"}],"wp:attachment":[{"href":"https:\/\/www.accuratereviews.com\/it\/wp-json\/wp\/v2\/media?parent=70022"}],"wp:term":[{"taxonomy":"category","embeddable":true,"href":"https:\/\/www.accuratereviews.com\/it\/wp-json\/wp\/v2\/categories?post=70022"},{"taxonomy":"post_tag","embeddable":true,"href":"https:\/\/www.accuratereviews.com\/it\/wp-json\/wp\/v2\/tags?post=70022"},{"taxonomy":"features","embeddable":true,"href":"https:\/\/www.accuratereviews.com\/it\/wp-json\/wp\/v2\/features?post=70022"}],"curies":[{"name":"wp","href":"https:\/\/api.w.org\/{rel}","templated":true}]}}