{"id":70082,"date":"2023-06-14T17:01:56","date_gmt":"2023-06-14T17:01:56","guid":{"rendered":"https:\/\/www.accuratereviews.com\/?page_id=70082"},"modified":"2023-06-14T17:01:56","modified_gmt":"2023-06-14T17:01:56","slug":"exercise-com-recensione","status":"publish","type":"page","link":"https:\/\/www.accuratereviews.com\/it\/software-fitness-lista\/exercise-com-recensione\/","title":{"rendered":"Exercise.com"},"content":{"rendered":"<p>La piattaforma <strong>Exercise.com<\/strong> include tutto ci\u00f2 di cui hai bisogno per gestire la <strong>tua sala fitness<\/strong>, la palestra, l&#8217;attivit\u00e0 di personal training o il centro benessere attraverso le app web e mobili con marchio personalizzato progettate specificamente per le attivit\u00e0 di fitness. Utilizza il software per vendere allenamenti online, sfide di gruppo, live streaming e altro ancora. Registra facilmente gli allenamenti, esegui valutazioni digitali e crea allenamenti personalizzati in modo facile e veloce. Acquisisci, alimenta e fidelizza i clienti con funzionalit\u00e0 CRM complete.<\/p>\n<h2>EXERCISE.COM &#8211; TUTORIAL<\/h2>\n<div id=\"fluid-wrapper-counter-1\" class=\"g1-fluid-wrapper \" style=\"width:686px;\">\n<div style=\"padding-bottom:56.268221574344%;\"><iframe loading=\"lazy\" title=\"How APEC Sports Performance transformed their business during COVID - Customer Story\" width=\"686\" height=\"386\" src=\"https:\/\/www.youtube.com\/embed\/Auvp46LNajQ?feature=oembed&amp;wmode=transparent&amp;autohide=1&amp;autoplay=0&amp;disablekb=0&amp;fs=1&amp;loop=0&amp;enablejsapi=1&amp;rel=0&amp;controls=2&amp;showinfo=0&amp;wmode=transparent&amp;autohide=2&amp;autoplay=0&amp;disablekb=0&amp;fs=1&amp;loop=0&amp;enablejsapi=1&amp;rel=0&amp;controls=2&amp;showinfo=1\" frameborder=\"0\" allow=\"accelerometer; autoplay; clipboard-write; encrypted-media; gyroscope; picture-in-picture; web-share\" allowfullscreen><\/iframe><\/div>\n<\/div>\n<h3>EXERCISE.COM &#8211; CARATTERISTICHE<\/h3>\n<ul>\n<li><strong>Formare i clienti<\/strong>: gestisci tutto ci\u00f2 che riguarda l&#8217;allenamento di un cliente in un unico posto mentre registri facilmente gli allenamenti dalle tue app di fitness con marchio personalizzato per tenere traccia dei progressi, fornire allenamenti in qualsiasi scenario, riepiloghi automatici degli allenamenti e molto altro.<\/li>\n<li><strong>Interagisci con i clienti:<\/strong> acquisisci, alimenta e fidelizza i clienti lungo tutto il funnel con una gestione completa del ciclo di vita e del CRM. Invia automaticamente email, sms e notifiche in-app per coinvolgere i tuoi clienti.<\/li>\n<li><strong>Offri lezioni ovunque<\/strong>: offri allenamenti online vendendo piani di allenamento, sfide di gruppo, live streaming, prodotti digitali, sfide di fitness, contenuti su richiesta e allenamenti individuali tramite le app personalizzate.<\/li>\n<li><strong>Generare introiti:<\/strong> monetizza e fai crescere la tua attivit\u00e0. Elaborazione dei pagamenti, ecommerce, commissioni, fatturazione, saldi dei conti, codici coupon, upsell, abbonamenti e altro ancora.<\/li>\n<li><strong>Valutazioni dei risultato<\/strong>: raccogli dati con test di valutazione della forma fisica per offrire allenamenti personalizzati, inviare comunicazioni di marketing e molto altro.<\/li>\n<\/ul>\n<h4>LE RECENSIONI DEGLI UTENTI<\/h4>\n<p><strong>Jonathan &#8220;Exercise.com \u00e8 il miglior software di allenamento online sul mercato.&#8221;<\/strong><br \/>\n<strong>Commenti<\/strong>: Il team di supporto \u00e8 incredibile. Fanno di tutto per metterti in funzione il pi\u00f9 rapidamente possibile. Ho ricevuto diverse chiamate di coaching sul design dell&#8217;app, su come utilizzare il software e su come adattarlo alla mia attivit\u00e0.<br \/>\n<strong>Pro<\/strong>: Quello che mi piace di pi\u00f9 del software sono le automazioni. Sento che questo software fa davvero tutto, hai tutte le app di cui hai bisogno in un unico posto e un&#8217;azione pu\u00f2 attivare pi\u00f9 azioni dai messaggi di responsabilit\u00e0, alle valutazioni, ai rapporti sui progressi, alla pianificazione e alla riscossione dei pagamenti.<br \/>\n<strong>Contro<\/strong>: Ci sono un sacco di funzionalit\u00e0, quindi devi dedicare un po &#8216;di tempo all&#8217;apprendimento di ciascuna funzionalit\u00e0.<\/p>\n<p><strong>Bess &#8220;Complessivamente molto felice + esperienza positiva&#8221;<\/strong><br \/>\n<strong>Pro<\/strong>: Mi \u00e8 piaciuto che mi consenta di distribuire diversi programmi a un gran numero di persone in modo automatizzato. Mi piace molto anche avere un rappresentante del servizio clienti che \u00e8 sempre molto veloce nel rispondere a qualsiasi aiuto di cui ho bisogno.<br \/>\n<strong>Contro<\/strong>: Vorrei che potesse essere pi\u00f9 personalizzato sia in termini di aspetto che di layout.<\/p>\n<p><strong>Karlynn &#8220;La mia recensione&#8221;<\/strong><br \/>\n<strong>Pro<\/strong>: Tutte le funzionalit\u00e0 sono fantastiche. Mi piace molto il sistema di pagamento integrato e l&#8217;interfaccia.<br \/>\n<strong>Contro<\/strong>: La biblioteca degli esercizi non \u00e8 cos\u00ec grande. Ma non \u00e8 un grosso problema. Mi fa solo creare i video e gli esercizi che voglio.<\/p>\n","protected":false},"excerpt":{"rendered":"<p>La piattaforma Exercise.com include tutto ci\u00f2 di cui hai bisogno per gestire la tua sala fitness, la palestra, l&#8217;attivit\u00e0 di personal training o il centro benessere attraverso le app web e mobili con marchio personalizzato progettate specificamente per le attivit\u00e0 di fitness.<\/p>\n","protected":false},"author":19,"featured_media":70084,"parent":25524,"menu_order":0,"comment_status":"open","ping_status":"closed","template":"g1_template_page_review_new.php","meta":{"_acf_changed":false,"cwp_meta_box_check":"Yes","cwp_rev_product_name":"","cwp_rev_product_image":"","wppr_links":[],"cwp_rev_price":"0.00","wppr_options":[{"name":"Usability","value":"0"},{"name":"Speed","value":"0"},{"name":"Features","value":"0"},{"name":"Support","value":"0"},{"name":"Pricing","value":"0"}],"wppr_pros":["","","","",""],"wppr_cons":["","","","",""],"_monsterinsights_skip_tracking":false,"_monsterinsights_sitenote_active":false,"_monsterinsights_sitenote_note":"","_monsterinsights_sitenote_category":0,"footnotes":""},"categories":[2629],"tags":[14429,2630,14330,14433,14432,14431,14430],"features":[],"class_list":{"0":"post-70082","1":"page","2":"type-page","3":"status-publish","4":"has-post-thumbnail","6":"category-fitness-software","7":"tag-exercise-com","8":"tag-fitness-software","9":"tag-gestionale-palestre","10":"tag-piattaforma-gestionale-palestra","11":"tag-programma-gestionale-palestra","12":"tag-software-gestionale-palestra","13":"tag-soluzione-gestionale-palestra"},"wppr_data":{"cwp_meta_box_check":"Yes","_wppr_review_template":"default","cwp_rev_product_image":"","cwp_image_link":"image","wppr_links":[],"cwp_rev_price":"0.00","wppr_pros":["","","","",""],"wppr_cons":["","","","",""],"wppr_rating":"0.00","wppr_options":{"1":{"name":"Usability","value":"0"},"2":{"name":"Speed","value":"0"},"3":{"name":"Features","value":"0"},"4":{"name":"Support","value":"0"},"5":{"name":"Pricing","value":"0"}},"wppr_review_type":"Product","wppr_review_custom_fields":{"additionalProperty":"","additionalType":"","aggregateRating":"","alternateName":"","audience":"","award":"","awards":"","brand":"","color":"","depth":"","description":"","disambiguatingDescription":"","gtin12":"","gtin13":"","gtin14":"","gtin8":"","height":"","identifier":"","image":"","isAccessoryOrSparePartFor":"","isConsumableFor":"","isRelatedTo":"","isSimilarTo":"","itemCondition":"","logo":"","mainEntityOfPage":"","manufacturer":"","material":"","model":"","mpn":"","name":"","offers":"","potentialAction":"","productID":"","productionDate":"","purchaseDate":"","releaseDate":"","review":"","reviews":"","sameAs":"","sku":"","slogan":"","subjectOf":"","url":"","weight":"","width":""}},"acf":[],"yoast_head":"<!-- This site is optimized with the Yoast SEO plugin v27.4 - https:\/\/yoast.com\/product\/yoast-seo-wordpress\/ -->\n<title>Exercise.com: recensione gestionale palestre - Accurate Reviews<\/title>\n<meta name=\"description\" content=\"Exercise.com: recensione software dotato di strumenti per gestire la tua sala fitness, la palestra e l&#039;attivit\u00e0 di personal training.\" \/>\n<meta name=\"robots\" content=\"index, follow, max-snippet:-1, max-image-preview:large, max-video-preview:-1\" \/>\n<link rel=\"canonical\" href=\"https:\/\/www.accuratereviews.com\/it\/software-fitness-lista\/exercise-com-recensione\/\" \/>\n<meta property=\"og:locale\" content=\"it_IT\" \/>\n<meta property=\"og:type\" content=\"article\" \/>\n<meta property=\"og:title\" content=\"Exercise.com: recensione gestionale palestre - Accurate Reviews\" \/>\n<meta property=\"og:description\" content=\"Exercise.com: recensione software dotato di strumenti per gestire la tua sala fitness, la palestra e l&#039;attivit\u00e0 di personal training.\" \/>\n<meta property=\"og:url\" content=\"https:\/\/www.accuratereviews.com\/it\/software-fitness-lista\/exercise-com-recensione\/\" \/>\n<meta property=\"og:site_name\" content=\"Accurate Reviews\" \/>\n<meta property=\"og:image\" content=\"https:\/\/www.accuratereviews.com\/wp-content\/uploads\/2023\/06\/Exercise.com_.jpeg\" \/>\n\t<meta property=\"og:image:width\" content=\"225\" \/>\n\t<meta property=\"og:image:height\" content=\"225\" \/>\n\t<meta property=\"og:image:type\" content=\"image\/jpeg\" \/>\n<meta name=\"twitter:card\" content=\"summary_large_image\" \/>\n<meta name=\"twitter:label1\" content=\"Tempo di lettura stimato\" \/>\n\t<meta name=\"twitter:data1\" content=\"3 minuti\" \/>\n<script type=\"application\/ld+json\" class=\"yoast-schema-graph\">{\"@context\":\"https:\\\/\\\/schema.org\",\"@graph\":[{\"@type\":\"WebPage\",\"@id\":\"https:\\\/\\\/www.accuratereviews.com\\\/it\\\/software-fitness-lista\\\/exercise-com-recensione\\\/\",\"url\":\"https:\\\/\\\/www.accuratereviews.com\\\/it\\\/software-fitness-lista\\\/exercise-com-recensione\\\/\",\"name\":\"Exercise.com: recensione gestionale palestre - Accurate Reviews\",\"isPartOf\":{\"@id\":\"https:\\\/\\\/www.accuratereviews.com\\\/it\\\/#website\"},\"primaryImageOfPage\":{\"@id\":\"https:\\\/\\\/www.accuratereviews.com\\\/it\\\/software-fitness-lista\\\/exercise-com-recensione\\\/#primaryimage\"},\"image\":{\"@id\":\"https:\\\/\\\/www.accuratereviews.com\\\/it\\\/software-fitness-lista\\\/exercise-com-recensione\\\/#primaryimage\"},\"thumbnailUrl\":\"https:\\\/\\\/www.accuratereviews.com\\\/wp-content\\\/uploads\\\/2023\\\/06\\\/Exercise.com_.jpeg\",\"datePublished\":\"2023-06-14T17:01:56+00:00\",\"description\":\"Exercise.com: recensione software dotato di strumenti per gestire la tua sala fitness, la palestra e l'attivit\u00e0 di personal training.\",\"breadcrumb\":{\"@id\":\"https:\\\/\\\/www.accuratereviews.com\\\/it\\\/software-fitness-lista\\\/exercise-com-recensione\\\/#breadcrumb\"},\"inLanguage\":\"it-IT\",\"potentialAction\":[{\"@type\":\"ReadAction\",\"target\":[\"https:\\\/\\\/www.accuratereviews.com\\\/it\\\/software-fitness-lista\\\/exercise-com-recensione\\\/\"]}]},{\"@type\":\"ImageObject\",\"inLanguage\":\"it-IT\",\"@id\":\"https:\\\/\\\/www.accuratereviews.com\\\/it\\\/software-fitness-lista\\\/exercise-com-recensione\\\/#primaryimage\",\"url\":\"https:\\\/\\\/www.accuratereviews.com\\\/wp-content\\\/uploads\\\/2023\\\/06\\\/Exercise.com_.jpeg\",\"contentUrl\":\"https:\\\/\\\/www.accuratereviews.com\\\/wp-content\\\/uploads\\\/2023\\\/06\\\/Exercise.com_.jpeg\",\"width\":225,\"height\":225},{\"@type\":\"BreadcrumbList\",\"@id\":\"https:\\\/\\\/www.accuratereviews.com\\\/it\\\/software-fitness-lista\\\/exercise-com-recensione\\\/#breadcrumb\",\"itemListElement\":[{\"@type\":\"ListItem\",\"position\":1,\"name\":\"Home\",\"item\":\"https:\\\/\\\/www.accuratereviews.com\\\/it\\\/\"},{\"@type\":\"ListItem\",\"position\":2,\"name\":\"Software per fitness\",\"item\":\"https:\\\/\\\/www.accuratereviews.com\\\/it\\\/software-fitness-lista\\\/\"},{\"@type\":\"ListItem\",\"position\":3,\"name\":\"Exercise.com\"}]},{\"@type\":\"WebSite\",\"@id\":\"https:\\\/\\\/www.accuratereviews.com\\\/it\\\/#website\",\"url\":\"https:\\\/\\\/www.accuratereviews.com\\\/it\\\/\",\"name\":\"Accurate Reviews\",\"description\":\"\",\"potentialAction\":[{\"@type\":\"SearchAction\",\"target\":{\"@type\":\"EntryPoint\",\"urlTemplate\":\"https:\\\/\\\/www.accuratereviews.com\\\/it\\\/?s={search_term_string}\"},\"query-input\":{\"@type\":\"PropertyValueSpecification\",\"valueRequired\":true,\"valueName\":\"search_term_string\"}}],\"inLanguage\":\"it-IT\"}]}<\/script>\n<!-- \/ Yoast SEO plugin. -->","yoast_head_json":{"title":"Exercise.com: recensione gestionale palestre - Accurate Reviews","description":"Exercise.com: recensione software dotato di strumenti per gestire la tua sala fitness, la palestra e l'attivit\u00e0 di personal training.","robots":{"index":"index","follow":"follow","max-snippet":"max-snippet:-1","max-image-preview":"max-image-preview:large","max-video-preview":"max-video-preview:-1"},"canonical":"https:\/\/www.accuratereviews.com\/it\/software-fitness-lista\/exercise-com-recensione\/","og_locale":"it_IT","og_type":"article","og_title":"Exercise.com: recensione gestionale palestre - Accurate Reviews","og_description":"Exercise.com: recensione software dotato di strumenti per gestire la tua sala fitness, la palestra e l'attivit\u00e0 di personal training.","og_url":"https:\/\/www.accuratereviews.com\/it\/software-fitness-lista\/exercise-com-recensione\/","og_site_name":"Accurate Reviews","og_image":[{"width":225,"height":225,"url":"https:\/\/www.accuratereviews.com\/wp-content\/uploads\/2023\/06\/Exercise.com_.jpeg","type":"image\/jpeg"}],"twitter_card":"summary_large_image","twitter_misc":{"Tempo di lettura stimato":"3 minuti"},"schema":{"@context":"https:\/\/schema.org","@graph":[{"@type":"WebPage","@id":"https:\/\/www.accuratereviews.com\/it\/software-fitness-lista\/exercise-com-recensione\/","url":"https:\/\/www.accuratereviews.com\/it\/software-fitness-lista\/exercise-com-recensione\/","name":"Exercise.com: recensione gestionale palestre - Accurate Reviews","isPartOf":{"@id":"https:\/\/www.accuratereviews.com\/it\/#website"},"primaryImageOfPage":{"@id":"https:\/\/www.accuratereviews.com\/it\/software-fitness-lista\/exercise-com-recensione\/#primaryimage"},"image":{"@id":"https:\/\/www.accuratereviews.com\/it\/software-fitness-lista\/exercise-com-recensione\/#primaryimage"},"thumbnailUrl":"https:\/\/www.accuratereviews.com\/wp-content\/uploads\/2023\/06\/Exercise.com_.jpeg","datePublished":"2023-06-14T17:01:56+00:00","description":"Exercise.com: recensione software dotato di strumenti per gestire la tua sala fitness, la palestra e l'attivit\u00e0 di personal training.","breadcrumb":{"@id":"https:\/\/www.accuratereviews.com\/it\/software-fitness-lista\/exercise-com-recensione\/#breadcrumb"},"inLanguage":"it-IT","potentialAction":[{"@type":"ReadAction","target":["https:\/\/www.accuratereviews.com\/it\/software-fitness-lista\/exercise-com-recensione\/"]}]},{"@type":"ImageObject","inLanguage":"it-IT","@id":"https:\/\/www.accuratereviews.com\/it\/software-fitness-lista\/exercise-com-recensione\/#primaryimage","url":"https:\/\/www.accuratereviews.com\/wp-content\/uploads\/2023\/06\/Exercise.com_.jpeg","contentUrl":"https:\/\/www.accuratereviews.com\/wp-content\/uploads\/2023\/06\/Exercise.com_.jpeg","width":225,"height":225},{"@type":"BreadcrumbList","@id":"https:\/\/www.accuratereviews.com\/it\/software-fitness-lista\/exercise-com-recensione\/#breadcrumb","itemListElement":[{"@type":"ListItem","position":1,"name":"Home","item":"https:\/\/www.accuratereviews.com\/it\/"},{"@type":"ListItem","position":2,"name":"Software per fitness","item":"https:\/\/www.accuratereviews.com\/it\/software-fitness-lista\/"},{"@type":"ListItem","position":3,"name":"Exercise.com"}]},{"@type":"WebSite","@id":"https:\/\/www.accuratereviews.com\/it\/#website","url":"https:\/\/www.accuratereviews.com\/it\/","name":"Accurate Reviews","description":"","potentialAction":[{"@type":"SearchAction","target":{"@type":"EntryPoint","urlTemplate":"https:\/\/www.accuratereviews.com\/it\/?s={search_term_string}"},"query-input":{"@type":"PropertyValueSpecification","valueRequired":true,"valueName":"search_term_string"}}],"inLanguage":"it-IT"}]}},"_links":{"self":[{"href":"https:\/\/www.accuratereviews.com\/it\/wp-json\/wp\/v2\/pages\/70082","targetHints":{"allow":["GET"]}}],"collection":[{"href":"https:\/\/www.accuratereviews.com\/it\/wp-json\/wp\/v2\/pages"}],"about":[{"href":"https:\/\/www.accuratereviews.com\/it\/wp-json\/wp\/v2\/types\/page"}],"author":[{"embeddable":true,"href":"https:\/\/www.accuratereviews.com\/it\/wp-json\/wp\/v2\/users\/19"}],"replies":[{"embeddable":true,"href":"https:\/\/www.accuratereviews.com\/it\/wp-json\/wp\/v2\/comments?post=70082"}],"version-history":[{"count":16,"href":"https:\/\/www.accuratereviews.com\/it\/wp-json\/wp\/v2\/pages\/70082\/revisions"}],"predecessor-version":[{"id":70107,"href":"https:\/\/www.accuratereviews.com\/it\/wp-json\/wp\/v2\/pages\/70082\/revisions\/70107"}],"up":[{"embeddable":true,"href":"https:\/\/www.accuratereviews.com\/it\/wp-json\/wp\/v2\/pages\/25524"}],"wp:featuredmedia":[{"embeddable":true,"href":"https:\/\/www.accuratereviews.com\/it\/wp-json\/wp\/v2\/media\/70084"}],"wp:attachment":[{"href":"https:\/\/www.accuratereviews.com\/it\/wp-json\/wp\/v2\/media?parent=70082"}],"wp:term":[{"taxonomy":"category","embeddable":true,"href":"https:\/\/www.accuratereviews.com\/it\/wp-json\/wp\/v2\/categories?post=70082"},{"taxonomy":"post_tag","embeddable":true,"href":"https:\/\/www.accuratereviews.com\/it\/wp-json\/wp\/v2\/tags?post=70082"},{"taxonomy":"features","embeddable":true,"href":"https:\/\/www.accuratereviews.com\/it\/wp-json\/wp\/v2\/features?post=70082"}],"curies":[{"name":"wp","href":"https:\/\/api.w.org\/{rel}","templated":true}]}}