{"id":70123,"date":"2023-06-15T11:15:01","date_gmt":"2023-06-15T11:15:01","guid":{"rendered":"https:\/\/www.accuratereviews.com\/?page_id=70123"},"modified":"2023-06-16T10:17:22","modified_gmt":"2023-06-16T10:17:22","slug":"ptminder-recensione","status":"publish","type":"page","link":"https:\/\/www.accuratereviews.com\/it\/software-fitness-lista\/ptminder-recensione\/","title":{"rendered":"PTminder"},"content":{"rendered":"<p><strong>PTminder<\/strong> \u00e8 un <strong>software per personal trainer<\/strong>, basato su <strong>cloud<\/strong>, disponibile anche per i dispositivi mobili che si rivolge a formatori online, singoli formatori, nonch\u00e9 a palestre e strutture di formazione di piccole o medie dimensioni. La soluzione aiuta gli istituti a gestire in modo efficiente le operazioni di front-desk e le attivit\u00e0 amministrative, inclusi dettagli e registrazioni dei membri, prenotazione delle lezioni, programmazione dei formatori e pagamenti.<br \/>\nCon <strong>PTminder<\/strong> le aziende possono programmare e visualizzare le lezioni online su un calendario, accessibile sia ai formatori che ai membri. Ogni membro ottiene un account personalizzato per tenere traccia della cronologia delle prenotazioni, degli appuntamenti programmati, delle comunicazioni del trainer, dei pagamenti e altro ancora. Il programma \u00e8 anche in grado di monitorare i progressi dei membri durante l&#8217;intera sessione di formazione. Le aziende possono inoltre generare report ad hoc per analizzare le tendenze chiave e monitorare i progressi aziendali.<\/p>\n<h2>PTMINDER &#8211; TUTORIAL<\/h2>\n<div id=\"fluid-wrapper-counter-1\" class=\"g1-fluid-wrapper \" style=\"width:686px;\">\n<div style=\"padding-bottom:56.268221574344%;\"><iframe loading=\"lazy\" title=\"PTminder - Personal Trainer Software\" width=\"686\" height=\"386\" src=\"https:\/\/www.youtube.com\/embed\/9cyKA4PgNXE?feature=oembed&amp;wmode=transparent&amp;autohide=1&amp;autoplay=0&amp;disablekb=0&amp;fs=1&amp;loop=0&amp;enablejsapi=1&amp;rel=0&amp;controls=2&amp;showinfo=0&amp;wmode=transparent&amp;autohide=2&amp;autoplay=0&amp;disablekb=0&amp;fs=1&amp;loop=0&amp;enablejsapi=1&amp;rel=0&amp;controls=2&amp;showinfo=1\" frameborder=\"0\" allow=\"accelerometer; autoplay; clipboard-write; encrypted-media; gyroscope; picture-in-picture; web-share\" allowfullscreen><\/iframe><\/div>\n<\/div>\n<h3>PTMINDER &#8211; CARATTERISTICHE<\/h3>\n<ul>\n<li>I clienti possono prenotare le sessioni in base alla tua disponibilit\u00e0 e prenotarsi nelle prossime classi disponibili.<\/li>\n<li>Accetta pagamenti online con carta\/banca dai tuoi clienti per prenotazioni, pacchetti, abbonamenti e prodotti.<\/li>\n<li>Scegli tra oltre 1200 esercizi video per creare piani di allenamento per i tuoi clienti. Registra e monitora i progressi, sia di persona che da remoto online.<\/li>\n<li>Un calendario semplice ma potente ti d\u00e0 il controllo della tua agenda<\/li>\n<li>Registra le valutazioni dei clienti, condividi i loro risultati e monitora i progressi.<\/li>\n<li>Crea e vendi facilmente i tuoi pacchetti, abbonamenti e prodotti online.<\/li>\n<li>Genera piani di allenamento da oltre 1200 video di esercizi, inviali ai clienti per seguirli.<\/li>\n<li>Riduci le mancate presentazioni dei clienti con promemoria automatici via SMS ed e-mail per le prossime prenotazioni.<\/li>\n<li>Scegli tra migliaia di prodotti alimentari per creare piani nutrizionali per i tuoi clienti.<\/li>\n<\/ul>\n<h4>LE RECENSIONI DEGLI UTENTI<\/h4>\n<div class=\"XL3Kf\">\n<div class=\"a8FIud X0rvP\">\n<div data-show-delay-ms=\"250\" data-append-to-body=\"false\" data-propagate-tooltip-mouseover-events=\"true\" data-anchor-corner=\"bottom-end\" data-enable-skip-handler=\"false\" data-popup-corner=\"top-end\"><strong>Sarah &#8220;Ottimo supporto e comunicazione&#8221;<\/strong><br \/>\n<strong>Commenti<\/strong>: Siamo passati a loro da un altro fornitore di software basato su cloud poich\u00e9 si stavano dimostrando costosi per ci\u00f2 che offrivano in termini di supporto. PTMinder anche se potrebbe non avere tutti i campanelli e suoni che hanno altri software per palestra \/ pt, ma il loro supporto \u00e8 fantastico e l&#8217;aiuto online 24 ore su 24, 7 giorni su 7 \u00e8 stato inestimabile per me come proprietario di una palestra. Il fatto che aggiungano costantemente al loro servizio \u00e8 un altro vantaggio e non vedo l&#8217;ora di vedere come PTMinder continua ad evolversi.<br \/>\n<strong>Pro<\/strong>: Ottimo rapporto qualit\u00e0 prezzo, supporto online 24 ore su 24, 7 giorni su 7 !! aggiornamenti regolari, buon rapporto qualit\u00e0 prezzo. Il supporto in linea \u00e8 fantastico.<br \/>\n<strong>Contro<\/strong>: La prenotazione del calendario \u00e8 un po&#8217; goffa e trarrebbe vantaggio da una funzione che consente azioni collettive nel calendario. Il collegamento di transazioni e fatture potrebbe essere pi\u00f9 snello e l&#8217;opzione di registrare le comunicazioni in uscita e in entrata che hai avuto con clienti specifici nel loro profilo membro sarebbe vantaggiosa.<\/div>\n<div data-show-delay-ms=\"250\" data-append-to-body=\"false\" data-propagate-tooltip-mouseover-events=\"true\" data-anchor-corner=\"bottom-end\" data-enable-skip-handler=\"false\" data-popup-corner=\"top-end\"><\/div>\n<div data-show-delay-ms=\"250\" data-append-to-body=\"false\" data-propagate-tooltip-mouseover-events=\"true\" data-anchor-corner=\"bottom-end\" data-enable-skip-handler=\"false\" data-popup-corner=\"top-end\"><strong>Rob &#8220;Software eccellente una volta capito come usarlo&#8221;<\/strong><br \/>\n<strong>Commenti<\/strong>: Mi piace molto il software e probabilmente lo user\u00f2 di nuovo con la mia nuova posizione<br \/>\n<strong>Pro<\/strong>: Include tutte le funzionalit\u00e0 di cui avevo bisogno per creare programmi, vendere pacchetti e programmare<br \/>\n<strong>Contro<\/strong>: Quando non hai clienti, devi comunque pagare per l&#8217;accesso per configurarlo al termine del periodo di prova<\/div>\n<div data-show-delay-ms=\"250\" data-append-to-body=\"false\" data-propagate-tooltip-mouseover-events=\"true\" data-anchor-corner=\"bottom-end\" data-enable-skip-handler=\"false\" data-popup-corner=\"top-end\"><\/div>\n<div data-show-delay-ms=\"250\" data-append-to-body=\"false\" data-propagate-tooltip-mouseover-events=\"true\" data-anchor-corner=\"bottom-end\" data-enable-skip-handler=\"false\" data-popup-corner=\"top-end\"><strong>Summer &#8220;Lo adoro&#8221;<\/strong><br \/>\n<strong>Commenti<\/strong>: Eccellente.<br \/>\n<strong>Pro<\/strong>: Abbiamo aggiornato PT minder da MindBody e non abbiamo mai guardato indietro. Il sistema \u00e8 eccellente e il team di supporto \u00e8 sempre disponibile e disponibile. Ho consigliato PT Minder a molti contatti del settore.<br \/>\n<strong>Contro<\/strong>: Tutto ci\u00f2 che trovo che non va bene, lo correggono o lo aggiungono nell epipeline di sviluppo. Non posso lamentarmi.<\/div>\n<\/div>\n<\/div>\n","protected":false},"excerpt":{"rendered":"<p>PTminder \u00e8 un software per personal trainer, basato su cloud, disponibile anche per i dispositivi mobili che si rivolge a formatori online, singoli formatori, nonch\u00e9 a palestre e strutture di formazione di piccole o medie dimensioni. La soluzione aiuta gli istituti a gestire in modo efficiente le operazioni di front-desk e le attivit\u00e0 amministrative, inclusi dettagli e registrazioni dei membri, prenotazione delle lezioni, programmazione dei formatori e pagamenti.<\/p>\n","protected":false},"author":19,"featured_media":70124,"parent":25524,"menu_order":0,"comment_status":"open","ping_status":"closed","template":"g1_template_page_review_new.php","meta":{"_acf_changed":false,"cwp_meta_box_check":"Yes","cwp_rev_product_name":"","cwp_rev_product_image":"","wppr_links":[],"cwp_rev_price":"0.00","wppr_options":[{"name":"Usability","value":"0"},{"name":"Speed","value":"0"},{"name":"Features","value":"0"},{"name":"Support","value":"0"},{"name":"Pricing","value":"0"}],"wppr_pros":["","","","",""],"wppr_cons":["","","","",""],"_monsterinsights_skip_tracking":false,"_monsterinsights_sitenote_active":false,"_monsterinsights_sitenote_note":"","_monsterinsights_sitenote_category":0,"footnotes":""},"categories":[2629],"tags":[2630,14330,14344,14327,14447,14331,14326],"features":[],"class_list":{"0":"post-70123","1":"page","2":"type-page","3":"status-publish","4":"has-post-thumbnail","6":"category-fitness-software","7":"tag-fitness-software","8":"tag-gestionale-palestre","9":"tag-piattaforma-gestionale-palestre","10":"tag-programma-gestionale-palestre","11":"tag-ptminder","12":"tag-software-gestionale-palestre","13":"tag-soluzione-gestionale-palestre"},"wppr_data":{"cwp_meta_box_check":"Yes","_wppr_review_template":"default","cwp_rev_product_image":"","cwp_image_link":"image","wppr_links":[],"cwp_rev_price":"0.00","wppr_pros":["","","","",""],"wppr_cons":["","","","",""],"wppr_rating":"0.00","wppr_options":{"1":{"name":"Usability","value":"0"},"2":{"name":"Speed","value":"0"},"3":{"name":"Features","value":"0"},"4":{"name":"Support","value":"0"},"5":{"name":"Pricing","value":"0"}},"wppr_review_type":"Product","wppr_review_custom_fields":{"additionalProperty":"","additionalType":"","aggregateRating":"","alternateName":"","audience":"","award":"","awards":"","brand":"","color":"","depth":"","description":"","disambiguatingDescription":"","gtin12":"","gtin13":"","gtin14":"","gtin8":"","height":"","identifier":"","image":"","isAccessoryOrSparePartFor":"","isConsumableFor":"","isRelatedTo":"","isSimilarTo":"","itemCondition":"","logo":"","mainEntityOfPage":"","manufacturer":"","material":"","model":"","mpn":"","name":"","offers":"","potentialAction":"","productID":"","productionDate":"","purchaseDate":"","releaseDate":"","review":"","reviews":"","sameAs":"","sku":"","slogan":"","subjectOf":"","url":"","weight":"","width":""}},"acf":[],"yoast_head":"<!-- This site is optimized with the Yoast SEO plugin v27.4 - https:\/\/yoast.com\/product\/yoast-seo-wordpress\/ -->\n<title>PTminder: recensione gestionale palestre - Accurate Reviews<\/title>\n<meta name=\"description\" content=\"PTminder: recensione del software per personal trainer, basato su cloud, disponibile anche per i dispositivi mobili.\" \/>\n<meta name=\"robots\" content=\"index, follow, max-snippet:-1, max-image-preview:large, max-video-preview:-1\" \/>\n<link rel=\"canonical\" href=\"https:\/\/www.accuratereviews.com\/it\/software-fitness-lista\/ptminder-recensione\/\" \/>\n<meta property=\"og:locale\" content=\"it_IT\" \/>\n<meta property=\"og:type\" content=\"article\" \/>\n<meta property=\"og:title\" content=\"PTminder: recensione gestionale palestre - Accurate Reviews\" \/>\n<meta property=\"og:description\" content=\"PTminder: recensione del software per personal trainer, basato su cloud, disponibile anche per i dispositivi mobili.\" \/>\n<meta property=\"og:url\" content=\"https:\/\/www.accuratereviews.com\/it\/software-fitness-lista\/ptminder-recensione\/\" \/>\n<meta property=\"og:site_name\" content=\"Accurate Reviews\" \/>\n<meta property=\"article:modified_time\" content=\"2023-06-16T10:17:22+00:00\" \/>\n<meta property=\"og:image\" content=\"https:\/\/www.accuratereviews.com\/wp-content\/uploads\/2023\/06\/PTminder.png\" \/>\n\t<meta property=\"og:image:width\" content=\"819\" \/>\n\t<meta property=\"og:image:height\" content=\"819\" \/>\n\t<meta property=\"og:image:type\" content=\"image\/png\" \/>\n<meta name=\"twitter:card\" content=\"summary_large_image\" \/>\n<meta name=\"twitter:label1\" content=\"Tempo di lettura stimato\" \/>\n\t<meta name=\"twitter:data1\" content=\"4 minuti\" \/>\n<script type=\"application\/ld+json\" class=\"yoast-schema-graph\">{\"@context\":\"https:\\\/\\\/schema.org\",\"@graph\":[{\"@type\":\"WebPage\",\"@id\":\"https:\\\/\\\/www.accuratereviews.com\\\/it\\\/software-fitness-lista\\\/ptminder-recensione\\\/\",\"url\":\"https:\\\/\\\/www.accuratereviews.com\\\/it\\\/software-fitness-lista\\\/ptminder-recensione\\\/\",\"name\":\"PTminder: recensione gestionale palestre - Accurate Reviews\",\"isPartOf\":{\"@id\":\"https:\\\/\\\/www.accuratereviews.com\\\/it\\\/#website\"},\"primaryImageOfPage\":{\"@id\":\"https:\\\/\\\/www.accuratereviews.com\\\/it\\\/software-fitness-lista\\\/ptminder-recensione\\\/#primaryimage\"},\"image\":{\"@id\":\"https:\\\/\\\/www.accuratereviews.com\\\/it\\\/software-fitness-lista\\\/ptminder-recensione\\\/#primaryimage\"},\"thumbnailUrl\":\"https:\\\/\\\/www.accuratereviews.com\\\/wp-content\\\/uploads\\\/2023\\\/06\\\/PTminder.png\",\"datePublished\":\"2023-06-15T11:15:01+00:00\",\"dateModified\":\"2023-06-16T10:17:22+00:00\",\"description\":\"PTminder: recensione del software per personal trainer, basato su cloud, disponibile anche per i dispositivi mobili.\",\"breadcrumb\":{\"@id\":\"https:\\\/\\\/www.accuratereviews.com\\\/it\\\/software-fitness-lista\\\/ptminder-recensione\\\/#breadcrumb\"},\"inLanguage\":\"it-IT\",\"potentialAction\":[{\"@type\":\"ReadAction\",\"target\":[\"https:\\\/\\\/www.accuratereviews.com\\\/it\\\/software-fitness-lista\\\/ptminder-recensione\\\/\"]}]},{\"@type\":\"ImageObject\",\"inLanguage\":\"it-IT\",\"@id\":\"https:\\\/\\\/www.accuratereviews.com\\\/it\\\/software-fitness-lista\\\/ptminder-recensione\\\/#primaryimage\",\"url\":\"https:\\\/\\\/www.accuratereviews.com\\\/wp-content\\\/uploads\\\/2023\\\/06\\\/PTminder.png\",\"contentUrl\":\"https:\\\/\\\/www.accuratereviews.com\\\/wp-content\\\/uploads\\\/2023\\\/06\\\/PTminder.png\",\"width\":819,\"height\":819},{\"@type\":\"BreadcrumbList\",\"@id\":\"https:\\\/\\\/www.accuratereviews.com\\\/it\\\/software-fitness-lista\\\/ptminder-recensione\\\/#breadcrumb\",\"itemListElement\":[{\"@type\":\"ListItem\",\"position\":1,\"name\":\"Home\",\"item\":\"https:\\\/\\\/www.accuratereviews.com\\\/it\\\/\"},{\"@type\":\"ListItem\",\"position\":2,\"name\":\"Software per fitness\",\"item\":\"https:\\\/\\\/www.accuratereviews.com\\\/it\\\/software-fitness-lista\\\/\"},{\"@type\":\"ListItem\",\"position\":3,\"name\":\"PTminder\"}]},{\"@type\":\"WebSite\",\"@id\":\"https:\\\/\\\/www.accuratereviews.com\\\/it\\\/#website\",\"url\":\"https:\\\/\\\/www.accuratereviews.com\\\/it\\\/\",\"name\":\"Accurate Reviews\",\"description\":\"\",\"potentialAction\":[{\"@type\":\"SearchAction\",\"target\":{\"@type\":\"EntryPoint\",\"urlTemplate\":\"https:\\\/\\\/www.accuratereviews.com\\\/it\\\/?s={search_term_string}\"},\"query-input\":{\"@type\":\"PropertyValueSpecification\",\"valueRequired\":true,\"valueName\":\"search_term_string\"}}],\"inLanguage\":\"it-IT\"}]}<\/script>\n<!-- \/ Yoast SEO plugin. -->","yoast_head_json":{"title":"PTminder: recensione gestionale palestre - Accurate Reviews","description":"PTminder: recensione del software per personal trainer, basato su cloud, disponibile anche per i dispositivi mobili.","robots":{"index":"index","follow":"follow","max-snippet":"max-snippet:-1","max-image-preview":"max-image-preview:large","max-video-preview":"max-video-preview:-1"},"canonical":"https:\/\/www.accuratereviews.com\/it\/software-fitness-lista\/ptminder-recensione\/","og_locale":"it_IT","og_type":"article","og_title":"PTminder: recensione gestionale palestre - Accurate Reviews","og_description":"PTminder: recensione del software per personal trainer, basato su cloud, disponibile anche per i dispositivi mobili.","og_url":"https:\/\/www.accuratereviews.com\/it\/software-fitness-lista\/ptminder-recensione\/","og_site_name":"Accurate Reviews","article_modified_time":"2023-06-16T10:17:22+00:00","og_image":[{"width":819,"height":819,"url":"https:\/\/www.accuratereviews.com\/wp-content\/uploads\/2023\/06\/PTminder.png","type":"image\/png"}],"twitter_card":"summary_large_image","twitter_misc":{"Tempo di lettura stimato":"4 minuti"},"schema":{"@context":"https:\/\/schema.org","@graph":[{"@type":"WebPage","@id":"https:\/\/www.accuratereviews.com\/it\/software-fitness-lista\/ptminder-recensione\/","url":"https:\/\/www.accuratereviews.com\/it\/software-fitness-lista\/ptminder-recensione\/","name":"PTminder: recensione gestionale palestre - Accurate Reviews","isPartOf":{"@id":"https:\/\/www.accuratereviews.com\/it\/#website"},"primaryImageOfPage":{"@id":"https:\/\/www.accuratereviews.com\/it\/software-fitness-lista\/ptminder-recensione\/#primaryimage"},"image":{"@id":"https:\/\/www.accuratereviews.com\/it\/software-fitness-lista\/ptminder-recensione\/#primaryimage"},"thumbnailUrl":"https:\/\/www.accuratereviews.com\/wp-content\/uploads\/2023\/06\/PTminder.png","datePublished":"2023-06-15T11:15:01+00:00","dateModified":"2023-06-16T10:17:22+00:00","description":"PTminder: recensione del software per personal trainer, basato su cloud, disponibile anche per i dispositivi mobili.","breadcrumb":{"@id":"https:\/\/www.accuratereviews.com\/it\/software-fitness-lista\/ptminder-recensione\/#breadcrumb"},"inLanguage":"it-IT","potentialAction":[{"@type":"ReadAction","target":["https:\/\/www.accuratereviews.com\/it\/software-fitness-lista\/ptminder-recensione\/"]}]},{"@type":"ImageObject","inLanguage":"it-IT","@id":"https:\/\/www.accuratereviews.com\/it\/software-fitness-lista\/ptminder-recensione\/#primaryimage","url":"https:\/\/www.accuratereviews.com\/wp-content\/uploads\/2023\/06\/PTminder.png","contentUrl":"https:\/\/www.accuratereviews.com\/wp-content\/uploads\/2023\/06\/PTminder.png","width":819,"height":819},{"@type":"BreadcrumbList","@id":"https:\/\/www.accuratereviews.com\/it\/software-fitness-lista\/ptminder-recensione\/#breadcrumb","itemListElement":[{"@type":"ListItem","position":1,"name":"Home","item":"https:\/\/www.accuratereviews.com\/it\/"},{"@type":"ListItem","position":2,"name":"Software per fitness","item":"https:\/\/www.accuratereviews.com\/it\/software-fitness-lista\/"},{"@type":"ListItem","position":3,"name":"PTminder"}]},{"@type":"WebSite","@id":"https:\/\/www.accuratereviews.com\/it\/#website","url":"https:\/\/www.accuratereviews.com\/it\/","name":"Accurate Reviews","description":"","potentialAction":[{"@type":"SearchAction","target":{"@type":"EntryPoint","urlTemplate":"https:\/\/www.accuratereviews.com\/it\/?s={search_term_string}"},"query-input":{"@type":"PropertyValueSpecification","valueRequired":true,"valueName":"search_term_string"}}],"inLanguage":"it-IT"}]}},"_links":{"self":[{"href":"https:\/\/www.accuratereviews.com\/it\/wp-json\/wp\/v2\/pages\/70123","targetHints":{"allow":["GET"]}}],"collection":[{"href":"https:\/\/www.accuratereviews.com\/it\/wp-json\/wp\/v2\/pages"}],"about":[{"href":"https:\/\/www.accuratereviews.com\/it\/wp-json\/wp\/v2\/types\/page"}],"author":[{"embeddable":true,"href":"https:\/\/www.accuratereviews.com\/it\/wp-json\/wp\/v2\/users\/19"}],"replies":[{"embeddable":true,"href":"https:\/\/www.accuratereviews.com\/it\/wp-json\/wp\/v2\/comments?post=70123"}],"version-history":[{"count":15,"href":"https:\/\/www.accuratereviews.com\/it\/wp-json\/wp\/v2\/pages\/70123\/revisions"}],"predecessor-version":[{"id":70175,"href":"https:\/\/www.accuratereviews.com\/it\/wp-json\/wp\/v2\/pages\/70123\/revisions\/70175"}],"up":[{"embeddable":true,"href":"https:\/\/www.accuratereviews.com\/it\/wp-json\/wp\/v2\/pages\/25524"}],"wp:featuredmedia":[{"embeddable":true,"href":"https:\/\/www.accuratereviews.com\/it\/wp-json\/wp\/v2\/media\/70124"}],"wp:attachment":[{"href":"https:\/\/www.accuratereviews.com\/it\/wp-json\/wp\/v2\/media?parent=70123"}],"wp:term":[{"taxonomy":"category","embeddable":true,"href":"https:\/\/www.accuratereviews.com\/it\/wp-json\/wp\/v2\/categories?post=70123"},{"taxonomy":"post_tag","embeddable":true,"href":"https:\/\/www.accuratereviews.com\/it\/wp-json\/wp\/v2\/tags?post=70123"},{"taxonomy":"features","embeddable":true,"href":"https:\/\/www.accuratereviews.com\/it\/wp-json\/wp\/v2\/features?post=70123"}],"curies":[{"name":"wp","href":"https:\/\/api.w.org\/{rel}","templated":true}]}}