{"id":70161,"date":"2023-06-16T16:56:15","date_gmt":"2023-06-16T16:56:15","guid":{"rendered":"https:\/\/www.accuratereviews.com\/?page_id=70161"},"modified":"2023-06-16T16:56:15","modified_gmt":"2023-06-16T16:56:15","slug":"bookyway-recensione","status":"publish","type":"page","link":"https:\/\/www.accuratereviews.com\/it\/software-fitness-lista\/bookyway-recensione\/","title":{"rendered":"BookyWay"},"content":{"rendered":"<p><strong>BookyWay<\/strong> \u00e8 un&#8217;applicazione di prenotazione basata sul web progettata per aiutare le<strong> aziende del fitness<\/strong> e altri settori a consentire ai membri di prenotare lezioni o fasce orarie per accedere alle sale attrezzature. La piattaforma consente ai team di creare corsi e lezioni da tablet o PC, che possono essere condivisi con i membri utilizzando l&#8217;applicazione gratuita.<br \/>\nLe funzionalit\u00e0 principali includono: lezioni di video web, pagamenti in-app, liste di attesa, rilevare le assenze, link di registrazione, limite di visibilit\u00e0 dell&#8217;app, abbonamento in scadenza, condivisione sui social e galleria fotografica. Gli istruttori possono condurre lezioni video in diretta dal programma e i clienti possono frequentare le lezioni guardando l&#8217;istruttore in modalit\u00e0 &#8220;live&#8221; da casa.<\/p>\n<h2>BOOKYWAY &#8211; TUTORIAL<\/h2>\n<div id=\"fluid-wrapper-counter-1\" class=\"g1-fluid-wrapper \" style=\"width:686px;\">\n<div style=\"padding-bottom:56.268221574344%;\"><iframe loading=\"lazy\" title=\"Create Classes and Activities\" width=\"686\" height=\"386\" src=\"https:\/\/www.youtube.com\/embed\/zBYTsV6Q3PY?feature=oembed&amp;wmode=transparent&amp;autohide=1&amp;autoplay=0&amp;disablekb=0&amp;fs=1&amp;loop=0&amp;enablejsapi=1&amp;rel=0&amp;controls=2&amp;showinfo=0&amp;wmode=transparent&amp;autohide=2&amp;autoplay=0&amp;disablekb=0&amp;fs=1&amp;loop=0&amp;enablejsapi=1&amp;rel=0&amp;controls=2&amp;showinfo=1\" frameborder=\"0\" allow=\"accelerometer; autoplay; clipboard-write; encrypted-media; gyroscope; picture-in-picture; web-share\" allowfullscreen><\/iframe><\/div>\n<\/div>\n<h3>BOOKYWAY &#8211; CARATTERISTICHE<\/h3>\n<ul>\n<li><strong>Video lezioni web live<\/strong>: l\u2019integrazione con tutte le piattaforme di \u201cconference\u201d permette agli iscritti di partecipare alla diretta cliccando un apposito pulsante che nasconde il link.<\/li>\n<li><strong>Creazione e gestione di lezioni o attivit\u00e0 con crediti<\/strong>: ideale per gestire \u201cpacchetti pre-acquistati\u201d di lezioni o attivit\u00e0, con crediti scalabili in automatico all\u2019iscrizione.<\/li>\n<li><strong>Pagamenti in app<\/strong>: i clienti possono acquistare dall\u2019app uno dei pacchetti di crediti da te proposti per iscriversi alle tue attivit\u00e0 e i soldi arrivano direttamente su un tuo conto stirpe.<\/li>\n<li><strong>Funzione istruttori<\/strong>: gli istruttori potranno, dall\u2019app, vedere le proprie attivit\u00e0 e \u2013 a discrezione dell\u2019amministratore \u2013 i nomi e info degli iscritti.<\/li>\n<li><strong>Liste di attesa<\/strong>: possibilit\u00e0 di gestire il passaggio dalla lista di attesa alla lezione\/attivit\u00e0 (quando si liberano posti) con procedura manuale o automatizzata.<\/li>\n<li><strong>Gestione delle assenze<\/strong>: l\u2019amministratore pu\u00f2 segnare le assenze (di chi non ha disdetto in tempo) che verranno poi ordinate in un report.<\/li>\n<li>Limiti settimanali d\u2019iscrizione: possibilit\u00e0 di assegnare dei limiti settimanali d\u2019iscrizione alle lezioni\/attivit\u00e0 a tutta l\u2019anagrafica o personalizzati per utente.<\/li>\n<li><strong>Iscrizioni multiple<\/strong>: possibilit\u00e0 d\u2019iscrivere velocemente un utente a pi\u00f9 lezioni\/attivit\u00e0 del calendario.<\/li>\n<li><strong>Gestione degli abbonamenti<\/strong>: gli utenti con abbonamento scaduto potranno vedere corsi, lezioni e attivit\u00e0 dall\u2019app ma non prenotarsi. Solo l\u2019amministratore potr\u00e0 farlo.<\/li>\n<li><strong>Scadenze certificati medici<\/strong>: report ordinabile per le scadenze e visualizzazione della scadenza sull\u2019app dell\u2019utente.<\/li>\n<li><strong>Condivisione corsi\/lezioni\/attivit\u00e0<\/strong>: possibilit\u00e0 da parte dell\u2019utente di pubblicare i corsi\/lezioni\/attivit\u00e0 (con tutte le informazioni e posti ancora disponibili) sul social preferito o inviarli su whatsapp o sms con un tap.<\/li>\n<li><strong>Scadenza personalizzata<\/strong>: possibilit\u00e0 di aggiungere una scadenza personalizzata relativa alla propria attivit\u00e0 che blocca l\u2019iscrizione se non \u00e8 inserita o con data scaduta.<\/li>\n<li><strong>Collegamenti familiari:<\/strong> possibilit\u00e0 di collegare a un cliente pi\u00f9 account per permettergli di gestire le prenotazioni dei figli.<\/li>\n<li><strong>Statistiche rendimento lezioni:<\/strong> analisi del rendimento delle lezioni e delle attivit\u00e0 attraverso un sofisticato grafico aggiornabile in tempo reale su fascia oraria e periodo temporale.<\/li>\n<li><strong>Report attivit\u00e0 clienti:<\/strong> possibilit\u00e0 di scaricare report dettagliati (passati e futuri) sulle presenze alle varie attivit\u00e0, sull\u2019utilizzo dei crediti e sulle anagrafiche.<\/li>\n<li><strong>Anagrafiche utenti\/amministratori<\/strong>: gestione delle anagrafiche con nome, cognome, nickname, telefono, scadenza abbonamento e certificato medico, limite iscrizione, crediti, note e gestione di eventuali profili per diversi livelli di amministrazione.<\/li>\n<li><strong>Foto emozionali lezioni\/attivit\u00e0<\/strong>: inserimento foto a scelta dalla galleria \u00a0(tra pi\u00f9 di 400 foto ordinate per 30 diverse categorie), da associare alle lezioni o alle attivit\u00e0 , che verranno poi visualizzate sullo smartphone.<\/li>\n<\/ul>\n<h4>LE RECENSIONI DEGLI UTENTI<\/h4>\n<p><strong>Silvia &#8220;Intuitivo e personalizzabile&#8221;<\/strong><br \/>\n<strong>Commenti<\/strong>: Ottima!! Non lo lascio pi\u00f9<br \/>\n<strong>Pro<\/strong>: Facile da usare, intuitivo economico e sempre in aggiornamento<br \/>\n<strong>Contro<\/strong>: Nel mio caso sarebbe utilissimo interfacciare il calendario con Calendar, o ricevere avvisi se il cliente si prenota<\/p>\n<p><strong>Marko &#8220;BookyWay \u00e8 diventato uno strumento prezioso per le prenotazioni dei clienti.&#8221;<\/strong><br \/>\n<strong>Commenti:<\/strong> BookyWay \u00e8 diventato insostituibile. Anche i clienti hanno apprezzato moltissimo che la nostra associazione abbia scelto questo prodotto per le prenotazioni. Ci ha semplificato la gestione delle prenotazioni e quella degli abbonamenti e pacchetti ad entrate.<br \/>\n<strong>Pro<\/strong>: La funzione pi\u00f9 importante e fondamentale per noi \u00e8 la prenotazione dei clienti che una volta veniva gestita via messaggio, WhatsApp ed e-mail.<br \/>\n<strong>Contro:<\/strong> Ci piacerebbe molto poter copiare settimanalmente le lezioni create, che generalmente sono sempre le stesse. Ora ogni settimana dobbiamo ricreare le lezioni.<\/p>\n<p><strong>Christian David &#8220;Perfetta&#8221;<\/strong><br \/>\n<strong>Commenti:<\/strong> Il mio lavoro si \u00e8 drasticamente semplificato ed \u00e8 una cosa magnifica<br \/>\n<strong>Pro:<\/strong> \u00c8 tutto ci\u00f2 che cercavo e molto pi\u00f9. Ben strutturata e facile da usare. I miei clienti ne vanno pazzi<br \/>\n<strong>Contro:<\/strong> Nulla ha tutto ci\u00f2 che mi serve per rendere pi\u00f9 facile il mio lavoro.<\/p>\n","protected":false},"excerpt":{"rendered":"<p>BookyWay \u00e8 un&#8217;applicazione di prenotazione basata sul web progettata per aiutare le aziende del fitness e altri settori a consentire ai membri di prenotare lezioni o fasce orarie per accedere alle sale attrezzature. La piattaforma consente ai team di creare corsi e lezioni da tablet o PC, che possono essere condivisi con i membri utilizzando l&#8217;applicazione gratuita.<\/p>\n","protected":false},"author":19,"featured_media":70162,"parent":25524,"menu_order":0,"comment_status":"open","ping_status":"closed","template":"g1_template_page_review_new.php","meta":{"_acf_changed":false,"cwp_meta_box_check":"Yes","cwp_rev_product_name":"","cwp_rev_product_image":"","wppr_links":[],"cwp_rev_price":"0.00","wppr_options":[{"name":"Usability","value":"0"},{"name":"Speed","value":"0"},{"name":"Features","value":"0"},{"name":"Support","value":"0"},{"name":"Pricing","value":"0"}],"wppr_pros":["","","","",""],"wppr_cons":["","","","",""],"_monsterinsights_skip_tracking":false,"_monsterinsights_sitenote_active":false,"_monsterinsights_sitenote_note":"","_monsterinsights_sitenote_category":0,"footnotes":""},"categories":[2629],"tags":[14451,2630,14330,14344,14327,14331,14326],"features":[],"class_list":{"0":"post-70161","1":"page","2":"type-page","3":"status-publish","4":"has-post-thumbnail","6":"category-fitness-software","7":"tag-bookyway","8":"tag-fitness-software","9":"tag-gestionale-palestre","10":"tag-piattaforma-gestionale-palestre","11":"tag-programma-gestionale-palestre","12":"tag-software-gestionale-palestre","13":"tag-soluzione-gestionale-palestre"},"wppr_data":{"cwp_meta_box_check":"Yes","_wppr_review_template":"default","cwp_rev_product_image":"","cwp_image_link":"image","wppr_links":[],"cwp_rev_price":"0.00","wppr_pros":["","","","",""],"wppr_cons":["","","","",""],"wppr_rating":"0.00","wppr_options":{"1":{"name":"Usability","value":"0"},"2":{"name":"Speed","value":"0"},"3":{"name":"Features","value":"0"},"4":{"name":"Support","value":"0"},"5":{"name":"Pricing","value":"0"}},"wppr_review_type":"Product","wppr_review_custom_fields":{"additionalProperty":"","additionalType":"","aggregateRating":"","alternateName":"","audience":"","award":"","awards":"","brand":"","color":"","depth":"","description":"","disambiguatingDescription":"","gtin12":"","gtin13":"","gtin14":"","gtin8":"","height":"","identifier":"","image":"","isAccessoryOrSparePartFor":"","isConsumableFor":"","isRelatedTo":"","isSimilarTo":"","itemCondition":"","logo":"","mainEntityOfPage":"","manufacturer":"","material":"","model":"","mpn":"","name":"","offers":"","potentialAction":"","productID":"","productionDate":"","purchaseDate":"","releaseDate":"","review":"","reviews":"","sameAs":"","sku":"","slogan":"","subjectOf":"","url":"","weight":"","width":""}},"acf":[],"yoast_head":"<!-- This site is optimized with the Yoast SEO plugin v27.4 - https:\/\/yoast.com\/product\/yoast-seo-wordpress\/ -->\n<title>BookyWay: recensione gestionale palestre - Accurate Reviews<\/title>\n<meta name=\"description\" content=\"BookyWay: recensione un&#039;applicazione di prenotazione basata sul web progettata per aiutare le aziende del fitness e altri settori.\" \/>\n<meta name=\"robots\" content=\"index, follow, max-snippet:-1, max-image-preview:large, max-video-preview:-1\" \/>\n<link rel=\"canonical\" href=\"https:\/\/www.accuratereviews.com\/it\/software-fitness-lista\/bookyway-recensione\/\" \/>\n<meta property=\"og:locale\" content=\"it_IT\" \/>\n<meta property=\"og:type\" content=\"article\" \/>\n<meta property=\"og:title\" content=\"BookyWay: recensione gestionale palestre - Accurate Reviews\" \/>\n<meta property=\"og:description\" content=\"BookyWay: recensione un&#039;applicazione di prenotazione basata sul web progettata per aiutare le aziende del fitness e altri settori.\" \/>\n<meta property=\"og:url\" content=\"https:\/\/www.accuratereviews.com\/it\/software-fitness-lista\/bookyway-recensione\/\" \/>\n<meta property=\"og:site_name\" content=\"Accurate Reviews\" \/>\n<meta property=\"og:image\" content=\"https:\/\/www.accuratereviews.com\/wp-content\/uploads\/2023\/06\/bookyway.png\" \/>\n\t<meta property=\"og:image:width\" content=\"512\" \/>\n\t<meta property=\"og:image:height\" content=\"250\" \/>\n\t<meta property=\"og:image:type\" content=\"image\/png\" \/>\n<meta name=\"twitter:card\" content=\"summary_large_image\" \/>\n<meta name=\"twitter:label1\" content=\"Tempo di lettura stimato\" \/>\n\t<meta name=\"twitter:data1\" content=\"4 minuti\" \/>\n<script type=\"application\/ld+json\" class=\"yoast-schema-graph\">{\"@context\":\"https:\\\/\\\/schema.org\",\"@graph\":[{\"@type\":\"WebPage\",\"@id\":\"https:\\\/\\\/www.accuratereviews.com\\\/it\\\/software-fitness-lista\\\/bookyway-recensione\\\/\",\"url\":\"https:\\\/\\\/www.accuratereviews.com\\\/it\\\/software-fitness-lista\\\/bookyway-recensione\\\/\",\"name\":\"BookyWay: recensione gestionale palestre - Accurate Reviews\",\"isPartOf\":{\"@id\":\"https:\\\/\\\/www.accuratereviews.com\\\/it\\\/#website\"},\"primaryImageOfPage\":{\"@id\":\"https:\\\/\\\/www.accuratereviews.com\\\/it\\\/software-fitness-lista\\\/bookyway-recensione\\\/#primaryimage\"},\"image\":{\"@id\":\"https:\\\/\\\/www.accuratereviews.com\\\/it\\\/software-fitness-lista\\\/bookyway-recensione\\\/#primaryimage\"},\"thumbnailUrl\":\"https:\\\/\\\/www.accuratereviews.com\\\/wp-content\\\/uploads\\\/2023\\\/06\\\/bookyway.png\",\"datePublished\":\"2023-06-16T16:56:15+00:00\",\"description\":\"BookyWay: recensione un'applicazione di prenotazione basata sul web progettata per aiutare le aziende del fitness e altri settori.\",\"breadcrumb\":{\"@id\":\"https:\\\/\\\/www.accuratereviews.com\\\/it\\\/software-fitness-lista\\\/bookyway-recensione\\\/#breadcrumb\"},\"inLanguage\":\"it-IT\",\"potentialAction\":[{\"@type\":\"ReadAction\",\"target\":[\"https:\\\/\\\/www.accuratereviews.com\\\/it\\\/software-fitness-lista\\\/bookyway-recensione\\\/\"]}]},{\"@type\":\"ImageObject\",\"inLanguage\":\"it-IT\",\"@id\":\"https:\\\/\\\/www.accuratereviews.com\\\/it\\\/software-fitness-lista\\\/bookyway-recensione\\\/#primaryimage\",\"url\":\"https:\\\/\\\/www.accuratereviews.com\\\/wp-content\\\/uploads\\\/2023\\\/06\\\/bookyway.png\",\"contentUrl\":\"https:\\\/\\\/www.accuratereviews.com\\\/wp-content\\\/uploads\\\/2023\\\/06\\\/bookyway.png\",\"width\":512,\"height\":250},{\"@type\":\"BreadcrumbList\",\"@id\":\"https:\\\/\\\/www.accuratereviews.com\\\/it\\\/software-fitness-lista\\\/bookyway-recensione\\\/#breadcrumb\",\"itemListElement\":[{\"@type\":\"ListItem\",\"position\":1,\"name\":\"Home\",\"item\":\"https:\\\/\\\/www.accuratereviews.com\\\/it\\\/\"},{\"@type\":\"ListItem\",\"position\":2,\"name\":\"Software per fitness\",\"item\":\"https:\\\/\\\/www.accuratereviews.com\\\/it\\\/software-fitness-lista\\\/\"},{\"@type\":\"ListItem\",\"position\":3,\"name\":\"BookyWay\"}]},{\"@type\":\"WebSite\",\"@id\":\"https:\\\/\\\/www.accuratereviews.com\\\/it\\\/#website\",\"url\":\"https:\\\/\\\/www.accuratereviews.com\\\/it\\\/\",\"name\":\"Accurate Reviews\",\"description\":\"\",\"potentialAction\":[{\"@type\":\"SearchAction\",\"target\":{\"@type\":\"EntryPoint\",\"urlTemplate\":\"https:\\\/\\\/www.accuratereviews.com\\\/it\\\/?s={search_term_string}\"},\"query-input\":{\"@type\":\"PropertyValueSpecification\",\"valueRequired\":true,\"valueName\":\"search_term_string\"}}],\"inLanguage\":\"it-IT\"}]}<\/script>\n<!-- \/ Yoast SEO plugin. -->","yoast_head_json":{"title":"BookyWay: recensione gestionale palestre - Accurate Reviews","description":"BookyWay: recensione un'applicazione di prenotazione basata sul web progettata per aiutare le aziende del fitness e altri settori.","robots":{"index":"index","follow":"follow","max-snippet":"max-snippet:-1","max-image-preview":"max-image-preview:large","max-video-preview":"max-video-preview:-1"},"canonical":"https:\/\/www.accuratereviews.com\/it\/software-fitness-lista\/bookyway-recensione\/","og_locale":"it_IT","og_type":"article","og_title":"BookyWay: recensione gestionale palestre - Accurate Reviews","og_description":"BookyWay: recensione un'applicazione di prenotazione basata sul web progettata per aiutare le aziende del fitness e altri settori.","og_url":"https:\/\/www.accuratereviews.com\/it\/software-fitness-lista\/bookyway-recensione\/","og_site_name":"Accurate Reviews","og_image":[{"width":512,"height":250,"url":"https:\/\/www.accuratereviews.com\/wp-content\/uploads\/2023\/06\/bookyway.png","type":"image\/png"}],"twitter_card":"summary_large_image","twitter_misc":{"Tempo di lettura stimato":"4 minuti"},"schema":{"@context":"https:\/\/schema.org","@graph":[{"@type":"WebPage","@id":"https:\/\/www.accuratereviews.com\/it\/software-fitness-lista\/bookyway-recensione\/","url":"https:\/\/www.accuratereviews.com\/it\/software-fitness-lista\/bookyway-recensione\/","name":"BookyWay: recensione gestionale palestre - Accurate Reviews","isPartOf":{"@id":"https:\/\/www.accuratereviews.com\/it\/#website"},"primaryImageOfPage":{"@id":"https:\/\/www.accuratereviews.com\/it\/software-fitness-lista\/bookyway-recensione\/#primaryimage"},"image":{"@id":"https:\/\/www.accuratereviews.com\/it\/software-fitness-lista\/bookyway-recensione\/#primaryimage"},"thumbnailUrl":"https:\/\/www.accuratereviews.com\/wp-content\/uploads\/2023\/06\/bookyway.png","datePublished":"2023-06-16T16:56:15+00:00","description":"BookyWay: recensione un'applicazione di prenotazione basata sul web progettata per aiutare le aziende del fitness e altri settori.","breadcrumb":{"@id":"https:\/\/www.accuratereviews.com\/it\/software-fitness-lista\/bookyway-recensione\/#breadcrumb"},"inLanguage":"it-IT","potentialAction":[{"@type":"ReadAction","target":["https:\/\/www.accuratereviews.com\/it\/software-fitness-lista\/bookyway-recensione\/"]}]},{"@type":"ImageObject","inLanguage":"it-IT","@id":"https:\/\/www.accuratereviews.com\/it\/software-fitness-lista\/bookyway-recensione\/#primaryimage","url":"https:\/\/www.accuratereviews.com\/wp-content\/uploads\/2023\/06\/bookyway.png","contentUrl":"https:\/\/www.accuratereviews.com\/wp-content\/uploads\/2023\/06\/bookyway.png","width":512,"height":250},{"@type":"BreadcrumbList","@id":"https:\/\/www.accuratereviews.com\/it\/software-fitness-lista\/bookyway-recensione\/#breadcrumb","itemListElement":[{"@type":"ListItem","position":1,"name":"Home","item":"https:\/\/www.accuratereviews.com\/it\/"},{"@type":"ListItem","position":2,"name":"Software per fitness","item":"https:\/\/www.accuratereviews.com\/it\/software-fitness-lista\/"},{"@type":"ListItem","position":3,"name":"BookyWay"}]},{"@type":"WebSite","@id":"https:\/\/www.accuratereviews.com\/it\/#website","url":"https:\/\/www.accuratereviews.com\/it\/","name":"Accurate Reviews","description":"","potentialAction":[{"@type":"SearchAction","target":{"@type":"EntryPoint","urlTemplate":"https:\/\/www.accuratereviews.com\/it\/?s={search_term_string}"},"query-input":{"@type":"PropertyValueSpecification","valueRequired":true,"valueName":"search_term_string"}}],"inLanguage":"it-IT"}]}},"_links":{"self":[{"href":"https:\/\/www.accuratereviews.com\/it\/wp-json\/wp\/v2\/pages\/70161","targetHints":{"allow":["GET"]}}],"collection":[{"href":"https:\/\/www.accuratereviews.com\/it\/wp-json\/wp\/v2\/pages"}],"about":[{"href":"https:\/\/www.accuratereviews.com\/it\/wp-json\/wp\/v2\/types\/page"}],"author":[{"embeddable":true,"href":"https:\/\/www.accuratereviews.com\/it\/wp-json\/wp\/v2\/users\/19"}],"replies":[{"embeddable":true,"href":"https:\/\/www.accuratereviews.com\/it\/wp-json\/wp\/v2\/comments?post=70161"}],"version-history":[{"count":9,"href":"https:\/\/www.accuratereviews.com\/it\/wp-json\/wp\/v2\/pages\/70161\/revisions"}],"predecessor-version":[{"id":70177,"href":"https:\/\/www.accuratereviews.com\/it\/wp-json\/wp\/v2\/pages\/70161\/revisions\/70177"}],"up":[{"embeddable":true,"href":"https:\/\/www.accuratereviews.com\/it\/wp-json\/wp\/v2\/pages\/25524"}],"wp:featuredmedia":[{"embeddable":true,"href":"https:\/\/www.accuratereviews.com\/it\/wp-json\/wp\/v2\/media\/70162"}],"wp:attachment":[{"href":"https:\/\/www.accuratereviews.com\/it\/wp-json\/wp\/v2\/media?parent=70161"}],"wp:term":[{"taxonomy":"category","embeddable":true,"href":"https:\/\/www.accuratereviews.com\/it\/wp-json\/wp\/v2\/categories?post=70161"},{"taxonomy":"post_tag","embeddable":true,"href":"https:\/\/www.accuratereviews.com\/it\/wp-json\/wp\/v2\/tags?post=70161"},{"taxonomy":"features","embeddable":true,"href":"https:\/\/www.accuratereviews.com\/it\/wp-json\/wp\/v2\/features?post=70161"}],"curies":[{"name":"wp","href":"https:\/\/api.w.org\/{rel}","templated":true}]}}