{"id":70234,"date":"2023-06-21T13:40:41","date_gmt":"2023-06-21T13:40:41","guid":{"rendered":"https:\/\/www.accuratereviews.com\/?page_id=70234"},"modified":"2023-06-21T14:10:28","modified_gmt":"2023-06-21T14:10:28","slug":"trainerize-recensione","status":"publish","type":"page","link":"https:\/\/www.accuratereviews.com\/it\/software-fitness-lista\/trainerize-recensione\/","title":{"rendered":"Trainerize"},"content":{"rendered":"<p><strong>Trainerize<\/strong> \u00e8 una <strong>soluzione di personal training<\/strong> web e mobile per centri benessere, professionisti del fitness e chiunque faccia sport. Aiuta i fitness club ad aumentare le proprie entrate semplificando la gestione dei membri e le funzioni di coinvolgimento, nonch\u00e9 automatizzando la consegna dei programmi online.<br \/>\nL&#8217;app mobile permette di creare e offrire programmi di allenamento e piani alimentari e impostare i livelli nutrizionali per aiutare i membri a raggiungere il peso forma o gli obiettivi di fitness. Una funzione di messaggistica in-app collega gli allenatori direttamente con i clienti e migliora i tassi di fidelizzazione e stimolare il coinvolgimento. Funzionalit\u00e0 di ludicizzazione come i badge, assegnati al raggiungimento dei record personali, o la messaggistica simile a una chat in-app aiutano ad aumentare la motivazione del cliente, il quale \u00e8 incoraggiato a condividere i propri risultati sui social media che forniscono pubblicit\u00e0 al tuo centro.<\/p>\n<h2>TRAINERIZE &#8211; TUTORIAL<\/h2>\n<div id=\"fluid-wrapper-counter-1\" class=\"g1-fluid-wrapper \" style=\"width:686px;\">\n<div style=\"padding-bottom:56.268221574344%;\"><iframe loading=\"lazy\" title=\"How to Plan a Group Fitness Challenge | Do THIS First\" width=\"686\" height=\"386\" src=\"https:\/\/www.youtube.com\/embed\/e2a-n2Cl8H8?feature=oembed&amp;wmode=transparent&amp;autohide=1&amp;autoplay=0&amp;disablekb=0&amp;fs=1&amp;loop=0&amp;enablejsapi=1&amp;rel=0&amp;controls=2&amp;showinfo=0&amp;wmode=transparent&amp;autohide=2&amp;autoplay=0&amp;disablekb=0&amp;fs=1&amp;loop=0&amp;enablejsapi=1&amp;rel=0&amp;controls=2&amp;showinfo=1\" frameborder=\"0\" allow=\"accelerometer; autoplay; clipboard-write; encrypted-media; gyroscope; picture-in-picture; web-share\" allowfullscreen><\/iframe><\/div>\n<\/div>\n<h3>TRAINERIZE &#8211; CARATTERISTICHE<\/h3>\n<ul>\n<li><strong>Servizi di fitness personalizzati:<\/strong> crea pacchetti di allenamento e nutrizione online personalizzati e di nicchia utilizzando la vasta libreria di esercizi e potenti funzionalit\u00e0 di modelli e automazione.<\/li>\n<li><strong>App con marchio personalizzato:<\/strong> ottieni la tua app per il fitness con marchio personalizzato per dispositivi mobili e Web, ricca di funzionalit\u00e0.<\/li>\n<li><strong>Impegno di livello superiore:<\/strong> stimola la motivazione e costruisci relazioni pi\u00f9 solide con e tra i tuoi membri utilizzando le funzionalit\u00e0 di messaggistica e videochiamata individuali o di gruppo in-app.<\/li>\n<li><strong>Formazione di gruppo:<\/strong> porta la tua formazione di gruppo online. Fornisci programmi di formazione condivisi, organizza sfide e corsi e sfrutta la motivazione social, il tutto con pochi clic.<\/li>\n<li><strong>Gestione aziendale:<\/strong> elimina la carta con i profili dei clienti, gestisci le sedi fisiche, assegna i clienti ai formatori e imposta pagamenti ricorrenti e una tantum, tutto in un unico posto.<\/li>\n<li><strong>Integrazioni dell&#8217;app:<\/strong> connettiti al tuo software preferito con potenti componenti aggiuntivi tra cui MindBody, Evolution Nutrition, MyFitnessPal, Zapier e altri.<\/li>\n<\/ul>\n<h4>LE RECENSIONI DEGLI UTENTI<\/h4>\n<p><strong>Garrett &#8220;Buono nella maggior parte delle cose, carente in alcune cose fondamentali.&#8221;<\/strong><br \/>\n<strong>Commenti<\/strong>: \u00c8 stato bello. Ho finito per cambiare ma mi \u00e8 piaciuto mentre lo usavo.<br \/>\n<strong>Pro<\/strong>: In realt\u00e0 mi \u00e8 piaciuta molto l&#8217;app mobile. Super ben fatto e facile da comunicare con i clienti in movimento.<br \/>\n<strong>Contro<\/strong>: L&#8217;interfaccia \u00e8 un po&#8217; goffa per gli utenti e potrebbe essere molto pi\u00f9 semplice ed elegante.<\/p>\n<p><strong>Jessica &#8220;Facile da usare e facile da imparare&#8221;<\/strong><br \/>\n<strong>Pro<\/strong>: questo software fa molto per quanto riguarda la personalizzazione del fitness per i clienti, ma ANCHE per i trainer. Inoltre, la qualit\u00e0 dei video \u00e8 eccellente. Puoi scegliere tra il video esplicativo completo o un breve loop del metodo di esercizio. Mi piace anche che tu possa aggiungere esercizi e video personalizzati per i tuoi clienti.<br \/>\n<strong>Contro<\/strong>: Vorrei che ci fossero pi\u00f9 moduli prefabbricati disponibili. Tuttavia, voglio sottolineare che il dettaglio e la qualit\u00e0 della programmazione disponibile sono eccellenti.<\/p>\n<p><strong>Ayesha &#8220;La migliore app per il fitness&#8221;<\/strong><br \/>\n<strong>Pro<\/strong>: Uso questa app da pi\u00f9 di 1 anni e la parte migliore \u00e8 che puoi contattare il tuo trainer in qualsiasi momento attraverso di essa. Ottieni anche demo video personalizzate per ogni esercizio, il che \u00e8 semplicemente fantastico.<br \/>\n<strong>Contro<\/strong>: L&#8217;app a volte \u00e8 lenta e si disconnette se il tuo abbonamento \u00e8 scaduto, questo \u00e8 un male.<\/p>\n","protected":false},"excerpt":{"rendered":"<p>Trainerize \u00e8 una soluzione di personal training web e mobile per centri benessere, professionisti del fitness e chiunque faccia sport. Aiuta i fitness club ad aumentare le proprie entrate semplificando la gestione dei membri e le funzioni di coinvolgimento, nonch\u00e9 automatizzando la consegna dei programmi online.<\/p>\n","protected":false},"author":19,"featured_media":70235,"parent":25524,"menu_order":0,"comment_status":"open","ping_status":"closed","template":"g1_template_page_review_new.php","meta":{"_acf_changed":false,"cwp_meta_box_check":"No","cwp_rev_product_name":"","cwp_rev_product_image":"","wppr_links":[],"cwp_rev_price":"","wppr_options":[],"wppr_pros":[],"wppr_cons":[],"_monsterinsights_skip_tracking":false,"_monsterinsights_sitenote_active":false,"_monsterinsights_sitenote_note":"","_monsterinsights_sitenote_category":0,"footnotes":""},"categories":[2629],"tags":[2630,14330,14344,14327,14331,14326,14457],"features":[],"class_list":{"0":"post-70234","1":"page","2":"type-page","3":"status-publish","4":"has-post-thumbnail","6":"category-fitness-software","7":"tag-fitness-software","8":"tag-gestionale-palestre","9":"tag-piattaforma-gestionale-palestre","10":"tag-programma-gestionale-palestre","11":"tag-software-gestionale-palestre","12":"tag-soluzione-gestionale-palestre","13":"tag-trainerize"},"wppr_data":{"cwp_meta_box_check":"No"},"acf":[],"yoast_head":"<!-- This site is optimized with the Yoast SEO plugin v27.4 - https:\/\/yoast.com\/product\/yoast-seo-wordpress\/ -->\n<title>Trainerize: recensione software fitness - Accurate Reviews<\/title>\n<meta name=\"description\" content=\"Trainerize: recensione soluzione di personal training web e mobile per centri benessere, professionisti del fitness e chiunque faccia sport.\" \/>\n<meta name=\"robots\" content=\"index, follow, max-snippet:-1, max-image-preview:large, max-video-preview:-1\" \/>\n<link rel=\"canonical\" href=\"https:\/\/www.accuratereviews.com\/it\/software-fitness-lista\/trainerize-recensione\/\" \/>\n<meta property=\"og:locale\" content=\"it_IT\" \/>\n<meta property=\"og:type\" content=\"article\" \/>\n<meta property=\"og:title\" content=\"Trainerize: recensione software fitness - Accurate Reviews\" \/>\n<meta property=\"og:description\" content=\"Trainerize: recensione soluzione di personal training web e mobile per centri benessere, professionisti del fitness e chiunque faccia sport.\" \/>\n<meta property=\"og:url\" content=\"https:\/\/www.accuratereviews.com\/it\/software-fitness-lista\/trainerize-recensione\/\" \/>\n<meta property=\"og:site_name\" content=\"Accurate Reviews\" \/>\n<meta property=\"article:modified_time\" content=\"2023-06-21T14:10:28+00:00\" \/>\n<meta property=\"og:image\" content=\"https:\/\/www.accuratereviews.com\/wp-content\/uploads\/2023\/06\/trainerize.jpg\" \/>\n\t<meta property=\"og:image:width\" content=\"364\" \/>\n\t<meta property=\"og:image:height\" content=\"364\" \/>\n\t<meta property=\"og:image:type\" content=\"image\/jpeg\" \/>\n<meta name=\"twitter:card\" content=\"summary_large_image\" \/>\n<meta name=\"twitter:label1\" content=\"Tempo di lettura stimato\" \/>\n\t<meta name=\"twitter:data1\" content=\"3 minuti\" \/>\n<script type=\"application\/ld+json\" class=\"yoast-schema-graph\">{\"@context\":\"https:\\\/\\\/schema.org\",\"@graph\":[{\"@type\":\"WebPage\",\"@id\":\"https:\\\/\\\/www.accuratereviews.com\\\/it\\\/software-fitness-lista\\\/trainerize-recensione\\\/\",\"url\":\"https:\\\/\\\/www.accuratereviews.com\\\/it\\\/software-fitness-lista\\\/trainerize-recensione\\\/\",\"name\":\"Trainerize: recensione software fitness - Accurate Reviews\",\"isPartOf\":{\"@id\":\"https:\\\/\\\/www.accuratereviews.com\\\/it\\\/#website\"},\"primaryImageOfPage\":{\"@id\":\"https:\\\/\\\/www.accuratereviews.com\\\/it\\\/software-fitness-lista\\\/trainerize-recensione\\\/#primaryimage\"},\"image\":{\"@id\":\"https:\\\/\\\/www.accuratereviews.com\\\/it\\\/software-fitness-lista\\\/trainerize-recensione\\\/#primaryimage\"},\"thumbnailUrl\":\"https:\\\/\\\/www.accuratereviews.com\\\/wp-content\\\/uploads\\\/2023\\\/06\\\/trainerize.jpg\",\"datePublished\":\"2023-06-21T13:40:41+00:00\",\"dateModified\":\"2023-06-21T14:10:28+00:00\",\"description\":\"Trainerize: recensione soluzione di personal training web e mobile per centri benessere, professionisti del fitness e chiunque faccia sport.\",\"breadcrumb\":{\"@id\":\"https:\\\/\\\/www.accuratereviews.com\\\/it\\\/software-fitness-lista\\\/trainerize-recensione\\\/#breadcrumb\"},\"inLanguage\":\"it-IT\",\"potentialAction\":[{\"@type\":\"ReadAction\",\"target\":[\"https:\\\/\\\/www.accuratereviews.com\\\/it\\\/software-fitness-lista\\\/trainerize-recensione\\\/\"]}]},{\"@type\":\"ImageObject\",\"inLanguage\":\"it-IT\",\"@id\":\"https:\\\/\\\/www.accuratereviews.com\\\/it\\\/software-fitness-lista\\\/trainerize-recensione\\\/#primaryimage\",\"url\":\"https:\\\/\\\/www.accuratereviews.com\\\/wp-content\\\/uploads\\\/2023\\\/06\\\/trainerize.jpg\",\"contentUrl\":\"https:\\\/\\\/www.accuratereviews.com\\\/wp-content\\\/uploads\\\/2023\\\/06\\\/trainerize.jpg\",\"width\":364,\"height\":364},{\"@type\":\"BreadcrumbList\",\"@id\":\"https:\\\/\\\/www.accuratereviews.com\\\/it\\\/software-fitness-lista\\\/trainerize-recensione\\\/#breadcrumb\",\"itemListElement\":[{\"@type\":\"ListItem\",\"position\":1,\"name\":\"Home\",\"item\":\"https:\\\/\\\/www.accuratereviews.com\\\/it\\\/\"},{\"@type\":\"ListItem\",\"position\":2,\"name\":\"Software per fitness\",\"item\":\"https:\\\/\\\/www.accuratereviews.com\\\/it\\\/software-fitness-lista\\\/\"},{\"@type\":\"ListItem\",\"position\":3,\"name\":\"Trainerize\"}]},{\"@type\":\"WebSite\",\"@id\":\"https:\\\/\\\/www.accuratereviews.com\\\/it\\\/#website\",\"url\":\"https:\\\/\\\/www.accuratereviews.com\\\/it\\\/\",\"name\":\"Accurate Reviews\",\"description\":\"\",\"potentialAction\":[{\"@type\":\"SearchAction\",\"target\":{\"@type\":\"EntryPoint\",\"urlTemplate\":\"https:\\\/\\\/www.accuratereviews.com\\\/it\\\/?s={search_term_string}\"},\"query-input\":{\"@type\":\"PropertyValueSpecification\",\"valueRequired\":true,\"valueName\":\"search_term_string\"}}],\"inLanguage\":\"it-IT\"}]}<\/script>\n<!-- \/ Yoast SEO plugin. -->","yoast_head_json":{"title":"Trainerize: recensione software fitness - Accurate Reviews","description":"Trainerize: recensione soluzione di personal training web e mobile per centri benessere, professionisti del fitness e chiunque faccia sport.","robots":{"index":"index","follow":"follow","max-snippet":"max-snippet:-1","max-image-preview":"max-image-preview:large","max-video-preview":"max-video-preview:-1"},"canonical":"https:\/\/www.accuratereviews.com\/it\/software-fitness-lista\/trainerize-recensione\/","og_locale":"it_IT","og_type":"article","og_title":"Trainerize: recensione software fitness - Accurate Reviews","og_description":"Trainerize: recensione soluzione di personal training web e mobile per centri benessere, professionisti del fitness e chiunque faccia sport.","og_url":"https:\/\/www.accuratereviews.com\/it\/software-fitness-lista\/trainerize-recensione\/","og_site_name":"Accurate Reviews","article_modified_time":"2023-06-21T14:10:28+00:00","og_image":[{"width":364,"height":364,"url":"https:\/\/www.accuratereviews.com\/wp-content\/uploads\/2023\/06\/trainerize.jpg","type":"image\/jpeg"}],"twitter_card":"summary_large_image","twitter_misc":{"Tempo di lettura stimato":"3 minuti"},"schema":{"@context":"https:\/\/schema.org","@graph":[{"@type":"WebPage","@id":"https:\/\/www.accuratereviews.com\/it\/software-fitness-lista\/trainerize-recensione\/","url":"https:\/\/www.accuratereviews.com\/it\/software-fitness-lista\/trainerize-recensione\/","name":"Trainerize: recensione software fitness - Accurate Reviews","isPartOf":{"@id":"https:\/\/www.accuratereviews.com\/it\/#website"},"primaryImageOfPage":{"@id":"https:\/\/www.accuratereviews.com\/it\/software-fitness-lista\/trainerize-recensione\/#primaryimage"},"image":{"@id":"https:\/\/www.accuratereviews.com\/it\/software-fitness-lista\/trainerize-recensione\/#primaryimage"},"thumbnailUrl":"https:\/\/www.accuratereviews.com\/wp-content\/uploads\/2023\/06\/trainerize.jpg","datePublished":"2023-06-21T13:40:41+00:00","dateModified":"2023-06-21T14:10:28+00:00","description":"Trainerize: recensione soluzione di personal training web e mobile per centri benessere, professionisti del fitness e chiunque faccia sport.","breadcrumb":{"@id":"https:\/\/www.accuratereviews.com\/it\/software-fitness-lista\/trainerize-recensione\/#breadcrumb"},"inLanguage":"it-IT","potentialAction":[{"@type":"ReadAction","target":["https:\/\/www.accuratereviews.com\/it\/software-fitness-lista\/trainerize-recensione\/"]}]},{"@type":"ImageObject","inLanguage":"it-IT","@id":"https:\/\/www.accuratereviews.com\/it\/software-fitness-lista\/trainerize-recensione\/#primaryimage","url":"https:\/\/www.accuratereviews.com\/wp-content\/uploads\/2023\/06\/trainerize.jpg","contentUrl":"https:\/\/www.accuratereviews.com\/wp-content\/uploads\/2023\/06\/trainerize.jpg","width":364,"height":364},{"@type":"BreadcrumbList","@id":"https:\/\/www.accuratereviews.com\/it\/software-fitness-lista\/trainerize-recensione\/#breadcrumb","itemListElement":[{"@type":"ListItem","position":1,"name":"Home","item":"https:\/\/www.accuratereviews.com\/it\/"},{"@type":"ListItem","position":2,"name":"Software per fitness","item":"https:\/\/www.accuratereviews.com\/it\/software-fitness-lista\/"},{"@type":"ListItem","position":3,"name":"Trainerize"}]},{"@type":"WebSite","@id":"https:\/\/www.accuratereviews.com\/it\/#website","url":"https:\/\/www.accuratereviews.com\/it\/","name":"Accurate Reviews","description":"","potentialAction":[{"@type":"SearchAction","target":{"@type":"EntryPoint","urlTemplate":"https:\/\/www.accuratereviews.com\/it\/?s={search_term_string}"},"query-input":{"@type":"PropertyValueSpecification","valueRequired":true,"valueName":"search_term_string"}}],"inLanguage":"it-IT"}]}},"_links":{"self":[{"href":"https:\/\/www.accuratereviews.com\/it\/wp-json\/wp\/v2\/pages\/70234","targetHints":{"allow":["GET"]}}],"collection":[{"href":"https:\/\/www.accuratereviews.com\/it\/wp-json\/wp\/v2\/pages"}],"about":[{"href":"https:\/\/www.accuratereviews.com\/it\/wp-json\/wp\/v2\/types\/page"}],"author":[{"embeddable":true,"href":"https:\/\/www.accuratereviews.com\/it\/wp-json\/wp\/v2\/users\/19"}],"replies":[{"embeddable":true,"href":"https:\/\/www.accuratereviews.com\/it\/wp-json\/wp\/v2\/comments?post=70234"}],"version-history":[{"count":10,"href":"https:\/\/www.accuratereviews.com\/it\/wp-json\/wp\/v2\/pages\/70234\/revisions"}],"predecessor-version":[{"id":70254,"href":"https:\/\/www.accuratereviews.com\/it\/wp-json\/wp\/v2\/pages\/70234\/revisions\/70254"}],"up":[{"embeddable":true,"href":"https:\/\/www.accuratereviews.com\/it\/wp-json\/wp\/v2\/pages\/25524"}],"wp:featuredmedia":[{"embeddable":true,"href":"https:\/\/www.accuratereviews.com\/it\/wp-json\/wp\/v2\/media\/70235"}],"wp:attachment":[{"href":"https:\/\/www.accuratereviews.com\/it\/wp-json\/wp\/v2\/media?parent=70234"}],"wp:term":[{"taxonomy":"category","embeddable":true,"href":"https:\/\/www.accuratereviews.com\/it\/wp-json\/wp\/v2\/categories?post=70234"},{"taxonomy":"post_tag","embeddable":true,"href":"https:\/\/www.accuratereviews.com\/it\/wp-json\/wp\/v2\/tags?post=70234"},{"taxonomy":"features","embeddable":true,"href":"https:\/\/www.accuratereviews.com\/it\/wp-json\/wp\/v2\/features?post=70234"}],"curies":[{"name":"wp","href":"https:\/\/api.w.org\/{rel}","templated":true}]}}