{"id":70264,"date":"2023-06-22T13:55:39","date_gmt":"2023-06-22T13:55:39","guid":{"rendered":"https:\/\/www.accuratereviews.com\/?page_id=70264"},"modified":"2023-06-22T14:12:32","modified_gmt":"2023-06-22T14:12:32","slug":"rezeve-recensione","status":"publish","type":"page","link":"https:\/\/www.accuratereviews.com\/it\/software-fitness-lista\/rezeve-recensione\/","title":{"rendered":"Rezeve"},"content":{"rendered":"<p><strong>Rezeve<\/strong> consente alle aziende di servizi come <strong>studi di fitness<\/strong>, boutique e liberi professionisti di creare siti web e app brandizzate in un attimo. La soluzione di gestione aziendale comprende pianificazione e prenotazione, gestione delle lezioni, pacchetti e abbonamenti, metodi di pagamento locali integrati, programmi fedelt\u00e0, prenotazione spot e di gruppo, pacchetti condivisibili, account famiglia e integrazione ClassPass.<br \/>\nIl modulo di reporting consente ai team di ottenere informazioni dettagliate sulle vendite e sulle prestazioni.<\/p>\n<h2>REZEVE &#8211; TUTORIAL<\/h2>\n<div id=\"fluid-wrapper-counter-1\" class=\"g1-fluid-wrapper \" style=\"width:686px;\">\n<div style=\"padding-bottom:56.268221574344%;\"><iframe loading=\"lazy\" title=\"Quick Guide Step 5: How to Create Class Schedules?\" width=\"686\" height=\"386\" src=\"https:\/\/www.youtube.com\/embed\/JJOa4nvUuxg?feature=oembed&amp;wmode=transparent&amp;autohide=1&amp;autoplay=0&amp;disablekb=0&amp;fs=1&amp;loop=0&amp;enablejsapi=1&amp;rel=0&amp;controls=2&amp;showinfo=0&amp;wmode=transparent&amp;autohide=2&amp;autoplay=0&amp;disablekb=0&amp;fs=1&amp;loop=0&amp;enablejsapi=1&amp;rel=0&amp;controls=2&amp;showinfo=1\" frameborder=\"0\" allow=\"accelerometer; autoplay; clipboard-write; encrypted-media; gyroscope; picture-in-picture; web-share\" allowfullscreen><\/iframe><\/div>\n<\/div>\n<h3>REZEVE &#8211; CARATTERISTICHE<\/h3>\n<ul>\n<li><strong>Il sito web e la app personalizzati:<\/strong> la tua attivit\u00e0 \u00e8 una tela bianca che aspetta di essere progettata. Con il costruttore di siti web flessibile e facile da usare.<\/li>\n<li><strong>Abbonamenti, pacchetti, corsi ed eventi<\/strong>: hai tutto ci\u00f2 di cui hai bisogno per essere un imprenditore del fitness. Vendi e noleggia servizi, eventi e prodotti per la tua palestra.<\/li>\n<li><strong>Programmazione e prenotazione<\/strong>: massimizza la tua attivit\u00e0 in modo efficiente gestendo orari e disponibilit\u00e0. Offri ai tuoi clienti la migliore esperienza rendendo le prenotazioni un&#8217;esperienza piacevole.<\/li>\n<li><strong>Prenotazione in loco<\/strong>: dai ai tuoi clienti il potere di prenotare i loro ambiti allenamenti con pochi tocchi, grazie all&#8217;interfaccia fantastica e super-semplice.<\/li>\n<li><strong>Pacchetti condivisibili<\/strong>: crea pacchetti condivisibili tra membri e luoghi diversi e porta con te gli ospiti per il viaggio<\/li>\n<li><strong>Prenotazione di gruppo<\/strong>: raduna la tua squadra, perch\u00e9 l&#8217;esperienza di prenotazione di gruppo amplifica il divertimento di allenarsi insieme! La prenotazione di gruppo consente ai tuoi clienti di prenotare per pi\u00f9 ospiti contemporaneamente.<\/li>\n<li><strong>Conto di famiglia<\/strong>: scatena i tuoi piccoli campioni creando account per bambini e prenota lezioni per loro con facilit\u00e0, il tutto senza bisogno che abbiano la loro email o numero di telefono.<\/li>\n<li><strong>VIP e pacchetti speciali<\/strong>: dai ai tuoi membri VIP il rispetto che meritano dandogli accesso a pacchetti speciali che altrimenti sarebbero nascosti ai normali membri.<\/li>\n<li><strong>Gestione presenze e check-in<\/strong>: elimina le attivit\u00e0 che fanno perdere tempo con il check-in automatizzato con codice QR e lascia che il tuo personale si concentri su altre attivit\u00e0 importanti.<\/li>\n<li><strong>Impostazioni avanzate per la lista d&#8217;attesa e la cancellazione<\/strong>: personalizza la tua lista d&#8217;attesa e le impostazioni di cancellazione per le singole classi in diverse localit\u00e0.<\/li>\n<li><strong>Approfondimenti e reportistica<\/strong>: prendi decisioni intelligenti guidate da dati in tempo reale. Scopri quando aumentare o diminuire il personale, cosa vogliono veramente i tuoi clienti e se la tua azienda sta massimizzando il suo pieno potenziale.<\/li>\n<li><strong>Calcolo stipendi e provvigioni:<\/strong> calcola automaticamente quanto dovresti pagare al tuo staff e ai formatori in base alle prestazioni e al numero di lezioni che hanno condotto mensilmente.<\/li>\n<li><strong>Congelare ed estendere gli abbonamenti<\/strong>: con il potente back-end, puoi bloccare o estendere facilmente gli abbonamenti e i pacchetti dei clienti in modo da avere sempre il pieno controllo.<\/li>\n<li><strong>Metodi di pagamento locali:<\/strong> consenti ai tuoi clienti di pagare tramite carte di credito e metodi di pagamento locali come PayNow!<\/li>\n<li><strong>Strumento di marketing integrato<\/strong>: semplifica la vita della tua azienda con gli strumenti di automazione del marketing di Rezeve. Invia regali di compleanno e promuovi nuovi servizi per far tornare i clienti nuovi e attuali.<\/li>\n<li><strong>Valutazione e feedback:<\/strong> i clienti sono sempre desiderosi di fornire un feedback sul servizio che hanno ricevuto da te.<\/li>\n<\/ul>\n<h4>LE RECENSIONI DEGLI UTENTI<\/h4>\n<p><strong>Zedong &#8220;Protagonista emergente&#8221;<\/strong><br \/>\n<strong>Commenti<\/strong>: Tra i grandi marchi come Mindbody e Glofox, Rezeve \u00e8 decisamente in arrivo. La nostra esperienza con loro negli ultimi mesi \u00e8 stata finora collaborativa e integrativa. Le comunicazioni per il supporto tecnico nello stesso fuso orario e sapere che hanno un ufficio fisico a livello locale aiuta molto! In attesa di molte delle loro funzionalit\u00e0 annunciate che li metteranno in un altro campionato con i grandi nomi<br \/>\n<strong>Pro<\/strong>: L&#8217;intero team, \u00e8 pronto a rispondere e si dedica alla risoluzione dei problemi e all&#8217;elaborazione di funzionalit\u00e0 utili per gli utenti finali.<br \/>\n<strong>Contro<\/strong>: Ci sono ancora alcune funzioni e caratteristiche importanti non ancora disponibili e in fase di realizzazione. Questo rende gli utenti bisognosi di una soluzione alternativa per ora.<\/p>\n<p><strong>Natcha &#8220;Eccellente sistema di gestione della palestra&#8221;<\/strong><br \/>\n<strong>Commenti<\/strong>: Finora \u00e8 stata un&#8217;esperienza fantastica utilizzare Rezeve per le nostre esigenze di gestione dello studio. Molto facile da usare e non richiede una formazione complessa sul sistema.<br \/>\n<strong>Pro<\/strong>: La piattaforma \u00e8 user-friendly e l&#8217;interfaccia \u00e8 molto facile da navigare. Il team \u00e8 stato eccezionale nel fornire supporto e accettare consigli e feedback.<br \/>\n<strong>Contro<\/strong>: Altre funzionalit\u00e0 su CRM potrebbero essere pi\u00f9 vantaggiose come i promemoria di notifica via e-mail sulla scadenza del pacchetto e l&#8217;e-mail di compleanno.<\/p>\n<p><strong>Jade &#8220;La migliore piattaforma di prenotazione e pagamento&#8221;<\/strong><br \/>\n<strong>Commenti<\/strong>: l team di supporto sono fantastici, dal momento in cui ho avuto una chiamata introduttiva, \u00e8 stato disponibile e mi ha mostrato tutto ci\u00f2 che offrivano. All&#8217;inizio \u00e8 stato il prezzo ad attrarmi, oltre al fatto che si tratta di un business locale, e poi, quando ho iniziato l&#8217;installazione, sono rimasto sbalordito dal servizio offerto. Il team continua ad aiutarmi, con qualsiasi problema (sono fortemente guidati dal cliente) Per quanto riguarda la piattaforma, l&#8217;installazione \u00e8 stata cos\u00ec semplice e il team \u00e8 sempre solo un messaggio di distanza. \u00c8 facile da usare e non vedo l&#8217;ora che venga lanciata l&#8217;app.<br \/>\n<strong>Pro<\/strong>: Il team di Rezeve ha creato una piattaforma fantastica che non \u00e8 solo economica, ma anche facile da usare e che ha anche un bell&#8217;aspetto. Adoro la loro attenzione ai dettagli e la risposta super veloce, hanno il miglior servizio clienti! Hanno anche aggiunto diverse funzionalit\u00e0 che ho richiesto per rendere le mie operazioni pi\u00f9 fluide.<br \/>\n<strong>Contro<\/strong>: Non c&#8217;\u00e8 niente che non mi piaccia perch\u00e9 il team ha risolto ogni problema che ho segnalato.<\/p>\n","protected":false},"excerpt":{"rendered":"<p>Rezeve consente alle aziende di servizi come studi di fitness, boutique e liberi professionisti di creare siti web e app brandizzate in un attimo. La soluzione di gestione aziendale comprende pianificazione e prenotazione, gestione delle lezioni, pacchetti e abbonamenti, metodi di pagamento locali integrati, programmi fedelt\u00e0, prenotazione spot e di gruppo, pacchetti condivisibili, account famiglia e integrazione ClassPass.<\/p>\n","protected":false},"author":19,"featured_media":70266,"parent":25524,"menu_order":0,"comment_status":"open","ping_status":"closed","template":"g1_template_page_review_new.php","meta":{"_acf_changed":false,"cwp_meta_box_check":"Yes","cwp_rev_product_name":"","cwp_rev_product_image":"","wppr_links":[],"cwp_rev_price":"0.00","wppr_options":[{"name":"Usability","value":"0"},{"name":"Speed","value":"0"},{"name":"Features","value":"0"},{"name":"Support","value":"0"},{"name":"Pricing","value":"0"}],"wppr_pros":["","","","",""],"wppr_cons":["","","","",""],"_monsterinsights_skip_tracking":false,"_monsterinsights_sitenote_active":false,"_monsterinsights_sitenote_note":"","_monsterinsights_sitenote_category":0,"footnotes":""},"categories":[2629],"tags":[2630,14330,14344,14327,14459,14331,14326],"features":[],"class_list":{"0":"post-70264","1":"page","2":"type-page","3":"status-publish","4":"has-post-thumbnail","6":"category-fitness-software","7":"tag-fitness-software","8":"tag-gestionale-palestre","9":"tag-piattaforma-gestionale-palestre","10":"tag-programma-gestionale-palestre","11":"tag-rezeve","12":"tag-software-gestionale-palestre","13":"tag-soluzione-gestionale-palestre"},"wppr_data":{"cwp_meta_box_check":"Yes","_wppr_review_template":"default","cwp_rev_product_image":"","cwp_image_link":"image","wppr_links":[],"cwp_rev_price":"0.00","wppr_pros":["","","","",""],"wppr_cons":["","","","",""],"wppr_rating":"0.00","wppr_options":{"1":{"name":"Usability","value":"0"},"2":{"name":"Speed","value":"0"},"3":{"name":"Features","value":"0"},"4":{"name":"Support","value":"0"},"5":{"name":"Pricing","value":"0"}},"wppr_review_type":"Product","wppr_review_custom_fields":{"additionalProperty":"","additionalType":"","aggregateRating":"","alternateName":"","audience":"","award":"","awards":"","brand":"","color":"","depth":"","description":"","disambiguatingDescription":"","gtin12":"","gtin13":"","gtin14":"","gtin8":"","height":"","identifier":"","image":"","isAccessoryOrSparePartFor":"","isConsumableFor":"","isRelatedTo":"","isSimilarTo":"","itemCondition":"","logo":"","mainEntityOfPage":"","manufacturer":"","material":"","model":"","mpn":"","name":"","offers":"","potentialAction":"","productID":"","productionDate":"","purchaseDate":"","releaseDate":"","review":"","reviews":"","sameAs":"","sku":"","slogan":"","subjectOf":"","url":"","weight":"","width":""}},"acf":[],"yoast_head":"<!-- This site is optimized with the Yoast SEO plugin v27.4 - https:\/\/yoast.com\/product\/yoast-seo-wordpress\/ -->\n<title>Rezeve: recensione software gestionale palestre Accurate Reviews<\/title>\n<meta name=\"description\" content=\"Rezeve: recensione soluzione che consente alle aziende di servizi come studi di fitness, boutique e liberi professionisti di creare siti web.\" \/>\n<meta name=\"robots\" content=\"index, follow, max-snippet:-1, max-image-preview:large, max-video-preview:-1\" \/>\n<link rel=\"canonical\" href=\"https:\/\/www.accuratereviews.com\/it\/software-fitness-lista\/rezeve-recensione\/\" \/>\n<meta property=\"og:locale\" content=\"it_IT\" \/>\n<meta property=\"og:type\" content=\"article\" \/>\n<meta property=\"og:title\" content=\"Rezeve: recensione software gestionale palestre Accurate Reviews\" \/>\n<meta property=\"og:description\" content=\"Rezeve: recensione soluzione che consente alle aziende di servizi come studi di fitness, boutique e liberi professionisti di creare siti web.\" \/>\n<meta property=\"og:url\" content=\"https:\/\/www.accuratereviews.com\/it\/software-fitness-lista\/rezeve-recensione\/\" \/>\n<meta property=\"og:site_name\" content=\"Accurate Reviews\" \/>\n<meta property=\"article:modified_time\" content=\"2023-06-22T14:12:32+00:00\" \/>\n<meta property=\"og:image\" content=\"https:\/\/www.accuratereviews.com\/wp-content\/uploads\/2023\/06\/Rezeve.webp\" \/>\n\t<meta property=\"og:image:width\" content=\"200\" \/>\n\t<meta property=\"og:image:height\" content=\"200\" \/>\n\t<meta property=\"og:image:type\" content=\"image\/webp\" \/>\n<meta name=\"twitter:card\" content=\"summary_large_image\" \/>\n<meta name=\"twitter:label1\" content=\"Tempo di lettura stimato\" \/>\n\t<meta name=\"twitter:data1\" content=\"5 minuti\" \/>\n<script type=\"application\/ld+json\" class=\"yoast-schema-graph\">{\"@context\":\"https:\\\/\\\/schema.org\",\"@graph\":[{\"@type\":\"WebPage\",\"@id\":\"https:\\\/\\\/www.accuratereviews.com\\\/it\\\/software-fitness-lista\\\/rezeve-recensione\\\/\",\"url\":\"https:\\\/\\\/www.accuratereviews.com\\\/it\\\/software-fitness-lista\\\/rezeve-recensione\\\/\",\"name\":\"Rezeve: recensione software gestionale palestre Accurate Reviews\",\"isPartOf\":{\"@id\":\"https:\\\/\\\/www.accuratereviews.com\\\/it\\\/#website\"},\"primaryImageOfPage\":{\"@id\":\"https:\\\/\\\/www.accuratereviews.com\\\/it\\\/software-fitness-lista\\\/rezeve-recensione\\\/#primaryimage\"},\"image\":{\"@id\":\"https:\\\/\\\/www.accuratereviews.com\\\/it\\\/software-fitness-lista\\\/rezeve-recensione\\\/#primaryimage\"},\"thumbnailUrl\":\"https:\\\/\\\/www.accuratereviews.com\\\/wp-content\\\/uploads\\\/2023\\\/06\\\/Rezeve.webp\",\"datePublished\":\"2023-06-22T13:55:39+00:00\",\"dateModified\":\"2023-06-22T14:12:32+00:00\",\"description\":\"Rezeve: recensione soluzione che consente alle aziende di servizi come studi di fitness, boutique e liberi professionisti di creare siti web.\",\"breadcrumb\":{\"@id\":\"https:\\\/\\\/www.accuratereviews.com\\\/it\\\/software-fitness-lista\\\/rezeve-recensione\\\/#breadcrumb\"},\"inLanguage\":\"it-IT\",\"potentialAction\":[{\"@type\":\"ReadAction\",\"target\":[\"https:\\\/\\\/www.accuratereviews.com\\\/it\\\/software-fitness-lista\\\/rezeve-recensione\\\/\"]}]},{\"@type\":\"ImageObject\",\"inLanguage\":\"it-IT\",\"@id\":\"https:\\\/\\\/www.accuratereviews.com\\\/it\\\/software-fitness-lista\\\/rezeve-recensione\\\/#primaryimage\",\"url\":\"https:\\\/\\\/www.accuratereviews.com\\\/wp-content\\\/uploads\\\/2023\\\/06\\\/Rezeve.webp\",\"contentUrl\":\"https:\\\/\\\/www.accuratereviews.com\\\/wp-content\\\/uploads\\\/2023\\\/06\\\/Rezeve.webp\",\"width\":200,\"height\":200},{\"@type\":\"BreadcrumbList\",\"@id\":\"https:\\\/\\\/www.accuratereviews.com\\\/it\\\/software-fitness-lista\\\/rezeve-recensione\\\/#breadcrumb\",\"itemListElement\":[{\"@type\":\"ListItem\",\"position\":1,\"name\":\"Home\",\"item\":\"https:\\\/\\\/www.accuratereviews.com\\\/it\\\/\"},{\"@type\":\"ListItem\",\"position\":2,\"name\":\"Software per fitness\",\"item\":\"https:\\\/\\\/www.accuratereviews.com\\\/it\\\/software-fitness-lista\\\/\"},{\"@type\":\"ListItem\",\"position\":3,\"name\":\"Rezeve\"}]},{\"@type\":\"WebSite\",\"@id\":\"https:\\\/\\\/www.accuratereviews.com\\\/it\\\/#website\",\"url\":\"https:\\\/\\\/www.accuratereviews.com\\\/it\\\/\",\"name\":\"Accurate Reviews\",\"description\":\"\",\"potentialAction\":[{\"@type\":\"SearchAction\",\"target\":{\"@type\":\"EntryPoint\",\"urlTemplate\":\"https:\\\/\\\/www.accuratereviews.com\\\/it\\\/?s={search_term_string}\"},\"query-input\":{\"@type\":\"PropertyValueSpecification\",\"valueRequired\":true,\"valueName\":\"search_term_string\"}}],\"inLanguage\":\"it-IT\"}]}<\/script>\n<!-- \/ Yoast SEO plugin. -->","yoast_head_json":{"title":"Rezeve: recensione software gestionale palestre Accurate Reviews","description":"Rezeve: recensione soluzione che consente alle aziende di servizi come studi di fitness, boutique e liberi professionisti di creare siti web.","robots":{"index":"index","follow":"follow","max-snippet":"max-snippet:-1","max-image-preview":"max-image-preview:large","max-video-preview":"max-video-preview:-1"},"canonical":"https:\/\/www.accuratereviews.com\/it\/software-fitness-lista\/rezeve-recensione\/","og_locale":"it_IT","og_type":"article","og_title":"Rezeve: recensione software gestionale palestre Accurate Reviews","og_description":"Rezeve: recensione soluzione che consente alle aziende di servizi come studi di fitness, boutique e liberi professionisti di creare siti web.","og_url":"https:\/\/www.accuratereviews.com\/it\/software-fitness-lista\/rezeve-recensione\/","og_site_name":"Accurate Reviews","article_modified_time":"2023-06-22T14:12:32+00:00","og_image":[{"width":200,"height":200,"url":"https:\/\/www.accuratereviews.com\/wp-content\/uploads\/2023\/06\/Rezeve.webp","type":"image\/webp"}],"twitter_card":"summary_large_image","twitter_misc":{"Tempo di lettura stimato":"5 minuti"},"schema":{"@context":"https:\/\/schema.org","@graph":[{"@type":"WebPage","@id":"https:\/\/www.accuratereviews.com\/it\/software-fitness-lista\/rezeve-recensione\/","url":"https:\/\/www.accuratereviews.com\/it\/software-fitness-lista\/rezeve-recensione\/","name":"Rezeve: recensione software gestionale palestre Accurate Reviews","isPartOf":{"@id":"https:\/\/www.accuratereviews.com\/it\/#website"},"primaryImageOfPage":{"@id":"https:\/\/www.accuratereviews.com\/it\/software-fitness-lista\/rezeve-recensione\/#primaryimage"},"image":{"@id":"https:\/\/www.accuratereviews.com\/it\/software-fitness-lista\/rezeve-recensione\/#primaryimage"},"thumbnailUrl":"https:\/\/www.accuratereviews.com\/wp-content\/uploads\/2023\/06\/Rezeve.webp","datePublished":"2023-06-22T13:55:39+00:00","dateModified":"2023-06-22T14:12:32+00:00","description":"Rezeve: recensione soluzione che consente alle aziende di servizi come studi di fitness, boutique e liberi professionisti di creare siti web.","breadcrumb":{"@id":"https:\/\/www.accuratereviews.com\/it\/software-fitness-lista\/rezeve-recensione\/#breadcrumb"},"inLanguage":"it-IT","potentialAction":[{"@type":"ReadAction","target":["https:\/\/www.accuratereviews.com\/it\/software-fitness-lista\/rezeve-recensione\/"]}]},{"@type":"ImageObject","inLanguage":"it-IT","@id":"https:\/\/www.accuratereviews.com\/it\/software-fitness-lista\/rezeve-recensione\/#primaryimage","url":"https:\/\/www.accuratereviews.com\/wp-content\/uploads\/2023\/06\/Rezeve.webp","contentUrl":"https:\/\/www.accuratereviews.com\/wp-content\/uploads\/2023\/06\/Rezeve.webp","width":200,"height":200},{"@type":"BreadcrumbList","@id":"https:\/\/www.accuratereviews.com\/it\/software-fitness-lista\/rezeve-recensione\/#breadcrumb","itemListElement":[{"@type":"ListItem","position":1,"name":"Home","item":"https:\/\/www.accuratereviews.com\/it\/"},{"@type":"ListItem","position":2,"name":"Software per fitness","item":"https:\/\/www.accuratereviews.com\/it\/software-fitness-lista\/"},{"@type":"ListItem","position":3,"name":"Rezeve"}]},{"@type":"WebSite","@id":"https:\/\/www.accuratereviews.com\/it\/#website","url":"https:\/\/www.accuratereviews.com\/it\/","name":"Accurate Reviews","description":"","potentialAction":[{"@type":"SearchAction","target":{"@type":"EntryPoint","urlTemplate":"https:\/\/www.accuratereviews.com\/it\/?s={search_term_string}"},"query-input":{"@type":"PropertyValueSpecification","valueRequired":true,"valueName":"search_term_string"}}],"inLanguage":"it-IT"}]}},"_links":{"self":[{"href":"https:\/\/www.accuratereviews.com\/it\/wp-json\/wp\/v2\/pages\/70264","targetHints":{"allow":["GET"]}}],"collection":[{"href":"https:\/\/www.accuratereviews.com\/it\/wp-json\/wp\/v2\/pages"}],"about":[{"href":"https:\/\/www.accuratereviews.com\/it\/wp-json\/wp\/v2\/types\/page"}],"author":[{"embeddable":true,"href":"https:\/\/www.accuratereviews.com\/it\/wp-json\/wp\/v2\/users\/19"}],"replies":[{"embeddable":true,"href":"https:\/\/www.accuratereviews.com\/it\/wp-json\/wp\/v2\/comments?post=70264"}],"version-history":[{"count":20,"href":"https:\/\/www.accuratereviews.com\/it\/wp-json\/wp\/v2\/pages\/70264\/revisions"}],"predecessor-version":[{"id":70301,"href":"https:\/\/www.accuratereviews.com\/it\/wp-json\/wp\/v2\/pages\/70264\/revisions\/70301"}],"up":[{"embeddable":true,"href":"https:\/\/www.accuratereviews.com\/it\/wp-json\/wp\/v2\/pages\/25524"}],"wp:featuredmedia":[{"embeddable":true,"href":"https:\/\/www.accuratereviews.com\/it\/wp-json\/wp\/v2\/media\/70266"}],"wp:attachment":[{"href":"https:\/\/www.accuratereviews.com\/it\/wp-json\/wp\/v2\/media?parent=70264"}],"wp:term":[{"taxonomy":"category","embeddable":true,"href":"https:\/\/www.accuratereviews.com\/it\/wp-json\/wp\/v2\/categories?post=70264"},{"taxonomy":"post_tag","embeddable":true,"href":"https:\/\/www.accuratereviews.com\/it\/wp-json\/wp\/v2\/tags?post=70264"},{"taxonomy":"features","embeddable":true,"href":"https:\/\/www.accuratereviews.com\/it\/wp-json\/wp\/v2\/features?post=70264"}],"curies":[{"name":"wp","href":"https:\/\/api.w.org\/{rel}","templated":true}]}}