{"id":70302,"date":"2023-06-29T09:10:49","date_gmt":"2023-06-29T09:10:49","guid":{"rendered":"https:\/\/www.accuratereviews.com\/?page_id=70302"},"modified":"2023-06-29T09:10:49","modified_gmt":"2023-06-29T09:10:49","slug":"bsport-recensione","status":"publish","type":"page","link":"https:\/\/www.accuratereviews.com\/it\/software-fitness-lista\/bsport-recensione\/","title":{"rendered":"Bsport"},"content":{"rendered":"<p><strong>Bsport<\/strong> \u00e8 la <strong>piattaforma di prenotazione<\/strong>, gestione e marketing all-inclusive di nuova generazione per la tua attivit\u00e0 fitness o wellness studio. Un sistema completo e completamente ottimizzato con tutto ci\u00f2 di cui hai bisogno per gestire il tuo studio attraverso un&#8217;unica piattaforma. Gestisci tutte le sedi del tuo studio attraverso un unico account principale.<br \/>\nMigliora facilmente la visibilit\u00e0 del tuo marchio, si integra con Classpass e OneFit, oltre a Google Tag Manager e Facebook Pixel. L&#8217;integrazione Zoom e VOD ti consente di espandere virtualmente la tua attivit\u00e0 e acquisire nuovi membri in tutto il mondo. E attraverso la semplice gestione del back-end puoi risparmiare ore di lavoro amministrativo grazie a molte funzioni utili come buste paga degli insegnanti, fatture automatizzate, rapporti personalizzati ecc.<\/p>\n<h2>BSPORT &#8211; TUTORIAL<\/h2>\n<div id=\"fluid-wrapper-counter-1\" class=\"g1-fluid-wrapper \" style=\"width:686px;\">\n<div style=\"padding-bottom:56.268221574344%;\"><iframe loading=\"lazy\" title=\"BSport | Video on Demand\" width=\"686\" height=\"386\" src=\"https:\/\/www.youtube.com\/embed\/CbHyvojE0Jo?feature=oembed&amp;wmode=transparent&amp;autohide=1&amp;autoplay=0&amp;disablekb=0&amp;fs=1&amp;loop=0&amp;enablejsapi=1&amp;rel=0&amp;controls=2&amp;showinfo=0&amp;wmode=transparent&amp;autohide=2&amp;autoplay=0&amp;disablekb=0&amp;fs=1&amp;loop=0&amp;enablejsapi=1&amp;rel=0&amp;controls=2&amp;showinfo=1\" frameborder=\"0\" allow=\"accelerometer; autoplay; clipboard-write; encrypted-media; gyroscope; picture-in-picture; web-share\" allowfullscreen><\/iframe><\/div>\n<\/div>\n<h3>BSPORT &#8211; CARATTERISTICHE<\/h3>\n<ul>\n<li>Ottimizza e semplifica il tuo raggio d&#8217;azione attraverso il sistema di marketing integrato drag and drop. Inserisci foto, video, gif, pulsanti, html e molto altro mentre crei email professionali e personalizzate senza bisogno di codifica.<\/li>\n<li>Aggiungi notifiche ai pass e ricorda ai tuoi membri il credito residuo e la validit\u00e0 per incoraggiare le prenotazioni. Se i pass o i crediti scadono, imposta il passaggio successivo nella sequenza.<\/li>\n<li>Avvisa automaticamente i tuoi membri di eventuali cambi di classe o offerte commerciali tramite la funzione di notifica push, o semplicemente invia loro un messaggio personalizzato per offrire un&#8217;ulteriore esperienza personalizzata attraverso l&#8217;interfaccia.<\/li>\n<li>Approfitta della gestione dei tag di Google e dell&#8217;integrazione dei pixel di Facebook per catturare e convertire i clienti al di fuori delle mura del tuo studio.<\/li>\n<li>Dai il benvenuto ai nuovi membri e costruisci una community attraverso messaggi di benvenuto e offerte. Sostieni i tuoi membri offrendo sistemi di ricompensa e notifiche di iscrizione automatizzate. Tieni traccia e identifica quali email convertono meglio i tuoi membri per massimizzare le entrate.<\/li>\n<li>Le regole di automazione e il sistema avanzato di gestione dei tag ti consentono di dedicare tempo ai tuoi clienti mentre la soluzione affronta il lavoro amministrativo per te.<\/li>\n<li>Semplifica il marketing, concentrati sulla fidelizzazione e massimizza le entrate attraverso la piattaforma all-in-one che consente alla tua azienda di eccellere e superare.<\/li>\n<li>Fornisci un&#8217;esperienza boutique premium per i tuoi membri attraverso l&#8217;opzione di un&#8217;esperienza con marchio completamente white label. Disponibile e accessibile da tutti i desktop, dispositivi iOS e Android.<\/li>\n<\/ul>\n<h4>LE RECENSIONI DEGLI UTENTI<\/h4>\n<p><strong>Nathalie &#8220;Usare B-sport per la nostra attivit\u00e0 di fitness&#8221;<\/strong><br \/>\n<strong>Commenti<\/strong>: L&#8217;esperienza complessiva con B-sport \u00e8 stata fantastica. Il processo di migrazione \u00e8 stato davvero semplice e abbiamo ricevuto molto supporto tecnico dal team di b-sport. \u00c8 fantastico avere la funzione di chat online, davvero utile piuttosto che dover sedere al telefono per chiedere aiuto.<br \/>\n<strong>Pro<\/strong>: L&#8217;app brandizzata \u00e8 ci\u00f2 che ci piace di pi\u00f9 di B-sport. \u00c8 facile e diretto da usare per i nostri clienti.<br \/>\n<strong>Contro<\/strong>: Sarebbe bello avere pi\u00f9 di un&#8217;app aziendale piuttosto che dover andare nel back office per apportare modifiche. Anche essere in grado di aggiungere all&#8217;app informazioni specifiche per la nostra attivit\u00e0 sarebbe davvero utile.<\/p>\n<p><strong>Charlotte &#8220;Ottimo supporto&#8221;<\/strong><br \/>\n<strong>Pro<\/strong>: L&#8217;integrazione tra fornitori esterni come Classpass e Zoom \u00e8 perfetta. Adoro l&#8217;aspetto della piattaforma di prenotazione sia su un desktop che per l&#8217;utilizzo su un telefono cellulare. Anche avere la tua app \u00e8 fantastico. L&#8217;integrazione con il prodotto \u00e8 stata brillante, anche se ho commesso alcuni errori nella configurazione degli abbonamenti, che \u00e8 stato il mio errore nell&#8217;abituarmi al sistema, e bsport \u00e8 stato davvero utile per sistemare tutto.<br \/>\n<strong>Contro<\/strong>: L&#8217;integrazione \u00e8 stata semplice, tuttavia ho trovato un po&#8217; impegnativo impostare nuovi abbonamenti, il modo in cui funziona il sistema \u00e8 diverso dal sistema precedente e sono ancora confuso su come risolvere le cose, ma ancora una volta bsport \u00e8 sempre a disposizione con ottimi consigli e supporto. Mi piace solo essere in grado di sapere\/fare le cose da solo e questa \u00e8 la mia frustrazione nell&#8217;abituarmi a una nuova piattaforma.<\/p>\n<p><strong>James &#8220;BSport, un investimento di tempo che si ripagher\u00e0 molto velocemente&#8221;<\/strong><br \/>\n<strong>Commenti<\/strong>: L&#8217;esperienza di Bsport \u00e8 stata di prima classe, dalle conversazioni iniziali con il team di vendita, al team di bordo che ci ha aiutato con la migrazione dei dati e il cambiamento dal nostro vecchio fornitore. Questo \u00e8 stato un compito immane e piuttosto arduo, ma con l&#8217;incredibile supporto \u00e8 stato un vero piacere. Lunghe telefonate in attesa cercando di ottenere supporto sono un ricordo del passato! Con Bsport abbiamo qualcuno seduto nella nostra chat ogni giorno pronto ad aiutare a rispondere alle nostre domande. Il nostro vecchio provider impiegava giorni per rispondere o richiedeva una telefonata di 2-3 ore, a cui spesso rispondeva qualcuno pi\u00f9 all&#8217;oscuro di me! Le mie attivit\u00e0 quotidiane sono molto pi\u00f9 semplici grazie a Bsport<br \/>\n<strong>Pro<\/strong>: Accettare pagamenti \u00e8 molto pi\u00f9 veloce con bsport che con il nostro precedente fornitore di software, e anche la gestione dei cambi di classe e delle modifiche al programma \u00e8 molto pi\u00f9 veloce. Bsport ha molte pi\u00f9 opzioni per quanto riguarda la configurazione di come vengono gestite le classi, le cancellazioni, ecc., il che ci consente di gestire la nostra attivit\u00e0 come vogliamo, non come il sistema ci consente.<br \/>\n<strong>Contro<\/strong>: Ci piacerebbe se il servizio di messaggistica di testo per le cancellazioni e le notifiche della lista d&#8217;attesa fosse presto implementato.<\/p>\n","protected":false},"excerpt":{"rendered":"<p>Bsport \u00e8 la piattaforma di prenotazione, gestione e marketing all-inclusive di nuova generazione per la tua attivit\u00e0 fitness o wellness studio. Un sistema completo e completamente ottimizzato con tutto ci\u00f2 di cui hai bisogno per gestire il tuo studio attraverso un&#8217;unica piattaforma. Gestisci tutte le sedi del tuo studio attraverso un unico account principale. Migliora facilmente la visibilit\u00e0 del tuo marchio, si integra con Classpass e OneFit, oltre a Google Tag Manager e Facebook Pixel.<\/p>\n","protected":false},"author":19,"featured_media":70304,"parent":25524,"menu_order":0,"comment_status":"open","ping_status":"closed","template":"g1_template_page_review_new.php","meta":{"_acf_changed":false,"cwp_meta_box_check":"No","cwp_rev_product_name":"","cwp_rev_product_image":"","wppr_links":[],"cwp_rev_price":"","wppr_options":[],"wppr_pros":[],"wppr_cons":[],"_monsterinsights_skip_tracking":false,"_monsterinsights_sitenote_active":false,"_monsterinsights_sitenote_note":"","_monsterinsights_sitenote_category":0,"footnotes":""},"categories":[2629],"tags":[14463,2630,14330,14344,14327,14331,14326],"features":[],"class_list":{"0":"post-70302","1":"page","2":"type-page","3":"status-publish","4":"has-post-thumbnail","6":"category-fitness-software","7":"tag-bsport","8":"tag-fitness-software","9":"tag-gestionale-palestre","10":"tag-piattaforma-gestionale-palestre","11":"tag-programma-gestionale-palestre","12":"tag-software-gestionale-palestre","13":"tag-soluzione-gestionale-palestre"},"wppr_data":{"cwp_meta_box_check":"No"},"acf":[],"yoast_head":"<!-- This site is optimized with the Yoast SEO plugin v27.4 - https:\/\/yoast.com\/product\/yoast-seo-wordpress\/ -->\n<title>Bsport: recensione software gestione palestre - Accurate Reviews<\/title>\n<meta name=\"description\" content=\"Bsport: recensione software di prenotazione, gestione e marketing all-inclusive di nuova generazione per l&#039;attivit\u00e0 fitness o wellness studio\" \/>\n<meta name=\"robots\" content=\"index, follow, max-snippet:-1, max-image-preview:large, max-video-preview:-1\" \/>\n<link rel=\"canonical\" href=\"https:\/\/www.accuratereviews.com\/it\/software-fitness-lista\/bsport-recensione\/\" \/>\n<meta property=\"og:locale\" content=\"it_IT\" \/>\n<meta property=\"og:type\" content=\"article\" \/>\n<meta property=\"og:title\" content=\"Bsport: recensione software gestione palestre - Accurate Reviews\" \/>\n<meta property=\"og:description\" content=\"Bsport: recensione software di prenotazione, gestione e marketing all-inclusive di nuova generazione per l&#039;attivit\u00e0 fitness o wellness studio\" \/>\n<meta property=\"og:url\" content=\"https:\/\/www.accuratereviews.com\/it\/software-fitness-lista\/bsport-recensione\/\" \/>\n<meta property=\"og:site_name\" content=\"Accurate Reviews\" \/>\n<meta property=\"og:image\" content=\"https:\/\/www.accuratereviews.com\/wp-content\/uploads\/2023\/06\/Bsport.jpeg\" \/>\n\t<meta property=\"og:image:width\" content=\"200\" \/>\n\t<meta property=\"og:image:height\" content=\"200\" \/>\n\t<meta property=\"og:image:type\" content=\"image\/jpeg\" \/>\n<meta name=\"twitter:card\" content=\"summary_large_image\" \/>\n<meta name=\"twitter:label1\" content=\"Tempo di lettura stimato\" \/>\n\t<meta name=\"twitter:data1\" content=\"5 minuti\" \/>\n<script type=\"application\/ld+json\" class=\"yoast-schema-graph\">{\"@context\":\"https:\\\/\\\/schema.org\",\"@graph\":[{\"@type\":\"WebPage\",\"@id\":\"https:\\\/\\\/www.accuratereviews.com\\\/it\\\/software-fitness-lista\\\/bsport-recensione\\\/\",\"url\":\"https:\\\/\\\/www.accuratereviews.com\\\/it\\\/software-fitness-lista\\\/bsport-recensione\\\/\",\"name\":\"Bsport: recensione software gestione palestre - Accurate Reviews\",\"isPartOf\":{\"@id\":\"https:\\\/\\\/www.accuratereviews.com\\\/it\\\/#website\"},\"primaryImageOfPage\":{\"@id\":\"https:\\\/\\\/www.accuratereviews.com\\\/it\\\/software-fitness-lista\\\/bsport-recensione\\\/#primaryimage\"},\"image\":{\"@id\":\"https:\\\/\\\/www.accuratereviews.com\\\/it\\\/software-fitness-lista\\\/bsport-recensione\\\/#primaryimage\"},\"thumbnailUrl\":\"https:\\\/\\\/www.accuratereviews.com\\\/wp-content\\\/uploads\\\/2023\\\/06\\\/Bsport.jpeg\",\"datePublished\":\"2023-06-29T09:10:49+00:00\",\"description\":\"Bsport: recensione software di prenotazione, gestione e marketing all-inclusive di nuova generazione per l'attivit\u00e0 fitness o wellness studio\",\"breadcrumb\":{\"@id\":\"https:\\\/\\\/www.accuratereviews.com\\\/it\\\/software-fitness-lista\\\/bsport-recensione\\\/#breadcrumb\"},\"inLanguage\":\"it-IT\",\"potentialAction\":[{\"@type\":\"ReadAction\",\"target\":[\"https:\\\/\\\/www.accuratereviews.com\\\/it\\\/software-fitness-lista\\\/bsport-recensione\\\/\"]}]},{\"@type\":\"ImageObject\",\"inLanguage\":\"it-IT\",\"@id\":\"https:\\\/\\\/www.accuratereviews.com\\\/it\\\/software-fitness-lista\\\/bsport-recensione\\\/#primaryimage\",\"url\":\"https:\\\/\\\/www.accuratereviews.com\\\/wp-content\\\/uploads\\\/2023\\\/06\\\/Bsport.jpeg\",\"contentUrl\":\"https:\\\/\\\/www.accuratereviews.com\\\/wp-content\\\/uploads\\\/2023\\\/06\\\/Bsport.jpeg\",\"width\":200,\"height\":200},{\"@type\":\"BreadcrumbList\",\"@id\":\"https:\\\/\\\/www.accuratereviews.com\\\/it\\\/software-fitness-lista\\\/bsport-recensione\\\/#breadcrumb\",\"itemListElement\":[{\"@type\":\"ListItem\",\"position\":1,\"name\":\"Home\",\"item\":\"https:\\\/\\\/www.accuratereviews.com\\\/it\\\/\"},{\"@type\":\"ListItem\",\"position\":2,\"name\":\"Software per fitness\",\"item\":\"https:\\\/\\\/www.accuratereviews.com\\\/it\\\/software-fitness-lista\\\/\"},{\"@type\":\"ListItem\",\"position\":3,\"name\":\"Bsport\"}]},{\"@type\":\"WebSite\",\"@id\":\"https:\\\/\\\/www.accuratereviews.com\\\/it\\\/#website\",\"url\":\"https:\\\/\\\/www.accuratereviews.com\\\/it\\\/\",\"name\":\"Accurate Reviews\",\"description\":\"\",\"potentialAction\":[{\"@type\":\"SearchAction\",\"target\":{\"@type\":\"EntryPoint\",\"urlTemplate\":\"https:\\\/\\\/www.accuratereviews.com\\\/it\\\/?s={search_term_string}\"},\"query-input\":{\"@type\":\"PropertyValueSpecification\",\"valueRequired\":true,\"valueName\":\"search_term_string\"}}],\"inLanguage\":\"it-IT\"}]}<\/script>\n<!-- \/ Yoast SEO plugin. -->","yoast_head_json":{"title":"Bsport: recensione software gestione palestre - Accurate Reviews","description":"Bsport: recensione software di prenotazione, gestione e marketing all-inclusive di nuova generazione per l'attivit\u00e0 fitness o wellness studio","robots":{"index":"index","follow":"follow","max-snippet":"max-snippet:-1","max-image-preview":"max-image-preview:large","max-video-preview":"max-video-preview:-1"},"canonical":"https:\/\/www.accuratereviews.com\/it\/software-fitness-lista\/bsport-recensione\/","og_locale":"it_IT","og_type":"article","og_title":"Bsport: recensione software gestione palestre - Accurate Reviews","og_description":"Bsport: recensione software di prenotazione, gestione e marketing all-inclusive di nuova generazione per l'attivit\u00e0 fitness o wellness studio","og_url":"https:\/\/www.accuratereviews.com\/it\/software-fitness-lista\/bsport-recensione\/","og_site_name":"Accurate Reviews","og_image":[{"width":200,"height":200,"url":"https:\/\/www.accuratereviews.com\/wp-content\/uploads\/2023\/06\/Bsport.jpeg","type":"image\/jpeg"}],"twitter_card":"summary_large_image","twitter_misc":{"Tempo di lettura stimato":"5 minuti"},"schema":{"@context":"https:\/\/schema.org","@graph":[{"@type":"WebPage","@id":"https:\/\/www.accuratereviews.com\/it\/software-fitness-lista\/bsport-recensione\/","url":"https:\/\/www.accuratereviews.com\/it\/software-fitness-lista\/bsport-recensione\/","name":"Bsport: recensione software gestione palestre - Accurate Reviews","isPartOf":{"@id":"https:\/\/www.accuratereviews.com\/it\/#website"},"primaryImageOfPage":{"@id":"https:\/\/www.accuratereviews.com\/it\/software-fitness-lista\/bsport-recensione\/#primaryimage"},"image":{"@id":"https:\/\/www.accuratereviews.com\/it\/software-fitness-lista\/bsport-recensione\/#primaryimage"},"thumbnailUrl":"https:\/\/www.accuratereviews.com\/wp-content\/uploads\/2023\/06\/Bsport.jpeg","datePublished":"2023-06-29T09:10:49+00:00","description":"Bsport: recensione software di prenotazione, gestione e marketing all-inclusive di nuova generazione per l'attivit\u00e0 fitness o wellness studio","breadcrumb":{"@id":"https:\/\/www.accuratereviews.com\/it\/software-fitness-lista\/bsport-recensione\/#breadcrumb"},"inLanguage":"it-IT","potentialAction":[{"@type":"ReadAction","target":["https:\/\/www.accuratereviews.com\/it\/software-fitness-lista\/bsport-recensione\/"]}]},{"@type":"ImageObject","inLanguage":"it-IT","@id":"https:\/\/www.accuratereviews.com\/it\/software-fitness-lista\/bsport-recensione\/#primaryimage","url":"https:\/\/www.accuratereviews.com\/wp-content\/uploads\/2023\/06\/Bsport.jpeg","contentUrl":"https:\/\/www.accuratereviews.com\/wp-content\/uploads\/2023\/06\/Bsport.jpeg","width":200,"height":200},{"@type":"BreadcrumbList","@id":"https:\/\/www.accuratereviews.com\/it\/software-fitness-lista\/bsport-recensione\/#breadcrumb","itemListElement":[{"@type":"ListItem","position":1,"name":"Home","item":"https:\/\/www.accuratereviews.com\/it\/"},{"@type":"ListItem","position":2,"name":"Software per fitness","item":"https:\/\/www.accuratereviews.com\/it\/software-fitness-lista\/"},{"@type":"ListItem","position":3,"name":"Bsport"}]},{"@type":"WebSite","@id":"https:\/\/www.accuratereviews.com\/it\/#website","url":"https:\/\/www.accuratereviews.com\/it\/","name":"Accurate Reviews","description":"","potentialAction":[{"@type":"SearchAction","target":{"@type":"EntryPoint","urlTemplate":"https:\/\/www.accuratereviews.com\/it\/?s={search_term_string}"},"query-input":{"@type":"PropertyValueSpecification","valueRequired":true,"valueName":"search_term_string"}}],"inLanguage":"it-IT"}]}},"_links":{"self":[{"href":"https:\/\/www.accuratereviews.com\/it\/wp-json\/wp\/v2\/pages\/70302","targetHints":{"allow":["GET"]}}],"collection":[{"href":"https:\/\/www.accuratereviews.com\/it\/wp-json\/wp\/v2\/pages"}],"about":[{"href":"https:\/\/www.accuratereviews.com\/it\/wp-json\/wp\/v2\/types\/page"}],"author":[{"embeddable":true,"href":"https:\/\/www.accuratereviews.com\/it\/wp-json\/wp\/v2\/users\/19"}],"replies":[{"embeddable":true,"href":"https:\/\/www.accuratereviews.com\/it\/wp-json\/wp\/v2\/comments?post=70302"}],"version-history":[{"count":11,"href":"https:\/\/www.accuratereviews.com\/it\/wp-json\/wp\/v2\/pages\/70302\/revisions"}],"predecessor-version":[{"id":70411,"href":"https:\/\/www.accuratereviews.com\/it\/wp-json\/wp\/v2\/pages\/70302\/revisions\/70411"}],"up":[{"embeddable":true,"href":"https:\/\/www.accuratereviews.com\/it\/wp-json\/wp\/v2\/pages\/25524"}],"wp:featuredmedia":[{"embeddable":true,"href":"https:\/\/www.accuratereviews.com\/it\/wp-json\/wp\/v2\/media\/70304"}],"wp:attachment":[{"href":"https:\/\/www.accuratereviews.com\/it\/wp-json\/wp\/v2\/media?parent=70302"}],"wp:term":[{"taxonomy":"category","embeddable":true,"href":"https:\/\/www.accuratereviews.com\/it\/wp-json\/wp\/v2\/categories?post=70302"},{"taxonomy":"post_tag","embeddable":true,"href":"https:\/\/www.accuratereviews.com\/it\/wp-json\/wp\/v2\/tags?post=70302"},{"taxonomy":"features","embeddable":true,"href":"https:\/\/www.accuratereviews.com\/it\/wp-json\/wp\/v2\/features?post=70302"}],"curies":[{"name":"wp","href":"https:\/\/api.w.org\/{rel}","templated":true}]}}