{"id":70369,"date":"2023-06-29T09:13:35","date_gmt":"2023-06-29T09:13:35","guid":{"rendered":"https:\/\/www.accuratereviews.com\/?page_id=70369"},"modified":"2023-07-06T09:36:44","modified_gmt":"2023-07-06T09:36:44","slug":"deltek-pim-recensione","status":"publish","type":"page","link":"https:\/\/www.accuratereviews.com\/it\/deltek-pim-recensione\/","title":{"rendered":"Deltek PIM"},"content":{"rendered":"<p><strong>Deltek PIM<\/strong> \u00e8 una <strong>soluzione di gestione delle informazioni di progetto<\/strong>, basata su <strong>cloud<\/strong>, sviluppata specificamente per le aziende del settore dell&#8217;architettura, dell&#8217;ingegneria e delle costruzioni (AEC). Offre una serie di funzionalit\u00e0 che consentono ai project manager di gestire e controllare gli standard durante l&#8217;intero ciclo di vita del disegno, dalla creazione alla costruzione. Le funzionalit\u00e0 principali includono la gestione dei contratti, il database dei subappaltatori, la gestione delle offerte e altro ancora.<br \/>\nIl software permette agli architetti di archiviare i disegni nelle cartelle di rete mantenendo riferimenti e collegamenti esterni, consentendo loro di vedere i progetti in corso di lavorazione e garantendo al contempo che tutti lavorino con i file aggiornati. Monitora inoltre lo stato degli elementi dell&#8217;elenco di punch con una dashboard approfondita per tenere traccia di progetti e subappaltatori.<\/p>\n<h2>DELTEK PIM &#8211; TUTORIAL<\/h2>\n<div id=\"fluid-wrapper-counter-1\" class=\"g1-fluid-wrapper \" style=\"width:686px;\">\n<div style=\"padding-bottom:56.268221574344%;\"><iframe loading=\"lazy\" title=\"Deltek PIM Mobile Working Overview\" width=\"686\" height=\"386\" src=\"https:\/\/www.youtube.com\/embed\/zn_oHi1gVpY?feature=oembed&amp;wmode=transparent&amp;autohide=1&amp;autoplay=0&amp;disablekb=0&amp;fs=1&amp;loop=0&amp;enablejsapi=1&amp;rel=0&amp;controls=2&amp;showinfo=0&amp;wmode=transparent&amp;autohide=2&amp;autoplay=0&amp;disablekb=0&amp;fs=1&amp;loop=0&amp;enablejsapi=1&amp;rel=0&amp;controls=2&amp;showinfo=1\" frameborder=\"0\" allow=\"accelerometer; autoplay; clipboard-write; encrypted-media; gyroscope; picture-in-picture; web-share\" allowfullscreen><\/iframe><\/div>\n<\/div>\n<h3>DELTEK PIM &#8211; CARATTERISTICHE<\/h3>\n<div class=\"XL3Kf\">\n<div class=\"a8FIud X0rvP\">\n<div data-show-delay-ms=\"250\" data-append-to-body=\"false\" data-propagate-tooltip-mouseover-events=\"true\" data-anchor-corner=\"bottom-end\" data-enable-skip-handler=\"false\" data-popup-corner=\"top-end\">\n<ul>\n<li><span class=\"jCAhz ChMk0b\"><span class=\"ryNqvb\">Elimina le ore sprecate ogni giorno gestendo e organizzando le email di progetto<\/span><\/span><\/li>\n<li><span class=\"jCAhz ChMk0b\"><span class=\"ryNqvb\">Mantieni la posta elettronica in una posizione centrale e sicura anzich\u00e9 in pi\u00f9 copie all&#8217;interno dell&#8217;azienda<\/span><\/span><\/li>\n<li><span class=\"jCAhz ChMk0b\"><span class=\"ryNqvb\">Trova rapidamente le email effettuando una ricerca simultanea in tutti i progetti<\/span><\/span><\/li>\n<li><span class=\"jCAhz ChMk0b\"><span class=\"ryNqvb\">Sfrutta il controllo della versione per assicurarti che tutti stiano lavorando sui file recenti<\/span><\/span><\/li>\n<li><span class=\"jCAhz ChMk0b\"><span class=\"ryNqvb\">Crea flussi di lavoro automatizzati per semplificare il processo di revisione e mantenere i progetti nei tempi previsti e responsabilizzare i membri del team<\/span><\/span><\/li>\n<li><span class=\"jCAhz ChMk0b\"><span class=\"ryNqvb\">Gestisci e controlla gli standard durante l&#8217;intero ciclo di vita del disegno, dalla creazione fino all&#8217;as-built<\/span><\/span><\/li>\n<li><span class=\"jCAhz ChMk0b\"><span class=\"ryNqvb\">Ottieni visibilit\u00e0 sui disegni in lavorazione archiviati nelle cartelle di rete mantenendo riferimenti e collegamenti esterni<\/span><\/span><\/li>\n<li><span class=\"jCAhz ChMk0b\"><span class=\"ryNqvb\">Consenti ai team di accedere e acquisire i dati del sito di progetto dai dispositivi mobili, riducendo le attivit\u00e0 amministrative dell&#8217;ufficio<\/span><\/span><\/li>\n<li><span class=\"jCAhz ChMk0b\"><span class=\"ryNqvb\">Monitora lo stato degli elementi delle punch list con una dashboard approfondita per tenere traccia di progetti e subappaltatori<\/span><\/span><\/li>\n<li><span class=\"jCAhz ChMk0b\"><span class=\"ryNqvb\">Trova e accedi a documenti critici, inclusi moduli delle risorse umane, contratti legali e materiale di marketing, in un&#8217;unica posizione centrale<\/span><\/span><\/li>\n<li><span class=\"jCAhz ChMk0b\"><span class=\"ryNqvb\">Semplifica l&#8217;amministrazione delle costruzioni archiviando e monitorando le richieste, le RFI e altro ancora da un&#8217;unica posizione.<\/span><\/span><\/li>\n<li><span class=\"jCAhz ChMk0b\"><span class=\"ryNqvb\">Consenti ai team remoti di scattare foto, prendere annotazioni e archiviare informazioni dal proprio dispositivo mobile.<\/span><\/span><\/li>\n<li><span class=\"jCAhz ChMk0b\"><span class=\"ryNqvb\">Semplifica e monitora l&#8217;avanzamento del disegno e le approvazioni sincronizzando il registro live di PIM con i fogli di Revit.<\/span><\/span><\/li>\n<li><span class=\"jCAhz ChMk0b\"><span class=\"ryNqvb\">Aiuta i tuoi team di pre-costruzione a fornire preventivi pi\u00f9 velocemente, liberando il tuo tempo per valutare pi\u00f9 lavori e aggiudicartELI.<\/span><\/span><\/li>\n<li><span class=\"jCAhz ChMk0b\"><span class=\"ryNqvb\">Costruisci team migliori valutando le prestazioni passate dei partner di progetto per informare le future decisioni di teaming.<\/span><\/span><\/li>\n<li><span class=\"jCAhz ChMk0b\"><span class=\"ryNqvb\">Condividi documenti importanti in tutta l&#8217;azienda mantenendo la sicurezza e il controllo<\/span><\/span><\/li>\n<li><span class=\"jCAhz ChMk0b\"><span class=\"ryNqvb\">Trasforma la propriet\u00e0 intellettuale della tua azienda in una risorsa invece che in una passivit\u00e0<\/span><\/span><\/li>\n<li><span class=\"jCAhz ChMk0b\"><span class=\"ryNqvb\">Elimina le soluzioni di terze parti con la possibilit\u00e0 di condividere file con team interni ed esterni<\/span><\/span><\/li>\n<li><span class=\"jCAhz ChMk0b\"><span class=\"ryNqvb\">Aumenta la produttivit\u00e0 consentendo all&#8217;intero team di discutere argomenti e prendere decisioni da dove risiedono i documenti<\/span><\/span><\/li>\n<\/ul>\n<h4>LE RECENSIONI DEGLI UTENTI<\/h4>\n<p><strong>Cody &#8220;Deltek PIM &#8211; Modifica dei flussi di lavoro&#8221;<\/strong><br \/>\n<strong>Commenti<\/strong>: Essendo un recente cliente di PIM, la curva di apprendimento \u00e8 molto reale, ma il potenziale per la gestione dei documenti \u00e8 molto alto. La gestione della posta elettronica, la gestione dei contratti e le funzionalit\u00e0 generali di gestione dei progetti sono tutte piuttosto standard rispetto ad altri software, ma essere confezionate tutte insieme in un unico prodotto qui \u00e8 un bel confronto che non tutti i concorrenti offrono.<br \/>\n<strong>Pro<\/strong>: PIM \u00e8 un software di gestione dei progetti all-inclusive che semplifica le email di progetto, le informazioni sul team, i documenti e la comunicazione. L&#8217;archiviazione, la ricerca e la gestione delle informazioni \u00e8 molto veloce con PIM e i metadati del documento vengono utilizzati per tenere traccia delle revisioni e delle caratteristiche del documento. La funzione Document Lifecycle Management ha un grande potenziale per tenere traccia delle revisioni del disegno. Le funzionalit\u00e0 di amministrazione\/gestione dei contratti sono semplici da utilizzare come qualsiasi altro software di gestione dei progetti.<br \/>\n<strong>Contro<\/strong>: La logica di tracciamento dei documenti di PIM \u00e8 molto diversa dalla tipica struttura di cartelle o Microsoft Windows e all&#8217;inizio pu\u00f2 esserci una grande curva di apprendimento. I file vengono caricati su PIM e rimangono in PIM per il tracciamento, ma questo pu\u00f2 inizialmente rendere difficile l&#8217;interfaccia con i documenti.<\/p>\n<p><strong>Josh &#8220;Deltek per gli architetti&#8221;<\/strong><br \/>\n<strong>Commenti<\/strong>: Ho avuto un&#8217;esperienza piuttosto intermedia con il progetto. File come i modelli di Revit che devono essere collaborativi e InDesign con collegamenti non potevano essere ospitati. Ci\u00f2 ha reso necessario mantenere due diverse posizioni di archiviazione dei file, non l&#8217;ideale.<br \/>\n<strong>Pro<\/strong>: \u00c8 stato utile per inviare file di grandi dimensioni come modelli Revit e pdf completi a consulenti e clienti.<br \/>\n<strong>Contro<\/strong>: Inserire i contatti nel sistema e organizzarli ha richiesto troppi passaggi e troppo tempo. Mi \u00e8 piaciuta anche l&#8217;organizzazione e la titolazione delle email che ha generato.<\/p>\n<p><strong>Kelly &#8220;PIM&#8221;<\/strong><br \/>\n<strong>Commenti<\/strong>: Non lo consiglierei e troverei altri programmi pi\u00f9 facili da usare.<br \/>\n<strong>Pro<\/strong>: Mi \u00e8 piaciuta la facilit\u00e0 di inviare documenti tramite e-mail.<br \/>\n<strong>Contro<\/strong>: Non \u00e8 facile da usare quando si inviano allegati.<\/p>\n<\/div>\n<\/div>\n<\/div>\n","protected":false},"excerpt":{"rendered":"<p>Deltek PIM \u00e8 una soluzione di gestione delle informazioni di progetto, basata su cloud, sviluppata specificamente per le aziende del settore dell&#8217;architettura, dell&#8217;ingegneria e delle costruzioni (AEC). Offre una serie di funzionalit\u00e0 che consentono ai project manager di gestire e controllare gli standard durante l&#8217;intero ciclo di vita del disegno, dalla creazione alla costruzione.<\/p>\n","protected":false},"author":19,"featured_media":70382,"parent":0,"menu_order":0,"comment_status":"open","ping_status":"closed","template":"g1_template_page_review_new.php","meta":{"_acf_changed":false,"cwp_meta_box_check":"No","cwp_rev_product_name":"","cwp_rev_product_image":"","wppr_links":[],"cwp_rev_price":"","wppr_options":[],"wppr_pros":[],"wppr_cons":[],"_monsterinsights_skip_tracking":false,"_monsterinsights_sitenote_active":false,"_monsterinsights_sitenote_note":"","_monsterinsights_sitenote_category":0,"footnotes":""},"categories":[2459],"tags":[14475,14470,14474,14473,14472,14471],"features":[],"class_list":{"0":"post-70369","1":"page","2":"type-page","3":"status-publish","4":"has-post-thumbnail","6":"category-gestionale-per-edilizia-cat","7":"tag-deltek-pim","8":"tag-gestionale-edilizia","9":"tag-piattaforma-per-edilizia","10":"tag-programma-per-edilizia","11":"tag-software-per-edilizia","12":"tag-soluzione-per-edilizia"},"wppr_data":{"cwp_meta_box_check":"No"},"acf":[],"yoast_head":"<!-- This site is optimized with the Yoast SEO plugin v27.4 - https:\/\/yoast.com\/product\/yoast-seo-wordpress\/ -->\n<title>Deltek PIM: recensione software per edilizia - Accurate Reviews<\/title>\n<meta name=\"description\" content=\"Deltek PIM: recensione soluzione di gestione delle informazioni di progetto sviluppata per aziende di costruzioni e architettura.\" \/>\n<meta name=\"robots\" content=\"index, follow, max-snippet:-1, max-image-preview:large, max-video-preview:-1\" \/>\n<link rel=\"canonical\" href=\"https:\/\/www.accuratereviews.com\/it\/deltek-pim-recensione\/\" \/>\n<meta property=\"og:locale\" content=\"it_IT\" \/>\n<meta property=\"og:type\" content=\"article\" \/>\n<meta property=\"og:title\" content=\"Deltek PIM: recensione software per edilizia - Accurate Reviews\" \/>\n<meta property=\"og:description\" content=\"Deltek PIM: recensione soluzione di gestione delle informazioni di progetto sviluppata per aziende di costruzioni e architettura.\" \/>\n<meta property=\"og:url\" content=\"https:\/\/www.accuratereviews.com\/it\/deltek-pim-recensione\/\" \/>\n<meta property=\"og:site_name\" content=\"Accurate Reviews\" \/>\n<meta property=\"article:modified_time\" content=\"2023-07-06T09:36:44+00:00\" \/>\n<meta property=\"og:image\" content=\"https:\/\/www.accuratereviews.com\/wp-content\/uploads\/2023\/06\/Deltek-PIM.webp\" \/>\n\t<meta property=\"og:image:width\" content=\"200\" \/>\n\t<meta property=\"og:image:height\" content=\"200\" \/>\n\t<meta property=\"og:image:type\" content=\"image\/webp\" \/>\n<meta name=\"twitter:card\" content=\"summary_large_image\" \/>\n<meta name=\"twitter:label1\" content=\"Tempo di lettura stimato\" \/>\n\t<meta name=\"twitter:data1\" content=\"5 minuti\" \/>\n<script type=\"application\/ld+json\" class=\"yoast-schema-graph\">{\"@context\":\"https:\\\/\\\/schema.org\",\"@graph\":[{\"@type\":\"WebPage\",\"@id\":\"https:\\\/\\\/www.accuratereviews.com\\\/it\\\/deltek-pim-recensione\\\/\",\"url\":\"https:\\\/\\\/www.accuratereviews.com\\\/it\\\/deltek-pim-recensione\\\/\",\"name\":\"Deltek PIM: recensione software per edilizia - Accurate Reviews\",\"isPartOf\":{\"@id\":\"https:\\\/\\\/www.accuratereviews.com\\\/it\\\/#website\"},\"primaryImageOfPage\":{\"@id\":\"https:\\\/\\\/www.accuratereviews.com\\\/it\\\/deltek-pim-recensione\\\/#primaryimage\"},\"image\":{\"@id\":\"https:\\\/\\\/www.accuratereviews.com\\\/it\\\/deltek-pim-recensione\\\/#primaryimage\"},\"thumbnailUrl\":\"https:\\\/\\\/www.accuratereviews.com\\\/wp-content\\\/uploads\\\/2023\\\/06\\\/Deltek-PIM.webp\",\"datePublished\":\"2023-06-29T09:13:35+00:00\",\"dateModified\":\"2023-07-06T09:36:44+00:00\",\"description\":\"Deltek PIM: recensione soluzione di gestione delle informazioni di progetto sviluppata per aziende di costruzioni e architettura.\",\"breadcrumb\":{\"@id\":\"https:\\\/\\\/www.accuratereviews.com\\\/it\\\/deltek-pim-recensione\\\/#breadcrumb\"},\"inLanguage\":\"it-IT\",\"potentialAction\":[{\"@type\":\"ReadAction\",\"target\":[\"https:\\\/\\\/www.accuratereviews.com\\\/it\\\/deltek-pim-recensione\\\/\"]}]},{\"@type\":\"ImageObject\",\"inLanguage\":\"it-IT\",\"@id\":\"https:\\\/\\\/www.accuratereviews.com\\\/it\\\/deltek-pim-recensione\\\/#primaryimage\",\"url\":\"https:\\\/\\\/www.accuratereviews.com\\\/wp-content\\\/uploads\\\/2023\\\/06\\\/Deltek-PIM.webp\",\"contentUrl\":\"https:\\\/\\\/www.accuratereviews.com\\\/wp-content\\\/uploads\\\/2023\\\/06\\\/Deltek-PIM.webp\",\"width\":200,\"height\":200},{\"@type\":\"BreadcrumbList\",\"@id\":\"https:\\\/\\\/www.accuratereviews.com\\\/it\\\/deltek-pim-recensione\\\/#breadcrumb\",\"itemListElement\":[{\"@type\":\"ListItem\",\"position\":1,\"name\":\"Home\",\"item\":\"https:\\\/\\\/www.accuratereviews.com\\\/it\\\/\"},{\"@type\":\"ListItem\",\"position\":2,\"name\":\"Deltek PIM\"}]},{\"@type\":\"WebSite\",\"@id\":\"https:\\\/\\\/www.accuratereviews.com\\\/it\\\/#website\",\"url\":\"https:\\\/\\\/www.accuratereviews.com\\\/it\\\/\",\"name\":\"Accurate Reviews\",\"description\":\"\",\"potentialAction\":[{\"@type\":\"SearchAction\",\"target\":{\"@type\":\"EntryPoint\",\"urlTemplate\":\"https:\\\/\\\/www.accuratereviews.com\\\/it\\\/?s={search_term_string}\"},\"query-input\":{\"@type\":\"PropertyValueSpecification\",\"valueRequired\":true,\"valueName\":\"search_term_string\"}}],\"inLanguage\":\"it-IT\"}]}<\/script>\n<!-- \/ Yoast SEO plugin. -->","yoast_head_json":{"title":"Deltek PIM: recensione software per edilizia - Accurate Reviews","description":"Deltek PIM: recensione soluzione di gestione delle informazioni di progetto sviluppata per aziende di costruzioni e architettura.","robots":{"index":"index","follow":"follow","max-snippet":"max-snippet:-1","max-image-preview":"max-image-preview:large","max-video-preview":"max-video-preview:-1"},"canonical":"https:\/\/www.accuratereviews.com\/it\/deltek-pim-recensione\/","og_locale":"it_IT","og_type":"article","og_title":"Deltek PIM: recensione software per edilizia - Accurate Reviews","og_description":"Deltek PIM: recensione soluzione di gestione delle informazioni di progetto sviluppata per aziende di costruzioni e architettura.","og_url":"https:\/\/www.accuratereviews.com\/it\/deltek-pim-recensione\/","og_site_name":"Accurate Reviews","article_modified_time":"2023-07-06T09:36:44+00:00","og_image":[{"width":200,"height":200,"url":"https:\/\/www.accuratereviews.com\/wp-content\/uploads\/2023\/06\/Deltek-PIM.webp","type":"image\/webp"}],"twitter_card":"summary_large_image","twitter_misc":{"Tempo di lettura stimato":"5 minuti"},"schema":{"@context":"https:\/\/schema.org","@graph":[{"@type":"WebPage","@id":"https:\/\/www.accuratereviews.com\/it\/deltek-pim-recensione\/","url":"https:\/\/www.accuratereviews.com\/it\/deltek-pim-recensione\/","name":"Deltek PIM: recensione software per edilizia - Accurate Reviews","isPartOf":{"@id":"https:\/\/www.accuratereviews.com\/it\/#website"},"primaryImageOfPage":{"@id":"https:\/\/www.accuratereviews.com\/it\/deltek-pim-recensione\/#primaryimage"},"image":{"@id":"https:\/\/www.accuratereviews.com\/it\/deltek-pim-recensione\/#primaryimage"},"thumbnailUrl":"https:\/\/www.accuratereviews.com\/wp-content\/uploads\/2023\/06\/Deltek-PIM.webp","datePublished":"2023-06-29T09:13:35+00:00","dateModified":"2023-07-06T09:36:44+00:00","description":"Deltek PIM: recensione soluzione di gestione delle informazioni di progetto sviluppata per aziende di costruzioni e architettura.","breadcrumb":{"@id":"https:\/\/www.accuratereviews.com\/it\/deltek-pim-recensione\/#breadcrumb"},"inLanguage":"it-IT","potentialAction":[{"@type":"ReadAction","target":["https:\/\/www.accuratereviews.com\/it\/deltek-pim-recensione\/"]}]},{"@type":"ImageObject","inLanguage":"it-IT","@id":"https:\/\/www.accuratereviews.com\/it\/deltek-pim-recensione\/#primaryimage","url":"https:\/\/www.accuratereviews.com\/wp-content\/uploads\/2023\/06\/Deltek-PIM.webp","contentUrl":"https:\/\/www.accuratereviews.com\/wp-content\/uploads\/2023\/06\/Deltek-PIM.webp","width":200,"height":200},{"@type":"BreadcrumbList","@id":"https:\/\/www.accuratereviews.com\/it\/deltek-pim-recensione\/#breadcrumb","itemListElement":[{"@type":"ListItem","position":1,"name":"Home","item":"https:\/\/www.accuratereviews.com\/it\/"},{"@type":"ListItem","position":2,"name":"Deltek PIM"}]},{"@type":"WebSite","@id":"https:\/\/www.accuratereviews.com\/it\/#website","url":"https:\/\/www.accuratereviews.com\/it\/","name":"Accurate Reviews","description":"","potentialAction":[{"@type":"SearchAction","target":{"@type":"EntryPoint","urlTemplate":"https:\/\/www.accuratereviews.com\/it\/?s={search_term_string}"},"query-input":{"@type":"PropertyValueSpecification","valueRequired":true,"valueName":"search_term_string"}}],"inLanguage":"it-IT"}]}},"_links":{"self":[{"href":"https:\/\/www.accuratereviews.com\/it\/wp-json\/wp\/v2\/pages\/70369","targetHints":{"allow":["GET"]}}],"collection":[{"href":"https:\/\/www.accuratereviews.com\/it\/wp-json\/wp\/v2\/pages"}],"about":[{"href":"https:\/\/www.accuratereviews.com\/it\/wp-json\/wp\/v2\/types\/page"}],"author":[{"embeddable":true,"href":"https:\/\/www.accuratereviews.com\/it\/wp-json\/wp\/v2\/users\/19"}],"replies":[{"embeddable":true,"href":"https:\/\/www.accuratereviews.com\/it\/wp-json\/wp\/v2\/comments?post=70369"}],"version-history":[{"count":17,"href":"https:\/\/www.accuratereviews.com\/it\/wp-json\/wp\/v2\/pages\/70369\/revisions"}],"predecessor-version":[{"id":70412,"href":"https:\/\/www.accuratereviews.com\/it\/wp-json\/wp\/v2\/pages\/70369\/revisions\/70412"}],"wp:featuredmedia":[{"embeddable":true,"href":"https:\/\/www.accuratereviews.com\/it\/wp-json\/wp\/v2\/media\/70382"}],"wp:attachment":[{"href":"https:\/\/www.accuratereviews.com\/it\/wp-json\/wp\/v2\/media?parent=70369"}],"wp:term":[{"taxonomy":"category","embeddable":true,"href":"https:\/\/www.accuratereviews.com\/it\/wp-json\/wp\/v2\/categories?post=70369"},{"taxonomy":"post_tag","embeddable":true,"href":"https:\/\/www.accuratereviews.com\/it\/wp-json\/wp\/v2\/tags?post=70369"},{"taxonomy":"features","embeddable":true,"href":"https:\/\/www.accuratereviews.com\/it\/wp-json\/wp\/v2\/features?post=70369"}],"curies":[{"name":"wp","href":"https:\/\/api.w.org\/{rel}","templated":true}]}}