{"id":70443,"date":"2023-06-30T12:25:41","date_gmt":"2023-06-30T12:25:41","guid":{"rendered":"https:\/\/www.accuratereviews.com\/?page_id=70443"},"modified":"2023-06-30T12:25:41","modified_gmt":"2023-06-30T12:25:41","slug":"penta-erp-recensione","status":"publish","type":"page","link":"https:\/\/www.accuratereviews.com\/it\/penta-erp-recensione\/","title":{"rendered":"Penta Erp"},"content":{"rendered":"<p><strong>Penta Erp<\/strong> \u00e8 un<strong> sistema aziendale<\/strong> che gestisce ogni aspetto della contabilit\u00e0, project management e service per le imprese edili, ingegneristiche e di servizi. Fornita tramite cloud hosting o on-premise, la soluzione offre funzionalit\u00e0 per la gestione della costruzione, la gestione dei servizi, la contabilit\u00e0 multiaziendale, la gestione dei progetti e delle attrezzature, la mobilit\u00e0 e la gestione dei contenuti aziendali.<br \/>\nGli ambienti di lavoro basati sui ruoli presentano graficamente analisi avanzate. Ogni utente ha il proprio workbench pieno di indicatori di prestazioni chiave rilevanti per il proprio ruolo e riceve avvisi proattivi su problemi urgenti. Il software di gestione dei progetti contiene il costo del lavoro, la fatturazione dello stato di avanzamento, la gestione dei contratti, la gestione dei disegni, la generazione dei preventivi, il monitoraggio del foglio presenze e altre funzionalit\u00e0 per la gestione dei progetti.<\/p>\n<h2>PENTA ERP &#8211; TUTORIAL<\/h2>\n<div id=\"fluid-wrapper-counter-1\" class=\"g1-fluid-wrapper \" style=\"width:686px;\">\n<div style=\"padding-bottom:56.268221574344%;\"><iframe loading=\"lazy\" title=\"PENTA Overview Video - A Contractor&#039;s Tale\" width=\"686\" height=\"386\" src=\"https:\/\/www.youtube.com\/embed\/RrFffUpFoMk?feature=oembed&amp;wmode=transparent&amp;autohide=1&amp;autoplay=0&amp;disablekb=0&amp;fs=1&amp;loop=0&amp;enablejsapi=1&amp;rel=0&amp;controls=2&amp;showinfo=0&amp;wmode=transparent&amp;autohide=2&amp;autoplay=0&amp;disablekb=0&amp;fs=1&amp;loop=0&amp;enablejsapi=1&amp;rel=0&amp;controls=2&amp;showinfo=1\" frameborder=\"0\" allow=\"accelerometer; autoplay; clipboard-write; encrypted-media; gyroscope; picture-in-picture; web-share\" allowfullscreen><\/iframe><\/div>\n<\/div>\n<h3>PENTA ERP &#8211; CARATTERISTICHE<\/h3>\n<ul>\n<li>Crea query personalizzate per cercare informazioni chiave in report giornalieri, fatture, ordini di acquisto, RFI o altri contenuti archiviati.<\/li>\n<li>Intervieni sui flussi di lavoro che ti sono stati assegnati<\/li>\n<li>Approva le fatture dei fornitori e gli ordini di lavoro<\/li>\n<li>Monitora le attivit\u00e0 aziendali come l&#8217;instradamento AP o le scadenze dell&#8217;assicurazione del subappaltatore<\/li>\n<li>Compila moduli elettronici utilizzando eForms<\/li>\n<li>Registri di lavoro giornalieri<\/li>\n<li>Rapporti sugli incidenti di sicurezza<\/li>\n<li>Scatta e carica foto e memorizzale in una variet\u00e0 di tipi di documenti<\/li>\n<li>Rapporti di ricevimento materiale<\/li>\n<li>Moduli contabili come fatture o ordini di acquisto<\/li>\n<li>Unifica la gestione delle operazioni di ingegneria, approvvigionamento e costruzione<\/li>\n<li>Semplifica la contabilit\u00e0 multisede, multiazienda e interaziendale<\/li>\n<li>Automatizza l&#8217;inserimento self-service e la gestione dell&#8217;approvazione di tempi e spese<\/li>\n<li>Fornisce ai responsabili delle decisioni informazioni di gestione quotidiana in un formato analitico e un&#8217;interfaccia utente intuitiva<\/li>\n<li>Massimizza l&#8217;utilizzo delle risorse tra aziende e sedi.<\/li>\n<li>Gestisci profitti e perdite per unit\u00e0 di business, sia per posizione geografica, linea di attivit\u00e0 o manager.<\/li>\n<li>Tieni traccia dei valori di attivit\u00e0, responsabilit\u00e0 e patrimonio netto per persona giuridica; stabilire Bilanci Patrimoniali per entit\u00e0.<\/li>\n<li>Soddisfa i requisiti di segnalazione per le persone giuridiche, inclusi W2, 1099, imposta sul reddito e altro ancora.<\/li>\n<\/ul>\n<h4>LE RECENSIONI DEGLI UTENTI<\/h4>\n<p><strong>Dustin &#8220;Recensione&#8221;<\/strong><br \/>\nMolte opzioni da utilizzare in questo programma, abbastanza facile da usare.<br \/>\n<strong>Pro<\/strong>: Molte opzioni!!<br \/>\n<strong>Contro<\/strong>: potrebbe ricevere un contraccolpo da parte degli utenti poco tecnologici.<\/p>\n<p><strong>Siddesh &#8220;Gestione del progetto&#8221;<\/strong><br \/>\n<strong>Pro<\/strong>: il modulo di gestione del progetto Penta \u00e8 un aggiornamento del database in tempo reale, revisioni del progetto, tempistiche e l&#8217;elenco potrebbe continuare. Lo consiglio a medie e grandi imprese.<br \/>\n<strong>Contro<\/strong>: Il prezzo del software \u00e8 alto e sono necessarie una formazione e una conoscenza adeguate per operare e ottenere buoni risultati.<\/p>\n<p><strong>Kimberly &#8220;Ottieni quello che ci metti dentro!&#8221;<\/strong><br \/>\nNel complesso, PENTA fa ci\u00f2 di cui abbiamo bisogno. Non \u00e8 elegante come altri software, ma il loro personale di supporto \u00e8 sempre disponibile in caso di dubbi.<br \/>\n<strong>Pro<\/strong>: PENTA \u00e8 un vero ERP. La funzionalit\u00e0 del software ha soddisfatto le nostre esigenze di gestione dei progetti, contabilit\u00e0 e buste paga. Il nostro dipartimento IT \u00e8 in grado di creare report molto facilmente in base a quelle che sono le nostre esigenze.<br \/>\n<strong>Contro<\/strong>: Vorrei che ci fosse un sistema HRIS pi\u00f9 approfondito da utilizzare. \u00c8 importante sapere che ci\u00f2 che metti nel sistema \u00e8 ci\u00f2 che userai, quindi se non stai utilizzando tutti gli aspetti, ti mancheranno informazioni pertinenti da analizzare. Vorrei anche che ci fosse un modo per l&#8217;utente di creare i propri report al di fuori del workbench.<\/p>\n","protected":false},"excerpt":{"rendered":"<p>Penta Erp \u00e8 un sistema aziendale che gestisce ogni aspetto della contabilit\u00e0, project management e service per le imprese edili, ingegneristiche e di servizi. Fornita tramite cloud hosting o on-premise, la soluzione offre funzionalit\u00e0 per la gestione della costruzione, la gestione dei servizi, la contabilit\u00e0 multiaziendale, la gestione dei progetti e delle attrezzature, la mobilit\u00e0 e la gestione dei contenuti aziendali.<\/p>\n","protected":false},"author":19,"featured_media":70445,"parent":0,"menu_order":0,"comment_status":"open","ping_status":"closed","template":"g1_template_page_review_new.php","meta":{"_acf_changed":false,"cwp_meta_box_check":"Yes","cwp_rev_product_name":"","cwp_rev_product_image":"","wppr_links":[],"cwp_rev_price":"0.00","wppr_options":[{"name":"Usability","value":"0"},{"name":"Speed","value":"0"},{"name":"Features","value":"0"},{"name":"Support","value":"0"},{"name":"Pricing","value":"0"}],"wppr_pros":["","","","",""],"wppr_cons":["","","","",""],"_monsterinsights_skip_tracking":false,"_monsterinsights_sitenote_active":false,"_monsterinsights_sitenote_note":"","_monsterinsights_sitenote_category":0,"footnotes":""},"categories":[2459],"tags":[14486,14470,14487,14478,14477,14480,14479],"features":[],"class_list":{"0":"post-70443","1":"page","2":"type-page","3":"status-publish","4":"has-post-thumbnail","6":"category-gestionale-per-edilizia-cat","7":"tag-app-gestionale-edilizia","8":"tag-gestionale-edilizia","9":"tag-penta-erp","10":"tag-piattaforma-gestionale-edilizia","11":"tag-programma-gestionale-edilizia","12":"tag-software-gestionale-edilizia","13":"tag-soluzione-gestionale-edilizia"},"wppr_data":{"cwp_meta_box_check":"Yes","_wppr_review_template":"default","cwp_rev_product_image":"","cwp_image_link":"image","wppr_links":[],"cwp_rev_price":"0.00","wppr_pros":["","","","",""],"wppr_cons":["","","","",""],"wppr_rating":"0.00","wppr_options":{"1":{"name":"Usability","value":"0"},"2":{"name":"Speed","value":"0"},"3":{"name":"Features","value":"0"},"4":{"name":"Support","value":"0"},"5":{"name":"Pricing","value":"0"}},"wppr_review_type":"Product","wppr_review_custom_fields":{"additionalProperty":"","additionalType":"","aggregateRating":"","alternateName":"","audience":"","award":"","awards":"","brand":"","color":"","depth":"","description":"","disambiguatingDescription":"","gtin12":"","gtin13":"","gtin14":"","gtin8":"","height":"","identifier":"","image":"","isAccessoryOrSparePartFor":"","isConsumableFor":"","isRelatedTo":"","isSimilarTo":"","itemCondition":"","logo":"","mainEntityOfPage":"","manufacturer":"","material":"","model":"","mpn":"","name":"","offers":"","potentialAction":"","productID":"","productionDate":"","purchaseDate":"","releaseDate":"","review":"","reviews":"","sameAs":"","sku":"","slogan":"","subjectOf":"","url":"","weight":"","width":""}},"acf":[],"yoast_head":"<!-- This site is optimized with the Yoast SEO plugin v27.4 - https:\/\/yoast.com\/product\/yoast-seo-wordpress\/ -->\n<title>Penta Erp: recensione software gestionale edilizia - AR<\/title>\n<meta name=\"description\" content=\"Penta Erp: recensione sistema aziendale che gestisce ogni aspetto della contabilit\u00e0, project management e service per le imprese edili.\" \/>\n<meta name=\"robots\" content=\"index, follow, max-snippet:-1, max-image-preview:large, max-video-preview:-1\" \/>\n<link rel=\"canonical\" href=\"https:\/\/www.accuratereviews.com\/it\/penta-erp-recensione\/\" \/>\n<meta property=\"og:locale\" content=\"it_IT\" \/>\n<meta property=\"og:type\" content=\"article\" \/>\n<meta property=\"og:title\" content=\"Penta Erp: recensione software gestionale edilizia - AR\" \/>\n<meta property=\"og:description\" content=\"Penta Erp: recensione sistema aziendale che gestisce ogni aspetto della contabilit\u00e0, project management e service per le imprese edili.\" \/>\n<meta property=\"og:url\" content=\"https:\/\/www.accuratereviews.com\/it\/penta-erp-recensione\/\" \/>\n<meta property=\"og:site_name\" content=\"Accurate Reviews\" \/>\n<meta property=\"og:image\" content=\"https:\/\/www.accuratereviews.com\/wp-content\/uploads\/2023\/06\/PENTA-ERP.png\" \/>\n\t<meta property=\"og:image:width\" content=\"600\" \/>\n\t<meta property=\"og:image:height\" content=\"315\" \/>\n\t<meta property=\"og:image:type\" content=\"image\/png\" \/>\n<meta name=\"twitter:card\" content=\"summary_large_image\" \/>\n<meta name=\"twitter:label1\" content=\"Tempo di lettura stimato\" \/>\n\t<meta name=\"twitter:data1\" content=\"4 minuti\" \/>\n<script type=\"application\/ld+json\" class=\"yoast-schema-graph\">{\"@context\":\"https:\\\/\\\/schema.org\",\"@graph\":[{\"@type\":\"WebPage\",\"@id\":\"https:\\\/\\\/www.accuratereviews.com\\\/it\\\/penta-erp-recensione\\\/\",\"url\":\"https:\\\/\\\/www.accuratereviews.com\\\/it\\\/penta-erp-recensione\\\/\",\"name\":\"Penta Erp: recensione software gestionale edilizia - AR\",\"isPartOf\":{\"@id\":\"https:\\\/\\\/www.accuratereviews.com\\\/it\\\/#website\"},\"primaryImageOfPage\":{\"@id\":\"https:\\\/\\\/www.accuratereviews.com\\\/it\\\/penta-erp-recensione\\\/#primaryimage\"},\"image\":{\"@id\":\"https:\\\/\\\/www.accuratereviews.com\\\/it\\\/penta-erp-recensione\\\/#primaryimage\"},\"thumbnailUrl\":\"https:\\\/\\\/www.accuratereviews.com\\\/wp-content\\\/uploads\\\/2023\\\/06\\\/PENTA-ERP.png\",\"datePublished\":\"2023-06-30T12:25:41+00:00\",\"description\":\"Penta Erp: recensione sistema aziendale che gestisce ogni aspetto della contabilit\u00e0, project management e service per le imprese edili.\",\"breadcrumb\":{\"@id\":\"https:\\\/\\\/www.accuratereviews.com\\\/it\\\/penta-erp-recensione\\\/#breadcrumb\"},\"inLanguage\":\"it-IT\",\"potentialAction\":[{\"@type\":\"ReadAction\",\"target\":[\"https:\\\/\\\/www.accuratereviews.com\\\/it\\\/penta-erp-recensione\\\/\"]}]},{\"@type\":\"ImageObject\",\"inLanguage\":\"it-IT\",\"@id\":\"https:\\\/\\\/www.accuratereviews.com\\\/it\\\/penta-erp-recensione\\\/#primaryimage\",\"url\":\"https:\\\/\\\/www.accuratereviews.com\\\/wp-content\\\/uploads\\\/2023\\\/06\\\/PENTA-ERP.png\",\"contentUrl\":\"https:\\\/\\\/www.accuratereviews.com\\\/wp-content\\\/uploads\\\/2023\\\/06\\\/PENTA-ERP.png\",\"width\":600,\"height\":315},{\"@type\":\"BreadcrumbList\",\"@id\":\"https:\\\/\\\/www.accuratereviews.com\\\/it\\\/penta-erp-recensione\\\/#breadcrumb\",\"itemListElement\":[{\"@type\":\"ListItem\",\"position\":1,\"name\":\"Home\",\"item\":\"https:\\\/\\\/www.accuratereviews.com\\\/it\\\/\"},{\"@type\":\"ListItem\",\"position\":2,\"name\":\"Penta Erp\"}]},{\"@type\":\"WebSite\",\"@id\":\"https:\\\/\\\/www.accuratereviews.com\\\/it\\\/#website\",\"url\":\"https:\\\/\\\/www.accuratereviews.com\\\/it\\\/\",\"name\":\"Accurate Reviews\",\"description\":\"\",\"potentialAction\":[{\"@type\":\"SearchAction\",\"target\":{\"@type\":\"EntryPoint\",\"urlTemplate\":\"https:\\\/\\\/www.accuratereviews.com\\\/it\\\/?s={search_term_string}\"},\"query-input\":{\"@type\":\"PropertyValueSpecification\",\"valueRequired\":true,\"valueName\":\"search_term_string\"}}],\"inLanguage\":\"it-IT\"}]}<\/script>\n<!-- \/ Yoast SEO plugin. -->","yoast_head_json":{"title":"Penta Erp: recensione software gestionale edilizia - AR","description":"Penta Erp: recensione sistema aziendale che gestisce ogni aspetto della contabilit\u00e0, project management e service per le imprese edili.","robots":{"index":"index","follow":"follow","max-snippet":"max-snippet:-1","max-image-preview":"max-image-preview:large","max-video-preview":"max-video-preview:-1"},"canonical":"https:\/\/www.accuratereviews.com\/it\/penta-erp-recensione\/","og_locale":"it_IT","og_type":"article","og_title":"Penta Erp: recensione software gestionale edilizia - AR","og_description":"Penta Erp: recensione sistema aziendale che gestisce ogni aspetto della contabilit\u00e0, project management e service per le imprese edili.","og_url":"https:\/\/www.accuratereviews.com\/it\/penta-erp-recensione\/","og_site_name":"Accurate Reviews","og_image":[{"width":600,"height":315,"url":"https:\/\/www.accuratereviews.com\/wp-content\/uploads\/2023\/06\/PENTA-ERP.png","type":"image\/png"}],"twitter_card":"summary_large_image","twitter_misc":{"Tempo di lettura stimato":"4 minuti"},"schema":{"@context":"https:\/\/schema.org","@graph":[{"@type":"WebPage","@id":"https:\/\/www.accuratereviews.com\/it\/penta-erp-recensione\/","url":"https:\/\/www.accuratereviews.com\/it\/penta-erp-recensione\/","name":"Penta Erp: recensione software gestionale edilizia - AR","isPartOf":{"@id":"https:\/\/www.accuratereviews.com\/it\/#website"},"primaryImageOfPage":{"@id":"https:\/\/www.accuratereviews.com\/it\/penta-erp-recensione\/#primaryimage"},"image":{"@id":"https:\/\/www.accuratereviews.com\/it\/penta-erp-recensione\/#primaryimage"},"thumbnailUrl":"https:\/\/www.accuratereviews.com\/wp-content\/uploads\/2023\/06\/PENTA-ERP.png","datePublished":"2023-06-30T12:25:41+00:00","description":"Penta Erp: recensione sistema aziendale che gestisce ogni aspetto della contabilit\u00e0, project management e service per le imprese edili.","breadcrumb":{"@id":"https:\/\/www.accuratereviews.com\/it\/penta-erp-recensione\/#breadcrumb"},"inLanguage":"it-IT","potentialAction":[{"@type":"ReadAction","target":["https:\/\/www.accuratereviews.com\/it\/penta-erp-recensione\/"]}]},{"@type":"ImageObject","inLanguage":"it-IT","@id":"https:\/\/www.accuratereviews.com\/it\/penta-erp-recensione\/#primaryimage","url":"https:\/\/www.accuratereviews.com\/wp-content\/uploads\/2023\/06\/PENTA-ERP.png","contentUrl":"https:\/\/www.accuratereviews.com\/wp-content\/uploads\/2023\/06\/PENTA-ERP.png","width":600,"height":315},{"@type":"BreadcrumbList","@id":"https:\/\/www.accuratereviews.com\/it\/penta-erp-recensione\/#breadcrumb","itemListElement":[{"@type":"ListItem","position":1,"name":"Home","item":"https:\/\/www.accuratereviews.com\/it\/"},{"@type":"ListItem","position":2,"name":"Penta Erp"}]},{"@type":"WebSite","@id":"https:\/\/www.accuratereviews.com\/it\/#website","url":"https:\/\/www.accuratereviews.com\/it\/","name":"Accurate Reviews","description":"","potentialAction":[{"@type":"SearchAction","target":{"@type":"EntryPoint","urlTemplate":"https:\/\/www.accuratereviews.com\/it\/?s={search_term_string}"},"query-input":{"@type":"PropertyValueSpecification","valueRequired":true,"valueName":"search_term_string"}}],"inLanguage":"it-IT"}]}},"_links":{"self":[{"href":"https:\/\/www.accuratereviews.com\/it\/wp-json\/wp\/v2\/pages\/70443","targetHints":{"allow":["GET"]}}],"collection":[{"href":"https:\/\/www.accuratereviews.com\/it\/wp-json\/wp\/v2\/pages"}],"about":[{"href":"https:\/\/www.accuratereviews.com\/it\/wp-json\/wp\/v2\/types\/page"}],"author":[{"embeddable":true,"href":"https:\/\/www.accuratereviews.com\/it\/wp-json\/wp\/v2\/users\/19"}],"replies":[{"embeddable":true,"href":"https:\/\/www.accuratereviews.com\/it\/wp-json\/wp\/v2\/comments?post=70443"}],"version-history":[{"count":7,"href":"https:\/\/www.accuratereviews.com\/it\/wp-json\/wp\/v2\/pages\/70443\/revisions"}],"predecessor-version":[{"id":70481,"href":"https:\/\/www.accuratereviews.com\/it\/wp-json\/wp\/v2\/pages\/70443\/revisions\/70481"}],"wp:featuredmedia":[{"embeddable":true,"href":"https:\/\/www.accuratereviews.com\/it\/wp-json\/wp\/v2\/media\/70445"}],"wp:attachment":[{"href":"https:\/\/www.accuratereviews.com\/it\/wp-json\/wp\/v2\/media?parent=70443"}],"wp:term":[{"taxonomy":"category","embeddable":true,"href":"https:\/\/www.accuratereviews.com\/it\/wp-json\/wp\/v2\/categories?post=70443"},{"taxonomy":"post_tag","embeddable":true,"href":"https:\/\/www.accuratereviews.com\/it\/wp-json\/wp\/v2\/tags?post=70443"},{"taxonomy":"features","embeddable":true,"href":"https:\/\/www.accuratereviews.com\/it\/wp-json\/wp\/v2\/features?post=70443"}],"curies":[{"name":"wp","href":"https:\/\/api.w.org\/{rel}","templated":true}]}}