{"id":70487,"date":"2023-07-03T15:15:56","date_gmt":"2023-07-03T15:15:56","guid":{"rendered":"https:\/\/www.accuratereviews.com\/?page_id=70487"},"modified":"2023-07-03T15:15:56","modified_gmt":"2023-07-03T15:15:56","slug":"itrade-recensione","status":"publish","type":"page","link":"https:\/\/www.accuratereviews.com\/it\/software-gestionali-edilizia\/itrade-recensione\/","title":{"rendered":"iTrade"},"content":{"rendered":"<p><strong>iTrade<\/strong> \u00e8 una <strong>soluzione di servizio sul campo<\/strong> basata su cloud, che offre un\u2019applicazione mobile nativa per dispositivi Android e iOS. Le funzionalit\u00e0 chiave consentono agli utenti di pianificare i lavori, automatizzare i fogli di presenza, raccogliere firme digitali, gestire il personale e stampare le schede di lavoro. Il programma consente agli utenti di personalizzare le quotazioni con loghi aziendali, colori e immagini.<br \/>\nLa soluzione permette agli operatori di accedere a rapporti di lavoro con timbro GPS e monitorare lo stato di completamento del lavoro dei lavoratori sul campo. Le aziende possono creare diverse categorie di prezzi di vendita, modificare le descrizioni e ripristinare i backup dell\u2019inventario. Gli elettricisti possono automatizzare le conferme di prenotazione da inviare ai clienti o al personale tramite email o messaggio di testo.<\/p>\n<h2>ITRADE &#8211; TUTORIAL<\/h2>\n<div id=\"fluid-wrapper-counter-1\" class=\"g1-fluid-wrapper \" style=\"width:686px;\">\n<div style=\"padding-bottom:56.268221574344%;\"><iframe loading=\"lazy\" title=\"Timesheet Admin Video\" width=\"686\" height=\"386\" src=\"https:\/\/www.youtube.com\/embed\/9FWzXwMyMOg?feature=oembed&amp;wmode=transparent&amp;autohide=1&amp;autoplay=0&amp;disablekb=0&amp;fs=1&amp;loop=0&amp;enablejsapi=1&amp;rel=0&amp;controls=2&amp;showinfo=0&amp;wmode=transparent&amp;autohide=2&amp;autoplay=0&amp;disablekb=0&amp;fs=1&amp;loop=0&amp;enablejsapi=1&amp;rel=0&amp;controls=2&amp;showinfo=1\" frameborder=\"0\" allow=\"accelerometer; autoplay; clipboard-write; encrypted-media; gyroscope; picture-in-picture; web-share\" allowfullscreen><\/iframe><\/div>\n<\/div>\n<h3>ITRADE &#8211; CARATTERISTICHE<\/h3>\n<ul>\n<li><strong>Pianificare il lavoro<\/strong>: fissare facilmente e velocemente appuntamenti con questo programma.<\/li>\n<li><strong>Costo del lavoro \/ Preventivi<\/strong>: il software pu\u00f2 semplificare il processo di quotazione e produrre preventivi dall&#8217;aspetto professionale e bello.<\/li>\n<li><strong>Conferma della prenotazione<\/strong>: invia conferme di prenotazione del lavoro tramite sms o email ai tuoi clienti o al personale. I messaggi possono essere inviati automaticamente con uno, due o tre giorni di anticipo e le risposte dei tuoi clienti vengono inserite direttamente nella sezione delle note di lavoro insieme a notifiche popup ed email opzionali.<\/li>\n<li><strong>Stampe di rifornimento furgone<\/strong>: il rapporto Van Restocking ti consente di stampare o inviare tramite email un elenco di materiali utilizzati per ciascuno dei tuoi ragazzi. Invialo via fax o email come ordine al tuo fornitore per la consegna.<\/li>\n<li><strong>Opzioni di spedizione<\/strong>: \u00a0scegli tu quanti lavori da svolgere potranno essere visti dai ragazzi sui loro dispositivi mobili. Puoi selezionarne uno alla volta, due, tre, giornata intera o ogni lavoro nel sistema prenotato per loro.<\/li>\n<li><strong>Acquisizione della firma<\/strong>: hai bisogno di acquisire le firme dei clienti sui lavori completati? Nessun problema, consente ai tuoi clienti di firmare &#8220;sullo schermo&#8221; e salva la firma all&#8217;interno del lavoro per sette anni.<\/li>\n<li><strong>Mappe interattive<\/strong>: ogni lavoro inviato ai tuoi operatori sul campo include una mappa interattiva ingrandita automaticamente per mostrare la loro posizione attuale e la loro destinazione.<\/li>\n<li><strong>Rapporti sull&#8217;analisi dei lavoratori<\/strong>: guarda il fatturato e il profitto per ogni individuo all&#8217;interno della tua attivit\u00e0.<\/li>\n<li><strong>Schede attivit\u00e0 automatizzate<\/strong>: non avrai pi\u00f9 bisogno di una scheda attivit\u00e0 o di note per ricordarti a chi fatturare o passare ore a controllare le loro schede attivit\u00e0.<\/li>\n<li><strong>Rapporti di lavoro GPS<\/strong>: avrai accesso ai rapporti di lavoro timbrati GPS per ogni lavoro completato dai dipendenti e mostra le mappe di dove ti trovavi quando hai &#8220;iniziato&#8221;, arrivato &#8220;sul posto&#8221; e &#8220;completato&#8221; ogni lavoro. Cambia automaticamente il lavoro da &#8220;Avviato&#8221; a &#8220;In loco&#8221; quando ti trovi entro 50 metri dalla destinazione.<\/li>\n<li><strong>Certificati<\/strong>: elettricisti e idraulici possono produrre facilmente e rapidamente certificati di conformit\u00e0 all&#8217;interno di un lavoro e la maggior parte dei campi sar\u00e0 precompilata risparmiando tempo. I certificati possono essere inviati via email dal dispositivo mobile del lavoratore o in qualsiasi momento dal server e verranno salvati nell&#8217;account principale del cliente per sette anni.<\/li>\n<li><strong>Campi personalizzati<\/strong>: crea campi personalizzati illimitati adatti alla tua attivit\u00e0 per tracciare installazioni, informazioni sul sito o altro. Questi possono essere resi obbligatori sui lavori in modo che i dati vitali non vengano dimenticati e queste informazioni vengano raccolte in ciascun account cliente.<\/li>\n<\/ul>\n<h4>LE RECENSIONI DEI CLIENTI<\/h4>\n<p><strong>Peter &#8220;Pro ITrade&#8221;<\/strong><br \/>\n<strong>Commenti<\/strong>: Buon supporto divertiti a lavorare con il sistema ogni giorno<br \/>\n<strong>Pro<\/strong>:Facilit\u00e0 d&#8217;uso e capacit\u00e0 di adattare la configurazione al modo in cui lavori i tuoi modelli aziendali, i prezzi e le quotazioni \u00c8 bello osservare l&#8217;avanzamento di un lavoro nel corso della giornata<br \/>\n<strong>Contro<\/strong>: Gestione delle scorte poco accurato<\/p>\n<p><strong>Mark &#8220;La grande recensione&#8221;<\/strong><br \/>\n<strong>Commenti<\/strong>: Adoro usare iTrade perch\u00e9 posso inviare i miei preventivi ai clienti nello stesso giorno.<br \/>\n<strong>Pro<\/strong>: Molto facile da navigare nel programma e nell&#8217;APP, la funzione di quotazione \u00e8 eccezionale e mi consente di inviare le mie quotazioni ai miei clienti in tempi record.<br \/>\n<strong>Contro<\/strong>: Quando fatturi i progetti devi spostare la casella per vedere il prezzo totale. Quando si crea un&#8217;attivit\u00e0, la data di scadenza dovrebbe essere impostata automaticamente dopo l&#8217;evento.<\/p>\n<p><strong>Jamie &#8220;Provati molti, questo funziona&#8221;<\/strong><br \/>\n<strong>Pro<\/strong>: \u00c8 semplice, dicono tutti di esserlo, ma questo \u00e8 il pi\u00f9 semplice che ho trovato. \u00c8 facile orientarsi sembra semplice e scavando pi\u00f9 a fondo trovi moltissime funzioni. Fa tutto ci\u00f2 di cui abbiamo bisogno e ci ha risparmiato uno staff amministrativo.<br \/>\n<strong>Contro<\/strong>: Nessuna app per Windows Mobile, solo Android e iOS<\/p>\n","protected":false},"excerpt":{"rendered":"<p>iTrade \u00e8 una soluzione di servizio sul campo basata su cloud, che offre un\u2019applicazione mobile nativa per dispositivi Android e iOS. Le funzionalit\u00e0 chiave consentono agli utenti di pianificare i lavori, automatizzare i fogli di presenza, raccogliere firme digitali, gestire il personale e stampare le schede di lavoro.<\/p>\n","protected":false},"author":19,"featured_media":70488,"parent":70458,"menu_order":0,"comment_status":"open","ping_status":"closed","template":"g1_template_page_review_new.php","meta":{"_acf_changed":false,"cwp_meta_box_check":"Yes","cwp_rev_product_name":"","cwp_rev_product_image":"","wppr_links":[],"cwp_rev_price":"0.00","wppr_options":[{"name":"Usability","value":"0"},{"name":"Speed","value":"0"},{"name":"Features","value":"0"},{"name":"Support","value":"0"},{"name":"Pricing","value":"0"}],"wppr_pros":["","","","",""],"wppr_cons":["","","","",""],"_monsterinsights_skip_tracking":false,"_monsterinsights_sitenote_active":false,"_monsterinsights_sitenote_note":"","_monsterinsights_sitenote_category":0,"footnotes":""},"categories":[2459],"tags":[14510,14509,14478,14477,14480,14479],"features":[],"class_list":{"0":"post-70487","1":"page","2":"type-page","3":"status-publish","4":"has-post-thumbnail","6":"category-gestionale-per-edilizia-cat","7":"tag-gestione-edilizia","8":"tag-itrade","9":"tag-piattaforma-gestionale-edilizia","10":"tag-programma-gestionale-edilizia","11":"tag-software-gestionale-edilizia","12":"tag-soluzione-gestionale-edilizia"},"wppr_data":{"cwp_meta_box_check":"Yes","_wppr_review_template":"default","cwp_rev_product_image":"","cwp_image_link":"image","wppr_links":[],"cwp_rev_price":"0.00","wppr_pros":["","","","",""],"wppr_cons":["","","","",""],"wppr_rating":"0.00","wppr_options":{"1":{"name":"Usability","value":"0"},"2":{"name":"Speed","value":"0"},"3":{"name":"Features","value":"0"},"4":{"name":"Support","value":"0"},"5":{"name":"Pricing","value":"0"}},"wppr_review_type":"Product","wppr_review_custom_fields":{"additionalProperty":"","additionalType":"","aggregateRating":"","alternateName":"","audience":"","award":"","awards":"","brand":"","color":"","depth":"","description":"","disambiguatingDescription":"","gtin12":"","gtin13":"","gtin14":"","gtin8":"","height":"","identifier":"","image":"","isAccessoryOrSparePartFor":"","isConsumableFor":"","isRelatedTo":"","isSimilarTo":"","itemCondition":"","logo":"","mainEntityOfPage":"","manufacturer":"","material":"","model":"","mpn":"","name":"","offers":"","potentialAction":"","productID":"","productionDate":"","purchaseDate":"","releaseDate":"","review":"","reviews":"","sameAs":"","sku":"","slogan":"","subjectOf":"","url":"","weight":"","width":""}},"acf":[],"yoast_head":"<!-- This site is optimized with the Yoast SEO plugin v27.4 - https:\/\/yoast.com\/product\/yoast-seo-wordpress\/ -->\n<title>iTrade: recensione software gestionale edilizia - Accurate Reviews<\/title>\n<meta name=\"description\" content=\"iTrade: recensione soluzione di servizio sul campo basata su cloud, che offre un\u2019applicazione mobile nativa per dispositivi Android e iOS.\" \/>\n<meta name=\"robots\" content=\"index, follow, max-snippet:-1, max-image-preview:large, max-video-preview:-1\" \/>\n<link rel=\"canonical\" href=\"https:\/\/www.accuratereviews.com\/it\/software-gestionali-edilizia\/itrade-recensione\/\" \/>\n<meta property=\"og:locale\" content=\"it_IT\" \/>\n<meta property=\"og:type\" content=\"article\" \/>\n<meta property=\"og:title\" content=\"iTrade: recensione software gestionale edilizia - Accurate Reviews\" \/>\n<meta property=\"og:description\" content=\"iTrade: recensione soluzione di servizio sul campo basata su cloud, che offre un\u2019applicazione mobile nativa per dispositivi Android e iOS.\" \/>\n<meta property=\"og:url\" content=\"https:\/\/www.accuratereviews.com\/it\/software-gestionali-edilizia\/itrade-recensione\/\" \/>\n<meta property=\"og:site_name\" content=\"Accurate Reviews\" \/>\n<meta property=\"og:image\" content=\"https:\/\/www.accuratereviews.com\/wp-content\/uploads\/2023\/07\/itrade.jpeg\" \/>\n\t<meta property=\"og:image:width\" content=\"828\" \/>\n\t<meta property=\"og:image:height\" content=\"835\" \/>\n\t<meta property=\"og:image:type\" content=\"image\/jpeg\" \/>\n<meta name=\"twitter:card\" content=\"summary_large_image\" \/>\n<meta name=\"twitter:label1\" content=\"Tempo di lettura stimato\" \/>\n\t<meta name=\"twitter:data1\" content=\"4 minuti\" \/>\n<script type=\"application\/ld+json\" class=\"yoast-schema-graph\">{\"@context\":\"https:\\\/\\\/schema.org\",\"@graph\":[{\"@type\":\"WebPage\",\"@id\":\"https:\\\/\\\/www.accuratereviews.com\\\/it\\\/software-gestionali-edilizia\\\/itrade-recensione\\\/\",\"url\":\"https:\\\/\\\/www.accuratereviews.com\\\/it\\\/software-gestionali-edilizia\\\/itrade-recensione\\\/\",\"name\":\"iTrade: recensione software gestionale edilizia - Accurate Reviews\",\"isPartOf\":{\"@id\":\"https:\\\/\\\/www.accuratereviews.com\\\/it\\\/#website\"},\"primaryImageOfPage\":{\"@id\":\"https:\\\/\\\/www.accuratereviews.com\\\/it\\\/software-gestionali-edilizia\\\/itrade-recensione\\\/#primaryimage\"},\"image\":{\"@id\":\"https:\\\/\\\/www.accuratereviews.com\\\/it\\\/software-gestionali-edilizia\\\/itrade-recensione\\\/#primaryimage\"},\"thumbnailUrl\":\"https:\\\/\\\/www.accuratereviews.com\\\/wp-content\\\/uploads\\\/2023\\\/07\\\/itrade.jpeg\",\"datePublished\":\"2023-07-03T15:15:56+00:00\",\"description\":\"iTrade: recensione soluzione di servizio sul campo basata su cloud, che offre un\u2019applicazione mobile nativa per dispositivi Android e iOS.\",\"breadcrumb\":{\"@id\":\"https:\\\/\\\/www.accuratereviews.com\\\/it\\\/software-gestionali-edilizia\\\/itrade-recensione\\\/#breadcrumb\"},\"inLanguage\":\"it-IT\",\"potentialAction\":[{\"@type\":\"ReadAction\",\"target\":[\"https:\\\/\\\/www.accuratereviews.com\\\/it\\\/software-gestionali-edilizia\\\/itrade-recensione\\\/\"]}]},{\"@type\":\"ImageObject\",\"inLanguage\":\"it-IT\",\"@id\":\"https:\\\/\\\/www.accuratereviews.com\\\/it\\\/software-gestionali-edilizia\\\/itrade-recensione\\\/#primaryimage\",\"url\":\"https:\\\/\\\/www.accuratereviews.com\\\/wp-content\\\/uploads\\\/2023\\\/07\\\/itrade.jpeg\",\"contentUrl\":\"https:\\\/\\\/www.accuratereviews.com\\\/wp-content\\\/uploads\\\/2023\\\/07\\\/itrade.jpeg\",\"width\":828,\"height\":835},{\"@type\":\"BreadcrumbList\",\"@id\":\"https:\\\/\\\/www.accuratereviews.com\\\/it\\\/software-gestionali-edilizia\\\/itrade-recensione\\\/#breadcrumb\",\"itemListElement\":[{\"@type\":\"ListItem\",\"position\":1,\"name\":\"Home\",\"item\":\"https:\\\/\\\/www.accuratereviews.com\\\/it\\\/\"},{\"@type\":\"ListItem\",\"position\":2,\"name\":\"Software gestionali per edilizia\",\"item\":\"https:\\\/\\\/www.accuratereviews.com\\\/it\\\/software-gestionali-edilizia\\\/\"},{\"@type\":\"ListItem\",\"position\":3,\"name\":\"iTrade\"}]},{\"@type\":\"WebSite\",\"@id\":\"https:\\\/\\\/www.accuratereviews.com\\\/it\\\/#website\",\"url\":\"https:\\\/\\\/www.accuratereviews.com\\\/it\\\/\",\"name\":\"Accurate Reviews\",\"description\":\"\",\"potentialAction\":[{\"@type\":\"SearchAction\",\"target\":{\"@type\":\"EntryPoint\",\"urlTemplate\":\"https:\\\/\\\/www.accuratereviews.com\\\/it\\\/?s={search_term_string}\"},\"query-input\":{\"@type\":\"PropertyValueSpecification\",\"valueRequired\":true,\"valueName\":\"search_term_string\"}}],\"inLanguage\":\"it-IT\"}]}<\/script>\n<!-- \/ Yoast SEO plugin. -->","yoast_head_json":{"title":"iTrade: recensione software gestionale edilizia - Accurate Reviews","description":"iTrade: recensione soluzione di servizio sul campo basata su cloud, che offre un\u2019applicazione mobile nativa per dispositivi Android e iOS.","robots":{"index":"index","follow":"follow","max-snippet":"max-snippet:-1","max-image-preview":"max-image-preview:large","max-video-preview":"max-video-preview:-1"},"canonical":"https:\/\/www.accuratereviews.com\/it\/software-gestionali-edilizia\/itrade-recensione\/","og_locale":"it_IT","og_type":"article","og_title":"iTrade: recensione software gestionale edilizia - Accurate Reviews","og_description":"iTrade: recensione soluzione di servizio sul campo basata su cloud, che offre un\u2019applicazione mobile nativa per dispositivi Android e iOS.","og_url":"https:\/\/www.accuratereviews.com\/it\/software-gestionali-edilizia\/itrade-recensione\/","og_site_name":"Accurate Reviews","og_image":[{"width":828,"height":835,"url":"https:\/\/www.accuratereviews.com\/wp-content\/uploads\/2023\/07\/itrade.jpeg","type":"image\/jpeg"}],"twitter_card":"summary_large_image","twitter_misc":{"Tempo di lettura stimato":"4 minuti"},"schema":{"@context":"https:\/\/schema.org","@graph":[{"@type":"WebPage","@id":"https:\/\/www.accuratereviews.com\/it\/software-gestionali-edilizia\/itrade-recensione\/","url":"https:\/\/www.accuratereviews.com\/it\/software-gestionali-edilizia\/itrade-recensione\/","name":"iTrade: recensione software gestionale edilizia - Accurate Reviews","isPartOf":{"@id":"https:\/\/www.accuratereviews.com\/it\/#website"},"primaryImageOfPage":{"@id":"https:\/\/www.accuratereviews.com\/it\/software-gestionali-edilizia\/itrade-recensione\/#primaryimage"},"image":{"@id":"https:\/\/www.accuratereviews.com\/it\/software-gestionali-edilizia\/itrade-recensione\/#primaryimage"},"thumbnailUrl":"https:\/\/www.accuratereviews.com\/wp-content\/uploads\/2023\/07\/itrade.jpeg","datePublished":"2023-07-03T15:15:56+00:00","description":"iTrade: recensione soluzione di servizio sul campo basata su cloud, che offre un\u2019applicazione mobile nativa per dispositivi Android e iOS.","breadcrumb":{"@id":"https:\/\/www.accuratereviews.com\/it\/software-gestionali-edilizia\/itrade-recensione\/#breadcrumb"},"inLanguage":"it-IT","potentialAction":[{"@type":"ReadAction","target":["https:\/\/www.accuratereviews.com\/it\/software-gestionali-edilizia\/itrade-recensione\/"]}]},{"@type":"ImageObject","inLanguage":"it-IT","@id":"https:\/\/www.accuratereviews.com\/it\/software-gestionali-edilizia\/itrade-recensione\/#primaryimage","url":"https:\/\/www.accuratereviews.com\/wp-content\/uploads\/2023\/07\/itrade.jpeg","contentUrl":"https:\/\/www.accuratereviews.com\/wp-content\/uploads\/2023\/07\/itrade.jpeg","width":828,"height":835},{"@type":"BreadcrumbList","@id":"https:\/\/www.accuratereviews.com\/it\/software-gestionali-edilizia\/itrade-recensione\/#breadcrumb","itemListElement":[{"@type":"ListItem","position":1,"name":"Home","item":"https:\/\/www.accuratereviews.com\/it\/"},{"@type":"ListItem","position":2,"name":"Software gestionali per edilizia","item":"https:\/\/www.accuratereviews.com\/it\/software-gestionali-edilizia\/"},{"@type":"ListItem","position":3,"name":"iTrade"}]},{"@type":"WebSite","@id":"https:\/\/www.accuratereviews.com\/it\/#website","url":"https:\/\/www.accuratereviews.com\/it\/","name":"Accurate Reviews","description":"","potentialAction":[{"@type":"SearchAction","target":{"@type":"EntryPoint","urlTemplate":"https:\/\/www.accuratereviews.com\/it\/?s={search_term_string}"},"query-input":{"@type":"PropertyValueSpecification","valueRequired":true,"valueName":"search_term_string"}}],"inLanguage":"it-IT"}]}},"_links":{"self":[{"href":"https:\/\/www.accuratereviews.com\/it\/wp-json\/wp\/v2\/pages\/70487","targetHints":{"allow":["GET"]}}],"collection":[{"href":"https:\/\/www.accuratereviews.com\/it\/wp-json\/wp\/v2\/pages"}],"about":[{"href":"https:\/\/www.accuratereviews.com\/it\/wp-json\/wp\/v2\/types\/page"}],"author":[{"embeddable":true,"href":"https:\/\/www.accuratereviews.com\/it\/wp-json\/wp\/v2\/users\/19"}],"replies":[{"embeddable":true,"href":"https:\/\/www.accuratereviews.com\/it\/wp-json\/wp\/v2\/comments?post=70487"}],"version-history":[{"count":8,"href":"https:\/\/www.accuratereviews.com\/it\/wp-json\/wp\/v2\/pages\/70487\/revisions"}],"predecessor-version":[{"id":70508,"href":"https:\/\/www.accuratereviews.com\/it\/wp-json\/wp\/v2\/pages\/70487\/revisions\/70508"}],"up":[{"embeddable":true,"href":"https:\/\/www.accuratereviews.com\/it\/wp-json\/wp\/v2\/pages\/70458"}],"wp:featuredmedia":[{"embeddable":true,"href":"https:\/\/www.accuratereviews.com\/it\/wp-json\/wp\/v2\/media\/70488"}],"wp:attachment":[{"href":"https:\/\/www.accuratereviews.com\/it\/wp-json\/wp\/v2\/media?parent=70487"}],"wp:term":[{"taxonomy":"category","embeddable":true,"href":"https:\/\/www.accuratereviews.com\/it\/wp-json\/wp\/v2\/categories?post=70487"},{"taxonomy":"post_tag","embeddable":true,"href":"https:\/\/www.accuratereviews.com\/it\/wp-json\/wp\/v2\/tags?post=70487"},{"taxonomy":"features","embeddable":true,"href":"https:\/\/www.accuratereviews.com\/it\/wp-json\/wp\/v2\/features?post=70487"}],"curies":[{"name":"wp","href":"https:\/\/api.w.org\/{rel}","templated":true}]}}