{"id":70522,"date":"2023-07-04T16:24:04","date_gmt":"2023-07-04T16:24:04","guid":{"rendered":"https:\/\/www.accuratereviews.com\/?page_id=70522"},"modified":"2023-07-04T16:24:04","modified_gmt":"2023-07-04T16:24:04","slug":"slenke-recensione","status":"publish","type":"page","link":"https:\/\/www.accuratereviews.com\/it\/software-gestionali-edilizia\/slenke-recensione\/","title":{"rendered":"Slenke"},"content":{"rendered":"<p><strong>Slenke<\/strong> \u00e8 un <strong>software di collaborazione<\/strong> che aiuta le aziende a collegare i project manager con i membri del team per gestire le attivit\u00e0. La piattaforma consente agli amministratori di consegnare e ricevere messaggi in tempo reale e tenere traccia dell&#8217;avanzamento dei progetti. Inoltre, i manager possono condividere e accedere a vari file, documenti, materiali audio e video su un&#8217;interfaccia unificata.<br \/>\nPermette alle aziende di integrare il sistema con diverse applicazioni di terze parti tra cui Dropbox Business, Google Calendar, HubSpot CRM, Microsoft 365 e Google Workspace. I prezzi si basano su abbonamenti mensili e il supporto viene esteso tramite email, knowledge base e un modulo di contatto online.<\/p>\n<h2>SLENKE &#8211; TUTORIAL<\/h2>\n<div id=\"fluid-wrapper-counter-1\" class=\"g1-fluid-wrapper \" style=\"width:686px;\">\n<div style=\"padding-bottom:56.268221574344%;\"><iframe loading=\"lazy\" title=\"Slenke - Work Collaboration Software (3-min Demo)\" width=\"686\" height=\"386\" src=\"https:\/\/www.youtube.com\/embed\/Xv5Em_UscA8?feature=oembed&amp;wmode=transparent&amp;autohide=1&amp;autoplay=0&amp;disablekb=0&amp;fs=1&amp;loop=0&amp;enablejsapi=1&amp;rel=0&amp;controls=2&amp;showinfo=0&amp;wmode=transparent&amp;autohide=2&amp;autoplay=0&amp;disablekb=0&amp;fs=1&amp;loop=0&amp;enablejsapi=1&amp;rel=0&amp;controls=2&amp;showinfo=1\" frameborder=\"0\" allow=\"accelerometer; autoplay; clipboard-write; encrypted-media; gyroscope; picture-in-picture; web-share\" allowfullscreen><\/iframe><\/div>\n<\/div>\n<h3>SLENKE &#8211; CARATTERISTICHE<\/h3>\n<ul>\n<li><strong>Costruisci e gestisci un progetto<\/strong>: tracciare un piano di progetto completo. Visualizza gli elementi costitutivi del tuo progetto e organizzali in attivit\u00e0 pi\u00f9 piccole e gestibili.<\/li>\n<li><strong>Comunicazioni organizzate<\/strong>: ogni conversazione ha un posto dove viene inserita sia che si tratti di un aggiornamento del progetto, un commento su un&#8217;attivit\u00e0, un post per il tuo team o un messaggio diretto a un collega.<\/li>\n<li><strong>Gestisci i costi e i budget del progetto<\/strong>: imposta i costi orari per ruoli o categorie di lavoro e guarda in tempo reale come il tempo monitorato si traduce in costi di progetto.<\/li>\n<li><strong>Rapporti completi<\/strong>: ottieni una visione nitida del tempo dedicato a ciascun progetto, nonch\u00e9 del tempo trascorso da ciascun membro del tuo team.<\/li>\n<li><strong>Portafogli di progetti<\/strong>: con i portafogli di progetto, ottieni una panoramica di alto livello di tutte le tue iniziative in un unico posto.<\/li>\n<li><strong>Monitoraggio del tempo<\/strong>: con il monitoraggio del tempo del progetto, capisci come e dove viene speso il tempo in modo che i tuoi progetti possano rispettare la pianificazione e il budget.<\/li>\n<li><strong>Schede Kanban<\/strong>: utilizza le bacheche Kanban per visualizzare flussi di lavoro e attivit\u00e0, comprendere meglio i processi e ottenere una panoramica del carico di lavoro.<\/li>\n<li><strong>Diagrammi di Gantt<\/strong>: usa i diagrammi di Gantt per pianificare un intero progetto e vedere come i pezzi si incastrano. Seguire il piano per mantenere il progetto nei tempi previsti.<\/li>\n<li><strong>Messaggi di squadra<\/strong>: con la messaggistica di gruppo, riunisci tutte le tue comunicazioni di lavoro in un unico posto, in modo che tutti siano sulla stessa pagina e abbiano il contesto lavorativo di cui hanno bisogno.<\/li>\n<li><strong>Efficienza di guida<\/strong>: organizza meglio progetti e attivit\u00e0. Sbarazzati di quei fogli di calcolo e post-it a favore di progetti ben organizzati in un unico posto.<\/li>\n<li><strong>Migliora il servizio<\/strong>: consegnare in tempo\/rispetto al budget. Ricevi avvisi quando i costi o le scadenze sono a rischio.<\/li>\n<li><strong>Conforme e sicuro<\/strong>: il software \u00e8 ospitato in modo sicuro in una struttura protetta certificata ISO e controllata SOC 2. La soluzione \u00e8 conforme alla principale privacy globale.<\/li>\n<\/ul>\n<h4>LE RECENSIONI DEGLI UTENTI<\/h4>\n<p><strong>Musliah &#8220;Aiuta a gestire il nostro progetto&#8221;<\/strong><br \/>\n<strong>Commenti<\/strong>: Combinando tutti i nostri progetti e project tracker su un unico sistema centralizzato. Rende pi\u00f9 facile svolgere il nostro compito. Ottima esperienza nel complesso.<br \/>\n<strong>Pro<\/strong>: L&#8217;esperienza utente di Slenke \u00e8 tra le migliori che abbia mai incontrato. Il nostro tempo viene risparmiato essendo in grado di gestire progetti e lavorare con il nostro personale sullo stesso sistema, il che \u00e8 conveniente per noi. Ogni giorno, questa \u00e8 la forza trainante delle nostre operazioni ed \u00e8 il principale mezzo di comunicazione tra i membri del team. Poich\u00e9 tutto ci\u00f2 che \u00e8 rilevante per le nostre operazioni si trova in un&#8217;unica posizione, \u00e8 molto pi\u00f9 facile tenere traccia di tutto.<br \/>\n<strong>Contro<\/strong>: Rimangono alcuni difetti, anche quando risolviamo un incidente e dobbiamo fornire gli screenshot come verifica abbastanza spesso. Gli screenshot vengono pubblicati, ma a volte non lo fanno anche se disponiamo di una connessione Internet affidabile.<\/p>\n<p><strong>Trinidad &#8220;Ottimo pannello di controllo&#8221;<\/strong><br \/>\n<strong>Commenti<\/strong>: Semplice, chiaro, intelligente e facile da usare<br \/>\n<strong>Pro<\/strong>: Adoro la rappresentazione grafica e i colori utilizzati in questo strumento, perch\u00e9 sono semplici e chiari e facilitano la pianificazione e il controllo dei nostri progetti.<br \/>\n<strong>Contro<\/strong>: finora non ho lamentele usando lo strumento<\/p>\n<p><strong>Sarfraz &#8220;Il migliore che abbiamo usato finora&#8221;<\/strong><br \/>\n<strong>Pro<\/strong>: Facile da usare, mantiene tutte le nostre comunicazioni, file, attivit\u00e0 e progetti in un unico posto. Ci fa risparmiare un sacco di tempo su base giornaliera organizzando ci\u00f2 che dobbiamo fare in un unico posto per l&#8217;intero team.<br \/>\n<strong>Contro<\/strong>: Sarebbe bello personalizzare un po&#8217; di pi\u00f9 il software e utilizzare il nostro marchio aziendale. Non riesco ancora a pensare a nient&#8217;altro che non ci sia piaciuto.<\/p>\n","protected":false},"excerpt":{"rendered":"<p>Slenke \u00e8 un software di collaborazione che aiuta le aziende a collegare i project manager con i membri del team per gestire le attivit\u00e0. La piattaforma consente agli amministratori di consegnare e ricevere messaggi in tempo reale e tenere traccia dell&#8217;avanzamento dei progetti. Inoltre, i manager possono condividere e accedere a vari file, documenti, materiali audio e video su un&#8217;interfaccia unificata.<\/p>\n","protected":false},"author":19,"featured_media":70524,"parent":70458,"menu_order":0,"comment_status":"open","ping_status":"closed","template":"g1_template_page_review_new.php","meta":{"_acf_changed":false,"cwp_meta_box_check":"Yes","cwp_rev_product_name":"","cwp_rev_product_image":"","wppr_links":[],"cwp_rev_price":"0.00","wppr_options":[{"name":"Usability","value":"0"},{"name":"Speed","value":"0"},{"name":"Features","value":"0"},{"name":"Support","value":"0"},{"name":"Pricing","value":"0"}],"wppr_pros":["","","","",""],"wppr_cons":["","","","",""],"_monsterinsights_skip_tracking":false,"_monsterinsights_sitenote_active":false,"_monsterinsights_sitenote_note":"","_monsterinsights_sitenote_category":0,"footnotes":""},"categories":[2459],"tags":[14470,14478,14477,14520,14480,14479],"features":[],"class_list":{"0":"post-70522","1":"page","2":"type-page","3":"status-publish","4":"has-post-thumbnail","6":"category-gestionale-per-edilizia-cat","7":"tag-gestionale-edilizia","8":"tag-piattaforma-gestionale-edilizia","9":"tag-programma-gestionale-edilizia","10":"tag-slenke","11":"tag-software-gestionale-edilizia","12":"tag-soluzione-gestionale-edilizia"},"wppr_data":{"cwp_meta_box_check":"Yes","_wppr_review_template":"default","cwp_rev_product_image":"","cwp_image_link":"image","wppr_links":[],"cwp_rev_price":"0.00","wppr_pros":["","","","",""],"wppr_cons":["","","","",""],"wppr_rating":"0.00","wppr_options":{"1":{"name":"Usability","value":"0"},"2":{"name":"Speed","value":"0"},"3":{"name":"Features","value":"0"},"4":{"name":"Support","value":"0"},"5":{"name":"Pricing","value":"0"}},"wppr_review_type":"Product","wppr_review_custom_fields":{"additionalProperty":"","additionalType":"","aggregateRating":"","alternateName":"","audience":"","award":"","awards":"","brand":"","color":"","depth":"","description":"","disambiguatingDescription":"","gtin12":"","gtin13":"","gtin14":"","gtin8":"","height":"","identifier":"","image":"","isAccessoryOrSparePartFor":"","isConsumableFor":"","isRelatedTo":"","isSimilarTo":"","itemCondition":"","logo":"","mainEntityOfPage":"","manufacturer":"","material":"","model":"","mpn":"","name":"","offers":"","potentialAction":"","productID":"","productionDate":"","purchaseDate":"","releaseDate":"","review":"","reviews":"","sameAs":"","sku":"","slogan":"","subjectOf":"","url":"","weight":"","width":""}},"acf":[],"yoast_head":"<!-- This site is optimized with the Yoast SEO plugin v26.0 - https:\/\/yoast.com\/wordpress\/plugins\/seo\/ -->\n<title>Slenke: recensione software gestionale edilizia - Accurate Reviews<\/title>\n<meta name=\"description\" content=\"Slenke: recensione software di collaborazione che aiuta le aziende a collegare i project manager con i membri del team per gestire le attivit\u00e0\" \/>\n<meta name=\"robots\" content=\"index, follow, max-snippet:-1, max-image-preview:large, max-video-preview:-1\" \/>\n<link rel=\"canonical\" href=\"https:\/\/www.accuratereviews.com\/it\/software-gestionali-edilizia\/slenke-recensione\/\" \/>\n<meta property=\"og:locale\" content=\"it_IT\" \/>\n<meta property=\"og:type\" content=\"article\" \/>\n<meta property=\"og:title\" content=\"Slenke: recensione software gestionale edilizia - Accurate Reviews\" \/>\n<meta property=\"og:description\" content=\"Slenke: recensione software di collaborazione che aiuta le aziende a collegare i project manager con i membri del team per gestire le attivit\u00e0\" \/>\n<meta property=\"og:url\" content=\"https:\/\/www.accuratereviews.com\/it\/software-gestionali-edilizia\/slenke-recensione\/\" \/>\n<meta property=\"og:site_name\" content=\"Accurate Reviews\" \/>\n<meta property=\"og:image\" content=\"https:\/\/www.accuratereviews.com\/wp-content\/uploads\/2023\/07\/Slenke.png\" \/>\n\t<meta property=\"og:image:width\" content=\"414\" \/>\n\t<meta property=\"og:image:height\" content=\"200\" \/>\n\t<meta property=\"og:image:type\" content=\"image\/png\" \/>\n<meta name=\"twitter:card\" content=\"summary_large_image\" \/>\n<meta name=\"twitter:label1\" content=\"Tempo di lettura stimato\" \/>\n\t<meta name=\"twitter:data1\" content=\"4 minuti\" \/>\n<script type=\"application\/ld+json\" class=\"yoast-schema-graph\">{\"@context\":\"https:\/\/schema.org\",\"@graph\":[{\"@type\":\"WebPage\",\"@id\":\"https:\/\/www.accuratereviews.com\/it\/software-gestionali-edilizia\/slenke-recensione\/\",\"url\":\"https:\/\/www.accuratereviews.com\/it\/software-gestionali-edilizia\/slenke-recensione\/\",\"name\":\"Slenke: recensione software gestionale edilizia - Accurate Reviews\",\"isPartOf\":{\"@id\":\"https:\/\/www.accuratereviews.com\/it\/#website\"},\"primaryImageOfPage\":{\"@id\":\"https:\/\/www.accuratereviews.com\/it\/software-gestionali-edilizia\/slenke-recensione\/#primaryimage\"},\"image\":{\"@id\":\"https:\/\/www.accuratereviews.com\/it\/software-gestionali-edilizia\/slenke-recensione\/#primaryimage\"},\"thumbnailUrl\":\"https:\/\/www.accuratereviews.com\/wp-content\/uploads\/2023\/07\/Slenke.png\",\"datePublished\":\"2023-07-04T16:24:04+00:00\",\"description\":\"Slenke: recensione software di collaborazione che aiuta le aziende a collegare i project manager con i membri del team per gestire le attivit\u00e0\",\"breadcrumb\":{\"@id\":\"https:\/\/www.accuratereviews.com\/it\/software-gestionali-edilizia\/slenke-recensione\/#breadcrumb\"},\"inLanguage\":\"it-IT\",\"potentialAction\":[{\"@type\":\"ReadAction\",\"target\":[\"https:\/\/www.accuratereviews.com\/it\/software-gestionali-edilizia\/slenke-recensione\/\"]}]},{\"@type\":\"ImageObject\",\"inLanguage\":\"it-IT\",\"@id\":\"https:\/\/www.accuratereviews.com\/it\/software-gestionali-edilizia\/slenke-recensione\/#primaryimage\",\"url\":\"https:\/\/www.accuratereviews.com\/wp-content\/uploads\/2023\/07\/Slenke.png\",\"contentUrl\":\"https:\/\/www.accuratereviews.com\/wp-content\/uploads\/2023\/07\/Slenke.png\",\"width\":414,\"height\":200},{\"@type\":\"BreadcrumbList\",\"@id\":\"https:\/\/www.accuratereviews.com\/it\/software-gestionali-edilizia\/slenke-recensione\/#breadcrumb\",\"itemListElement\":[{\"@type\":\"ListItem\",\"position\":1,\"name\":\"Home\",\"item\":\"https:\/\/www.accuratereviews.com\/it\/\"},{\"@type\":\"ListItem\",\"position\":2,\"name\":\"Software gestionali per edilizia\",\"item\":\"https:\/\/www.accuratereviews.com\/it\/software-gestionali-edilizia\/\"},{\"@type\":\"ListItem\",\"position\":3,\"name\":\"Slenke\"}]},{\"@type\":\"WebSite\",\"@id\":\"https:\/\/www.accuratereviews.com\/it\/#website\",\"url\":\"https:\/\/www.accuratereviews.com\/it\/\",\"name\":\"Accurate Reviews\",\"description\":\"\",\"potentialAction\":[{\"@type\":\"SearchAction\",\"target\":{\"@type\":\"EntryPoint\",\"urlTemplate\":\"https:\/\/www.accuratereviews.com\/it\/?s={search_term_string}\"},\"query-input\":{\"@type\":\"PropertyValueSpecification\",\"valueRequired\":true,\"valueName\":\"search_term_string\"}}],\"inLanguage\":\"it-IT\"}]}<\/script>\n<!-- \/ Yoast SEO plugin. -->","yoast_head_json":{"title":"Slenke: recensione software gestionale edilizia - Accurate Reviews","description":"Slenke: recensione software di collaborazione che aiuta le aziende a collegare i project manager con i membri del team per gestire le attivit\u00e0","robots":{"index":"index","follow":"follow","max-snippet":"max-snippet:-1","max-image-preview":"max-image-preview:large","max-video-preview":"max-video-preview:-1"},"canonical":"https:\/\/www.accuratereviews.com\/it\/software-gestionali-edilizia\/slenke-recensione\/","og_locale":"it_IT","og_type":"article","og_title":"Slenke: recensione software gestionale edilizia - Accurate Reviews","og_description":"Slenke: recensione software di collaborazione che aiuta le aziende a collegare i project manager con i membri del team per gestire le attivit\u00e0","og_url":"https:\/\/www.accuratereviews.com\/it\/software-gestionali-edilizia\/slenke-recensione\/","og_site_name":"Accurate Reviews","og_image":[{"width":414,"height":200,"url":"https:\/\/www.accuratereviews.com\/wp-content\/uploads\/2023\/07\/Slenke.png","type":"image\/png"}],"twitter_card":"summary_large_image","twitter_misc":{"Tempo di lettura stimato":"4 minuti"},"schema":{"@context":"https:\/\/schema.org","@graph":[{"@type":"WebPage","@id":"https:\/\/www.accuratereviews.com\/it\/software-gestionali-edilizia\/slenke-recensione\/","url":"https:\/\/www.accuratereviews.com\/it\/software-gestionali-edilizia\/slenke-recensione\/","name":"Slenke: recensione software gestionale edilizia - Accurate Reviews","isPartOf":{"@id":"https:\/\/www.accuratereviews.com\/it\/#website"},"primaryImageOfPage":{"@id":"https:\/\/www.accuratereviews.com\/it\/software-gestionali-edilizia\/slenke-recensione\/#primaryimage"},"image":{"@id":"https:\/\/www.accuratereviews.com\/it\/software-gestionali-edilizia\/slenke-recensione\/#primaryimage"},"thumbnailUrl":"https:\/\/www.accuratereviews.com\/wp-content\/uploads\/2023\/07\/Slenke.png","datePublished":"2023-07-04T16:24:04+00:00","description":"Slenke: recensione software di collaborazione che aiuta le aziende a collegare i project manager con i membri del team per gestire le attivit\u00e0","breadcrumb":{"@id":"https:\/\/www.accuratereviews.com\/it\/software-gestionali-edilizia\/slenke-recensione\/#breadcrumb"},"inLanguage":"it-IT","potentialAction":[{"@type":"ReadAction","target":["https:\/\/www.accuratereviews.com\/it\/software-gestionali-edilizia\/slenke-recensione\/"]}]},{"@type":"ImageObject","inLanguage":"it-IT","@id":"https:\/\/www.accuratereviews.com\/it\/software-gestionali-edilizia\/slenke-recensione\/#primaryimage","url":"https:\/\/www.accuratereviews.com\/wp-content\/uploads\/2023\/07\/Slenke.png","contentUrl":"https:\/\/www.accuratereviews.com\/wp-content\/uploads\/2023\/07\/Slenke.png","width":414,"height":200},{"@type":"BreadcrumbList","@id":"https:\/\/www.accuratereviews.com\/it\/software-gestionali-edilizia\/slenke-recensione\/#breadcrumb","itemListElement":[{"@type":"ListItem","position":1,"name":"Home","item":"https:\/\/www.accuratereviews.com\/it\/"},{"@type":"ListItem","position":2,"name":"Software gestionali per edilizia","item":"https:\/\/www.accuratereviews.com\/it\/software-gestionali-edilizia\/"},{"@type":"ListItem","position":3,"name":"Slenke"}]},{"@type":"WebSite","@id":"https:\/\/www.accuratereviews.com\/it\/#website","url":"https:\/\/www.accuratereviews.com\/it\/","name":"Accurate Reviews","description":"","potentialAction":[{"@type":"SearchAction","target":{"@type":"EntryPoint","urlTemplate":"https:\/\/www.accuratereviews.com\/it\/?s={search_term_string}"},"query-input":{"@type":"PropertyValueSpecification","valueRequired":true,"valueName":"search_term_string"}}],"inLanguage":"it-IT"}]}},"_links":{"self":[{"href":"https:\/\/www.accuratereviews.com\/it\/wp-json\/wp\/v2\/pages\/70522","targetHints":{"allow":["GET"]}}],"collection":[{"href":"https:\/\/www.accuratereviews.com\/it\/wp-json\/wp\/v2\/pages"}],"about":[{"href":"https:\/\/www.accuratereviews.com\/it\/wp-json\/wp\/v2\/types\/page"}],"author":[{"embeddable":true,"href":"https:\/\/www.accuratereviews.com\/it\/wp-json\/wp\/v2\/users\/19"}],"replies":[{"embeddable":true,"href":"https:\/\/www.accuratereviews.com\/it\/wp-json\/wp\/v2\/comments?post=70522"}],"version-history":[{"count":11,"href":"https:\/\/www.accuratereviews.com\/it\/wp-json\/wp\/v2\/pages\/70522\/revisions"}],"predecessor-version":[{"id":70538,"href":"https:\/\/www.accuratereviews.com\/it\/wp-json\/wp\/v2\/pages\/70522\/revisions\/70538"}],"up":[{"embeddable":true,"href":"https:\/\/www.accuratereviews.com\/it\/wp-json\/wp\/v2\/pages\/70458"}],"wp:featuredmedia":[{"embeddable":true,"href":"https:\/\/www.accuratereviews.com\/it\/wp-json\/wp\/v2\/media\/70524"}],"wp:attachment":[{"href":"https:\/\/www.accuratereviews.com\/it\/wp-json\/wp\/v2\/media?parent=70522"}],"wp:term":[{"taxonomy":"category","embeddable":true,"href":"https:\/\/www.accuratereviews.com\/it\/wp-json\/wp\/v2\/categories?post=70522"},{"taxonomy":"post_tag","embeddable":true,"href":"https:\/\/www.accuratereviews.com\/it\/wp-json\/wp\/v2\/tags?post=70522"},{"taxonomy":"features","embeddable":true,"href":"https:\/\/www.accuratereviews.com\/it\/wp-json\/wp\/v2\/features?post=70522"}],"curies":[{"name":"wp","href":"https:\/\/api.w.org\/{rel}","templated":true}]}}