{"id":70540,"date":"2023-07-05T13:57:07","date_gmt":"2023-07-05T13:57:07","guid":{"rendered":"https:\/\/www.accuratereviews.com\/?page_id=70540"},"modified":"2023-07-05T13:57:07","modified_gmt":"2023-07-05T13:57:07","slug":"project-salesachiever-recensione","status":"publish","type":"page","link":"https:\/\/www.accuratereviews.com\/it\/software-gestionali-edilizia\/project-salesachiever-recensione\/","title":{"rendered":"Project-SalesAchiever"},"content":{"rendered":"<p><strong>Project-SalesAchiever<\/strong> \u00e8 un <strong>CRM<\/strong> <strong>per l&#8217;edilizia<\/strong> con il quale gli utenti possono gestire account chiave e clienti, nonch\u00e9 identificare e perseguire lead di progetto da fornitori di dati. La soluzione combina funzionalit\u00e0 CRM, di attivit\u00e0 per project business e lead management al fine di potenziare i team e controllare l&#8217;intero processo di sviluppo aziendale. Aiuta a gestire informazioni su contatti, societ\u00e0, attivit\u00e0 e progetti e a tradurle in informazioni significative.<br \/>\n<strong>Mobile Project-SalesAchiever<\/strong> consente agli utenti di sincronizzare tutte le azioni del calendario con il calendario di Outlook e ottenere aggiornamenti in tempo reale dal CRM principale. Gli utenti ottengono l&#8217;accesso in tempo reale a progetti, aziende, attivit\u00e0, preventivi e informazioni sulle vendite tramite qualsiasi dispositivo portatile abilitato per browser web. La piattaforma pu\u00f2 essere personalizzata per soddisfare pienamente le esigenze individuali di qualsiasi azienda, sia per le vendite, il marketing, il servizio o il senior management.<\/p>\n<h2>PROJECT-SALESACHIEVER &#8211; TUTORIAL<\/h2>\n<div id=\"fluid-wrapper-counter-1\" class=\"g1-fluid-wrapper \" style=\"width:686px;\">\n<div style=\"padding-bottom:56.268221574344%;\"><iframe loading=\"lazy\" title=\"Your Microsoft Outlook in Project-SalesAchiever CRM 2013\" width=\"686\" height=\"386\" src=\"https:\/\/www.youtube.com\/embed\/wyIV5PKaVRs?feature=oembed&amp;wmode=transparent&amp;autohide=1&amp;autoplay=0&amp;disablekb=0&amp;fs=1&amp;loop=0&amp;enablejsapi=1&amp;rel=0&amp;controls=2&amp;showinfo=0&amp;wmode=transparent&amp;autohide=2&amp;autoplay=0&amp;disablekb=0&amp;fs=1&amp;loop=0&amp;enablejsapi=1&amp;rel=0&amp;controls=2&amp;showinfo=1\" frameborder=\"0\" allow=\"accelerometer; autoplay; clipboard-write; encrypted-media; gyroscope; picture-in-picture; web-share\" allowfullscreen><\/iframe><\/div>\n<\/div>\n<h3>PROJECT-SALESACHIEVER &#8211; CARATTERISTICHE<\/h3>\n<ul>\n<li><strong>Marketing &#8211; Ridurre gli sprechi e aumentare le percentuali di successo<\/strong>: Power BI ti consente di correlare le metriche di marketing tra aziende come architetti e clienti finali ai lavori e agli appaltatori, il che significa che vedi anche le relazioni non scritte tra le aziende e rimuove anche la possibilit\u00e0 di avere falsi positivi dai tuoi dati. Power BI ti aiuta a creare dashboard al volo incorporandoli alla soluzione durante la connessione con servizi come Mail-Chimp.<\/li>\n<li><strong>Miglioramenti delle prestazioni dei dipendenti<\/strong>: quando i dipendenti sanno che le loro prestazioni vengono giudicate in una dashboard e possono vedere i loro risultati, iniziano innatamente a migliorare il loro lavoro.<\/li>\n<li><strong>Risparmio di tempo<\/strong>: cercare di allineare le tendenze del settore delle costruzioni con attuali risultati, capacit\u00e0 e potenzialit\u00e0 richiede enormi quantit\u00e0 di tempo di cui molte ore vengono perse semplicemente raccogliendo i dati che gi\u00e0 esistono in diverse parti dell&#8217;azienda. Il programma ti mostrer\u00e0 sempre i risultati recenti di ogni report di cui hai bisogno.<\/li>\n<li><strong>Visibilit\u00e0:<\/strong> una dashboard esecutivo ti offre grande visibilit\u00e0 e insight. Sai esattamente cosa sta succedendo in tutti gli aspetti della tua attivit\u00e0.<\/li>\n<li><strong>Facile da configurare<\/strong>: le soluzioni di business intelligence semplificano il monitoraggio di metriche importanti come percentuali di vincita, ricavi, sconti e mappe dei ricavi da inizio anno tramite dashboard interattivi facili da configurare. I dashboard vengono aggiornati automaticamente con i dati pi\u00f9 recenti, il che significa che avrai sempre accesso alle informazioni aggiornate quando ne avrai bisogno.<\/li>\n<\/ul>\n<h4>LE RECENSIONI DEGLI UTENTI<\/h4>\n<p><strong>Lara &#8220;Molto soddisfatto!&#8221;<\/strong><br \/>\n<strong>Commenti<\/strong>: Lavorare con il loro rappresentante \u00e8 stato un piacere, cos\u00ec come lavorare con il team di assistenza. \u00c8 facile comunicare con il team di PSA e produce risultati abbastanza rapidamente.<br \/>\n<strong>Pro<\/strong>: Opzioni. Ci sono opzioni disponibili per tutti gli aspetti del settore edile. La personalizzazione sembra infinita.<br \/>\n<strong>Contro<\/strong>: Il costo. Sebbene PSA non abbia un prezzo eccessivo, la sua personalizzazione pu\u00f2 aumentare i costi per i pacchetti di supporto che si esauriscono rapidamente!<\/p>\n<p><strong>Joseph &#8220;Le cose buone richiedono solo una piccola modifica per ottenere quello che vuoi&#8221;<\/strong><br \/>\n<strong>Commenti<\/strong>: Il servizio clienti \u00e8 stato una sfida&#8230;troppe persone sono entrate e uscite dall&#8217;azienda, quindi nessuna reale continuit\u00e0 di servizio<br \/>\n<strong>Pro<\/strong>: Molto flessibile e pi\u00f9 che opzioni rispetto a quello che stiamo usando, facile da capire ma non come usare. Finalmente ho un rappresentante del servizio clienti che sa tutto sul programma&#8230; Il rappresentante dell&#8217;assistenza clienti \u00e8 la cosa migliore che sia successa.<br \/>\n<strong>Contro<\/strong>: Ho dovuto apportare modifiche per l&#8217;industria delle costruzioni, ma non \u00e8 un grosso problema. Il servizio clienti e il supporto sono stati una sfida a causa delle persone che spostano i lavori<\/p>\n<p><strong>Samantha &#8220;Soluzione perfetta per ambienti di vendita a pi\u00f9 offerte!&#8221;<\/strong><br \/>\n<strong>Commenti<\/strong>: La nostra azienda ha iniziato a utilizzare Project Sales Achiever nel novembre del 2017 ed \u00e8 rimasta piacevolmente sorpresa dalle numerose funzionalit\u00e0 del programma. C&#8217;\u00e8 stata un&#8217;adozione naturale della piattaforma da parte del nostro team di vendita con una formazione minima. E i vantaggi di avere un programma per tenere traccia di tutte le nostre attivit\u00e0 di vendita dal potenziale cliente alla vendita sono stati inestimabili. il team di supporto di Project Sales Achiever \u00e8 stato estremamente professionale e costantemente disponibile a lavorare con noi per personalizzare il programma per soddisfare le esigenze specifiche della nostra azienda. Ci \u00e8 piaciuto lavorare con loro e consigliamo vivamente il programma!<br \/>\n<strong>Pro<\/strong>: Facile da usare, pu\u00f2 essere facilmente personalizzato, il nostro Account Manager e il personale di supporto sono pronti a rispondere e produrre soluzioni.<br \/>\n<strong>Contro<\/strong>: Ho avuto alcuni problemi con il blocco del programma e il dover riavviare pi\u00f9 volte. L&#8217;interfaccia con Microsoft Outlook deve essere migliorata.<\/p>\n","protected":false},"excerpt":{"rendered":"<p>Project-SalesAchiever \u00e8 un CRM per l&#8217;edilizia con il quale gli utenti possono gestire account chiave e clienti, nonch\u00e9 identificare e perseguire lead di progetto da fornitori di dati. La soluzione combina funzionalit\u00e0 CRM, di attivit\u00e0 per project business e lead management al fine di potenziare i team e controllare l&#8217;intero processo di sviluppo aziendale.<\/p>\n","protected":false},"author":19,"featured_media":70543,"parent":70458,"menu_order":0,"comment_status":"open","ping_status":"closed","template":"g1_template_page_review_new.php","meta":{"_acf_changed":false,"cwp_meta_box_check":"Yes","cwp_rev_product_name":"","cwp_rev_product_image":"","wppr_links":[],"cwp_rev_price":"0.00","wppr_options":[{"name":"Usability","value":"0"},{"name":"Speed","value":"0"},{"name":"Features","value":"0"},{"name":"Support","value":"0"},{"name":"Pricing","value":"0"}],"wppr_pros":["","","","",""],"wppr_cons":["","","","",""],"_monsterinsights_skip_tracking":false,"_monsterinsights_sitenote_active":false,"_monsterinsights_sitenote_note":"","_monsterinsights_sitenote_category":0,"footnotes":""},"categories":[2459],"tags":[14470,14478,14477,14521,14480,14479],"features":[],"class_list":{"0":"post-70540","1":"page","2":"type-page","3":"status-publish","4":"has-post-thumbnail","6":"category-gestionale-per-edilizia-cat","7":"tag-gestionale-edilizia","8":"tag-piattaforma-gestionale-edilizia","9":"tag-programma-gestionale-edilizia","10":"tag-project-salesachiever","11":"tag-software-gestionale-edilizia","12":"tag-soluzione-gestionale-edilizia"},"wppr_data":{"cwp_meta_box_check":"Yes","_wppr_review_template":"default","cwp_rev_product_image":"","cwp_image_link":"image","wppr_links":[],"cwp_rev_price":"0.00","wppr_pros":["","","","",""],"wppr_cons":["","","","",""],"wppr_rating":"0.00","wppr_options":{"1":{"name":"Usability","value":"0"},"2":{"name":"Speed","value":"0"},"3":{"name":"Features","value":"0"},"4":{"name":"Support","value":"0"},"5":{"name":"Pricing","value":"0"}},"wppr_review_type":"Product","wppr_review_custom_fields":{"additionalProperty":"","additionalType":"","aggregateRating":"","alternateName":"","audience":"","award":"","awards":"","brand":"","color":"","depth":"","description":"","disambiguatingDescription":"","gtin12":"","gtin13":"","gtin14":"","gtin8":"","height":"","identifier":"","image":"","isAccessoryOrSparePartFor":"","isConsumableFor":"","isRelatedTo":"","isSimilarTo":"","itemCondition":"","logo":"","mainEntityOfPage":"","manufacturer":"","material":"","model":"","mpn":"","name":"","offers":"","potentialAction":"","productID":"","productionDate":"","purchaseDate":"","releaseDate":"","review":"","reviews":"","sameAs":"","sku":"","slogan":"","subjectOf":"","url":"","weight":"","width":""}},"acf":[],"yoast_head":"<!-- This site is optimized with the Yoast SEO plugin v27.4 - https:\/\/yoast.com\/product\/yoast-seo-wordpress\/ -->\n<title>Project-SalesAchiever: recensione gestionale edilizia AR<\/title>\n<meta name=\"description\" content=\"Project-SalesAchiever: recensione CRM per l&#039;edilizia con il quale gli utenti possono gestire account chiave e clienti.\" \/>\n<meta name=\"robots\" content=\"index, follow, max-snippet:-1, max-image-preview:large, max-video-preview:-1\" \/>\n<link rel=\"canonical\" href=\"https:\/\/www.accuratereviews.com\/it\/software-gestionali-edilizia\/project-salesachiever-recensione\/\" \/>\n<meta property=\"og:locale\" content=\"it_IT\" \/>\n<meta property=\"og:type\" content=\"article\" \/>\n<meta property=\"og:title\" content=\"Project-SalesAchiever: recensione gestionale edilizia AR\" \/>\n<meta property=\"og:description\" content=\"Project-SalesAchiever: recensione CRM per l&#039;edilizia con il quale gli utenti possono gestire account chiave e clienti.\" \/>\n<meta property=\"og:url\" content=\"https:\/\/www.accuratereviews.com\/it\/software-gestionali-edilizia\/project-salesachiever-recensione\/\" \/>\n<meta property=\"og:site_name\" content=\"Accurate Reviews\" \/>\n<meta property=\"og:image\" content=\"https:\/\/www.accuratereviews.com\/wp-content\/uploads\/2023\/07\/project-sales-achiever.jpeg\" \/>\n\t<meta property=\"og:image:width\" content=\"364\" \/>\n\t<meta property=\"og:image:height\" content=\"364\" \/>\n\t<meta property=\"og:image:type\" content=\"image\/jpeg\" \/>\n<meta name=\"twitter:card\" content=\"summary_large_image\" \/>\n<meta name=\"twitter:label1\" content=\"Tempo di lettura stimato\" \/>\n\t<meta name=\"twitter:data1\" content=\"4 minuti\" \/>\n<script type=\"application\/ld+json\" class=\"yoast-schema-graph\">{\"@context\":\"https:\\\/\\\/schema.org\",\"@graph\":[{\"@type\":\"WebPage\",\"@id\":\"https:\\\/\\\/www.accuratereviews.com\\\/it\\\/software-gestionali-edilizia\\\/project-salesachiever-recensione\\\/\",\"url\":\"https:\\\/\\\/www.accuratereviews.com\\\/it\\\/software-gestionali-edilizia\\\/project-salesachiever-recensione\\\/\",\"name\":\"Project-SalesAchiever: recensione gestionale edilizia AR\",\"isPartOf\":{\"@id\":\"https:\\\/\\\/www.accuratereviews.com\\\/it\\\/#website\"},\"primaryImageOfPage\":{\"@id\":\"https:\\\/\\\/www.accuratereviews.com\\\/it\\\/software-gestionali-edilizia\\\/project-salesachiever-recensione\\\/#primaryimage\"},\"image\":{\"@id\":\"https:\\\/\\\/www.accuratereviews.com\\\/it\\\/software-gestionali-edilizia\\\/project-salesachiever-recensione\\\/#primaryimage\"},\"thumbnailUrl\":\"https:\\\/\\\/www.accuratereviews.com\\\/wp-content\\\/uploads\\\/2023\\\/07\\\/project-sales-achiever.jpeg\",\"datePublished\":\"2023-07-05T13:57:07+00:00\",\"description\":\"Project-SalesAchiever: recensione CRM per l'edilizia con il quale gli utenti possono gestire account chiave e clienti.\",\"breadcrumb\":{\"@id\":\"https:\\\/\\\/www.accuratereviews.com\\\/it\\\/software-gestionali-edilizia\\\/project-salesachiever-recensione\\\/#breadcrumb\"},\"inLanguage\":\"it-IT\",\"potentialAction\":[{\"@type\":\"ReadAction\",\"target\":[\"https:\\\/\\\/www.accuratereviews.com\\\/it\\\/software-gestionali-edilizia\\\/project-salesachiever-recensione\\\/\"]}]},{\"@type\":\"ImageObject\",\"inLanguage\":\"it-IT\",\"@id\":\"https:\\\/\\\/www.accuratereviews.com\\\/it\\\/software-gestionali-edilizia\\\/project-salesachiever-recensione\\\/#primaryimage\",\"url\":\"https:\\\/\\\/www.accuratereviews.com\\\/wp-content\\\/uploads\\\/2023\\\/07\\\/project-sales-achiever.jpeg\",\"contentUrl\":\"https:\\\/\\\/www.accuratereviews.com\\\/wp-content\\\/uploads\\\/2023\\\/07\\\/project-sales-achiever.jpeg\",\"width\":364,\"height\":364},{\"@type\":\"BreadcrumbList\",\"@id\":\"https:\\\/\\\/www.accuratereviews.com\\\/it\\\/software-gestionali-edilizia\\\/project-salesachiever-recensione\\\/#breadcrumb\",\"itemListElement\":[{\"@type\":\"ListItem\",\"position\":1,\"name\":\"Home\",\"item\":\"https:\\\/\\\/www.accuratereviews.com\\\/it\\\/\"},{\"@type\":\"ListItem\",\"position\":2,\"name\":\"Software gestionali per edilizia\",\"item\":\"https:\\\/\\\/www.accuratereviews.com\\\/it\\\/software-gestionali-edilizia\\\/\"},{\"@type\":\"ListItem\",\"position\":3,\"name\":\"Project-SalesAchiever\"}]},{\"@type\":\"WebSite\",\"@id\":\"https:\\\/\\\/www.accuratereviews.com\\\/it\\\/#website\",\"url\":\"https:\\\/\\\/www.accuratereviews.com\\\/it\\\/\",\"name\":\"Accurate Reviews\",\"description\":\"\",\"potentialAction\":[{\"@type\":\"SearchAction\",\"target\":{\"@type\":\"EntryPoint\",\"urlTemplate\":\"https:\\\/\\\/www.accuratereviews.com\\\/it\\\/?s={search_term_string}\"},\"query-input\":{\"@type\":\"PropertyValueSpecification\",\"valueRequired\":true,\"valueName\":\"search_term_string\"}}],\"inLanguage\":\"it-IT\"}]}<\/script>\n<!-- \/ Yoast SEO plugin. -->","yoast_head_json":{"title":"Project-SalesAchiever: recensione gestionale edilizia AR","description":"Project-SalesAchiever: recensione CRM per l'edilizia con il quale gli utenti possono gestire account chiave e clienti.","robots":{"index":"index","follow":"follow","max-snippet":"max-snippet:-1","max-image-preview":"max-image-preview:large","max-video-preview":"max-video-preview:-1"},"canonical":"https:\/\/www.accuratereviews.com\/it\/software-gestionali-edilizia\/project-salesachiever-recensione\/","og_locale":"it_IT","og_type":"article","og_title":"Project-SalesAchiever: recensione gestionale edilizia AR","og_description":"Project-SalesAchiever: recensione CRM per l'edilizia con il quale gli utenti possono gestire account chiave e clienti.","og_url":"https:\/\/www.accuratereviews.com\/it\/software-gestionali-edilizia\/project-salesachiever-recensione\/","og_site_name":"Accurate Reviews","og_image":[{"width":364,"height":364,"url":"https:\/\/www.accuratereviews.com\/wp-content\/uploads\/2023\/07\/project-sales-achiever.jpeg","type":"image\/jpeg"}],"twitter_card":"summary_large_image","twitter_misc":{"Tempo di lettura stimato":"4 minuti"},"schema":{"@context":"https:\/\/schema.org","@graph":[{"@type":"WebPage","@id":"https:\/\/www.accuratereviews.com\/it\/software-gestionali-edilizia\/project-salesachiever-recensione\/","url":"https:\/\/www.accuratereviews.com\/it\/software-gestionali-edilizia\/project-salesachiever-recensione\/","name":"Project-SalesAchiever: recensione gestionale edilizia AR","isPartOf":{"@id":"https:\/\/www.accuratereviews.com\/it\/#website"},"primaryImageOfPage":{"@id":"https:\/\/www.accuratereviews.com\/it\/software-gestionali-edilizia\/project-salesachiever-recensione\/#primaryimage"},"image":{"@id":"https:\/\/www.accuratereviews.com\/it\/software-gestionali-edilizia\/project-salesachiever-recensione\/#primaryimage"},"thumbnailUrl":"https:\/\/www.accuratereviews.com\/wp-content\/uploads\/2023\/07\/project-sales-achiever.jpeg","datePublished":"2023-07-05T13:57:07+00:00","description":"Project-SalesAchiever: recensione CRM per l'edilizia con il quale gli utenti possono gestire account chiave e clienti.","breadcrumb":{"@id":"https:\/\/www.accuratereviews.com\/it\/software-gestionali-edilizia\/project-salesachiever-recensione\/#breadcrumb"},"inLanguage":"it-IT","potentialAction":[{"@type":"ReadAction","target":["https:\/\/www.accuratereviews.com\/it\/software-gestionali-edilizia\/project-salesachiever-recensione\/"]}]},{"@type":"ImageObject","inLanguage":"it-IT","@id":"https:\/\/www.accuratereviews.com\/it\/software-gestionali-edilizia\/project-salesachiever-recensione\/#primaryimage","url":"https:\/\/www.accuratereviews.com\/wp-content\/uploads\/2023\/07\/project-sales-achiever.jpeg","contentUrl":"https:\/\/www.accuratereviews.com\/wp-content\/uploads\/2023\/07\/project-sales-achiever.jpeg","width":364,"height":364},{"@type":"BreadcrumbList","@id":"https:\/\/www.accuratereviews.com\/it\/software-gestionali-edilizia\/project-salesachiever-recensione\/#breadcrumb","itemListElement":[{"@type":"ListItem","position":1,"name":"Home","item":"https:\/\/www.accuratereviews.com\/it\/"},{"@type":"ListItem","position":2,"name":"Software gestionali per edilizia","item":"https:\/\/www.accuratereviews.com\/it\/software-gestionali-edilizia\/"},{"@type":"ListItem","position":3,"name":"Project-SalesAchiever"}]},{"@type":"WebSite","@id":"https:\/\/www.accuratereviews.com\/it\/#website","url":"https:\/\/www.accuratereviews.com\/it\/","name":"Accurate Reviews","description":"","potentialAction":[{"@type":"SearchAction","target":{"@type":"EntryPoint","urlTemplate":"https:\/\/www.accuratereviews.com\/it\/?s={search_term_string}"},"query-input":{"@type":"PropertyValueSpecification","valueRequired":true,"valueName":"search_term_string"}}],"inLanguage":"it-IT"}]}},"_links":{"self":[{"href":"https:\/\/www.accuratereviews.com\/it\/wp-json\/wp\/v2\/pages\/70540","targetHints":{"allow":["GET"]}}],"collection":[{"href":"https:\/\/www.accuratereviews.com\/it\/wp-json\/wp\/v2\/pages"}],"about":[{"href":"https:\/\/www.accuratereviews.com\/it\/wp-json\/wp\/v2\/types\/page"}],"author":[{"embeddable":true,"href":"https:\/\/www.accuratereviews.com\/it\/wp-json\/wp\/v2\/users\/19"}],"replies":[{"embeddable":true,"href":"https:\/\/www.accuratereviews.com\/it\/wp-json\/wp\/v2\/comments?post=70540"}],"version-history":[{"count":12,"href":"https:\/\/www.accuratereviews.com\/it\/wp-json\/wp\/v2\/pages\/70540\/revisions"}],"predecessor-version":[{"id":70557,"href":"https:\/\/www.accuratereviews.com\/it\/wp-json\/wp\/v2\/pages\/70540\/revisions\/70557"}],"up":[{"embeddable":true,"href":"https:\/\/www.accuratereviews.com\/it\/wp-json\/wp\/v2\/pages\/70458"}],"wp:featuredmedia":[{"embeddable":true,"href":"https:\/\/www.accuratereviews.com\/it\/wp-json\/wp\/v2\/media\/70543"}],"wp:attachment":[{"href":"https:\/\/www.accuratereviews.com\/it\/wp-json\/wp\/v2\/media?parent=70540"}],"wp:term":[{"taxonomy":"category","embeddable":true,"href":"https:\/\/www.accuratereviews.com\/it\/wp-json\/wp\/v2\/categories?post=70540"},{"taxonomy":"post_tag","embeddable":true,"href":"https:\/\/www.accuratereviews.com\/it\/wp-json\/wp\/v2\/tags?post=70540"},{"taxonomy":"features","embeddable":true,"href":"https:\/\/www.accuratereviews.com\/it\/wp-json\/wp\/v2\/features?post=70540"}],"curies":[{"name":"wp","href":"https:\/\/api.w.org\/{rel}","templated":true}]}}