{"id":70560,"date":"2023-07-06T15:19:42","date_gmt":"2023-07-06T15:19:42","guid":{"rendered":"https:\/\/www.accuratereviews.com\/?page_id=70560"},"modified":"2023-07-06T15:19:42","modified_gmt":"2023-07-06T15:19:42","slug":"e7-recensione","status":"publish","type":"page","link":"https:\/\/www.accuratereviews.com\/it\/software-gestionali-edilizia\/e7-recensione\/","title":{"rendered":"E7"},"content":{"rendered":"<p><strong>E7<\/strong> \u00e8 una piattaforma di <strong>gestione dei progetti di costruzione<\/strong> che supporta funzionalit\u00e0 per creare eventi non pianificati, diari giornalieri, schede attivit\u00e0, costi, registri e progressi. Aiuta a sfruttare l&#8217;intera rete di un progetto, facilita la collaborazione e raccoglie approfondimenti aggiornati tramite un&#8217;unica piattaforma. La piattaforma agevola il lavoro al team attraverso i suoi flussi di lavoro pratici e collaudati, insieme alla sua capacit\u00e0 di acquisire informazioni in tempo reale da qualsiasi luogo.<br \/>\n<strong>E7<\/strong> offre il backup totale dei dati e il ripristino di emergenza e fornisce il controllo completo sulle autorizzazioni di accesso. Il software pu\u00f2 essere implementato in modo indipendente con un intervento minimo o nullo da parte dell&#8217;IT. Supporta inoltre una gamma di funzionalit\u00e0 tra cui diari e rapporti giornalieri, gestione delle presenze e delle competenze, monitoraggio di impianti e attrezzature, collaborazione su programmi\/pianificazioni, gestione delle prestazioni, verifica dei progressi compiuti e altro ancora.<\/p>\n<h2><a href=\"https:\/\/www.accuratereviews.com\/wp-content\/uploads\/2023\/07\/Screenshot-2023-07-06-alle-11.02.00.png\"><img loading=\"lazy\" decoding=\"async\" class=\"aligncenter wp-image-70568 size-full\" src=\"https:\/\/www.accuratereviews.com\/wp-content\/uploads\/2023\/07\/Screenshot-2023-07-06-alle-11.02.00.png\" alt=\"\" width=\"3374\" height=\"1058\" srcset=\"https:\/\/www.accuratereviews.com\/wp-content\/uploads\/2023\/07\/Screenshot-2023-07-06-alle-11.02.00.png 3374w, https:\/\/www.accuratereviews.com\/wp-content\/uploads\/2023\/07\/Screenshot-2023-07-06-alle-11.02.00-300x94.png 300w, https:\/\/www.accuratereviews.com\/wp-content\/uploads\/2023\/07\/Screenshot-2023-07-06-alle-11.02.00-1024x321.png 1024w, https:\/\/www.accuratereviews.com\/wp-content\/uploads\/2023\/07\/Screenshot-2023-07-06-alle-11.02.00-768x241.png 768w, https:\/\/www.accuratereviews.com\/wp-content\/uploads\/2023\/07\/Screenshot-2023-07-06-alle-11.02.00-1536x482.png 1536w, https:\/\/www.accuratereviews.com\/wp-content\/uploads\/2023\/07\/Screenshot-2023-07-06-alle-11.02.00-2048x642.png 2048w, https:\/\/www.accuratereviews.com\/wp-content\/uploads\/2023\/07\/Screenshot-2023-07-06-alle-11.02.00-50x16.png 50w, https:\/\/www.accuratereviews.com\/wp-content\/uploads\/2023\/07\/Screenshot-2023-07-06-alle-11.02.00-260x82.png 260w, https:\/\/www.accuratereviews.com\/wp-content\/uploads\/2023\/07\/Screenshot-2023-07-06-alle-11.02.00-968x304.png 968w, https:\/\/www.accuratereviews.com\/wp-content\/uploads\/2023\/07\/Screenshot-2023-07-06-alle-11.02.00-636x199.png 636w, https:\/\/www.accuratereviews.com\/wp-content\/uploads\/2023\/07\/Screenshot-2023-07-06-alle-11.02.00-320x100.png 320w, https:\/\/www.accuratereviews.com\/wp-content\/uploads\/2023\/07\/Screenshot-2023-07-06-alle-11.02.00-239x75.png 239w\" sizes=\"auto, (max-width: 3374px) 100vw, 3374px\" \/><\/a><\/h2>\n<h2>E7 &#8211; CARATTERISTICHE<\/h2>\n<ul>\n<li><strong>Gestione delle prestazioni<\/strong>: fornisce un approccio disciplinato e standardizzato all&#8217;Earned Value e alla gestione delle prestazioni che si integra con i sistemi di pianificazione e gestione dei costi.<\/li>\n<li><strong>Costo giornaliero e produzione<\/strong>: il programma acquisisce i costi e i tassi di produzione in tempo reale, superando le debolezze dei fogli di calcolo e i ritardi nei rapporti di fine mese, consentendo la creazione di rapporti in tempo reale.<\/li>\n<li><strong>Misurazione dei progressi<\/strong>: consente il monitoraggio quotidiano dei progressi attraverso un&#8217;ampia gamma di input e metriche, collegati alle attivit\u00e0 di un progetto.<\/li>\n<li><strong>Verifica reclami del programma<\/strong>: supporta una verifica chiara, indiscutibile ed efficiente delle richieste dei subappaltatori, dando certezza e trasparenza agli appaltatori e ai subappaltatori.<\/li>\n<li><strong>Programma \/ palinsesto collab<\/strong>: si che integra con i programmi, condividendoli con i team di progetto, aumentando le fonti di informazioni e le opportunit\u00e0 di collaborazione.<\/li>\n<li><strong>Eventi e avvisi<\/strong>: l&#8217;acquisizione di eventi mobile consente a qualsiasi membro del team di registrare eventi in tempo reale e avviare un flusso di lavoro chiaro e definito.<\/li>\n<li><strong>Gestione delle foto<\/strong>: collega immediatamente le foto ad attivit\u00e0, eventi o compiti, creando tracciabilit\u00e0 e ricerche per tutta la vita di un progetto.<\/li>\n<li><strong>Diari giornalieri e rapporti<\/strong>: fornisce una soluzione standardizzata e una fonte centrale per i record giornalieri che altrimenti sarebbero difficili e dispendiosi in termini di tempo da estrarre dai diari cartacei.<\/li>\n<li><strong>Documenti del subappaltatore<\/strong>: la soluzione elettronica consente l&#8217;acquisizione flessibile di documenti mobili da parte dei subappaltatori, con i dati immediatamente assegnati ai codici di costo appropriati.<\/li>\n<li><strong>Monitoraggio di impianti e attrezzature<\/strong>:\u00a0semplifica il monitoraggio di impianti e apparecchiature per ridurre al minimo gli impianti inattivi o scarsamente utilizzati, migliorare l&#8217;utilizzo e identificare i risparmi.<\/li>\n<\/ul>\n<h3>LE RECENSIONI DEGLI UTENTI<\/h3>\n<p><strong>Emily &#8220;Immaginare &#8211; Il Sanity Saver&#8221;<\/strong><br \/>\n<strong>Commenti<\/strong>: Envision ci ha dato il potere di dimostrare che eravamo fiduciosi nei numeri dei nostri progetti. Il cliente ha apprezzato l&#8217;accuratezza dei costi registrati e il modo in cui Envision ha facilitato la responsabilit\u00e0 nel team di progetto per la gestione del progetto.<br \/>\n<strong>Pro<\/strong>: Fiducia che stiamo catturando e controllando i costi, le persone e le attrezzature.<br \/>\n<strong>Contro<\/strong>: Envision ha superato tutte le aspettative e posso dire confidenzialmente che non c&#8217;\u00e8 niente che mi piace di meno di questo sistema.<\/p>\n<p><strong>Dennis &#8220;Monitoraggio dei record di lavoro sul campo&#8221;<\/strong><br \/>\n<strong>Commenti<\/strong>: Envision \u00e8 uno strumento che fornisce il dettaglio delle opere man mano che si verificano. Diventa inestimabile quando \u00e8 necessario fare riferimento a un punto nel tempo. Envision \u00e8 facile da imparare e da usare, anche con i membri del team pi\u00f9 avversi alla tecnologia che utilizzano il software.<br \/>\n<strong>Pro<\/strong>: Semplice per gli utenti sul campo per registrare i dettagli mentre accadono. Ottima struttura per la registrazione di commenti e foto rispetto alle attivit\u00e0 Monitoraggio del tempo per persone, attrezzature e subappaltatori Monitoraggio della quantit\u00e0 per materiali sfusi Possibilit\u00e0 di &#8220;taggare \/ taggare&#8221; l&#8217;equipaggio per virare la partecipazione<br \/>\n<strong>Contro<\/strong>: Il generatore di report richiede una certa esperienza con l&#8217;HTML, tuttavia, questo rende anche i report altamente personalizzabili (sicuramente positivo)<\/p>\n<p><strong>Matt &#8220;CRSC&#8221;<\/strong><br \/>\n<strong>Commenti<\/strong>: Ho usato envision su pi\u00f9 progetti ora e sono un forte sostenitore del suo utilizzo su progetti SMP. Nel complesso la mia esperienza fino ad oggi con envision \u00e8 stata ottima ed \u00e8 stata ben supportata dal team envision sia durante le fasi di implementazione che di esecuzione.<br \/>\n<strong>Pro<\/strong>: I rapporti standardizzati sia per i rapporti settimanali che per quelli sullo stato di avanzamento e la capacit\u00e0 di gestire ritardi e modifiche attraverso gli eventi.<br \/>\n<strong>Contro<\/strong>: \u00c8 stato difficile collegare\/automatizzare il rapporto sullo stato di avanzamento. Tendo a scoprire che i supervisori fanno fatica a inserire le informazioni e prenotare le attivit\u00e0 corrette.<\/p>\n","protected":false},"excerpt":{"rendered":"<p>E7 \u00e8 una piattaforma di gestione dei progetti di costruzione che supporta funzionalit\u00e0 per creare eventi non pianificati, diari giornalieri, schede attivit\u00e0, costi, registri e progressi. Aiuta a sfruttare l&#8217;intera rete di un progetto, facilita la collaborazione e raccoglie approfondimenti aggiornati tramite un&#8217;unica piattaforma.<\/p>\n","protected":false},"author":19,"featured_media":70563,"parent":70458,"menu_order":0,"comment_status":"open","ping_status":"closed","template":"g1_template_page_review_new.php","meta":{"_acf_changed":false,"cwp_meta_box_check":"Yes","cwp_rev_product_name":"","cwp_rev_product_image":"","wppr_links":[],"cwp_rev_price":"0.00","wppr_options":[{"name":"Usability","value":"0"},{"name":"Speed","value":"0"},{"name":"Features","value":"0"},{"name":"Support","value":"0"},{"name":"Pricing","value":"0"}],"wppr_pros":["","","","",""],"wppr_cons":["","","","",""],"_monsterinsights_skip_tracking":false,"_monsterinsights_sitenote_active":false,"_monsterinsights_sitenote_note":"","_monsterinsights_sitenote_category":0,"footnotes":""},"categories":[2459],"tags":[14522,14470,14478,14477,14480,14479],"features":[],"class_list":{"0":"post-70560","1":"page","2":"type-page","3":"status-publish","4":"has-post-thumbnail","6":"category-gestionale-per-edilizia-cat","7":"tag-e7","8":"tag-gestionale-edilizia","9":"tag-piattaforma-gestionale-edilizia","10":"tag-programma-gestionale-edilizia","11":"tag-software-gestionale-edilizia","12":"tag-soluzione-gestionale-edilizia"},"wppr_data":{"cwp_meta_box_check":"Yes","_wppr_review_template":"default","cwp_rev_product_image":"","cwp_image_link":"image","wppr_links":[],"cwp_rev_price":"0.00","wppr_pros":["","","","",""],"wppr_cons":["","","","",""],"wppr_rating":"0.00","wppr_options":{"1":{"name":"Usability","value":"0"},"2":{"name":"Speed","value":"0"},"3":{"name":"Features","value":"0"},"4":{"name":"Support","value":"0"},"5":{"name":"Pricing","value":"0"}},"wppr_review_type":"Product","wppr_review_custom_fields":{"additionalProperty":"","additionalType":"","aggregateRating":"","alternateName":"","audience":"","award":"","awards":"","brand":"","color":"","depth":"","description":"","disambiguatingDescription":"","gtin12":"","gtin13":"","gtin14":"","gtin8":"","height":"","identifier":"","image":"","isAccessoryOrSparePartFor":"","isConsumableFor":"","isRelatedTo":"","isSimilarTo":"","itemCondition":"","logo":"","mainEntityOfPage":"","manufacturer":"","material":"","model":"","mpn":"","name":"","offers":"","potentialAction":"","productID":"","productionDate":"","purchaseDate":"","releaseDate":"","review":"","reviews":"","sameAs":"","sku":"","slogan":"","subjectOf":"","url":"","weight":"","width":""}},"acf":[],"yoast_head":"<!-- This site is optimized with the Yoast SEO plugin v27.4 - https:\/\/yoast.com\/product\/yoast-seo-wordpress\/ -->\n<title>E7: recensione software gestionale edilizia - Accurate Reviews<\/title>\n<meta name=\"description\" content=\"E7: software gestionale per edilizia che supporta funzionalit\u00e0 per creare eventi non pianificati, diari giornalieri e schede attivit\u00e0.\" \/>\n<meta name=\"robots\" content=\"index, follow, max-snippet:-1, max-image-preview:large, max-video-preview:-1\" \/>\n<link rel=\"canonical\" href=\"https:\/\/www.accuratereviews.com\/it\/software-gestionali-edilizia\/e7-recensione\/\" \/>\n<meta property=\"og:locale\" content=\"it_IT\" \/>\n<meta property=\"og:type\" content=\"article\" \/>\n<meta property=\"og:title\" content=\"E7: recensione software gestionale edilizia - Accurate Reviews\" \/>\n<meta property=\"og:description\" content=\"E7: software gestionale per edilizia che supporta funzionalit\u00e0 per creare eventi non pianificati, diari giornalieri e schede attivit\u00e0.\" \/>\n<meta property=\"og:url\" content=\"https:\/\/www.accuratereviews.com\/it\/software-gestionali-edilizia\/e7-recensione\/\" \/>\n<meta property=\"og:site_name\" content=\"Accurate Reviews\" \/>\n<meta property=\"og:image\" content=\"https:\/\/www.accuratereviews.com\/wp-content\/uploads\/2023\/07\/Screenshot-2023-07-06-alle-10.34.15.png\" \/>\n\t<meta property=\"og:image:width\" content=\"526\" \/>\n\t<meta property=\"og:image:height\" content=\"454\" \/>\n\t<meta property=\"og:image:type\" content=\"image\/png\" \/>\n<meta name=\"twitter:card\" content=\"summary_large_image\" \/>\n<meta name=\"twitter:label1\" content=\"Tempo di lettura stimato\" \/>\n\t<meta name=\"twitter:data1\" content=\"5 minuti\" \/>\n<script type=\"application\/ld+json\" class=\"yoast-schema-graph\">{\"@context\":\"https:\\\/\\\/schema.org\",\"@graph\":[{\"@type\":\"WebPage\",\"@id\":\"https:\\\/\\\/www.accuratereviews.com\\\/it\\\/software-gestionali-edilizia\\\/e7-recensione\\\/\",\"url\":\"https:\\\/\\\/www.accuratereviews.com\\\/it\\\/software-gestionali-edilizia\\\/e7-recensione\\\/\",\"name\":\"E7: recensione software gestionale edilizia - Accurate Reviews\",\"isPartOf\":{\"@id\":\"https:\\\/\\\/www.accuratereviews.com\\\/it\\\/#website\"},\"primaryImageOfPage\":{\"@id\":\"https:\\\/\\\/www.accuratereviews.com\\\/it\\\/software-gestionali-edilizia\\\/e7-recensione\\\/#primaryimage\"},\"image\":{\"@id\":\"https:\\\/\\\/www.accuratereviews.com\\\/it\\\/software-gestionali-edilizia\\\/e7-recensione\\\/#primaryimage\"},\"thumbnailUrl\":\"https:\\\/\\\/www.accuratereviews.com\\\/wp-content\\\/uploads\\\/2023\\\/07\\\/Screenshot-2023-07-06-alle-10.34.15.png\",\"datePublished\":\"2023-07-06T15:19:42+00:00\",\"description\":\"E7: software gestionale per edilizia che supporta funzionalit\u00e0 per creare eventi non pianificati, diari giornalieri e schede attivit\u00e0.\",\"breadcrumb\":{\"@id\":\"https:\\\/\\\/www.accuratereviews.com\\\/it\\\/software-gestionali-edilizia\\\/e7-recensione\\\/#breadcrumb\"},\"inLanguage\":\"it-IT\",\"potentialAction\":[{\"@type\":\"ReadAction\",\"target\":[\"https:\\\/\\\/www.accuratereviews.com\\\/it\\\/software-gestionali-edilizia\\\/e7-recensione\\\/\"]}]},{\"@type\":\"ImageObject\",\"inLanguage\":\"it-IT\",\"@id\":\"https:\\\/\\\/www.accuratereviews.com\\\/it\\\/software-gestionali-edilizia\\\/e7-recensione\\\/#primaryimage\",\"url\":\"https:\\\/\\\/www.accuratereviews.com\\\/wp-content\\\/uploads\\\/2023\\\/07\\\/Screenshot-2023-07-06-alle-10.34.15.png\",\"contentUrl\":\"https:\\\/\\\/www.accuratereviews.com\\\/wp-content\\\/uploads\\\/2023\\\/07\\\/Screenshot-2023-07-06-alle-10.34.15.png\",\"width\":526,\"height\":454},{\"@type\":\"BreadcrumbList\",\"@id\":\"https:\\\/\\\/www.accuratereviews.com\\\/it\\\/software-gestionali-edilizia\\\/e7-recensione\\\/#breadcrumb\",\"itemListElement\":[{\"@type\":\"ListItem\",\"position\":1,\"name\":\"Home\",\"item\":\"https:\\\/\\\/www.accuratereviews.com\\\/it\\\/\"},{\"@type\":\"ListItem\",\"position\":2,\"name\":\"Software gestionali per edilizia\",\"item\":\"https:\\\/\\\/www.accuratereviews.com\\\/it\\\/software-gestionali-edilizia\\\/\"},{\"@type\":\"ListItem\",\"position\":3,\"name\":\"E7\"}]},{\"@type\":\"WebSite\",\"@id\":\"https:\\\/\\\/www.accuratereviews.com\\\/it\\\/#website\",\"url\":\"https:\\\/\\\/www.accuratereviews.com\\\/it\\\/\",\"name\":\"Accurate Reviews\",\"description\":\"\",\"potentialAction\":[{\"@type\":\"SearchAction\",\"target\":{\"@type\":\"EntryPoint\",\"urlTemplate\":\"https:\\\/\\\/www.accuratereviews.com\\\/it\\\/?s={search_term_string}\"},\"query-input\":{\"@type\":\"PropertyValueSpecification\",\"valueRequired\":true,\"valueName\":\"search_term_string\"}}],\"inLanguage\":\"it-IT\"}]}<\/script>\n<!-- \/ Yoast SEO plugin. -->","yoast_head_json":{"title":"E7: recensione software gestionale edilizia - Accurate Reviews","description":"E7: software gestionale per edilizia che supporta funzionalit\u00e0 per creare eventi non pianificati, diari giornalieri e schede attivit\u00e0.","robots":{"index":"index","follow":"follow","max-snippet":"max-snippet:-1","max-image-preview":"max-image-preview:large","max-video-preview":"max-video-preview:-1"},"canonical":"https:\/\/www.accuratereviews.com\/it\/software-gestionali-edilizia\/e7-recensione\/","og_locale":"it_IT","og_type":"article","og_title":"E7: recensione software gestionale edilizia - Accurate Reviews","og_description":"E7: software gestionale per edilizia che supporta funzionalit\u00e0 per creare eventi non pianificati, diari giornalieri e schede attivit\u00e0.","og_url":"https:\/\/www.accuratereviews.com\/it\/software-gestionali-edilizia\/e7-recensione\/","og_site_name":"Accurate Reviews","og_image":[{"width":526,"height":454,"url":"https:\/\/www.accuratereviews.com\/wp-content\/uploads\/2023\/07\/Screenshot-2023-07-06-alle-10.34.15.png","type":"image\/png"}],"twitter_card":"summary_large_image","twitter_misc":{"Tempo di lettura stimato":"5 minuti"},"schema":{"@context":"https:\/\/schema.org","@graph":[{"@type":"WebPage","@id":"https:\/\/www.accuratereviews.com\/it\/software-gestionali-edilizia\/e7-recensione\/","url":"https:\/\/www.accuratereviews.com\/it\/software-gestionali-edilizia\/e7-recensione\/","name":"E7: recensione software gestionale edilizia - Accurate Reviews","isPartOf":{"@id":"https:\/\/www.accuratereviews.com\/it\/#website"},"primaryImageOfPage":{"@id":"https:\/\/www.accuratereviews.com\/it\/software-gestionali-edilizia\/e7-recensione\/#primaryimage"},"image":{"@id":"https:\/\/www.accuratereviews.com\/it\/software-gestionali-edilizia\/e7-recensione\/#primaryimage"},"thumbnailUrl":"https:\/\/www.accuratereviews.com\/wp-content\/uploads\/2023\/07\/Screenshot-2023-07-06-alle-10.34.15.png","datePublished":"2023-07-06T15:19:42+00:00","description":"E7: software gestionale per edilizia che supporta funzionalit\u00e0 per creare eventi non pianificati, diari giornalieri e schede attivit\u00e0.","breadcrumb":{"@id":"https:\/\/www.accuratereviews.com\/it\/software-gestionali-edilizia\/e7-recensione\/#breadcrumb"},"inLanguage":"it-IT","potentialAction":[{"@type":"ReadAction","target":["https:\/\/www.accuratereviews.com\/it\/software-gestionali-edilizia\/e7-recensione\/"]}]},{"@type":"ImageObject","inLanguage":"it-IT","@id":"https:\/\/www.accuratereviews.com\/it\/software-gestionali-edilizia\/e7-recensione\/#primaryimage","url":"https:\/\/www.accuratereviews.com\/wp-content\/uploads\/2023\/07\/Screenshot-2023-07-06-alle-10.34.15.png","contentUrl":"https:\/\/www.accuratereviews.com\/wp-content\/uploads\/2023\/07\/Screenshot-2023-07-06-alle-10.34.15.png","width":526,"height":454},{"@type":"BreadcrumbList","@id":"https:\/\/www.accuratereviews.com\/it\/software-gestionali-edilizia\/e7-recensione\/#breadcrumb","itemListElement":[{"@type":"ListItem","position":1,"name":"Home","item":"https:\/\/www.accuratereviews.com\/it\/"},{"@type":"ListItem","position":2,"name":"Software gestionali per edilizia","item":"https:\/\/www.accuratereviews.com\/it\/software-gestionali-edilizia\/"},{"@type":"ListItem","position":3,"name":"E7"}]},{"@type":"WebSite","@id":"https:\/\/www.accuratereviews.com\/it\/#website","url":"https:\/\/www.accuratereviews.com\/it\/","name":"Accurate Reviews","description":"","potentialAction":[{"@type":"SearchAction","target":{"@type":"EntryPoint","urlTemplate":"https:\/\/www.accuratereviews.com\/it\/?s={search_term_string}"},"query-input":{"@type":"PropertyValueSpecification","valueRequired":true,"valueName":"search_term_string"}}],"inLanguage":"it-IT"}]}},"_links":{"self":[{"href":"https:\/\/www.accuratereviews.com\/it\/wp-json\/wp\/v2\/pages\/70560","targetHints":{"allow":["GET"]}}],"collection":[{"href":"https:\/\/www.accuratereviews.com\/it\/wp-json\/wp\/v2\/pages"}],"about":[{"href":"https:\/\/www.accuratereviews.com\/it\/wp-json\/wp\/v2\/types\/page"}],"author":[{"embeddable":true,"href":"https:\/\/www.accuratereviews.com\/it\/wp-json\/wp\/v2\/users\/19"}],"replies":[{"embeddable":true,"href":"https:\/\/www.accuratereviews.com\/it\/wp-json\/wp\/v2\/comments?post=70560"}],"version-history":[{"count":10,"href":"https:\/\/www.accuratereviews.com\/it\/wp-json\/wp\/v2\/pages\/70560\/revisions"}],"predecessor-version":[{"id":70583,"href":"https:\/\/www.accuratereviews.com\/it\/wp-json\/wp\/v2\/pages\/70560\/revisions\/70583"}],"up":[{"embeddable":true,"href":"https:\/\/www.accuratereviews.com\/it\/wp-json\/wp\/v2\/pages\/70458"}],"wp:featuredmedia":[{"embeddable":true,"href":"https:\/\/www.accuratereviews.com\/it\/wp-json\/wp\/v2\/media\/70563"}],"wp:attachment":[{"href":"https:\/\/www.accuratereviews.com\/it\/wp-json\/wp\/v2\/media?parent=70560"}],"wp:term":[{"taxonomy":"category","embeddable":true,"href":"https:\/\/www.accuratereviews.com\/it\/wp-json\/wp\/v2\/categories?post=70560"},{"taxonomy":"post_tag","embeddable":true,"href":"https:\/\/www.accuratereviews.com\/it\/wp-json\/wp\/v2\/tags?post=70560"},{"taxonomy":"features","embeddable":true,"href":"https:\/\/www.accuratereviews.com\/it\/wp-json\/wp\/v2\/features?post=70560"}],"curies":[{"name":"wp","href":"https:\/\/api.w.org\/{rel}","templated":true}]}}