{"id":70623,"date":"2023-07-10T14:15:09","date_gmt":"2023-07-10T14:15:09","guid":{"rendered":"https:\/\/www.accuratereviews.com\/?page_id=70623"},"modified":"2023-07-10T14:15:09","modified_gmt":"2023-07-10T14:15:09","slug":"fluid-contract-manager-recensione","status":"publish","type":"page","link":"https:\/\/www.accuratereviews.com\/it\/software-gestionali-edilizia\/fluid-contract-manager-recensione\/","title":{"rendered":"Fluid Contract Manager"},"content":{"rendered":"<p><strong>Fluid Contract Manager<\/strong> \u00e8 un <strong>sistema di gestione della costruzioni mobile<\/strong>, basato su <strong>cloud<\/strong>, per la collaborazione e la condivisione della documentazione del progetto. Consente l&#8217;elaborazione digitale semplificata delle &#8220;documentazioni cartacee&#8221; ed \u00e8 accessibile tramite qualsiasi dispositivo mobile. Gli utenti possono preparare, emettere e firmare digitalmente contratti con i clienti, subappalti, modifiche e fatture.<br \/>\nLa piattaforma aiuta i lavoratori a tenere traccia dei documenti importanti e a mantenere organizzati gli ordini di modifica. I responsabili della costruzione sono in grado di tenere sotto controllo i budget e le proiezioni, nonch\u00e9 di inviare le fatture online. La soluzione aiuta le organizzazioni a portare avanti i progetti inviando inviti e RFI elettronicamente attraverso il cloud. Il modulo di proiezione consente ai team di costruzione di proiettare i costi fino alla fine del progetto.<\/p>\n<h2>FLUID CONTRACT MANAGER &#8211; TUTORIAL<\/h2>\n<div id=\"fluid-wrapper-counter-1\" class=\"g1-fluid-wrapper \" style=\"width:686px;\">\n<div style=\"padding-bottom:56.268221574344%;\"><iframe loading=\"lazy\" title=\"Timecards Admin\" width=\"686\" height=\"386\" src=\"https:\/\/www.youtube.com\/embed\/UgUFlgsapdE?feature=oembed&amp;wmode=transparent&amp;autohide=1&amp;autoplay=0&amp;disablekb=0&amp;fs=1&amp;loop=0&amp;enablejsapi=1&amp;rel=0&amp;controls=2&amp;showinfo=0&amp;wmode=transparent&amp;autohide=2&amp;autoplay=0&amp;disablekb=0&amp;fs=1&amp;loop=0&amp;enablejsapi=1&amp;rel=0&amp;controls=2&amp;showinfo=1\" frameborder=\"0\" allow=\"accelerometer; autoplay; clipboard-write; encrypted-media; gyroscope; picture-in-picture; web-share\" allowfullscreen><\/iframe><\/div>\n<\/div>\n<h3>FLUID CONTRACT MANAGER &#8211; CARATTERISTICHE<\/h3>\n<ul>\n<li><strong>Usa il tuo smartphone, tablet o laptop<\/strong>: accedi a tutti i tuoi file di progetto da qualsiasi dispositivo. Le informazioni sui progetti si adattano al tuo dispositivo, che tu sia alla scrivania, in riunione con il tuo tablet o sul campo con il tuo smartphone.<\/li>\n<li><strong>Semplice<\/strong>: dall&#8217;interfaccia utente, al menu di aiuto, al team di supporto, \u00e8 stato progettato per una formazione minima e un numero massimo di utenti.<\/li>\n<li><strong>Un posto per tutti i tuoi file di progetto<\/strong>: gestisci tutte le informazioni del tuo progetto in un unico punto nel cloud. Tutti i tuoi contratti, piani, specifiche, fogli di calcolo e altro ancora possono essere archiviati e accessibili nel cloud.<\/li>\n<li><strong>Velocit\u00e0<\/strong>: sono state ridotte al minimo le schermate di input dell&#8217;utente e creato campi modulo a compilazione rapida. Che si acceda dal tuo smartphone, tablet o desktop \u00e8 stato progettato per l&#8217;efficienza sotto tutti gli aspetti.<\/li>\n<li><strong>Numero massimo di utenti<\/strong>: al fine che un progetto funzioni meglio si consiglia pi\u00f9 comunicazione e collaborazione, quindi si incoraggia gli utenti a registrarsi e utilizzare la soluzione. Nessun tentativo di destreggiarsi tra accesso e cambio di utente a causa delle licenze limitate.<\/li>\n<li><strong>Basato sul cloud<\/strong>: il programma \u00e8 mantenuto semplice essendo disponibile su un modello Software as a Service. Ci\u00f2 significa nessuna installazione su un server, nessun contratto di manutenzione infatti, gli aggiornamenti sono automaticamente presenti quando accedi.<\/li>\n<li><strong>Sicuro:<\/strong> forte crittografia SSL a 128 bit. Ospitato dai migliori del settore: Amazon Web Services (AWS) nel cloud.<\/li>\n<li><strong>Pagine riassuntive rapide<\/strong>: ottieni informazioni in tempo reale sia che tu sia in viaggio o in riunione. Le informazioni sul progetto sono riepilogate in pi\u00f9 schermate, che consentono di visualizzare rapidamente le informazioni sul contratto e approfondire le specifiche secondo necessit\u00e0.<\/li>\n<li><strong>Potenti funzionalit\u00e0 di reportistica<\/strong>:\u00a0ti consente di eseguire vari report da ciascun modulo del documento fornendo informazioni coerenti e tempestive quando ne hai pi\u00f9 bisogno.<\/li>\n<\/ul>\n<h4>LE RECENSIONI DEGLI UTENTI<\/h4>\n<p><strong>Dj &#8220;Facile da usare, ottimo supporto&#8221;<\/strong><br \/>\n<strong>Commenti<\/strong>: Ha davvero risolto un problema per noi rendendoci operativi rapidamente con un set di strumenti basato su cloud che ha mantenuto il lavoro senza intoppi.<br \/>\n<strong>Pro<\/strong>: Abbiamo utilizzato questo strumento per un progetto pluriennale di ristrutturazione del settore high-tech Design-Build, $ 24 milioni. I componenti basati sul Web erano ci\u00f2 che cercavamo e ci hanno davvero aiutato a semplificare i registri giornalieri, i verbali delle riunioni, le RFI e gli invii.<br \/>\n<strong>Contro<\/strong>: Altre API sono in fase di sviluppo, quindi sar\u00e0 bello vedere come andranno a finire.<\/p>\n<p><strong>Yanting &#8220;FluidCM \u00e8 un ottimo strumento per la gestione della costruzione e un risparmio di tempo&#8221;<\/strong><br \/>\n<strong>Pro<\/strong>: FluidCM \u00e8 super facile da usare, l&#8217;interfaccia concisa di questo prodotto \u00e8 ci\u00f2 che mi piace di pi\u00f9. Non \u00e8 necessario passare molto tempo a fare clic o addestrare i tuoi subappaltatori a usarlo, tutti possono imparare a usarlo entro 10 minuti.<br \/>\n<strong>Contro<\/strong>: Ogni volta che ho scaricato i file (RFI\/invio), devo cambiare manualmente il nome del file poich\u00e9 il nome del file \u00e8 stato generato in modo casuale.<\/p>\n<p><strong>Joseph &#8220;31 anni nella costruzione come sovrintendente fino all&#8217;esecutivo del progetto.&#8221;<\/strong><br \/>\n<strong>Commenti<\/strong>: Facilit\u00e0 di interfaccia con il team di progettazione.<br \/>\n<strong>Pro<\/strong>: \u00c8 molto facile da usare e accedere, facile da accedere, facile da cercare e facile da scaricare risposte dei progettisti.<br \/>\n<strong>Contro<\/strong>: Non sempre si apre dal collegamento in un&#8217;email. Molte volte ho ricevuto una risposta da un architetto e devo accedere al sistema per accedervi.<\/p>\n","protected":false},"excerpt":{"rendered":"<p>Fluid Contract Manager \u00e8 un sistema di gestione della costruzioni mobile, basato su cloud, progettato per semplificare la collaborazione e la condivisione della documentazione. Consente l&#8217;elaborazione digitale semplificata delle &#8220;documentazioni cartacee&#8221; ed \u00e8 accessibile tramite qualsiasi dispositivo mobile. Gli utenti possono preparare, emettere e firmare digitalmente contratti con i clienti, subappalti, modifiche e fatture.<\/p>\n","protected":false},"author":19,"featured_media":70624,"parent":70458,"menu_order":0,"comment_status":"open","ping_status":"closed","template":"g1_template_page_review_new.php","meta":{"_acf_changed":false,"cwp_meta_box_check":"Yes","cwp_rev_product_name":"","cwp_rev_product_image":"","wppr_links":[],"cwp_rev_price":"0.00","wppr_options":[{"name":"Usability","value":"0"},{"name":"Speed","value":"0"},{"name":"Features","value":"0"},{"name":"Support","value":"0"},{"name":"Pricing","value":"0"}],"wppr_pros":["","","","",""],"wppr_cons":["","","","",""],"_monsterinsights_skip_tracking":false,"_monsterinsights_sitenote_active":false,"_monsterinsights_sitenote_note":"","_monsterinsights_sitenote_category":0,"footnotes":""},"categories":[2459],"tags":[14530,14470,14478,14477,14480,14479],"features":[],"class_list":{"0":"post-70623","1":"page","2":"type-page","3":"status-publish","4":"has-post-thumbnail","6":"category-gestionale-per-edilizia-cat","7":"tag-fluid-contract-manager","8":"tag-gestionale-edilizia","9":"tag-piattaforma-gestionale-edilizia","10":"tag-programma-gestionale-edilizia","11":"tag-software-gestionale-edilizia","12":"tag-soluzione-gestionale-edilizia"},"wppr_data":{"cwp_meta_box_check":"Yes","_wppr_review_template":"default","cwp_rev_product_image":"","cwp_image_link":"image","wppr_links":[],"cwp_rev_price":"0.00","wppr_pros":["","","","",""],"wppr_cons":["","","","",""],"wppr_rating":"0.00","wppr_options":{"1":{"name":"Usability","value":"0"},"2":{"name":"Speed","value":"0"},"3":{"name":"Features","value":"0"},"4":{"name":"Support","value":"0"},"5":{"name":"Pricing","value":"0"}},"wppr_review_type":"Product","wppr_review_custom_fields":{"additionalProperty":"","additionalType":"","aggregateRating":"","alternateName":"","audience":"","award":"","awards":"","brand":"","color":"","depth":"","description":"","disambiguatingDescription":"","gtin12":"","gtin13":"","gtin14":"","gtin8":"","height":"","identifier":"","image":"","isAccessoryOrSparePartFor":"","isConsumableFor":"","isRelatedTo":"","isSimilarTo":"","itemCondition":"","logo":"","mainEntityOfPage":"","manufacturer":"","material":"","model":"","mpn":"","name":"","offers":"","potentialAction":"","productID":"","productionDate":"","purchaseDate":"","releaseDate":"","review":"","reviews":"","sameAs":"","sku":"","slogan":"","subjectOf":"","url":"","weight":"","width":""}},"acf":[],"yoast_head":"<!-- This site is optimized with the Yoast SEO plugin v27.4 - https:\/\/yoast.com\/product\/yoast-seo-wordpress\/ -->\n<title>Fluid Contract Manager: recensione gestione edilizia - AR<\/title>\n<meta name=\"description\" content=\"Fluid Contract Manager: sistema gestionale per edizia, progettato per semplificare la collaborazione e la condivisione della documentazione.\" \/>\n<meta name=\"robots\" content=\"index, follow, max-snippet:-1, max-image-preview:large, max-video-preview:-1\" \/>\n<link rel=\"canonical\" href=\"https:\/\/www.accuratereviews.com\/it\/software-gestionali-edilizia\/fluid-contract-manager-recensione\/\" \/>\n<meta property=\"og:locale\" content=\"it_IT\" \/>\n<meta property=\"og:type\" content=\"article\" \/>\n<meta property=\"og:title\" content=\"Fluid Contract Manager: recensione gestione edilizia - AR\" \/>\n<meta property=\"og:description\" content=\"Fluid Contract Manager: sistema gestionale per edizia, progettato per semplificare la collaborazione e la condivisione della documentazione.\" \/>\n<meta property=\"og:url\" content=\"https:\/\/www.accuratereviews.com\/it\/software-gestionali-edilizia\/fluid-contract-manager-recensione\/\" \/>\n<meta property=\"og:site_name\" content=\"Accurate Reviews\" \/>\n<meta property=\"og:image\" content=\"https:\/\/www.accuratereviews.com\/wp-content\/uploads\/2023\/07\/Fluid-Contract-Manager.png\" \/>\n\t<meta property=\"og:image:width\" content=\"397\" \/>\n\t<meta property=\"og:image:height\" content=\"397\" \/>\n\t<meta property=\"og:image:type\" content=\"image\/png\" \/>\n<meta name=\"twitter:card\" content=\"summary_large_image\" \/>\n<meta name=\"twitter:label1\" content=\"Tempo di lettura stimato\" \/>\n\t<meta name=\"twitter:data1\" content=\"4 minuti\" \/>\n<script type=\"application\/ld+json\" class=\"yoast-schema-graph\">{\"@context\":\"https:\\\/\\\/schema.org\",\"@graph\":[{\"@type\":\"WebPage\",\"@id\":\"https:\\\/\\\/www.accuratereviews.com\\\/it\\\/software-gestionali-edilizia\\\/fluid-contract-manager-recensione\\\/\",\"url\":\"https:\\\/\\\/www.accuratereviews.com\\\/it\\\/software-gestionali-edilizia\\\/fluid-contract-manager-recensione\\\/\",\"name\":\"Fluid Contract Manager: recensione gestione edilizia - AR\",\"isPartOf\":{\"@id\":\"https:\\\/\\\/www.accuratereviews.com\\\/it\\\/#website\"},\"primaryImageOfPage\":{\"@id\":\"https:\\\/\\\/www.accuratereviews.com\\\/it\\\/software-gestionali-edilizia\\\/fluid-contract-manager-recensione\\\/#primaryimage\"},\"image\":{\"@id\":\"https:\\\/\\\/www.accuratereviews.com\\\/it\\\/software-gestionali-edilizia\\\/fluid-contract-manager-recensione\\\/#primaryimage\"},\"thumbnailUrl\":\"https:\\\/\\\/www.accuratereviews.com\\\/wp-content\\\/uploads\\\/2023\\\/07\\\/Fluid-Contract-Manager.png\",\"datePublished\":\"2023-07-10T14:15:09+00:00\",\"description\":\"Fluid Contract Manager: sistema gestionale per edizia, progettato per semplificare la collaborazione e la condivisione della documentazione.\",\"breadcrumb\":{\"@id\":\"https:\\\/\\\/www.accuratereviews.com\\\/it\\\/software-gestionali-edilizia\\\/fluid-contract-manager-recensione\\\/#breadcrumb\"},\"inLanguage\":\"it-IT\",\"potentialAction\":[{\"@type\":\"ReadAction\",\"target\":[\"https:\\\/\\\/www.accuratereviews.com\\\/it\\\/software-gestionali-edilizia\\\/fluid-contract-manager-recensione\\\/\"]}]},{\"@type\":\"ImageObject\",\"inLanguage\":\"it-IT\",\"@id\":\"https:\\\/\\\/www.accuratereviews.com\\\/it\\\/software-gestionali-edilizia\\\/fluid-contract-manager-recensione\\\/#primaryimage\",\"url\":\"https:\\\/\\\/www.accuratereviews.com\\\/wp-content\\\/uploads\\\/2023\\\/07\\\/Fluid-Contract-Manager.png\",\"contentUrl\":\"https:\\\/\\\/www.accuratereviews.com\\\/wp-content\\\/uploads\\\/2023\\\/07\\\/Fluid-Contract-Manager.png\",\"width\":397,\"height\":397},{\"@type\":\"BreadcrumbList\",\"@id\":\"https:\\\/\\\/www.accuratereviews.com\\\/it\\\/software-gestionali-edilizia\\\/fluid-contract-manager-recensione\\\/#breadcrumb\",\"itemListElement\":[{\"@type\":\"ListItem\",\"position\":1,\"name\":\"Home\",\"item\":\"https:\\\/\\\/www.accuratereviews.com\\\/it\\\/\"},{\"@type\":\"ListItem\",\"position\":2,\"name\":\"Software gestionali per edilizia\",\"item\":\"https:\\\/\\\/www.accuratereviews.com\\\/it\\\/software-gestionali-edilizia\\\/\"},{\"@type\":\"ListItem\",\"position\":3,\"name\":\"Fluid Contract Manager\"}]},{\"@type\":\"WebSite\",\"@id\":\"https:\\\/\\\/www.accuratereviews.com\\\/it\\\/#website\",\"url\":\"https:\\\/\\\/www.accuratereviews.com\\\/it\\\/\",\"name\":\"Accurate Reviews\",\"description\":\"\",\"potentialAction\":[{\"@type\":\"SearchAction\",\"target\":{\"@type\":\"EntryPoint\",\"urlTemplate\":\"https:\\\/\\\/www.accuratereviews.com\\\/it\\\/?s={search_term_string}\"},\"query-input\":{\"@type\":\"PropertyValueSpecification\",\"valueRequired\":true,\"valueName\":\"search_term_string\"}}],\"inLanguage\":\"it-IT\"}]}<\/script>\n<!-- \/ Yoast SEO plugin. -->","yoast_head_json":{"title":"Fluid Contract Manager: recensione gestione edilizia - AR","description":"Fluid Contract Manager: sistema gestionale per edizia, progettato per semplificare la collaborazione e la condivisione della documentazione.","robots":{"index":"index","follow":"follow","max-snippet":"max-snippet:-1","max-image-preview":"max-image-preview:large","max-video-preview":"max-video-preview:-1"},"canonical":"https:\/\/www.accuratereviews.com\/it\/software-gestionali-edilizia\/fluid-contract-manager-recensione\/","og_locale":"it_IT","og_type":"article","og_title":"Fluid Contract Manager: recensione gestione edilizia - AR","og_description":"Fluid Contract Manager: sistema gestionale per edizia, progettato per semplificare la collaborazione e la condivisione della documentazione.","og_url":"https:\/\/www.accuratereviews.com\/it\/software-gestionali-edilizia\/fluid-contract-manager-recensione\/","og_site_name":"Accurate Reviews","og_image":[{"width":397,"height":397,"url":"https:\/\/www.accuratereviews.com\/wp-content\/uploads\/2023\/07\/Fluid-Contract-Manager.png","type":"image\/png"}],"twitter_card":"summary_large_image","twitter_misc":{"Tempo di lettura stimato":"4 minuti"},"schema":{"@context":"https:\/\/schema.org","@graph":[{"@type":"WebPage","@id":"https:\/\/www.accuratereviews.com\/it\/software-gestionali-edilizia\/fluid-contract-manager-recensione\/","url":"https:\/\/www.accuratereviews.com\/it\/software-gestionali-edilizia\/fluid-contract-manager-recensione\/","name":"Fluid Contract Manager: recensione gestione edilizia - AR","isPartOf":{"@id":"https:\/\/www.accuratereviews.com\/it\/#website"},"primaryImageOfPage":{"@id":"https:\/\/www.accuratereviews.com\/it\/software-gestionali-edilizia\/fluid-contract-manager-recensione\/#primaryimage"},"image":{"@id":"https:\/\/www.accuratereviews.com\/it\/software-gestionali-edilizia\/fluid-contract-manager-recensione\/#primaryimage"},"thumbnailUrl":"https:\/\/www.accuratereviews.com\/wp-content\/uploads\/2023\/07\/Fluid-Contract-Manager.png","datePublished":"2023-07-10T14:15:09+00:00","description":"Fluid Contract Manager: sistema gestionale per edizia, progettato per semplificare la collaborazione e la condivisione della documentazione.","breadcrumb":{"@id":"https:\/\/www.accuratereviews.com\/it\/software-gestionali-edilizia\/fluid-contract-manager-recensione\/#breadcrumb"},"inLanguage":"it-IT","potentialAction":[{"@type":"ReadAction","target":["https:\/\/www.accuratereviews.com\/it\/software-gestionali-edilizia\/fluid-contract-manager-recensione\/"]}]},{"@type":"ImageObject","inLanguage":"it-IT","@id":"https:\/\/www.accuratereviews.com\/it\/software-gestionali-edilizia\/fluid-contract-manager-recensione\/#primaryimage","url":"https:\/\/www.accuratereviews.com\/wp-content\/uploads\/2023\/07\/Fluid-Contract-Manager.png","contentUrl":"https:\/\/www.accuratereviews.com\/wp-content\/uploads\/2023\/07\/Fluid-Contract-Manager.png","width":397,"height":397},{"@type":"BreadcrumbList","@id":"https:\/\/www.accuratereviews.com\/it\/software-gestionali-edilizia\/fluid-contract-manager-recensione\/#breadcrumb","itemListElement":[{"@type":"ListItem","position":1,"name":"Home","item":"https:\/\/www.accuratereviews.com\/it\/"},{"@type":"ListItem","position":2,"name":"Software gestionali per edilizia","item":"https:\/\/www.accuratereviews.com\/it\/software-gestionali-edilizia\/"},{"@type":"ListItem","position":3,"name":"Fluid Contract Manager"}]},{"@type":"WebSite","@id":"https:\/\/www.accuratereviews.com\/it\/#website","url":"https:\/\/www.accuratereviews.com\/it\/","name":"Accurate Reviews","description":"","potentialAction":[{"@type":"SearchAction","target":{"@type":"EntryPoint","urlTemplate":"https:\/\/www.accuratereviews.com\/it\/?s={search_term_string}"},"query-input":{"@type":"PropertyValueSpecification","valueRequired":true,"valueName":"search_term_string"}}],"inLanguage":"it-IT"}]}},"_links":{"self":[{"href":"https:\/\/www.accuratereviews.com\/it\/wp-json\/wp\/v2\/pages\/70623","targetHints":{"allow":["GET"]}}],"collection":[{"href":"https:\/\/www.accuratereviews.com\/it\/wp-json\/wp\/v2\/pages"}],"about":[{"href":"https:\/\/www.accuratereviews.com\/it\/wp-json\/wp\/v2\/types\/page"}],"author":[{"embeddable":true,"href":"https:\/\/www.accuratereviews.com\/it\/wp-json\/wp\/v2\/users\/19"}],"replies":[{"embeddable":true,"href":"https:\/\/www.accuratereviews.com\/it\/wp-json\/wp\/v2\/comments?post=70623"}],"version-history":[{"count":11,"href":"https:\/\/www.accuratereviews.com\/it\/wp-json\/wp\/v2\/pages\/70623\/revisions"}],"predecessor-version":[{"id":70641,"href":"https:\/\/www.accuratereviews.com\/it\/wp-json\/wp\/v2\/pages\/70623\/revisions\/70641"}],"up":[{"embeddable":true,"href":"https:\/\/www.accuratereviews.com\/it\/wp-json\/wp\/v2\/pages\/70458"}],"wp:featuredmedia":[{"embeddable":true,"href":"https:\/\/www.accuratereviews.com\/it\/wp-json\/wp\/v2\/media\/70624"}],"wp:attachment":[{"href":"https:\/\/www.accuratereviews.com\/it\/wp-json\/wp\/v2\/media?parent=70623"}],"wp:term":[{"taxonomy":"category","embeddable":true,"href":"https:\/\/www.accuratereviews.com\/it\/wp-json\/wp\/v2\/categories?post=70623"},{"taxonomy":"post_tag","embeddable":true,"href":"https:\/\/www.accuratereviews.com\/it\/wp-json\/wp\/v2\/tags?post=70623"},{"taxonomy":"features","embeddable":true,"href":"https:\/\/www.accuratereviews.com\/it\/wp-json\/wp\/v2\/features?post=70623"}],"curies":[{"name":"wp","href":"https:\/\/api.w.org\/{rel}","templated":true}]}}