{"id":70657,"date":"2023-07-11T18:07:37","date_gmt":"2023-07-11T18:07:37","guid":{"rendered":"https:\/\/www.accuratereviews.com\/?page_id=70657"},"modified":"2023-07-11T18:07:37","modified_gmt":"2023-07-11T18:07:37","slug":"einpix-recensione","status":"publish","type":"page","link":"https:\/\/www.accuratereviews.com\/it\/software-gestionali-edilizia\/einpix-recensione\/","title":{"rendered":"Einpix"},"content":{"rendered":"<p>Con <strong>Einpix<\/strong> \u00e8 una<strong>\u00a0soluzione gestionale per l&#8217;edilizia<\/strong> che aiuta le aziende a gestire e ottimizzare le attivit\u00e0 commerciali svolte dai lavoratori sul campo come distribuzione e manutenzione delle attrezzature, pulizia, riparazioni, gestione dei difetti visivi in cantiere, sicurezza antincendio e sul lavoro, clienti e appaltatori, ecc.<br \/>\nUtilizzato da manager e supervisori per assegnare ai lavoratori o agli appaltatori le attivit\u00e0 sul campo e monitorare le loro prestazioni, <strong>Einpix <\/strong>ti permette di gestire attivit\u00e0, difetti e monitorare come vengono eseguite in tempo reale.<\/p>\n<h2>EINPIX &#8211; TUTORIAL<\/h2>\n<div id=\"fluid-wrapper-counter-1\" class=\"g1-fluid-wrapper \" style=\"width:686px;\">\n<div style=\"padding-bottom:56.268221574344%;\"><iframe loading=\"lazy\" title=\"About Einpix Software\" width=\"686\" height=\"386\" src=\"https:\/\/www.youtube.com\/embed\/Ee8feg9ZFYM?feature=oembed&amp;wmode=transparent&amp;autohide=1&amp;autoplay=0&amp;disablekb=0&amp;fs=1&amp;loop=0&amp;enablejsapi=1&amp;rel=0&amp;controls=2&amp;showinfo=0&amp;wmode=transparent&amp;autohide=2&amp;autoplay=0&amp;disablekb=0&amp;fs=1&amp;loop=0&amp;enablejsapi=1&amp;rel=0&amp;controls=2&amp;showinfo=1\" frameborder=\"0\" allow=\"accelerometer; autoplay; clipboard-write; encrypted-media; gyroscope; picture-in-picture; web-share\" allowfullscreen><\/iframe><\/div>\n<\/div>\n<h3>EINPIX &#8211; CARATTERISTICHE<\/h3>\n<ul>\n<li><strong>Gestione dei compiti<\/strong>: ti consente di gestire, distribuire e confermare le attivit\u00e0 aziendali sia interne che esterne. Tutto in un unico posto! Allo stesso tempo, potrai gestire la costruzione o altri difetti, nel calendario pianificare il lavoro o impostare lavori ricorrenti se necessario, gestire le singole scadenze di lavoro, condividere tutti i file necessari, effettuare chiamate direttamente dalle attivit\u00e0 e pianificare il percorso con l&#8217;aiuto della navigazione integrata, dividi le attivit\u00e0 nei gruppi di cui hai bisogno e ricevi un rapporto sul lavoro incompiuto via e-mail.<\/li>\n<li><strong>Pianificazione delle attivit\u00e0 nel calendario<\/strong>: pianificazione delle attivit\u00e0 nel calendario, invio di nuovi lavori o richieste dai clienti ai dipendenti nel pianificatore temporale in tempo reale. Tenendo conto della disponibilit\u00e0 del personale e del lavoro programmato, sar\u00e0 garantita un&#8217;efficace pianificazione del carico di lavoro, l&#8217;eliminazione dei tempi di inattivit\u00e0 e il completamento tempestivo del lavoro.<\/li>\n<li><strong>Contabilit\u00e0 del tempo e pianificazione del percorso<\/strong>: con il programma puoi monitorare i tempi di lavoro e di inattivit\u00e0 dei tuoi dipendenti. Sarai inoltre in grado di gestire la contabilit\u00e0 delle attivit\u00e0, visualizzare una mappa dei percorsi di viaggio dei dipendenti e gestire un registro delle schede attivit\u00e0.<\/li>\n<\/ul>\n<h4>LE RECENSIONI DEGLI UTENTI<\/h4>\n<p><strong>Ivona &#8220;Feedback su Einpix&#8221;<\/strong><br \/>\n<strong>Commenti<\/strong>: Non conformit\u00e0 aziendali e gestione degli incarichi (tutela ambientale, sicurezza sul lavoro, prevenzione impianti di produzione, 5S, ecc.)<br \/>\n<strong>Pro<\/strong>: Einpix aiuta a gestire le attivit\u00e0 in modo efficiente. Il programma \u00e8 semplice e comprensibile per ogni dipendente dell&#8217;azienda.<br \/>\n<strong>Contro<\/strong>: Tutti i miglioramenti necessari sono sempre implementati dal team Einpix.<\/p>\n<p><strong>Guoda &#8220;Migliore soluzione globale per la gestione dei servizi sul campo&#8221;<\/strong><br \/>\n<strong>Commenti<\/strong>: Einpix si adatta perfettamente alle nostre esigenze. \u00c8 uno strumento intuitivo ed \u00e8 stato molto facile da implementare. \u00c8 facile gestire tutti i progetti in un unico posto. So esattamente dove si trova l&#8217;attrezzatura, dove lavora il mio staff e per quanto tempo. Tutti hanno accesso a ci\u00f2 che sta accadendo nei progetti. L&#8217;efficienza del team e la comunicazione aumentano.<br \/>\n<strong>Pro<\/strong>: \u00c8 estremamente facile da usare. Tutte le informazioni importanti in un unico posto. Il GPS funziona alla grande, non devi perdere tempo a cercare la posizione esatta di un oggetto. Anche le notifiche sono attive, quindi non perderai informazioni importanti. Posso guardarli sia sul telefono che sull&#8217;orologio. Dott. di consegna del lavoro viene creato automaticamente. Non \u00e8 necessario compilare un documento aggiuntivo, quindi risparmiamo molto tempo<br \/>\n<strong>Contro<\/strong>: Sarebbero necessari promemoria per i lavori in corso.<\/p>\n<p><strong>Tom &#8220;Il miglior sistema per fare soldi&#8221;<\/strong><br \/>\n<strong>Pro<\/strong>: Facile da usare per l&#8217;utente tipico. Non troppe funzioni.<br \/>\n<strong>Contro<\/strong>: Sistema di amministrazione abbastanza complicato.<\/p>\n","protected":false},"excerpt":{"rendered":"<p>Con Einpix \u00e8 una\u00a0soluzione gestionale per l&#8217;edilizia che aiuta le aziende a gestire e ottimizzare le attivit\u00e0 commerciali svolte dai lavoratori sul campo come distribuzione e manutenzione delle attrezzature, pulizia, riparazioni, gestione dei difetti visivi in cantiere, sicurezza antincendio e sul lavoro, clienti e appaltatori, ecc.<\/p>\n","protected":false},"author":19,"featured_media":70658,"parent":70458,"menu_order":0,"comment_status":"open","ping_status":"closed","template":"g1_template_page_review_new.php","meta":{"_acf_changed":false,"cwp_meta_box_check":"Yes","cwp_rev_product_name":"","cwp_rev_product_image":"","wppr_links":[],"cwp_rev_price":"0.00","wppr_options":[{"name":"Usability","value":"0"},{"name":"Speed","value":"0"},{"name":"Features","value":"0"},{"name":"Support","value":"0"},{"name":"Pricing","value":"0"}],"wppr_pros":["","","","",""],"wppr_cons":["","","","",""],"_monsterinsights_skip_tracking":false,"_monsterinsights_sitenote_active":false,"_monsterinsights_sitenote_note":"","_monsterinsights_sitenote_category":0,"footnotes":""},"categories":[2459],"tags":[14533,14470,14478,14477,14480,14479],"features":[],"class_list":{"0":"post-70657","1":"page","2":"type-page","3":"status-publish","4":"has-post-thumbnail","6":"category-gestionale-per-edilizia-cat","7":"tag-einpix","8":"tag-gestionale-edilizia","9":"tag-piattaforma-gestionale-edilizia","10":"tag-programma-gestionale-edilizia","11":"tag-software-gestionale-edilizia","12":"tag-soluzione-gestionale-edilizia"},"wppr_data":{"cwp_meta_box_check":"Yes","_wppr_review_template":"default","cwp_rev_product_image":"","cwp_image_link":"image","wppr_links":[],"cwp_rev_price":"0.00","wppr_pros":["","","","",""],"wppr_cons":["","","","",""],"wppr_rating":"0.00","wppr_options":{"1":{"name":"Usability","value":"0"},"2":{"name":"Speed","value":"0"},"3":{"name":"Features","value":"0"},"4":{"name":"Support","value":"0"},"5":{"name":"Pricing","value":"0"}},"wppr_review_type":"Product","wppr_review_custom_fields":{"additionalProperty":"","additionalType":"","aggregateRating":"","alternateName":"","audience":"","award":"","awards":"","brand":"","color":"","depth":"","description":"","disambiguatingDescription":"","gtin12":"","gtin13":"","gtin14":"","gtin8":"","height":"","identifier":"","image":"","isAccessoryOrSparePartFor":"","isConsumableFor":"","isRelatedTo":"","isSimilarTo":"","itemCondition":"","logo":"","mainEntityOfPage":"","manufacturer":"","material":"","model":"","mpn":"","name":"","offers":"","potentialAction":"","productID":"","productionDate":"","purchaseDate":"","releaseDate":"","review":"","reviews":"","sameAs":"","sku":"","slogan":"","subjectOf":"","url":"","weight":"","width":""}},"acf":[],"yoast_head":"<!-- This site is optimized with the Yoast SEO plugin v27.4 - https:\/\/yoast.com\/product\/yoast-seo-wordpress\/ -->\n<title>Einpix: recensione software gestionale edilizia - Accurate Reviews<\/title>\n<meta name=\"description\" content=\"Einpix: recensione soluzione gestionale per l&#039;edilizia che aiuta le aziende a gestire e ottimizzare le attivit\u00e0 dei lavoratori sul campo.\" \/>\n<meta name=\"robots\" content=\"index, follow, max-snippet:-1, max-image-preview:large, max-video-preview:-1\" \/>\n<link rel=\"canonical\" href=\"https:\/\/www.accuratereviews.com\/it\/software-gestionali-edilizia\/einpix-recensione\/\" \/>\n<meta property=\"og:locale\" content=\"it_IT\" \/>\n<meta property=\"og:type\" content=\"article\" \/>\n<meta property=\"og:title\" content=\"Einpix: recensione software gestionale edilizia - Accurate Reviews\" \/>\n<meta property=\"og:description\" content=\"Einpix: recensione soluzione gestionale per l&#039;edilizia che aiuta le aziende a gestire e ottimizzare le attivit\u00e0 dei lavoratori sul campo.\" \/>\n<meta property=\"og:url\" content=\"https:\/\/www.accuratereviews.com\/it\/software-gestionali-edilizia\/einpix-recensione\/\" \/>\n<meta property=\"og:site_name\" content=\"Accurate Reviews\" \/>\n<meta property=\"og:image\" content=\"https:\/\/www.accuratereviews.com\/wp-content\/uploads\/2023\/07\/Einpix.png\" \/>\n\t<meta property=\"og:image:width\" content=\"224\" \/>\n\t<meta property=\"og:image:height\" content=\"224\" \/>\n\t<meta property=\"og:image:type\" content=\"image\/png\" \/>\n<meta name=\"twitter:card\" content=\"summary_large_image\" \/>\n<meta name=\"twitter:label1\" content=\"Tempo di lettura stimato\" \/>\n\t<meta name=\"twitter:data1\" content=\"3 minuti\" \/>\n<script type=\"application\/ld+json\" class=\"yoast-schema-graph\">{\"@context\":\"https:\\\/\\\/schema.org\",\"@graph\":[{\"@type\":\"WebPage\",\"@id\":\"https:\\\/\\\/www.accuratereviews.com\\\/it\\\/software-gestionali-edilizia\\\/einpix-recensione\\\/\",\"url\":\"https:\\\/\\\/www.accuratereviews.com\\\/it\\\/software-gestionali-edilizia\\\/einpix-recensione\\\/\",\"name\":\"Einpix: recensione software gestionale edilizia - Accurate Reviews\",\"isPartOf\":{\"@id\":\"https:\\\/\\\/www.accuratereviews.com\\\/it\\\/#website\"},\"primaryImageOfPage\":{\"@id\":\"https:\\\/\\\/www.accuratereviews.com\\\/it\\\/software-gestionali-edilizia\\\/einpix-recensione\\\/#primaryimage\"},\"image\":{\"@id\":\"https:\\\/\\\/www.accuratereviews.com\\\/it\\\/software-gestionali-edilizia\\\/einpix-recensione\\\/#primaryimage\"},\"thumbnailUrl\":\"https:\\\/\\\/www.accuratereviews.com\\\/wp-content\\\/uploads\\\/2023\\\/07\\\/Einpix.png\",\"datePublished\":\"2023-07-11T18:07:37+00:00\",\"description\":\"Einpix: recensione soluzione gestionale per l'edilizia che aiuta le aziende a gestire e ottimizzare le attivit\u00e0 dei lavoratori sul campo.\",\"breadcrumb\":{\"@id\":\"https:\\\/\\\/www.accuratereviews.com\\\/it\\\/software-gestionali-edilizia\\\/einpix-recensione\\\/#breadcrumb\"},\"inLanguage\":\"it-IT\",\"potentialAction\":[{\"@type\":\"ReadAction\",\"target\":[\"https:\\\/\\\/www.accuratereviews.com\\\/it\\\/software-gestionali-edilizia\\\/einpix-recensione\\\/\"]}]},{\"@type\":\"ImageObject\",\"inLanguage\":\"it-IT\",\"@id\":\"https:\\\/\\\/www.accuratereviews.com\\\/it\\\/software-gestionali-edilizia\\\/einpix-recensione\\\/#primaryimage\",\"url\":\"https:\\\/\\\/www.accuratereviews.com\\\/wp-content\\\/uploads\\\/2023\\\/07\\\/Einpix.png\",\"contentUrl\":\"https:\\\/\\\/www.accuratereviews.com\\\/wp-content\\\/uploads\\\/2023\\\/07\\\/Einpix.png\",\"width\":224,\"height\":224},{\"@type\":\"BreadcrumbList\",\"@id\":\"https:\\\/\\\/www.accuratereviews.com\\\/it\\\/software-gestionali-edilizia\\\/einpix-recensione\\\/#breadcrumb\",\"itemListElement\":[{\"@type\":\"ListItem\",\"position\":1,\"name\":\"Home\",\"item\":\"https:\\\/\\\/www.accuratereviews.com\\\/it\\\/\"},{\"@type\":\"ListItem\",\"position\":2,\"name\":\"Software gestionali per edilizia\",\"item\":\"https:\\\/\\\/www.accuratereviews.com\\\/it\\\/software-gestionali-edilizia\\\/\"},{\"@type\":\"ListItem\",\"position\":3,\"name\":\"Einpix\"}]},{\"@type\":\"WebSite\",\"@id\":\"https:\\\/\\\/www.accuratereviews.com\\\/it\\\/#website\",\"url\":\"https:\\\/\\\/www.accuratereviews.com\\\/it\\\/\",\"name\":\"Accurate Reviews\",\"description\":\"\",\"potentialAction\":[{\"@type\":\"SearchAction\",\"target\":{\"@type\":\"EntryPoint\",\"urlTemplate\":\"https:\\\/\\\/www.accuratereviews.com\\\/it\\\/?s={search_term_string}\"},\"query-input\":{\"@type\":\"PropertyValueSpecification\",\"valueRequired\":true,\"valueName\":\"search_term_string\"}}],\"inLanguage\":\"it-IT\"}]}<\/script>\n<!-- \/ Yoast SEO plugin. -->","yoast_head_json":{"title":"Einpix: recensione software gestionale edilizia - Accurate Reviews","description":"Einpix: recensione soluzione gestionale per l'edilizia che aiuta le aziende a gestire e ottimizzare le attivit\u00e0 dei lavoratori sul campo.","robots":{"index":"index","follow":"follow","max-snippet":"max-snippet:-1","max-image-preview":"max-image-preview:large","max-video-preview":"max-video-preview:-1"},"canonical":"https:\/\/www.accuratereviews.com\/it\/software-gestionali-edilizia\/einpix-recensione\/","og_locale":"it_IT","og_type":"article","og_title":"Einpix: recensione software gestionale edilizia - Accurate Reviews","og_description":"Einpix: recensione soluzione gestionale per l'edilizia che aiuta le aziende a gestire e ottimizzare le attivit\u00e0 dei lavoratori sul campo.","og_url":"https:\/\/www.accuratereviews.com\/it\/software-gestionali-edilizia\/einpix-recensione\/","og_site_name":"Accurate Reviews","og_image":[{"width":224,"height":224,"url":"https:\/\/www.accuratereviews.com\/wp-content\/uploads\/2023\/07\/Einpix.png","type":"image\/png"}],"twitter_card":"summary_large_image","twitter_misc":{"Tempo di lettura stimato":"3 minuti"},"schema":{"@context":"https:\/\/schema.org","@graph":[{"@type":"WebPage","@id":"https:\/\/www.accuratereviews.com\/it\/software-gestionali-edilizia\/einpix-recensione\/","url":"https:\/\/www.accuratereviews.com\/it\/software-gestionali-edilizia\/einpix-recensione\/","name":"Einpix: recensione software gestionale edilizia - Accurate Reviews","isPartOf":{"@id":"https:\/\/www.accuratereviews.com\/it\/#website"},"primaryImageOfPage":{"@id":"https:\/\/www.accuratereviews.com\/it\/software-gestionali-edilizia\/einpix-recensione\/#primaryimage"},"image":{"@id":"https:\/\/www.accuratereviews.com\/it\/software-gestionali-edilizia\/einpix-recensione\/#primaryimage"},"thumbnailUrl":"https:\/\/www.accuratereviews.com\/wp-content\/uploads\/2023\/07\/Einpix.png","datePublished":"2023-07-11T18:07:37+00:00","description":"Einpix: recensione soluzione gestionale per l'edilizia che aiuta le aziende a gestire e ottimizzare le attivit\u00e0 dei lavoratori sul campo.","breadcrumb":{"@id":"https:\/\/www.accuratereviews.com\/it\/software-gestionali-edilizia\/einpix-recensione\/#breadcrumb"},"inLanguage":"it-IT","potentialAction":[{"@type":"ReadAction","target":["https:\/\/www.accuratereviews.com\/it\/software-gestionali-edilizia\/einpix-recensione\/"]}]},{"@type":"ImageObject","inLanguage":"it-IT","@id":"https:\/\/www.accuratereviews.com\/it\/software-gestionali-edilizia\/einpix-recensione\/#primaryimage","url":"https:\/\/www.accuratereviews.com\/wp-content\/uploads\/2023\/07\/Einpix.png","contentUrl":"https:\/\/www.accuratereviews.com\/wp-content\/uploads\/2023\/07\/Einpix.png","width":224,"height":224},{"@type":"BreadcrumbList","@id":"https:\/\/www.accuratereviews.com\/it\/software-gestionali-edilizia\/einpix-recensione\/#breadcrumb","itemListElement":[{"@type":"ListItem","position":1,"name":"Home","item":"https:\/\/www.accuratereviews.com\/it\/"},{"@type":"ListItem","position":2,"name":"Software gestionali per edilizia","item":"https:\/\/www.accuratereviews.com\/it\/software-gestionali-edilizia\/"},{"@type":"ListItem","position":3,"name":"Einpix"}]},{"@type":"WebSite","@id":"https:\/\/www.accuratereviews.com\/it\/#website","url":"https:\/\/www.accuratereviews.com\/it\/","name":"Accurate Reviews","description":"","potentialAction":[{"@type":"SearchAction","target":{"@type":"EntryPoint","urlTemplate":"https:\/\/www.accuratereviews.com\/it\/?s={search_term_string}"},"query-input":{"@type":"PropertyValueSpecification","valueRequired":true,"valueName":"search_term_string"}}],"inLanguage":"it-IT"}]}},"_links":{"self":[{"href":"https:\/\/www.accuratereviews.com\/it\/wp-json\/wp\/v2\/pages\/70657","targetHints":{"allow":["GET"]}}],"collection":[{"href":"https:\/\/www.accuratereviews.com\/it\/wp-json\/wp\/v2\/pages"}],"about":[{"href":"https:\/\/www.accuratereviews.com\/it\/wp-json\/wp\/v2\/types\/page"}],"author":[{"embeddable":true,"href":"https:\/\/www.accuratereviews.com\/it\/wp-json\/wp\/v2\/users\/19"}],"replies":[{"embeddable":true,"href":"https:\/\/www.accuratereviews.com\/it\/wp-json\/wp\/v2\/comments?post=70657"}],"version-history":[{"count":9,"href":"https:\/\/www.accuratereviews.com\/it\/wp-json\/wp\/v2\/pages\/70657\/revisions"}],"predecessor-version":[{"id":70671,"href":"https:\/\/www.accuratereviews.com\/it\/wp-json\/wp\/v2\/pages\/70657\/revisions\/70671"}],"up":[{"embeddable":true,"href":"https:\/\/www.accuratereviews.com\/it\/wp-json\/wp\/v2\/pages\/70458"}],"wp:featuredmedia":[{"embeddable":true,"href":"https:\/\/www.accuratereviews.com\/it\/wp-json\/wp\/v2\/media\/70658"}],"wp:attachment":[{"href":"https:\/\/www.accuratereviews.com\/it\/wp-json\/wp\/v2\/media?parent=70657"}],"wp:term":[{"taxonomy":"category","embeddable":true,"href":"https:\/\/www.accuratereviews.com\/it\/wp-json\/wp\/v2\/categories?post=70657"},{"taxonomy":"post_tag","embeddable":true,"href":"https:\/\/www.accuratereviews.com\/it\/wp-json\/wp\/v2\/tags?post=70657"},{"taxonomy":"features","embeddable":true,"href":"https:\/\/www.accuratereviews.com\/it\/wp-json\/wp\/v2\/features?post=70657"}],"curies":[{"name":"wp","href":"https:\/\/api.w.org\/{rel}","templated":true}]}}