{"id":70672,"date":"2023-07-12T12:22:46","date_gmt":"2023-07-12T12:22:46","guid":{"rendered":"https:\/\/www.accuratereviews.com\/?page_id=70672"},"modified":"2023-07-18T09:04:50","modified_gmt":"2023-07-18T09:04:50","slug":"webuild-recensione","status":"publish","type":"page","link":"https:\/\/www.accuratereviews.com\/it\/software-gestionali-edilizia\/webuild-recensione\/","title":{"rendered":"WeBuild"},"content":{"rendered":"<p><strong>WeBuild<\/strong>, precedentemente noto come <strong>Tenderfield<\/strong>, \u00e8 una <strong>piattaforma di gestione dei progetti<\/strong> e delle offerte di costruzione basata su <strong>cloud<\/strong>, che permette alle aziende di tutte le dimensioni di connettersi, collaborare e gestire i propri cicli di lavoro dall&#8217;inizio alla fine.<br \/>\nI modelli di lavoro e le email di invito all&#8217;offerta con marchio unificano documenti e corrispondenze, mentre la consegna della fase di costruzione &#8220;con un clic&#8221; e il controllo automatizzato dei documenti sono affiancati da elenchi di attivit\u00e0 tracciate e report sulle offerte. La gestione dei documenti con archiviazione online illimitata e crittografata offre autorizzazioni di accesso basate sui ruoli e controllo della versione per una collaborazione sicura. I piani di costruzione e le foto del sito possono essere contrassegnati e condivisi tra i membri del team in tempo reale, mentre i modelli BIM e i file CAD possono anche essere visualizzati su tutti i dispositivi. Altre funzionalit\u00e0 includono la creazione e l&#8217;emissione di ordini di acquisto, oltre a uno scrumboard del task manager per tenere traccia dei progressi e assegnare priorit\u00e0 ai lavori.<\/p>\n<h2>WEBUILD &#8211; TUTORIAL<\/h2>\n<div id=\"fluid-wrapper-counter-1\" class=\"g1-fluid-wrapper \" style=\"width:686px;\">\n<div style=\"padding-bottom:56.268221574344%;\"><iframe loading=\"lazy\" title=\"WeBuild Bid Management Overview (US)\" width=\"686\" height=\"386\" src=\"https:\/\/www.youtube.com\/embed\/-zsZ1tRgUHY?feature=oembed&amp;wmode=transparent&amp;autohide=1&amp;autoplay=0&amp;disablekb=0&amp;fs=1&amp;loop=0&amp;enablejsapi=1&amp;rel=0&amp;controls=2&amp;showinfo=0&amp;wmode=transparent&amp;autohide=2&amp;autoplay=0&amp;disablekb=0&amp;fs=1&amp;loop=0&amp;enablejsapi=1&amp;rel=0&amp;controls=2&amp;showinfo=1\" frameborder=\"0\" allow=\"accelerometer; autoplay; clipboard-write; encrypted-media; gyroscope; picture-in-picture; web-share\" allowfullscreen><\/iframe><\/div>\n<\/div>\n<h3>WEBUILD &#8211; CARATTERISTICHE<\/h3>\n<ul>\n<li><strong>Gestione delle offerte:<\/strong> semplifica il processo di offerta con tutti gli strumenti e i report di cui hai bisogno per essere pi\u00f9 competitivo e redditizio.<\/li>\n<li><strong>Qualit\u00e0 e sicurezza<\/strong>: strumenti per gestire in modo proattivo elenchi di controllo, ispezioni e osservazioni generali sulla sicurezza sul campo da qualsiasi dispositivo.<\/li>\n<li><strong>Gestione documenti:<\/strong> sviluppato per il flusso di lavoro di costruzione, il gestore di documenti semplifica il controllo e consente a tutti di lavorare sulla stessa pagina.<\/li>\n<li><strong>Dashboard e reportistica<\/strong>: rimani aggiornato con le ultime informazioni sul progetto in tempo reale sulla tua dashboard esecutiva o dalla dashboard del progetto.<\/li>\n<li><strong>Gestione del progetto:<\/strong> una libreria di funzionalit\u00e0 create per il campo per mantenere tutti connessi e i monitorare l&#8217;avanzamento dei progetti.<\/li>\n<li><strong>Contratti:<\/strong> collabora e gestisci facilmente i tuoi obblighi contrattuali con strumenti per ordini di modifica, EOT, istruzioni di progetto, invii e molti altri.<\/li>\n<\/ul>\n<h4>LE RECENSIONI DEGLI UTENTI<\/h4>\n<p><strong>Anthony &#8220;Risparmia tempo&#8221;<\/strong><br \/>\n<strong>Commenti<\/strong>: Felice di aver implementato il sistema e di aver reso la tracciabilit\u00e0 dei progetti pi\u00f9 agevole.<br \/>\n<strong>Pro<\/strong>: Gli appalti sono pi\u00f9 facili, le RFI sono tracciate pi\u00f9 facilmente e i documenti sono distribuiti facilmente<br \/>\n<strong>Contro<\/strong>: Nessuno strumento per album fotografici, a volte pu\u00f2 ritardare a causa delle dimensioni dei file archiviati.<\/p>\n<p><strong>Daniel &#8220;Mills Street Fitout Pty Ltd&#8221;<\/strong><br \/>\n<strong>Pro<\/strong>: Mi piace quanto questo sistema faccia sembrare professionale la mia azienda. Quasi tutti i miei subappaltatori regolari hanno commentato la facilit\u00e0 d&#8217;uso e la professionalit\u00e0 del software. La dashboard nel portale di amministrazione \u00e8 perfetta, mantenendo tutte le informazioni importanti sul mio progetto in un unico posto.<br \/>\n<strong>Contrio<\/strong>: Sento che questo prodotto \u00e8 buono solo quanto la comprensione e l&#8217;uso del prodotto da parte degli utenti finali opposti. Se i subappaltatori non utilizzano il prodotto, in realt\u00e0 aggiunge pi\u00f9 lavoro alla fine dell&#8217;amministrazione. Scopri anche che questo prodotto sar\u00e0 piuttosto costoso una volta aggiunti pi\u00f9 membri del team all&#8217;azienda.<\/p>\n<p><strong>Rob &#8220;Proprio quello che stavamo cercando!&#8221;<\/strong><br \/>\n<strong>Commenti<\/strong>: Il team effettua spesso il check-in ed \u00e8 sempre disposto a ricevere o ascoltare nuove idee. Ora posso dedicare tutto il tempo che questo mi sta risparmiando ad altre parti importanti della mia attivit\u00e0.<br \/>\n<strong>Pro<\/strong>: Tutti i miei progetti sono in un unico programma. Tutto per il mio progetto \u00e8 in un unico posto e non \u00e8 distribuito su tutto il mio PC. Posso tenere traccia per vedere chi sta citando i miei lavori, se hanno aperto documenti ecc. E anche se intendono citare. Ottimo risparmio di tempo.<br \/>\n<strong>Contro<\/strong>: Convincere altre parti \/ subbies a usarlo correttamente, ma questo \u00e8 sempre stato un problema, indipendentemente da ci\u00f2 che usi. Il prezzo per pi\u00f9 partner \u00e8 un po&#8217; alto, ma essere gratuito per gli utenti di terze parti \u00e8 un&#8217;ottima cosa. Questa non \u00e8 un &#8220;contro&#8221; ma mi piacerebbe vedere una sezione negli strumenti di gestione che ci consenta di fornire una valutazione o panoramica o valutazione del lavoro al completamento che mostri come \u00e8 andato il lavoro, dove ci sono stati problemi e cosa fare in progetti futuri.<\/p>\n","protected":false},"excerpt":{"rendered":"<p>WeBuild, precedentemente noto come Tenderfield, \u00e8 una piattaforma di gestione dei progetti e delle offerte di costruzione basata su cloud che promette alle aziende di tutte le dimensioni di connettersi, collaborare e gestire i propri cicli di lavoro dall&#8217;inizio alla fine. I modelli di lavoro e le email di invito all&#8217;offerta con marchio unificano documenti e corrispondenze, mentre la consegna della fase di costruzione &#8220;con un clic&#8221; e il controllo automatizzato dei documenti sono affiancati da elenchi di attivit\u00e0 tracciate e report sulle offerte.<\/p>\n","protected":false},"author":19,"featured_media":70675,"parent":70458,"menu_order":0,"comment_status":"open","ping_status":"closed","template":"g1_template_page_review_new.php","meta":{"_acf_changed":false,"cwp_meta_box_check":"No","cwp_rev_product_name":"","cwp_rev_product_image":"","wppr_links":[],"cwp_rev_price":"","wppr_options":[],"wppr_pros":[],"wppr_cons":[],"_monsterinsights_skip_tracking":false,"_monsterinsights_sitenote_active":false,"_monsterinsights_sitenote_note":"","_monsterinsights_sitenote_category":0,"footnotes":""},"categories":[2459],"tags":[13699,14470,14478,14477,14480,14479,14535,14534],"features":[],"class_list":{"0":"post-70672","1":"page","2":"type-page","3":"status-publish","4":"has-post-thumbnail","6":"category-gestionale-per-edilizia-cat","7":"tag-gestionale","8":"tag-gestionale-edilizia","9":"tag-piattaforma-gestionale-edilizia","10":"tag-programma-gestionale-edilizia","11":"tag-software-gestionale-edilizia","12":"tag-soluzione-gestionale-edilizia","13":"tag-tenderfield","14":"tag-webuild"},"wppr_data":{"cwp_meta_box_check":"No"},"acf":[],"yoast_head":"<!-- This site is optimized with the Yoast SEO plugin v27.4 - https:\/\/yoast.com\/product\/yoast-seo-wordpress\/ -->\n<title>WeBuild: recensione software gestionale edilizia Accurate Reviews<\/title>\n<meta name=\"description\" content=\"WeBuild: recensione piattaforma di gestione dei progetti basata su cloud per connettersi, collaborare e gestire i cicli di lavoro.\" \/>\n<meta name=\"robots\" content=\"index, follow, max-snippet:-1, max-image-preview:large, max-video-preview:-1\" \/>\n<link rel=\"canonical\" href=\"https:\/\/www.accuratereviews.com\/it\/software-gestionali-edilizia\/webuild-recensione\/\" \/>\n<meta property=\"og:locale\" content=\"it_IT\" \/>\n<meta property=\"og:type\" content=\"article\" \/>\n<meta property=\"og:title\" content=\"WeBuild: recensione software gestionale edilizia Accurate Reviews\" \/>\n<meta property=\"og:description\" content=\"WeBuild: recensione piattaforma di gestione dei progetti basata su cloud per connettersi, collaborare e gestire i cicli di lavoro.\" \/>\n<meta property=\"og:url\" content=\"https:\/\/www.accuratereviews.com\/it\/software-gestionali-edilizia\/webuild-recensione\/\" \/>\n<meta property=\"og:site_name\" content=\"Accurate Reviews\" \/>\n<meta property=\"article:modified_time\" content=\"2023-07-18T09:04:50+00:00\" \/>\n<meta property=\"og:image\" content=\"https:\/\/www.accuratereviews.com\/wp-content\/uploads\/2023\/07\/Screenshot-2023-07-12-alle-09.38.39.png\" \/>\n\t<meta property=\"og:image:width\" content=\"966\" \/>\n\t<meta property=\"og:image:height\" content=\"444\" \/>\n\t<meta property=\"og:image:type\" content=\"image\/png\" \/>\n<meta name=\"twitter:card\" content=\"summary_large_image\" \/>\n<meta name=\"twitter:label1\" content=\"Tempo di lettura stimato\" \/>\n\t<meta name=\"twitter:data1\" content=\"4 minuti\" \/>\n<script type=\"application\/ld+json\" class=\"yoast-schema-graph\">{\"@context\":\"https:\\\/\\\/schema.org\",\"@graph\":[{\"@type\":\"WebPage\",\"@id\":\"https:\\\/\\\/www.accuratereviews.com\\\/it\\\/software-gestionali-edilizia\\\/webuild-recensione\\\/\",\"url\":\"https:\\\/\\\/www.accuratereviews.com\\\/it\\\/software-gestionali-edilizia\\\/webuild-recensione\\\/\",\"name\":\"WeBuild: recensione software gestionale edilizia Accurate Reviews\",\"isPartOf\":{\"@id\":\"https:\\\/\\\/www.accuratereviews.com\\\/it\\\/#website\"},\"primaryImageOfPage\":{\"@id\":\"https:\\\/\\\/www.accuratereviews.com\\\/it\\\/software-gestionali-edilizia\\\/webuild-recensione\\\/#primaryimage\"},\"image\":{\"@id\":\"https:\\\/\\\/www.accuratereviews.com\\\/it\\\/software-gestionali-edilizia\\\/webuild-recensione\\\/#primaryimage\"},\"thumbnailUrl\":\"https:\\\/\\\/www.accuratereviews.com\\\/wp-content\\\/uploads\\\/2023\\\/07\\\/Screenshot-2023-07-12-alle-09.38.39.png\",\"datePublished\":\"2023-07-12T12:22:46+00:00\",\"dateModified\":\"2023-07-18T09:04:50+00:00\",\"description\":\"WeBuild: recensione piattaforma di gestione dei progetti basata su cloud per connettersi, collaborare e gestire i cicli di lavoro.\",\"breadcrumb\":{\"@id\":\"https:\\\/\\\/www.accuratereviews.com\\\/it\\\/software-gestionali-edilizia\\\/webuild-recensione\\\/#breadcrumb\"},\"inLanguage\":\"it-IT\",\"potentialAction\":[{\"@type\":\"ReadAction\",\"target\":[\"https:\\\/\\\/www.accuratereviews.com\\\/it\\\/software-gestionali-edilizia\\\/webuild-recensione\\\/\"]}]},{\"@type\":\"ImageObject\",\"inLanguage\":\"it-IT\",\"@id\":\"https:\\\/\\\/www.accuratereviews.com\\\/it\\\/software-gestionali-edilizia\\\/webuild-recensione\\\/#primaryimage\",\"url\":\"https:\\\/\\\/www.accuratereviews.com\\\/wp-content\\\/uploads\\\/2023\\\/07\\\/Screenshot-2023-07-12-alle-09.38.39.png\",\"contentUrl\":\"https:\\\/\\\/www.accuratereviews.com\\\/wp-content\\\/uploads\\\/2023\\\/07\\\/Screenshot-2023-07-12-alle-09.38.39.png\",\"width\":966,\"height\":444},{\"@type\":\"BreadcrumbList\",\"@id\":\"https:\\\/\\\/www.accuratereviews.com\\\/it\\\/software-gestionali-edilizia\\\/webuild-recensione\\\/#breadcrumb\",\"itemListElement\":[{\"@type\":\"ListItem\",\"position\":1,\"name\":\"Home\",\"item\":\"https:\\\/\\\/www.accuratereviews.com\\\/it\\\/\"},{\"@type\":\"ListItem\",\"position\":2,\"name\":\"Software gestionali per edilizia\",\"item\":\"https:\\\/\\\/www.accuratereviews.com\\\/it\\\/software-gestionali-edilizia\\\/\"},{\"@type\":\"ListItem\",\"position\":3,\"name\":\"WeBuild\"}]},{\"@type\":\"WebSite\",\"@id\":\"https:\\\/\\\/www.accuratereviews.com\\\/it\\\/#website\",\"url\":\"https:\\\/\\\/www.accuratereviews.com\\\/it\\\/\",\"name\":\"Accurate Reviews\",\"description\":\"\",\"potentialAction\":[{\"@type\":\"SearchAction\",\"target\":{\"@type\":\"EntryPoint\",\"urlTemplate\":\"https:\\\/\\\/www.accuratereviews.com\\\/it\\\/?s={search_term_string}\"},\"query-input\":{\"@type\":\"PropertyValueSpecification\",\"valueRequired\":true,\"valueName\":\"search_term_string\"}}],\"inLanguage\":\"it-IT\"}]}<\/script>\n<!-- \/ Yoast SEO plugin. -->","yoast_head_json":{"title":"WeBuild: recensione software gestionale edilizia Accurate Reviews","description":"WeBuild: recensione piattaforma di gestione dei progetti basata su cloud per connettersi, collaborare e gestire i cicli di lavoro.","robots":{"index":"index","follow":"follow","max-snippet":"max-snippet:-1","max-image-preview":"max-image-preview:large","max-video-preview":"max-video-preview:-1"},"canonical":"https:\/\/www.accuratereviews.com\/it\/software-gestionali-edilizia\/webuild-recensione\/","og_locale":"it_IT","og_type":"article","og_title":"WeBuild: recensione software gestionale edilizia Accurate Reviews","og_description":"WeBuild: recensione piattaforma di gestione dei progetti basata su cloud per connettersi, collaborare e gestire i cicli di lavoro.","og_url":"https:\/\/www.accuratereviews.com\/it\/software-gestionali-edilizia\/webuild-recensione\/","og_site_name":"Accurate Reviews","article_modified_time":"2023-07-18T09:04:50+00:00","og_image":[{"width":966,"height":444,"url":"https:\/\/www.accuratereviews.com\/wp-content\/uploads\/2023\/07\/Screenshot-2023-07-12-alle-09.38.39.png","type":"image\/png"}],"twitter_card":"summary_large_image","twitter_misc":{"Tempo di lettura stimato":"4 minuti"},"schema":{"@context":"https:\/\/schema.org","@graph":[{"@type":"WebPage","@id":"https:\/\/www.accuratereviews.com\/it\/software-gestionali-edilizia\/webuild-recensione\/","url":"https:\/\/www.accuratereviews.com\/it\/software-gestionali-edilizia\/webuild-recensione\/","name":"WeBuild: recensione software gestionale edilizia Accurate Reviews","isPartOf":{"@id":"https:\/\/www.accuratereviews.com\/it\/#website"},"primaryImageOfPage":{"@id":"https:\/\/www.accuratereviews.com\/it\/software-gestionali-edilizia\/webuild-recensione\/#primaryimage"},"image":{"@id":"https:\/\/www.accuratereviews.com\/it\/software-gestionali-edilizia\/webuild-recensione\/#primaryimage"},"thumbnailUrl":"https:\/\/www.accuratereviews.com\/wp-content\/uploads\/2023\/07\/Screenshot-2023-07-12-alle-09.38.39.png","datePublished":"2023-07-12T12:22:46+00:00","dateModified":"2023-07-18T09:04:50+00:00","description":"WeBuild: recensione piattaforma di gestione dei progetti basata su cloud per connettersi, collaborare e gestire i cicli di lavoro.","breadcrumb":{"@id":"https:\/\/www.accuratereviews.com\/it\/software-gestionali-edilizia\/webuild-recensione\/#breadcrumb"},"inLanguage":"it-IT","potentialAction":[{"@type":"ReadAction","target":["https:\/\/www.accuratereviews.com\/it\/software-gestionali-edilizia\/webuild-recensione\/"]}]},{"@type":"ImageObject","inLanguage":"it-IT","@id":"https:\/\/www.accuratereviews.com\/it\/software-gestionali-edilizia\/webuild-recensione\/#primaryimage","url":"https:\/\/www.accuratereviews.com\/wp-content\/uploads\/2023\/07\/Screenshot-2023-07-12-alle-09.38.39.png","contentUrl":"https:\/\/www.accuratereviews.com\/wp-content\/uploads\/2023\/07\/Screenshot-2023-07-12-alle-09.38.39.png","width":966,"height":444},{"@type":"BreadcrumbList","@id":"https:\/\/www.accuratereviews.com\/it\/software-gestionali-edilizia\/webuild-recensione\/#breadcrumb","itemListElement":[{"@type":"ListItem","position":1,"name":"Home","item":"https:\/\/www.accuratereviews.com\/it\/"},{"@type":"ListItem","position":2,"name":"Software gestionali per edilizia","item":"https:\/\/www.accuratereviews.com\/it\/software-gestionali-edilizia\/"},{"@type":"ListItem","position":3,"name":"WeBuild"}]},{"@type":"WebSite","@id":"https:\/\/www.accuratereviews.com\/it\/#website","url":"https:\/\/www.accuratereviews.com\/it\/","name":"Accurate Reviews","description":"","potentialAction":[{"@type":"SearchAction","target":{"@type":"EntryPoint","urlTemplate":"https:\/\/www.accuratereviews.com\/it\/?s={search_term_string}"},"query-input":{"@type":"PropertyValueSpecification","valueRequired":true,"valueName":"search_term_string"}}],"inLanguage":"it-IT"}]}},"_links":{"self":[{"href":"https:\/\/www.accuratereviews.com\/it\/wp-json\/wp\/v2\/pages\/70672","targetHints":{"allow":["GET"]}}],"collection":[{"href":"https:\/\/www.accuratereviews.com\/it\/wp-json\/wp\/v2\/pages"}],"about":[{"href":"https:\/\/www.accuratereviews.com\/it\/wp-json\/wp\/v2\/types\/page"}],"author":[{"embeddable":true,"href":"https:\/\/www.accuratereviews.com\/it\/wp-json\/wp\/v2\/users\/19"}],"replies":[{"embeddable":true,"href":"https:\/\/www.accuratereviews.com\/it\/wp-json\/wp\/v2\/comments?post=70672"}],"version-history":[{"count":13,"href":"https:\/\/www.accuratereviews.com\/it\/wp-json\/wp\/v2\/pages\/70672\/revisions"}],"predecessor-version":[{"id":70773,"href":"https:\/\/www.accuratereviews.com\/it\/wp-json\/wp\/v2\/pages\/70672\/revisions\/70773"}],"up":[{"embeddable":true,"href":"https:\/\/www.accuratereviews.com\/it\/wp-json\/wp\/v2\/pages\/70458"}],"wp:featuredmedia":[{"embeddable":true,"href":"https:\/\/www.accuratereviews.com\/it\/wp-json\/wp\/v2\/media\/70675"}],"wp:attachment":[{"href":"https:\/\/www.accuratereviews.com\/it\/wp-json\/wp\/v2\/media?parent=70672"}],"wp:term":[{"taxonomy":"category","embeddable":true,"href":"https:\/\/www.accuratereviews.com\/it\/wp-json\/wp\/v2\/categories?post=70672"},{"taxonomy":"post_tag","embeddable":true,"href":"https:\/\/www.accuratereviews.com\/it\/wp-json\/wp\/v2\/tags?post=70672"},{"taxonomy":"features","embeddable":true,"href":"https:\/\/www.accuratereviews.com\/it\/wp-json\/wp\/v2\/features?post=70672"}],"curies":[{"name":"wp","href":"https:\/\/api.w.org\/{rel}","templated":true}]}}