{"id":70694,"date":"2023-07-13T11:48:52","date_gmt":"2023-07-13T11:48:52","guid":{"rendered":"https:\/\/www.accuratereviews.com\/?page_id=70694"},"modified":"2023-07-13T11:48:52","modified_gmt":"2023-07-13T11:48:52","slug":"edilgo-recensione","status":"publish","type":"page","link":"https:\/\/www.accuratereviews.com\/it\/software-gestionali-edilizia\/edilgo-recensione\/","title":{"rendered":"EdilGo"},"content":{"rendered":"<p><strong>EdilGo<\/strong> \u00e8 il <strong>software per l&#8217;edilizia<\/strong> che aiuta le imprese edili e i fornitori di costruzioni nei processi di compravendita, in modo sicuro, semplice e veloce. Calcoli metrici online, preventivi organizzati, analisi del budget e molto altro! Pianifica meglio i tuoi progetti, taglia i costi di fornitura, automatizza le tue gare d&#8217;appalto. Ricevi richieste di fornitura pi\u00f9 organizzate, connettiti con pi\u00f9 clienti, analizza le vendite. Organizza il tuo conteggi in richieste strutturate di preventivi, stima costi, misura fattibilit\u00e0.<br \/>\n<strong>EdilGo<\/strong> ha un&#8217;interfaccia semplice e accessibile, che pu\u00f2 essere utilizzata senza la necessit\u00e0 di costose consulenze o servizi accessori. Struttura le tue richieste con l&#8217;intelligenza artificiale, ottieni maggiori informazioni sui tuoi partner, tieni traccia dei tuoi numeri e molto altro.<\/p>\n<h2>EDILGO &#8211; TUTORIAL<\/h2>\n<div id=\"fluid-wrapper-counter-1\" class=\"g1-fluid-wrapper \" style=\"width:686px;\">\n<div style=\"padding-bottom:56.268221574344%;\"><iframe loading=\"lazy\" title=\"Computo metrico gratis online con EdilGo - Guida breve\" width=\"515\" height=\"386\" src=\"https:\/\/www.youtube.com\/embed\/dnKYQWt5vXM?feature=oembed&amp;wmode=transparent&amp;autohide=1&amp;autoplay=0&amp;disablekb=0&amp;fs=1&amp;loop=0&amp;enablejsapi=1&amp;rel=0&amp;controls=2&amp;showinfo=0&amp;wmode=transparent&amp;autohide=2&amp;autoplay=0&amp;disablekb=0&amp;fs=1&amp;loop=0&amp;enablejsapi=1&amp;rel=0&amp;controls=2&amp;showinfo=1\" frameborder=\"0\" allow=\"accelerometer; autoplay; clipboard-write; encrypted-media; gyroscope; picture-in-picture; web-share\" allowfullscreen><\/iframe><\/div>\n<\/div>\n<h3>EDILGO &#8211; CARATTERISTICHE<\/h3>\n<ul>\n<li><strong>Un&#8217;unica soluzione per tutti<\/strong>: invita tutto il team aziendale a collaborare sulla piattaforma.<\/li>\n<li><strong>Scegli a chi inviare le tue RDO<\/strong>: crea la tua lista di fornitori preferiti.<\/li>\n<li><strong>Velocizza l&#8217;utilizzo dei listini<\/strong>: seleziona il listino desiderato e sfrutta l&#8217;autocompletamento delle voci di calcolo.<\/li>\n<li><strong>Chiedi maggiori informazioni al fornitore in modo rapido e veloce<\/strong>: usa la tua chat personalizzata in base alle richieste inviate.<\/li>\n<li><strong>Rendi fruibile la tua offerta offline<\/strong>: esporta il file in pdf e procedi alla stampa.<\/li>\n<li><strong>Servizio clienti:<\/strong> reattivo e dinamico ti aiuteranno a risolvere i tuoi problemi con il software<\/li>\n<\/ul>\n<h4>LE RECENSIONI DEGLI UTENTI<\/h4>\n<p><strong>Francesco &#8220;Semplice ed efficace&#8221;<\/strong><br \/>\n<strong>Commenti<\/strong>: Ottimo team, attenzione al cliente, competenza e voglia di fare!!<br \/>\n<strong>Pro<\/strong>: La possibilit\u00e0 d\u00ec gestire facilmente computo, categorie merceologiche e mandare richieste di offerta. Inoltre la possibilit\u00e0 di incrementare il parco fornitori.<br \/>\n<strong>Contro<\/strong>: Occorre una integrazione completa del processo implementando magari anche la parte di contrattualistica che oggi avviene fuori sistema.<\/p>\n<p><strong>Davide &#8220;Edilizia digitale&#8221;<\/strong><br \/>\n<strong>Pro<\/strong>: Appoggio pienamente la sfida di EdilGo: cercare di digitalizzare un settore come l&#8217;edilizia non \u00e8 facile e per questo va dato merito. Devo anche riconoscere che ci sta riuscendo eccome; da quando io e i miei colleghi utilizziamo EdilGo \u00e8 diventato tutto pi\u00f9 semplice e soprattutto veloce.<br \/>\n<strong>Contro<\/strong>: EdilGo ha ancora una lunga strada davanti a s\u00e9, ma questo fa parte della crescita. L\u2019edilizia \u00e8 un settore molto complesso e con molte esigenze. Di conseguenza sono molteplici le funzionalit\u00e0 implementabili. Tuttavia per com\u2019\u00e8 oggi, il prodotto \u00e8 gi\u00e0 buono!<\/p>\n<p><strong>Massimo &#8220;Esperienza interessante&#8221;<\/strong><br \/>\n<strong>Pro<\/strong>: Facilita di utilizzo e agevola il rapporto tra noi fornitori e le imprese di costruzione massimizzando leffort commerciale.<br \/>\n<strong>Contro<\/strong>: Nonostante sia uno strumento piuttosto facile da utilizzare c\u2019\u00e8 l\u2019obbligo di inserire i costi del materiale in caselle predefinite senza la possibilit\u00e0 di generare dei cambi descrittivi.<\/p>\n","protected":false},"excerpt":{"rendered":"<p>EdilGo \u00e8 il software per l&#8217;edilizia che aiuta le imprese edili e i fornitori di costruzioni nei processi di compravendita, in modo sicuro, semplice e veloce. Calcoli metrici online, preventivi organizzati, analisi del budget e molto altro! Pianifica meglio i tuoi progetti, taglia i costi di fornitura, automatizza le tue gare d&#8217;appalto.<\/p>\n","protected":false},"author":19,"featured_media":70695,"parent":70458,"menu_order":0,"comment_status":"open","ping_status":"closed","template":"g1_template_page_review_new.php","meta":{"_acf_changed":false,"cwp_meta_box_check":"Yes","cwp_rev_product_name":"","cwp_rev_product_image":"","wppr_links":[],"cwp_rev_price":"0.00","wppr_options":[{"name":"Usability","value":"0"},{"name":"Speed","value":"0"},{"name":"Features","value":"0"},{"name":"Support","value":"0"},{"name":"Pricing","value":"0"}],"wppr_pros":["","","","",""],"wppr_cons":["","","","",""],"_monsterinsights_skip_tracking":false,"_monsterinsights_sitenote_active":false,"_monsterinsights_sitenote_note":"","_monsterinsights_sitenote_category":0,"footnotes":""},"categories":[2459],"tags":[14537,14470,14478,14477,14480,14479],"features":[],"class_list":{"0":"post-70694","1":"page","2":"type-page","3":"status-publish","4":"has-post-thumbnail","6":"category-gestionale-per-edilizia-cat","7":"tag-edilgo","8":"tag-gestionale-edilizia","9":"tag-piattaforma-gestionale-edilizia","10":"tag-programma-gestionale-edilizia","11":"tag-software-gestionale-edilizia","12":"tag-soluzione-gestionale-edilizia"},"wppr_data":{"cwp_meta_box_check":"Yes","_wppr_review_template":"default","cwp_rev_product_image":"","cwp_image_link":"image","wppr_links":[],"cwp_rev_price":"0.00","wppr_pros":["","","","",""],"wppr_cons":["","","","",""],"wppr_rating":"0.00","wppr_options":{"1":{"name":"Usability","value":"0"},"2":{"name":"Speed","value":"0"},"3":{"name":"Features","value":"0"},"4":{"name":"Support","value":"0"},"5":{"name":"Pricing","value":"0"}},"wppr_review_type":"Product","wppr_review_custom_fields":{"additionalProperty":"","additionalType":"","aggregateRating":"","alternateName":"","audience":"","award":"","awards":"","brand":"","color":"","depth":"","description":"","disambiguatingDescription":"","gtin12":"","gtin13":"","gtin14":"","gtin8":"","height":"","identifier":"","image":"","isAccessoryOrSparePartFor":"","isConsumableFor":"","isRelatedTo":"","isSimilarTo":"","itemCondition":"","logo":"","mainEntityOfPage":"","manufacturer":"","material":"","model":"","mpn":"","name":"","offers":"","potentialAction":"","productID":"","productionDate":"","purchaseDate":"","releaseDate":"","review":"","reviews":"","sameAs":"","sku":"","slogan":"","subjectOf":"","url":"","weight":"","width":""}},"acf":[],"yoast_head":"<!-- This site is optimized with the Yoast SEO plugin v27.4 - https:\/\/yoast.com\/product\/yoast-seo-wordpress\/ -->\n<title>EdilGo: recensione software gestionale edilizia - Accurate Reviews<\/title>\n<meta name=\"description\" content=\"EdilGo: recensione software per l&#039;edilizia che aiuta l&#039;attivit\u00e0 nei processi di compravendita, in modo sicuro, semplice e veloce.\" \/>\n<meta name=\"robots\" content=\"index, follow, max-snippet:-1, max-image-preview:large, max-video-preview:-1\" \/>\n<link rel=\"canonical\" href=\"https:\/\/www.accuratereviews.com\/it\/software-gestionali-edilizia\/edilgo-recensione\/\" \/>\n<meta property=\"og:locale\" content=\"it_IT\" \/>\n<meta property=\"og:type\" content=\"article\" \/>\n<meta property=\"og:title\" content=\"EdilGo: recensione software gestionale edilizia - Accurate Reviews\" \/>\n<meta property=\"og:description\" content=\"EdilGo: recensione software per l&#039;edilizia che aiuta l&#039;attivit\u00e0 nei processi di compravendita, in modo sicuro, semplice e veloce.\" \/>\n<meta property=\"og:url\" content=\"https:\/\/www.accuratereviews.com\/it\/software-gestionali-edilizia\/edilgo-recensione\/\" \/>\n<meta property=\"og:site_name\" content=\"Accurate Reviews\" \/>\n<meta property=\"og:image\" content=\"https:\/\/www.accuratereviews.com\/wp-content\/uploads\/2023\/07\/copertina-edilgo_logo.jpg\" \/>\n\t<meta property=\"og:image:width\" content=\"300\" \/>\n\t<meta property=\"og:image:height\" content=\"240\" \/>\n\t<meta property=\"og:image:type\" content=\"image\/jpeg\" \/>\n<meta name=\"twitter:card\" content=\"summary_large_image\" \/>\n<meta name=\"twitter:label1\" content=\"Tempo di lettura stimato\" \/>\n\t<meta name=\"twitter:data1\" content=\"3 minuti\" \/>\n<script type=\"application\/ld+json\" class=\"yoast-schema-graph\">{\"@context\":\"https:\\\/\\\/schema.org\",\"@graph\":[{\"@type\":\"WebPage\",\"@id\":\"https:\\\/\\\/www.accuratereviews.com\\\/it\\\/software-gestionali-edilizia\\\/edilgo-recensione\\\/\",\"url\":\"https:\\\/\\\/www.accuratereviews.com\\\/it\\\/software-gestionali-edilizia\\\/edilgo-recensione\\\/\",\"name\":\"EdilGo: recensione software gestionale edilizia - Accurate Reviews\",\"isPartOf\":{\"@id\":\"https:\\\/\\\/www.accuratereviews.com\\\/it\\\/#website\"},\"primaryImageOfPage\":{\"@id\":\"https:\\\/\\\/www.accuratereviews.com\\\/it\\\/software-gestionali-edilizia\\\/edilgo-recensione\\\/#primaryimage\"},\"image\":{\"@id\":\"https:\\\/\\\/www.accuratereviews.com\\\/it\\\/software-gestionali-edilizia\\\/edilgo-recensione\\\/#primaryimage\"},\"thumbnailUrl\":\"https:\\\/\\\/www.accuratereviews.com\\\/wp-content\\\/uploads\\\/2023\\\/07\\\/copertina-edilgo_logo.jpg\",\"datePublished\":\"2023-07-13T11:48:52+00:00\",\"description\":\"EdilGo: recensione software per l'edilizia che aiuta l'attivit\u00e0 nei processi di compravendita, in modo sicuro, semplice e veloce.\",\"breadcrumb\":{\"@id\":\"https:\\\/\\\/www.accuratereviews.com\\\/it\\\/software-gestionali-edilizia\\\/edilgo-recensione\\\/#breadcrumb\"},\"inLanguage\":\"it-IT\",\"potentialAction\":[{\"@type\":\"ReadAction\",\"target\":[\"https:\\\/\\\/www.accuratereviews.com\\\/it\\\/software-gestionali-edilizia\\\/edilgo-recensione\\\/\"]}]},{\"@type\":\"ImageObject\",\"inLanguage\":\"it-IT\",\"@id\":\"https:\\\/\\\/www.accuratereviews.com\\\/it\\\/software-gestionali-edilizia\\\/edilgo-recensione\\\/#primaryimage\",\"url\":\"https:\\\/\\\/www.accuratereviews.com\\\/wp-content\\\/uploads\\\/2023\\\/07\\\/copertina-edilgo_logo.jpg\",\"contentUrl\":\"https:\\\/\\\/www.accuratereviews.com\\\/wp-content\\\/uploads\\\/2023\\\/07\\\/copertina-edilgo_logo.jpg\",\"width\":300,\"height\":240},{\"@type\":\"BreadcrumbList\",\"@id\":\"https:\\\/\\\/www.accuratereviews.com\\\/it\\\/software-gestionali-edilizia\\\/edilgo-recensione\\\/#breadcrumb\",\"itemListElement\":[{\"@type\":\"ListItem\",\"position\":1,\"name\":\"Home\",\"item\":\"https:\\\/\\\/www.accuratereviews.com\\\/it\\\/\"},{\"@type\":\"ListItem\",\"position\":2,\"name\":\"Software gestionali per edilizia\",\"item\":\"https:\\\/\\\/www.accuratereviews.com\\\/it\\\/software-gestionali-edilizia\\\/\"},{\"@type\":\"ListItem\",\"position\":3,\"name\":\"EdilGo\"}]},{\"@type\":\"WebSite\",\"@id\":\"https:\\\/\\\/www.accuratereviews.com\\\/it\\\/#website\",\"url\":\"https:\\\/\\\/www.accuratereviews.com\\\/it\\\/\",\"name\":\"Accurate Reviews\",\"description\":\"\",\"potentialAction\":[{\"@type\":\"SearchAction\",\"target\":{\"@type\":\"EntryPoint\",\"urlTemplate\":\"https:\\\/\\\/www.accuratereviews.com\\\/it\\\/?s={search_term_string}\"},\"query-input\":{\"@type\":\"PropertyValueSpecification\",\"valueRequired\":true,\"valueName\":\"search_term_string\"}}],\"inLanguage\":\"it-IT\"}]}<\/script>\n<!-- \/ Yoast SEO plugin. -->","yoast_head_json":{"title":"EdilGo: recensione software gestionale edilizia - Accurate Reviews","description":"EdilGo: recensione software per l'edilizia che aiuta l'attivit\u00e0 nei processi di compravendita, in modo sicuro, semplice e veloce.","robots":{"index":"index","follow":"follow","max-snippet":"max-snippet:-1","max-image-preview":"max-image-preview:large","max-video-preview":"max-video-preview:-1"},"canonical":"https:\/\/www.accuratereviews.com\/it\/software-gestionali-edilizia\/edilgo-recensione\/","og_locale":"it_IT","og_type":"article","og_title":"EdilGo: recensione software gestionale edilizia - Accurate Reviews","og_description":"EdilGo: recensione software per l'edilizia che aiuta l'attivit\u00e0 nei processi di compravendita, in modo sicuro, semplice e veloce.","og_url":"https:\/\/www.accuratereviews.com\/it\/software-gestionali-edilizia\/edilgo-recensione\/","og_site_name":"Accurate Reviews","og_image":[{"width":300,"height":240,"url":"https:\/\/www.accuratereviews.com\/wp-content\/uploads\/2023\/07\/copertina-edilgo_logo.jpg","type":"image\/jpeg"}],"twitter_card":"summary_large_image","twitter_misc":{"Tempo di lettura stimato":"3 minuti"},"schema":{"@context":"https:\/\/schema.org","@graph":[{"@type":"WebPage","@id":"https:\/\/www.accuratereviews.com\/it\/software-gestionali-edilizia\/edilgo-recensione\/","url":"https:\/\/www.accuratereviews.com\/it\/software-gestionali-edilizia\/edilgo-recensione\/","name":"EdilGo: recensione software gestionale edilizia - Accurate Reviews","isPartOf":{"@id":"https:\/\/www.accuratereviews.com\/it\/#website"},"primaryImageOfPage":{"@id":"https:\/\/www.accuratereviews.com\/it\/software-gestionali-edilizia\/edilgo-recensione\/#primaryimage"},"image":{"@id":"https:\/\/www.accuratereviews.com\/it\/software-gestionali-edilizia\/edilgo-recensione\/#primaryimage"},"thumbnailUrl":"https:\/\/www.accuratereviews.com\/wp-content\/uploads\/2023\/07\/copertina-edilgo_logo.jpg","datePublished":"2023-07-13T11:48:52+00:00","description":"EdilGo: recensione software per l'edilizia che aiuta l'attivit\u00e0 nei processi di compravendita, in modo sicuro, semplice e veloce.","breadcrumb":{"@id":"https:\/\/www.accuratereviews.com\/it\/software-gestionali-edilizia\/edilgo-recensione\/#breadcrumb"},"inLanguage":"it-IT","potentialAction":[{"@type":"ReadAction","target":["https:\/\/www.accuratereviews.com\/it\/software-gestionali-edilizia\/edilgo-recensione\/"]}]},{"@type":"ImageObject","inLanguage":"it-IT","@id":"https:\/\/www.accuratereviews.com\/it\/software-gestionali-edilizia\/edilgo-recensione\/#primaryimage","url":"https:\/\/www.accuratereviews.com\/wp-content\/uploads\/2023\/07\/copertina-edilgo_logo.jpg","contentUrl":"https:\/\/www.accuratereviews.com\/wp-content\/uploads\/2023\/07\/copertina-edilgo_logo.jpg","width":300,"height":240},{"@type":"BreadcrumbList","@id":"https:\/\/www.accuratereviews.com\/it\/software-gestionali-edilizia\/edilgo-recensione\/#breadcrumb","itemListElement":[{"@type":"ListItem","position":1,"name":"Home","item":"https:\/\/www.accuratereviews.com\/it\/"},{"@type":"ListItem","position":2,"name":"Software gestionali per edilizia","item":"https:\/\/www.accuratereviews.com\/it\/software-gestionali-edilizia\/"},{"@type":"ListItem","position":3,"name":"EdilGo"}]},{"@type":"WebSite","@id":"https:\/\/www.accuratereviews.com\/it\/#website","url":"https:\/\/www.accuratereviews.com\/it\/","name":"Accurate Reviews","description":"","potentialAction":[{"@type":"SearchAction","target":{"@type":"EntryPoint","urlTemplate":"https:\/\/www.accuratereviews.com\/it\/?s={search_term_string}"},"query-input":{"@type":"PropertyValueSpecification","valueRequired":true,"valueName":"search_term_string"}}],"inLanguage":"it-IT"}]}},"_links":{"self":[{"href":"https:\/\/www.accuratereviews.com\/it\/wp-json\/wp\/v2\/pages\/70694","targetHints":{"allow":["GET"]}}],"collection":[{"href":"https:\/\/www.accuratereviews.com\/it\/wp-json\/wp\/v2\/pages"}],"about":[{"href":"https:\/\/www.accuratereviews.com\/it\/wp-json\/wp\/v2\/types\/page"}],"author":[{"embeddable":true,"href":"https:\/\/www.accuratereviews.com\/it\/wp-json\/wp\/v2\/users\/19"}],"replies":[{"embeddable":true,"href":"https:\/\/www.accuratereviews.com\/it\/wp-json\/wp\/v2\/comments?post=70694"}],"version-history":[{"count":8,"href":"https:\/\/www.accuratereviews.com\/it\/wp-json\/wp\/v2\/pages\/70694\/revisions"}],"predecessor-version":[{"id":70711,"href":"https:\/\/www.accuratereviews.com\/it\/wp-json\/wp\/v2\/pages\/70694\/revisions\/70711"}],"up":[{"embeddable":true,"href":"https:\/\/www.accuratereviews.com\/it\/wp-json\/wp\/v2\/pages\/70458"}],"wp:featuredmedia":[{"embeddable":true,"href":"https:\/\/www.accuratereviews.com\/it\/wp-json\/wp\/v2\/media\/70695"}],"wp:attachment":[{"href":"https:\/\/www.accuratereviews.com\/it\/wp-json\/wp\/v2\/media?parent=70694"}],"wp:term":[{"taxonomy":"category","embeddable":true,"href":"https:\/\/www.accuratereviews.com\/it\/wp-json\/wp\/v2\/categories?post=70694"},{"taxonomy":"post_tag","embeddable":true,"href":"https:\/\/www.accuratereviews.com\/it\/wp-json\/wp\/v2\/tags?post=70694"},{"taxonomy":"features","embeddable":true,"href":"https:\/\/www.accuratereviews.com\/it\/wp-json\/wp\/v2\/features?post=70694"}],"curies":[{"name":"wp","href":"https:\/\/api.w.org\/{rel}","templated":true}]}}