{"id":70790,"date":"2023-07-20T11:10:39","date_gmt":"2023-07-20T11:10:39","guid":{"rendered":"https:\/\/www.accuratereviews.com\/?page_id=70790"},"modified":"2023-07-20T15:03:25","modified_gmt":"2023-07-20T15:03:25","slug":"appenate-recensione","status":"publish","type":"page","link":"https:\/\/www.accuratereviews.com\/it\/software-gestionali-edilizia\/appenate-recensione\/","title":{"rendered":"Appenate"},"content":{"rendered":"<p>Con <strong>Appenate<\/strong>, <strong>software gestionale per l&#8217;edilizia<\/strong>, crei moduli e app online in meno di 5 minuti con la conveniente piattaforma drag-and-drop e senza codice. Il programma consente di semplificare i processi, individuare e rimuovere attivit\u00e0 inutili e che fanno perdere tempo e aumentare il ROI. Goditi le funzionalit\u00e0 di livello aziendale, il ridimensionamento tra tipi di design dello schermo, connettori dati e invii di moduli.<br \/>\nOgni pacchetto di <strong>Appenate<\/strong> promette la rapida creazione e pubblicazione di app aziendali brandizzate su dispositivi Windows, Android e iOS. Sfruttando gli strumenti visivi basati su <strong>cloud<\/strong>, gli utenti possono creare schermate intuitive per ogni caso d&#8217;uso insieme a moduli dinamici sofisticati per acquisire ogni dato richiesto. Inoltre, tutte le app offrono funzionalit\u00e0 offline per garantire una produttivit\u00e0 ininterrotta durante gli inevitabili cali di connettivit\u00e0.<\/p>\n<h2>APPENATE &#8211; TUTORIAL<\/h2>\n<div id=\"fluid-wrapper-counter-1\" class=\"g1-fluid-wrapper \" style=\"width:686px;\">\n<div style=\"padding-bottom:56.268221574344%;\"><iframe loading=\"lazy\" title=\"Appenate - Empower Your Business with Worker-Facing Apps\" width=\"686\" height=\"386\" src=\"https:\/\/www.youtube.com\/embed\/f3XxF7J7eAI?feature=oembed&amp;wmode=transparent&amp;autohide=1&amp;autoplay=0&amp;disablekb=0&amp;fs=1&amp;loop=0&amp;enablejsapi=1&amp;rel=0&amp;controls=2&amp;showinfo=0&amp;wmode=transparent&amp;autohide=2&amp;autoplay=0&amp;disablekb=0&amp;fs=1&amp;loop=0&amp;enablejsapi=1&amp;rel=0&amp;controls=2&amp;showinfo=1\" frameborder=\"0\" allow=\"accelerometer; autoplay; clipboard-write; encrypted-media; gyroscope; picture-in-picture; web-share\" allowfullscreen><\/iframe><\/div>\n<\/div>\n<h3>APPENATE &#8211; CARATTERISTICHE<\/h3>\n<ul>\n<li><strong>Scansiona NFC senza premere pulsanti<\/strong>: scansiona i tag NFC senza dover premere un pulsante a ogni scansione.<\/li>\n<li><strong>Utenti<\/strong>: scopri dove si trova il tuo team e su cosa sta lavorando.<\/li>\n<li><strong>Campi<\/strong>: la possibilit\u00e0 di lasciare note per te stesso e per il team nei vari progettisti di schermi. Estrai i dati da qualsiasi API, direttamente nelle tue app. Invia una richiesta REST in JSON o XML a un servizio Web esterno.<\/li>\n<li><strong>Supporto per la stampa su dispositivo<\/strong>: gli utenti dell&#8217;app possono stampare le voci del modulo compilato direttamente da dispositivi Android, iOS e Windows, anche offline.<\/li>\n<li><strong>Filigrana delle immagini<\/strong>: aggiungi testo generato dinamicamente come filigrana sulle immagini o scelto tramite un file multimediale durante l&#8217;inserimento di un modulo.<\/li>\n<li><strong>Successo significativo<\/strong>: ti aiuter\u00e0 a creare risultati significativi per i clienti e il team. Lavora insieme per raggiungere il successo.<\/li>\n<li><strong>Generazione di PDF personalizzati:<\/strong> risparmiare tempo sui compiti amministrativi libera la capacit\u00e0 di concentrarsi su compiti pi\u00f9 importanti. Scopri la funzionalit\u00e0 Data Output Templateting, che aiuta a generare automaticamente PDF personalizzati.<\/li>\n<li><strong>Schermata del modulo<\/strong>: la schermata del modulo \u00e8 il modo principale per creare schermate di acquisizione dati sulla piattaforma. Ci\u00f2 consente di sostituire i moduli cartacei con versioni digitali.<\/li>\n<\/ul>\n<h4>LE RECENSIONI DEGLI UTENTI<\/h4>\n<p><strong>James &#8220;Un&#8217;ottima opzione per i servizi sul campo&#8221;<\/strong><br \/>\n<strong>Commenti<\/strong>: Abbiamo fornito un servizio per un&#8217;azienda che aveva bisogno di organizzare commesse di lavoro. Dopo aver conosciuto Appenate, l&#8217;azienda ha iniziato ad andare meglio<br \/>\n<strong>Pro<\/strong>: Innanzitutto devo evidenziare la facilit\u00e0 d&#8217;uso, non \u00e8 necessario avere conoscenze informatiche per utilizzare lo strumento. La generazione di un ordine di servizio con la programmazione \u00e8 molto efficace. La parte della firma nell&#8217;ordine di servizio sul cellulare aiuta molto nella registrazione dei servizi eseguiti<br \/>\n<strong>Contro<\/strong>: Sarebbe molto interessante avere una parte per il caricamento delle immagini, potendo classificarle in diverse directory<\/p>\n<p><strong>Arlene &#8220;Recensione dell&#8217;APC&#8221;<\/strong><br \/>\n<strong>Commenti<\/strong>: Nel complesso, tutti quelli con cui ho avuto a che fare sono utili. Sono lieto di aver incontrato questo software.<br \/>\n<strong>Pro<\/strong>: Creare e costruire forme non \u00e8 difficile. Sono disponibili molte funzionalit\u00e0. \u00c8 solo questione di dedicare del tempo ad impararli.<br \/>\n<strong>Contro<\/strong>: Stavo cercando di creare un modulo in cui i dati verranno riepilogati. Ho chiesto assistenza per ottenere il risultato che desidero ma non \u00e8 stato ancora risolto.<\/p>\n<p><strong>Abhinav &#8220;La migliore app per i servizi sul campo!&#8221;<\/strong><br \/>\n<strong>Pro<\/strong>: Il basso fattore di codice che lo rende facile da usare, le molteplici funzionalit\u00e0 con varie personalizzazioni ci aiutano a portare di pi\u00f9 alla nostra tavola. La capacit\u00e0 dei moduli PDF \u00e8 una caratteristica importante per noi.<br \/>\n<strong>Contro<\/strong>: Non ha un&#8217;autenticazione a 2 fattori che \u00e8 una lacuna di sicurezza per noi. Avere questo tipo di autenticazione aiuta a creare fiducia e rende il processo senza soluzione di continuit\u00e0. Inoltre, l&#8217;impostazione delle app in produzione richiede del tempo e pu\u00f2 essere stancante a volte..<\/p>\n","protected":false},"excerpt":{"rendered":"<p>Con Appenate, software gestionale per l&#8217;edilizia, crei moduli e app online in meno di 5 minuti con la conveniente piattaforma drag-and-drop e senza codice. Il programma consente di semplificare i processi, individuare e rimuovere attivit\u00e0 inutili e che fanno perdere tempo e aumentare il ROI.<\/p>\n","protected":false},"author":19,"featured_media":70791,"parent":70458,"menu_order":0,"comment_status":"open","ping_status":"closed","template":"g1_template_page_review_new.php","meta":{"_acf_changed":false,"cwp_meta_box_check":"Yes","cwp_rev_product_name":"","cwp_rev_product_image":"","wppr_links":[],"cwp_rev_price":"0.00","wppr_options":[{"name":"Usability","value":"0"},{"name":"Speed","value":"0"},{"name":"Features","value":"0"},{"name":"Support","value":"0"},{"name":"Pricing","value":"0"}],"wppr_pros":["","","","",""],"wppr_cons":["","","","",""],"_monsterinsights_skip_tracking":false,"_monsterinsights_sitenote_active":false,"_monsterinsights_sitenote_note":"","_monsterinsights_sitenote_category":0,"footnotes":""},"categories":[2459],"tags":[14547,14470,14478,14477,14480,14479],"features":[],"class_list":{"0":"post-70790","1":"page","2":"type-page","3":"status-publish","4":"has-post-thumbnail","6":"category-gestionale-per-edilizia-cat","7":"tag-appenate","8":"tag-gestionale-edilizia","9":"tag-piattaforma-gestionale-edilizia","10":"tag-programma-gestionale-edilizia","11":"tag-software-gestionale-edilizia","12":"tag-soluzione-gestionale-edilizia"},"wppr_data":{"cwp_meta_box_check":"Yes","_wppr_review_template":"default","cwp_rev_product_image":"","cwp_image_link":"image","wppr_links":[],"cwp_rev_price":"0.00","wppr_pros":["","","","",""],"wppr_cons":["","","","",""],"wppr_rating":"0.00","wppr_options":{"1":{"name":"Usability","value":"0"},"2":{"name":"Speed","value":"0"},"3":{"name":"Features","value":"0"},"4":{"name":"Support","value":"0"},"5":{"name":"Pricing","value":"0"}},"wppr_review_type":"Product","wppr_review_custom_fields":{"additionalProperty":"","additionalType":"","aggregateRating":"","alternateName":"","audience":"","award":"","awards":"","brand":"","color":"","depth":"","description":"","disambiguatingDescription":"","gtin12":"","gtin13":"","gtin14":"","gtin8":"","height":"","identifier":"","image":"","isAccessoryOrSparePartFor":"","isConsumableFor":"","isRelatedTo":"","isSimilarTo":"","itemCondition":"","logo":"","mainEntityOfPage":"","manufacturer":"","material":"","model":"","mpn":"","name":"","offers":"","potentialAction":"","productID":"","productionDate":"","purchaseDate":"","releaseDate":"","review":"","reviews":"","sameAs":"","sku":"","slogan":"","subjectOf":"","url":"","weight":"","width":""}},"acf":[],"yoast_head":"<!-- This site is optimized with the Yoast SEO plugin v27.4 - https:\/\/yoast.com\/product\/yoast-seo-wordpress\/ -->\n<title>Appenate: recensione software gestionale edile - Accurate Reviews<\/title>\n<meta name=\"description\" content=\"Appenate: recensione software gestionale per l&#039;edilizia per migliorare il modo in cui registri, monitori e archivi i dati della tua attivit\u00e0.\" \/>\n<meta name=\"robots\" content=\"index, follow, max-snippet:-1, max-image-preview:large, max-video-preview:-1\" \/>\n<link rel=\"canonical\" href=\"https:\/\/www.accuratereviews.com\/it\/software-gestionali-edilizia\/appenate-recensione\/\" \/>\n<meta property=\"og:locale\" content=\"it_IT\" \/>\n<meta property=\"og:type\" content=\"article\" \/>\n<meta property=\"og:title\" content=\"Appenate: recensione software gestionale edile - Accurate Reviews\" \/>\n<meta property=\"og:description\" content=\"Appenate: recensione software gestionale per l&#039;edilizia per migliorare il modo in cui registri, monitori e archivi i dati della tua attivit\u00e0.\" \/>\n<meta property=\"og:url\" content=\"https:\/\/www.accuratereviews.com\/it\/software-gestionali-edilizia\/appenate-recensione\/\" \/>\n<meta property=\"og:site_name\" content=\"Accurate Reviews\" \/>\n<meta property=\"article:modified_time\" content=\"2023-07-20T15:03:25+00:00\" \/>\n<meta property=\"og:image\" content=\"https:\/\/www.accuratereviews.com\/wp-content\/uploads\/2023\/07\/appenate.webp\" \/>\n\t<meta property=\"og:image:width\" content=\"400\" \/>\n\t<meta property=\"og:image:height\" content=\"400\" \/>\n\t<meta property=\"og:image:type\" content=\"image\/webp\" \/>\n<meta name=\"twitter:card\" content=\"summary_large_image\" \/>\n<meta name=\"twitter:label1\" content=\"Tempo di lettura stimato\" \/>\n\t<meta name=\"twitter:data1\" content=\"4 minuti\" \/>\n<script type=\"application\/ld+json\" class=\"yoast-schema-graph\">{\"@context\":\"https:\\\/\\\/schema.org\",\"@graph\":[{\"@type\":\"WebPage\",\"@id\":\"https:\\\/\\\/www.accuratereviews.com\\\/it\\\/software-gestionali-edilizia\\\/appenate-recensione\\\/\",\"url\":\"https:\\\/\\\/www.accuratereviews.com\\\/it\\\/software-gestionali-edilizia\\\/appenate-recensione\\\/\",\"name\":\"Appenate: recensione software gestionale edile - Accurate Reviews\",\"isPartOf\":{\"@id\":\"https:\\\/\\\/www.accuratereviews.com\\\/it\\\/#website\"},\"primaryImageOfPage\":{\"@id\":\"https:\\\/\\\/www.accuratereviews.com\\\/it\\\/software-gestionali-edilizia\\\/appenate-recensione\\\/#primaryimage\"},\"image\":{\"@id\":\"https:\\\/\\\/www.accuratereviews.com\\\/it\\\/software-gestionali-edilizia\\\/appenate-recensione\\\/#primaryimage\"},\"thumbnailUrl\":\"https:\\\/\\\/www.accuratereviews.com\\\/wp-content\\\/uploads\\\/2023\\\/07\\\/appenate.webp\",\"datePublished\":\"2023-07-20T11:10:39+00:00\",\"dateModified\":\"2023-07-20T15:03:25+00:00\",\"description\":\"Appenate: recensione software gestionale per l'edilizia per migliorare il modo in cui registri, monitori e archivi i dati della tua attivit\u00e0.\",\"breadcrumb\":{\"@id\":\"https:\\\/\\\/www.accuratereviews.com\\\/it\\\/software-gestionali-edilizia\\\/appenate-recensione\\\/#breadcrumb\"},\"inLanguage\":\"it-IT\",\"potentialAction\":[{\"@type\":\"ReadAction\",\"target\":[\"https:\\\/\\\/www.accuratereviews.com\\\/it\\\/software-gestionali-edilizia\\\/appenate-recensione\\\/\"]}]},{\"@type\":\"ImageObject\",\"inLanguage\":\"it-IT\",\"@id\":\"https:\\\/\\\/www.accuratereviews.com\\\/it\\\/software-gestionali-edilizia\\\/appenate-recensione\\\/#primaryimage\",\"url\":\"https:\\\/\\\/www.accuratereviews.com\\\/wp-content\\\/uploads\\\/2023\\\/07\\\/appenate.webp\",\"contentUrl\":\"https:\\\/\\\/www.accuratereviews.com\\\/wp-content\\\/uploads\\\/2023\\\/07\\\/appenate.webp\",\"width\":400,\"height\":400},{\"@type\":\"BreadcrumbList\",\"@id\":\"https:\\\/\\\/www.accuratereviews.com\\\/it\\\/software-gestionali-edilizia\\\/appenate-recensione\\\/#breadcrumb\",\"itemListElement\":[{\"@type\":\"ListItem\",\"position\":1,\"name\":\"Home\",\"item\":\"https:\\\/\\\/www.accuratereviews.com\\\/it\\\/\"},{\"@type\":\"ListItem\",\"position\":2,\"name\":\"Software gestionali per edilizia\",\"item\":\"https:\\\/\\\/www.accuratereviews.com\\\/it\\\/software-gestionali-edilizia\\\/\"},{\"@type\":\"ListItem\",\"position\":3,\"name\":\"Appenate\"}]},{\"@type\":\"WebSite\",\"@id\":\"https:\\\/\\\/www.accuratereviews.com\\\/it\\\/#website\",\"url\":\"https:\\\/\\\/www.accuratereviews.com\\\/it\\\/\",\"name\":\"Accurate Reviews\",\"description\":\"\",\"potentialAction\":[{\"@type\":\"SearchAction\",\"target\":{\"@type\":\"EntryPoint\",\"urlTemplate\":\"https:\\\/\\\/www.accuratereviews.com\\\/it\\\/?s={search_term_string}\"},\"query-input\":{\"@type\":\"PropertyValueSpecification\",\"valueRequired\":true,\"valueName\":\"search_term_string\"}}],\"inLanguage\":\"it-IT\"}]}<\/script>\n<!-- \/ Yoast SEO plugin. -->","yoast_head_json":{"title":"Appenate: recensione software gestionale edile - Accurate Reviews","description":"Appenate: recensione software gestionale per l'edilizia per migliorare il modo in cui registri, monitori e archivi i dati della tua attivit\u00e0.","robots":{"index":"index","follow":"follow","max-snippet":"max-snippet:-1","max-image-preview":"max-image-preview:large","max-video-preview":"max-video-preview:-1"},"canonical":"https:\/\/www.accuratereviews.com\/it\/software-gestionali-edilizia\/appenate-recensione\/","og_locale":"it_IT","og_type":"article","og_title":"Appenate: recensione software gestionale edile - Accurate Reviews","og_description":"Appenate: recensione software gestionale per l'edilizia per migliorare il modo in cui registri, monitori e archivi i dati della tua attivit\u00e0.","og_url":"https:\/\/www.accuratereviews.com\/it\/software-gestionali-edilizia\/appenate-recensione\/","og_site_name":"Accurate Reviews","article_modified_time":"2023-07-20T15:03:25+00:00","og_image":[{"width":400,"height":400,"url":"https:\/\/www.accuratereviews.com\/wp-content\/uploads\/2023\/07\/appenate.webp","type":"image\/webp"}],"twitter_card":"summary_large_image","twitter_misc":{"Tempo di lettura stimato":"4 minuti"},"schema":{"@context":"https:\/\/schema.org","@graph":[{"@type":"WebPage","@id":"https:\/\/www.accuratereviews.com\/it\/software-gestionali-edilizia\/appenate-recensione\/","url":"https:\/\/www.accuratereviews.com\/it\/software-gestionali-edilizia\/appenate-recensione\/","name":"Appenate: recensione software gestionale edile - Accurate Reviews","isPartOf":{"@id":"https:\/\/www.accuratereviews.com\/it\/#website"},"primaryImageOfPage":{"@id":"https:\/\/www.accuratereviews.com\/it\/software-gestionali-edilizia\/appenate-recensione\/#primaryimage"},"image":{"@id":"https:\/\/www.accuratereviews.com\/it\/software-gestionali-edilizia\/appenate-recensione\/#primaryimage"},"thumbnailUrl":"https:\/\/www.accuratereviews.com\/wp-content\/uploads\/2023\/07\/appenate.webp","datePublished":"2023-07-20T11:10:39+00:00","dateModified":"2023-07-20T15:03:25+00:00","description":"Appenate: recensione software gestionale per l'edilizia per migliorare il modo in cui registri, monitori e archivi i dati della tua attivit\u00e0.","breadcrumb":{"@id":"https:\/\/www.accuratereviews.com\/it\/software-gestionali-edilizia\/appenate-recensione\/#breadcrumb"},"inLanguage":"it-IT","potentialAction":[{"@type":"ReadAction","target":["https:\/\/www.accuratereviews.com\/it\/software-gestionali-edilizia\/appenate-recensione\/"]}]},{"@type":"ImageObject","inLanguage":"it-IT","@id":"https:\/\/www.accuratereviews.com\/it\/software-gestionali-edilizia\/appenate-recensione\/#primaryimage","url":"https:\/\/www.accuratereviews.com\/wp-content\/uploads\/2023\/07\/appenate.webp","contentUrl":"https:\/\/www.accuratereviews.com\/wp-content\/uploads\/2023\/07\/appenate.webp","width":400,"height":400},{"@type":"BreadcrumbList","@id":"https:\/\/www.accuratereviews.com\/it\/software-gestionali-edilizia\/appenate-recensione\/#breadcrumb","itemListElement":[{"@type":"ListItem","position":1,"name":"Home","item":"https:\/\/www.accuratereviews.com\/it\/"},{"@type":"ListItem","position":2,"name":"Software gestionali per edilizia","item":"https:\/\/www.accuratereviews.com\/it\/software-gestionali-edilizia\/"},{"@type":"ListItem","position":3,"name":"Appenate"}]},{"@type":"WebSite","@id":"https:\/\/www.accuratereviews.com\/it\/#website","url":"https:\/\/www.accuratereviews.com\/it\/","name":"Accurate Reviews","description":"","potentialAction":[{"@type":"SearchAction","target":{"@type":"EntryPoint","urlTemplate":"https:\/\/www.accuratereviews.com\/it\/?s={search_term_string}"},"query-input":{"@type":"PropertyValueSpecification","valueRequired":true,"valueName":"search_term_string"}}],"inLanguage":"it-IT"}]}},"_links":{"self":[{"href":"https:\/\/www.accuratereviews.com\/it\/wp-json\/wp\/v2\/pages\/70790","targetHints":{"allow":["GET"]}}],"collection":[{"href":"https:\/\/www.accuratereviews.com\/it\/wp-json\/wp\/v2\/pages"}],"about":[{"href":"https:\/\/www.accuratereviews.com\/it\/wp-json\/wp\/v2\/types\/page"}],"author":[{"embeddable":true,"href":"https:\/\/www.accuratereviews.com\/it\/wp-json\/wp\/v2\/users\/19"}],"replies":[{"embeddable":true,"href":"https:\/\/www.accuratereviews.com\/it\/wp-json\/wp\/v2\/comments?post=70790"}],"version-history":[{"count":10,"href":"https:\/\/www.accuratereviews.com\/it\/wp-json\/wp\/v2\/pages\/70790\/revisions"}],"predecessor-version":[{"id":70805,"href":"https:\/\/www.accuratereviews.com\/it\/wp-json\/wp\/v2\/pages\/70790\/revisions\/70805"}],"up":[{"embeddable":true,"href":"https:\/\/www.accuratereviews.com\/it\/wp-json\/wp\/v2\/pages\/70458"}],"wp:featuredmedia":[{"embeddable":true,"href":"https:\/\/www.accuratereviews.com\/it\/wp-json\/wp\/v2\/media\/70791"}],"wp:attachment":[{"href":"https:\/\/www.accuratereviews.com\/it\/wp-json\/wp\/v2\/media?parent=70790"}],"wp:term":[{"taxonomy":"category","embeddable":true,"href":"https:\/\/www.accuratereviews.com\/it\/wp-json\/wp\/v2\/categories?post=70790"},{"taxonomy":"post_tag","embeddable":true,"href":"https:\/\/www.accuratereviews.com\/it\/wp-json\/wp\/v2\/tags?post=70790"},{"taxonomy":"features","embeddable":true,"href":"https:\/\/www.accuratereviews.com\/it\/wp-json\/wp\/v2\/features?post=70790"}],"curies":[{"name":"wp","href":"https:\/\/api.w.org\/{rel}","templated":true}]}}