{"id":70814,"date":"2023-07-21T14:40:34","date_gmt":"2023-07-21T14:40:34","guid":{"rendered":"https:\/\/www.accuratereviews.com\/?page_id=70814"},"modified":"2023-07-21T14:40:34","modified_gmt":"2023-07-21T14:40:34","slug":"tooltime-recensione","status":"publish","type":"page","link":"https:\/\/www.accuratereviews.com\/it\/software-gestionali-edilizia\/tooltime-recensione\/","title":{"rendered":"ToolTime"},"content":{"rendered":"<p><strong>ToolTime<\/strong> \u00e8 una <strong>soluzione SaaS<\/strong> che aiuta gli utenti a generare preventivi e semplificare i processi di assistenza sul campo su una piattaforma centralizzata. Il software consente ai gestori di generare solleciti di pagamento automatici per riscuotere gli importi dovuti dai clienti.<br \/>\nLe funzionalit\u00e0 principali includono un database di contatti, preventivi\/stime, promemoria, metriche sulle prestazioni, monitoraggio dei tempi di progetto, pianificazione dei lavori e altro ancora. Il modulo di pianificazione aiuta gli amministratori a creare nuovi appuntamenti di lavoro e scegliere un team preferito dal database esistente in base ai requisiti del progetto. I supervisori possono anche utilizzare la funzionalit\u00e0 di panoramica finanziaria per monitorare le metriche delle prestazioni, come fatture aperte, vendite mensili, reddito totale e lavori completati.<br \/>\n<strong>ToolTime<\/strong> si integra con diverse applicazioni di terze parti tra cui Google Maps.<\/p>\n<h2>TOOLTIME &#8211; TUTORIAL<\/h2>\n<div id=\"fluid-wrapper-counter-1\" class=\"g1-fluid-wrapper \" style=\"width:686px;\">\n<div style=\"padding-bottom:56.268221574344%;\"><iframe loading=\"lazy\" title=\"Lernen Sie ToolTime kennen.\" width=\"686\" height=\"386\" src=\"https:\/\/www.youtube.com\/embed\/-sR8BIqpBkI?feature=oembed&amp;wmode=transparent&amp;autohide=1&amp;autoplay=0&amp;disablekb=0&amp;fs=1&amp;loop=0&amp;enablejsapi=1&amp;rel=0&amp;controls=2&amp;showinfo=0&amp;wmode=transparent&amp;autohide=2&amp;autoplay=0&amp;disablekb=0&amp;fs=1&amp;loop=0&amp;enablejsapi=1&amp;rel=0&amp;controls=2&amp;showinfo=1\" frameborder=\"0\" allow=\"accelerometer; autoplay; clipboard-write; encrypted-media; gyroscope; picture-in-picture; web-share\" allowfullscreen><\/iframe><\/div>\n<\/div>\n<h3>TOOLTIME &#8211; CARATTERISTICHE<\/h3>\n<ul>\n<li><strong>Maneggevolezza<\/strong>: troverai solo ci\u00f2 di cui hai bisogno ogni giorno nella tua azienda. Interfaccia utente semplice e funzioni necessarie per te.<\/li>\n<li><strong>Aggiornamenti inclusi<\/strong>: tutti gli aggiornamenti e le nuove funzioni del software commerciale sono inclusi e disponibili senza alcuno sforzo di installazione.<\/li>\n<li><strong>Accedi da qualsiasi luogo<\/strong>: in ufficio, a casa o in cantiere, grazie al cloud tu e i tuoi dipendenti potete accedere a dati e documenti da qualsiasi luogo e con qualsiasi dispositivo.<\/li>\n<li><strong>Programma di fatturazione<\/strong>: elabora preventivi e fatture in pochissimo tempo e risparmia tempo prezioso che puoi investire nella tua attivit\u00e0.<\/li>\n<li><strong>Monitoraggio del tempo<\/strong>: registra gli orari di lavoro in modo rapido e semplice in ToolTime: non devi pi\u00f9 inserire gli orari di lavoro manualmente o utilizzare un&#8217;app aggiuntiva.<\/li>\n<li><strong>Documentazione del sito<\/strong>: documenta tutto digitalmente con una nota, una foto o utilizzando la funzione di dettatura e risparmia il faticoso lavoro d&#8217;ufficio.<\/li>\n<li><strong>Pianificatore del sito<\/strong>: con il pratico software per la pianificazione dei cantieri, puoi tenere d&#8217;occhio tutti gli appuntamenti e i cantieri in ogni momento.<\/li>\n<\/ul>\n<h4>LE RECENSIONI DEGLI UTENTI<\/h4>\n<p><strong>Patrick &#8220;Software artigianale&#8221;<\/strong><br \/>\nPro: Estremamente facile da usare. Assistenza molto veloce.<br \/>\nContro: Molte funzioni si attivano solo gradualmente.<\/p>\n<p><strong>Tim &#8220;Valutazione ToolTime&#8221;<\/strong><br \/>\nPro: L&#8217;offerta in costante crescita e la collaborazione con noi artigiani, ci\u00f2 che verr\u00e0 e ci\u00f2 che dovr\u00e0 essere migliorato.<br \/>\nContro: le prestazioni inizialmente basse di varie applicazioni come l&#8217;invio di email direttamente dall&#8217;app o la prenotazione delle ore di lavoro. Ma nel frattempo sono state implementate.<\/p>\n<p><strong>Dirk &#8220;La soddisfazione \u00e8 scontata&#8221;.<\/strong><br \/>\nPro: Inserimenti rapidi, completamento degli ordini tramite app con funzione di firma<br \/>\nContro: Non \u00e8 possibile inviare offerte e ordini per posta dal programma, non \u00e8 possibile inserire importi parziali di fatture parziali, ma solo il pagamento dell&#8217;intero importo parziale.<\/p>\n","protected":false},"excerpt":{"rendered":"<p>ToolTime \u00e8 una soluzione SaaS che aiuta gli utenti a generare preventivi e semplificare i processi di assistenza sul campo su una piattaforma centralizzata. Il software consente ai gestori di generare solleciti di pagamento automatici per riscuotere gli importi dovuti dai clienti.<\/p>\n","protected":false},"author":19,"featured_media":70816,"parent":70458,"menu_order":0,"comment_status":"open","ping_status":"closed","template":"g1_template_page_review_new.php","meta":{"_acf_changed":false,"cwp_meta_box_check":"Yes","cwp_rev_product_name":"","cwp_rev_product_image":"","wppr_links":[],"cwp_rev_price":"0.00","wppr_options":[{"name":"Usability","value":"0"},{"name":"Speed","value":"0"},{"name":"Features","value":"0"},{"name":"Support","value":"0"},{"name":"Pricing","value":"0"}],"wppr_pros":["","","","",""],"wppr_cons":["","","","",""],"_monsterinsights_skip_tracking":false,"_monsterinsights_sitenote_active":false,"_monsterinsights_sitenote_note":"","_monsterinsights_sitenote_category":0,"footnotes":""},"categories":[2459],"tags":[14470,14478,14477,14480,14479,14551],"features":[],"class_list":{"0":"post-70814","1":"page","2":"type-page","3":"status-publish","4":"has-post-thumbnail","6":"category-gestionale-per-edilizia-cat","7":"tag-gestionale-edilizia","8":"tag-piattaforma-gestionale-edilizia","9":"tag-programma-gestionale-edilizia","10":"tag-software-gestionale-edilizia","11":"tag-soluzione-gestionale-edilizia","12":"tag-tooltime"},"wppr_data":{"cwp_meta_box_check":"Yes","_wppr_review_template":"default","cwp_rev_product_image":"","cwp_image_link":"image","wppr_links":[],"cwp_rev_price":"0.00","wppr_pros":["","","","",""],"wppr_cons":["","","","",""],"wppr_rating":"0.00","wppr_options":{"1":{"name":"Usability","value":"0"},"2":{"name":"Speed","value":"0"},"3":{"name":"Features","value":"0"},"4":{"name":"Support","value":"0"},"5":{"name":"Pricing","value":"0"}},"wppr_review_type":"Product","wppr_review_custom_fields":{"additionalProperty":"","additionalType":"","aggregateRating":"","alternateName":"","audience":"","award":"","awards":"","brand":"","color":"","depth":"","description":"","disambiguatingDescription":"","gtin12":"","gtin13":"","gtin14":"","gtin8":"","height":"","identifier":"","image":"","isAccessoryOrSparePartFor":"","isConsumableFor":"","isRelatedTo":"","isSimilarTo":"","itemCondition":"","logo":"","mainEntityOfPage":"","manufacturer":"","material":"","model":"","mpn":"","name":"","offers":"","potentialAction":"","productID":"","productionDate":"","purchaseDate":"","releaseDate":"","review":"","reviews":"","sameAs":"","sku":"","slogan":"","subjectOf":"","url":"","weight":"","width":""}},"acf":[],"yoast_head":"<!-- This site is optimized with the Yoast SEO plugin v27.4 - https:\/\/yoast.com\/product\/yoast-seo-wordpress\/ -->\n<title>ToolTime: recensione software gestionale edilizia Accurate Reviews<\/title>\n<meta name=\"description\" content=\"ToolTime: recensione della soluzione SaaS che aiuta gli utenti a generare preventivi e semplificare i processi di assistenza sul campo.\" \/>\n<meta name=\"robots\" content=\"index, follow, max-snippet:-1, max-image-preview:large, max-video-preview:-1\" \/>\n<link rel=\"canonical\" href=\"https:\/\/www.accuratereviews.com\/it\/software-gestionali-edilizia\/tooltime-recensione\/\" \/>\n<meta property=\"og:locale\" content=\"it_IT\" \/>\n<meta property=\"og:type\" content=\"article\" \/>\n<meta property=\"og:title\" content=\"ToolTime: recensione software gestionale edilizia Accurate Reviews\" \/>\n<meta property=\"og:description\" content=\"ToolTime: recensione della soluzione SaaS che aiuta gli utenti a generare preventivi e semplificare i processi di assistenza sul campo.\" \/>\n<meta property=\"og:url\" content=\"https:\/\/www.accuratereviews.com\/it\/software-gestionali-edilizia\/tooltime-recensione\/\" \/>\n<meta property=\"og:site_name\" content=\"Accurate Reviews\" \/>\n<meta property=\"og:image\" content=\"https:\/\/www.accuratereviews.com\/wp-content\/uploads\/2023\/07\/ToolTime.webp\" \/>\n\t<meta property=\"og:image:width\" content=\"270\" \/>\n\t<meta property=\"og:image:height\" content=\"270\" \/>\n\t<meta property=\"og:image:type\" content=\"image\/webp\" \/>\n<meta name=\"twitter:card\" content=\"summary_large_image\" \/>\n<meta name=\"twitter:label1\" content=\"Tempo di lettura stimato\" \/>\n\t<meta name=\"twitter:data1\" content=\"3 minuti\" \/>\n<script type=\"application\/ld+json\" class=\"yoast-schema-graph\">{\"@context\":\"https:\\\/\\\/schema.org\",\"@graph\":[{\"@type\":\"WebPage\",\"@id\":\"https:\\\/\\\/www.accuratereviews.com\\\/it\\\/software-gestionali-edilizia\\\/tooltime-recensione\\\/\",\"url\":\"https:\\\/\\\/www.accuratereviews.com\\\/it\\\/software-gestionali-edilizia\\\/tooltime-recensione\\\/\",\"name\":\"ToolTime: recensione software gestionale edilizia Accurate Reviews\",\"isPartOf\":{\"@id\":\"https:\\\/\\\/www.accuratereviews.com\\\/it\\\/#website\"},\"primaryImageOfPage\":{\"@id\":\"https:\\\/\\\/www.accuratereviews.com\\\/it\\\/software-gestionali-edilizia\\\/tooltime-recensione\\\/#primaryimage\"},\"image\":{\"@id\":\"https:\\\/\\\/www.accuratereviews.com\\\/it\\\/software-gestionali-edilizia\\\/tooltime-recensione\\\/#primaryimage\"},\"thumbnailUrl\":\"https:\\\/\\\/www.accuratereviews.com\\\/wp-content\\\/uploads\\\/2023\\\/07\\\/ToolTime.webp\",\"datePublished\":\"2023-07-21T14:40:34+00:00\",\"description\":\"ToolTime: recensione della soluzione SaaS che aiuta gli utenti a generare preventivi e semplificare i processi di assistenza sul campo.\",\"breadcrumb\":{\"@id\":\"https:\\\/\\\/www.accuratereviews.com\\\/it\\\/software-gestionali-edilizia\\\/tooltime-recensione\\\/#breadcrumb\"},\"inLanguage\":\"it-IT\",\"potentialAction\":[{\"@type\":\"ReadAction\",\"target\":[\"https:\\\/\\\/www.accuratereviews.com\\\/it\\\/software-gestionali-edilizia\\\/tooltime-recensione\\\/\"]}]},{\"@type\":\"ImageObject\",\"inLanguage\":\"it-IT\",\"@id\":\"https:\\\/\\\/www.accuratereviews.com\\\/it\\\/software-gestionali-edilizia\\\/tooltime-recensione\\\/#primaryimage\",\"url\":\"https:\\\/\\\/www.accuratereviews.com\\\/wp-content\\\/uploads\\\/2023\\\/07\\\/ToolTime.webp\",\"contentUrl\":\"https:\\\/\\\/www.accuratereviews.com\\\/wp-content\\\/uploads\\\/2023\\\/07\\\/ToolTime.webp\",\"width\":270,\"height\":270},{\"@type\":\"BreadcrumbList\",\"@id\":\"https:\\\/\\\/www.accuratereviews.com\\\/it\\\/software-gestionali-edilizia\\\/tooltime-recensione\\\/#breadcrumb\",\"itemListElement\":[{\"@type\":\"ListItem\",\"position\":1,\"name\":\"Home\",\"item\":\"https:\\\/\\\/www.accuratereviews.com\\\/it\\\/\"},{\"@type\":\"ListItem\",\"position\":2,\"name\":\"Software gestionali per edilizia\",\"item\":\"https:\\\/\\\/www.accuratereviews.com\\\/it\\\/software-gestionali-edilizia\\\/\"},{\"@type\":\"ListItem\",\"position\":3,\"name\":\"ToolTime\"}]},{\"@type\":\"WebSite\",\"@id\":\"https:\\\/\\\/www.accuratereviews.com\\\/it\\\/#website\",\"url\":\"https:\\\/\\\/www.accuratereviews.com\\\/it\\\/\",\"name\":\"Accurate Reviews\",\"description\":\"\",\"potentialAction\":[{\"@type\":\"SearchAction\",\"target\":{\"@type\":\"EntryPoint\",\"urlTemplate\":\"https:\\\/\\\/www.accuratereviews.com\\\/it\\\/?s={search_term_string}\"},\"query-input\":{\"@type\":\"PropertyValueSpecification\",\"valueRequired\":true,\"valueName\":\"search_term_string\"}}],\"inLanguage\":\"it-IT\"}]}<\/script>\n<!-- \/ Yoast SEO plugin. -->","yoast_head_json":{"title":"ToolTime: recensione software gestionale edilizia Accurate Reviews","description":"ToolTime: recensione della soluzione SaaS che aiuta gli utenti a generare preventivi e semplificare i processi di assistenza sul campo.","robots":{"index":"index","follow":"follow","max-snippet":"max-snippet:-1","max-image-preview":"max-image-preview:large","max-video-preview":"max-video-preview:-1"},"canonical":"https:\/\/www.accuratereviews.com\/it\/software-gestionali-edilizia\/tooltime-recensione\/","og_locale":"it_IT","og_type":"article","og_title":"ToolTime: recensione software gestionale edilizia Accurate Reviews","og_description":"ToolTime: recensione della soluzione SaaS che aiuta gli utenti a generare preventivi e semplificare i processi di assistenza sul campo.","og_url":"https:\/\/www.accuratereviews.com\/it\/software-gestionali-edilizia\/tooltime-recensione\/","og_site_name":"Accurate Reviews","og_image":[{"width":270,"height":270,"url":"https:\/\/www.accuratereviews.com\/wp-content\/uploads\/2023\/07\/ToolTime.webp","type":"image\/webp"}],"twitter_card":"summary_large_image","twitter_misc":{"Tempo di lettura stimato":"3 minuti"},"schema":{"@context":"https:\/\/schema.org","@graph":[{"@type":"WebPage","@id":"https:\/\/www.accuratereviews.com\/it\/software-gestionali-edilizia\/tooltime-recensione\/","url":"https:\/\/www.accuratereviews.com\/it\/software-gestionali-edilizia\/tooltime-recensione\/","name":"ToolTime: recensione software gestionale edilizia Accurate Reviews","isPartOf":{"@id":"https:\/\/www.accuratereviews.com\/it\/#website"},"primaryImageOfPage":{"@id":"https:\/\/www.accuratereviews.com\/it\/software-gestionali-edilizia\/tooltime-recensione\/#primaryimage"},"image":{"@id":"https:\/\/www.accuratereviews.com\/it\/software-gestionali-edilizia\/tooltime-recensione\/#primaryimage"},"thumbnailUrl":"https:\/\/www.accuratereviews.com\/wp-content\/uploads\/2023\/07\/ToolTime.webp","datePublished":"2023-07-21T14:40:34+00:00","description":"ToolTime: recensione della soluzione SaaS che aiuta gli utenti a generare preventivi e semplificare i processi di assistenza sul campo.","breadcrumb":{"@id":"https:\/\/www.accuratereviews.com\/it\/software-gestionali-edilizia\/tooltime-recensione\/#breadcrumb"},"inLanguage":"it-IT","potentialAction":[{"@type":"ReadAction","target":["https:\/\/www.accuratereviews.com\/it\/software-gestionali-edilizia\/tooltime-recensione\/"]}]},{"@type":"ImageObject","inLanguage":"it-IT","@id":"https:\/\/www.accuratereviews.com\/it\/software-gestionali-edilizia\/tooltime-recensione\/#primaryimage","url":"https:\/\/www.accuratereviews.com\/wp-content\/uploads\/2023\/07\/ToolTime.webp","contentUrl":"https:\/\/www.accuratereviews.com\/wp-content\/uploads\/2023\/07\/ToolTime.webp","width":270,"height":270},{"@type":"BreadcrumbList","@id":"https:\/\/www.accuratereviews.com\/it\/software-gestionali-edilizia\/tooltime-recensione\/#breadcrumb","itemListElement":[{"@type":"ListItem","position":1,"name":"Home","item":"https:\/\/www.accuratereviews.com\/it\/"},{"@type":"ListItem","position":2,"name":"Software gestionali per edilizia","item":"https:\/\/www.accuratereviews.com\/it\/software-gestionali-edilizia\/"},{"@type":"ListItem","position":3,"name":"ToolTime"}]},{"@type":"WebSite","@id":"https:\/\/www.accuratereviews.com\/it\/#website","url":"https:\/\/www.accuratereviews.com\/it\/","name":"Accurate Reviews","description":"","potentialAction":[{"@type":"SearchAction","target":{"@type":"EntryPoint","urlTemplate":"https:\/\/www.accuratereviews.com\/it\/?s={search_term_string}"},"query-input":{"@type":"PropertyValueSpecification","valueRequired":true,"valueName":"search_term_string"}}],"inLanguage":"it-IT"}]}},"_links":{"self":[{"href":"https:\/\/www.accuratereviews.com\/it\/wp-json\/wp\/v2\/pages\/70814","targetHints":{"allow":["GET"]}}],"collection":[{"href":"https:\/\/www.accuratereviews.com\/it\/wp-json\/wp\/v2\/pages"}],"about":[{"href":"https:\/\/www.accuratereviews.com\/it\/wp-json\/wp\/v2\/types\/page"}],"author":[{"embeddable":true,"href":"https:\/\/www.accuratereviews.com\/it\/wp-json\/wp\/v2\/users\/19"}],"replies":[{"embeddable":true,"href":"https:\/\/www.accuratereviews.com\/it\/wp-json\/wp\/v2\/comments?post=70814"}],"version-history":[{"count":10,"href":"https:\/\/www.accuratereviews.com\/it\/wp-json\/wp\/v2\/pages\/70814\/revisions"}],"predecessor-version":[{"id":70836,"href":"https:\/\/www.accuratereviews.com\/it\/wp-json\/wp\/v2\/pages\/70814\/revisions\/70836"}],"up":[{"embeddable":true,"href":"https:\/\/www.accuratereviews.com\/it\/wp-json\/wp\/v2\/pages\/70458"}],"wp:featuredmedia":[{"embeddable":true,"href":"https:\/\/www.accuratereviews.com\/it\/wp-json\/wp\/v2\/media\/70816"}],"wp:attachment":[{"href":"https:\/\/www.accuratereviews.com\/it\/wp-json\/wp\/v2\/media?parent=70814"}],"wp:term":[{"taxonomy":"category","embeddable":true,"href":"https:\/\/www.accuratereviews.com\/it\/wp-json\/wp\/v2\/categories?post=70814"},{"taxonomy":"post_tag","embeddable":true,"href":"https:\/\/www.accuratereviews.com\/it\/wp-json\/wp\/v2\/tags?post=70814"},{"taxonomy":"features","embeddable":true,"href":"https:\/\/www.accuratereviews.com\/it\/wp-json\/wp\/v2\/features?post=70814"}],"curies":[{"name":"wp","href":"https:\/\/api.w.org\/{rel}","templated":true}]}}