{"id":70850,"date":"2023-07-24T16:44:58","date_gmt":"2023-07-24T16:44:58","guid":{"rendered":"https:\/\/www.accuratereviews.com\/?page_id=70850"},"modified":"2023-07-25T12:38:32","modified_gmt":"2023-07-25T12:38:32","slug":"base-builders-recensione","status":"publish","type":"page","link":"https:\/\/www.accuratereviews.com\/it\/software-gestionali-edilizia\/base-builders-recensione\/","title":{"rendered":"Base Builders"},"content":{"rendered":"<p><strong>Base Builders<\/strong> \u00e8 una <strong>soluzione di gestione dei progetti<\/strong> specifica del settore che aiuta architetti e ingegneri a rimanere al passo con i loro progetti e le loro attivit\u00e0. \u00c8 progettato da veterani del settore AEC, il che lo rende uno strumento indispensabile per qualsiasi azienda che desideri migliorare i propri profitti. Viene lanciato nel 2003 per l&#8217;architettura, l&#8217;ingegneria e l&#8217;industria delle costruzioni.<br \/>\nLavorando a stretto contatto con vari clienti nel corso degli anni, l&#8217;azienda ha perfezionato la soluzione per gestire tutto, dal monitoraggio del tempo alla fatturazione, ai contratti di consulenza. Inoltre, facilita l&#8217;integrazione con QuickBooks, rendendolo adatto alla maggioranza di architetti e ingegneri. Ogni aspetto delle informazioni sul progetto \u00e8 contenuto in un database consultabile che fornir\u00e0 accesso immediato alle informazioni che desideri visualizzare. Conoscerai la redditivit\u00e0 di ogni progetto in tempo reale &#8211; non dovrai pi\u00f9 aspettare fino alla fine del mese per ottenere un report.<\/p>\n<h2>BASE BUILDERS &#8211; TUTORIAL<\/h2>\n<div id=\"fluid-wrapper-counter-1\" class=\"g1-fluid-wrapper \" style=\"width:686px;\">\n<div style=\"padding-bottom:56.268221574344%;\"><iframe loading=\"lazy\" title=\"Client Project Fit for Architecture and Engineering Firms\" width=\"686\" height=\"386\" src=\"https:\/\/www.youtube.com\/embed\/ncxXJ2L5ue4?feature=oembed&amp;wmode=transparent&amp;autohide=1&amp;autoplay=0&amp;disablekb=0&amp;fs=1&amp;loop=0&amp;enablejsapi=1&amp;rel=0&amp;controls=2&amp;showinfo=0&amp;wmode=transparent&amp;autohide=2&amp;autoplay=0&amp;disablekb=0&amp;fs=1&amp;loop=0&amp;enablejsapi=1&amp;rel=0&amp;controls=2&amp;showinfo=1\" frameborder=\"0\" allow=\"accelerometer; autoplay; clipboard-write; encrypted-media; gyroscope; picture-in-picture; web-share\" allowfullscreen><\/iframe><\/div>\n<\/div>\n<h3>BASE BUILDERS &#8211; CARATTERISTICHE<\/h3>\n<ul>\n<li>Tieni traccia dei tempi e delle spese di lavoro<\/li>\n<li>Organizza contratti e consulenti<\/li>\n<li>Gestisci i progetti<\/li>\n<li>Scrivi promemoria e proposte<\/li>\n<li>Tieni traccia dei progetti<\/li>\n<li>Prezzi convenienti per utente in modo da ottenere la soluzione perfetta<\/li>\n<li>Supporto gratuito illimitato<\/li>\n<li>Integrazione completa di QuickBooks<\/li>\n<li>Funziona contemporaneamente su Windows, Mac e iOS<\/li>\n<li>Realizza profitti senza problemi<\/li>\n<\/ul>\n<p><strong>LE RECENSIONI DEGLI UTENTI<\/strong><\/p>\n<p><strong>Anne &#8220;Generalmente buono. Un buon rapporto qualit\u00e0 prezzo.&#8221;<\/strong><br \/>\n<strong>Pro<\/strong>: Il prodotto fa quello che dice. Il venditore \u00e8 utile.<br \/>\n<strong>Contro<\/strong>: Questo software \u00e8 lento. Poich\u00e9 lo usiamo molto durante il giorno, rallenta di pi\u00f9 fino a quando non si blocca.<\/p>\n<p><strong>Justin &#8220;Buon software per tenere traccia del tempo, del chilometraggio e della fatturazione del progetto&#8221;<\/strong><br \/>\n<strong>Pro<\/strong>: \u00c8 facile impostare progetti e avere pi\u00f9 persone che registrano le ore. Molto pi\u00f9 facile che farlo manualmente. Semplifica notevolmente il cronometraggio e la fatturazione di fine mese. Essere in grado di collegare la soluzione a Quickbooks \u00e8 un enorme vantaggio.<br \/>\n<strong>Contro<\/strong>: Il programma tende a rallentare il computer durante l&#8217;utilizzo del software. Sarebbe bello se il software fosse basato su cloud anzich\u00e9 su server<\/p>\n<p><strong>Bekah &#8220;Buono nel complesso ma necessita di una nuova interfaccia&#8221;<\/strong><br \/>\n<strong>Pro<\/strong>: Mi piace la possibilit\u00e0 di aggiungere consulenti ai progetti e la possibilit\u00e0 di impostare il loro compenso come parte del compenso del progetto o aggiuntivo. Essere in grado di tenere traccia delle richieste di pagamento \u00e8 l&#8217;ideale.<br \/>\n<strong>Contro<\/strong>: L&#8217;interfaccia \u00e8 difficile da usare ed \u00e8 difficile cercare e trovare elementi negli elenchi.<\/p>\n","protected":false},"excerpt":{"rendered":"<p>Base Builders \u00e8 una soluzione di gestione dei progetti specifica del settore che aiuta architetti e ingegneri a rimanere al passo con i loro progetti e le loro attivit\u00e0. \u00c8 progettato da veterani del settore AEC, il che lo rende uno strumento indispensabile per qualsiasi azienda che desideri migliorare i propri profitti.<\/p>\n","protected":false},"author":19,"featured_media":70859,"parent":70458,"menu_order":0,"comment_status":"open","ping_status":"closed","template":"g1_template_page_review_new.php","meta":{"_acf_changed":false,"cwp_meta_box_check":"Yes","cwp_rev_product_name":"","cwp_rev_product_image":"","wppr_links":[],"cwp_rev_price":"0.00","wppr_options":[{"name":"Usability","value":"0"},{"name":"Speed","value":"0"},{"name":"Features","value":"0"},{"name":"Support","value":"0"},{"name":"Pricing","value":"0"}],"wppr_pros":["","","","",""],"wppr_cons":["","","","",""],"_monsterinsights_skip_tracking":false,"_monsterinsights_sitenote_active":false,"_monsterinsights_sitenote_note":"","_monsterinsights_sitenote_category":0,"footnotes":""},"categories":[2459],"tags":[14555,14470,14478,14477,14556,14479],"features":[],"class_list":{"0":"post-70850","1":"page","2":"type-page","3":"status-publish","4":"has-post-thumbnail","6":"category-gestionale-per-edilizia-cat","7":"tag-base-builders","8":"tag-gestionale-edilizia","9":"tag-piattaforma-gestionale-edilizia","10":"tag-programma-gestionale-edilizia","11":"tag-software-gestionale-edilizila","12":"tag-soluzione-gestionale-edilizia"},"wppr_data":{"cwp_meta_box_check":"Yes","_wppr_review_template":"default","cwp_rev_product_image":"","cwp_image_link":"image","wppr_links":[],"cwp_rev_price":"0.00","wppr_pros":["","","","",""],"wppr_cons":["","","","",""],"wppr_rating":"0.00","wppr_options":{"1":{"name":"Usability","value":"0"},"2":{"name":"Speed","value":"0"},"3":{"name":"Features","value":"0"},"4":{"name":"Support","value":"0"},"5":{"name":"Pricing","value":"0"}},"wppr_review_type":"Product","wppr_review_custom_fields":{"additionalProperty":"","additionalType":"","aggregateRating":"","alternateName":"","audience":"","award":"","awards":"","brand":"","color":"","depth":"","description":"","disambiguatingDescription":"","gtin12":"","gtin13":"","gtin14":"","gtin8":"","height":"","identifier":"","image":"","isAccessoryOrSparePartFor":"","isConsumableFor":"","isRelatedTo":"","isSimilarTo":"","itemCondition":"","logo":"","mainEntityOfPage":"","manufacturer":"","material":"","model":"","mpn":"","name":"","offers":"","potentialAction":"","productID":"","productionDate":"","purchaseDate":"","releaseDate":"","review":"","reviews":"","sameAs":"","sku":"","slogan":"","subjectOf":"","url":"","weight":"","width":""}},"acf":[],"yoast_head":"<!-- This site is optimized with the Yoast SEO plugin v27.4 - https:\/\/yoast.com\/product\/yoast-seo-wordpress\/ -->\n<title>Base Builders: recensione software gestionale edilizia AR<\/title>\n<meta name=\"description\" content=\"Base Builders: recensione soluzione di gestione dei progetti che aiuta architetti e ingegneri a rimanere al passo con i loro progetti.\" \/>\n<meta name=\"robots\" content=\"index, follow, max-snippet:-1, max-image-preview:large, max-video-preview:-1\" \/>\n<link rel=\"canonical\" href=\"https:\/\/www.accuratereviews.com\/it\/software-gestionali-edilizia\/base-builders-recensione\/\" \/>\n<meta property=\"og:locale\" content=\"it_IT\" \/>\n<meta property=\"og:type\" content=\"article\" \/>\n<meta property=\"og:title\" content=\"Base Builders: recensione software gestionale edilizia AR\" \/>\n<meta property=\"og:description\" content=\"Base Builders: recensione soluzione di gestione dei progetti che aiuta architetti e ingegneri a rimanere al passo con i loro progetti.\" \/>\n<meta property=\"og:url\" content=\"https:\/\/www.accuratereviews.com\/it\/software-gestionali-edilizia\/base-builders-recensione\/\" \/>\n<meta property=\"og:site_name\" content=\"Accurate Reviews\" \/>\n<meta property=\"article:modified_time\" content=\"2023-07-25T12:38:32+00:00\" \/>\n<meta property=\"og:image\" content=\"https:\/\/www.accuratereviews.com\/wp-content\/uploads\/2023\/07\/Base-Builders.jpeg\" \/>\n\t<meta property=\"og:image:width\" content=\"896\" \/>\n\t<meta property=\"og:image:height\" content=\"362\" \/>\n\t<meta property=\"og:image:type\" content=\"image\/jpeg\" \/>\n<meta name=\"twitter:card\" content=\"summary_large_image\" \/>\n<meta name=\"twitter:label1\" content=\"Tempo di lettura stimato\" \/>\n\t<meta name=\"twitter:data1\" content=\"3 minuti\" \/>\n<script type=\"application\/ld+json\" class=\"yoast-schema-graph\">{\"@context\":\"https:\\\/\\\/schema.org\",\"@graph\":[{\"@type\":\"WebPage\",\"@id\":\"https:\\\/\\\/www.accuratereviews.com\\\/it\\\/software-gestionali-edilizia\\\/base-builders-recensione\\\/\",\"url\":\"https:\\\/\\\/www.accuratereviews.com\\\/it\\\/software-gestionali-edilizia\\\/base-builders-recensione\\\/\",\"name\":\"Base Builders: recensione software gestionale edilizia AR\",\"isPartOf\":{\"@id\":\"https:\\\/\\\/www.accuratereviews.com\\\/it\\\/#website\"},\"primaryImageOfPage\":{\"@id\":\"https:\\\/\\\/www.accuratereviews.com\\\/it\\\/software-gestionali-edilizia\\\/base-builders-recensione\\\/#primaryimage\"},\"image\":{\"@id\":\"https:\\\/\\\/www.accuratereviews.com\\\/it\\\/software-gestionali-edilizia\\\/base-builders-recensione\\\/#primaryimage\"},\"thumbnailUrl\":\"https:\\\/\\\/www.accuratereviews.com\\\/wp-content\\\/uploads\\\/2023\\\/07\\\/Base-Builders.jpeg\",\"datePublished\":\"2023-07-24T16:44:58+00:00\",\"dateModified\":\"2023-07-25T12:38:32+00:00\",\"description\":\"Base Builders: recensione soluzione di gestione dei progetti che aiuta architetti e ingegneri a rimanere al passo con i loro progetti.\",\"breadcrumb\":{\"@id\":\"https:\\\/\\\/www.accuratereviews.com\\\/it\\\/software-gestionali-edilizia\\\/base-builders-recensione\\\/#breadcrumb\"},\"inLanguage\":\"it-IT\",\"potentialAction\":[{\"@type\":\"ReadAction\",\"target\":[\"https:\\\/\\\/www.accuratereviews.com\\\/it\\\/software-gestionali-edilizia\\\/base-builders-recensione\\\/\"]}]},{\"@type\":\"ImageObject\",\"inLanguage\":\"it-IT\",\"@id\":\"https:\\\/\\\/www.accuratereviews.com\\\/it\\\/software-gestionali-edilizia\\\/base-builders-recensione\\\/#primaryimage\",\"url\":\"https:\\\/\\\/www.accuratereviews.com\\\/wp-content\\\/uploads\\\/2023\\\/07\\\/Base-Builders.jpeg\",\"contentUrl\":\"https:\\\/\\\/www.accuratereviews.com\\\/wp-content\\\/uploads\\\/2023\\\/07\\\/Base-Builders.jpeg\",\"width\":896,\"height\":362},{\"@type\":\"BreadcrumbList\",\"@id\":\"https:\\\/\\\/www.accuratereviews.com\\\/it\\\/software-gestionali-edilizia\\\/base-builders-recensione\\\/#breadcrumb\",\"itemListElement\":[{\"@type\":\"ListItem\",\"position\":1,\"name\":\"Home\",\"item\":\"https:\\\/\\\/www.accuratereviews.com\\\/it\\\/\"},{\"@type\":\"ListItem\",\"position\":2,\"name\":\"Software gestionali per edilizia\",\"item\":\"https:\\\/\\\/www.accuratereviews.com\\\/it\\\/software-gestionali-edilizia\\\/\"},{\"@type\":\"ListItem\",\"position\":3,\"name\":\"Base Builders\"}]},{\"@type\":\"WebSite\",\"@id\":\"https:\\\/\\\/www.accuratereviews.com\\\/it\\\/#website\",\"url\":\"https:\\\/\\\/www.accuratereviews.com\\\/it\\\/\",\"name\":\"Accurate Reviews\",\"description\":\"\",\"potentialAction\":[{\"@type\":\"SearchAction\",\"target\":{\"@type\":\"EntryPoint\",\"urlTemplate\":\"https:\\\/\\\/www.accuratereviews.com\\\/it\\\/?s={search_term_string}\"},\"query-input\":{\"@type\":\"PropertyValueSpecification\",\"valueRequired\":true,\"valueName\":\"search_term_string\"}}],\"inLanguage\":\"it-IT\"}]}<\/script>\n<!-- \/ Yoast SEO plugin. -->","yoast_head_json":{"title":"Base Builders: recensione software gestionale edilizia AR","description":"Base Builders: recensione soluzione di gestione dei progetti che aiuta architetti e ingegneri a rimanere al passo con i loro progetti.","robots":{"index":"index","follow":"follow","max-snippet":"max-snippet:-1","max-image-preview":"max-image-preview:large","max-video-preview":"max-video-preview:-1"},"canonical":"https:\/\/www.accuratereviews.com\/it\/software-gestionali-edilizia\/base-builders-recensione\/","og_locale":"it_IT","og_type":"article","og_title":"Base Builders: recensione software gestionale edilizia AR","og_description":"Base Builders: recensione soluzione di gestione dei progetti che aiuta architetti e ingegneri a rimanere al passo con i loro progetti.","og_url":"https:\/\/www.accuratereviews.com\/it\/software-gestionali-edilizia\/base-builders-recensione\/","og_site_name":"Accurate Reviews","article_modified_time":"2023-07-25T12:38:32+00:00","og_image":[{"width":896,"height":362,"url":"https:\/\/www.accuratereviews.com\/wp-content\/uploads\/2023\/07\/Base-Builders.jpeg","type":"image\/jpeg"}],"twitter_card":"summary_large_image","twitter_misc":{"Tempo di lettura stimato":"3 minuti"},"schema":{"@context":"https:\/\/schema.org","@graph":[{"@type":"WebPage","@id":"https:\/\/www.accuratereviews.com\/it\/software-gestionali-edilizia\/base-builders-recensione\/","url":"https:\/\/www.accuratereviews.com\/it\/software-gestionali-edilizia\/base-builders-recensione\/","name":"Base Builders: recensione software gestionale edilizia AR","isPartOf":{"@id":"https:\/\/www.accuratereviews.com\/it\/#website"},"primaryImageOfPage":{"@id":"https:\/\/www.accuratereviews.com\/it\/software-gestionali-edilizia\/base-builders-recensione\/#primaryimage"},"image":{"@id":"https:\/\/www.accuratereviews.com\/it\/software-gestionali-edilizia\/base-builders-recensione\/#primaryimage"},"thumbnailUrl":"https:\/\/www.accuratereviews.com\/wp-content\/uploads\/2023\/07\/Base-Builders.jpeg","datePublished":"2023-07-24T16:44:58+00:00","dateModified":"2023-07-25T12:38:32+00:00","description":"Base Builders: recensione soluzione di gestione dei progetti che aiuta architetti e ingegneri a rimanere al passo con i loro progetti.","breadcrumb":{"@id":"https:\/\/www.accuratereviews.com\/it\/software-gestionali-edilizia\/base-builders-recensione\/#breadcrumb"},"inLanguage":"it-IT","potentialAction":[{"@type":"ReadAction","target":["https:\/\/www.accuratereviews.com\/it\/software-gestionali-edilizia\/base-builders-recensione\/"]}]},{"@type":"ImageObject","inLanguage":"it-IT","@id":"https:\/\/www.accuratereviews.com\/it\/software-gestionali-edilizia\/base-builders-recensione\/#primaryimage","url":"https:\/\/www.accuratereviews.com\/wp-content\/uploads\/2023\/07\/Base-Builders.jpeg","contentUrl":"https:\/\/www.accuratereviews.com\/wp-content\/uploads\/2023\/07\/Base-Builders.jpeg","width":896,"height":362},{"@type":"BreadcrumbList","@id":"https:\/\/www.accuratereviews.com\/it\/software-gestionali-edilizia\/base-builders-recensione\/#breadcrumb","itemListElement":[{"@type":"ListItem","position":1,"name":"Home","item":"https:\/\/www.accuratereviews.com\/it\/"},{"@type":"ListItem","position":2,"name":"Software gestionali per edilizia","item":"https:\/\/www.accuratereviews.com\/it\/software-gestionali-edilizia\/"},{"@type":"ListItem","position":3,"name":"Base Builders"}]},{"@type":"WebSite","@id":"https:\/\/www.accuratereviews.com\/it\/#website","url":"https:\/\/www.accuratereviews.com\/it\/","name":"Accurate Reviews","description":"","potentialAction":[{"@type":"SearchAction","target":{"@type":"EntryPoint","urlTemplate":"https:\/\/www.accuratereviews.com\/it\/?s={search_term_string}"},"query-input":{"@type":"PropertyValueSpecification","valueRequired":true,"valueName":"search_term_string"}}],"inLanguage":"it-IT"}]}},"_links":{"self":[{"href":"https:\/\/www.accuratereviews.com\/it\/wp-json\/wp\/v2\/pages\/70850","targetHints":{"allow":["GET"]}}],"collection":[{"href":"https:\/\/www.accuratereviews.com\/it\/wp-json\/wp\/v2\/pages"}],"about":[{"href":"https:\/\/www.accuratereviews.com\/it\/wp-json\/wp\/v2\/types\/page"}],"author":[{"embeddable":true,"href":"https:\/\/www.accuratereviews.com\/it\/wp-json\/wp\/v2\/users\/19"}],"replies":[{"embeddable":true,"href":"https:\/\/www.accuratereviews.com\/it\/wp-json\/wp\/v2\/comments?post=70850"}],"version-history":[{"count":8,"href":"https:\/\/www.accuratereviews.com\/it\/wp-json\/wp\/v2\/pages\/70850\/revisions"}],"predecessor-version":[{"id":70888,"href":"https:\/\/www.accuratereviews.com\/it\/wp-json\/wp\/v2\/pages\/70850\/revisions\/70888"}],"up":[{"embeddable":true,"href":"https:\/\/www.accuratereviews.com\/it\/wp-json\/wp\/v2\/pages\/70458"}],"wp:featuredmedia":[{"embeddable":true,"href":"https:\/\/www.accuratereviews.com\/it\/wp-json\/wp\/v2\/media\/70859"}],"wp:attachment":[{"href":"https:\/\/www.accuratereviews.com\/it\/wp-json\/wp\/v2\/media?parent=70850"}],"wp:term":[{"taxonomy":"category","embeddable":true,"href":"https:\/\/www.accuratereviews.com\/it\/wp-json\/wp\/v2\/categories?post=70850"},{"taxonomy":"post_tag","embeddable":true,"href":"https:\/\/www.accuratereviews.com\/it\/wp-json\/wp\/v2\/tags?post=70850"},{"taxonomy":"features","embeddable":true,"href":"https:\/\/www.accuratereviews.com\/it\/wp-json\/wp\/v2\/features?post=70850"}],"curies":[{"name":"wp","href":"https:\/\/api.w.org\/{rel}","templated":true}]}}