{"id":70891,"date":"2023-07-27T07:29:25","date_gmt":"2023-07-27T07:29:25","guid":{"rendered":"https:\/\/www.accuratereviews.com\/?page_id=70891"},"modified":"2023-07-27T07:29:25","modified_gmt":"2023-07-27T07:29:25","slug":"ecobot-recensione","status":"publish","type":"page","link":"https:\/\/www.accuratereviews.com\/it\/software-gestionali-edilizia\/ecobot-recensione\/","title":{"rendered":"Ecobot"},"content":{"rendered":"<p>La piattaforma <strong>Ecobot, software gestionale,<\/strong> composto da due parti, un&#8217;app per la raccolta dei dati sul campo e una dashboard di gestione dei progetti basato sul web, rispettivamente chiamati <strong>Ecobot Collector<\/strong> e <strong>Ecobot Manager.<\/strong> I servizi <strong>cloud<\/strong> della soluzione sono forniti tramite Amazon AWS East e la piattaforma \u00e8 conforme a FedRAMP, garantendo che i tuoi dati siano custoditi in modo sicuro. Fornisce onboarding, formazione continua, aggiornamenti automatici e supporto dedicato per l&#8217;utente finale a tutto il tuo team. Quando la politica sulle risorse naturali cambia, puoi aspettarti aggiornamenti entro pochi giorni, non settimane.<\/p>\n<h2>ECOBOT &#8211; TUTORIAL<\/h2>\n<div id=\"fluid-wrapper-counter-1\" class=\"g1-fluid-wrapper \" style=\"width:686px;\">\n<div style=\"padding-bottom:56.268221574344%;\"><iframe loading=\"lazy\" title=\"Complete environmental permitting twice as fast with Ecobot\" width=\"686\" height=\"386\" src=\"https:\/\/www.youtube.com\/embed\/UFQQPqs7rzo?feature=oembed&amp;wmode=transparent&amp;autohide=1&amp;autoplay=0&amp;disablekb=0&amp;fs=1&amp;loop=0&amp;enablejsapi=1&amp;rel=0&amp;controls=2&amp;showinfo=0&amp;wmode=transparent&amp;autohide=2&amp;autoplay=0&amp;disablekb=0&amp;fs=1&amp;loop=0&amp;enablejsapi=1&amp;rel=0&amp;controls=2&amp;showinfo=1\" frameborder=\"0\" allow=\"accelerometer; autoplay; clipboard-write; encrypted-media; gyroscope; picture-in-picture; web-share\" allowfullscreen><\/iframe><\/div>\n<\/div>\n<h3>ECOBOT &#8211; CARATTERISTICHE<\/h3>\n<ul>\n<li>Raccogli i dati sul campo in modo efficiente e accurato con gli strumenti di ricerca integrati<\/li>\n<li>Automatizza i calcoli della vegetazione<\/li>\n<li>Esegui QA\/QC al volo<\/li>\n<li>Connessione a dispositivi GNSS<\/li>\n<li>Carica i dati del campo in tempo reale tramite il cloud<\/li>\n<li>Raddoppia l&#8217;efficienza della raccolta dati e dei rapporti<\/li>\n<li>Accedi alla raccolta dei dati sul campo in tempo reale<\/li>\n<li>Visualizza i dati sul visualizzatore di mappe con strati di riferimento rilevanti come suoli e NWI<\/li>\n<li>Tieni traccia dello stato del progetto ed esegui QA\/QC finale<\/li>\n<li>Modifica manualmente tutti i dati raccolti sul campo e aggiungi dati aggiuntivi tramite modifica in blocco e query geospaziali utilizzando le coordinate<\/li>\n<li>Gestisci dati grezzi, PDF, dati GIS e fotografie<\/li>\n<li>Guide di riferimento sul campo integrate come morfologie e indicatori di idrologia\/suolo.<\/li>\n<li>Calcoli di determinazione della vegetazione completamente automatizzati.<\/li>\n<li>QA\/QC integrato e automatizzato.<\/li>\n<li>Profondamente integrato con le applicazioni desktop e mobili Esri ArcGIS.<\/li>\n<li>Integrazioni GNSS esterne per report accurati al metro.<\/li>\n<li>FedRAMP Conforme alla sicurezza moderata.<\/li>\n<\/ul>\n<h4>LE RECENSIONI DEGLI UTENTI<\/h4>\n<p><strong>Olivia&#8221;Semplifica il tuo lavoro sul campo!&#8221;<\/strong><br \/>\n<strong>Commenti<\/strong>: Ho avuto un&#8217;ottima esperienza con Ecobot. L&#8217;assistenza clienti \u00e8 stata impareggiabile. Apprezzo la disponibilit\u00e0 del team di Ecobot a conoscere l&#8217;esperienza dell&#8217;utente. Sono sempre disposti ad ascoltare suggerimenti e in alcuni casi li incorporano nell&#8217;app!<br \/>\n<strong>Pro<\/strong>: Le funzionalit\u00e0 offline fanno la differenza pi\u00f9 grande sul campo. Avere la descrizione di ogni indicatore idrologico del suolo e delle zone umide memorizzato all&#8217;interno dell&#8217;app rende la delineazione pi\u00f9 efficiente e accurata. Mi piace che anche l&#8217;elenco delle piante delle zone umide sia contenuto nell&#8217;app.<br \/>\n<strong>Contro<\/strong>: La registrazione dei colori del suolo all&#8217;interno dell&#8217;app ha richiesto la maggior parte delle regolazioni. Questa \u00e8 l&#8217;unica caratteristica che \u00e8 pi\u00f9 lenta rispetto alla scrittura a mano.<\/p>\n<p><strong>Scott&#8221;L&#8217;App per i professionisti delle zone umide&#8221;<\/strong><br \/>\n<strong>Commenti<\/strong>: Abbiamo avuto molto successo utilizzando l&#8217;app. All&#8217;inizio sono stati tentativi ed errori mentre l&#8217;app era ancora in fase di sviluppo, ma ora funziona in modo rapido ed efficiente ed \u00e8 esattamente ci\u00f2 di cui abbiamo bisogno.<br \/>\n<strong>Pro<\/strong>: L&#8217;app Ecobot \u00e8 facile da usare e richiede poca o nessuna configurazione. \u00c8 facile da distribuire alle squadre sul campo, indipendentemente da dove si trovino. Hai tutto a portata di mano per completare i moduli USACE e inviarli.<br \/>\n<strong>Contro<\/strong>: Al momento non \u00e8 possibile modificare il PDF dopo aver completato il modulo. Devi rientrare manualmente e apportare le correzioni. Ci\u00f2 rende difficile per i project manager modificare i dati di pi\u00f9 squadre sul campo e recuperare i moduli di dati.<\/p>\n<p><strong>Jacqueline&#8221;Non ricordo la vita senza di lui&#8221;<\/strong><br \/>\n<strong>Commenti<\/strong>: Adoro l&#8217;Ecobot! Sono stato con loro sin dall&#8217;inizio e onestamente non riesco a vedermi tornare al vecchio modo di fare le cose.<br \/>\n<strong>Pro<\/strong>: \u00c8 cos\u00ec facile da usare! I ragazzi di Ecobot ascoltano davvero il feedback e vogliono che incorpori il maggior numero possibile di strumenti utili per rendere il nostro lavoro incredibilmente efficiente e pi\u00f9 semplice.<br \/>\n<strong>Contro<\/strong>: Vorrei che ci fosse un&#8217;interfaccia sul desktop che rendesse pi\u00f9 facile per i project manager\/revisori rivedere e modificare le schede tecniche online e in tempo reale invece di dover tornare al telefono dell&#8217;utente che ha creato la scheda tecnica per apportare modifiche.<\/p>\n","protected":false},"excerpt":{"rendered":"<p>La piattaforma Ecobot, software gestionale, composto da due parti, un&#8217;app per la raccolta dei dati sul campo e una dashboard di gestione dei progetti basato sul web, rispettivamente chiamati Ecobot Collector e Ecobot Manager. I servizi cloud della soluzione sono forniti tramite Amazon AWS East e la piattaforma \u00e8 conforme a FedRAMP, garantendo che i tuoi dati siano custoditi in modo sicuro.<\/p>\n","protected":false},"author":19,"featured_media":70892,"parent":70458,"menu_order":0,"comment_status":"open","ping_status":"closed","template":"g1_template_page_review_new.php","meta":{"_acf_changed":false,"cwp_meta_box_check":"Yes","cwp_rev_product_name":"","cwp_rev_product_image":"","wppr_links":[],"cwp_rev_price":"0.00","wppr_options":[{"name":"Usability","value":"0"},{"name":"Speed","value":"0"},{"name":"Features","value":"0"},{"name":"Support","value":"0"},{"name":"Pricing","value":"0"}],"wppr_pros":["","","","",""],"wppr_cons":["","","","",""],"_monsterinsights_skip_tracking":false,"_monsterinsights_sitenote_active":false,"_monsterinsights_sitenote_note":"","_monsterinsights_sitenote_category":0,"footnotes":""},"categories":[2459],"tags":[14558,14470,14478,14477,14480,14479],"features":[],"class_list":{"0":"post-70891","1":"page","2":"type-page","3":"status-publish","4":"has-post-thumbnail","6":"category-gestionale-per-edilizia-cat","7":"tag-ecobot","8":"tag-gestionale-edilizia","9":"tag-piattaforma-gestionale-edilizia","10":"tag-programma-gestionale-edilizia","11":"tag-software-gestionale-edilizia","12":"tag-soluzione-gestionale-edilizia"},"wppr_data":{"cwp_meta_box_check":"Yes","_wppr_review_template":"default","cwp_rev_product_image":"","cwp_image_link":"image","wppr_links":[],"cwp_rev_price":"0.00","wppr_pros":["","","","",""],"wppr_cons":["","","","",""],"wppr_rating":"0.00","wppr_options":{"1":{"name":"Usability","value":"0"},"2":{"name":"Speed","value":"0"},"3":{"name":"Features","value":"0"},"4":{"name":"Support","value":"0"},"5":{"name":"Pricing","value":"0"}},"wppr_review_type":"Product","wppr_review_custom_fields":{"additionalProperty":"","additionalType":"","aggregateRating":"","alternateName":"","audience":"","award":"","awards":"","brand":"","color":"","depth":"","description":"","disambiguatingDescription":"","gtin12":"","gtin13":"","gtin14":"","gtin8":"","height":"","identifier":"","image":"","isAccessoryOrSparePartFor":"","isConsumableFor":"","isRelatedTo":"","isSimilarTo":"","itemCondition":"","logo":"","mainEntityOfPage":"","manufacturer":"","material":"","model":"","mpn":"","name":"","offers":"","potentialAction":"","productID":"","productionDate":"","purchaseDate":"","releaseDate":"","review":"","reviews":"","sameAs":"","sku":"","slogan":"","subjectOf":"","url":"","weight":"","width":""}},"acf":[],"yoast_head":"<!-- This site is optimized with the Yoast SEO plugin v27.4 - https:\/\/yoast.com\/product\/yoast-seo-wordpress\/ -->\n<title>Ecobot: recensione software gestionale edilizia - Accurate Reviews<\/title>\n<meta name=\"description\" content=\"Ecobot: recensione software gestionale composto da due parti, un&#039;app per la raccolta dei dati e una dashboard di gestione dei progetti.\" \/>\n<meta name=\"robots\" content=\"index, follow, max-snippet:-1, max-image-preview:large, max-video-preview:-1\" \/>\n<link rel=\"canonical\" href=\"https:\/\/www.accuratereviews.com\/it\/software-gestionali-edilizia\/ecobot-recensione\/\" \/>\n<meta property=\"og:locale\" content=\"it_IT\" \/>\n<meta property=\"og:type\" content=\"article\" \/>\n<meta property=\"og:title\" content=\"Ecobot: recensione software gestionale edilizia - Accurate Reviews\" \/>\n<meta property=\"og:description\" content=\"Ecobot: recensione software gestionale composto da due parti, un&#039;app per la raccolta dei dati e una dashboard di gestione dei progetti.\" \/>\n<meta property=\"og:url\" content=\"https:\/\/www.accuratereviews.com\/it\/software-gestionali-edilizia\/ecobot-recensione\/\" \/>\n<meta property=\"og:site_name\" content=\"Accurate Reviews\" \/>\n<meta property=\"og:image\" content=\"https:\/\/www.accuratereviews.com\/wp-content\/uploads\/2023\/07\/Ecobot.webp\" \/>\n\t<meta property=\"og:image:width\" content=\"800\" \/>\n\t<meta property=\"og:image:height\" content=\"496\" \/>\n\t<meta property=\"og:image:type\" content=\"image\/webp\" \/>\n<meta name=\"twitter:card\" content=\"summary_large_image\" \/>\n<meta name=\"twitter:label1\" content=\"Tempo di lettura stimato\" \/>\n\t<meta name=\"twitter:data1\" content=\"4 minuti\" \/>\n<script type=\"application\/ld+json\" class=\"yoast-schema-graph\">{\"@context\":\"https:\\\/\\\/schema.org\",\"@graph\":[{\"@type\":\"WebPage\",\"@id\":\"https:\\\/\\\/www.accuratereviews.com\\\/it\\\/software-gestionali-edilizia\\\/ecobot-recensione\\\/\",\"url\":\"https:\\\/\\\/www.accuratereviews.com\\\/it\\\/software-gestionali-edilizia\\\/ecobot-recensione\\\/\",\"name\":\"Ecobot: recensione software gestionale edilizia - Accurate Reviews\",\"isPartOf\":{\"@id\":\"https:\\\/\\\/www.accuratereviews.com\\\/it\\\/#website\"},\"primaryImageOfPage\":{\"@id\":\"https:\\\/\\\/www.accuratereviews.com\\\/it\\\/software-gestionali-edilizia\\\/ecobot-recensione\\\/#primaryimage\"},\"image\":{\"@id\":\"https:\\\/\\\/www.accuratereviews.com\\\/it\\\/software-gestionali-edilizia\\\/ecobot-recensione\\\/#primaryimage\"},\"thumbnailUrl\":\"https:\\\/\\\/www.accuratereviews.com\\\/wp-content\\\/uploads\\\/2023\\\/07\\\/Ecobot.webp\",\"datePublished\":\"2023-07-27T07:29:25+00:00\",\"description\":\"Ecobot: recensione software gestionale composto da due parti, un'app per la raccolta dei dati e una dashboard di gestione dei progetti.\",\"breadcrumb\":{\"@id\":\"https:\\\/\\\/www.accuratereviews.com\\\/it\\\/software-gestionali-edilizia\\\/ecobot-recensione\\\/#breadcrumb\"},\"inLanguage\":\"it-IT\",\"potentialAction\":[{\"@type\":\"ReadAction\",\"target\":[\"https:\\\/\\\/www.accuratereviews.com\\\/it\\\/software-gestionali-edilizia\\\/ecobot-recensione\\\/\"]}]},{\"@type\":\"ImageObject\",\"inLanguage\":\"it-IT\",\"@id\":\"https:\\\/\\\/www.accuratereviews.com\\\/it\\\/software-gestionali-edilizia\\\/ecobot-recensione\\\/#primaryimage\",\"url\":\"https:\\\/\\\/www.accuratereviews.com\\\/wp-content\\\/uploads\\\/2023\\\/07\\\/Ecobot.webp\",\"contentUrl\":\"https:\\\/\\\/www.accuratereviews.com\\\/wp-content\\\/uploads\\\/2023\\\/07\\\/Ecobot.webp\",\"width\":800,\"height\":496},{\"@type\":\"BreadcrumbList\",\"@id\":\"https:\\\/\\\/www.accuratereviews.com\\\/it\\\/software-gestionali-edilizia\\\/ecobot-recensione\\\/#breadcrumb\",\"itemListElement\":[{\"@type\":\"ListItem\",\"position\":1,\"name\":\"Home\",\"item\":\"https:\\\/\\\/www.accuratereviews.com\\\/it\\\/\"},{\"@type\":\"ListItem\",\"position\":2,\"name\":\"Software gestionali per edilizia\",\"item\":\"https:\\\/\\\/www.accuratereviews.com\\\/it\\\/software-gestionali-edilizia\\\/\"},{\"@type\":\"ListItem\",\"position\":3,\"name\":\"Ecobot\"}]},{\"@type\":\"WebSite\",\"@id\":\"https:\\\/\\\/www.accuratereviews.com\\\/it\\\/#website\",\"url\":\"https:\\\/\\\/www.accuratereviews.com\\\/it\\\/\",\"name\":\"Accurate Reviews\",\"description\":\"\",\"potentialAction\":[{\"@type\":\"SearchAction\",\"target\":{\"@type\":\"EntryPoint\",\"urlTemplate\":\"https:\\\/\\\/www.accuratereviews.com\\\/it\\\/?s={search_term_string}\"},\"query-input\":{\"@type\":\"PropertyValueSpecification\",\"valueRequired\":true,\"valueName\":\"search_term_string\"}}],\"inLanguage\":\"it-IT\"}]}<\/script>\n<!-- \/ Yoast SEO plugin. -->","yoast_head_json":{"title":"Ecobot: recensione software gestionale edilizia - Accurate Reviews","description":"Ecobot: recensione software gestionale composto da due parti, un'app per la raccolta dei dati e una dashboard di gestione dei progetti.","robots":{"index":"index","follow":"follow","max-snippet":"max-snippet:-1","max-image-preview":"max-image-preview:large","max-video-preview":"max-video-preview:-1"},"canonical":"https:\/\/www.accuratereviews.com\/it\/software-gestionali-edilizia\/ecobot-recensione\/","og_locale":"it_IT","og_type":"article","og_title":"Ecobot: recensione software gestionale edilizia - Accurate Reviews","og_description":"Ecobot: recensione software gestionale composto da due parti, un'app per la raccolta dei dati e una dashboard di gestione dei progetti.","og_url":"https:\/\/www.accuratereviews.com\/it\/software-gestionali-edilizia\/ecobot-recensione\/","og_site_name":"Accurate Reviews","og_image":[{"width":800,"height":496,"url":"https:\/\/www.accuratereviews.com\/wp-content\/uploads\/2023\/07\/Ecobot.webp","type":"image\/webp"}],"twitter_card":"summary_large_image","twitter_misc":{"Tempo di lettura stimato":"4 minuti"},"schema":{"@context":"https:\/\/schema.org","@graph":[{"@type":"WebPage","@id":"https:\/\/www.accuratereviews.com\/it\/software-gestionali-edilizia\/ecobot-recensione\/","url":"https:\/\/www.accuratereviews.com\/it\/software-gestionali-edilizia\/ecobot-recensione\/","name":"Ecobot: recensione software gestionale edilizia - Accurate Reviews","isPartOf":{"@id":"https:\/\/www.accuratereviews.com\/it\/#website"},"primaryImageOfPage":{"@id":"https:\/\/www.accuratereviews.com\/it\/software-gestionali-edilizia\/ecobot-recensione\/#primaryimage"},"image":{"@id":"https:\/\/www.accuratereviews.com\/it\/software-gestionali-edilizia\/ecobot-recensione\/#primaryimage"},"thumbnailUrl":"https:\/\/www.accuratereviews.com\/wp-content\/uploads\/2023\/07\/Ecobot.webp","datePublished":"2023-07-27T07:29:25+00:00","description":"Ecobot: recensione software gestionale composto da due parti, un'app per la raccolta dei dati e una dashboard di gestione dei progetti.","breadcrumb":{"@id":"https:\/\/www.accuratereviews.com\/it\/software-gestionali-edilizia\/ecobot-recensione\/#breadcrumb"},"inLanguage":"it-IT","potentialAction":[{"@type":"ReadAction","target":["https:\/\/www.accuratereviews.com\/it\/software-gestionali-edilizia\/ecobot-recensione\/"]}]},{"@type":"ImageObject","inLanguage":"it-IT","@id":"https:\/\/www.accuratereviews.com\/it\/software-gestionali-edilizia\/ecobot-recensione\/#primaryimage","url":"https:\/\/www.accuratereviews.com\/wp-content\/uploads\/2023\/07\/Ecobot.webp","contentUrl":"https:\/\/www.accuratereviews.com\/wp-content\/uploads\/2023\/07\/Ecobot.webp","width":800,"height":496},{"@type":"BreadcrumbList","@id":"https:\/\/www.accuratereviews.com\/it\/software-gestionali-edilizia\/ecobot-recensione\/#breadcrumb","itemListElement":[{"@type":"ListItem","position":1,"name":"Home","item":"https:\/\/www.accuratereviews.com\/it\/"},{"@type":"ListItem","position":2,"name":"Software gestionali per edilizia","item":"https:\/\/www.accuratereviews.com\/it\/software-gestionali-edilizia\/"},{"@type":"ListItem","position":3,"name":"Ecobot"}]},{"@type":"WebSite","@id":"https:\/\/www.accuratereviews.com\/it\/#website","url":"https:\/\/www.accuratereviews.com\/it\/","name":"Accurate Reviews","description":"","potentialAction":[{"@type":"SearchAction","target":{"@type":"EntryPoint","urlTemplate":"https:\/\/www.accuratereviews.com\/it\/?s={search_term_string}"},"query-input":{"@type":"PropertyValueSpecification","valueRequired":true,"valueName":"search_term_string"}}],"inLanguage":"it-IT"}]}},"_links":{"self":[{"href":"https:\/\/www.accuratereviews.com\/it\/wp-json\/wp\/v2\/pages\/70891","targetHints":{"allow":["GET"]}}],"collection":[{"href":"https:\/\/www.accuratereviews.com\/it\/wp-json\/wp\/v2\/pages"}],"about":[{"href":"https:\/\/www.accuratereviews.com\/it\/wp-json\/wp\/v2\/types\/page"}],"author":[{"embeddable":true,"href":"https:\/\/www.accuratereviews.com\/it\/wp-json\/wp\/v2\/users\/19"}],"replies":[{"embeddable":true,"href":"https:\/\/www.accuratereviews.com\/it\/wp-json\/wp\/v2\/comments?post=70891"}],"version-history":[{"count":9,"href":"https:\/\/www.accuratereviews.com\/it\/wp-json\/wp\/v2\/pages\/70891\/revisions"}],"predecessor-version":[{"id":70941,"href":"https:\/\/www.accuratereviews.com\/it\/wp-json\/wp\/v2\/pages\/70891\/revisions\/70941"}],"up":[{"embeddable":true,"href":"https:\/\/www.accuratereviews.com\/it\/wp-json\/wp\/v2\/pages\/70458"}],"wp:featuredmedia":[{"embeddable":true,"href":"https:\/\/www.accuratereviews.com\/it\/wp-json\/wp\/v2\/media\/70892"}],"wp:attachment":[{"href":"https:\/\/www.accuratereviews.com\/it\/wp-json\/wp\/v2\/media?parent=70891"}],"wp:term":[{"taxonomy":"category","embeddable":true,"href":"https:\/\/www.accuratereviews.com\/it\/wp-json\/wp\/v2\/categories?post=70891"},{"taxonomy":"post_tag","embeddable":true,"href":"https:\/\/www.accuratereviews.com\/it\/wp-json\/wp\/v2\/tags?post=70891"},{"taxonomy":"features","embeddable":true,"href":"https:\/\/www.accuratereviews.com\/it\/wp-json\/wp\/v2\/features?post=70891"}],"curies":[{"name":"wp","href":"https:\/\/api.w.org\/{rel}","templated":true}]}}