{"id":70908,"date":"2023-07-27T14:28:13","date_gmt":"2023-07-27T14:28:13","guid":{"rendered":"https:\/\/www.accuratereviews.com\/?page_id=70908"},"modified":"2023-08-12T08:09:25","modified_gmt":"2023-08-12T08:09:25","slug":"skysite-recensione","status":"publish","type":"page","link":"https:\/\/www.accuratereviews.com\/it\/software-gestionali-edilizia\/skysite-recensione\/","title":{"rendered":"Skysite"},"content":{"rendered":"<p><strong>Skysite<\/strong> di ARC Document Management Solutions \u00e8 una soluzione di <strong>gestione dei contenuti<\/strong> basata su <strong>cloud<\/strong>, progettata per aiutare le imprese edili a tenere traccia dei propri file e delle proprie comunicazioni. Il programma \u00e8 compatibile con le interfacce Android e iPad e offre agli utenti la possibilit\u00e0 di archiviare i file offline.<br \/>\nSupporta tutti i formati di file di costruzione pi\u00f9 diffusi, affronta i flussi di lavoro tipici degli appaltatori generali e fornisce un unico punto di contatto per tutta la collaborazione di progetto. Gli utenti ottengono l&#8217;accesso sia ai dati storici che alle informazioni correnti insieme a disegni, documenti e specifiche mentre il sistema si sincronizza continuamente tra il cloud e i loro desktop o altri dispositivi.<\/p>\n<h2>SKYSITE &#8211; TUTORIAL<\/h2>\n<div id=\"fluid-wrapper-counter-1\" class=\"g1-fluid-wrapper \" style=\"width:686px;\">\n<div style=\"padding-bottom:56.268221574344%;\"><iframe loading=\"lazy\" title=\"SKYSITE Tutorial: Creating a Punch\" width=\"515\" height=\"386\" src=\"https:\/\/www.youtube.com\/embed\/syyqlUwNx2s?feature=oembed&amp;wmode=transparent&amp;autohide=1&amp;autoplay=0&amp;disablekb=0&amp;fs=1&amp;loop=0&amp;enablejsapi=1&amp;rel=0&amp;controls=2&amp;showinfo=0&amp;wmode=transparent&amp;autohide=2&amp;autoplay=0&amp;disablekb=0&amp;fs=1&amp;loop=0&amp;enablejsapi=1&amp;rel=0&amp;controls=2&amp;showinfo=1\" frameborder=\"0\" allow=\"accelerometer; autoplay; clipboard-write; encrypted-media; gyroscope; picture-in-picture; web-share\" allowfullscreen><\/iframe><\/div>\n<\/div>\n<h3>SKYSITE &#8211; CARATTERISTICHE<\/h3>\n<ul>\n<li><strong>Realizzato per l&#8217;edilizia e il design<\/strong>: abbandona le app di archiviazione generiche. Migliora la collaborazione e riduce le rilavorazioni e gli errori.<\/li>\n<li><strong>Cellulare:<\/strong> accedi e gestisci facilmente l&#8217;ultima serie di documenti di costruzione, indipendentemente da dove ti trovi.<\/li>\n<li><strong>Archiviazione illimitata<\/strong>: spazio di archiviazione illimitato. Nessun pagamento a foglio o modifica dei file di progetto per evitare costi e limiti di archiviazione.<\/li>\n<li><strong>Amministrazione RFI<\/strong>: organizza, monitora e rispondi facilmente alle RFI in tempo reale per una consegna pi\u00f9 rapida dei progetti.<\/li>\n<li><strong>Semplifica il processo di invio<\/strong>: elimina i colli di bottiglia con invii digitali per approvazioni pi\u00f9 rapide, monitoraggio migliore e rischi di progetto ridotti.<\/li>\n<li><strong>Gestione delle punch list<\/strong>: risparmia ore, persino giorni di chiusura con la gestione e il monitoraggio delle liste di punch.<\/li>\n<li><strong>Markup<\/strong>: crea e condividi i tuoi appunti al volo. Comunica in modo chiaro con il tuo team utilizzando foto, didascalie, linee, frecce, misure, testo e forme.<\/li>\n<li><strong>Gestione delle foto<\/strong>: tagga e organizza facilmente le foto del tuo progetto di costruzione. Collega le tue foto a disegni, RFI ed elenchi di punch per una ricerca velocissima.<\/li>\n<li><strong>Sincronizzazione automatica<\/strong>: condividi automaticamente gli aggiornamenti su tutti i dispositivi del tuo team, assicurandoti che siano sulla stessa pagina.<\/li>\n<li><strong>Ricerca potente<\/strong>: risparmia tempo prezioso al tuo team con la ricerca avanzata che ti consente di recuperare disegni o altri documenti di progetto in pochi secondi.<\/li>\n<li><strong>Visualizza e supporta pi\u00f9 formati di file<\/strong>: visualizza i file che usi di pi\u00f9, come Microsoft Office e i file immagine.<\/li>\n<li><strong>Sicurezza avanzata<\/strong>: proteggiti da violazioni dei dati, attacchi di phishing e fughe di password. Tranquillit\u00e0 in 2 passaggi.<\/li>\n<li><strong>Sposta file e cartelle<\/strong>: mantieni i tuoi file e cartelle organizzati in base alle tue esigenze.<\/li>\n<li><strong>Accesso singolo<\/strong>: ottieni maggiore sicurezza, costi di amministrazione ridotti e accesso semplificato.<\/li>\n<li><strong>Gestione della posta elettronica<\/strong>: la funzione di componente aggiuntivo per Outlook aiuta a sincronizzare e archiviare automaticamente tutti messaggi del tuo progetto.<\/li>\n<\/ul>\n<h4>LE RECENSIONI DEGLI UTENTI<\/h4>\n<p><strong>Christopher &#8220;Ottima app&#8221;<\/strong><br \/>\n<strong>Commenti<\/strong>: Niente pi\u00f9 carta nei nostri cantieri! Darei alla mia esperienza complessiva una A+!!<br \/>\n<strong>Pro<\/strong>: La facilit\u00e0 d&#8217;uso \u00e8 la parte migliore di questa applicazione, \u00e8 molto facile iniziare da zero un master.<br \/>\n<strong>Contro<\/strong>: L&#8217;aspetto interessante di questa applicazione \u00e8 che non potevo eliminare RFI quando stavo usando l&#8217;app&#8230;<\/p>\n<p><strong>Valarie &#8220;Prodotto per la gestione dei documenti del progetto con prova gratuita efficace.&#8221;<\/strong><br \/>\n<strong>Commenti<\/strong>: Contatti facili e prodotto per la gestione dei progetti di costruzione, con un&#8217;efficace capacit\u00e0 di includere foto nelle operazioni di rendicontazione.<br \/>\n<strong>Pro<\/strong>: La capacit\u00e0 di collaborazione \u00e8 buona, la sicurezza facile e la gestione del lavoro tramite l&#8217;uso di SKYSITE \u00e8 eccellente. La soluzione dispone di funzioni Drag and Drop per una navigazione pi\u00f9 rapida e consente il download di file e il salvataggio di diversi file di progetto.<br \/>\n<strong>Contro<\/strong>: Antipatia per le prestazioni di SKYSITE non ne ho mai avute, durante tutta la mia esperienza con questa piattaforma di gestione non ho nulla contro.<\/p>\n<p><strong>Josh &#8220;Ho usato questo sito per due progetti e ho avuto un grande successo.&#8221;<\/strong><br \/>\n<strong>Commenti<\/strong>: Facile condivisione dei file. Comunicazioni semplificate.<br \/>\n<strong>Pro<\/strong>: Facilit\u00e0 d&#8217;uso. Quasi tutti i subappaltatori possono navigare facilmente nel software. Mi piace la possibilit\u00e0 di impostare avvisi per singoli file.<br \/>\n<strong>Contro<\/strong>: i file di presentazione potrebbero utilizzare alcuni modi aggiuntivi per monitorare l&#8217;attivit\u00e0 della presentazione. Rendere la disponibilit\u00e0 per controllare un invio, timbrarlo e ricontrollarlo, indicando in qualche modo che \u00e8 stato esaminato dalla persona appropriata.<\/p>\n","protected":false},"excerpt":{"rendered":"<p>Skysite di ARC Document Management Solutions \u00e8 una soluzione di gestione dei contenuti basata su cloud progettata per aiutare le imprese edili a tenere traccia dei propri file e delle proprie comunicazioni. Il programma \u00e8 compatibile con le interfacce Android e iPad e offre agli utenti la possibilit\u00e0 di archiviare i file offline.<\/p>\n","protected":false},"author":19,"featured_media":70910,"parent":70458,"menu_order":0,"comment_status":"open","ping_status":"closed","template":"g1_template_page_review_new.php","meta":{"_acf_changed":false,"cwp_meta_box_check":"No","cwp_rev_product_name":"","cwp_rev_product_image":"","wppr_links":[],"cwp_rev_price":"","wppr_options":[],"wppr_pros":[],"wppr_cons":[],"_monsterinsights_skip_tracking":false,"_monsterinsights_sitenote_active":false,"_monsterinsights_sitenote_note":"","_monsterinsights_sitenote_category":0,"footnotes":""},"categories":[2459],"tags":[14470,14477,14559,14480,14479],"features":[],"class_list":{"0":"post-70908","1":"page","2":"type-page","3":"status-publish","4":"has-post-thumbnail","6":"category-gestionale-per-edilizia-cat","7":"tag-gestionale-edilizia","8":"tag-programma-gestionale-edilizia","9":"tag-skysite","10":"tag-software-gestionale-edilizia","11":"tag-soluzione-gestionale-edilizia"},"wppr_data":{"cwp_meta_box_check":"No"},"acf":[],"yoast_head":"<!-- This site is optimized with the Yoast SEO plugin v27.4 - https:\/\/yoast.com\/product\/yoast-seo-wordpress\/ -->\n<title>Skysite: recensione software gestionale edilizia - Accurate Reviews<\/title>\n<meta name=\"description\" content=\"Skysite: recensione della soluzione di gestione dei contenuti basata su cloud progettata per aiutare le imprese edili nel propio lavoro.\" \/>\n<meta name=\"robots\" content=\"index, follow, max-snippet:-1, max-image-preview:large, max-video-preview:-1\" \/>\n<link rel=\"canonical\" href=\"https:\/\/www.accuratereviews.com\/it\/software-gestionali-edilizia\/skysite-recensione\/\" \/>\n<meta property=\"og:locale\" content=\"it_IT\" \/>\n<meta property=\"og:type\" content=\"article\" \/>\n<meta property=\"og:title\" content=\"Skysite: recensione software gestionale edilizia - Accurate Reviews\" \/>\n<meta property=\"og:description\" content=\"Skysite: recensione della soluzione di gestione dei contenuti basata su cloud progettata per aiutare le imprese edili nel propio lavoro.\" \/>\n<meta property=\"og:url\" content=\"https:\/\/www.accuratereviews.com\/it\/software-gestionali-edilizia\/skysite-recensione\/\" \/>\n<meta property=\"og:site_name\" content=\"Accurate Reviews\" \/>\n<meta property=\"article:modified_time\" content=\"2023-08-12T08:09:25+00:00\" \/>\n<meta property=\"og:image\" content=\"https:\/\/www.accuratereviews.com\/wp-content\/uploads\/2023\/07\/SKYSITE.png\" \/>\n\t<meta property=\"og:image:width\" content=\"300\" \/>\n\t<meta property=\"og:image:height\" content=\"360\" \/>\n\t<meta property=\"og:image:type\" content=\"image\/png\" \/>\n<meta name=\"twitter:card\" content=\"summary_large_image\" \/>\n<meta name=\"twitter:label1\" content=\"Tempo di lettura stimato\" \/>\n\t<meta name=\"twitter:data1\" content=\"4 minuti\" \/>\n<script type=\"application\/ld+json\" class=\"yoast-schema-graph\">{\"@context\":\"https:\\\/\\\/schema.org\",\"@graph\":[{\"@type\":\"WebPage\",\"@id\":\"https:\\\/\\\/www.accuratereviews.com\\\/it\\\/software-gestionali-edilizia\\\/skysite-recensione\\\/\",\"url\":\"https:\\\/\\\/www.accuratereviews.com\\\/it\\\/software-gestionali-edilizia\\\/skysite-recensione\\\/\",\"name\":\"Skysite: recensione software gestionale edilizia - Accurate Reviews\",\"isPartOf\":{\"@id\":\"https:\\\/\\\/www.accuratereviews.com\\\/it\\\/#website\"},\"primaryImageOfPage\":{\"@id\":\"https:\\\/\\\/www.accuratereviews.com\\\/it\\\/software-gestionali-edilizia\\\/skysite-recensione\\\/#primaryimage\"},\"image\":{\"@id\":\"https:\\\/\\\/www.accuratereviews.com\\\/it\\\/software-gestionali-edilizia\\\/skysite-recensione\\\/#primaryimage\"},\"thumbnailUrl\":\"https:\\\/\\\/www.accuratereviews.com\\\/wp-content\\\/uploads\\\/2023\\\/07\\\/SKYSITE.png\",\"datePublished\":\"2023-07-27T14:28:13+00:00\",\"dateModified\":\"2023-08-12T08:09:25+00:00\",\"description\":\"Skysite: recensione della soluzione di gestione dei contenuti basata su cloud progettata per aiutare le imprese edili nel propio lavoro.\",\"breadcrumb\":{\"@id\":\"https:\\\/\\\/www.accuratereviews.com\\\/it\\\/software-gestionali-edilizia\\\/skysite-recensione\\\/#breadcrumb\"},\"inLanguage\":\"it-IT\",\"potentialAction\":[{\"@type\":\"ReadAction\",\"target\":[\"https:\\\/\\\/www.accuratereviews.com\\\/it\\\/software-gestionali-edilizia\\\/skysite-recensione\\\/\"]}]},{\"@type\":\"ImageObject\",\"inLanguage\":\"it-IT\",\"@id\":\"https:\\\/\\\/www.accuratereviews.com\\\/it\\\/software-gestionali-edilizia\\\/skysite-recensione\\\/#primaryimage\",\"url\":\"https:\\\/\\\/www.accuratereviews.com\\\/wp-content\\\/uploads\\\/2023\\\/07\\\/SKYSITE.png\",\"contentUrl\":\"https:\\\/\\\/www.accuratereviews.com\\\/wp-content\\\/uploads\\\/2023\\\/07\\\/SKYSITE.png\",\"width\":300,\"height\":360},{\"@type\":\"BreadcrumbList\",\"@id\":\"https:\\\/\\\/www.accuratereviews.com\\\/it\\\/software-gestionali-edilizia\\\/skysite-recensione\\\/#breadcrumb\",\"itemListElement\":[{\"@type\":\"ListItem\",\"position\":1,\"name\":\"Home\",\"item\":\"https:\\\/\\\/www.accuratereviews.com\\\/it\\\/\"},{\"@type\":\"ListItem\",\"position\":2,\"name\":\"Software gestionali per edilizia\",\"item\":\"https:\\\/\\\/www.accuratereviews.com\\\/it\\\/software-gestionali-edilizia\\\/\"},{\"@type\":\"ListItem\",\"position\":3,\"name\":\"Skysite\"}]},{\"@type\":\"WebSite\",\"@id\":\"https:\\\/\\\/www.accuratereviews.com\\\/it\\\/#website\",\"url\":\"https:\\\/\\\/www.accuratereviews.com\\\/it\\\/\",\"name\":\"Accurate Reviews\",\"description\":\"\",\"potentialAction\":[{\"@type\":\"SearchAction\",\"target\":{\"@type\":\"EntryPoint\",\"urlTemplate\":\"https:\\\/\\\/www.accuratereviews.com\\\/it\\\/?s={search_term_string}\"},\"query-input\":{\"@type\":\"PropertyValueSpecification\",\"valueRequired\":true,\"valueName\":\"search_term_string\"}}],\"inLanguage\":\"it-IT\"}]}<\/script>\n<!-- \/ Yoast SEO plugin. -->","yoast_head_json":{"title":"Skysite: recensione software gestionale edilizia - Accurate Reviews","description":"Skysite: recensione della soluzione di gestione dei contenuti basata su cloud progettata per aiutare le imprese edili nel propio lavoro.","robots":{"index":"index","follow":"follow","max-snippet":"max-snippet:-1","max-image-preview":"max-image-preview:large","max-video-preview":"max-video-preview:-1"},"canonical":"https:\/\/www.accuratereviews.com\/it\/software-gestionali-edilizia\/skysite-recensione\/","og_locale":"it_IT","og_type":"article","og_title":"Skysite: recensione software gestionale edilizia - Accurate Reviews","og_description":"Skysite: recensione della soluzione di gestione dei contenuti basata su cloud progettata per aiutare le imprese edili nel propio lavoro.","og_url":"https:\/\/www.accuratereviews.com\/it\/software-gestionali-edilizia\/skysite-recensione\/","og_site_name":"Accurate Reviews","article_modified_time":"2023-08-12T08:09:25+00:00","og_image":[{"width":300,"height":360,"url":"https:\/\/www.accuratereviews.com\/wp-content\/uploads\/2023\/07\/SKYSITE.png","type":"image\/png"}],"twitter_card":"summary_large_image","twitter_misc":{"Tempo di lettura stimato":"4 minuti"},"schema":{"@context":"https:\/\/schema.org","@graph":[{"@type":"WebPage","@id":"https:\/\/www.accuratereviews.com\/it\/software-gestionali-edilizia\/skysite-recensione\/","url":"https:\/\/www.accuratereviews.com\/it\/software-gestionali-edilizia\/skysite-recensione\/","name":"Skysite: recensione software gestionale edilizia - Accurate Reviews","isPartOf":{"@id":"https:\/\/www.accuratereviews.com\/it\/#website"},"primaryImageOfPage":{"@id":"https:\/\/www.accuratereviews.com\/it\/software-gestionali-edilizia\/skysite-recensione\/#primaryimage"},"image":{"@id":"https:\/\/www.accuratereviews.com\/it\/software-gestionali-edilizia\/skysite-recensione\/#primaryimage"},"thumbnailUrl":"https:\/\/www.accuratereviews.com\/wp-content\/uploads\/2023\/07\/SKYSITE.png","datePublished":"2023-07-27T14:28:13+00:00","dateModified":"2023-08-12T08:09:25+00:00","description":"Skysite: recensione della soluzione di gestione dei contenuti basata su cloud progettata per aiutare le imprese edili nel propio lavoro.","breadcrumb":{"@id":"https:\/\/www.accuratereviews.com\/it\/software-gestionali-edilizia\/skysite-recensione\/#breadcrumb"},"inLanguage":"it-IT","potentialAction":[{"@type":"ReadAction","target":["https:\/\/www.accuratereviews.com\/it\/software-gestionali-edilizia\/skysite-recensione\/"]}]},{"@type":"ImageObject","inLanguage":"it-IT","@id":"https:\/\/www.accuratereviews.com\/it\/software-gestionali-edilizia\/skysite-recensione\/#primaryimage","url":"https:\/\/www.accuratereviews.com\/wp-content\/uploads\/2023\/07\/SKYSITE.png","contentUrl":"https:\/\/www.accuratereviews.com\/wp-content\/uploads\/2023\/07\/SKYSITE.png","width":300,"height":360},{"@type":"BreadcrumbList","@id":"https:\/\/www.accuratereviews.com\/it\/software-gestionali-edilizia\/skysite-recensione\/#breadcrumb","itemListElement":[{"@type":"ListItem","position":1,"name":"Home","item":"https:\/\/www.accuratereviews.com\/it\/"},{"@type":"ListItem","position":2,"name":"Software gestionali per edilizia","item":"https:\/\/www.accuratereviews.com\/it\/software-gestionali-edilizia\/"},{"@type":"ListItem","position":3,"name":"Skysite"}]},{"@type":"WebSite","@id":"https:\/\/www.accuratereviews.com\/it\/#website","url":"https:\/\/www.accuratereviews.com\/it\/","name":"Accurate Reviews","description":"","potentialAction":[{"@type":"SearchAction","target":{"@type":"EntryPoint","urlTemplate":"https:\/\/www.accuratereviews.com\/it\/?s={search_term_string}"},"query-input":{"@type":"PropertyValueSpecification","valueRequired":true,"valueName":"search_term_string"}}],"inLanguage":"it-IT"}]}},"_links":{"self":[{"href":"https:\/\/www.accuratereviews.com\/it\/wp-json\/wp\/v2\/pages\/70908","targetHints":{"allow":["GET"]}}],"collection":[{"href":"https:\/\/www.accuratereviews.com\/it\/wp-json\/wp\/v2\/pages"}],"about":[{"href":"https:\/\/www.accuratereviews.com\/it\/wp-json\/wp\/v2\/types\/page"}],"author":[{"embeddable":true,"href":"https:\/\/www.accuratereviews.com\/it\/wp-json\/wp\/v2\/users\/19"}],"replies":[{"embeddable":true,"href":"https:\/\/www.accuratereviews.com\/it\/wp-json\/wp\/v2\/comments?post=70908"}],"version-history":[{"count":13,"href":"https:\/\/www.accuratereviews.com\/it\/wp-json\/wp\/v2\/pages\/70908\/revisions"}],"predecessor-version":[{"id":71318,"href":"https:\/\/www.accuratereviews.com\/it\/wp-json\/wp\/v2\/pages\/70908\/revisions\/71318"}],"up":[{"embeddable":true,"href":"https:\/\/www.accuratereviews.com\/it\/wp-json\/wp\/v2\/pages\/70458"}],"wp:featuredmedia":[{"embeddable":true,"href":"https:\/\/www.accuratereviews.com\/it\/wp-json\/wp\/v2\/media\/70910"}],"wp:attachment":[{"href":"https:\/\/www.accuratereviews.com\/it\/wp-json\/wp\/v2\/media?parent=70908"}],"wp:term":[{"taxonomy":"category","embeddable":true,"href":"https:\/\/www.accuratereviews.com\/it\/wp-json\/wp\/v2\/categories?post=70908"},{"taxonomy":"post_tag","embeddable":true,"href":"https:\/\/www.accuratereviews.com\/it\/wp-json\/wp\/v2\/tags?post=70908"},{"taxonomy":"features","embeddable":true,"href":"https:\/\/www.accuratereviews.com\/it\/wp-json\/wp\/v2\/features?post=70908"}],"curies":[{"name":"wp","href":"https:\/\/api.w.org\/{rel}","templated":true}]}}