{"id":70931,"date":"2023-07-28T11:05:31","date_gmt":"2023-07-28T11:05:31","guid":{"rendered":"https:\/\/www.accuratereviews.com\/?page_id=70931"},"modified":"2023-07-28T11:51:44","modified_gmt":"2023-07-28T11:51:44","slug":"supplypro-recensione","status":"publish","type":"page","link":"https:\/\/www.accuratereviews.com\/it\/software-gestionali-edilizia\/supplypro-recensione\/","title":{"rendered":"SupplyPro"},"content":{"rendered":"<p><strong>SupplyPro<\/strong> \u00e8 una <strong>soluzione di gestione delle costruzioni<\/strong> basata su <strong>cloud<\/strong>, che aiuta costruttori e fornitori a gestire offerte, documenti, servizi sul campo e altro ancora. La piattaforma centralizzata consente ai manager di condividere le informazioni fiscali con i membri del team e generare report contabili per fornire informazioni sui costi finanziari tra i progetti.<br \/>\nLe funzionalit\u00e0 includono: stima, collaborazione, controllo della versione, contabilit\u00e0 generale, avvisi\/notifiche e gestione delle relazioni con i clienti (CRM). Gli utenti possono calcolare i budget per i lavori, ottenere l&#8217;approvazione degli ordini di acquisto e gestire le transazioni. Inoltre, permette agli appaltatori di caricare documenti critici in un database integrato e applicare l&#8217;accesso basato sui ruoli per modificare o eliminare file, riducendo al minimo le violazioni non autorizzate dei dati.<br \/>\n<strong>SupplyPro <\/strong>viene fornito con una dashboard amministrativa, che consente agli utenti di visualizzare i dettagli degli ordini di lavoro inviati, ricevuti, spediti e completati.<\/p>\n<h2>SUPPLYPRO &#8211; TUTORIAL<\/h2>\n<div id=\"fluid-wrapper-counter-1\" class=\"g1-fluid-wrapper \" style=\"width:686px;\">\n<div style=\"padding-bottom:56.268221574344%;\"><iframe loading=\"lazy\" title=\"SupplyPro GM: Designed for Supplier and Contractors | Hyphen Solutions\" width=\"686\" height=\"386\" src=\"https:\/\/www.youtube.com\/embed\/M7qZMmusLC0?feature=oembed&amp;wmode=transparent&amp;autohide=1&amp;autoplay=0&amp;disablekb=0&amp;fs=1&amp;loop=0&amp;enablejsapi=1&amp;rel=0&amp;controls=2&amp;showinfo=0&amp;wmode=transparent&amp;autohide=2&amp;autoplay=0&amp;disablekb=0&amp;fs=1&amp;loop=0&amp;enablejsapi=1&amp;rel=0&amp;controls=2&amp;showinfo=1\" frameborder=\"0\" allow=\"accelerometer; autoplay; clipboard-write; encrypted-media; gyroscope; picture-in-picture; web-share\" allowfullscreen><\/iframe><\/div>\n<\/div>\n<h3>SUPPLYPRO &#8211; CARATTERISTICHE<\/h3>\n<ul>\n<li><strong>Collegamento diretto ai costruttori<\/strong>: con questo software la comunicazione avviene in un istante e c&#8217;\u00e8 una registrazione di ogni aggiornamento, ordine, messaggio e interazione per mantenere i processi in esecuzione in modo efficiente e far risparmiare tempo e denaro a tutte le parti.<\/li>\n<li><strong>Nulla da installare<\/strong>: tutto \u00e8 accessibile istantaneamente online, in un ambiente cloud-hosted sicuro. Tutti gli aggiornamenti vengono inviati immediatamente al software, quindi \u00e8 sempre aggiornato, senza che tu debba muovere un dito.<\/li>\n<li><strong>Ottimizzazione del rilascio del lien<\/strong>: automatizza i processi di rilascio dei privilegi fino al punto di massima efficienza. Utilizzando le firme elettroniche, le transazioni avvengono istantaneamente e tutta la documentazione viene salvata digitalmente per una registrazione chiara e concisa. Non \u00e8 pi\u00f9 necessario stampare, inviare fax o archiviare.<\/li>\n<li><strong>Gestione semplificata degli ordini<\/strong>: la pianificazione, la comunicazione, la contabilit\u00e0 e la rendicontazione ottimizzate si combinano per assicurarti di essere pagato correttamente e tempestivamente. Essendo una soluzione digitale basata su cloud, non ci sono possibilit\u00e0 di problemi di comunicazione tra costruttori, commercianti e il tuo team interno.<\/li>\n<li><strong>Amministrazione efficiente dei documenti<\/strong>: una caratteristica fondamentale \u00e8 il repository di risorse digitali, che crea un unico portale per tutte le comunicazioni con i costruttori. Questa libreria ad alta sicurezza dei tuoi documenti digitali ha severi controlli su chi pu\u00f2 accedere a cosa, registra automaticamente gli aggiornamenti e lascia una traccia completa delle modifiche.<\/li>\n<\/ul>\n<h4>LE RECENSIONI DEGLI UTENTI<\/h4>\n<p><strong>Stefania &#8220;Ottimo prodotto&#8221;<\/strong><br \/>\n<strong>Pro<\/strong>: Hyphen \u00e8 di gran lunga il miglior prodotto software sul mercato per la costruzione di case per la programmazione. L&#8217;aspetto della pianificazione del software \u00e8 fantastico. Facile da imparare, amo poter vedere la cronologia del lavoro e scrivere appunti.<br \/>\n<strong>Contro<\/strong>: Non mi piace come viene determinata la fatturazione. Ti viene addebitato ogni ordine postale in trattino anche se gli ordini postali sono sbagliati o azzerati o addirittura ti viene addebitato se non stiamo realizzando alcun prodotto. Abbiamo problemi con gli importi in dollari dei costruttori e gli ordini postali vengono aggiunti quindi ci viene addebitato un costo per ogni singola casella postale e potrebbero esserci molte caselle postali separate per ogni casa. Questo si somma davvero nel tempo. Quindi pi\u00f9 caselle postali hai pi\u00f9 ti vengono fatturate. Dovrebbe essere fatturato per casa NON per p.o.<\/p>\n<p><strong>Bob &#8220;Nel complesso, SupplyPro \u00e8 stato un ottimo strumento.&#8221;<\/strong><br \/>\n<strong>Commenti<\/strong>: Ci aiuta a capire il nostro flusso di cassa e costruttori.<br \/>\n<strong>Pro<\/strong>: mi piace la facilit\u00e0 d&#8217;uso e i molti modi per trovare lotti dai diversi costruttori. Mi piace anche la facilit\u00e0 di firmare le rinunce per i diversi costruttori con cui facciamo affari.<br \/>\n<strong>Contro<\/strong>: Vorrei che ci fosse un modo per accedere ai lotti in base all&#8217;importo in dollari del lavoro. Ci\u00f2 renderebbe semplice se non disponiamo di molte informazioni su un particolare lotto.<\/p>\n<p><strong>Nikki &#8220;Aiuta a mantenere le cose organizzate&#8221;<\/strong><br \/>\n<strong>Commenti<\/strong>: Ti consente di conservare la maggior parte delle cose che devi sapere per un lavoro in un unico posto.<br \/>\n<strong>Pro<\/strong>: Facile da iniziare e include molte funzioni che aiutano a mantenere i lavori organizzati. I promemoria via email ci aiutano a rimanere in pista.<br \/>\n<strong>Contro<\/strong>: Vorrei vedere un modo per aggiungere note a un lavoro anzich\u00e9 a un&#8217;attivit\u00e0. Alcune altre funzionalit\u00e0 potrebbero essere migliorate o semplificate, ma nel complesso il sistema funziona come previsto.<\/p>\n","protected":false},"excerpt":{"rendered":"<p>SupplyPro \u00e8 una soluzione di gestione delle costruzioni basata su cloud, che aiuta costruttori e fornitori a gestire offerte, documenti, servizi sul campo e altro ancora. La piattaforma centralizzata consente ai manager di condividere le informazioni fiscali con i membri del team e generare report contabili per fornire informazioni sui costi finanziari tra i progetti.<\/p>\n","protected":false},"author":19,"featured_media":70932,"parent":70458,"menu_order":0,"comment_status":"open","ping_status":"closed","template":"g1_template_page_review_new.php","meta":{"_acf_changed":false,"cwp_meta_box_check":"Yes","cwp_rev_product_name":"","cwp_rev_product_image":"","wppr_links":[],"cwp_rev_price":"0.00","wppr_options":[{"name":"Usability","value":"0"},{"name":"Speed","value":"0"},{"name":"Features","value":"0"},{"name":"Support","value":"0"},{"name":"Pricing","value":"0"}],"wppr_pros":["","","","",""],"wppr_cons":["","","","",""],"_monsterinsights_skip_tracking":false,"_monsterinsights_sitenote_active":false,"_monsterinsights_sitenote_note":"","_monsterinsights_sitenote_category":0,"footnotes":""},"categories":[2459],"tags":[14470,14478,14477,14480,14479,2588],"features":[],"class_list":{"0":"post-70931","1":"page","2":"type-page","3":"status-publish","4":"has-post-thumbnail","6":"category-gestionale-per-edilizia-cat","7":"tag-gestionale-edilizia","8":"tag-piattaforma-gestionale-edilizia","9":"tag-programma-gestionale-edilizia","10":"tag-software-gestionale-edilizia","11":"tag-soluzione-gestionale-edilizia","12":"tag-supplypro"},"wppr_data":{"cwp_meta_box_check":"Yes","_wppr_review_template":"default","cwp_rev_product_image":"","cwp_image_link":"image","wppr_links":[],"cwp_rev_price":"0.00","wppr_pros":["","","","",""],"wppr_cons":["","","","",""],"wppr_rating":"0.00","wppr_options":{"1":{"name":"Usability","value":"0"},"2":{"name":"Speed","value":"0"},"3":{"name":"Features","value":"0"},"4":{"name":"Support","value":"0"},"5":{"name":"Pricing","value":"0"}},"wppr_review_type":"Product","wppr_review_custom_fields":{"additionalProperty":"","additionalType":"","aggregateRating":"","alternateName":"","audience":"","award":"","awards":"","brand":"","color":"","depth":"","description":"","disambiguatingDescription":"","gtin12":"","gtin13":"","gtin14":"","gtin8":"","height":"","identifier":"","image":"","isAccessoryOrSparePartFor":"","isConsumableFor":"","isRelatedTo":"","isSimilarTo":"","itemCondition":"","logo":"","mainEntityOfPage":"","manufacturer":"","material":"","model":"","mpn":"","name":"","offers":"","potentialAction":"","productID":"","productionDate":"","purchaseDate":"","releaseDate":"","review":"","reviews":"","sameAs":"","sku":"","slogan":"","subjectOf":"","url":"","weight":"","width":""}},"acf":[],"yoast_head":"<!-- This site is optimized with the Yoast SEO plugin v27.4 - https:\/\/yoast.com\/product\/yoast-seo-wordpress\/ -->\n<title>SupplyPro: recensione gestionale edilizia - Accurate Reviews<\/title>\n<meta name=\"description\" content=\"SupplyPro: recensione gestionale di edilizia che aiuta costruttori e fornitori a gestire offerte, documenti e servizi sul campo.\" \/>\n<meta name=\"robots\" content=\"index, follow, max-snippet:-1, max-image-preview:large, max-video-preview:-1\" \/>\n<link rel=\"canonical\" href=\"https:\/\/www.accuratereviews.com\/it\/software-gestionali-edilizia\/supplypro-recensione\/\" \/>\n<meta property=\"og:locale\" content=\"it_IT\" \/>\n<meta property=\"og:type\" content=\"article\" \/>\n<meta property=\"og:title\" content=\"SupplyPro: recensione gestionale edilizia - Accurate Reviews\" \/>\n<meta property=\"og:description\" content=\"SupplyPro: recensione gestionale di edilizia che aiuta costruttori e fornitori a gestire offerte, documenti e servizi sul campo.\" \/>\n<meta property=\"og:url\" content=\"https:\/\/www.accuratereviews.com\/it\/software-gestionali-edilizia\/supplypro-recensione\/\" \/>\n<meta property=\"og:site_name\" content=\"Accurate Reviews\" \/>\n<meta property=\"article:modified_time\" content=\"2023-07-28T11:51:44+00:00\" \/>\n<meta property=\"og:image\" content=\"https:\/\/www.accuratereviews.com\/wp-content\/uploads\/2023\/07\/SupplyPro.png\" \/>\n\t<meta property=\"og:image:width\" content=\"512\" \/>\n\t<meta property=\"og:image:height\" content=\"512\" \/>\n\t<meta property=\"og:image:type\" content=\"image\/png\" \/>\n<meta name=\"twitter:card\" content=\"summary_large_image\" \/>\n<meta name=\"twitter:label1\" content=\"Tempo di lettura stimato\" \/>\n\t<meta name=\"twitter:data1\" content=\"4 minuti\" \/>\n<script type=\"application\/ld+json\" class=\"yoast-schema-graph\">{\"@context\":\"https:\\\/\\\/schema.org\",\"@graph\":[{\"@type\":\"WebPage\",\"@id\":\"https:\\\/\\\/www.accuratereviews.com\\\/it\\\/software-gestionali-edilizia\\\/supplypro-recensione\\\/\",\"url\":\"https:\\\/\\\/www.accuratereviews.com\\\/it\\\/software-gestionali-edilizia\\\/supplypro-recensione\\\/\",\"name\":\"SupplyPro: recensione gestionale edilizia - Accurate Reviews\",\"isPartOf\":{\"@id\":\"https:\\\/\\\/www.accuratereviews.com\\\/it\\\/#website\"},\"primaryImageOfPage\":{\"@id\":\"https:\\\/\\\/www.accuratereviews.com\\\/it\\\/software-gestionali-edilizia\\\/supplypro-recensione\\\/#primaryimage\"},\"image\":{\"@id\":\"https:\\\/\\\/www.accuratereviews.com\\\/it\\\/software-gestionali-edilizia\\\/supplypro-recensione\\\/#primaryimage\"},\"thumbnailUrl\":\"https:\\\/\\\/www.accuratereviews.com\\\/wp-content\\\/uploads\\\/2023\\\/07\\\/SupplyPro.png\",\"datePublished\":\"2023-07-28T11:05:31+00:00\",\"dateModified\":\"2023-07-28T11:51:44+00:00\",\"description\":\"SupplyPro: recensione gestionale di edilizia che aiuta costruttori e fornitori a gestire offerte, documenti e servizi sul campo.\",\"breadcrumb\":{\"@id\":\"https:\\\/\\\/www.accuratereviews.com\\\/it\\\/software-gestionali-edilizia\\\/supplypro-recensione\\\/#breadcrumb\"},\"inLanguage\":\"it-IT\",\"potentialAction\":[{\"@type\":\"ReadAction\",\"target\":[\"https:\\\/\\\/www.accuratereviews.com\\\/it\\\/software-gestionali-edilizia\\\/supplypro-recensione\\\/\"]}]},{\"@type\":\"ImageObject\",\"inLanguage\":\"it-IT\",\"@id\":\"https:\\\/\\\/www.accuratereviews.com\\\/it\\\/software-gestionali-edilizia\\\/supplypro-recensione\\\/#primaryimage\",\"url\":\"https:\\\/\\\/www.accuratereviews.com\\\/wp-content\\\/uploads\\\/2023\\\/07\\\/SupplyPro.png\",\"contentUrl\":\"https:\\\/\\\/www.accuratereviews.com\\\/wp-content\\\/uploads\\\/2023\\\/07\\\/SupplyPro.png\",\"width\":512,\"height\":512},{\"@type\":\"BreadcrumbList\",\"@id\":\"https:\\\/\\\/www.accuratereviews.com\\\/it\\\/software-gestionali-edilizia\\\/supplypro-recensione\\\/#breadcrumb\",\"itemListElement\":[{\"@type\":\"ListItem\",\"position\":1,\"name\":\"Home\",\"item\":\"https:\\\/\\\/www.accuratereviews.com\\\/it\\\/\"},{\"@type\":\"ListItem\",\"position\":2,\"name\":\"Software gestionali per edilizia\",\"item\":\"https:\\\/\\\/www.accuratereviews.com\\\/it\\\/software-gestionali-edilizia\\\/\"},{\"@type\":\"ListItem\",\"position\":3,\"name\":\"SupplyPro\"}]},{\"@type\":\"WebSite\",\"@id\":\"https:\\\/\\\/www.accuratereviews.com\\\/it\\\/#website\",\"url\":\"https:\\\/\\\/www.accuratereviews.com\\\/it\\\/\",\"name\":\"Accurate Reviews\",\"description\":\"\",\"potentialAction\":[{\"@type\":\"SearchAction\",\"target\":{\"@type\":\"EntryPoint\",\"urlTemplate\":\"https:\\\/\\\/www.accuratereviews.com\\\/it\\\/?s={search_term_string}\"},\"query-input\":{\"@type\":\"PropertyValueSpecification\",\"valueRequired\":true,\"valueName\":\"search_term_string\"}}],\"inLanguage\":\"it-IT\"}]}<\/script>\n<!-- \/ Yoast SEO plugin. -->","yoast_head_json":{"title":"SupplyPro: recensione gestionale edilizia - Accurate Reviews","description":"SupplyPro: recensione gestionale di edilizia che aiuta costruttori e fornitori a gestire offerte, documenti e servizi sul campo.","robots":{"index":"index","follow":"follow","max-snippet":"max-snippet:-1","max-image-preview":"max-image-preview:large","max-video-preview":"max-video-preview:-1"},"canonical":"https:\/\/www.accuratereviews.com\/it\/software-gestionali-edilizia\/supplypro-recensione\/","og_locale":"it_IT","og_type":"article","og_title":"SupplyPro: recensione gestionale edilizia - Accurate Reviews","og_description":"SupplyPro: recensione gestionale di edilizia che aiuta costruttori e fornitori a gestire offerte, documenti e servizi sul campo.","og_url":"https:\/\/www.accuratereviews.com\/it\/software-gestionali-edilizia\/supplypro-recensione\/","og_site_name":"Accurate Reviews","article_modified_time":"2023-07-28T11:51:44+00:00","og_image":[{"width":512,"height":512,"url":"https:\/\/www.accuratereviews.com\/wp-content\/uploads\/2023\/07\/SupplyPro.png","type":"image\/png"}],"twitter_card":"summary_large_image","twitter_misc":{"Tempo di lettura stimato":"4 minuti"},"schema":{"@context":"https:\/\/schema.org","@graph":[{"@type":"WebPage","@id":"https:\/\/www.accuratereviews.com\/it\/software-gestionali-edilizia\/supplypro-recensione\/","url":"https:\/\/www.accuratereviews.com\/it\/software-gestionali-edilizia\/supplypro-recensione\/","name":"SupplyPro: recensione gestionale edilizia - Accurate Reviews","isPartOf":{"@id":"https:\/\/www.accuratereviews.com\/it\/#website"},"primaryImageOfPage":{"@id":"https:\/\/www.accuratereviews.com\/it\/software-gestionali-edilizia\/supplypro-recensione\/#primaryimage"},"image":{"@id":"https:\/\/www.accuratereviews.com\/it\/software-gestionali-edilizia\/supplypro-recensione\/#primaryimage"},"thumbnailUrl":"https:\/\/www.accuratereviews.com\/wp-content\/uploads\/2023\/07\/SupplyPro.png","datePublished":"2023-07-28T11:05:31+00:00","dateModified":"2023-07-28T11:51:44+00:00","description":"SupplyPro: recensione gestionale di edilizia che aiuta costruttori e fornitori a gestire offerte, documenti e servizi sul campo.","breadcrumb":{"@id":"https:\/\/www.accuratereviews.com\/it\/software-gestionali-edilizia\/supplypro-recensione\/#breadcrumb"},"inLanguage":"it-IT","potentialAction":[{"@type":"ReadAction","target":["https:\/\/www.accuratereviews.com\/it\/software-gestionali-edilizia\/supplypro-recensione\/"]}]},{"@type":"ImageObject","inLanguage":"it-IT","@id":"https:\/\/www.accuratereviews.com\/it\/software-gestionali-edilizia\/supplypro-recensione\/#primaryimage","url":"https:\/\/www.accuratereviews.com\/wp-content\/uploads\/2023\/07\/SupplyPro.png","contentUrl":"https:\/\/www.accuratereviews.com\/wp-content\/uploads\/2023\/07\/SupplyPro.png","width":512,"height":512},{"@type":"BreadcrumbList","@id":"https:\/\/www.accuratereviews.com\/it\/software-gestionali-edilizia\/supplypro-recensione\/#breadcrumb","itemListElement":[{"@type":"ListItem","position":1,"name":"Home","item":"https:\/\/www.accuratereviews.com\/it\/"},{"@type":"ListItem","position":2,"name":"Software gestionali per edilizia","item":"https:\/\/www.accuratereviews.com\/it\/software-gestionali-edilizia\/"},{"@type":"ListItem","position":3,"name":"SupplyPro"}]},{"@type":"WebSite","@id":"https:\/\/www.accuratereviews.com\/it\/#website","url":"https:\/\/www.accuratereviews.com\/it\/","name":"Accurate Reviews","description":"","potentialAction":[{"@type":"SearchAction","target":{"@type":"EntryPoint","urlTemplate":"https:\/\/www.accuratereviews.com\/it\/?s={search_term_string}"},"query-input":{"@type":"PropertyValueSpecification","valueRequired":true,"valueName":"search_term_string"}}],"inLanguage":"it-IT"}]}},"_links":{"self":[{"href":"https:\/\/www.accuratereviews.com\/it\/wp-json\/wp\/v2\/pages\/70931","targetHints":{"allow":["GET"]}}],"collection":[{"href":"https:\/\/www.accuratereviews.com\/it\/wp-json\/wp\/v2\/pages"}],"about":[{"href":"https:\/\/www.accuratereviews.com\/it\/wp-json\/wp\/v2\/types\/page"}],"author":[{"embeddable":true,"href":"https:\/\/www.accuratereviews.com\/it\/wp-json\/wp\/v2\/users\/19"}],"replies":[{"embeddable":true,"href":"https:\/\/www.accuratereviews.com\/it\/wp-json\/wp\/v2\/comments?post=70931"}],"version-history":[{"count":12,"href":"https:\/\/www.accuratereviews.com\/it\/wp-json\/wp\/v2\/pages\/70931\/revisions"}],"predecessor-version":[{"id":70965,"href":"https:\/\/www.accuratereviews.com\/it\/wp-json\/wp\/v2\/pages\/70931\/revisions\/70965"}],"up":[{"embeddable":true,"href":"https:\/\/www.accuratereviews.com\/it\/wp-json\/wp\/v2\/pages\/70458"}],"wp:featuredmedia":[{"embeddable":true,"href":"https:\/\/www.accuratereviews.com\/it\/wp-json\/wp\/v2\/media\/70932"}],"wp:attachment":[{"href":"https:\/\/www.accuratereviews.com\/it\/wp-json\/wp\/v2\/media?parent=70931"}],"wp:term":[{"taxonomy":"category","embeddable":true,"href":"https:\/\/www.accuratereviews.com\/it\/wp-json\/wp\/v2\/categories?post=70931"},{"taxonomy":"post_tag","embeddable":true,"href":"https:\/\/www.accuratereviews.com\/it\/wp-json\/wp\/v2\/tags?post=70931"},{"taxonomy":"features","embeddable":true,"href":"https:\/\/www.accuratereviews.com\/it\/wp-json\/wp\/v2\/features?post=70931"}],"curies":[{"name":"wp","href":"https:\/\/api.w.org\/{rel}","templated":true}]}}