{"id":71003,"date":"2023-08-01T14:55:27","date_gmt":"2023-08-01T14:55:27","guid":{"rendered":"https:\/\/www.accuratereviews.com\/?page_id=71003"},"modified":"2023-08-01T15:30:45","modified_gmt":"2023-08-01T15:30:45","slug":"buildsafe-recensione","status":"publish","type":"page","link":"https:\/\/www.accuratereviews.com\/it\/software-gestionali-edilizia\/buildsafe-recensione\/","title":{"rendered":"BuildSafe"},"content":{"rendered":"<p><strong>BuildSafe<\/strong> \u00e8 un<strong> software di sicurezza web<\/strong> e mobile collaborativo, creato per appaltatori e sviluppatori. Consente agli utenti di semplificare la gestione delle deviazioni con funzionalit\u00e0 per ispezioni, segnalazioni incidenti e fornisce dashboard e analisi in tempo reale mentre si trovano sul posto tramite dispositivo mobile. Con il programma, le organizzazioni possono creare i propri modelli personalizzati e consentire ai lavoratori di allegare immagini e commenti alle deviazioni, segnalare incidenti e ricevere un feedback immediato.<br \/>\nI membri del team possono lavorare insieme in modo proattivo riportando osservazioni sia positive che negative e gestire un elenco di cose da fare che consente loro di visualizzare e risolvere eventuali problemi. Dashboard e metriche forniscono una panoramica istantanea di tutti i progetti e aiutano gli utenti a identificare le tendenze negative e a dare priorit\u00e0 al lavoro.<br \/>\nAltre funzionalit\u00e0 includono: notifiche automatiche, categorie di tagging personalizzabili e un&#8217;interfaccia drag and drop.<\/p>\n<h2>BUILDSAFE &#8211; TUTORIAL<\/h2>\n<div id=\"fluid-wrapper-counter-1\" class=\"g1-fluid-wrapper \" style=\"width:686px;\">\n<div style=\"padding-bottom:56.268221574344%;\"><iframe loading=\"lazy\" title=\"Infobric Group 2021\" width=\"686\" height=\"386\" src=\"https:\/\/www.youtube.com\/embed\/aN9nY9OaS0c?feature=oembed&amp;wmode=transparent&amp;autohide=1&amp;autoplay=0&amp;disablekb=0&amp;fs=1&amp;loop=0&amp;enablejsapi=1&amp;rel=0&amp;controls=2&amp;showinfo=0&amp;wmode=transparent&amp;autohide=2&amp;autoplay=0&amp;disablekb=0&amp;fs=1&amp;loop=0&amp;enablejsapi=1&amp;rel=0&amp;controls=2&amp;showinfo=1\" frameborder=\"0\" allow=\"accelerometer; autoplay; clipboard-write; encrypted-media; gyroscope; picture-in-picture; web-share\" allowfullscreen><\/iframe><\/div>\n<\/div>\n<h3>BUILDSAFE &#8211; CARATTERISTICHE<\/h3>\n<ul>\n<li>Tutti gli utenti possono facilmente pre-registrare i propri dettagli online prima di arrivare al progetto<\/li>\n<li>La direzione del progetto ottiene una panoramica chiara e pu\u00f2 controllare certificati e qualifiche<\/li>\n<li>Chiunque sul posto pu\u00f2 accedere a documenti importanti e firmare per conferma<\/li>\n<li>Crea e conduci ispezioni e controlli in base alle tue liste di controllo e moduli<\/li>\n<li>Chiunque sia stato inserito \u00e8 in grado di segnalare osservazioni e incidenti e pu\u00f2 accedere a informazioni utili sul progetto<\/li>\n<li>Identificare rischi e problemi &#8211; creare deviazioni con livello di rischio, scadenza e persona responsabile<\/li>\n<li>Il protocollo e le deviazioni separate vengono create e distribuite automaticamente dopo ogni controllo o ispezione<\/li>\n<li>Personalizza lo strumento per i tuoi progetti: crea facilmente i tuoi moduli e modelli con vari componenti<\/li>\n<li>Supporta la maggior parte dei processi di ispezione e controllo nei cantieri<\/li>\n<li>Liste di cose da fare personalizzate con voci aperte e attivit\u00e0 pianificate per tutti i membri dell&#8217;organizzazione del progetto.<\/li>\n<li>Panoramica completa degli elementi aperti e chiusi per la gestione del sito.<\/li>\n<li>Promemoria automatici inviati dopo la scadenza.<\/li>\n<li>La direzione del sito ottiene una panoramica di tutto ci\u00f2 che \u00e8 stato segnalato e pu\u00f2 intervenire e inviare feedback<\/li>\n<li>Flussi guidati e intuitivi aiutano gli utenti a inserire correttamente le informazioni necessarie<\/li>\n<li>Funzionalit\u00e0 complete per le indagini sui mancati incidenti e sugli incidenti segnalati<\/li>\n<li>I flussi guidati aiutano gli utenti a completare tutti i passaggi dell&#8217;indagine<\/li>\n<li>Flessibilit\u00e0 di utilizzare i propri moduli e di dettare come devono essere compilati<\/li>\n<\/ul>\n<h4>LE RECENSIONI DEGLI UTENTI<\/h4>\n<p><strong>Patrik &#8220;L&#8217;opinione su Buildsafe&#8221;<\/strong><br \/>\n<strong>Commenti<\/strong>: Ottimo programma che ci aiuta nella nostra vita quotidiana in cantiere<br \/>\n<strong>Pro<\/strong>: facile ottenere una panoramica del lavoro di sicurezza del progetto<br \/>\n<strong>Contro<\/strong>: Perdere l&#8217;opportunit\u00e0 di segnare su una planimetria dove hai trovato qualcosa che deve essere modificato<\/p>\n<p><strong>Fredrik &#8220;Recensione di BuildSafe&#8221;<\/strong><br \/>\n<strong>Commenti<\/strong>: Un po&#8217; caro, mancanza di possibilit\u00e0 di utilizzare i disegni per indicare dove sono le deviazioni.<br \/>\n<strong>Pro<\/strong>: Facile da usare in generale nei progetti per persone con diverso stato di maturit\u00e0 IT.<br \/>\n<strong>Contro<\/strong>: Mancano alcune funzioni e ci vuole tempo per implementarle nell&#8217;applicazione.<\/p>\n<p><strong>Hamza &#8220;Recensione di buildsafe&#8221;<\/strong><br \/>\n<strong>Commenti<\/strong>: \u00e8 un ottimo programma che ha reso il mio lavoro molto pi\u00f9 facile di prima<br \/>\n<strong>Pro<\/strong>: Ottimo prodotto e mi d\u00e0 il tempo di fare punti in micrsoft word e mi d\u00e0 anche una comunicazione pi\u00f9 sicura<br \/>\n<strong>Contro<\/strong>: Alcune funzioni e caratteristiche non si trovano ed \u00e8 un po&#8217; costoso<\/p>\n","protected":false},"excerpt":{"rendered":"<p>BuildSafe \u00e8 un software di sicurezza web e mobile collaborativo, creato per appaltatori e sviluppatori. Consente agli utenti di semplificare la gestione delle deviazioni con funzionalit\u00e0 per ispezioni, segnalazioni incidenti e fornisce dashboard e analisi in tempo reale mentre si trovano sul posto tramite dispositivo mobile.<\/p>\n","protected":false},"author":19,"featured_media":71007,"parent":70458,"menu_order":0,"comment_status":"open","ping_status":"closed","template":"g1_template_page_review_new.php","meta":{"_acf_changed":false,"cwp_meta_box_check":"Yes","cwp_rev_product_name":"","cwp_rev_product_image":"","wppr_links":[],"cwp_rev_price":"0.00","wppr_options":[{"name":"Usability","value":"0"},{"name":"Speed","value":"0"},{"name":"Features","value":"0"},{"name":"Support","value":"0"},{"name":"Pricing","value":"0"}],"wppr_pros":["","","","",""],"wppr_cons":["","","","",""],"_monsterinsights_skip_tracking":false,"_monsterinsights_sitenote_active":false,"_monsterinsights_sitenote_note":"","_monsterinsights_sitenote_category":0,"footnotes":""},"categories":[2459],"tags":[14568,14470,14478,14477,14480,14479],"features":[],"class_list":{"0":"post-71003","1":"page","2":"type-page","3":"status-publish","4":"has-post-thumbnail","6":"category-gestionale-per-edilizia-cat","7":"tag-buildsafe","8":"tag-gestionale-edilizia","9":"tag-piattaforma-gestionale-edilizia","10":"tag-programma-gestionale-edilizia","11":"tag-software-gestionale-edilizia","12":"tag-soluzione-gestionale-edilizia"},"wppr_data":{"cwp_meta_box_check":"Yes","_wppr_review_template":"default","cwp_rev_product_image":"","cwp_image_link":"image","wppr_links":[],"cwp_rev_price":"0.00","wppr_pros":["","","","",""],"wppr_cons":["","","","",""],"wppr_rating":"0.00","wppr_options":{"1":{"name":"Usability","value":"0"},"2":{"name":"Speed","value":"0"},"3":{"name":"Features","value":"0"},"4":{"name":"Support","value":"0"},"5":{"name":"Pricing","value":"0"}},"wppr_review_type":"Product","wppr_review_custom_fields":{"additionalProperty":"","additionalType":"","aggregateRating":"","alternateName":"","audience":"","award":"","awards":"","brand":"","color":"","depth":"","description":"","disambiguatingDescription":"","gtin12":"","gtin13":"","gtin14":"","gtin8":"","height":"","identifier":"","image":"","isAccessoryOrSparePartFor":"","isConsumableFor":"","isRelatedTo":"","isSimilarTo":"","itemCondition":"","logo":"","mainEntityOfPage":"","manufacturer":"","material":"","model":"","mpn":"","name":"","offers":"","potentialAction":"","productID":"","productionDate":"","purchaseDate":"","releaseDate":"","review":"","reviews":"","sameAs":"","sku":"","slogan":"","subjectOf":"","url":"","weight":"","width":""}},"acf":[],"yoast_head":"<!-- This site is optimized with the Yoast SEO plugin v27.4 - https:\/\/yoast.com\/product\/yoast-seo-wordpress\/ -->\n<title>BuildSafe: recensione gestionale edilizia - Accurate Reviews<\/title>\n<meta name=\"description\" content=\"BuildSafe: recensione software di sicurezza web e mobile collaborativo che consente di semplificare la gestione delle deviazioni.\" \/>\n<meta name=\"robots\" content=\"index, follow, max-snippet:-1, max-image-preview:large, max-video-preview:-1\" \/>\n<link rel=\"canonical\" href=\"https:\/\/www.accuratereviews.com\/it\/software-gestionali-edilizia\/buildsafe-recensione\/\" \/>\n<meta property=\"og:locale\" content=\"it_IT\" \/>\n<meta property=\"og:type\" content=\"article\" \/>\n<meta property=\"og:title\" content=\"BuildSafe: recensione gestionale edilizia - Accurate Reviews\" \/>\n<meta property=\"og:description\" content=\"BuildSafe: recensione software di sicurezza web e mobile collaborativo che consente di semplificare la gestione delle deviazioni.\" \/>\n<meta property=\"og:url\" content=\"https:\/\/www.accuratereviews.com\/it\/software-gestionali-edilizia\/buildsafe-recensione\/\" \/>\n<meta property=\"og:site_name\" content=\"Accurate Reviews\" \/>\n<meta property=\"article:modified_time\" content=\"2023-08-01T15:30:45+00:00\" \/>\n<meta property=\"og:image\" content=\"https:\/\/www.accuratereviews.com\/wp-content\/uploads\/2023\/08\/BuildSafe.png\" \/>\n\t<meta property=\"og:image:width\" content=\"200\" \/>\n\t<meta property=\"og:image:height\" content=\"200\" \/>\n\t<meta property=\"og:image:type\" content=\"image\/png\" \/>\n<meta name=\"twitter:card\" content=\"summary_large_image\" \/>\n<meta name=\"twitter:label1\" content=\"Tempo di lettura stimato\" \/>\n\t<meta name=\"twitter:data1\" content=\"3 minuti\" \/>\n<script type=\"application\/ld+json\" class=\"yoast-schema-graph\">{\"@context\":\"https:\\\/\\\/schema.org\",\"@graph\":[{\"@type\":\"WebPage\",\"@id\":\"https:\\\/\\\/www.accuratereviews.com\\\/it\\\/software-gestionali-edilizia\\\/buildsafe-recensione\\\/\",\"url\":\"https:\\\/\\\/www.accuratereviews.com\\\/it\\\/software-gestionali-edilizia\\\/buildsafe-recensione\\\/\",\"name\":\"BuildSafe: recensione gestionale edilizia - Accurate Reviews\",\"isPartOf\":{\"@id\":\"https:\\\/\\\/www.accuratereviews.com\\\/it\\\/#website\"},\"primaryImageOfPage\":{\"@id\":\"https:\\\/\\\/www.accuratereviews.com\\\/it\\\/software-gestionali-edilizia\\\/buildsafe-recensione\\\/#primaryimage\"},\"image\":{\"@id\":\"https:\\\/\\\/www.accuratereviews.com\\\/it\\\/software-gestionali-edilizia\\\/buildsafe-recensione\\\/#primaryimage\"},\"thumbnailUrl\":\"https:\\\/\\\/www.accuratereviews.com\\\/wp-content\\\/uploads\\\/2023\\\/08\\\/BuildSafe.png\",\"datePublished\":\"2023-08-01T14:55:27+00:00\",\"dateModified\":\"2023-08-01T15:30:45+00:00\",\"description\":\"BuildSafe: recensione software di sicurezza web e mobile collaborativo che consente di semplificare la gestione delle deviazioni.\",\"breadcrumb\":{\"@id\":\"https:\\\/\\\/www.accuratereviews.com\\\/it\\\/software-gestionali-edilizia\\\/buildsafe-recensione\\\/#breadcrumb\"},\"inLanguage\":\"it-IT\",\"potentialAction\":[{\"@type\":\"ReadAction\",\"target\":[\"https:\\\/\\\/www.accuratereviews.com\\\/it\\\/software-gestionali-edilizia\\\/buildsafe-recensione\\\/\"]}]},{\"@type\":\"ImageObject\",\"inLanguage\":\"it-IT\",\"@id\":\"https:\\\/\\\/www.accuratereviews.com\\\/it\\\/software-gestionali-edilizia\\\/buildsafe-recensione\\\/#primaryimage\",\"url\":\"https:\\\/\\\/www.accuratereviews.com\\\/wp-content\\\/uploads\\\/2023\\\/08\\\/BuildSafe.png\",\"contentUrl\":\"https:\\\/\\\/www.accuratereviews.com\\\/wp-content\\\/uploads\\\/2023\\\/08\\\/BuildSafe.png\",\"width\":200,\"height\":200},{\"@type\":\"BreadcrumbList\",\"@id\":\"https:\\\/\\\/www.accuratereviews.com\\\/it\\\/software-gestionali-edilizia\\\/buildsafe-recensione\\\/#breadcrumb\",\"itemListElement\":[{\"@type\":\"ListItem\",\"position\":1,\"name\":\"Home\",\"item\":\"https:\\\/\\\/www.accuratereviews.com\\\/it\\\/\"},{\"@type\":\"ListItem\",\"position\":2,\"name\":\"Software gestionali per edilizia\",\"item\":\"https:\\\/\\\/www.accuratereviews.com\\\/it\\\/software-gestionali-edilizia\\\/\"},{\"@type\":\"ListItem\",\"position\":3,\"name\":\"BuildSafe\"}]},{\"@type\":\"WebSite\",\"@id\":\"https:\\\/\\\/www.accuratereviews.com\\\/it\\\/#website\",\"url\":\"https:\\\/\\\/www.accuratereviews.com\\\/it\\\/\",\"name\":\"Accurate Reviews\",\"description\":\"\",\"potentialAction\":[{\"@type\":\"SearchAction\",\"target\":{\"@type\":\"EntryPoint\",\"urlTemplate\":\"https:\\\/\\\/www.accuratereviews.com\\\/it\\\/?s={search_term_string}\"},\"query-input\":{\"@type\":\"PropertyValueSpecification\",\"valueRequired\":true,\"valueName\":\"search_term_string\"}}],\"inLanguage\":\"it-IT\"}]}<\/script>\n<!-- \/ Yoast SEO plugin. -->","yoast_head_json":{"title":"BuildSafe: recensione gestionale edilizia - Accurate Reviews","description":"BuildSafe: recensione software di sicurezza web e mobile collaborativo che consente di semplificare la gestione delle deviazioni.","robots":{"index":"index","follow":"follow","max-snippet":"max-snippet:-1","max-image-preview":"max-image-preview:large","max-video-preview":"max-video-preview:-1"},"canonical":"https:\/\/www.accuratereviews.com\/it\/software-gestionali-edilizia\/buildsafe-recensione\/","og_locale":"it_IT","og_type":"article","og_title":"BuildSafe: recensione gestionale edilizia - Accurate Reviews","og_description":"BuildSafe: recensione software di sicurezza web e mobile collaborativo che consente di semplificare la gestione delle deviazioni.","og_url":"https:\/\/www.accuratereviews.com\/it\/software-gestionali-edilizia\/buildsafe-recensione\/","og_site_name":"Accurate Reviews","article_modified_time":"2023-08-01T15:30:45+00:00","og_image":[{"width":200,"height":200,"url":"https:\/\/www.accuratereviews.com\/wp-content\/uploads\/2023\/08\/BuildSafe.png","type":"image\/png"}],"twitter_card":"summary_large_image","twitter_misc":{"Tempo di lettura stimato":"3 minuti"},"schema":{"@context":"https:\/\/schema.org","@graph":[{"@type":"WebPage","@id":"https:\/\/www.accuratereviews.com\/it\/software-gestionali-edilizia\/buildsafe-recensione\/","url":"https:\/\/www.accuratereviews.com\/it\/software-gestionali-edilizia\/buildsafe-recensione\/","name":"BuildSafe: recensione gestionale edilizia - Accurate Reviews","isPartOf":{"@id":"https:\/\/www.accuratereviews.com\/it\/#website"},"primaryImageOfPage":{"@id":"https:\/\/www.accuratereviews.com\/it\/software-gestionali-edilizia\/buildsafe-recensione\/#primaryimage"},"image":{"@id":"https:\/\/www.accuratereviews.com\/it\/software-gestionali-edilizia\/buildsafe-recensione\/#primaryimage"},"thumbnailUrl":"https:\/\/www.accuratereviews.com\/wp-content\/uploads\/2023\/08\/BuildSafe.png","datePublished":"2023-08-01T14:55:27+00:00","dateModified":"2023-08-01T15:30:45+00:00","description":"BuildSafe: recensione software di sicurezza web e mobile collaborativo che consente di semplificare la gestione delle deviazioni.","breadcrumb":{"@id":"https:\/\/www.accuratereviews.com\/it\/software-gestionali-edilizia\/buildsafe-recensione\/#breadcrumb"},"inLanguage":"it-IT","potentialAction":[{"@type":"ReadAction","target":["https:\/\/www.accuratereviews.com\/it\/software-gestionali-edilizia\/buildsafe-recensione\/"]}]},{"@type":"ImageObject","inLanguage":"it-IT","@id":"https:\/\/www.accuratereviews.com\/it\/software-gestionali-edilizia\/buildsafe-recensione\/#primaryimage","url":"https:\/\/www.accuratereviews.com\/wp-content\/uploads\/2023\/08\/BuildSafe.png","contentUrl":"https:\/\/www.accuratereviews.com\/wp-content\/uploads\/2023\/08\/BuildSafe.png","width":200,"height":200},{"@type":"BreadcrumbList","@id":"https:\/\/www.accuratereviews.com\/it\/software-gestionali-edilizia\/buildsafe-recensione\/#breadcrumb","itemListElement":[{"@type":"ListItem","position":1,"name":"Home","item":"https:\/\/www.accuratereviews.com\/it\/"},{"@type":"ListItem","position":2,"name":"Software gestionali per edilizia","item":"https:\/\/www.accuratereviews.com\/it\/software-gestionali-edilizia\/"},{"@type":"ListItem","position":3,"name":"BuildSafe"}]},{"@type":"WebSite","@id":"https:\/\/www.accuratereviews.com\/it\/#website","url":"https:\/\/www.accuratereviews.com\/it\/","name":"Accurate Reviews","description":"","potentialAction":[{"@type":"SearchAction","target":{"@type":"EntryPoint","urlTemplate":"https:\/\/www.accuratereviews.com\/it\/?s={search_term_string}"},"query-input":{"@type":"PropertyValueSpecification","valueRequired":true,"valueName":"search_term_string"}}],"inLanguage":"it-IT"}]}},"_links":{"self":[{"href":"https:\/\/www.accuratereviews.com\/it\/wp-json\/wp\/v2\/pages\/71003","targetHints":{"allow":["GET"]}}],"collection":[{"href":"https:\/\/www.accuratereviews.com\/it\/wp-json\/wp\/v2\/pages"}],"about":[{"href":"https:\/\/www.accuratereviews.com\/it\/wp-json\/wp\/v2\/types\/page"}],"author":[{"embeddable":true,"href":"https:\/\/www.accuratereviews.com\/it\/wp-json\/wp\/v2\/users\/19"}],"replies":[{"embeddable":true,"href":"https:\/\/www.accuratereviews.com\/it\/wp-json\/wp\/v2\/comments?post=71003"}],"version-history":[{"count":9,"href":"https:\/\/www.accuratereviews.com\/it\/wp-json\/wp\/v2\/pages\/71003\/revisions"}],"predecessor-version":[{"id":71052,"href":"https:\/\/www.accuratereviews.com\/it\/wp-json\/wp\/v2\/pages\/71003\/revisions\/71052"}],"up":[{"embeddable":true,"href":"https:\/\/www.accuratereviews.com\/it\/wp-json\/wp\/v2\/pages\/70458"}],"wp:featuredmedia":[{"embeddable":true,"href":"https:\/\/www.accuratereviews.com\/it\/wp-json\/wp\/v2\/media\/71007"}],"wp:attachment":[{"href":"https:\/\/www.accuratereviews.com\/it\/wp-json\/wp\/v2\/media?parent=71003"}],"wp:term":[{"taxonomy":"category","embeddable":true,"href":"https:\/\/www.accuratereviews.com\/it\/wp-json\/wp\/v2\/categories?post=71003"},{"taxonomy":"post_tag","embeddable":true,"href":"https:\/\/www.accuratereviews.com\/it\/wp-json\/wp\/v2\/tags?post=71003"},{"taxonomy":"features","embeddable":true,"href":"https:\/\/www.accuratereviews.com\/it\/wp-json\/wp\/v2\/features?post=71003"}],"curies":[{"name":"wp","href":"https:\/\/api.w.org\/{rel}","templated":true}]}}