{"id":71100,"date":"2023-08-04T15:57:23","date_gmt":"2023-08-04T15:57:23","guid":{"rendered":"https:\/\/www.accuratereviews.com\/?page_id=71100"},"modified":"2023-08-04T15:57:23","modified_gmt":"2023-08-04T15:57:23","slug":"controlboard-recensione","status":"publish","type":"page","link":"https:\/\/www.accuratereviews.com\/it\/software-gestionali-edilizia\/controlboard-recensione\/","title":{"rendered":"ControlBoard"},"content":{"rendered":"<p><strong>ControlBoard<\/strong> \u00e8 un <strong>sistema di pianificazione e gestione delle costruzioni<\/strong>, basato su <strong>cloud<\/strong>, per manodopera, attrezzature, squadre, instradamento dei camion e spedizione nel settore delle costruzioni commerciali. Usa la programmazione elettronica con la funzione drag and drop facile da usare.<br \/>\nLe regole aziendali, il flusso di lavoro e la collaborazione intra\/interdipartimentale possono ora essere realizzati come parte della gestione del progetto. Gli utenti possono creare pianificazioni anticipate settimanali o mensili senza la necessit\u00e0 di utilizzare una lavagna per pianificare i progetti. Poich\u00e9 si tratta di un sistema multiutente, le pianificazioni possono essere create e condivise nell&#8217;intera azienda. Le risorse possono essere assegnate ai lavori, gli spostamenti delle attrezzature possono essere programmati e le attivit\u00e0 possono essere inviate alle persone appropriate in un unico sistema integrato.<\/p>\n<h2>CONTROLBOARD &#8211; TUTORIAL<\/h2>\n<div id=\"fluid-wrapper-counter-1\" class=\"g1-fluid-wrapper \" style=\"width:686px;\">\n<div style=\"padding-bottom:56.268221574344%;\"><iframe loading=\"lazy\" title=\"How To Find a Job or Resource\" width=\"686\" height=\"386\" src=\"https:\/\/www.youtube.com\/embed\/oWyWt0u8spI?feature=oembed&amp;wmode=transparent&amp;autohide=1&amp;autoplay=0&amp;disablekb=0&amp;fs=1&amp;loop=0&amp;enablejsapi=1&amp;rel=0&amp;controls=2&amp;showinfo=0&amp;wmode=transparent&amp;autohide=2&amp;autoplay=0&amp;disablekb=0&amp;fs=1&amp;loop=0&amp;enablejsapi=1&amp;rel=0&amp;controls=2&amp;showinfo=1\" frameborder=\"0\" allow=\"accelerometer; autoplay; clipboard-write; encrypted-media; gyroscope; picture-in-picture; web-share\" allowfullscreen><\/iframe><\/div>\n<\/div>\n<p>&nbsp;<\/p>\n<h3>CONTROLBOARD &#8211; CARATTERISTICHE<\/h3>\n<ul>\n<li>Pianificare manodopera, attrezzature e materiali, individualmente o come parte di un equipaggio.<\/li>\n<li>Crea percorsi associando un conducente, un camion e un rimorchio e programmando le fermate.<\/li>\n<li>Gestisci i lavori a esecuzione prolungata con la stessa facilit\u00e0 con cui invii le risorse a pi\u00f9 lavori durante il giorno.<\/li>\n<li>Tieni traccia delle quantit\u00e0 di produzione proprio come qualsiasi altra risorsa.<\/li>\n<li>Formazione dal vivo, individuale, di gruppo e video<\/li>\n<li>Accesso diretto via telefono ed email al team di supporto<\/li>\n<li>Assistenza gratuita per l&#8217;onboarding dei tuoi dati<\/li>\n<li>Configurazione per adattare la soluzione alle tue esigenze<\/li>\n<li>Accesso ai servizi di consulenza<\/li>\n<\/ul>\n<h4>LE RECENSIONE DEGLI UTENTI<\/h4>\n<p><strong>Laura &#8220;Personalizzato per soddisfare le nostre esigenze&#8221;<\/strong><br \/>\n<strong>Commenti<\/strong>: Hanno comunicato molto bene per soddisfare tutte le nostre esigenze e il sito \u00e8 molto facile da navigare per l&#8217;uso quotidiano.<br \/>\n<strong>Pro<\/strong>: Hanno lavorato con noi per personalizzare il sito per soddisfare al meglio le nostre esigenze.<br \/>\n<strong>Contro<\/strong>: Non ho lamentele in questo momento. \u00c8 stata una transizione molto fluida dal nostro precedente programmatore<\/p>\n<p><strong>Alex &#8220;Utente quotidiano&#8221;<\/strong><br \/>\n<strong>Commenti<\/strong>: Mi piace, fa risparmiare tempo, soprattutto quando devo apportare modifiche alla programmazione quasi ogni ora.<br \/>\n<strong>Pro<\/strong>: Fornendo molte informazioni ai miei ragazzi sul campo, indirizzo, numero di lavoro, ora di inizio, contatti e potendo trasferire quasi istantaneamente sul loro dispositivo mobile. Mi piace anche la funzione di messaggistica se devo inviare un messaggio importante.<br \/>\n<strong>Contro<\/strong>: Ci sono alcune funzionalit\u00e0 che sembrano goffe che mi piaceva usare sul vecchio software della scheda di controllo. Come usare la mia tastiera per copiare ed eliminare le risorse che ora devo trascinare avanti e indietro. \u00c8 molto probabile che io non stia utilizzando questo software al massimo delle sue potenzialit\u00e0 poich\u00e9 c&#8217;\u00e8 altro da imparare.<\/p>\n<p><strong>Justin &#8220;Fantastico prodotto! Molto potente ed estremamente facile da usare&#8221;<\/strong><br \/>\n<strong>Pro<\/strong>: Con ControlBoard, la gestione di grandi progetti, personale e risorse \u00e8 resa molto semplice e pratica. Il software \u00e8 molto potente. [contenuto sensibile nascosto] e il suo team sono incredibilmente disponibili e amichevoli. Congistics \u00e8 stata in grado di personalizzare diverse funzionalit\u00e0 del programma per soddisfare perfettamente le nostre esigenze e non potevo chiedere un sistema pi\u00f9 funzionale.<br \/>\n<strong>Contro<\/strong>: L&#8217;unica cosa che cambierei o che vorrei vedere come funzionalit\u00e0 aggiunta sarebbe che la pianificazione del lavoro rimanesse esattamente com&#8217;\u00e8 nei giorni passati, anche se i lavori sono stati completati, quindi potrei facilmente scorrere indietro e vedere cosa \u00e8 stato fatto in un dato momento giorno senza dover modificare le impostazioni per visualizzare allocazioni specifiche. Per me funziona meglio visualizzare il programma precedente sul calendario esattamente come l&#8217;ho impostato quel giorno.<\/p>\n","protected":false},"excerpt":{"rendered":"<p>ControlBoard \u00e8 un sistema di pianificazione e gestione delle costruzioni, basato su cloud, per manodopera, attrezzature, squadre, instradamento dei camion e spedizione nel settore delle costruzioni commerciali. Usa la programmazione elettronica con la funzione drag and drop facile da usare.<\/p>\n","protected":false},"author":19,"featured_media":71102,"parent":70458,"menu_order":0,"comment_status":"open","ping_status":"closed","template":"g1_template_page_review_new.php","meta":{"_acf_changed":false,"cwp_meta_box_check":"Yes","cwp_rev_product_name":"","cwp_rev_product_image":"","wppr_links":[],"cwp_rev_price":"0.00","wppr_options":[{"name":"Usability","value":"0"},{"name":"Speed","value":"0"},{"name":"Features","value":"0"},{"name":"Support","value":"0"},{"name":"Pricing","value":"0"}],"wppr_pros":["","","","",""],"wppr_cons":["","","","",""],"_monsterinsights_skip_tracking":false,"_monsterinsights_sitenote_active":false,"_monsterinsights_sitenote_note":"","_monsterinsights_sitenote_category":0,"footnotes":""},"categories":[2459],"tags":[14576,14470,14478,14477,14480,14479],"features":[],"class_list":{"0":"post-71100","1":"page","2":"type-page","3":"status-publish","4":"has-post-thumbnail","6":"category-gestionale-per-edilizia-cat","7":"tag-controlboard","8":"tag-gestionale-edilizia","9":"tag-piattaforma-gestionale-edilizia","10":"tag-programma-gestionale-edilizia","11":"tag-software-gestionale-edilizia","12":"tag-soluzione-gestionale-edilizia"},"wppr_data":{"cwp_meta_box_check":"Yes","_wppr_review_template":"default","cwp_rev_product_image":"","cwp_image_link":"image","wppr_links":[],"cwp_rev_price":"0.00","wppr_pros":["","","","",""],"wppr_cons":["","","","",""],"wppr_rating":"0.00","wppr_options":{"1":{"name":"Usability","value":"0"},"2":{"name":"Speed","value":"0"},"3":{"name":"Features","value":"0"},"4":{"name":"Support","value":"0"},"5":{"name":"Pricing","value":"0"}},"wppr_review_type":"Product","wppr_review_custom_fields":{"additionalProperty":"","additionalType":"","aggregateRating":"","alternateName":"","audience":"","award":"","awards":"","brand":"","color":"","depth":"","description":"","disambiguatingDescription":"","gtin12":"","gtin13":"","gtin14":"","gtin8":"","height":"","identifier":"","image":"","isAccessoryOrSparePartFor":"","isConsumableFor":"","isRelatedTo":"","isSimilarTo":"","itemCondition":"","logo":"","mainEntityOfPage":"","manufacturer":"","material":"","model":"","mpn":"","name":"","offers":"","potentialAction":"","productID":"","productionDate":"","purchaseDate":"","releaseDate":"","review":"","reviews":"","sameAs":"","sku":"","slogan":"","subjectOf":"","url":"","weight":"","width":""}},"acf":[],"yoast_head":"<!-- This site is optimized with the Yoast SEO plugin v27.4 - https:\/\/yoast.com\/product\/yoast-seo-wordpress\/ -->\n<title>ControlBoard: recensione gestionale edilizia - Accurate Reviews<\/title>\n<meta name=\"description\" content=\"ControlBoard: recensione sistema di pianificazione e gestione delle costruzioni basato su cloud facile e potente da usare.\" \/>\n<meta name=\"robots\" content=\"index, follow, max-snippet:-1, max-image-preview:large, max-video-preview:-1\" \/>\n<link rel=\"canonical\" href=\"https:\/\/www.accuratereviews.com\/it\/software-gestionali-edilizia\/controlboard-recensione\/\" \/>\n<meta property=\"og:locale\" content=\"it_IT\" \/>\n<meta property=\"og:type\" content=\"article\" \/>\n<meta property=\"og:title\" content=\"ControlBoard: recensione gestionale edilizia - Accurate Reviews\" \/>\n<meta property=\"og:description\" content=\"ControlBoard: recensione sistema di pianificazione e gestione delle costruzioni basato su cloud facile e potente da usare.\" \/>\n<meta property=\"og:url\" content=\"https:\/\/www.accuratereviews.com\/it\/software-gestionali-edilizia\/controlboard-recensione\/\" \/>\n<meta property=\"og:site_name\" content=\"Accurate Reviews\" \/>\n<meta property=\"og:image\" content=\"https:\/\/www.accuratereviews.com\/wp-content\/uploads\/2023\/08\/Screenshot-2023-08-04-alle-10.26.09.png\" \/>\n\t<meta property=\"og:image:width\" content=\"1122\" \/>\n\t<meta property=\"og:image:height\" content=\"434\" \/>\n\t<meta property=\"og:image:type\" content=\"image\/png\" \/>\n<meta name=\"twitter:card\" content=\"summary_large_image\" \/>\n<meta name=\"twitter:label1\" content=\"Tempo di lettura stimato\" \/>\n\t<meta name=\"twitter:data1\" content=\"3 minuti\" \/>\n<script type=\"application\/ld+json\" class=\"yoast-schema-graph\">{\"@context\":\"https:\\\/\\\/schema.org\",\"@graph\":[{\"@type\":\"WebPage\",\"@id\":\"https:\\\/\\\/www.accuratereviews.com\\\/it\\\/software-gestionali-edilizia\\\/controlboard-recensione\\\/\",\"url\":\"https:\\\/\\\/www.accuratereviews.com\\\/it\\\/software-gestionali-edilizia\\\/controlboard-recensione\\\/\",\"name\":\"ControlBoard: recensione gestionale edilizia - Accurate Reviews\",\"isPartOf\":{\"@id\":\"https:\\\/\\\/www.accuratereviews.com\\\/it\\\/#website\"},\"primaryImageOfPage\":{\"@id\":\"https:\\\/\\\/www.accuratereviews.com\\\/it\\\/software-gestionali-edilizia\\\/controlboard-recensione\\\/#primaryimage\"},\"image\":{\"@id\":\"https:\\\/\\\/www.accuratereviews.com\\\/it\\\/software-gestionali-edilizia\\\/controlboard-recensione\\\/#primaryimage\"},\"thumbnailUrl\":\"https:\\\/\\\/www.accuratereviews.com\\\/wp-content\\\/uploads\\\/2023\\\/08\\\/Screenshot-2023-08-04-alle-10.26.09.png\",\"datePublished\":\"2023-08-04T15:57:23+00:00\",\"description\":\"ControlBoard: recensione sistema di pianificazione e gestione delle costruzioni basato su cloud facile e potente da usare.\",\"breadcrumb\":{\"@id\":\"https:\\\/\\\/www.accuratereviews.com\\\/it\\\/software-gestionali-edilizia\\\/controlboard-recensione\\\/#breadcrumb\"},\"inLanguage\":\"it-IT\",\"potentialAction\":[{\"@type\":\"ReadAction\",\"target\":[\"https:\\\/\\\/www.accuratereviews.com\\\/it\\\/software-gestionali-edilizia\\\/controlboard-recensione\\\/\"]}]},{\"@type\":\"ImageObject\",\"inLanguage\":\"it-IT\",\"@id\":\"https:\\\/\\\/www.accuratereviews.com\\\/it\\\/software-gestionali-edilizia\\\/controlboard-recensione\\\/#primaryimage\",\"url\":\"https:\\\/\\\/www.accuratereviews.com\\\/wp-content\\\/uploads\\\/2023\\\/08\\\/Screenshot-2023-08-04-alle-10.26.09.png\",\"contentUrl\":\"https:\\\/\\\/www.accuratereviews.com\\\/wp-content\\\/uploads\\\/2023\\\/08\\\/Screenshot-2023-08-04-alle-10.26.09.png\",\"width\":1122,\"height\":434},{\"@type\":\"BreadcrumbList\",\"@id\":\"https:\\\/\\\/www.accuratereviews.com\\\/it\\\/software-gestionali-edilizia\\\/controlboard-recensione\\\/#breadcrumb\",\"itemListElement\":[{\"@type\":\"ListItem\",\"position\":1,\"name\":\"Home\",\"item\":\"https:\\\/\\\/www.accuratereviews.com\\\/it\\\/\"},{\"@type\":\"ListItem\",\"position\":2,\"name\":\"Software gestionali per edilizia\",\"item\":\"https:\\\/\\\/www.accuratereviews.com\\\/it\\\/software-gestionali-edilizia\\\/\"},{\"@type\":\"ListItem\",\"position\":3,\"name\":\"ControlBoard\"}]},{\"@type\":\"WebSite\",\"@id\":\"https:\\\/\\\/www.accuratereviews.com\\\/it\\\/#website\",\"url\":\"https:\\\/\\\/www.accuratereviews.com\\\/it\\\/\",\"name\":\"Accurate Reviews\",\"description\":\"\",\"potentialAction\":[{\"@type\":\"SearchAction\",\"target\":{\"@type\":\"EntryPoint\",\"urlTemplate\":\"https:\\\/\\\/www.accuratereviews.com\\\/it\\\/?s={search_term_string}\"},\"query-input\":{\"@type\":\"PropertyValueSpecification\",\"valueRequired\":true,\"valueName\":\"search_term_string\"}}],\"inLanguage\":\"it-IT\"}]}<\/script>\n<!-- \/ Yoast SEO plugin. -->","yoast_head_json":{"title":"ControlBoard: recensione gestionale edilizia - Accurate Reviews","description":"ControlBoard: recensione sistema di pianificazione e gestione delle costruzioni basato su cloud facile e potente da usare.","robots":{"index":"index","follow":"follow","max-snippet":"max-snippet:-1","max-image-preview":"max-image-preview:large","max-video-preview":"max-video-preview:-1"},"canonical":"https:\/\/www.accuratereviews.com\/it\/software-gestionali-edilizia\/controlboard-recensione\/","og_locale":"it_IT","og_type":"article","og_title":"ControlBoard: recensione gestionale edilizia - Accurate Reviews","og_description":"ControlBoard: recensione sistema di pianificazione e gestione delle costruzioni basato su cloud facile e potente da usare.","og_url":"https:\/\/www.accuratereviews.com\/it\/software-gestionali-edilizia\/controlboard-recensione\/","og_site_name":"Accurate Reviews","og_image":[{"width":1122,"height":434,"url":"https:\/\/www.accuratereviews.com\/wp-content\/uploads\/2023\/08\/Screenshot-2023-08-04-alle-10.26.09.png","type":"image\/png"}],"twitter_card":"summary_large_image","twitter_misc":{"Tempo di lettura stimato":"3 minuti"},"schema":{"@context":"https:\/\/schema.org","@graph":[{"@type":"WebPage","@id":"https:\/\/www.accuratereviews.com\/it\/software-gestionali-edilizia\/controlboard-recensione\/","url":"https:\/\/www.accuratereviews.com\/it\/software-gestionali-edilizia\/controlboard-recensione\/","name":"ControlBoard: recensione gestionale edilizia - Accurate Reviews","isPartOf":{"@id":"https:\/\/www.accuratereviews.com\/it\/#website"},"primaryImageOfPage":{"@id":"https:\/\/www.accuratereviews.com\/it\/software-gestionali-edilizia\/controlboard-recensione\/#primaryimage"},"image":{"@id":"https:\/\/www.accuratereviews.com\/it\/software-gestionali-edilizia\/controlboard-recensione\/#primaryimage"},"thumbnailUrl":"https:\/\/www.accuratereviews.com\/wp-content\/uploads\/2023\/08\/Screenshot-2023-08-04-alle-10.26.09.png","datePublished":"2023-08-04T15:57:23+00:00","description":"ControlBoard: recensione sistema di pianificazione e gestione delle costruzioni basato su cloud facile e potente da usare.","breadcrumb":{"@id":"https:\/\/www.accuratereviews.com\/it\/software-gestionali-edilizia\/controlboard-recensione\/#breadcrumb"},"inLanguage":"it-IT","potentialAction":[{"@type":"ReadAction","target":["https:\/\/www.accuratereviews.com\/it\/software-gestionali-edilizia\/controlboard-recensione\/"]}]},{"@type":"ImageObject","inLanguage":"it-IT","@id":"https:\/\/www.accuratereviews.com\/it\/software-gestionali-edilizia\/controlboard-recensione\/#primaryimage","url":"https:\/\/www.accuratereviews.com\/wp-content\/uploads\/2023\/08\/Screenshot-2023-08-04-alle-10.26.09.png","contentUrl":"https:\/\/www.accuratereviews.com\/wp-content\/uploads\/2023\/08\/Screenshot-2023-08-04-alle-10.26.09.png","width":1122,"height":434},{"@type":"BreadcrumbList","@id":"https:\/\/www.accuratereviews.com\/it\/software-gestionali-edilizia\/controlboard-recensione\/#breadcrumb","itemListElement":[{"@type":"ListItem","position":1,"name":"Home","item":"https:\/\/www.accuratereviews.com\/it\/"},{"@type":"ListItem","position":2,"name":"Software gestionali per edilizia","item":"https:\/\/www.accuratereviews.com\/it\/software-gestionali-edilizia\/"},{"@type":"ListItem","position":3,"name":"ControlBoard"}]},{"@type":"WebSite","@id":"https:\/\/www.accuratereviews.com\/it\/#website","url":"https:\/\/www.accuratereviews.com\/it\/","name":"Accurate Reviews","description":"","potentialAction":[{"@type":"SearchAction","target":{"@type":"EntryPoint","urlTemplate":"https:\/\/www.accuratereviews.com\/it\/?s={search_term_string}"},"query-input":{"@type":"PropertyValueSpecification","valueRequired":true,"valueName":"search_term_string"}}],"inLanguage":"it-IT"}]}},"_links":{"self":[{"href":"https:\/\/www.accuratereviews.com\/it\/wp-json\/wp\/v2\/pages\/71100","targetHints":{"allow":["GET"]}}],"collection":[{"href":"https:\/\/www.accuratereviews.com\/it\/wp-json\/wp\/v2\/pages"}],"about":[{"href":"https:\/\/www.accuratereviews.com\/it\/wp-json\/wp\/v2\/types\/page"}],"author":[{"embeddable":true,"href":"https:\/\/www.accuratereviews.com\/it\/wp-json\/wp\/v2\/users\/19"}],"replies":[{"embeddable":true,"href":"https:\/\/www.accuratereviews.com\/it\/wp-json\/wp\/v2\/comments?post=71100"}],"version-history":[{"count":8,"href":"https:\/\/www.accuratereviews.com\/it\/wp-json\/wp\/v2\/pages\/71100\/revisions"}],"predecessor-version":[{"id":71142,"href":"https:\/\/www.accuratereviews.com\/it\/wp-json\/wp\/v2\/pages\/71100\/revisions\/71142"}],"up":[{"embeddable":true,"href":"https:\/\/www.accuratereviews.com\/it\/wp-json\/wp\/v2\/pages\/70458"}],"wp:featuredmedia":[{"embeddable":true,"href":"https:\/\/www.accuratereviews.com\/it\/wp-json\/wp\/v2\/media\/71102"}],"wp:attachment":[{"href":"https:\/\/www.accuratereviews.com\/it\/wp-json\/wp\/v2\/media?parent=71100"}],"wp:term":[{"taxonomy":"category","embeddable":true,"href":"https:\/\/www.accuratereviews.com\/it\/wp-json\/wp\/v2\/categories?post=71100"},{"taxonomy":"post_tag","embeddable":true,"href":"https:\/\/www.accuratereviews.com\/it\/wp-json\/wp\/v2\/tags?post=71100"},{"taxonomy":"features","embeddable":true,"href":"https:\/\/www.accuratereviews.com\/it\/wp-json\/wp\/v2\/features?post=71100"}],"curies":[{"name":"wp","href":"https:\/\/api.w.org\/{rel}","templated":true}]}}