{"id":71149,"date":"2023-08-07T16:01:15","date_gmt":"2023-08-07T16:01:15","guid":{"rendered":"https:\/\/www.accuratereviews.com\/?page_id=71149"},"modified":"2023-08-08T09:10:25","modified_gmt":"2023-08-08T09:10:25","slug":"visual-planning-recensione","status":"publish","type":"page","link":"https:\/\/www.accuratereviews.com\/it\/software-gestionali-edilizia\/visual-planning-recensione\/","title":{"rendered":"Visual Planning"},"content":{"rendered":"<p><strong>Visual Planning<\/strong> \u00e8 una <strong>piattaforma di gestione e pianificazione<\/strong> delle risorse, basata su <strong>cloud,<\/strong> che aiuta le aziende a gestire le proprie risorse e le operazioni quotidiane. Le funzionalit\u00e0 includono la gestione delle risorse umane, la pianificazione della costruzione, la gestione dei progetti e della flotta, l&#8217;assistenza sul campo, un CRM e altro ancora. Consente agli utenti di organizzare i progetti, carichi di lavoro e budget, allocare risorse e aggiornare grafici e report in tempo reale. La funzione di trascinamento della selezione rende facile per gli utenti aggiornare, gestire e creare i propri programmi.<br \/>\n<strong>Visual Planning<\/strong> visualizza i carichi di lavoro in tempo reale e le metriche calcolate per misurare il budget rispetto al costo, la capacit\u00e0 rispetto alla domanda e i risultati pianificati rispetto a quelli effettivi. Ci\u00f2 consente ai manager di anticipare spese generali e prendere decisioni informate per risolvere i problemi prima che si verifichino.<\/p>\n<h2>VISUAL PLANNING &#8211; TUTORIAL<\/h2>\n<div id=\"fluid-wrapper-counter-1\" class=\"g1-fluid-wrapper \" style=\"width:686px;\">\n<div style=\"padding-bottom:56.268221574344%;\"><iframe loading=\"lazy\" title=\"Planifiez, suivez et contr\u00f4lez vos ressources avec Visual Planning !\" width=\"686\" height=\"386\" src=\"https:\/\/www.youtube.com\/embed\/0tAjSP5TU6I?feature=oembed&amp;wmode=transparent&amp;autohide=1&amp;autoplay=0&amp;disablekb=0&amp;fs=1&amp;loop=0&amp;enablejsapi=1&amp;rel=0&amp;controls=2&amp;showinfo=0&amp;wmode=transparent&amp;autohide=2&amp;autoplay=0&amp;disablekb=0&amp;fs=1&amp;loop=0&amp;enablejsapi=1&amp;rel=0&amp;controls=2&amp;showinfo=1\" frameborder=\"0\" allow=\"accelerometer; autoplay; clipboard-write; encrypted-media; gyroscope; picture-in-picture; web-share\" allowfullscreen><\/iframe><\/div>\n<\/div>\n<h3>VISUAL PLANNING &#8211; CARATTERISTICHE<\/h3>\n<ul>\n<li>Crea display di programmazione completi per monitorare ogni dettaglio in cantiere.<\/li>\n<li>Accedi a informazioni aggiornate in remoto dal luogo di lavoro.<\/li>\n<li>Monitora i progressi compiuti su ciascun progetto.<\/li>\n<li>Gestisci squadre, mezzi e macchinari assegnati a ciascun sito e ottieni visibilit\u00e0 immediata sulla loro disponibilit\u00e0.<\/li>\n<li>Crea e mantieni il tuo database di clienti, fornitori e subappaltatori.<\/li>\n<li>Gestisci i tuoi subappaltatori e fornitori in modo efficiente in base a costi, capacit\u00e0 e competenze.<\/li>\n<li>Integra la soluzione con i tuoi sistemi IT esistenti: ERP, CRM e applicazioni di quotazione.<\/li>\n<li>Accedi ai tuoi programmi da qualsiasi luogo su dispositivi mobili (tablet o smartphone)<\/li>\n<li>Genera report precisi e personalizzati per un monitoraggio ottimale delle tue ore e delle tue spese.<\/li>\n<li>Aggiorna le tue attivit\u00e0 in tempo reale per indicare il completamento o i ritardi.<\/li>\n<li>Ricevi notifiche email o SMS per qualsiasi cambiamento di programma.<\/li>\n<li>Condividi le informazioni tra gli utenti connessi utilizzando le funzionalit\u00e0 di collaborazione istantanea (chatroom, forum).<\/li>\n<li>Risparmia tempo prezioso per una migliore redditivit\u00e0.<\/li>\n<li>Una migliore tracciabilit\u00e0 delle attivit\u00e0<\/li>\n<\/ul>\n<h4>LE RECENSIONI DEGLI UTENTI<\/h4>\n<p><strong> Lloyd &#8220;Divertiti a creare e configurare il software e a migliorare continuamente i sistemi esistenti.&#8221;<\/strong><br \/>\n<strong>Pro<\/strong>: La capacit\u00e0 di configurare e sfruttare gli elementi all&#8217;interno del software e quindi aggiungere ausili visivi a elementi specifici man mano che vengono configurati. Ci sono cos\u00ec tante opzioni da sfruttare creando una nuova esperienza di apprendimento ogni giorno. Questo \u00e8 il meglio per il mio ruolo poich\u00e9 i sistemi diventano noiosi quando l&#8217;apprendimento si interrompe.<br \/>\n<strong>Contro<\/strong>: Il mio problema pi\u00f9 grande \u00e8 la possibilit\u00e0 di dare il via a singoli utenti quando non si sono disconnessi. Ho una piattaforma globale e talvolta le licenze utilizzate in Europa e in India vengono prese quando le licenze sono necessarie negli Stati Uniti. Devo dare il via a tutti gli utenti per liberare quelle licenze.<\/p>\n<p><strong>Bruno &#8220;Visual Planning: una soluzione su misura per la routine aziendale quotidiana&#8221;<\/strong><br \/>\n<strong>Commenti<\/strong>: L&#8217;esperienza complessiva della mia organizzazione rivela che \u00e8 un sistema user-friendly in grado di programmare in modo intuitivo le attivit\u00e0 e coinvolgere diversi team.<br \/>\n<strong>Pro<\/strong>: Visual Planning aiuta ad aumentare la produttivit\u00e0 delle routine quotidiane pianificando in modo intuitivo attivit\u00e0 e impegni con colleghi e clienti. \u00c8 molto facile da usare.<br \/>\n<strong>Contro<\/strong>: Il costo complessivo pu\u00f2 essere un fattore da considerare nella scelta del software. Tuttavia, in una prospettiva a lungo termine, i risparmi coprono i costi e tutti possono utilizzare il sistema senza problemi.<\/p>\n<p><strong>Reilly &#8220;Ottimo per la produzione&#8221;<\/strong><br \/>\n<strong>Pro<\/strong>: La capacit\u00e0 di essere personalizzati in base alle esigenze uniche delle nostre aziende<br \/>\n<strong>Contro<\/strong>: Nel complesso il software \u00e8 ottimo e soddisfa le nostre esigenze di programmazione della produzione<\/p>\n","protected":false},"excerpt":{"rendered":"<p>Visual Planning \u00e8 una piattaforma di gestione e pianificazione delle risorse, basata su cloud, che aiuta le aziende a gestire le proprie risorse e le operazioni quotidiane. Le funzionalit\u00e0 includono la gestione delle risorse umane, la pianificazione della costruzione, la gestione dei progetti e della flotta, l&#8217;assistenza sul campo, un CRM e altro ancora.<\/p>\n","protected":false},"author":19,"featured_media":71150,"parent":70458,"menu_order":0,"comment_status":"open","ping_status":"closed","template":"g1_template_page_review_new.php","meta":{"_acf_changed":false,"cwp_meta_box_check":"Yes","cwp_rev_product_name":"","cwp_rev_product_image":"","wppr_links":[],"cwp_rev_price":"0.00","wppr_options":[{"name":"Usability","value":"0"},{"name":"Speed","value":"0"},{"name":"Features","value":"0"},{"name":"Support","value":"0"},{"name":"Pricing","value":"0"}],"wppr_pros":["","","","",""],"wppr_cons":["","","","",""],"_monsterinsights_skip_tracking":false,"_monsterinsights_sitenote_active":false,"_monsterinsights_sitenote_note":"","_monsterinsights_sitenote_category":0,"footnotes":""},"categories":[2459],"tags":[14470,14478,14477,14480,14479,14578],"features":[],"class_list":{"0":"post-71149","1":"page","2":"type-page","3":"status-publish","4":"has-post-thumbnail","6":"category-gestionale-per-edilizia-cat","7":"tag-gestionale-edilizia","8":"tag-piattaforma-gestionale-edilizia","9":"tag-programma-gestionale-edilizia","10":"tag-software-gestionale-edilizia","11":"tag-soluzione-gestionale-edilizia","12":"tag-visual-planning"},"wppr_data":{"cwp_meta_box_check":"Yes","_wppr_review_template":"default","cwp_rev_product_image":"","cwp_image_link":"image","wppr_links":[],"cwp_rev_price":"0.00","wppr_pros":["","","","",""],"wppr_cons":["","","","",""],"wppr_rating":"0.00","wppr_options":{"1":{"name":"Usability","value":"0"},"2":{"name":"Speed","value":"0"},"3":{"name":"Features","value":"0"},"4":{"name":"Support","value":"0"},"5":{"name":"Pricing","value":"0"}},"wppr_review_type":"Product","wppr_review_custom_fields":{"additionalProperty":"","additionalType":"","aggregateRating":"","alternateName":"","audience":"","award":"","awards":"","brand":"","color":"","depth":"","description":"","disambiguatingDescription":"","gtin12":"","gtin13":"","gtin14":"","gtin8":"","height":"","identifier":"","image":"","isAccessoryOrSparePartFor":"","isConsumableFor":"","isRelatedTo":"","isSimilarTo":"","itemCondition":"","logo":"","mainEntityOfPage":"","manufacturer":"","material":"","model":"","mpn":"","name":"","offers":"","potentialAction":"","productID":"","productionDate":"","purchaseDate":"","releaseDate":"","review":"","reviews":"","sameAs":"","sku":"","slogan":"","subjectOf":"","url":"","weight":"","width":""}},"acf":[],"yoast_head":"<!-- This site is optimized with the Yoast SEO plugin v27.4 - https:\/\/yoast.com\/product\/yoast-seo-wordpress\/ -->\n<title>Visual Planning: recensione gestionale edilizia - Accurate Reviews<\/title>\n<meta name=\"description\" content=\"Visual Planning: recensione piattaforma di gestione e pianificazione delle risorse che aiuta a organizzare le operazioni quotidiane.\" \/>\n<meta name=\"robots\" content=\"index, follow, max-snippet:-1, max-image-preview:large, max-video-preview:-1\" \/>\n<link rel=\"canonical\" href=\"https:\/\/www.accuratereviews.com\/it\/software-gestionali-edilizia\/visual-planning-recensione\/\" \/>\n<meta property=\"og:locale\" content=\"it_IT\" \/>\n<meta property=\"og:type\" content=\"article\" \/>\n<meta property=\"og:title\" content=\"Visual Planning: recensione gestionale edilizia - Accurate Reviews\" \/>\n<meta property=\"og:description\" content=\"Visual Planning: recensione piattaforma di gestione e pianificazione delle risorse che aiuta a organizzare le operazioni quotidiane.\" \/>\n<meta property=\"og:url\" content=\"https:\/\/www.accuratereviews.com\/it\/software-gestionali-edilizia\/visual-planning-recensione\/\" \/>\n<meta property=\"og:site_name\" content=\"Accurate Reviews\" \/>\n<meta property=\"article:modified_time\" content=\"2023-08-08T09:10:25+00:00\" \/>\n<meta property=\"og:image\" content=\"https:\/\/www.accuratereviews.com\/wp-content\/uploads\/2023\/08\/Visual-Planning.png\" \/>\n\t<meta property=\"og:image:width\" content=\"600\" \/>\n\t<meta property=\"og:image:height\" content=\"220\" \/>\n\t<meta property=\"og:image:type\" content=\"image\/png\" \/>\n<meta name=\"twitter:card\" content=\"summary_large_image\" \/>\n<meta name=\"twitter:label1\" content=\"Tempo di lettura stimato\" \/>\n\t<meta name=\"twitter:data1\" content=\"4 minuti\" \/>\n<script type=\"application\/ld+json\" class=\"yoast-schema-graph\">{\"@context\":\"https:\\\/\\\/schema.org\",\"@graph\":[{\"@type\":\"WebPage\",\"@id\":\"https:\\\/\\\/www.accuratereviews.com\\\/it\\\/software-gestionali-edilizia\\\/visual-planning-recensione\\\/\",\"url\":\"https:\\\/\\\/www.accuratereviews.com\\\/it\\\/software-gestionali-edilizia\\\/visual-planning-recensione\\\/\",\"name\":\"Visual Planning: recensione gestionale edilizia - Accurate Reviews\",\"isPartOf\":{\"@id\":\"https:\\\/\\\/www.accuratereviews.com\\\/it\\\/#website\"},\"primaryImageOfPage\":{\"@id\":\"https:\\\/\\\/www.accuratereviews.com\\\/it\\\/software-gestionali-edilizia\\\/visual-planning-recensione\\\/#primaryimage\"},\"image\":{\"@id\":\"https:\\\/\\\/www.accuratereviews.com\\\/it\\\/software-gestionali-edilizia\\\/visual-planning-recensione\\\/#primaryimage\"},\"thumbnailUrl\":\"https:\\\/\\\/www.accuratereviews.com\\\/wp-content\\\/uploads\\\/2023\\\/08\\\/Visual-Planning.png\",\"datePublished\":\"2023-08-07T16:01:15+00:00\",\"dateModified\":\"2023-08-08T09:10:25+00:00\",\"description\":\"Visual Planning: recensione piattaforma di gestione e pianificazione delle risorse che aiuta a organizzare le operazioni quotidiane.\",\"breadcrumb\":{\"@id\":\"https:\\\/\\\/www.accuratereviews.com\\\/it\\\/software-gestionali-edilizia\\\/visual-planning-recensione\\\/#breadcrumb\"},\"inLanguage\":\"it-IT\",\"potentialAction\":[{\"@type\":\"ReadAction\",\"target\":[\"https:\\\/\\\/www.accuratereviews.com\\\/it\\\/software-gestionali-edilizia\\\/visual-planning-recensione\\\/\"]}]},{\"@type\":\"ImageObject\",\"inLanguage\":\"it-IT\",\"@id\":\"https:\\\/\\\/www.accuratereviews.com\\\/it\\\/software-gestionali-edilizia\\\/visual-planning-recensione\\\/#primaryimage\",\"url\":\"https:\\\/\\\/www.accuratereviews.com\\\/wp-content\\\/uploads\\\/2023\\\/08\\\/Visual-Planning.png\",\"contentUrl\":\"https:\\\/\\\/www.accuratereviews.com\\\/wp-content\\\/uploads\\\/2023\\\/08\\\/Visual-Planning.png\",\"width\":600,\"height\":220},{\"@type\":\"BreadcrumbList\",\"@id\":\"https:\\\/\\\/www.accuratereviews.com\\\/it\\\/software-gestionali-edilizia\\\/visual-planning-recensione\\\/#breadcrumb\",\"itemListElement\":[{\"@type\":\"ListItem\",\"position\":1,\"name\":\"Home\",\"item\":\"https:\\\/\\\/www.accuratereviews.com\\\/it\\\/\"},{\"@type\":\"ListItem\",\"position\":2,\"name\":\"Software gestionali per edilizia\",\"item\":\"https:\\\/\\\/www.accuratereviews.com\\\/it\\\/software-gestionali-edilizia\\\/\"},{\"@type\":\"ListItem\",\"position\":3,\"name\":\"Visual Planning\"}]},{\"@type\":\"WebSite\",\"@id\":\"https:\\\/\\\/www.accuratereviews.com\\\/it\\\/#website\",\"url\":\"https:\\\/\\\/www.accuratereviews.com\\\/it\\\/\",\"name\":\"Accurate Reviews\",\"description\":\"\",\"potentialAction\":[{\"@type\":\"SearchAction\",\"target\":{\"@type\":\"EntryPoint\",\"urlTemplate\":\"https:\\\/\\\/www.accuratereviews.com\\\/it\\\/?s={search_term_string}\"},\"query-input\":{\"@type\":\"PropertyValueSpecification\",\"valueRequired\":true,\"valueName\":\"search_term_string\"}}],\"inLanguage\":\"it-IT\"}]}<\/script>\n<!-- \/ Yoast SEO plugin. -->","yoast_head_json":{"title":"Visual Planning: recensione gestionale edilizia - Accurate Reviews","description":"Visual Planning: recensione piattaforma di gestione e pianificazione delle risorse che aiuta a organizzare le operazioni quotidiane.","robots":{"index":"index","follow":"follow","max-snippet":"max-snippet:-1","max-image-preview":"max-image-preview:large","max-video-preview":"max-video-preview:-1"},"canonical":"https:\/\/www.accuratereviews.com\/it\/software-gestionali-edilizia\/visual-planning-recensione\/","og_locale":"it_IT","og_type":"article","og_title":"Visual Planning: recensione gestionale edilizia - Accurate Reviews","og_description":"Visual Planning: recensione piattaforma di gestione e pianificazione delle risorse che aiuta a organizzare le operazioni quotidiane.","og_url":"https:\/\/www.accuratereviews.com\/it\/software-gestionali-edilizia\/visual-planning-recensione\/","og_site_name":"Accurate Reviews","article_modified_time":"2023-08-08T09:10:25+00:00","og_image":[{"width":600,"height":220,"url":"https:\/\/www.accuratereviews.com\/wp-content\/uploads\/2023\/08\/Visual-Planning.png","type":"image\/png"}],"twitter_card":"summary_large_image","twitter_misc":{"Tempo di lettura stimato":"4 minuti"},"schema":{"@context":"https:\/\/schema.org","@graph":[{"@type":"WebPage","@id":"https:\/\/www.accuratereviews.com\/it\/software-gestionali-edilizia\/visual-planning-recensione\/","url":"https:\/\/www.accuratereviews.com\/it\/software-gestionali-edilizia\/visual-planning-recensione\/","name":"Visual Planning: recensione gestionale edilizia - Accurate Reviews","isPartOf":{"@id":"https:\/\/www.accuratereviews.com\/it\/#website"},"primaryImageOfPage":{"@id":"https:\/\/www.accuratereviews.com\/it\/software-gestionali-edilizia\/visual-planning-recensione\/#primaryimage"},"image":{"@id":"https:\/\/www.accuratereviews.com\/it\/software-gestionali-edilizia\/visual-planning-recensione\/#primaryimage"},"thumbnailUrl":"https:\/\/www.accuratereviews.com\/wp-content\/uploads\/2023\/08\/Visual-Planning.png","datePublished":"2023-08-07T16:01:15+00:00","dateModified":"2023-08-08T09:10:25+00:00","description":"Visual Planning: recensione piattaforma di gestione e pianificazione delle risorse che aiuta a organizzare le operazioni quotidiane.","breadcrumb":{"@id":"https:\/\/www.accuratereviews.com\/it\/software-gestionali-edilizia\/visual-planning-recensione\/#breadcrumb"},"inLanguage":"it-IT","potentialAction":[{"@type":"ReadAction","target":["https:\/\/www.accuratereviews.com\/it\/software-gestionali-edilizia\/visual-planning-recensione\/"]}]},{"@type":"ImageObject","inLanguage":"it-IT","@id":"https:\/\/www.accuratereviews.com\/it\/software-gestionali-edilizia\/visual-planning-recensione\/#primaryimage","url":"https:\/\/www.accuratereviews.com\/wp-content\/uploads\/2023\/08\/Visual-Planning.png","contentUrl":"https:\/\/www.accuratereviews.com\/wp-content\/uploads\/2023\/08\/Visual-Planning.png","width":600,"height":220},{"@type":"BreadcrumbList","@id":"https:\/\/www.accuratereviews.com\/it\/software-gestionali-edilizia\/visual-planning-recensione\/#breadcrumb","itemListElement":[{"@type":"ListItem","position":1,"name":"Home","item":"https:\/\/www.accuratereviews.com\/it\/"},{"@type":"ListItem","position":2,"name":"Software gestionali per edilizia","item":"https:\/\/www.accuratereviews.com\/it\/software-gestionali-edilizia\/"},{"@type":"ListItem","position":3,"name":"Visual Planning"}]},{"@type":"WebSite","@id":"https:\/\/www.accuratereviews.com\/it\/#website","url":"https:\/\/www.accuratereviews.com\/it\/","name":"Accurate Reviews","description":"","potentialAction":[{"@type":"SearchAction","target":{"@type":"EntryPoint","urlTemplate":"https:\/\/www.accuratereviews.com\/it\/?s={search_term_string}"},"query-input":{"@type":"PropertyValueSpecification","valueRequired":true,"valueName":"search_term_string"}}],"inLanguage":"it-IT"}]}},"_links":{"self":[{"href":"https:\/\/www.accuratereviews.com\/it\/wp-json\/wp\/v2\/pages\/71149","targetHints":{"allow":["GET"]}}],"collection":[{"href":"https:\/\/www.accuratereviews.com\/it\/wp-json\/wp\/v2\/pages"}],"about":[{"href":"https:\/\/www.accuratereviews.com\/it\/wp-json\/wp\/v2\/types\/page"}],"author":[{"embeddable":true,"href":"https:\/\/www.accuratereviews.com\/it\/wp-json\/wp\/v2\/users\/19"}],"replies":[{"embeddable":true,"href":"https:\/\/www.accuratereviews.com\/it\/wp-json\/wp\/v2\/comments?post=71149"}],"version-history":[{"count":9,"href":"https:\/\/www.accuratereviews.com\/it\/wp-json\/wp\/v2\/pages\/71149\/revisions"}],"predecessor-version":[{"id":71215,"href":"https:\/\/www.accuratereviews.com\/it\/wp-json\/wp\/v2\/pages\/71149\/revisions\/71215"}],"up":[{"embeddable":true,"href":"https:\/\/www.accuratereviews.com\/it\/wp-json\/wp\/v2\/pages\/70458"}],"wp:featuredmedia":[{"embeddable":true,"href":"https:\/\/www.accuratereviews.com\/it\/wp-json\/wp\/v2\/media\/71150"}],"wp:attachment":[{"href":"https:\/\/www.accuratereviews.com\/it\/wp-json\/wp\/v2\/media?parent=71149"}],"wp:term":[{"taxonomy":"category","embeddable":true,"href":"https:\/\/www.accuratereviews.com\/it\/wp-json\/wp\/v2\/categories?post=71149"},{"taxonomy":"post_tag","embeddable":true,"href":"https:\/\/www.accuratereviews.com\/it\/wp-json\/wp\/v2\/tags?post=71149"},{"taxonomy":"features","embeddable":true,"href":"https:\/\/www.accuratereviews.com\/it\/wp-json\/wp\/v2\/features?post=71149"}],"curies":[{"name":"wp","href":"https:\/\/api.w.org\/{rel}","templated":true}]}}