{"id":71261,"date":"2023-08-10T13:06:44","date_gmt":"2023-08-10T13:06:44","guid":{"rendered":"https:\/\/www.accuratereviews.com\/?page_id=71261"},"modified":"2023-08-10T13:06:44","modified_gmt":"2023-08-10T13:06:44","slug":"buildtools-recensione","status":"publish","type":"page","link":"https:\/\/www.accuratereviews.com\/it\/software-gestionali-edilizia\/buildtools-recensione\/","title":{"rendered":"BuildTools"},"content":{"rendered":"<p><strong>BuildTools<\/strong> \u00e8 un <strong>software di gestione dei progetti<\/strong> di costruzione basato su <strong>cloud.<\/strong> La soluzione aiuta gli utenti a organizzare al meglio i progetti, fornendo un punto di riferimento per la pianificazione, il budget, gli acquisti, il servizio e la comunicazione con i clienti.<br \/>\nGli utenti possono gestire i propri progetti da qualsiasi luogo utilizzando il computer, tablet o dispositivo mobile. L&#8217;app BuildTools \u00e8 disponibile per Android e iOS. Le funzionalit\u00e0 principali includono programmi live e di lavoro, controllo dei documenti, gestione degli ordini di modifica e della selezione, gestione delle offerte, condivisione di foto e un modulo di servizio per gestire gli ordini di lavoro e le richieste di garanzia. Il sistema inoltre si integra anche con QuickBooks Desktop o Online e Xero.<\/p>\n<h2>BUILDTOOLS &#8211; TUTORIAL<\/h2>\n<div id=\"fluid-wrapper-counter-1\" class=\"g1-fluid-wrapper \" style=\"width:686px;\">\n<div style=\"padding-bottom:56.268221574344%;\"><iframe loading=\"lazy\" title=\"BuildTools Budgeting Demo\" width=\"686\" height=\"386\" src=\"https:\/\/www.youtube.com\/embed\/n1scW5SP6Rw?feature=oembed&amp;wmode=transparent&amp;autohide=1&amp;autoplay=0&amp;disablekb=0&amp;fs=1&amp;loop=0&amp;enablejsapi=1&amp;rel=0&amp;controls=2&amp;showinfo=0&amp;wmode=transparent&amp;autohide=2&amp;autoplay=0&amp;disablekb=0&amp;fs=1&amp;loop=0&amp;enablejsapi=1&amp;rel=0&amp;controls=2&amp;showinfo=1\" frameborder=\"0\" allow=\"accelerometer; autoplay; clipboard-write; encrypted-media; gyroscope; picture-in-picture; web-share\" allowfullscreen><\/iframe><\/div>\n<\/div>\n<h3>BUILDTOOLS &#8211; CARATTERISTICHE<\/h3>\n<ul>\n<li><strong>Comunicare con clienti e abbonati<\/strong>: la comunicazione \u00e8 la cosa basilare per ogni progetto di successo. Commenta istantaneamente i dettagli del progetto. Cerca facilmente ogni commento. Comunicazione semplificata, perfezionata.<\/li>\n<li><strong>Tieni tutto sotto controllo<\/strong>: visualizza le pianificazioni dei progetti per tutte le tue risorse, subappaltatori e dipendenti allo stesso modo, in tutti i tuoi progetti<\/li>\n<li><strong>Mantieni il budget<\/strong>: ridurre gli errori e aumentare la redditivit\u00e0. Con i codici di costo univoci, hai tutti gli strumenti necessari per creare e gestire i budget dei progetti.<\/li>\n<li><strong>Gestisci le selezioni facilmente<\/strong>: amministra le selezioni da un&#8217;unica posizione accessibile al cliente, al progettista e al team di costruzione. I clienti possono approvare facilmente le selezioni online, che si integrano con ordini di modifica, budget e altro ancora.<\/li>\n<li><strong>Memorizza foto e documenti in un unico luogo<\/strong>: conserva i tuoi documenti archiviati in un unico posto, sotto un unico progetto. Sul campo o dietro la tua scrivania, tu e il tuo team potete visualizzare e caricare tutti i file relativi al lavoro ovunque e in qualsiasi momento.<\/li>\n<li><strong>Semplifica il processo di offerta<\/strong>: semplifica la presentazione delle offerte a fornitori e subappaltatori. Esamina facilmente gli invii e scegli le persone giuste per il lavoro.<\/li>\n<li><strong>Mantieni la garanzia semplice<\/strong>: semplifica il processo di richiesta della garanzia. Gestisci e documenta i tuoi ordini di lavoro post-costruzione per dare gli ultimi ritocchi a ogni lavoro.<\/li>\n<li><strong>Integra con la tua contabilit\u00e0:<\/strong> risparmia tempo e costosi errori con integrazioni contabili senza soluzione di continuit\u00e0. Sincronizza fatture, ordini di acquisto, budget, contatti e altro ancora. Niente pi\u00f9 partita doppia.<\/li>\n<\/ul>\n<h4>LE RECENSIONI DEGLI UTENTI<\/h4>\n<p><strong>Kari &#8220;Vantaggi che usiamo.&#8221;<\/strong><br \/>\n<strong>Commenti<\/strong>: Nel complesso, il servizio clienti \u00e8 stato molto reattivo e disponibile in caso di problemi.<br \/>\n<strong>Pro<\/strong>: Poich\u00e9 abbiamo molti clienti &#8220;fuori citt\u00e0&#8221;, la possibilit\u00e0 di caricare immagini per il loro piacere di visione \u00e8 fondamentale per la trasparenza e la comunicazione.<br \/>\n<strong>Contro<\/strong>: Troviamo che il formato del diagramma di Gantt per la pianificazione sia un po&#8217; scomodo e non cos\u00ec facile da usare come dovrebbe essere.<\/p>\n<p><strong>Ken &#8220;Adoro il programma, ecco i problemi&#8221;<\/strong><br \/>\n<strong>Commenti<\/strong>: Abbiamo esaminato in dettaglio altri programmi. Torniamo ancora a Build Tools. Copre di pi\u00f9 e ha ci\u00f2 di cui sentiamo di aver bisogno.<br \/>\n<strong>Pro<\/strong>: ha tutti i moduli necessari a una societ\u00e0 di project management per svolgere il proprio lavoro<br \/>\n<strong>Contro<\/strong>: i rapporti e le esportazioni non sembrano essere impostati o creati da chiunque utilizzi effettivamente questi rapporti. esempio, prendi una o due pagine di informazioni e le trasformi in 12 pagine di caratteri illeggibili che cambiano gobble-gook. non c&#8217;\u00e8 modo che io possa inviarlo a un cliente. Devo esportarlo in diversi modi e rendere presentabile qualcosa.<\/p>\n<p><strong>Andy. &#8220;BuildTools, una base su cui costruire.&#8221;<\/strong><br \/>\n<strong>Commenti<\/strong>: BuildTools ci consente di essere pi\u00f9 agili ed efficienti sia in ufficio che sul campo. La piattaforma digitale e le capacit\u00e0 di accesso mobile ci hanno permesso di prendere un buon sistema e renderlo eccezionale.<br \/>\n<strong>Pro<\/strong>: BuildTools utilizza un&#8217;interfaccia intuitiva che \u00e8 facile da implementare per un team di diverse competenze tecniche. La natura personalizzabile della piattaforma ci ha permesso di mantenere molte delle nostre procedure legacy durante l&#8217;aggiornamento a una piattaforma digitale pi\u00f9 efficace ed efficiente.<br \/>\n<strong>Contro<\/strong>: Il problema pi\u00f9 grande che abbiamo riscontrato \u00e8 il modo in cui la piattaforma si integra con il nostro sistema di contabilit\u00e0 QuickBooks. L&#8217;integrazione di QuickBooks \u00e8 andata bene, tuttavia \u00e8 pi\u00f9 rigida e meno personalizzabile rispetto alle nostre procedure legacy.<\/p>\n","protected":false},"excerpt":{"rendered":"<p>BuildTools \u00e8 un software di gestione dei progetti di costruzione basato su cloud.\u00a0La soluzione aiuta gli utenti a organizzare al meglio i progetti, fornendo un punto di riferimento per la pianificazione, il budget, gli acquisti, il servizio e la comunicazione con i clienti. Gli utenti possono gestire i propri progetti da qualsiasi luogo utilizzando il computer, tablet o dispositivo mobile.<\/p>\n","protected":false},"author":19,"featured_media":71265,"parent":70458,"menu_order":0,"comment_status":"open","ping_status":"closed","template":"g1_template_page_review_new.php","meta":{"_acf_changed":false,"cwp_meta_box_check":"No","cwp_rev_product_name":"","cwp_rev_product_image":"","wppr_links":[],"cwp_rev_price":"","wppr_options":[],"wppr_pros":[],"wppr_cons":[],"_monsterinsights_skip_tracking":false,"_monsterinsights_sitenote_active":false,"_monsterinsights_sitenote_note":"","_monsterinsights_sitenote_category":0,"footnotes":""},"categories":[2459],"tags":[14589,14470,14478,14477,14480,14479],"features":[],"class_list":{"0":"post-71261","1":"page","2":"type-page","3":"status-publish","4":"has-post-thumbnail","6":"category-gestionale-per-edilizia-cat","7":"tag-buildtools","8":"tag-gestionale-edilizia","9":"tag-piattaforma-gestionale-edilizia","10":"tag-programma-gestionale-edilizia","11":"tag-software-gestionale-edilizia","12":"tag-soluzione-gestionale-edilizia"},"wppr_data":{"cwp_meta_box_check":"No"},"acf":[],"yoast_head":"<!-- This site is optimized with the Yoast SEO plugin v26.0 - https:\/\/yoast.com\/wordpress\/plugins\/seo\/ -->\n<title>BuildTools: recensione software gestionale edilizia - Accurate Reviews<\/title>\n<meta name=\"description\" content=\"BuildTools: recensione software di gestione dei progetti di costruzione, basato su cloud, progettato per imprese edili e ingegneri.\" \/>\n<meta name=\"robots\" content=\"index, follow, max-snippet:-1, max-image-preview:large, max-video-preview:-1\" \/>\n<link rel=\"canonical\" href=\"https:\/\/www.accuratereviews.com\/it\/software-gestionali-edilizia\/buildtools-recensione\/\" \/>\n<meta property=\"og:locale\" content=\"it_IT\" \/>\n<meta property=\"og:type\" content=\"article\" \/>\n<meta property=\"og:title\" content=\"BuildTools: recensione software gestionale edilizia - Accurate Reviews\" \/>\n<meta property=\"og:description\" content=\"BuildTools: recensione software di gestione dei progetti di costruzione, basato su cloud, progettato per imprese edili e ingegneri.\" \/>\n<meta property=\"og:url\" content=\"https:\/\/www.accuratereviews.com\/it\/software-gestionali-edilizia\/buildtools-recensione\/\" \/>\n<meta property=\"og:site_name\" content=\"Accurate Reviews\" \/>\n<meta property=\"og:image\" content=\"https:\/\/www.accuratereviews.com\/wp-content\/uploads\/2023\/08\/eci.jpeg\" \/>\n\t<meta property=\"og:image:width\" content=\"200\" \/>\n\t<meta property=\"og:image:height\" content=\"200\" \/>\n\t<meta property=\"og:image:type\" content=\"image\/jpeg\" \/>\n<meta name=\"twitter:card\" content=\"summary_large_image\" \/>\n<meta name=\"twitter:label1\" content=\"Tempo di lettura stimato\" \/>\n\t<meta name=\"twitter:data1\" content=\"4 minuti\" \/>\n<script type=\"application\/ld+json\" class=\"yoast-schema-graph\">{\"@context\":\"https:\/\/schema.org\",\"@graph\":[{\"@type\":\"WebPage\",\"@id\":\"https:\/\/www.accuratereviews.com\/it\/software-gestionali-edilizia\/buildtools-recensione\/\",\"url\":\"https:\/\/www.accuratereviews.com\/it\/software-gestionali-edilizia\/buildtools-recensione\/\",\"name\":\"BuildTools: recensione software gestionale edilizia - Accurate Reviews\",\"isPartOf\":{\"@id\":\"https:\/\/www.accuratereviews.com\/it\/#website\"},\"primaryImageOfPage\":{\"@id\":\"https:\/\/www.accuratereviews.com\/it\/software-gestionali-edilizia\/buildtools-recensione\/#primaryimage\"},\"image\":{\"@id\":\"https:\/\/www.accuratereviews.com\/it\/software-gestionali-edilizia\/buildtools-recensione\/#primaryimage\"},\"thumbnailUrl\":\"https:\/\/www.accuratereviews.com\/wp-content\/uploads\/2023\/08\/eci.jpeg\",\"datePublished\":\"2023-08-10T13:06:44+00:00\",\"description\":\"BuildTools: recensione software di gestione dei progetti di costruzione, basato su cloud, progettato per imprese edili e ingegneri.\",\"breadcrumb\":{\"@id\":\"https:\/\/www.accuratereviews.com\/it\/software-gestionali-edilizia\/buildtools-recensione\/#breadcrumb\"},\"inLanguage\":\"it-IT\",\"potentialAction\":[{\"@type\":\"ReadAction\",\"target\":[\"https:\/\/www.accuratereviews.com\/it\/software-gestionali-edilizia\/buildtools-recensione\/\"]}]},{\"@type\":\"ImageObject\",\"inLanguage\":\"it-IT\",\"@id\":\"https:\/\/www.accuratereviews.com\/it\/software-gestionali-edilizia\/buildtools-recensione\/#primaryimage\",\"url\":\"https:\/\/www.accuratereviews.com\/wp-content\/uploads\/2023\/08\/eci.jpeg\",\"contentUrl\":\"https:\/\/www.accuratereviews.com\/wp-content\/uploads\/2023\/08\/eci.jpeg\",\"width\":200,\"height\":200},{\"@type\":\"BreadcrumbList\",\"@id\":\"https:\/\/www.accuratereviews.com\/it\/software-gestionali-edilizia\/buildtools-recensione\/#breadcrumb\",\"itemListElement\":[{\"@type\":\"ListItem\",\"position\":1,\"name\":\"Home\",\"item\":\"https:\/\/www.accuratereviews.com\/it\/\"},{\"@type\":\"ListItem\",\"position\":2,\"name\":\"Software gestionali per edilizia\",\"item\":\"https:\/\/www.accuratereviews.com\/it\/software-gestionali-edilizia\/\"},{\"@type\":\"ListItem\",\"position\":3,\"name\":\"BuildTools\"}]},{\"@type\":\"WebSite\",\"@id\":\"https:\/\/www.accuratereviews.com\/it\/#website\",\"url\":\"https:\/\/www.accuratereviews.com\/it\/\",\"name\":\"Accurate Reviews\",\"description\":\"\",\"potentialAction\":[{\"@type\":\"SearchAction\",\"target\":{\"@type\":\"EntryPoint\",\"urlTemplate\":\"https:\/\/www.accuratereviews.com\/it\/?s={search_term_string}\"},\"query-input\":{\"@type\":\"PropertyValueSpecification\",\"valueRequired\":true,\"valueName\":\"search_term_string\"}}],\"inLanguage\":\"it-IT\"}]}<\/script>\n<!-- \/ Yoast SEO plugin. -->","yoast_head_json":{"title":"BuildTools: recensione software gestionale edilizia - Accurate Reviews","description":"BuildTools: recensione software di gestione dei progetti di costruzione, basato su cloud, progettato per imprese edili e ingegneri.","robots":{"index":"index","follow":"follow","max-snippet":"max-snippet:-1","max-image-preview":"max-image-preview:large","max-video-preview":"max-video-preview:-1"},"canonical":"https:\/\/www.accuratereviews.com\/it\/software-gestionali-edilizia\/buildtools-recensione\/","og_locale":"it_IT","og_type":"article","og_title":"BuildTools: recensione software gestionale edilizia - Accurate Reviews","og_description":"BuildTools: recensione software di gestione dei progetti di costruzione, basato su cloud, progettato per imprese edili e ingegneri.","og_url":"https:\/\/www.accuratereviews.com\/it\/software-gestionali-edilizia\/buildtools-recensione\/","og_site_name":"Accurate Reviews","og_image":[{"width":200,"height":200,"url":"https:\/\/www.accuratereviews.com\/wp-content\/uploads\/2023\/08\/eci.jpeg","type":"image\/jpeg"}],"twitter_card":"summary_large_image","twitter_misc":{"Tempo di lettura stimato":"4 minuti"},"schema":{"@context":"https:\/\/schema.org","@graph":[{"@type":"WebPage","@id":"https:\/\/www.accuratereviews.com\/it\/software-gestionali-edilizia\/buildtools-recensione\/","url":"https:\/\/www.accuratereviews.com\/it\/software-gestionali-edilizia\/buildtools-recensione\/","name":"BuildTools: recensione software gestionale edilizia - Accurate Reviews","isPartOf":{"@id":"https:\/\/www.accuratereviews.com\/it\/#website"},"primaryImageOfPage":{"@id":"https:\/\/www.accuratereviews.com\/it\/software-gestionali-edilizia\/buildtools-recensione\/#primaryimage"},"image":{"@id":"https:\/\/www.accuratereviews.com\/it\/software-gestionali-edilizia\/buildtools-recensione\/#primaryimage"},"thumbnailUrl":"https:\/\/www.accuratereviews.com\/wp-content\/uploads\/2023\/08\/eci.jpeg","datePublished":"2023-08-10T13:06:44+00:00","description":"BuildTools: recensione software di gestione dei progetti di costruzione, basato su cloud, progettato per imprese edili e ingegneri.","breadcrumb":{"@id":"https:\/\/www.accuratereviews.com\/it\/software-gestionali-edilizia\/buildtools-recensione\/#breadcrumb"},"inLanguage":"it-IT","potentialAction":[{"@type":"ReadAction","target":["https:\/\/www.accuratereviews.com\/it\/software-gestionali-edilizia\/buildtools-recensione\/"]}]},{"@type":"ImageObject","inLanguage":"it-IT","@id":"https:\/\/www.accuratereviews.com\/it\/software-gestionali-edilizia\/buildtools-recensione\/#primaryimage","url":"https:\/\/www.accuratereviews.com\/wp-content\/uploads\/2023\/08\/eci.jpeg","contentUrl":"https:\/\/www.accuratereviews.com\/wp-content\/uploads\/2023\/08\/eci.jpeg","width":200,"height":200},{"@type":"BreadcrumbList","@id":"https:\/\/www.accuratereviews.com\/it\/software-gestionali-edilizia\/buildtools-recensione\/#breadcrumb","itemListElement":[{"@type":"ListItem","position":1,"name":"Home","item":"https:\/\/www.accuratereviews.com\/it\/"},{"@type":"ListItem","position":2,"name":"Software gestionali per edilizia","item":"https:\/\/www.accuratereviews.com\/it\/software-gestionali-edilizia\/"},{"@type":"ListItem","position":3,"name":"BuildTools"}]},{"@type":"WebSite","@id":"https:\/\/www.accuratereviews.com\/it\/#website","url":"https:\/\/www.accuratereviews.com\/it\/","name":"Accurate Reviews","description":"","potentialAction":[{"@type":"SearchAction","target":{"@type":"EntryPoint","urlTemplate":"https:\/\/www.accuratereviews.com\/it\/?s={search_term_string}"},"query-input":{"@type":"PropertyValueSpecification","valueRequired":true,"valueName":"search_term_string"}}],"inLanguage":"it-IT"}]}},"_links":{"self":[{"href":"https:\/\/www.accuratereviews.com\/it\/wp-json\/wp\/v2\/pages\/71261","targetHints":{"allow":["GET"]}}],"collection":[{"href":"https:\/\/www.accuratereviews.com\/it\/wp-json\/wp\/v2\/pages"}],"about":[{"href":"https:\/\/www.accuratereviews.com\/it\/wp-json\/wp\/v2\/types\/page"}],"author":[{"embeddable":true,"href":"https:\/\/www.accuratereviews.com\/it\/wp-json\/wp\/v2\/users\/19"}],"replies":[{"embeddable":true,"href":"https:\/\/www.accuratereviews.com\/it\/wp-json\/wp\/v2\/comments?post=71261"}],"version-history":[{"count":9,"href":"https:\/\/www.accuratereviews.com\/it\/wp-json\/wp\/v2\/pages\/71261\/revisions"}],"predecessor-version":[{"id":71275,"href":"https:\/\/www.accuratereviews.com\/it\/wp-json\/wp\/v2\/pages\/71261\/revisions\/71275"}],"up":[{"embeddable":true,"href":"https:\/\/www.accuratereviews.com\/it\/wp-json\/wp\/v2\/pages\/70458"}],"wp:featuredmedia":[{"embeddable":true,"href":"https:\/\/www.accuratereviews.com\/it\/wp-json\/wp\/v2\/media\/71265"}],"wp:attachment":[{"href":"https:\/\/www.accuratereviews.com\/it\/wp-json\/wp\/v2\/media?parent=71261"}],"wp:term":[{"taxonomy":"category","embeddable":true,"href":"https:\/\/www.accuratereviews.com\/it\/wp-json\/wp\/v2\/categories?post=71261"},{"taxonomy":"post_tag","embeddable":true,"href":"https:\/\/www.accuratereviews.com\/it\/wp-json\/wp\/v2\/tags?post=71261"},{"taxonomy":"features","embeddable":true,"href":"https:\/\/www.accuratereviews.com\/it\/wp-json\/wp\/v2\/features?post=71261"}],"curies":[{"name":"wp","href":"https:\/\/api.w.org\/{rel}","templated":true}]}}