{"id":71284,"date":"2023-08-11T13:06:19","date_gmt":"2023-08-11T13:06:19","guid":{"rendered":"https:\/\/www.accuratereviews.com\/?page_id=71284"},"modified":"2023-08-11T14:00:32","modified_gmt":"2023-08-11T14:00:32","slug":"planradar-recensione","status":"publish","type":"page","link":"https:\/\/www.accuratereviews.com\/it\/software-gestionali-edilizia\/planradar-recensione\/","title":{"rendered":"PlanRadar"},"content":{"rendered":"<p><strong>PlanRadar<\/strong> \u00e8 una <strong>soluzione di gestione dei progetti<\/strong> basata su <strong>cloud<\/strong>, progettata per aiutare le piccole e medie imprese a gestire la costruzione, le attivit\u00e0, i difetti e altro ancora attraverso ticketing, comunicazione e documentazione. Consente agli utenti di pianificare attivit\u00e0, creare report e visualizzare informazioni da uno spazio centralizzato. Permette agli utenti di creare biglietti con immagini, note, memo vocali, dettagli dell&#8217;appaltatore, titoli, priorit\u00e0 e date di completamento.<br \/>\nLe funzionalit\u00e0 principali della piattaforma includono notifiche automatiche, archiviazione di file, esportazione di dati, statistiche, funzionalit\u00e0 di ricerca, report PDF configurabili, sincronizzazione in tempo reale e accesso offline. Supporta un&#8217;interfaccia drag-and-drop per configurare ticket e modelli. Il modulo di gestione dei difetti fornisce informazioni sullo stato di avanzamento del progetto, sulla valutazione e sui processi con statistiche. Le annotazioni sulle planimetria consentono agli utenti di lavorare sui disegni, visualizzare e aggiungere sezioni, componenti del codice colore, contrassegnare aree e aggiungere riferimenti.<\/p>\n<h2>PLANRADAR &#8211; TUTORIAL<\/h2>\n<div id=\"fluid-wrapper-counter-1\" class=\"g1-fluid-wrapper \" style=\"width:686px;\">\n<div style=\"padding-bottom:56.268221574344%;\"><iframe loading=\"lazy\" title=\"PlanRadar Academy: Forms &amp; Lists\" width=\"686\" height=\"386\" src=\"https:\/\/www.youtube.com\/embed\/c7TNzzot4ys?feature=oembed&amp;wmode=transparent&amp;autohide=1&amp;autoplay=0&amp;disablekb=0&amp;fs=1&amp;loop=0&amp;enablejsapi=1&amp;rel=0&amp;controls=2&amp;showinfo=0&amp;wmode=transparent&amp;autohide=2&amp;autoplay=0&amp;disablekb=0&amp;fs=1&amp;loop=0&amp;enablejsapi=1&amp;rel=0&amp;controls=2&amp;showinfo=1\" frameborder=\"0\" allow=\"accelerometer; autoplay; clipboard-write; encrypted-media; gyroscope; picture-in-picture; web-share\" allowfullscreen><\/iframe><\/div>\n<\/div>\n<h3>PLANRADAR &#8211; CARATTERISTICHE<\/h3>\n<ul>\n<li><strong>Incarichi trasparenti<\/strong>: visualizza istantaneamente le attivit\u00e0 completate e in ritardo con aggiornamenti di stato in tempo reale.<\/li>\n<li><strong>Appunti nei piani:<\/strong> \u00a0inserisci le tue note direttamente sui piani 2D o nei modelli BIM.<\/li>\n<li><strong>Documentazione foto &amp; media<\/strong>: audio, foto, video, note di testo e cronologie di chat, il tutto salvato su una sola piattaforma.<\/li>\n<li><strong>Programmazione:<\/strong> crea un diagramma di Gantt che comprende tutte le fasi del progetto e le attivit\u00e0 per monitorare gli stati di avanzamento.<\/li>\n<li><strong>Chat integrata nell&#8217;app e notifiche push:<\/strong> metti in comunicazione i membri del team in cantiere e in ufficio e ottieni un processo decisionale rapido grazie al sistema di promemoria.<\/li>\n<li><strong>Accesso gratuito per i subappaltatori<\/strong>: traccia tutte le comunicazioni anche con i fornitori esterni.<\/li>\n<li><strong>Pi\u00f9 di 15 lingue<\/strong>: permetti al tuo team di lavorare efficientemente nella lingua che vogliono.<\/li>\n<li><strong>Checklist standardizzate<\/strong>: utilizza sempre lo stesso metodo per le ispezioni esaminate centinaia di dettagli in un singolo modulo, accessibile dall&#8217;intero team e da tutti i dispositivi.<\/li>\n<li><strong>Report personalizzati<\/strong>: crea modelli di report che rispecchino le tue esigenze e quelle dei tuoi investitori.<\/li>\n<li><strong>Raccolta sicura delle testimonianze<\/strong>: raccogli e accedi ai dati storici della tua propriet\u00e0 in qualsiasi momento.<\/li>\n<\/ul>\n<h4>LE RECENSIONI DEGLI UTENTI<\/h4>\n<p><strong>Christoph &#8220;Guida utente intuitiva&#8221;<\/strong><br \/>\n<strong>Commenti<\/strong>: Ticketing per le opzioni di installazione nell&#8217;espansione della fibra ottica<br \/>\n<strong>Pro<\/strong>: L&#8217;editor di foto \u00e8 molto facile da usare e ti consente di disegnare le tue idee. L&#8217;esportazione in Excel ha una struttura logica estesa.<br \/>\n<strong>Contro<\/strong>: Le suddivisioni e i caratteri speciali non sono ancora inclusi nell&#8217;esportazione del rapporto ticket PDF. Nessuna designazione di stato libera, nessun diritto di lettura\/scrittura dipendente dallo stato.<\/p>\n<p><strong>Daniel &#8220;Facile da usare&#8221;<\/strong><br \/>\n<strong>Commenti<\/strong>: Gestione dei difetti facile e veloce<br \/>\n<strong>Pro<\/strong>: Facilit\u00e0 d&#8217;uso, Planradar pu\u00f2 essere utilizzato da apprendisti, pensionati e accademici in quanto \u00e8 chiaro e di facile comprensione.<br \/>\n<strong>Contro<\/strong>: La struttura (livelli e struttura del documento)<\/p>\n<p><strong>Andreas &#8220;Facilit\u00e0 di lavoro e memoria&#8221;<\/strong><br \/>\n<strong>Commenti<\/strong>: Ottima semplificazione del lavoro, ordinamento delle immagini non necessario automaticamente con pin, non dimentichi nulla<br \/>\n<strong>Pro<\/strong>: Documentazione degli inventari dell&#8217;immobile e documentazione delle misure con posizione in pianta memorizzata. Puoi ritrovare le immagini se le cerchi.<br \/>\n<strong>Contro<\/strong>: finora non sono stati riscontrati gravi svantaggi.Un piccolo svantaggio \u00e8 la quantit\u00e0 di dati che l&#8217;app consuma su dispositivi mobili, cellulare e tablet. Sarebbe bene se i pin completati non fossero pi\u00f9 sincronizzati sul dispositivo mobile. lo spazio \u00e8 limitato.<\/p>\n","protected":false},"excerpt":{"rendered":"<p>PlanRadar \u00e8 una soluzione di gestione dei progetti basata su cloud, progettata per aiutare le piccole e medie imprese a gestire la costruzione, le attivit\u00e0, i difetti e altro ancora attraverso ticketing, comunicazione e documentazione. Consente agli utenti di pianificare attivit\u00e0, creare report e visualizzare informazioni da uno spazio centralizzato.<\/p>\n","protected":false},"author":19,"featured_media":71285,"parent":70458,"menu_order":0,"comment_status":"closed","ping_status":"closed","template":"g1_template_page_review_new.php","meta":{"_acf_changed":false,"cwp_meta_box_check":"Yes","cwp_rev_product_name":"","cwp_rev_product_image":"","wppr_links":[],"cwp_rev_price":"0.00","wppr_options":[{"name":"Usability","value":"0"},{"name":"Speed","value":"0"},{"name":"Features","value":"0"},{"name":"Support","value":"0"},{"name":"Pricing","value":"0"}],"wppr_pros":["","","","",""],"wppr_cons":["","","","",""],"_monsterinsights_skip_tracking":false,"_monsterinsights_sitenote_active":false,"_monsterinsights_sitenote_note":"","_monsterinsights_sitenote_category":0,"footnotes":""},"categories":[2459],"tags":[14470,14478,14591,14477,14480,14479],"features":[],"class_list":{"0":"post-71284","1":"page","2":"type-page","3":"status-publish","4":"has-post-thumbnail","6":"category-gestionale-per-edilizia-cat","7":"tag-gestionale-edilizia","8":"tag-piattaforma-gestionale-edilizia","9":"tag-planradar","10":"tag-programma-gestionale-edilizia","11":"tag-software-gestionale-edilizia","12":"tag-soluzione-gestionale-edilizia"},"wppr_data":{"cwp_meta_box_check":"Yes","_wppr_review_template":"default","cwp_rev_product_image":"","cwp_image_link":"image","wppr_links":[],"cwp_rev_price":"0.00","wppr_pros":["","","","",""],"wppr_cons":["","","","",""],"wppr_rating":"0.00","wppr_options":{"1":{"name":"Usability","value":"0"},"2":{"name":"Speed","value":"0"},"3":{"name":"Features","value":"0"},"4":{"name":"Support","value":"0"},"5":{"name":"Pricing","value":"0"}},"wppr_review_type":"Product","wppr_review_custom_fields":{"additionalProperty":"","additionalType":"","aggregateRating":"","alternateName":"","audience":"","award":"","awards":"","brand":"","color":"","depth":"","description":"","disambiguatingDescription":"","gtin12":"","gtin13":"","gtin14":"","gtin8":"","height":"","identifier":"","image":"","isAccessoryOrSparePartFor":"","isConsumableFor":"","isRelatedTo":"","isSimilarTo":"","itemCondition":"","logo":"","mainEntityOfPage":"","manufacturer":"","material":"","model":"","mpn":"","name":"","offers":"","potentialAction":"","productID":"","productionDate":"","purchaseDate":"","releaseDate":"","review":"","reviews":"","sameAs":"","sku":"","slogan":"","subjectOf":"","url":"","weight":"","width":""}},"acf":[],"yoast_head":"<!-- This site is optimized with the Yoast SEO plugin v27.4 - https:\/\/yoast.com\/product\/yoast-seo-wordpress\/ -->\n<title>PlanRadar: recensione software gestionale edilizia - Accurate Reviews<\/title>\n<meta name=\"description\" content=\"PlanRadar: recensione soluzione di gestione dei progetti utile per gestire le costruzioni, le attivit\u00e0, i difetti e altro ancora.\" \/>\n<meta name=\"robots\" content=\"index, follow, max-snippet:-1, max-image-preview:large, max-video-preview:-1\" \/>\n<link rel=\"canonical\" href=\"https:\/\/www.accuratereviews.com\/it\/software-gestionali-edilizia\/planradar-recensione\/\" \/>\n<meta property=\"og:locale\" content=\"it_IT\" \/>\n<meta property=\"og:type\" content=\"article\" \/>\n<meta property=\"og:title\" content=\"PlanRadar: recensione software gestionale edilizia - Accurate Reviews\" \/>\n<meta property=\"og:description\" content=\"PlanRadar: recensione soluzione di gestione dei progetti utile per gestire le costruzioni, le attivit\u00e0, i difetti e altro ancora.\" \/>\n<meta property=\"og:url\" content=\"https:\/\/www.accuratereviews.com\/it\/software-gestionali-edilizia\/planradar-recensione\/\" \/>\n<meta property=\"og:site_name\" content=\"Accurate Reviews\" \/>\n<meta property=\"article:modified_time\" content=\"2023-08-11T14:00:32+00:00\" \/>\n<meta property=\"og:image\" content=\"https:\/\/www.accuratereviews.com\/wp-content\/uploads\/2023\/08\/PlanRadar.png\" \/>\n\t<meta property=\"og:image:width\" content=\"1200\" \/>\n\t<meta property=\"og:image:height\" content=\"630\" \/>\n\t<meta property=\"og:image:type\" content=\"image\/png\" \/>\n<meta name=\"twitter:card\" content=\"summary_large_image\" \/>\n<meta name=\"twitter:label1\" content=\"Tempo di lettura stimato\" \/>\n\t<meta name=\"twitter:data1\" content=\"3 minuti\" \/>\n<script type=\"application\/ld+json\" class=\"yoast-schema-graph\">{\"@context\":\"https:\\\/\\\/schema.org\",\"@graph\":[{\"@type\":\"WebPage\",\"@id\":\"https:\\\/\\\/www.accuratereviews.com\\\/it\\\/software-gestionali-edilizia\\\/planradar-recensione\\\/\",\"url\":\"https:\\\/\\\/www.accuratereviews.com\\\/it\\\/software-gestionali-edilizia\\\/planradar-recensione\\\/\",\"name\":\"PlanRadar: recensione software gestionale edilizia - Accurate Reviews\",\"isPartOf\":{\"@id\":\"https:\\\/\\\/www.accuratereviews.com\\\/it\\\/#website\"},\"primaryImageOfPage\":{\"@id\":\"https:\\\/\\\/www.accuratereviews.com\\\/it\\\/software-gestionali-edilizia\\\/planradar-recensione\\\/#primaryimage\"},\"image\":{\"@id\":\"https:\\\/\\\/www.accuratereviews.com\\\/it\\\/software-gestionali-edilizia\\\/planradar-recensione\\\/#primaryimage\"},\"thumbnailUrl\":\"https:\\\/\\\/www.accuratereviews.com\\\/wp-content\\\/uploads\\\/2023\\\/08\\\/PlanRadar.png\",\"datePublished\":\"2023-08-11T13:06:19+00:00\",\"dateModified\":\"2023-08-11T14:00:32+00:00\",\"description\":\"PlanRadar: recensione soluzione di gestione dei progetti utile per gestire le costruzioni, le attivit\u00e0, i difetti e altro ancora.\",\"breadcrumb\":{\"@id\":\"https:\\\/\\\/www.accuratereviews.com\\\/it\\\/software-gestionali-edilizia\\\/planradar-recensione\\\/#breadcrumb\"},\"inLanguage\":\"it-IT\",\"potentialAction\":[{\"@type\":\"ReadAction\",\"target\":[\"https:\\\/\\\/www.accuratereviews.com\\\/it\\\/software-gestionali-edilizia\\\/planradar-recensione\\\/\"]}]},{\"@type\":\"ImageObject\",\"inLanguage\":\"it-IT\",\"@id\":\"https:\\\/\\\/www.accuratereviews.com\\\/it\\\/software-gestionali-edilizia\\\/planradar-recensione\\\/#primaryimage\",\"url\":\"https:\\\/\\\/www.accuratereviews.com\\\/wp-content\\\/uploads\\\/2023\\\/08\\\/PlanRadar.png\",\"contentUrl\":\"https:\\\/\\\/www.accuratereviews.com\\\/wp-content\\\/uploads\\\/2023\\\/08\\\/PlanRadar.png\",\"width\":1200,\"height\":630},{\"@type\":\"BreadcrumbList\",\"@id\":\"https:\\\/\\\/www.accuratereviews.com\\\/it\\\/software-gestionali-edilizia\\\/planradar-recensione\\\/#breadcrumb\",\"itemListElement\":[{\"@type\":\"ListItem\",\"position\":1,\"name\":\"Home\",\"item\":\"https:\\\/\\\/www.accuratereviews.com\\\/it\\\/\"},{\"@type\":\"ListItem\",\"position\":2,\"name\":\"Software gestionali per edilizia\",\"item\":\"https:\\\/\\\/www.accuratereviews.com\\\/it\\\/software-gestionali-edilizia\\\/\"},{\"@type\":\"ListItem\",\"position\":3,\"name\":\"PlanRadar\"}]},{\"@type\":\"WebSite\",\"@id\":\"https:\\\/\\\/www.accuratereviews.com\\\/it\\\/#website\",\"url\":\"https:\\\/\\\/www.accuratereviews.com\\\/it\\\/\",\"name\":\"Accurate Reviews\",\"description\":\"\",\"potentialAction\":[{\"@type\":\"SearchAction\",\"target\":{\"@type\":\"EntryPoint\",\"urlTemplate\":\"https:\\\/\\\/www.accuratereviews.com\\\/it\\\/?s={search_term_string}\"},\"query-input\":{\"@type\":\"PropertyValueSpecification\",\"valueRequired\":true,\"valueName\":\"search_term_string\"}}],\"inLanguage\":\"it-IT\"}]}<\/script>\n<!-- \/ Yoast SEO plugin. -->","yoast_head_json":{"title":"PlanRadar: recensione software gestionale edilizia - Accurate Reviews","description":"PlanRadar: recensione soluzione di gestione dei progetti utile per gestire le costruzioni, le attivit\u00e0, i difetti e altro ancora.","robots":{"index":"index","follow":"follow","max-snippet":"max-snippet:-1","max-image-preview":"max-image-preview:large","max-video-preview":"max-video-preview:-1"},"canonical":"https:\/\/www.accuratereviews.com\/it\/software-gestionali-edilizia\/planradar-recensione\/","og_locale":"it_IT","og_type":"article","og_title":"PlanRadar: recensione software gestionale edilizia - Accurate Reviews","og_description":"PlanRadar: recensione soluzione di gestione dei progetti utile per gestire le costruzioni, le attivit\u00e0, i difetti e altro ancora.","og_url":"https:\/\/www.accuratereviews.com\/it\/software-gestionali-edilizia\/planradar-recensione\/","og_site_name":"Accurate Reviews","article_modified_time":"2023-08-11T14:00:32+00:00","og_image":[{"width":1200,"height":630,"url":"https:\/\/www.accuratereviews.com\/wp-content\/uploads\/2023\/08\/PlanRadar.png","type":"image\/png"}],"twitter_card":"summary_large_image","twitter_misc":{"Tempo di lettura stimato":"3 minuti"},"schema":{"@context":"https:\/\/schema.org","@graph":[{"@type":"WebPage","@id":"https:\/\/www.accuratereviews.com\/it\/software-gestionali-edilizia\/planradar-recensione\/","url":"https:\/\/www.accuratereviews.com\/it\/software-gestionali-edilizia\/planradar-recensione\/","name":"PlanRadar: recensione software gestionale edilizia - Accurate Reviews","isPartOf":{"@id":"https:\/\/www.accuratereviews.com\/it\/#website"},"primaryImageOfPage":{"@id":"https:\/\/www.accuratereviews.com\/it\/software-gestionali-edilizia\/planradar-recensione\/#primaryimage"},"image":{"@id":"https:\/\/www.accuratereviews.com\/it\/software-gestionali-edilizia\/planradar-recensione\/#primaryimage"},"thumbnailUrl":"https:\/\/www.accuratereviews.com\/wp-content\/uploads\/2023\/08\/PlanRadar.png","datePublished":"2023-08-11T13:06:19+00:00","dateModified":"2023-08-11T14:00:32+00:00","description":"PlanRadar: recensione soluzione di gestione dei progetti utile per gestire le costruzioni, le attivit\u00e0, i difetti e altro ancora.","breadcrumb":{"@id":"https:\/\/www.accuratereviews.com\/it\/software-gestionali-edilizia\/planradar-recensione\/#breadcrumb"},"inLanguage":"it-IT","potentialAction":[{"@type":"ReadAction","target":["https:\/\/www.accuratereviews.com\/it\/software-gestionali-edilizia\/planradar-recensione\/"]}]},{"@type":"ImageObject","inLanguage":"it-IT","@id":"https:\/\/www.accuratereviews.com\/it\/software-gestionali-edilizia\/planradar-recensione\/#primaryimage","url":"https:\/\/www.accuratereviews.com\/wp-content\/uploads\/2023\/08\/PlanRadar.png","contentUrl":"https:\/\/www.accuratereviews.com\/wp-content\/uploads\/2023\/08\/PlanRadar.png","width":1200,"height":630},{"@type":"BreadcrumbList","@id":"https:\/\/www.accuratereviews.com\/it\/software-gestionali-edilizia\/planradar-recensione\/#breadcrumb","itemListElement":[{"@type":"ListItem","position":1,"name":"Home","item":"https:\/\/www.accuratereviews.com\/it\/"},{"@type":"ListItem","position":2,"name":"Software gestionali per edilizia","item":"https:\/\/www.accuratereviews.com\/it\/software-gestionali-edilizia\/"},{"@type":"ListItem","position":3,"name":"PlanRadar"}]},{"@type":"WebSite","@id":"https:\/\/www.accuratereviews.com\/it\/#website","url":"https:\/\/www.accuratereviews.com\/it\/","name":"Accurate Reviews","description":"","potentialAction":[{"@type":"SearchAction","target":{"@type":"EntryPoint","urlTemplate":"https:\/\/www.accuratereviews.com\/it\/?s={search_term_string}"},"query-input":{"@type":"PropertyValueSpecification","valueRequired":true,"valueName":"search_term_string"}}],"inLanguage":"it-IT"}]}},"_links":{"self":[{"href":"https:\/\/www.accuratereviews.com\/it\/wp-json\/wp\/v2\/pages\/71284","targetHints":{"allow":["GET"]}}],"collection":[{"href":"https:\/\/www.accuratereviews.com\/it\/wp-json\/wp\/v2\/pages"}],"about":[{"href":"https:\/\/www.accuratereviews.com\/it\/wp-json\/wp\/v2\/types\/page"}],"author":[{"embeddable":true,"href":"https:\/\/www.accuratereviews.com\/it\/wp-json\/wp\/v2\/users\/19"}],"replies":[{"embeddable":true,"href":"https:\/\/www.accuratereviews.com\/it\/wp-json\/wp\/v2\/comments?post=71284"}],"version-history":[{"count":10,"href":"https:\/\/www.accuratereviews.com\/it\/wp-json\/wp\/v2\/pages\/71284\/revisions"}],"predecessor-version":[{"id":71315,"href":"https:\/\/www.accuratereviews.com\/it\/wp-json\/wp\/v2\/pages\/71284\/revisions\/71315"}],"up":[{"embeddable":true,"href":"https:\/\/www.accuratereviews.com\/it\/wp-json\/wp\/v2\/pages\/70458"}],"wp:featuredmedia":[{"embeddable":true,"href":"https:\/\/www.accuratereviews.com\/it\/wp-json\/wp\/v2\/media\/71285"}],"wp:attachment":[{"href":"https:\/\/www.accuratereviews.com\/it\/wp-json\/wp\/v2\/media?parent=71284"}],"wp:term":[{"taxonomy":"category","embeddable":true,"href":"https:\/\/www.accuratereviews.com\/it\/wp-json\/wp\/v2\/categories?post=71284"},{"taxonomy":"post_tag","embeddable":true,"href":"https:\/\/www.accuratereviews.com\/it\/wp-json\/wp\/v2\/tags?post=71284"},{"taxonomy":"features","embeddable":true,"href":"https:\/\/www.accuratereviews.com\/it\/wp-json\/wp\/v2\/features?post=71284"}],"curies":[{"name":"wp","href":"https:\/\/api.w.org\/{rel}","templated":true}]}}