{"id":71326,"date":"2023-08-14T09:16:19","date_gmt":"2023-08-14T09:16:19","guid":{"rendered":"https:\/\/www.accuratereviews.com\/?page_id=71326"},"modified":"2023-08-14T09:16:19","modified_gmt":"2023-08-14T09:16:19","slug":"companycam-recensione","status":"publish","type":"page","link":"https:\/\/www.accuratereviews.com\/it\/software-gestionali-edilizia\/companycam-recensione\/","title":{"rendered":"CompanyCam"},"content":{"rendered":"<p><strong>CompanyCam<\/strong> \u00e8 una<strong> soluzione basata sulle foto<\/strong> creata per gli appaltatori. Scatta foto illimitate, che riportano la posizione e l&#8217;ora, inviate al cloud e archiviate in modo sicuro. Ogni foto \u00e8 organizzata per progetto e immediatamente disponibile per il tuo team, permettendoti di vedere cosa sta succedendo sempre e ovunque. Annota le foto con disegni, frecce, commenti, tag e note vocali e crea sequenze temporali del progetto, gallerie fotografiche, report tramite l&#8217;app. Condividere foto con clienti e periti assicurativi non \u00e8 mai stato cos\u00ec facile e mantenere l&#8217;intero processo organizzato non \u00e8 mai stato cos\u00ec semplice. Oltre alla funzionalit\u00e0 user-friendly di <strong>CompanyCam<\/strong>, una variet\u00e0 di integrazioni semplifica la sua implementazione nei tuoi attuali processi di gestione dei progetti.<\/p>\n<h2>COMPANYCAM &#8211; TUTORIAL<\/h2>\n<div id=\"fluid-wrapper-counter-1\" class=\"g1-fluid-wrapper \" style=\"width:686px;\">\n<div style=\"padding-bottom:56.268221574344%;\"><iframe loading=\"lazy\" title=\"CompanyCam Mobile App Demo\" width=\"686\" height=\"386\" src=\"https:\/\/www.youtube.com\/embed\/N8oD_nLvS8E?feature=oembed&amp;wmode=transparent&amp;autohide=1&amp;autoplay=0&amp;disablekb=0&amp;fs=1&amp;loop=0&amp;enablejsapi=1&amp;rel=0&amp;controls=2&amp;showinfo=0&amp;wmode=transparent&amp;autohide=2&amp;autoplay=0&amp;disablekb=0&amp;fs=1&amp;loop=0&amp;enablejsapi=1&amp;rel=0&amp;controls=2&amp;showinfo=1\" frameborder=\"0\" allow=\"accelerometer; autoplay; clipboard-write; encrypted-media; gyroscope; picture-in-picture; web-share\" allowfullscreen><\/iframe><\/div>\n<\/div>\n<h3>COMPANYCAM &#8211; CARATTERISTICHE<\/h3>\n<ul>\n<li><strong>Acquisizione video<\/strong>: mostra dettagli con video 4K fino a 10 minuti.<\/li>\n<li><strong>Scansione del documento<\/strong>: scansiona e salva i documenti come PDF all&#8217;interno di ogni progetto.<\/li>\n<li><strong>Annotazione fotografica:<\/strong> aggiungi testo, disegni e altro direttamente alle tue foto.<\/li>\n<li><strong>Modelli di rapporto<\/strong>: crea modelli per i tuoi report pi\u00f9 utilizzati per risparmiare tempo.<\/li>\n<li><strong>Ricerca globale<\/strong>: trova rapidamente progetti, tag, utenti, report e altro ancora.<\/li>\n<li><strong>Modalit\u00e0 offline<\/strong>: mantieni i tuoi progetti in movimento, anche senza il servizio cellulare.<\/li>\n<li><strong>Etichette di progetto<\/strong>: aggiungi etichette ai progetti da utilizzare in seguito come filtri di ricerca.<\/li>\n<li><strong>Archiviazione documenti:<\/strong> carica e archivia i documenti all&#8217;interno di ogni progetto.<\/li>\n<li><strong>Contatti del progetto<\/strong>: assegna un punto di contatto principale a ogni progetto.<\/li>\n<li><strong>Mappa del progetto<\/strong>: visualizza una veduta aerea filtrabile dei tuoi progetti.<\/li>\n<li><strong>Timbri dei metadati<\/strong>: aggiungi dati su posizione, utente e ora a foto e video.<\/li>\n<li><strong>Modelli di progetto<\/strong>: precarica i progetti con le liste di controllo e i report di cui il tuo team avr\u00e0 bisogno per il lavoro<\/li>\n<li><strong>Firme<\/strong>: raccogli firme digitali sicure<\/li>\n<li><strong>Assegna utenti<\/strong>: assegna gli utenti ai progetti su cui stanno lavorando.<\/li>\n<li><strong>Cronologia del progetto<\/strong>: condividi gli aggiornamenti delle foto in tempo reale con un unico collegamento.<\/li>\n<li><strong>Autorizzazioni utente<\/strong>: assegna a ciascun utente un livello di autorizzazione adatto al suo ruolo.<\/li>\n<li><strong>Foto e video ad alta risoluzione<\/strong>: cattura i dettagli senza il fastidio di file di grandi dimensioni.<\/li>\n<li><strong>Adesivo logo<\/strong>: includi il logo della tua azienda su tutte le foto del tuo cantiere.<\/li>\n<li><strong>Modalit\u00e0 dettagliata:<\/strong> gira video con entrambe le viste della fotocamera del telefono contemporaneamente.<\/li>\n<\/ul>\n<h4>LE RECENSIONI DEGLI UTENTI<\/h4>\n<p><strong>Vicki&#8221;Una grande integrazione con il tuo CRM per gli appaltatori in qualsiasi campo!&#8221;<\/strong><br \/>\n<strong>Commenti<\/strong>: Molto positivo! Prenderei questo sistema su tutti gli altri che ho provato. L&#8217;unico inconveniente \u00e8 la duplicazione dell&#8217;indirizzo\/posizione<br \/>\n<strong>Pro<\/strong>: Facilit\u00e0 d&#8217;uso, intuitivo, \u00e8 davvero super facile da usare! Si integra con JobNimbus il nostro CRM<br \/>\n<strong>Contro<\/strong>: Duplica gli indirizzi quando vai all&#8217;indirizzo pi\u00f9 di una volta. Il venditore\/auditor deve notare che l&#8217;indirizzo \u00e8 duplicato, cosa che non sempre accade&#8230; ed eliminarne uno 2. Vorrei che ci fosse un modo per il sistema di riconoscere la duplicazione e non consentire la creazione del 2\u00b0 o 3\u00b0 record senza una sorta di nome o nota distintiva. L&#8217;unico altro elemento che necessita di lavoro sono i collaboratori. Funziona per aggiungere un collaboratore via email, ma inviarlo via SMS porta quasi sempre a problemi. Se questo fosse risolto, la tecnologia \u00e8 eccellente<\/p>\n<p><strong>Kyler&#8221;Qualit\u00e0&#8221;<\/strong><br \/>\n<strong>Commenti<\/strong>: La mia esperienza \u00e8 stata fenomenale con CompanyCam, hanno un servizio clienti di alto livello e il loro tempo di risposta non \u00e8 secondo a nessuno.<br \/>\n<strong>Pro<\/strong>: Servizio clienti e facilit\u00e0 d&#8217;uso. Il loro dipartimento tecnico \u00e8 fantastico. Non solo parteciperanno a una chiamata con te e ti guideranno attraverso i singhiozzi, ma ti faranno FaceTime durante una chiamata zoom.<br \/>\n<strong>Contro<\/strong>: Non ho nulla di negativo da dire sull&#8217;azienda, l&#8217;immigrazione \u00e8 stata facile ei miei clienti adorano quanto sia facile da usare.<\/p>\n<p><strong>Evan&#8221;Gestione delle foto&#8221;<\/strong><br \/>\n<strong>Pro<\/strong>: App facile da usare che consente dati in tempo reale e localizzatore di progetti nelle vicinanze. Facile da comunicare in tutta l&#8217;azienda con dipendenti che si trovano ovunque. \u00c8 facile modificare le foto e creare rapporti fotografici per clienti e scopi assicurativi.<br \/>\n<strong>Contro<\/strong>: Sembra integrarsi bene con alcune app come Sumo Quote, ad esempio. La visualizzazione di alcuni file non \u00e8 sempre facile da usare perch\u00e9 \u00e8 possibile ruotare il file ma non pagina per pagina.<\/p>\n","protected":false},"excerpt":{"rendered":"<p>CompanyCam \u00e8 una soluzione basata sulle foto creata per gli appaltatori. Scatta foto illimitate, che riportano la posizione e l&#8217;ora, inviate al cloud e archiviate in modo sicuro. Ogni foto \u00e8 organizzata per progetto e immediatamente disponibile per il tuo team, permettendoti di vedere cosa sta succedendo sempre e ovunque.<\/p>\n","protected":false},"author":19,"featured_media":71328,"parent":70458,"menu_order":0,"comment_status":"open","ping_status":"closed","template":"g1_template_page_review_new.php","meta":{"_acf_changed":false,"cwp_meta_box_check":"Yes","cwp_rev_product_name":"","cwp_rev_product_image":"","wppr_links":[],"cwp_rev_price":"0.00","wppr_options":[{"name":"Usability","value":"0"},{"name":"Speed","value":"0"},{"name":"Features","value":"0"},{"name":"Support","value":"0"},{"name":"Pricing","value":"0"}],"wppr_pros":["","","","",""],"wppr_cons":["","","","",""],"_monsterinsights_skip_tracking":false,"_monsterinsights_sitenote_active":false,"_monsterinsights_sitenote_note":"","_monsterinsights_sitenote_category":0,"footnotes":""},"categories":[2459],"tags":[14593,14470,14594,14478,14477,14480,14479],"features":[],"class_list":{"0":"post-71326","1":"page","2":"type-page","3":"status-publish","4":"has-post-thumbnail","6":"category-gestionale-per-edilizia-cat","7":"tag-companycam","8":"tag-gestionale-edilizia","9":"tag-gestione-foto","10":"tag-piattaforma-gestionale-edilizia","11":"tag-programma-gestionale-edilizia","12":"tag-software-gestionale-edilizia","13":"tag-soluzione-gestionale-edilizia"},"wppr_data":{"cwp_meta_box_check":"Yes","_wppr_review_template":"default","cwp_rev_product_image":"","cwp_image_link":"image","wppr_links":[],"cwp_rev_price":"0.00","wppr_pros":["","","","",""],"wppr_cons":["","","","",""],"wppr_rating":"0.00","wppr_options":{"1":{"name":"Usability","value":"0"},"2":{"name":"Speed","value":"0"},"3":{"name":"Features","value":"0"},"4":{"name":"Support","value":"0"},"5":{"name":"Pricing","value":"0"}},"wppr_review_type":"Product","wppr_review_custom_fields":{"additionalProperty":"","additionalType":"","aggregateRating":"","alternateName":"","audience":"","award":"","awards":"","brand":"","color":"","depth":"","description":"","disambiguatingDescription":"","gtin12":"","gtin13":"","gtin14":"","gtin8":"","height":"","identifier":"","image":"","isAccessoryOrSparePartFor":"","isConsumableFor":"","isRelatedTo":"","isSimilarTo":"","itemCondition":"","logo":"","mainEntityOfPage":"","manufacturer":"","material":"","model":"","mpn":"","name":"","offers":"","potentialAction":"","productID":"","productionDate":"","purchaseDate":"","releaseDate":"","review":"","reviews":"","sameAs":"","sku":"","slogan":"","subjectOf":"","url":"","weight":"","width":""}},"acf":[],"yoast_head":"<!-- This site is optimized with the Yoast SEO plugin v27.4 - https:\/\/yoast.com\/product\/yoast-seo-wordpress\/ -->\n<title>CompanyCam: recensione software gestionale per edilizia - Accurate Reviews<\/title>\n<meta name=\"description\" content=\"CompanyCam: recensione soluzione basata sulle foto creata per gli appaltatori che permette di vedere cosa sta succedendo sempre e ovunque.\" \/>\n<meta name=\"robots\" content=\"index, follow, max-snippet:-1, max-image-preview:large, max-video-preview:-1\" \/>\n<link rel=\"canonical\" href=\"https:\/\/www.accuratereviews.com\/it\/software-gestionali-edilizia\/companycam-recensione\/\" \/>\n<meta property=\"og:locale\" content=\"it_IT\" \/>\n<meta property=\"og:type\" content=\"article\" \/>\n<meta property=\"og:title\" content=\"CompanyCam: recensione software gestionale per edilizia - Accurate Reviews\" \/>\n<meta property=\"og:description\" content=\"CompanyCam: recensione soluzione basata sulle foto creata per gli appaltatori che permette di vedere cosa sta succedendo sempre e ovunque.\" \/>\n<meta property=\"og:url\" content=\"https:\/\/www.accuratereviews.com\/it\/software-gestionali-edilizia\/companycam-recensione\/\" \/>\n<meta property=\"og:site_name\" content=\"Accurate Reviews\" \/>\n<meta property=\"og:image\" content=\"https:\/\/www.accuratereviews.com\/wp-content\/uploads\/2023\/08\/CompanyCam.webp\" \/>\n\t<meta property=\"og:image:width\" content=\"600\" \/>\n\t<meta property=\"og:image:height\" content=\"315\" \/>\n\t<meta property=\"og:image:type\" content=\"image\/webp\" \/>\n<meta name=\"twitter:card\" content=\"summary_large_image\" \/>\n<meta name=\"twitter:label1\" content=\"Tempo di lettura stimato\" \/>\n\t<meta name=\"twitter:data1\" content=\"4 minuti\" \/>\n<script type=\"application\/ld+json\" class=\"yoast-schema-graph\">{\"@context\":\"https:\\\/\\\/schema.org\",\"@graph\":[{\"@type\":\"WebPage\",\"@id\":\"https:\\\/\\\/www.accuratereviews.com\\\/it\\\/software-gestionali-edilizia\\\/companycam-recensione\\\/\",\"url\":\"https:\\\/\\\/www.accuratereviews.com\\\/it\\\/software-gestionali-edilizia\\\/companycam-recensione\\\/\",\"name\":\"CompanyCam: recensione software gestionale per edilizia - Accurate Reviews\",\"isPartOf\":{\"@id\":\"https:\\\/\\\/www.accuratereviews.com\\\/it\\\/#website\"},\"primaryImageOfPage\":{\"@id\":\"https:\\\/\\\/www.accuratereviews.com\\\/it\\\/software-gestionali-edilizia\\\/companycam-recensione\\\/#primaryimage\"},\"image\":{\"@id\":\"https:\\\/\\\/www.accuratereviews.com\\\/it\\\/software-gestionali-edilizia\\\/companycam-recensione\\\/#primaryimage\"},\"thumbnailUrl\":\"https:\\\/\\\/www.accuratereviews.com\\\/wp-content\\\/uploads\\\/2023\\\/08\\\/CompanyCam.webp\",\"datePublished\":\"2023-08-14T09:16:19+00:00\",\"description\":\"CompanyCam: recensione soluzione basata sulle foto creata per gli appaltatori che permette di vedere cosa sta succedendo sempre e ovunque.\",\"breadcrumb\":{\"@id\":\"https:\\\/\\\/www.accuratereviews.com\\\/it\\\/software-gestionali-edilizia\\\/companycam-recensione\\\/#breadcrumb\"},\"inLanguage\":\"it-IT\",\"potentialAction\":[{\"@type\":\"ReadAction\",\"target\":[\"https:\\\/\\\/www.accuratereviews.com\\\/it\\\/software-gestionali-edilizia\\\/companycam-recensione\\\/\"]}]},{\"@type\":\"ImageObject\",\"inLanguage\":\"it-IT\",\"@id\":\"https:\\\/\\\/www.accuratereviews.com\\\/it\\\/software-gestionali-edilizia\\\/companycam-recensione\\\/#primaryimage\",\"url\":\"https:\\\/\\\/www.accuratereviews.com\\\/wp-content\\\/uploads\\\/2023\\\/08\\\/CompanyCam.webp\",\"contentUrl\":\"https:\\\/\\\/www.accuratereviews.com\\\/wp-content\\\/uploads\\\/2023\\\/08\\\/CompanyCam.webp\",\"width\":600,\"height\":315},{\"@type\":\"BreadcrumbList\",\"@id\":\"https:\\\/\\\/www.accuratereviews.com\\\/it\\\/software-gestionali-edilizia\\\/companycam-recensione\\\/#breadcrumb\",\"itemListElement\":[{\"@type\":\"ListItem\",\"position\":1,\"name\":\"Home\",\"item\":\"https:\\\/\\\/www.accuratereviews.com\\\/it\\\/\"},{\"@type\":\"ListItem\",\"position\":2,\"name\":\"Software gestionali per edilizia\",\"item\":\"https:\\\/\\\/www.accuratereviews.com\\\/it\\\/software-gestionali-edilizia\\\/\"},{\"@type\":\"ListItem\",\"position\":3,\"name\":\"CompanyCam\"}]},{\"@type\":\"WebSite\",\"@id\":\"https:\\\/\\\/www.accuratereviews.com\\\/it\\\/#website\",\"url\":\"https:\\\/\\\/www.accuratereviews.com\\\/it\\\/\",\"name\":\"Accurate Reviews\",\"description\":\"\",\"potentialAction\":[{\"@type\":\"SearchAction\",\"target\":{\"@type\":\"EntryPoint\",\"urlTemplate\":\"https:\\\/\\\/www.accuratereviews.com\\\/it\\\/?s={search_term_string}\"},\"query-input\":{\"@type\":\"PropertyValueSpecification\",\"valueRequired\":true,\"valueName\":\"search_term_string\"}}],\"inLanguage\":\"it-IT\"}]}<\/script>\n<!-- \/ Yoast SEO plugin. -->","yoast_head_json":{"title":"CompanyCam: recensione software gestionale per edilizia - Accurate Reviews","description":"CompanyCam: recensione soluzione basata sulle foto creata per gli appaltatori che permette di vedere cosa sta succedendo sempre e ovunque.","robots":{"index":"index","follow":"follow","max-snippet":"max-snippet:-1","max-image-preview":"max-image-preview:large","max-video-preview":"max-video-preview:-1"},"canonical":"https:\/\/www.accuratereviews.com\/it\/software-gestionali-edilizia\/companycam-recensione\/","og_locale":"it_IT","og_type":"article","og_title":"CompanyCam: recensione software gestionale per edilizia - Accurate Reviews","og_description":"CompanyCam: recensione soluzione basata sulle foto creata per gli appaltatori che permette di vedere cosa sta succedendo sempre e ovunque.","og_url":"https:\/\/www.accuratereviews.com\/it\/software-gestionali-edilizia\/companycam-recensione\/","og_site_name":"Accurate Reviews","og_image":[{"width":600,"height":315,"url":"https:\/\/www.accuratereviews.com\/wp-content\/uploads\/2023\/08\/CompanyCam.webp","type":"image\/webp"}],"twitter_card":"summary_large_image","twitter_misc":{"Tempo di lettura stimato":"4 minuti"},"schema":{"@context":"https:\/\/schema.org","@graph":[{"@type":"WebPage","@id":"https:\/\/www.accuratereviews.com\/it\/software-gestionali-edilizia\/companycam-recensione\/","url":"https:\/\/www.accuratereviews.com\/it\/software-gestionali-edilizia\/companycam-recensione\/","name":"CompanyCam: recensione software gestionale per edilizia - Accurate Reviews","isPartOf":{"@id":"https:\/\/www.accuratereviews.com\/it\/#website"},"primaryImageOfPage":{"@id":"https:\/\/www.accuratereviews.com\/it\/software-gestionali-edilizia\/companycam-recensione\/#primaryimage"},"image":{"@id":"https:\/\/www.accuratereviews.com\/it\/software-gestionali-edilizia\/companycam-recensione\/#primaryimage"},"thumbnailUrl":"https:\/\/www.accuratereviews.com\/wp-content\/uploads\/2023\/08\/CompanyCam.webp","datePublished":"2023-08-14T09:16:19+00:00","description":"CompanyCam: recensione soluzione basata sulle foto creata per gli appaltatori che permette di vedere cosa sta succedendo sempre e ovunque.","breadcrumb":{"@id":"https:\/\/www.accuratereviews.com\/it\/software-gestionali-edilizia\/companycam-recensione\/#breadcrumb"},"inLanguage":"it-IT","potentialAction":[{"@type":"ReadAction","target":["https:\/\/www.accuratereviews.com\/it\/software-gestionali-edilizia\/companycam-recensione\/"]}]},{"@type":"ImageObject","inLanguage":"it-IT","@id":"https:\/\/www.accuratereviews.com\/it\/software-gestionali-edilizia\/companycam-recensione\/#primaryimage","url":"https:\/\/www.accuratereviews.com\/wp-content\/uploads\/2023\/08\/CompanyCam.webp","contentUrl":"https:\/\/www.accuratereviews.com\/wp-content\/uploads\/2023\/08\/CompanyCam.webp","width":600,"height":315},{"@type":"BreadcrumbList","@id":"https:\/\/www.accuratereviews.com\/it\/software-gestionali-edilizia\/companycam-recensione\/#breadcrumb","itemListElement":[{"@type":"ListItem","position":1,"name":"Home","item":"https:\/\/www.accuratereviews.com\/it\/"},{"@type":"ListItem","position":2,"name":"Software gestionali per edilizia","item":"https:\/\/www.accuratereviews.com\/it\/software-gestionali-edilizia\/"},{"@type":"ListItem","position":3,"name":"CompanyCam"}]},{"@type":"WebSite","@id":"https:\/\/www.accuratereviews.com\/it\/#website","url":"https:\/\/www.accuratereviews.com\/it\/","name":"Accurate Reviews","description":"","potentialAction":[{"@type":"SearchAction","target":{"@type":"EntryPoint","urlTemplate":"https:\/\/www.accuratereviews.com\/it\/?s={search_term_string}"},"query-input":{"@type":"PropertyValueSpecification","valueRequired":true,"valueName":"search_term_string"}}],"inLanguage":"it-IT"}]}},"_links":{"self":[{"href":"https:\/\/www.accuratereviews.com\/it\/wp-json\/wp\/v2\/pages\/71326","targetHints":{"allow":["GET"]}}],"collection":[{"href":"https:\/\/www.accuratereviews.com\/it\/wp-json\/wp\/v2\/pages"}],"about":[{"href":"https:\/\/www.accuratereviews.com\/it\/wp-json\/wp\/v2\/types\/page"}],"author":[{"embeddable":true,"href":"https:\/\/www.accuratereviews.com\/it\/wp-json\/wp\/v2\/users\/19"}],"replies":[{"embeddable":true,"href":"https:\/\/www.accuratereviews.com\/it\/wp-json\/wp\/v2\/comments?post=71326"}],"version-history":[{"count":7,"href":"https:\/\/www.accuratereviews.com\/it\/wp-json\/wp\/v2\/pages\/71326\/revisions"}],"predecessor-version":[{"id":71392,"href":"https:\/\/www.accuratereviews.com\/it\/wp-json\/wp\/v2\/pages\/71326\/revisions\/71392"}],"up":[{"embeddable":true,"href":"https:\/\/www.accuratereviews.com\/it\/wp-json\/wp\/v2\/pages\/70458"}],"wp:featuredmedia":[{"embeddable":true,"href":"https:\/\/www.accuratereviews.com\/it\/wp-json\/wp\/v2\/media\/71328"}],"wp:attachment":[{"href":"https:\/\/www.accuratereviews.com\/it\/wp-json\/wp\/v2\/media?parent=71326"}],"wp:term":[{"taxonomy":"category","embeddable":true,"href":"https:\/\/www.accuratereviews.com\/it\/wp-json\/wp\/v2\/categories?post=71326"},{"taxonomy":"post_tag","embeddable":true,"href":"https:\/\/www.accuratereviews.com\/it\/wp-json\/wp\/v2\/tags?post=71326"},{"taxonomy":"features","embeddable":true,"href":"https:\/\/www.accuratereviews.com\/it\/wp-json\/wp\/v2\/features?post=71326"}],"curies":[{"name":"wp","href":"https:\/\/api.w.org\/{rel}","templated":true}]}}